{"id":211,"date":"2023-08-15T23:26:49","date_gmt":"2023-08-15T14:26:49","guid":{"rendered":"https:\/\/good-loop.co.jp\/?page_id=211"},"modified":"2025-10-26T16:12:23","modified_gmt":"2025-10-26T07:12:23","slug":"reise-touren-alpen","status":"publish","type":"page","link":"https:\/\/good-loop.co.jp\/de\/spalten\/reise-touren-alpen\/","title":{"rendered":"Mit dem Motorrad durch die europ\u00e4ischen Alpen"},"content":{"rendered":"\n<p>Good Loop kooperiert mit AllroundRent, einem deutschen Unternehmen mit 30 Jahren Erfahrung, um Motorradvermietungen in Europa zu erm\u00f6glichen. AllroundRent befindet sich im Herzen der M\u00fcnchner Altstadt, arrangiert aber auch die Abholung von Flugh\u00e4fen und Hotels. R\u00fcckgabem\u00f6glichkeiten sind in ganz Europa verf\u00fcgbar und erm\u00f6glichen so eine flexible Planung. AllroundRent vermietet nicht nur Motorr\u00e4der, sondern auch Helme, Kleidung und weitere Ausr\u00fcstung f\u00fcr Ihre Tourenabenteuer. <br><a href=\"https:\/\/allroundrent.de\/\" data-type=\"link\" data-id=\"https:\/\/allroundrent.de\/\" target=\"_blank\" rel=\"noreferrer noopener\">Motorr\u00e4der und Oldtimer in M\u00fcnchen \u2013 AllroundRent<\/a><\/p>\n\n\n\n<p>Good Loop bietet auch internationale Reiseversicherungen an. Kontaktieren Sie uns f\u00fcr weitere Informationen. Unser Good Loop-Mitarbeiter verf\u00fcgt \u00fcber umfangreiche Erfahrung mit Europareisen und ber\u00e4t Sie gerne zu Ihren Reisebed\u00fcrfnissen.<\/p>\n\n\n\n<h2 class=\"wp-block-heading\">Alpen-Tourentagebuch<\/h2>\n\n\n\n<p>Der CEO beschloss, im Herbst 2022 die europ\u00e4ischen Alpen mit dem Motorrad zu bereisen. Die Idee entstand, als in den Alpen gerade Schnee fiel, sodass keine Zeit f\u00fcr die Planung blieb. Die einw\u00f6chige, \u00fcber 2.000 Kilometer lange Reise auf einer BMW R1200GS war ein Genuss. <\/p>\n\n\n\n<figure class=\"wp-block-image size-large is-style-default\"><img loading=\"lazy\" decoding=\"async\" width=\"1024\" height=\"701\" src=\"https:\/\/good-loop.co.jp\/de\/wp-content\/uploads\/2023\/08\/europe_map-1024x701.png\" alt=\"\" class=\"wp-image-212\" srcset=\"https:\/\/good-loop.co.jp\/de\/wp-content\/uploads\/sites\/8\/2023\/08\/europe_map-1024x701.png 1024w, https:\/\/good-loop.co.jp\/de\/wp-content\/uploads\/sites\/8\/2023\/08\/europe_map-300x205.png 300w, https:\/\/good-loop.co.jp\/de\/wp-content\/uploads\/sites\/8\/2023\/08\/europe_map-768x526.png 768w, https:\/\/good-loop.co.jp\/de\/wp-content\/uploads\/sites\/8\/2023\/08\/europe_map-1536x1051.png 1536w, https:\/\/good-loop.co.jp\/de\/wp-content\/uploads\/sites\/8\/2023\/08\/europe_map-2048x1401.png 2048w\" sizes=\"auto, (max-width: 1024px) 100vw, 1024px\" \/><\/figure>\n\n\n\n<p><\/p>\n\n\n\n<p>Tag 1<br> Ankunft am Flughafen M\u00fcnchen. Mit dem Zug zu AllroundRent. Nach dem Einchecken meines unn\u00f6tigen Gep\u00e4cks fuhr ich gegen Mittag mit meiner BMW R1200GS los. Ich kaufte mir eine \u00f6sterreichische Vignette beim ADAC, dem \u00c4quivalent zur japanischen JAF, und fuhr auf die Autobahn. F\u00fcr morgen ist Schnee angesagt, deshalb muss ich heute die Alpen \u00fcberqueren, stecke aber wegen des Transports einer Windkraftanlage im Stau. Wir hielten in Salzburg an, um einen Blick auf die Festung Hohensalzburg zu erhaschen, und erreichten die Gro\u00dfglockner-Hochalpenstra\u00dfe, als die Schatten gerade l\u00e4nger wurden. <\/p>\n\n\n\n<figure class=\"wp-block-image size-large\"><img decoding=\"async\" src=\"https:\/\/good-loop.co.jp\/de\/wp-content\/uploads\/2023\/08\/DSC04101-1024x683.jpg\" alt=\"\" class=\"wp-image-213\"\/><\/figure>\n\n\n\n<p><\/p>\n\n\n\n<figure class=\"wp-block-image size-large\"><img decoding=\"async\" src=\"https:\/\/good-loop.co.jp\/de\/wp-content\/uploads\/2023\/08\/IMG_20220913_180147398-1024x576.jpg\" alt=\"\" class=\"wp-image-214\"\/><\/figure>\n\n\n\n<p><br>Ich wollte noch mehr von den majest\u00e4tischen, kurvenreichen Bergstra\u00dfen fahren, musste aber eine Unterkunft finden. Ich fuhr den Berg hinunter nach Lienz, konnte aber keine finden. Also fuhr ich zur\u00fcck und \u00fcbernachtete in einer kleinen Pension. Es war sp\u00e4t, also hatte ich nichts zu essen, nur Bier. <\/p>\n\n\n\n<p>Tag 2<br> Ich wachte sp\u00e4t auf und fuhr Richtung Westen, vorbei an der Waffelfabrik von Roakar. Eisregen und dichter Nebel trafen den Jofenpass. <\/p>\n\n\n\n<figure class=\"wp-block-image size-large\"><img decoding=\"async\" src=\"https:\/\/good-loop.co.jp\/de\/wp-content\/uploads\/2023\/08\/IMG_20220914_152252719-1024x576.jpg\" alt=\"\" class=\"wp-image-215\"\/><\/figure>\n\n\n\n<p><br> Ich \u00fcberquerte das Timmelsjoch und machte mich auf den Weg zum TOP Mountain Motorcycle Museum in Hochgurgl. \u00dcber 500 Motorr\u00e4der sind dort ausgestellt, von Bluff Superior und M\u00fcnch bis hin zu Elf Honda. <\/p>\n\n\n\n<figure class=\"wp-block-gallery has-nested-images columns-default is-cropped wp-block-gallery-1 is-layout-flex wp-block-gallery-is-layout-flex\">\n<figure class=\"wp-block-image size-large\"><img decoding=\"async\" data-id=\"216\" src=\"https:\/\/good-loop.co.jp\/de\/wp-content\/uploads\/2023\/08\/IMG_20220914_152924458-1024x576.jpg\" alt=\"\" class=\"wp-image-216\"\/><\/figure>\n\n\n\n<figure class=\"wp-block-image size-large\"><img decoding=\"async\" data-id=\"217\" src=\"https:\/\/good-loop.co.jp\/de\/wp-content\/uploads\/2023\/08\/IMG_20220914_162100489-1024x576.jpg\" alt=\"\" class=\"wp-image-217\"\/><\/figure>\n<\/figure>\n\n\n\n<p><br> Kehre nach Moos in Passeier zur\u00fcck und begib dich zu Dolph Tiroles Gasthof. <\/p>\n\n\n\n<p>Tag 3<br>Regen. <\/p>\n\n\n\n<figure class=\"wp-block-image size-large\"><img decoding=\"async\" src=\"https:\/\/good-loop.co.jp\/de\/wp-content\/uploads\/2023\/08\/IMG_20220915_101830106-1024x576.jpg\" alt=\"\" class=\"wp-image-218\"\/><\/figure>\n\n\n\n<p><br>Durch Meran und auf dem Weg zum Stilfserjoch. <\/p>\n\n\n\n<figure class=\"wp-block-image size-large\"><img decoding=\"async\" src=\"https:\/\/good-loop.co.jp\/de\/wp-content\/uploads\/2023\/08\/DSC04185-1024x683.jpg\" alt=\"\" class=\"wp-image-222\"\/><\/figure>\n\n\n\n<p><br>Nachdem wir Kuzuori passiert hatten, regnete es auf dem Gipfel. <\/p>\n\n\n\n<figure class=\"wp-block-gallery has-nested-images columns-2 is-cropped wp-block-gallery-2 is-layout-flex wp-block-gallery-is-layout-flex\">\n<figure class=\"wp-block-image size-large\"><img decoding=\"async\" data-id=\"219\" src=\"https:\/\/good-loop.co.jp\/de\/wp-content\/uploads\/2023\/08\/IMG_20220915_120111947-1024x576.jpg\" alt=\"\" class=\"wp-image-219\"\/><\/figure>\n\n\n\n<figure class=\"wp-block-image size-large\"><img decoding=\"async\" data-id=\"220\" src=\"https:\/\/good-loop.co.jp\/de\/wp-content\/uploads\/2023\/08\/IMG_20220915_121819090-1024x576.jpg\" alt=\"\" class=\"wp-image-220\"\/><\/figure>\n\n\n\n<figure class=\"wp-block-image size-large\"><img decoding=\"async\" data-id=\"221\" src=\"https:\/\/good-loop.co.jp\/de\/wp-content\/uploads\/2023\/08\/DSC04186-1024x683.jpg\" alt=\"\" class=\"wp-image-221\"\/><\/figure>\n\n\n\n<figure class=\"wp-block-image size-large\"><img decoding=\"async\" data-id=\"223\" src=\"https:\/\/good-loop.co.jp\/de\/wp-content\/uploads\/2023\/08\/DSC04188-1024x683.jpg\" alt=\"\" class=\"wp-image-223\"\/><\/figure>\n<\/figure>\n\n\n\n<p><br> Vorbei an Santa Caterina und weiter zum Gaviapass. <\/p>\n\n\n\n<figure class=\"wp-block-image size-large\"><img decoding=\"async\" src=\"https:\/\/good-loop.co.jp\/de\/wp-content\/uploads\/2023\/08\/IMG_20220915_151800344-1024x576.jpg\" alt=\"\" class=\"wp-image-224\"\/><\/figure>\n\n\n\n<p><\/p>\n\n\n\n<figure class=\"wp-block-gallery has-nested-images columns-default is-cropped wp-block-gallery-3 is-layout-flex wp-block-gallery-is-layout-flex\">\n<figure class=\"wp-block-image size-large\"><img decoding=\"async\" data-id=\"225\" src=\"https:\/\/good-loop.co.jp\/de\/wp-content\/uploads\/2023\/08\/IMG_20220915_152130485-1024x576.jpg\" alt=\"\" class=\"wp-image-225\"\/><\/figure>\n\n\n\n<figure class=\"wp-block-image size-large\"><img decoding=\"async\" data-id=\"226\" src=\"https:\/\/good-loop.co.jp\/de\/wp-content\/uploads\/2023\/08\/IMG_20220915_143737193-1024x576.jpg\" alt=\"\" class=\"wp-image-226\"\/><\/figure>\n<\/figure>\n\n\n\n<p><br>Wir a\u00dfen am Santa Apollonia-Brunnen zu Mittag und fuhren \u00fcber die Kopfsteinpflasterstra\u00dfen zu unserer Unterkunft in Rovere. <\/p>\n\n\n\n<p>Tag 4<br>Das Wetter war sch\u00f6n und hei\u00df. Wir passierten Bergamo und fuhren nach Monza. Die Rennstrecke war geschlossen, also besuchten wir den K\u00f6nigspalast. <\/p>\n\n\n\n<figure class=\"wp-block-image size-large\"><img decoding=\"async\" src=\"https:\/\/good-loop.co.jp\/de\/wp-content\/uploads\/2023\/08\/IMG_20220916_131513680-a-1024x576.jpg\" alt=\"\" class=\"wp-image-227\"\/><\/figure>\n\n\n\n<p><\/p>\n\n\n\n<figure class=\"wp-block-gallery has-nested-images columns-2 is-cropped wp-block-gallery-4 is-layout-flex wp-block-gallery-is-layout-flex\">\n<figure class=\"wp-block-image size-large\"><img decoding=\"async\" data-id=\"228\" src=\"https:\/\/good-loop.co.jp\/de\/wp-content\/uploads\/2023\/08\/IMG_20220916_145242479-1024x576.jpg\" alt=\"\" class=\"wp-image-228\"\/><\/figure>\n\n\n\n<figure class=\"wp-block-image size-large\"><img decoding=\"async\" data-id=\"229\" src=\"https:\/\/good-loop.co.jp\/de\/wp-content\/uploads\/2023\/08\/IMG_20220916_201534082-1024x576.jpg\" alt=\"\" class=\"wp-image-229\"\/><\/figure>\n<\/figure>\n\n\n\n<p><br> Wir kauften am Grenz\u00fcbergang in Breggia eine Schweizer Vignette (Reisepass) und fuhren nach Camolino. Da Vodafone Deutschland kein Roaming in der Schweiz anbietet, wechselten wir zu einer Three SIM. Wir kehrten nach Sigirino zur\u00fcck und genossen die lokale Spezialit\u00e4t, Cordon Bleu. <\/p>\n\n\n\n<p>Tag 5<br> Wir fuhren durch den Gotthardtunnel nach Wassen. Unser Ziel war der Sustenpass, aber die Stra\u00dfe war wegen Schneefalls gesperrt. Im Tunnel waren es 35 \u00b0C, aber die Au\u00dfentemperatur betrug nur 2 \u00b0C. Nachdem wir den Berg hinuntergefroren waren, klarte der Himmel auf und wir konnten das Oberlanddreieck sehen. <\/p>\n\n\n\n<figure class=\"wp-block-gallery has-nested-images columns-2 is-cropped wp-block-gallery-5 is-layout-flex wp-block-gallery-is-layout-flex\">\n<figure class=\"wp-block-image size-large\"><img decoding=\"async\" data-id=\"230\" src=\"https:\/\/good-loop.co.jp\/de\/wp-content\/uploads\/2023\/08\/IMG_20220917_112104493-1024x576.jpg\" alt=\"\" class=\"wp-image-230\"\/><\/figure>\n\n\n\n<figure class=\"wp-block-image size-large\"><img decoding=\"async\" data-id=\"231\" src=\"https:\/\/good-loop.co.jp\/de\/wp-content\/uploads\/2023\/08\/IMG_20220917_130957591-1024x576.jpg\" alt=\"\" class=\"wp-image-231\"\/><\/figure>\n\n\n\n<figure class=\"wp-block-image size-large\"><img decoding=\"async\" data-id=\"232\" src=\"https:\/\/good-loop.co.jp\/de\/wp-content\/uploads\/2023\/08\/IMG_20220917_134956584-1024x576.jpg\" alt=\"\" class=\"wp-image-232\"\/><\/figure>\n<\/figure>\n\n\n\n<p><br> Entlang des Vierwaldst\u00e4ttersees nach Grindelwald. Blick auf die Eigernordwand. <\/p>\n\n\n\n<figure class=\"wp-block-image size-large\"><img decoding=\"async\" src=\"https:\/\/good-loop.co.jp\/de\/wp-content\/uploads\/2023\/08\/IMG_20220917_164247464-1024x576.jpg\" alt=\"\" class=\"wp-image-233\"\/><\/figure>\n\n\n\n<p><br> \u00dcber Bern nach Montreux. Blick auf das K\u00f6nigin-Denkmal. <\/p>\n\n\n\n<figure class=\"wp-block-gallery has-nested-images columns-default is-cropped wp-block-gallery-6 is-layout-flex wp-block-gallery-is-layout-flex\">\n<figure class=\"wp-block-image size-large\"><img decoding=\"async\" data-id=\"235\" src=\"https:\/\/good-loop.co.jp\/de\/wp-content\/uploads\/2023\/08\/IMG_20220917_205846562-1024x576.jpg\" alt=\"\" class=\"wp-image-235\"\/><\/figure>\n\n\n\n<figure class=\"wp-block-image size-large\"><img decoding=\"async\" data-id=\"234\" src=\"https:\/\/good-loop.co.jp\/de\/wp-content\/uploads\/2023\/08\/IMG_20220917_211130430-1024x576.jpg\" alt=\"\" class=\"wp-image-234\"\/><\/figure>\n<\/figure>\n\n\n\n<p><br>Tag 6<br>Begr\u00fc\u00dfen Sie die Freddie Mercury-Statue am Ufer des Genfersees und fahren Sie nach Gruy\u00e8res. <\/p>\n\n\n\n<figure class=\"wp-block-image size-large\"><img decoding=\"async\" src=\"https:\/\/good-loop.co.jp\/de\/wp-content\/uploads\/2023\/08\/IMG_20220918_100505685-1024x576.jpg\" alt=\"\" class=\"wp-image-239\"\/><\/figure>\n\n\n\n<p><br>Besuchen Sie das H.R. Giger Museum. <\/p>\n\n\n\n<figure class=\"wp-block-gallery has-nested-images columns-3 wp-block-gallery-7 is-layout-flex wp-block-gallery-is-layout-flex\">\n<figure class=\"wp-block-image size-large\"><img decoding=\"async\" data-id=\"237\" src=\"https:\/\/good-loop.co.jp\/de\/wp-content\/uploads\/2023\/08\/IMG_20220918_111606807-576x1024.jpg\" alt=\"\" class=\"wp-image-237\"\/><\/figure>\n\n\n\n<figure class=\"wp-block-image size-large\"><img decoding=\"async\" data-id=\"238\" src=\"https:\/\/good-loop.co.jp\/de\/wp-content\/uploads\/2023\/08\/IMG_20220918_121705736-576x1024.jpg\" alt=\"\" class=\"wp-image-238\"\/><\/figure>\n<\/figure>\n\n\n\n<div class=\"wp-block-columns is-layout-flex wp-container-core-columns-is-layout-28f84493 wp-block-columns-is-layout-flex\">\n<div class=\"wp-block-column is-layout-flow wp-block-column-is-layout-flow\">\n<iframe src=\"https:\/\/www.google.com\/maps\/embed?pb=!4v1692091088995!6m8!1m7!1sb6nvso_AX6mutUwcvjJtaw!2m2!1d46.87046239788245!2d7.235026026030371!3f261.1341526070551!4f-6.505790328727613!5f0.7820865974627469\" style=\"width:100%;aspect-ratio:16\/9;border:0\" loading=\"lazy\"><\/iframe>\n<\/div>\n<\/div>\n\n\n\n<p>In der Schweiz gibt es Radarkameras, die von vorne und hinten fotografieren. <\/p>\n\n\n\n<figure class=\"wp-block-image size-large\"><img decoding=\"async\" src=\"https:\/\/good-loop.co.jp\/de\/wp-content\/uploads\/2023\/08\/IMG_20220918_164239597-1024x576.jpg\" alt=\"\" class=\"wp-image-242\"\/><\/figure>\n\n\n\n<p><br>Blick auf die Kurfilsten \u00fcber den Walensee. Schloss Vaduz in Liechtenstein. <\/p>\n\n\n\n<figure class=\"wp-block-gallery has-nested-images columns-default is-cropped wp-block-gallery-8 is-layout-flex wp-block-gallery-is-layout-flex\">\n<figure class=\"wp-block-image size-large\"><img decoding=\"async\" data-id=\"240\" src=\"https:\/\/good-loop.co.jp\/de\/wp-content\/uploads\/2023\/08\/IMG_20220918_160129082-1024x576.jpg\" alt=\"\" class=\"wp-image-240\"\/><\/figure>\n\n\n\n<figure class=\"wp-block-image size-large\"><img decoding=\"async\" data-id=\"241\" src=\"https:\/\/good-loop.co.jp\/de\/wp-content\/uploads\/2023\/08\/IMG_20220918_170249369-1024x576.jpg\" alt=\"\" class=\"wp-image-241\"\/><\/figure>\n<\/figure>\n\n\n\n<p><br>Genie\u00dfen Sie Schnitzel in F\u00fcssen. <\/p>\n\n\n\n<p>Tag 7<br>Regen. Besuch von Schloss Neuschwanstein. <\/p>\n\n\n\n<figure class=\"wp-block-gallery has-nested-images columns-default is-cropped wp-block-gallery-9 is-layout-flex wp-block-gallery-is-layout-flex\">\n<figure class=\"wp-block-image size-large\"><img decoding=\"async\" data-id=\"246\" src=\"https:\/\/good-loop.co.jp\/de\/wp-content\/uploads\/2023\/08\/DSC04196-1024x683.jpg\" alt=\"\" class=\"wp-image-246\"\/><\/figure>\n\n\n\n<figure class=\"wp-block-image size-large\"><img decoding=\"async\" data-id=\"245\" src=\"https:\/\/good-loop.co.jp\/de\/wp-content\/uploads\/2023\/08\/IMG_20220919_103134805-1024x576.jpg\" alt=\"\" class=\"wp-image-245\"\/><\/figure>\n<\/figure>\n\n\n\n<p><br>Wallfahrtskirche Wies. <\/p>\n\n\n\n<figure class=\"wp-block-gallery has-nested-images columns-1 is-cropped wp-block-gallery-10 is-layout-flex wp-block-gallery-is-layout-flex\">\n<figure class=\"wp-block-image size-large\"><img decoding=\"async\" data-id=\"248\" src=\"https:\/\/good-loop.co.jp\/de\/wp-content\/uploads\/2023\/08\/IMG_20220919_114927467-1024x576.jpg\" alt=\"\" class=\"wp-image-248\"\/><\/figure>\n<\/figure>\n\n\n\n<p><\/p>\n\n\n\n<figure class=\"wp-block-image aligncenter size-large\"><img decoding=\"async\" src=\"https:\/\/good-loop.co.jp\/de\/wp-content\/uploads\/2023\/08\/IMG_20220919_115517014-a-653x1024.jpg\" alt=\"\" class=\"wp-image-258\"\/><\/figure>\n\n\n\n<p><\/p>\n\n\n\n<figure class=\"wp-block-image size-large\"><img decoding=\"async\" src=\"https:\/\/good-loop.co.jp\/de\/wp-content\/uploads\/2023\/08\/IMG_20220919_124340796-1024x576.jpg\" alt=\"\" class=\"wp-image-247\"\/><\/figure>\n\n\n\n<p><br>Zur\u00fcck zu AllroundRent in M\u00fcnchen. <\/p>\n\n\n\n<figure class=\"wp-block-gallery has-nested-images columns-default is-cropped wp-block-gallery-11 is-layout-flex wp-block-gallery-is-layout-flex\">\n<figure class=\"wp-block-image size-large\"><img decoding=\"async\" data-id=\"251\" src=\"https:\/\/good-loop.co.jp\/de\/wp-content\/uploads\/2023\/08\/IMG_20220919_145350384-1024x576.jpg\" alt=\"\" class=\"wp-image-251\"\/><\/figure>\n\n\n\n<figure class=\"wp-block-image size-large\"><img decoding=\"async\" data-id=\"250\" src=\"https:\/\/good-loop.co.jp\/de\/wp-content\/uploads\/2023\/08\/IMG_20220921_122918298-461x1024.jpg\" alt=\"\" class=\"wp-image-250\"\/><\/figure>\n<\/figure>\n\n\n\n<p><\/p>\n\n\n\n<figure class=\"wp-block-image size-large\"><img decoding=\"async\" src=\"https:\/\/good-loop.co.jp\/de\/wp-content\/uploads\/2023\/08\/IMG_20220919_205001360-1024x461.jpg\" alt=\"\" class=\"wp-image-252\"\/><\/figure>\n\n\n\n<p><br>In M\u00fcnchen genoss ich das BMW Museum und das Oktoberfest. Nachdem ich mein Motorrad bei AllroundRent zur\u00fcckgegeben hatte, machte ich mich auf eine Zugreise. <\/p>\n\n\n\n<p>Trotz der langen Anreise und der mangelnden Planung war es eine tolle Reise. Dass ich eine Strecke, die der Entfernung zwischen Sapporo und Nagasaki entsprach, erm\u00fcdungsfrei zur\u00fccklegen konnte, war vor allem der hervorragenden Technik der BMW R1200GS zu verdanken. Von ultraschnellen Autobahnen bis hin zu verschneiten, engen Stra\u00dfen \u2013 ich habe den BMW-Slogan \u201eFreude am Fahren\u201c wirklich genossen. <\/p>\n\n\n\n<figure class=\"wp-block-image size-large\"><img decoding=\"async\" src=\"https:\/\/good-loop.co.jp\/de\/wp-content\/uploads\/2023\/08\/IMG_20220915_151355555-a-1024x576.jpg\" alt=\"\" class=\"wp-image-259\"\/><\/figure>\n\n\n\n<p class=\"has-text-align-center has-small-font-size\">Denkmal der Schlacht von San Matteo<\/p>\n","protected":false},"excerpt":{"rendered":"<p>Good Loop kooperiert mit AllroundRent, einem deutschen Unternehmen mit 30 Jahren Erfahrung, um Motorradvermietungen in Europa zu erm\u00f6glichen. AllroundRent befindet sich im Herzen der M\u00fcnchner Altstadt, arrangiert aber auch die Abholung von Flugh\u00e4fen und Hotels. R\u00fcckgabem\u00f6glichkeiten sind in ganz Europa verf\u00fcgbar und erm\u00f6glichen so eine flexible Planung. AllroundRent vermietet nicht nur Motorr\u00e4der, sondern auch Helme, [&hellip;]<\/p>\n","protected":false},"author":1,"featured_media":224,"parent":777,"menu_order":0,"comment_status":"closed","ping_status":"closed","template":"","meta":{"footnotes":""},"class_list":["post-211","page","type-page","status-publish","has-post-thumbnail","hentry"],"_links":{"self":[{"href":"https:\/\/good-loop.co.jp\/de\/wp-json\/wp\/v2\/pages\/211","targetHints":{"allow":["GET"]}}],"collection":[{"href":"https:\/\/good-loop.co.jp\/de\/wp-json\/wp\/v2\/pages"}],"about":[{"href":"https:\/\/good-loop.co.jp\/de\/wp-json\/wp\/v2\/types\/page"}],"author":[{"embeddable":true,"href":"https:\/\/good-loop.co.jp\/de\/wp-json\/wp\/v2\/users\/1"}],"replies":[{"embeddable":true,"href":"https:\/\/good-loop.co.jp\/de\/wp-json\/wp\/v2\/comments?post=211"}],"version-history":[{"count":1,"href":"https:\/\/good-loop.co.jp\/de\/wp-json\/wp\/v2\/pages\/211\/revisions"}],"predecessor-version":[{"id":863,"href":"https:\/\/good-loop.co.jp\/de\/wp-json\/wp\/v2\/pages\/211\/revisions\/863"}],"up":[{"embeddable":true,"href":"https:\/\/good-loop.co.jp\/de\/wp-json\/wp\/v2\/pages\/777"}],"wp:featuredmedia":[{"embeddable":true,"href":"https:\/\/good-loop.co.jp\/de\/wp-json\/wp\/v2\/media\/224"}],"wp:attachment":[{"href":"https:\/\/good-loop.co.jp\/de\/wp-json\/wp\/v2\/media?parent=211"}],"curies":[{"name":"wp","href":"https:\/\/api.w.org\/{rel}","templated":true}]}}