{"id":478,"date":"2024-08-11T21:10:44","date_gmt":"2024-08-11T12:10:44","guid":{"rendered":"https:\/\/good-loop.co.jp\/?page_id=478"},"modified":"2024-08-11T21:10:44","modified_gmt":"2024-08-11T12:10:44","slug":"auktionssendung","status":"publish","type":"page","link":"https:\/\/good-loop.co.jp\/de\/auktionssendung\/","title":{"rendered":"Gebrauchtwagen-Auktionsagentur-Service"},"content":{"rendered":"\n<h2 class=\"wp-block-heading\">Warum nicht Ihr Traumauto zum Schn\u00e4ppchenpreis bei einer H\u00e4ndlerauktion ersteigern? <\/h2>\n\n\n\n<p>Good Loop unterst\u00fctzt den sicheren und zuverl\u00e4ssigen Fahrzeugkauf und -verkauf durch die Teilnahme an exklusiven Gebrauchtwagenauktionen, die ausschlie\u00dflich H\u00e4ndlern vorbehalten sind und nicht \u00f6ffentlich zug\u00e4nglich sind. \u200b<\/p>\n\n\n\n<hr class=\"wp-block-separator has-alpha-channel-opacity\" \/>\n\n\n\n<h2 class=\"wp-block-heading\">Vorteile von Auktionsmakler-Services<\/h2>\n\n\n\n<h3 class=\"wp-block-heading\">Reduzierte Zwischenh\u00e4ndlermarge<\/h3>\n\n\n\n<p>Sparen Sie unn\u00f6tige Kosten, indem Sie direkt bei Auktionen kaufen, ohne den Umweg \u00fcber H\u00e4ndler oder Gebrauchtwagenh\u00e4ndler zu nehmen. \u200b<\/p>\n\n\n\n<h3 class=\"wp-block-heading\">Umfangreiche Fahrzeuginformationen<\/h3>\n\n\n\n<p>Mit \u00fcber 8 Millionen Fahrzeugen, die j\u00e4hrlich an rund 120 Standorten bundesweit inseriert werden, finden Sie das perfekte Fahrzeug f\u00fcr sich. \u200b<\/p>\n\n\n\n\n<h3 class=\"wp-block-heading\">Unterst\u00fctzung durch kompetente Mitarbeiter<\/h3>\n\n\n\n<p>Vom Bieten \u00fcber den Zuschlag bis hin zur Eigentums\u00fcbertragung und Auslieferung unterst\u00fctzen Sie unsere erfahrenen Mitarbeiter umfassend. \u200b<\/p>\n\n\n\n<hr class=\"wp-block-separator has-alpha-channel-opacity\" \/>\n\n\n\n<h2 class=\"wp-block-heading\">Preisstruktur<\/h2>\n\n\n\n<h3 class=\"wp-block-heading\">Gebots-Proxy-Plan (Kauf)<\/h3>\n\n\n\n<figure class=\"wp-block-table\"><table><tbody><tr><td>Gebots-Proxy-Geb\u00fchr<\/td><td class=\"has-text-align-right\" data-align=\"right\">Ab 29.800 \u00a5<\/td><td>Variiert je nach H\u00f6chstgebot. Siehe Tabelle unten. <\/td><\/tr><tr><td> Geb\u00fchr f\u00fcr das H\u00f6chstgebot: <\/td><td class=\"has-text-align-right\" data-align=\"right\">Ab 20.000 Yen <\/td><td> Variiert je nach Veranstaltungsort und Fahrzeugtyp <\/td><\/tr><tr><td> Gebotsgeb\u00fchr: <\/td><td class=\"has-text-align-right\" data-align=\"right\"> 1.000 Yen <\/td><td> Pro Auktion <\/td><\/tr><tr><td> Geb\u00fchr f\u00fcr den Landversand: <\/td><td class=\"has-text-align-right\" data-align=\"right\">Ab 8.000 Yen <\/td><td> Variiert je nach Entfernung und Fahrzeugtyp <\/td><\/tr><tr><td> Zulassungsgeb\u00fchr: <\/td><td class=\"has-text-align-right\" data-align=\"right\">Ab 13.000 Yen <\/td><td> Werkstattzertifikat: 13.000 Yen <br> \u00dcbertragungszulassung: 20.000 Yen <br> Neuzulassung \u00a530.000<\/td><\/tr><tr><td> Fahrzeuginspektion erforderlich<\/td><td class=\"has-text-align-right\" data-align=\"right\">Ab 39.800 \u00a5<\/td><td>Variiert je nach Fahrzeugmodell und -zustand<\/td><\/tr><\/tbody><\/table><figcaption class=\"wp-element-caption\"> (ohne Mehrwertsteuer)<\/figcaption><\/figure>\n\n\n\n\n<figure class=\"wp-block-table\"><table><thead><tr><th class=\"has-text-align-right\" data-align=\"right\"> Fahrzeugpreis f\u00fcr erfolgreiches Gebot\n<\/th><th class=\"has-text-align-right\" data-align=\"right\"> Bietergeb\u00fchr\n<\/th><\/tr><\/thead><tbody><tr><td class=\"has-text-align-right\" data-align=\"right\"> Bis zu 1 Million Yen\n<\/td><td class=\"has-text-align-right\" data-align=\"right\"> 29.800 Yen\n<\/td><\/tr><tr><td class=\"has-text-align-right\" data-align=\"right\"> 1 Million bis 1,5 Millionen Yen\n<\/td><td class=\"has-text-align-right\" data-align=\"right\"> 34.800 Yen\n<\/td><\/tr><tr><td class=\"has-text-align-right\" data-align=\"right\"> 1,5 Millionen bis 3 Millionen Yen\n<\/td><td class=\"has-text-align-right\" data-align=\"right\"> 39.800 Yen\n<\/td><\/tr><tr><td class=\"has-text-align-right\" data-align=\"right\"> 3 bis 5 Millionen Yen\n<\/td><td class=\"has-text-align-right\" data-align=\"right\"> 44.800 Yen\n<\/td><\/tr><tr><td class=\"has-text-align-right\" data-align=\"right\"> Ab 5 Millionen Yen\n<\/td><td class=\"has-text-align-right\" data-align=\"right\"> 0,9 % des erfolgreichen Gebotspreises\n<\/td><\/tr><\/tbody><\/table><figcaption class=\"wp-element-caption\"> (ohne Mehrwertsteuer)\n\n\n\n\n<h3 class=\"wp-block-heading\"> Verkaufs- (Listing-)Agenturplan<\/h3>\n\n\n\n<figure class=\"wp-block-table\"><table><tbody><tr><td> Maklergeb\u00fchr<\/td><td class=\"has-text-align-right\" data-align=\"right\">Ab \u00a529.800<\/td><td>Variiert je nach H\u00f6chstgebot. Siehe Tabelle unten. <\/td><\/tr><tr><td> Anmeldegeb\u00fchr <\/td><td class=\"has-text-align-right\" data-align=\"right\"> Ab 10.000 \u00a5 <\/td><td> Variiert je nach Veranstaltungsort und Fahrzeugtyp <\/td><\/tr><tr><td> Abschlussgeb\u00fchr <\/td><td class=\"has-text-align-right\" data-align=\"right\"> Ab 10.000 \u00a5 <\/td><td> Variiert je nach Veranstaltungsort und Fahrzeugtyp <\/td><\/tr><tr><td> Landtransport <\/td><td class=\"has-text-align-right\" data-align=\"right\"> Ab 8.000 \u00a5 <\/td><td> Variiert je nach Entfernung und Fahrzeugtyp <\/td><\/tr><\/tbody><\/table><figcaption class=\"wp-element-caption\"> (ohne Mehrwertsteuer) <\/figcaption><\/figure>\n\n\n\n<figure class=\"wp-block-table\"><table><thead><tr><th class=\"has-text-align-right\" data-align=\"right\"> Fahrzeugverkaufspreis <\/th><th class=\"has-text-align-right\" data-align=\"right\"> Listing Agency Geb\u00fchr<\/th><\/tr><\/thead><tbody><tr><td class=\"has-text-align-right\" data-align=\"right\"> Bis zu 1 Million Yen<\/td><td class=\"has-text-align-right\" data-align=\"right\"> 19.800 Yen<\/td><\/tr><tr><td class=\"has-text-align-right\" data-align=\"right\"> 1 Million Yen bis 1,5 Millionen Yen<\/td><td class=\"has-text-align-right\" data-align=\"right\"> 24.800 Yen<\/td><\/tr><tr><td class=\"has-text-align-right\" data-align=\"right\"> 1,5 Millionen Yen bis 3 Millionen Yen<\/td><td class=\"has-text-align-right\" data-align=\"right\"> 29.800 Yen<\/td><\/tr><tr><td class=\"has-text-align-right\" data-align=\"right\"> 3 Millionen Yen bis 5 Millionen Yen<\/td><td class=\"has-text-align-right\" data-align=\"right\"> 34.800 Yen<\/td><\/tr><tr><td class=\"has-text-align-right\" data-align=\"right\"> 5 Millionen Yen und mehr<\/td><td class=\"has-text-align-right\" data-align=\"right\"> 0,7 % des Verkaufspreises<\/td><\/tr><\/tbody><\/table><figcaption class=\"wp-element-caption\"> (ohne Verbrauchssteuer)<\/figcaption><\/figure>\n\n\n\n<hr class=\"wp-block-separator has-alpha-channel-opacity\" \/>\n\n\n\n<h2 class=\"wp-block-heading\">Serviceablauf<\/h2>\n\n\n\n<div style=\"max-width: 400px;margin: 0 auto;font-family: sans-serif\">\n<div style=\"border: 1px solid #ccc;border-radius: 8px;padding: 10px;text-align: center;margin-bottom: 10px\">\nKontakt\n<\/div>\n<div style=\"text-align: center\">\u2193<\/div>\n<div style=\"border: 1px solid #ccc;border-radius: 8px;padding: 10px;text-align: center;margin-bottom: 10px\">\nBeratung\/Fahrzeuginspektion\n<\/div>\n<div style=\"text-align: center\">\u2193<\/div>\n<div style=\"border: 1px solid #ccc;border-radius: 8px;padding: 10px;text-align: center;margin-bottom: 10px\">\nAngebots-\/Gebotsvereinbarungen\n<\/div>\n<div style=\"text-align: center\">\u2193<\/div>\n<div style=\"border: 1px solid #ccc;border-radius: 8px;padding: 10px;text-align: center;margin-bottom: 10px\">\nErfolgreiches Gebot\/Namens\u00fcbertragung\n<\/div>\n<div style=\"text-align: center\">\u2193<\/div>\n<div style=\"border: 1px solid #ccc;border-radius: 8px;padding: 10px;text-align: center\">\nZahlung\/Lieferung\n<\/div>\n<\/div>\n\n\n\n<h2 class=\"wp-block-heading\">Erfolgsgeschichten<\/h2>\n\n\n\n<ul class=\"wp-block-list\">\n<li><strong>Toyota Alphard (3. Generation)<\/strong>: Verkauft f\u00fcr 1,5 Millionen Yen<\/li>\n\n\n\n<li><strong>Daihatsu Tanto (2. Generation, Schiebet\u00fcr)<\/strong>: Verkauft f\u00fcr 68.000 Yen<\/li>\n\n\n\n<li><strong>Honda S2000 (AP1)<\/strong>: Verkauft f\u00fcr 2,5 Millionen Yen<\/li>\n<\/ul>\n\n\n\n<p>Wir decken ein breites Spektrum an Bed\u00fcrfnissen ab, von praktischen Autos bis hin zu seltenen Fahrzeugen. \u200b<\/p>\n\n\n\n<hr class=\"wp-block-separator has-alpha-channel-opacity\" \/>\n\n\n\n<h2 class=\"wp-block-heading\">H\u00e4ufig gestellte Fragen (FAQ)<\/h2>\n\n\n\n<h3 class=\"wp-block-heading\">F: Ich nutze zum ersten Mal die Dienste eines Auktionsb\u00fcros. Ist das in Ordnung? <\/h3>\n\n\n\n<p>A. Ja, unsere Experten unterst\u00fctzen Sie umfassend. Machen Sie sich also keine Sorgen. \u200b<\/p>\n\n\n\n<h3 class=\"wp-block-heading\">F. Kann ich den Zustand des Fahrzeugs \u00fcberpr\u00fcfen? <\/h3>\n\n\n\n<p>A. Ja, wir stellen Ihnen vor der Auktion detaillierte Fahrzeuginformationen zur Verf\u00fcgung. \u200b<\/p>\n\n\n\n<h3 class=\"wp-block-heading\">F. \u00dcbernehmen Sie auch die Eigentums\u00fcbertragung und Auslieferung? <\/h3>\n\n\n\n<p>A. Ja, wir bieten umfassenden Support, einschlie\u00dflich Eigentums\u00fcbertragung und Liefervereinbarungen. \u200b<\/p>\n\n\n\n<hr class=\"wp-block-separator has-alpha-channel-opacity\" \/>\n\n\n\n<p>Good Loop bietet Ihnen umfassende Unterst\u00fctzung f\u00fcr Ihr Autoleben. Bei Fragen kontaktieren Sie uns gerne. <\/p>\n\n\n\n<p class=\"has-x-large-font-size\" style=\"line-height:1.2\">Kontaktieren Sie uns hier<\/p>\n\n\n\n<div class=\"wp-block-buttons is-layout-flex wp-block-buttons-is-layout-flex\">\n<div class=\"wp-block-button\"><a class=\"wp-block-button__link has-small-font-size has-custom-font-size wp-element-button\" href=\"https:\/\/docs.google.com\/forms\/d\/1JATPpeGfRXaemIpjUO1PbKltxmmkNDiiO8owNQoPJU4\/\" target=\"_blank\" rel=\"noreferrer noopener\">\nKontaktieren Sie uns <\/a><\/div>\n<\/div>\n","protected":false},"excerpt":{"rendered":"<p>Warum nicht Ihr Traumauto zum Schn\u00e4ppchenpreis bei einer H\u00e4ndlerauktion ersteigern? Good Loop unterst\u00fctzt den sicheren und zuverl\u00e4ssigen Fahrzeugkauf und -verkauf durch die Teilnahme an exklusiven Gebrauchtwagenauktionen, die ausschlie\u00dflich H\u00e4ndlern vorbehalten sind und nicht \u00f6ffentlich zug\u00e4nglich sind. \u200b Vorteile von Auktionsmakler-Services Reduzierte Zwischenh\u00e4ndlermarge Sparen Sie unn\u00f6tige Kosten, indem Sie direkt bei Auktionen kaufen, ohne den Umweg [&hellip;]<\/p>\n","protected":false},"author":1,"featured_media":616,"parent":0,"menu_order":0,"comment_status":"closed","ping_status":"closed","template":"","meta":{"footnotes":""},"class_list":["post-478","page","type-page","status-publish","has-post-thumbnail","hentry"],"_links":{"self":[{"href":"https:\/\/good-loop.co.jp\/de\/wp-json\/wp\/v2\/pages\/478","targetHints":{"allow":["GET"]}}],"collection":[{"href":"https:\/\/good-loop.co.jp\/de\/wp-json\/wp\/v2\/pages"}],"about":[{"href":"https:\/\/good-loop.co.jp\/de\/wp-json\/wp\/v2\/types\/page"}],"author":[{"embeddable":true,"href":"https:\/\/good-loop.co.jp\/de\/wp-json\/wp\/v2\/users\/1"}],"replies":[{"embeddable":true,"href":"https:\/\/good-loop.co.jp\/de\/wp-json\/wp\/v2\/comments?post=478"}],"version-history":[{"count":0,"href":"https:\/\/good-loop.co.jp\/de\/wp-json\/wp\/v2\/pages\/478\/revisions"}],"wp:featuredmedia":[{"embeddable":true,"href":"https:\/\/good-loop.co.jp\/de\/wp-json\/wp\/v2\/media\/616"}],"wp:attachment":[{"href":"https:\/\/good-loop.co.jp\/de\/wp-json\/wp\/v2\/media?parent=478"}],"curies":[{"name":"wp","href":"https:\/\/api.w.org\/{rel}","templated":true}]}}