{"id":489,"date":"2024-08-14T18:05:13","date_gmt":"2024-08-14T09:05:13","guid":{"rendered":"https:\/\/good-loop.co.jp\/?page_id=489"},"modified":"2024-08-14T18:05:13","modified_gmt":"2024-08-14T09:05:13","slug":"fahrradauktionssendung","status":"publish","type":"page","link":"https:\/\/good-loop.co.jp\/de\/auktionssendung\/fahrradauktionssendung\/","title":{"rendered":"Proxy-Service f\u00fcr Gebrauchtmotorradauktionen"},"content":{"rendered":"\n<h2 class=\"wp-block-heading\">Gebrauchte Motorr\u00e4der sicherer und g\u00fcnstiger kaufen und verkaufen<\/h2>\n\n\n\n<p>M\u00f6chten Sie Ihr geliebtes Motorrad so g\u00fcnstig wie m\u00f6glich verkaufen? Sie m\u00f6chten Ihr Wunschmotorrad g\u00fcnstig erwerben? Wir bieten Ihnen den perfekten \u201eAuktionsservice f\u00fcr Gebrauchtmotorr\u00e4der\u201c. <\/p>\n\n\n\n<p>&#x1f449; <strong>Wir nehmen in Ihrem Namen an H\u00e4ndlerauktionen teil, auch wenn Sie nicht als Privatperson teilnehmen k\u00f6nnen! <\/strong><\/p>\n\n\n\n<hr class=\"wp-block-separator has-alpha-channel-opacity\" \/>\n\n\n\n<h2 class=\"wp-block-heading\">&#x1f525; Drei Vorteile von Auktionsmaklern<\/h2>\n\n\n\n<h3 class=\"wp-block-heading\">&#x2705; Weg mit dem Zwischenh\u00e4ndler! <\/h3>\n\n\n\n<p> Da es sich um eine H\u00e4ndler-zu-H\u00e4ndler-Auktion handelt, k\u00f6nnen Sie zu einem hohen Preis verkaufen und zu einem niedrigen Preis kaufen, ohne unn\u00f6tige Geb\u00fchren zu zahlen! <\/p>\n\n\n\n<h3 class=\"wp-block-heading\">&#x2705; Gro\u00dfe Auswahl an Fahrzeugen zum Verkauf<\/h3>\n\n\n\n<p> H\u00e4ndlerauktionen bieten viele Fahrzeuge zum Verkauf an. Das erh\u00f6ht Ihre Chancen, das gew\u00fcnschte Motorrad zu finden und es zu verkaufen. <\/p>\n\n\n\n<h3 class=\"wp-block-heading\">&#x2705; Professionelle Unterst\u00fctzung<\/h3>\n\n\n\n<p> Wir k\u00fcmmern uns um alle zeitaufw\u00e4ndigen Abl\u00e4ufe, einschlie\u00dflich Bieten, Zuschlag, Eigentums\u00fcbertragung und Transport. <\/p>\n\n\n\n<hr class=\"wp-block-separator has-alpha-channel-opacity\" \/>\n\n\n\n<h2 class=\"wp-block-heading\">&#x1f4dd; Preisstruktur<\/h2>\n\n\n\n<h3 class=\"wp-block-heading\">&#x1f3cd;&#xfe0f; Biet-Proxy-Plan (Kauf)<\/h3>\n\n\n\n<ul class=\"wp-block-list\">\n<li>Geb\u00fchr f\u00fcr Biet-Proxy: Ab 19.800 \u00a5 (10 % des H\u00f6chstgebots + 19.800 \u00a5)<\/li>\n\n\n\n<li>Geb\u00fchr f\u00fcr H\u00f6chstgebot: Ab 5.000 \u00a5 (variiert je nach Veranstaltungsort und Fahrzeugtyp)<\/li>\n\n\n\n<li>Gebotsgeb\u00fchr: 1.000 \u00a5 (pro Auktion)<\/li>\n\n\n\n<li>Landversandgeb\u00fchr: 8.000 \u00a5 und mehr (variiert je nach Entfernung und Fahrzeugtyp)<\/li>\n<\/ul>\n\n\n\n<h3 class=\"wp-block-heading\">&#x1f6f5; Maklertarif f\u00fcr den Verkauf (Listing)<\/h3>\n\n\n\n<ul class=\"wp-block-list\">\n<li> Maklergeb\u00fchr: Ab 19.800 \u00a5 (10 % des Schlusskurses + 19.800 \u00a5)<\/li>\n\n\n\n<li> Maklergeb\u00fchr: Ab 3.000 \u00a5 (variiert je nach Veranstaltungsort und Fahrzeugtyp)<\/li>\n\n\n\n<li> Vertragsgeb\u00fchr: Ab 5.000 \u00a5 (variiert je nach Veranstaltungsort und Fahrzeugtyp)<\/li>\n\n\n\n<li>Landversandgeb\u00fchr: Ab 8.000 \u00a5 (variiert je nach Entfernung und Fahrzeugtyp)<\/li>\n<\/ul>\n\n\n\n<p> (Alle Preise zzgl. MwSt.) <\/p>\n\n\n\n<hr class=\"wp-block-separator has-alpha-channel-opacity\" \/>\n\n\n\n<h2 class=\"wp-block-heading\">&#x1f680; Serviceablauf <\/h2>\n\n\n\n<div style=\"max-width: 400px;margin: 0 auto;font-family: sans-serif\">\n<div style=\"border: 1px solid #ccc;border-radius: 8px;padding: 10px;text-align: center;margin-bottom: 10px\">\nKontakt\n<\/div>\n<div style=\"text-align: center\">\u2193<\/div>\n<div style=\"border: 1px solid #ccc;border-radius: 8px;padding: 10px;text-align: center;margin-bottom: 10px\">\nInterview &amp; Fahrzeuginspektion\n<\/div>\n<div style=\"text-align: center\">\u2193<\/div>\n<div style=\"border: 1px solid #ccc;border-radius: 8px;padding: 10px;text-align: center;margin-bottom: 10px\">\nAngebots-\/Gebotsvereinbarungen\n<\/div>\n<div style=\"text-align: center\">\u2193<\/div>\n<div style=\"border: 1px solid #ccc;border-radius: 8px;padding: 10px;text-align: center;margin-bottom: 10px\">\nGewinnergebot &amp; Eigent\u00fcmerwechsel\n<\/div>\n<div style=\"text-align: center\">\u2193<\/div>\n<div style=\"border: 1px solid #ccc;border-radius: 8px;padding: 10px;text-align: center\">\nZahlung \/ Lieferung\n<\/div>\n<\/div>\n\n\n\n<hr class=\"wp-block-separator has-alpha-channel-opacity\" \/>\n\n\n\n<h2 class=\"wp-block-heading\">&#x1f3c6; Erfolgsgeschichten<\/h2>\n\n\n\n<figure class=\"wp-block-table\"><table class=\"has-fixed-layout\"><tbody><tr><th> Modell<\/th><th> Ergebnisse<\/th><th> Kommentare<\/th><\/tr><tr><td> Honda CBR250RR<\/td><td> Zuschlag f\u00fcr 480.000 \u00a5<\/td><td> Verkauf f\u00fcr 100.000 \u00a5 mehr als vom H\u00e4ndler geboten<\/td><\/tr><tr><td> Yamaha MT-09<\/td><td> Zuschlag f\u00fcr 590.000 \u00a5<\/td><td> Sofortkauf zu einem zufriedenstellenden Preis! <\/td><\/tr><tr><td> Kawasaki Ninja 400<\/td><td> Gekauft f\u00fcr 450.000 \u00a5<\/td><td> Verkauft f\u00fcr 70.000 \u00a5 g\u00fcnstiger als auf anderen Seiten<\/td><\/tr><\/tbody><\/table><\/figure>\n\n\n\n<hr class=\"wp-block-separator has-alpha-channel-opacity\" \/>\n\n\n\n<h2 class=\"wp-block-heading\">&#x1f64b; H\u00e4ufig gestellte Fragen (FAQ)<\/h2>\n\n\n\n<h3 class=\"wp-block-heading\">F. D\u00fcrfen Anf\u00e4nger Auktionen nutzen? <\/h3>\n\n\n\n<p>A. Unsere Experten k\u00fcmmern sich um alles f\u00fcr Sie, sodass Sie unseren Service beruhigt nutzen k\u00f6nnen. <\/p>\n\n\n\n<h3 class=\"wp-block-heading\">F: Kann ich vor dem Verkauf eine Bewertung erhalten? <\/h3>\n\n\n\n<p>A: Wir bieten eine kostenlose Bewertung anhand von Fotos und grundlegenden Informationen an. Kontaktieren Sie uns gerne. <\/p>\n\n\n\n<h3 class=\"wp-block-heading\">F: Kann ich mein Motorrad exportieren? <\/h3>\n\n\n\n<p>A: Ja, wir k\u00f6nnen den Verkauf oder Export in \u00dcberseem\u00e4rkte besprechen. <\/p>\n\n\n\n<hr class=\"wp-block-separator has-alpha-channel-opacity\" \/>\n\n\n\n<h2 class=\"wp-block-heading\">&#x1f464; Unsere Mitarbeiter stellen sich vor<\/h2>\n\n\n\n<ul class=\"wp-block-list\">\n<li>\u00dcber 20 Jahre Erfahrung im Motorradbereich<\/li>\n\n\n\n<li>Experten f\u00fcr Export- und Auktionsagenturdienstleistungen<\/li>\n\n\n\n<li>Wir streben nach Ehrlichkeit und Schnelligkeit! <\/li>\n<\/ul>\n\n\n\n<hr class=\"wp-block-separator has-alpha-channel-opacity\" \/>\n\n\n\n<h2 class=\"wp-block-heading\">&#x1f4e9; Kostenlose Beratung &amp; Anfragen<\/h2>\n\n\n\n<p>Bei Fragen kontaktieren Sie uns gerne! <\/p>\n\n\n\n<p>&#x1f449; <a href=\"https:\/\/docs.google.com\/forms\/d\/1JATPpeGfRXaemIpjUO1PbKltxmmkNDiiO8owNQoPJU4\/\" target=\"_blank\" rel=\"noreferrer noopener\"><strong>Bitte kontaktieren Sie uns \u00fcber dieses Formular<\/strong><\/a><\/p>\n\n\n\n<hr class=\"wp-block-separator has-alpha-channel-opacity\" \/>\n\n\n\n<h3 class=\"wp-block-heading\">&#x1f69a; F\u00fcr alle, die den Export eines Motorrads in Erw\u00e4gung ziehen<\/h3>\n\n\n\n<p>Wir beraten Sie auch gerne zu Exporten und Zielorten ins Ausland. <\/p>\n\n\n\n<hr class=\"wp-block-separator has-alpha-channel-opacity\" \/>\n\n\n\n<p>Good Loop unterst\u00fctzt Motorrad-Enthusiasten beim optimalen Kauf- und Verkaufserlebnis. Genie\u00dfe dein Motorradleben mit mehr Freiheit und mehr Intelligenz. <\/p>\n\n\n\n<p class=\"has-x-large-font-size\" style=\"line-height:1.2\">Kontaktiere uns hier<\/p>\n\n\n\n<div class=\"wp-block-buttons is-layout-flex wp-block-buttons-is-layout-flex\">\n<div class=\"wp-block-button has-custom-font-size has-small-font-size\"><a class=\"wp-block-button__link wp-element-button\" href=\"https:\/\/docs.google.com\/forms\/d\/1JATPpeGfRXaemIpjUO1PbKltxmmkNDiiO8owNQoPJU4\/\" target=\"_blank\" rel=\"noreferrer noopener\">\nKontaktiere uns <\/a><\/div>\n<\/div>\n","protected":false},"excerpt":{"rendered":"<p>Gebrauchte Motorr\u00e4der sicherer und g\u00fcnstiger kaufen und verkaufen M\u00f6chten Sie Ihr geliebtes Motorrad so g\u00fcnstig wie m\u00f6glich verkaufen? Sie m\u00f6chten Ihr Wunschmotorrad g\u00fcnstig erwerben? Wir bieten Ihnen den perfekten \u201eAuktionsservice f\u00fcr Gebrauchtmotorr\u00e4der\u201c. &#x1f449; Wir nehmen in Ihrem Namen an H\u00e4ndlerauktionen teil, auch wenn Sie nicht als Privatperson teilnehmen k\u00f6nnen! &#x1f525; Drei Vorteile von Auktionsmaklern &#x2705; [&hellip;]<\/p>\n","protected":false},"author":1,"featured_media":612,"parent":478,"menu_order":0,"comment_status":"closed","ping_status":"closed","template":"","meta":{"footnotes":""},"class_list":["post-489","page","type-page","status-publish","has-post-thumbnail","hentry"],"_links":{"self":[{"href":"https:\/\/good-loop.co.jp\/de\/wp-json\/wp\/v2\/pages\/489","targetHints":{"allow":["GET"]}}],"collection":[{"href":"https:\/\/good-loop.co.jp\/de\/wp-json\/wp\/v2\/pages"}],"about":[{"href":"https:\/\/good-loop.co.jp\/de\/wp-json\/wp\/v2\/types\/page"}],"author":[{"embeddable":true,"href":"https:\/\/good-loop.co.jp\/de\/wp-json\/wp\/v2\/users\/1"}],"replies":[{"embeddable":true,"href":"https:\/\/good-loop.co.jp\/de\/wp-json\/wp\/v2\/comments?post=489"}],"version-history":[{"count":0,"href":"https:\/\/good-loop.co.jp\/de\/wp-json\/wp\/v2\/pages\/489\/revisions"}],"up":[{"embeddable":true,"href":"https:\/\/good-loop.co.jp\/de\/wp-json\/wp\/v2\/pages\/478"}],"wp:featuredmedia":[{"embeddable":true,"href":"https:\/\/good-loop.co.jp\/de\/wp-json\/wp\/v2\/media\/612"}],"wp:attachment":[{"href":"https:\/\/good-loop.co.jp\/de\/wp-json\/wp\/v2\/media?parent=489"}],"curies":[{"name":"wp","href":"https:\/\/api.w.org\/{rel}","templated":true}]}}