{"id":528,"date":"2024-09-25T10:43:16","date_gmt":"2024-09-25T01:43:16","guid":{"rendered":"https:\/\/good-loop.co.jp\/?page_id=528"},"modified":"2024-09-25T10:43:16","modified_gmt":"2024-09-25T01:43:16","slug":"gesetz","status":"publish","type":"page","link":"https:\/\/good-loop.co.jp\/de\/gesetz\/","title":{"rendered":"Beschreibung basierend auf dem Gesetz \u00fcber bestimmte Handelsgesch\u00e4fte"},"content":{"rendered":"\n<figure class=\"wp-block-table\"><table class=\"has-fixed-layout\"><tr><td>Name des Verk\u00e4ufers: Good Loop AG <\/td><\/tr><tr><td>Adresse: <\/td><td rowspan=\"3\">Wir geben diese Informationen auf Anfrage umgehend bekannt. <\/td><\/tr><tr><td>Telefonnummer: <\/td><\/tr><tr><td>E-Mail-Adresse: <\/td><\/tr><tr><td>Ansprechpartner: <\/td><td>Chihiro Nishina <\/td><\/tr><tr><td>Zus\u00e4tzliche Geb\u00fchren usw. <\/td><td>Kommunikationsgeb\u00fchren <\/td><\/tr><tr><td>Umtausch und R\u00fcckgabe (R\u00fcckerstattungsrichtlinie) <\/td><td>R\u00fcckerstattungen sind f\u00fcr defekte Produkte oder wenn die Transaktion aus Gr\u00fcnden, die au\u00dferhalb unserer Kontrolle liegen, nicht erfolgreich abgeschlossen werden kann, m\u00f6glich. <br>F\u00fcr digitale Produkte wie Software und Dienstleistungen sind jedoch keine R\u00fcckerstattungen m\u00f6glich. <\/td><\/tr><tr><td>Lieferzeit: <\/td><td>Die Leistungen werden innerhalb einer Woche nach Vertragsabschluss erbracht, sofern keine Sonderbestellungen eingehen. Akzeptierte Zahlungsmethoden: Bank\u00fcberweisung, Kreditkarte, Zahlung im Convenience Store. Zahlungsfrist: Kreditkartenzahlungen werden sofort bearbeitet. Bank\u00fcberweisungen und Zahlungen im Convenience Store m\u00fcssen innerhalb von drei Tagen nach der Bestellung erfolgen. Verkaufspreis: Der auf der jeweiligen Produktseite angegebene Preis.\n","protected":false},"excerpt":{"rendered":"<p>Name des Verk\u00e4ufers: Good Loop AG Adresse: Wir geben diese Informationen auf Anfrage umgehend bekannt. Telefonnummer: E-Mail-Adresse: Ansprechpartner: Chihiro Nishina Zus\u00e4tzliche Geb\u00fchren usw. Kommunikationsgeb\u00fchren Umtausch und R\u00fcckgabe (R\u00fcckerstattungsrichtlinie) R\u00fcckerstattungen sind f\u00fcr defekte Produkte oder wenn die Transaktion aus Gr\u00fcnden, die au\u00dferhalb unserer Kontrolle liegen, nicht erfolgreich abgeschlossen werden kann, m\u00f6glich. F\u00fcr digitale Produkte wie Software [&hellip;]<\/p>\n","protected":false},"author":1,"featured_media":0,"parent":0,"menu_order":0,"comment_status":"closed","ping_status":"closed","template":"","meta":{"footnotes":""},"class_list":["post-528","page","type-page","status-publish","hentry"],"_links":{"self":[{"href":"https:\/\/good-loop.co.jp\/de\/wp-json\/wp\/v2\/pages\/528","targetHints":{"allow":["GET"]}}],"collection":[{"href":"https:\/\/good-loop.co.jp\/de\/wp-json\/wp\/v2\/pages"}],"about":[{"href":"https:\/\/good-loop.co.jp\/de\/wp-json\/wp\/v2\/types\/page"}],"author":[{"embeddable":true,"href":"https:\/\/good-loop.co.jp\/de\/wp-json\/wp\/v2\/users\/1"}],"replies":[{"embeddable":true,"href":"https:\/\/good-loop.co.jp\/de\/wp-json\/wp\/v2\/comments?post=528"}],"version-history":[{"count":0,"href":"https:\/\/good-loop.co.jp\/de\/wp-json\/wp\/v2\/pages\/528\/revisions"}],"wp:attachment":[{"href":"https:\/\/good-loop.co.jp\/de\/wp-json\/wp\/v2\/media?parent=528"}],"curies":[{"name":"wp","href":"https:\/\/api.w.org\/{rel}","templated":true}]}}