{"id":531,"date":"2024-09-25T17:38:31","date_gmt":"2024-09-25T08:38:31","guid":{"rendered":"https:\/\/good-loop.co.jp\/?page_id=531"},"modified":"2024-09-25T17:38:31","modified_gmt":"2024-09-25T08:38:31","slug":"suitecrm","status":"publish","type":"page","link":"https:\/\/good-loop.co.jp\/de\/software\/suitecrm\/","title":{"rendered":"SuiteCRM Implementierung, Betriebsunterst\u00fctzung und Beratung"},"content":{"rendered":"\n<hr class=\"wp-block-separator has-alpha-channel-opacity\" \/>\n\n\n\n<h2 class=\"wp-block-heading\"> Eine Open-Source-CRM-L\u00f6sung mit umfangreicher Funktionalit\u00e4t, Zuverl\u00e4ssigkeit und Kostenvorteilen<\/h2>\n\n\n\n<p>Wir bieten Installations- und Hosting-Services f\u00fcr die Open-Source-Version von SuiteCRM<\/strong> und bieten leistungsstarke Unterst\u00fctzung f\u00fcr das Customer Relationship Management (CRM) von Unternehmen. SuiteCRM ist eine weltweit anerkannte Open-Source-CRM-Software mit umfangreichen Funktionen und h\u00f6chster Zuverl\u00e4ssigkeit. <\/p>\n\n\n\n<hr class=\"wp-block-separator has-alpha-channel-opacity\" \/>\n\n\n\n<h3 class=\"wp-block-heading\">SuiteCRM \u2013 Wichtige Features und Funktionen<\/h3>\n\n\n\n<ul class=\"wp-block-list\">\n<li><strong>Umfangreiche Funktionen<\/strong>\n<ul class=\"wp-block-list\">\n<li><strong>Vertriebsmanagement<\/strong>: Verwalten Sie Ihre Vertriebsprozesse zentral, einschlie\u00dflich Leads, Opportunities und Vertragsmanagement. <\/li>\n\n\n\n<li><strong>Marketing-Automatisierung<\/strong>: Unterst\u00fctzt effektive Marketingaktivit\u00e4ten, einschlie\u00dflich E-Mail-Kampagnen und der Erstellung von Zielgruppenlisten. <\/li>\n\n\n\n<li><strong>Kundensupport<\/strong>: Optimiert den Kundensupport mit Fallmanagement, Wissensdatenbank und mehr. <\/li>\n\n\n\n<li><strong>Reporting und Analytics<\/strong>: Unterst\u00fctzt Gesch\u00e4ftsentscheidungen durch Echtzeit-Datenanalyse. <\/li>\n<\/ul>\n<\/li>\n\n\n\n<li><strong>Hochgradig anpassbar<\/strong>\n<ul class=\"wp-block-list\">\n<li>Die Vorteile von Open Source erm\u00f6glichen eine flexible Anpassung an Ihre Gesch\u00e4ftsanforderungen. <\/li>\n<\/ul>\n<\/li>\n\n\n\n<li><strong>Benutzerfreundliche Oberfl\u00e4che<\/strong>\n<ul class=\"wp-block-list\">\n<li>Das intuitive Design erm\u00f6glicht es Benutzern, sich schnell mit der Steuerung vertraut zu machen. <\/li>\n<\/ul>\n<\/li>\n\n\n\n<li><strong>Mobilfreundlich<\/strong>\n<ul class=\"wp-block-list\">\n<li>Dank des Zugriffs von Mobilger\u00e4ten k\u00f6nnen Sie Informationen auch unterwegs anzeigen und aktualisieren. <\/li>\n<\/ul>\n<\/li>\n<\/ul>\n\n\n\n<hr class=\"wp-block-separator has-alpha-channel-opacity\" \/>\n\n\n\n<h3 class=\"wp-block-heading\">Preis<\/h3>\n\n\n\n<p><strong> SuiteCRM ist Open Source-Software, daher fallen keine Lizenzgeb\u00fchren an<\/strong>. Wir bieten folgende Pakete ab <strong>\u00a518.000 pro Monat an<\/strong>. <\/p>\n\n\n\n<ul class=\"wp-block-list\">\n<li>Softwareinstallation und Ersteinrichtung<\/li>\n\n\n\n<li>Bereitstellung einer sicheren Hosting-Umgebung<\/li>\n\n\n\n<li>Regelm\u00e4\u00dfige Backups und Systemwartung<\/li>\n\n\n\n<li>Kundensupport und technische Unterst\u00fctzung<\/li>\n<\/ul>\n\n\n\n<h3 class=\"wp-block-heading\">Abonnementgeb\u00fchren (SuiteCRM von Good Loop)<\/h3>\n\n\n\n<figure class=\"wp-block-table\"><table class=\"has-fixed-layout\"><thead><tr><th class=\"has-text-align-left\" data-align=\"left\">Plan<\/th><th class=\"has-text-align-center\" data-align=\"center\">Starter<\/th><th class=\"has-text-align-center\" data-align=\"center\">Business<\/th><th class=\"has-text-align-center\" data-align=\"center\">Premium<\/th><th class=\"has-text-align-center\" data-align=\"center\">Extra<\/th><\/tr><\/thead><tbody><tr><td class=\"has-text-align-left\" data-align=\"left\">Monatsgeb\u00fchr<\/td><td class=\"has-text-align-center\" data-align=\"center\">\u00a518.000<\/td><td class=\"has-text-align-center\" data-align=\"center\">\u00a575.000<\/td><td class=\"has-text-align-center\" data-align=\"center\">\u00a598.000<\/td><td class=\"has-text-align-center\" data-align=\"center\">Anfragen<\/td><\/tr><tr><td class=\"has-text-align-left\" data-align=\"left\">Gesamtzahl der Mitglieder<\/td><td class=\"has-text-align-center\" data-align=\"center\">Unbegrenzt<\/td><td class=\"has-text-align-center\" data-align=\"center\">Unbegrenzt<\/td><td class=\"has-text-align-center\" data-align=\"center\">Unbegrenzt<\/td><td class=\"has-text-align-center\" data-align=\"center\">Unbegrenzt<\/td><\/tr><tr><td class=\"has-text-align-left\" data-align=\"left\">Empfohlene Mitgliederzahl f\u00fcr komfortables Nutzung<\/td><td class=\"has-text-align-center\" data-align=\"center\">10<\/td><td class=\"has-text-align-center\" data-align=\"center\">50<\/td><td class=\"has-text-align-center\" data-align=\"center\">150 Personen<\/td><td class=\"has-text-align-center\" data-align=\"center\">Unbegrenzt<\/td><\/tr><tr><td class=\"has-text-align-left\" data-align=\"left\">Gesch\u00e4tzter Speicherbedarf<\/td><td class=\"has-text-align-center\" data-align=\"center\">5 GB<\/td><td class=\"has-text-align-center\" data-align=\"center\">40 GB<\/td><td class=\"has-text-align-center\" data-align=\"center\">120 GB<\/td><td class=\"has-text-align-center\" data-align=\"center\">Unbegrenzt<\/td><\/tr><tr><td class=\"has-text-align-left\" data-align=\"left\">Snapshot-Backup<\/td><td class=\"has-text-align-center\" data-align=\"center\">W\u00f6chentlich<\/td><td class=\"has-text-align-center\" data-align=\"center\">T\u00e4glich<\/td><td class=\"has-text-align-center\" data-align=\"center\">T\u00e4glich<\/td><td class=\"has-text-align-center\" data-align=\"center\">T\u00e4glich<\/td><\/tr><\/tbody><\/table><figcaption class=\"wp-element-caption\"> (ohne Mehrwertsteuer)<\/figcaption><\/figure>\n\n\n\n<hr class=\"wp-block-separator has-alpha-channel-opacity\" \/>\n\n\n\n<h3 class=\"wp-block-heading\">Fallstudien<\/h3>\n\n\n\n<ul class=\"wp-block-list\">\n<li><strong>ABC Co., Ltd.<\/strong>\n<ul class=\"wp-block-list\">\n<li><strong>Herausforderung<\/strong>: Ineffizienter Vertriebsprozess und dezentrale Verwaltung von Kundeninformationen. <\/li>\n\n\n\n<li><strong>Effekt<\/strong>: Die Implementierung von SuiteCRM verbesserte die Vertriebseffizienz um 30 % und die Kundenzufriedenheit. <\/li>\n<\/ul>\n<\/li>\n\n\n\n<li><strong>XYZ Corporation<\/strong>\n<ul class=\"wp-block-list\">\n<li><strong>Herausforderung<\/strong>: Hohe CRM-Lizenzkosten und eingeschr\u00e4nkte Anpassungsm\u00f6glichkeiten. <\/li>\n\n\n\n<li><strong>Ergebnis<\/strong>: Durch die Migration zu SuiteCRM konnten wir die j\u00e4hrlichen Kosten um 50 % senken und die ben\u00f6tigten Funktionen frei anpassen. <\/li>\n<\/ul>\n<\/li>\n<\/ul>\n\n\n\n<hr class=\"wp-block-separator has-alpha-channel-opacity\" \/>\n\n\n\n<h3 class=\"wp-block-heading\">Vergleich mit Salesforce (SFDC): Kostenvorteile<\/h3>\n\n\n\n<ul class=\"wp-block-list\">\n<li><strong>Deutlich reduzierte Lizenzkosten<\/strong>\n<ul class=\"wp-block-list\">\n<li>Kommerzielle CRM-Systeme wie Salesforce Es fallen hohe Lizenzgeb\u00fchren an, SuiteCRM ist jedoch kostenlos erh\u00e4ltlich. \n<ul class=\"wp-block-list\">\n<li>Der g\u00fcnstigste Salesforce-Tarif kostet 3.000 Yen pro Benutzer und Monat. Zus\u00e4tzliche Funktionen werden zus\u00e4tzlich berechnet.<\/li>\n<\/ul>\n<\/li>\n<\/ul>\n<\/li>\n\n\n\n<li><strong> Reduzierte Gesamtbetriebskosten (TCO)<\/strong>\n<ul class=\"wp-block-list\">\n<li> Sie k\u00f6nnen nicht nur Ihre Lizenzkosten senken, sondern auch Ihre langfristigen Betriebskosten. <\/li>\n<\/ul>\n<\/li>\n\n\n\n<li><strong>Reduzieren Sie die Anpassungskosten<\/strong>\n<ul class=\"wp-block-list\">\n<li>Da es sich um Open Source handelt, werden die Kosten f\u00fcr das Hinzuf\u00fcgen von Funktionen und Anpassungen minimiert. <\/li>\n<\/ul>\n<\/li>\n<\/ul>\n\n\n\n<hr class=\"wp-block-separator has-alpha-channel-opacity\" \/>\n\n\n\n<h3 class=\"wp-block-heading\">Vielseitigkeit und Zuverl\u00e4ssigkeit durch langfristige Entwicklung<\/h3>\n\n\n\n<ul class=\"wp-block-list\">\n<li><strong>Ausgereifte Software<\/strong>\n<ul class=\"wp-block-list\">\n<li>Jahrelange Entwicklung und Community-Beitr\u00e4ge haben zu einem umfangreichen und zuverl\u00e4ssigen Funktionsumfang gef\u00fchrt eingestellt. <\/li>\n<\/ul>\n<\/li>\n\n\n\n<li><strong>Regelm\u00e4\u00dfige Updates<\/strong>\n<ul class=\"wp-block-list\">\n<li>Aktualisiert, um mit den neuesten Gesch\u00e4ftstrends und Technologien Schritt zu halten. <\/li>\n<\/ul>\n<\/li>\n\n\n\n<li><strong>Gro\u00dfe Nutzer-Community<\/strong>\n<ul class=\"wp-block-list\">\n<li>Unterst\u00fctzt von einer globalen Community aus Nutzern und Entwicklern. <\/li>\n<\/ul>\n<\/li>\n<\/ul>\n\n\n\n<hr class=\"wp-block-separator has-alpha-channel-opacity\" \/>\n\n\n\n<h3 class=\"wp-block-heading\"> Die Vorteile von Open Source: Dateneigentum<\/h3>\n\n\n\n<ul class=\"wp-block-list\">\n<li><strong> Vollst\u00e4ndige Kontrolle \u00fcber Ihre Daten<\/strong>\n<ul class=\"wp-block-list\">\n<li> Die Daten werden auf unseren eigenen Servern gespeichert und wir sind nicht von Drittanbietern abh\u00e4ngig. Parteien. <\/li>\n<\/ul>\n<\/li>\n\n\n\n<li><strong>Gew\u00e4hrleistung von Sicherheit und Datenschutz<\/strong>\n<ul class=\"wp-block-list\">\n<li>Vollst\u00e4ndige Kontrolle \u00fcber die Datenverarbeitung reduziert das Risiko von Informationslecks. <\/li>\n<\/ul>\n<\/li>\n\n\n\n<li><strong> Individuelle Anpassung an Ihr Unternehmen<\/strong>\n<ul class=\"wp-block-list\">\n<li> Der Zugriff auf den Quellcode erleichtert das Hinzuf\u00fcgen benutzerdefinierter Funktionen und die Integration in andere Systeme. <\/li>\n<\/ul>\n<\/li>\n<\/ul>\n\n\n\n<hr class=\"wp-block-separator has-alpha-channel-opacity\" \/>\n\n\n\n<p><strong> SuiteCRM unterst\u00fctzt Sie mit seiner Multifunktionalit\u00e4t, Zuverl\u00e4ssigkeit und Kosteneffizienz beim Wachstum Ihres Unternehmens. Lassen Sie sich diese Chance nicht entgehen! <\/strong><\/p>\n\n\n\n<p class=\"has-x-large-font-size\" style=\"line-height:1.2\">Kontaktieren Sie uns hier<\/p>\n\n\n\n<div class=\"wp-block-buttons is-layout-flex wp-block-buttons-is-layout-flex\">\n<div class=\"wp-block-button has-custom-font-size has-small-font-size\"><a class=\"wp-block-button__link wp-element-button\" href=\"https:\/\/docs.google.com\/forms\/d\/1JATPpeGfRXaemIpjUO1PbKltxmmkNDiiO8owNQoPJU4\/\" target=\"_blank\" rel=\"noreferrer noopener\">\nKontaktieren Sie uns <\/a><\/div>\n<\/div>\n","protected":false},"excerpt":{"rendered":"<p>Eine Open-Source-CRM-L\u00f6sung mit umfangreicher Funktionalit\u00e4t, Zuverl\u00e4ssigkeit und Kostenvorteilen Wir bieten Installations- und Hosting-Services f\u00fcr die Open-Source-Version von SuiteCRM und bieten leistungsstarke Unterst\u00fctzung f\u00fcr das Customer Relationship Management (CRM) von Unternehmen. SuiteCRM ist eine weltweit anerkannte Open-Source-CRM-Software mit umfangreichen Funktionen und h\u00f6chster Zuverl\u00e4ssigkeit. SuiteCRM \u2013 Wichtige Features und Funktionen Preis SuiteCRM ist Open Source-Software, daher fallen [&hellip;]<\/p>\n","protected":false},"author":1,"featured_media":532,"parent":504,"menu_order":0,"comment_status":"closed","ping_status":"closed","template":"","meta":{"footnotes":""},"class_list":["post-531","page","type-page","status-publish","has-post-thumbnail","hentry"],"_links":{"self":[{"href":"https:\/\/good-loop.co.jp\/de\/wp-json\/wp\/v2\/pages\/531","targetHints":{"allow":["GET"]}}],"collection":[{"href":"https:\/\/good-loop.co.jp\/de\/wp-json\/wp\/v2\/pages"}],"about":[{"href":"https:\/\/good-loop.co.jp\/de\/wp-json\/wp\/v2\/types\/page"}],"author":[{"embeddable":true,"href":"https:\/\/good-loop.co.jp\/de\/wp-json\/wp\/v2\/users\/1"}],"replies":[{"embeddable":true,"href":"https:\/\/good-loop.co.jp\/de\/wp-json\/wp\/v2\/comments?post=531"}],"version-history":[{"count":0,"href":"https:\/\/good-loop.co.jp\/de\/wp-json\/wp\/v2\/pages\/531\/revisions"}],"up":[{"embeddable":true,"href":"https:\/\/good-loop.co.jp\/de\/wp-json\/wp\/v2\/pages\/504"}],"wp:featuredmedia":[{"embeddable":true,"href":"https:\/\/good-loop.co.jp\/de\/wp-json\/wp\/v2\/media\/532"}],"wp:attachment":[{"href":"https:\/\/good-loop.co.jp\/de\/wp-json\/wp\/v2\/media?parent=531"}],"curies":[{"name":"wp","href":"https:\/\/api.w.org\/{rel}","templated":true}]}}