{"id":539,"date":"2024-09-29T19:12:26","date_gmt":"2024-09-29T10:12:26","guid":{"rendered":"https:\/\/good-loop.co.jp\/?page_id=539"},"modified":"2025-10-26T12:09:52","modified_gmt":"2025-10-26T03:09:52","slug":"mattermost","status":"publish","type":"page","link":"https:\/\/good-loop.co.jp\/de\/software\/mattermost\/","title":{"rendered":"Mattermost Implementierung, Betriebsunterst\u00fctzung und Beratung"},"content":{"rendered":"\n<h2 class=\"wp-block-heading\">Ein sicheres, anpassbares Open-Source-Tool f\u00fcr die Teamkommunikation<\/h2>\n\n\n\n<p>Wir bieten Installations- und Hosting-Services f\u00fcr die Open-Source-Version von Mattermost an, um die Kommunikation und Zusammenarbeit im Unternehmen zu verbessern. Mattermost ist eine Open-Source-Chat-Plattform mit unternehmensweiter Sicherheit und Flexibilit\u00e4t, die Teams hilft, ihre Produktivit\u00e4t zu steigern. <\/p>\n\n\n\n<hr class=\"wp-block-separator has-alpha-channel-opacity\" \/>\n\n\n\n<h3 class=\"wp-block-heading\">Die wichtigsten Features und Funktionen von Mattermost<\/h3>\n\n\n\n<ul class=\"wp-block-list\">\n<li><strong>Sichere Nachrichten\u00fcbermittlung<\/strong>\n<ul class=\"wp-block-list\">\n<li>Teilen Sie vertrauliche Informationen sicher mit Ende-zu-Ende-Verschl\u00fcsselung. <\/li>\n<\/ul>\n<\/li>\n\n\n\n<li><strong>Self-Hosting<\/strong>\n<ul class=\"wp-block-list\">\n<li>Nutzen Sie die Vorteile von Open Source und verwalten Sie Ihre Daten vollst\u00e4ndig auf Ihren eigenen Servern. <\/li>\n<\/ul>\n<\/li>\n\n\n\n<li><strong>Hochgradig anpassbar<\/strong>\n<ul class=\"wp-block-list\">\n<li>Erweitern Sie die Funktionalit\u00e4t Ihrer Gesch\u00e4ftsanforderungen durch Plugins und APIs. <\/li>\n<\/ul>\n<\/li>\n\n\n\n<li><strong>Verschiedene Integrationen<\/strong>\n<ul class=\"wp-block-list\">\n<li>Nahtlose Integration mit anderen Tools, einschlie\u00dflich Jira, GitLab und Jenkins. <\/li>\n<\/ul>\n<\/li>\n\n\n\n<li><strong>Multiplattform-Unterst\u00fctzung<\/strong>\n<ul class=\"wp-block-list\">\n<li>Zugriff auf Desktop, Mobilger\u00e4ten und im Web. <\/li>\n<\/ul>\n<\/li>\n<\/ul>\n\n\n\n<hr class=\"wp-block-separator has-alpha-channel-opacity\" \/>\n\n\n\n<h3 class=\"wp-block-heading\">Preis<\/h3>\n\n\n\n<p><strong>Mattermost ist Open-Source-Software, daher fallen keine Lizenzgeb\u00fchren an<\/strong>. Unser Service bietet Pakete mit folgenden Leistungen: <\/p>\n\n\n\n<hr class=\"wp-block-separator has-alpha-channel-opacity\" \/>\n\n\n\n<ul class=\"wp-block-list\">\n<li>Installation und Konfiguration von Software<\/li>\n\n\n\n<li>Bereitstellung einer sicheren Hosting-Umgebung<\/li>\n\n\n\n<li>Regelm\u00e4\u00dfige Backups und Updates<\/li>\n\n\n\n<li>Technischer Support und Schulungen<\/li>\n<\/ul>\n\n\n\n<h3 class=\"wp-block-heading\">Nutzungsgeb\u00fchren (Mattermost von Good Loop)<\/h3>\n\n\n\n<figure class=\"wp-block-table\"><table class=\"has-fixed-layout\"><thead><tr><th>Plan<\/th><th>Starter<\/th><th>Pro<\/th><th>Extra<\/th><\/tr><\/thead><tbody><tr><td>Monatsgeb\u00fchr<\/td><td>\u00a51.000<\/td><td>\u00a598.000<\/td><td>Anfragen<\/td><\/tr><tr><td>Initial Geb\u00fchr<\/td><td>\u00a510.000<\/td><td>\u00a520.000<\/td><td>Anfragen<\/td><\/tr><tr><td>Gesamtzahl der Mitglieder<\/td><td>Unbegrenzt<\/td><td>Unbegrenzt<\/td><td>Unbegrenzt<\/td><\/tr><tr><td>Gesch\u00e4tzte Mitgliederzahl f\u00fcr Komfort<\/td><td>50<\/td><td>500<\/td><td>Unbegrenzt<\/td><\/tr><tr><td>Gesch\u00e4tzter Speicherplatz<\/td><td>5 GB<\/td><td>120 GB<\/td><td>Unbegrenzt<\/td><\/tr><tr><td>Snapshot-Backup<\/td><td>Keine<\/td><td>T\u00e4glich<\/td><td>T\u00e4glich<\/td><\/tr><\/tbody><\/table><figcaption class=\"wp-element-caption\">(ohne Verbrauchssteuer)<\/figcaption><\/figure>\n\n\n\n<h3 class=\"wp-block-heading\">Fallstudie<\/h3>\n\n\n\n<ul class=\"wp-block-list\">\n<li><strong>ABC Co., Ltd.<\/strong>\n<ul class=\"wp-block-list\">\n<li><strong>Herausforderung<\/strong>: Die interne Kommunikation ist fragmentiert, was zu Produktivit\u00e4tseinbu\u00dfen f\u00fchrt. <\/li>\n\n\n\n<li><strong>Effekt<\/strong>: Die Implementierung von Mattermost erm\u00f6glicht einen zentralisierten Informationsaustausch und verbesserte Teamarbeit. <\/li>\n<\/ul>\n<\/li>\n\n\n\n<li><strong>XYZ Corporation<\/strong>\n<ul class=\"wp-block-list\">\n<li><strong>Herausforderung<\/strong>: Hohe Slack-Lizenzgeb\u00fchren und eingeschr\u00e4nkte Anpassungsm\u00f6glichkeiten. <\/li>\n\n\n\n<li><strong>Vorteile<\/strong>: Durch die Migration zu Mattermost konnten wir unsere j\u00e4hrlichen Kosten um 90 % senken und die ben\u00f6tigten Funktionen anpassen. <\/li>\n<\/ul>\n<\/li>\n<\/ul>\n\n\n\n<hr class=\"wp-block-separator has-alpha-channel-opacity\" \/>\n\n\n\n<h3 class=\"wp-block-heading\">Im Vergleich zu Slack und anderen Diensten: Kostenvorteile<\/h3>\n\n\n\n<ul class=\"wp-block-list\">\n<li><strong>Reduzierte Lizenzkosten<\/strong>\n<ul class=\"wp-block-list\">\n<li>Im Vergleich zu kommerziellen Chat-Tools fallen keine Lizenzgeb\u00fchren an Dies reduziert die Kosten erheblich. <\/li>\n<\/ul>\n<\/li>\n\n\n\n<li><strong>Vollst\u00e4ndige Datenhoheit<\/strong>\n<ul class=\"wp-block-list\">\n<li>Verwalten Sie Ihre Daten intern, um Datenschutz und Sicherheit zu gew\u00e4hrleisten. <\/li>\n<\/ul>\n<\/li>\n\n\n\n<li><strong>Flexible Anpassung<\/strong>\n<ul class=\"wp-block-list\">\n<li>Passen Sie Funktionalit\u00e4t und Benutzeroberfl\u00e4che flexibel an Ihre Gesch\u00e4ftsprozesse an. <\/li>\n<\/ul>\n<\/li>\n<\/ul>\n\n\n\n<hr class=\"wp-block-separator has-alpha-channel-opacity\" \/>\n\n\n\n<h3 class=\"wp-block-heading\">Vielseitigkeit und Zuverl\u00e4ssigkeit durch langfristige Entwicklung<\/h3>\n\n\n\n<ul class=\"wp-block-list\">\n<li><strong>Ausgereifte Plattform<\/strong>\n<ul class=\"wp-block-list\">\n<li>Hohe Zuverl\u00e4ssigkeit dank kontinuierlicher Weiterentwicklung und Community-Support. <\/li>\n<\/ul>\n<\/li>\n\n\n\n<li><strong>Regelm\u00e4\u00dfige Updates<\/strong>\n<ul class=\"wp-block-list\">\n<li>Wir f\u00fcgen laufend neue Funktionen und Sicherheitsverbesserungen hinzu. <\/li>\n<\/ul>\n<\/li>\n\n\n\n<li><strong>Aktive Community<\/strong>\n<ul class=\"wp-block-list\">\n<li>Nutzer und Entwickler aus aller Welt tauschen Informationen aus und unterst\u00fctzen sich gegenseitig. <\/li>\n<\/ul>\n<\/li>\n<\/ul>\n\n\n\n<hr class=\"wp-block-separator has-alpha-channel-opacity\" \/>\n\n\n\n<h3 class=\"wp-block-heading\"> Vorteile von Open Source: Dateneigentum<\/h3>\n\n\n\n<ul class=\"wp-block-list\">\n<li><strong> Datenkontrolle<\/strong>\n<ul class=\"wp-block-list\">\n<li> Speichern Sie Daten auf Ihren eigenen Servern und vermeiden Sie die Abh\u00e4ngigkeit von Drittanbietern. <\/li>\n<\/ul>\n<\/li>\n\n\n\n<li><strong>Sicherheit und Compliance<\/strong>\n<ul class=\"wp-block-list\">\n<li>Der Betrieb kann an die Sicherheitsrichtlinien Ihres Unternehmens angepasst werden. <\/li>\n<\/ul>\n<\/li>\n\n\n\n<li><strong>Erweiterbarkeit und Integration<\/strong>\n<ul class=\"wp-block-list\">\n<li>Der Zugriff auf den Quellcode erleichtert das Hinzuf\u00fcgen benutzerdefinierter Funktionen und die Integration in andere Systeme. <\/li>\n<\/ul>\n<\/li>\n<\/ul>\n\n\n\n<hr class=\"wp-block-separator has-alpha-channel-opacity\" \/>\n\n\n\n<p><strong>Mattermost erm\u00f6glicht sichere und effiziente Teamkommunikation. Bitte beachten Sie es. <\/strong><\/p>\n\n\n\n<p class=\"has-x-large-font-size\" style=\"line-height:1.2\">Kontaktieren Sie uns hier<\/p>\n\n\n\n<div class=\"wp-block-buttons is-layout-flex wp-block-buttons-is-layout-flex\">\n<div class=\"wp-block-button has-custom-font-size has-small-font-size\"><a class=\"wp-block-button__link wp-element-button\" href=\"https:\/\/docs.google.com\/forms\/d\/1JATPpeGfRXaemIpjUO1PbKltxmmkNDiiO8owNQoPJU4\/\" target=\"_blank\" rel=\"noreferrer noopener\">\nKontaktieren Sie uns <\/a><\/div>\n<\/div>\n","protected":false},"excerpt":{"rendered":"<p>Ein sicheres, anpassbares Open-Source-Tool f\u00fcr die Teamkommunikation Wir bieten Installations- und Hosting-Services f\u00fcr die Open-Source-Version von Mattermost an, um die Kommunikation und Zusammenarbeit im Unternehmen zu verbessern. Mattermost ist eine Open-Source-Chat-Plattform mit unternehmensweiter Sicherheit und Flexibilit\u00e4t, die Teams hilft, ihre Produktivit\u00e4t zu steigern. Die wichtigsten Features und Funktionen von Mattermost Preis Mattermost ist Open-Source-Software, daher [&hellip;]<\/p>\n","protected":false},"author":1,"featured_media":540,"parent":504,"menu_order":0,"comment_status":"closed","ping_status":"closed","template":"","meta":{"footnotes":""},"class_list":["post-539","page","type-page","status-publish","has-post-thumbnail","hentry"],"_links":{"self":[{"href":"https:\/\/good-loop.co.jp\/de\/wp-json\/wp\/v2\/pages\/539","targetHints":{"allow":["GET"]}}],"collection":[{"href":"https:\/\/good-loop.co.jp\/de\/wp-json\/wp\/v2\/pages"}],"about":[{"href":"https:\/\/good-loop.co.jp\/de\/wp-json\/wp\/v2\/types\/page"}],"author":[{"embeddable":true,"href":"https:\/\/good-loop.co.jp\/de\/wp-json\/wp\/v2\/users\/1"}],"replies":[{"embeddable":true,"href":"https:\/\/good-loop.co.jp\/de\/wp-json\/wp\/v2\/comments?post=539"}],"version-history":[{"count":1,"href":"https:\/\/good-loop.co.jp\/de\/wp-json\/wp\/v2\/pages\/539\/revisions"}],"predecessor-version":[{"id":847,"href":"https:\/\/good-loop.co.jp\/de\/wp-json\/wp\/v2\/pages\/539\/revisions\/847"}],"up":[{"embeddable":true,"href":"https:\/\/good-loop.co.jp\/de\/wp-json\/wp\/v2\/pages\/504"}],"wp:featuredmedia":[{"embeddable":true,"href":"https:\/\/good-loop.co.jp\/de\/wp-json\/wp\/v2\/media\/540"}],"wp:attachment":[{"href":"https:\/\/good-loop.co.jp\/de\/wp-json\/wp\/v2\/media?parent=539"}],"curies":[{"name":"wp","href":"https:\/\/api.w.org\/{rel}","templated":true}]}}