{"id":542,"date":"2024-09-29T19:32:19","date_gmt":"2024-09-29T10:32:19","guid":{"rendered":"https:\/\/good-loop.co.jp\/?page_id=542"},"modified":"2025-10-26T12:10:31","modified_gmt":"2025-10-26T03:10:31","slug":"openproject","status":"publish","type":"page","link":"https:\/\/good-loop.co.jp\/de\/software\/openproject\/","title":{"rendered":"OpenProject Implementierung, Betriebsunterst\u00fctzung und Beratung"},"content":{"rendered":"\n<h2 class=\"wp-block-heading\"><strong>Open-Source-L\u00f6sungen revolutionieren das Projektmanagement <\/h2>\n\n\n\n<hr class=\"wp-block-separator has-alpha-channel-opacity\" \/>\n\n\n\n<p>Wir bieten Installations- und Hosting-Services f\u00fcr die Open-Source-Version von OpenProject an, um Ihr Projektmanagement zu optimieren. OpenProject ist ein funktionsreiches, zuverl\u00e4ssiges Open-Source-Projektmanagement-Tool, das die Zusammenarbeit im Team f\u00f6rdert. <\/p>\n\n\n\n<hr class=\"wp-block-separator has-alpha-channel-opacity\" \/>\n\n\n\n<h3 class=\"wp-block-heading\">Die wichtigsten Features und Funktionen von OpenProject<\/h3>\n\n\n\n<ul class=\"wp-block-list\">\n<li><strong>Aufgabenverwaltung und Gantt-Diagramm<\/strong>\n<ul class=\"wp-block-list\">\n<li>Visualisieren Sie den Projektfortschritt und vereinfachen Sie die Terminverwaltung. <\/li>\n<\/ul>\n<\/li>\n\n\n\n<li><strong>Agile und Scrum-Unterst\u00fctzung<\/strong>\n<ul class=\"wp-block-list\">\n<li>Unterst\u00fctzen Sie die agile Entwicklung mit Kanban-Boards und Backlog-Management. <\/li>\n<\/ul>\n<\/li>\n\n\n\n<li><strong>Zeiterfassung<\/strong>\n<ul class=\"wp-block-list\">\n<li>Arbeitszeit pr\u00e4zise erfassen und Ressourcen optimal verteilen. <\/li>\n<\/ul>\n<\/li>\n\n\n\n<li><strong>Dokumentenverwaltung<\/strong>\n<ul class=\"wp-block-list\">\n<li> Zentralisieren Sie projektbezogene Dokumente und geben Sie sie an Ihr Team weiter. <\/li>\n<\/ul>\n<\/li>\n\n\n\n<li><strong>Benutzerdefinierte Berichte<\/strong>\n<ul class=\"wp-block-list\">\n<li>Projektergebnisse analysieren und Entscheidungsfindung unterst\u00fctzen. <\/li>\n<\/ul>\n<\/li>\n<\/ul>\n\n\n\n<hr class=\"wp-block-separator has-alpha-channel-opacity\" \/>\n\n\n\n<h3 class=\"wp-block-heading\">Preis<\/h3>\n\n\n\n<p><strong>OpenProject ist Open-Source-Software, daher fallen keine Lizenzgeb\u00fchren an<\/strong>. Unser Service bietet folgende Pakete ab <strong>\u00a5XX pro Monat<\/strong>. <\/p>\n\n\n\n<ul class=\"wp-block-list\">\n<li> Software-Setup und -Optimierung<\/li>\n\n\n\n<li> Bereitstellung einer sicheren Hosting-Umgebung<\/li>\n\n\n\n<li> Regelm\u00e4\u00dfige Wartung und Updates<\/li>\n\n\n\n<li> Onboarding-Schulung und Support<\/li>\n<\/ul>\n\n\n\n<h3 class=\"wp-block-heading\"> Nutzungsgeb\u00fchren (OpenProject von Good Loop)<\/h3>\n\n\n\n<figure class=\"wp-block-table\"><table class=\"has-fixed-layout\"><thead><tr><th class=\"has-text-align-left\" data-align=\"left\">Plan<\/th><th class=\"has-text-align-center\" data-align=\"center\">Basic<\/th><th class=\"has-text-align-center\" data-align=\"center\">Pro<\/th><th class=\"has-text-align-center\" data-align=\"center\">Extra<\/th><\/tr><\/thead><tbody><tr><td class=\"has-text-align-left\" data-align=\"left\">Monatliche Geb\u00fchr<br>(1 Benutzer)<\/td><td class=\"has-text-align-center\" data-align=\"center\">\u00a51.000<\/td><td class=\"has-text-align-center\" data-align=\"center\">\u00a51.500<\/td><td class=\"has-text-align-center\" data-align=\"center\">Kontakt<\/td><\/tr><tr><td class=\"has-text-align-left\" data-align=\"left\">Gesch\u00e4tzter Speicherplatz<\/td><td class=\"has-text-align-center\" data-align=\"center\">5 GB<\/td><td class=\"has-text-align-center\" data-align=\"center\">40 GB<\/td><td class=\"has-text-align-center\" data-align=\"center\">Unbegrenzt<\/td><\/tr><tr><td class=\"has-text-align-left\" data-align=\"left\">Snapshots Backup<\/td><td class=\"has-text-align-center\" data-align=\"center\">W\u00f6chentlich<\/td><td class=\"has-text-align-center\" data-align=\"center\">T\u00e4glich<\/td><td class=\"has-text-align-center\" data-align=\"center\">T\u00e4glich<\/td><\/tr><tr><td class=\"has-text-align-left\" data-align=\"left\">Add-on<\/td><td class=\"has-text-align-center\" data-align=\"center\">Keine<\/td><td class=\"has-text-align-center\" data-align=\"center\">Kontakt<\/td><td class=\"has-text-align-center\" data-align=\"center\">Kontakt<\/td><\/tr><\/tbody><\/table><figcaption class=\"wp-element-caption\"> (ohne Mehrwertsteuer)<\/figcaption><\/figure>\n\n\n\n<hr class=\"wp-block-separator has-alpha-channel-opacity\" \/>\n\n\n\n<h3 class=\"wp-block-heading\">Fallstudien<\/h3>\n\n\n\n<ul class=\"wp-block-list\">\n<li><strong>DEF Inc.<\/strong>\n<ul class=\"wp-block-list\">\n<li><strong>Herausforderung<\/strong>: Projektinformationen sind verstreut und schwer zu verwalten. <\/li>\n\n\n\n<li><strong>Effekt<\/strong>: OpenProject zentralisiert Informationen und verbessert den Projekterfolg. <\/li>\n<\/ul>\n<\/li>\n\n\n\n<li><strong>LMN Enterprise<\/strong>\n<ul class=\"wp-block-list\">\n<li><strong>Herausforderung<\/strong>: Kostensenkung f\u00fcr teure Projektmanagement-Tools. <\/li>\n\n\n\n<li><strong>Effekt<\/strong>: Die Migration auf Open Source reduzierte die Kosten um 80 % und optimierte die Funktionalit\u00e4t. <\/li>\n<\/ul>\n<\/li>\n<\/ul>\n\n\n\n<hr class=\"wp-block-separator has-alpha-channel-opacity\" \/>\n\n\n\n<h3 class=\"wp-block-heading\">Im Vergleich zu Microsoft Project und anderen Tools: Kostenvorteile<\/h3>\n\n\n\n<ul class=\"wp-block-list\">\n<li><strong>Geringere Lizenzkosten<\/strong>\n<ul class=\"wp-block-list\">\n<li>Im Vergleich zu kommerziellen Tools fallen keine Lizenzgeb\u00fchren an. Senkung der Betriebskosten. \n<ul class=\"wp-block-list\">\n<li>Microsoft Project, Atlassian Jira, Asana usw. haben hohe Lizenz- und Abonnementgeb\u00fchren.<\/li>\n<\/ul>\n<\/li>\n<\/ul>\n<\/li>\n\n\n\n<li><strong>Anpassbarkeit<\/strong>\n<ul class=\"wp-block-list\">\n<li>Da es sich um Open Source handelt, kann es an spezifische Gesch\u00e4ftsprozesse angepasst werden. <\/li>\n<\/ul>\n<\/li>\n\n\n\n<li><strong>Dateneigentum<\/strong>\n<ul class=\"wp-block-list\">\n<li>Verwalten Sie Ihre Projektdaten intern f\u00fcr mehr Sicherheit. <\/li>\n<\/ul>\n<\/li>\n<\/ul>\n\n\n\n<hr class=\"wp-block-separator has-alpha-channel-opacity\" \/>\n\n\n\n<h3 class=\"wp-block-heading\">Vielseitigkeit und Zuverl\u00e4ssigkeit durch langfristige Entwicklung<\/h3>\n\n\n\n<ul class=\"wp-block-list\">\n<li><strong>Stabile Plattform<\/strong>\n<ul class=\"wp-block-list\">\n<li>Kontinuierliche Weiterentwicklung gem\u00e4\u00df den neuesten Projektmanagementmethoden. <\/li>\n<\/ul>\n<\/li>\n\n\n\n<li><strong>Community-Support<\/strong>\n<ul class=\"wp-block-list\">\n<li>Eine aktive Benutzer-Community zum Informationsaustausch und zur Probleml\u00f6sung. <\/li>\n<\/ul>\n<\/li>\n<\/ul>\n\n\n\n<hr class=\"wp-block-separator has-alpha-channel-opacity\" \/>\n\n\n\n<h3 class=\"wp-block-heading\"> Die Vorteile von Open Source: Dateneigentum<\/h3>\n\n\n\n<ul class=\"wp-block-list\">\n<li><strong> Vollst\u00e4ndige Datenkontrolle<\/strong>\n<ul class=\"wp-block-list\">\n<li> Sie kontrollieren, wo Ihre Daten gespeichert werden und wer darauf Zugriff hat. <\/li>\n<\/ul>\n<\/li>\n\n\n\n<li><strong>Sicherheit und Datenschutz<\/strong>\n<ul class=\"wp-block-list\">\n<li>Datenverwaltung gem\u00e4\u00df internen Regeln und Vorschriften. <\/li>\n<\/ul>\n<\/li>\n\n\n\n<li><strong>Integration und Erweiterbarkeit<\/strong>\n<ul class=\"wp-block-list\">\n<li>Einfache Integration mit anderen Systemen und Tools. <\/li>\n<\/ul>\n<\/li>\n<\/ul>\n\n\n\n<hr class=\"wp-block-separator has-alpha-channel-opacity\" \/>\n\n\n\n<p><strong>St\u00e4rken Sie Ihr Projektmanagement und steigern Sie Ihren Gesch\u00e4ftserfolg mit OpenProject. \u00dcberlegen Sie es sich. <\/strong><\/p>\n\n\n\n<p class=\"has-x-large-font-size\" style=\"line-height:1.2\">Kontaktieren Sie uns hier<\/p>\n\n\n\n<div class=\"wp-block-buttons is-layout-flex wp-block-buttons-is-layout-flex\">\n<div class=\"wp-block-button has-custom-font-size has-small-font-size\"><a class=\"wp-block-button__link wp-element-button\" href=\"https:\/\/docs.google.com\/forms\/d\/1JATPpeGfRXaemIpjUO1PbKltxmmkNDiiO8owNQoPJU4\/\" target=\"_blank\" rel=\"noreferrer noopener\">\nKontaktieren Sie uns <\/a><\/div>\n<\/div>\n","protected":false},"excerpt":{"rendered":"<p>Open-Source-L\u00f6sungen revolutionieren das Projektmanagement Wir bieten Installations- und Hosting-Services f\u00fcr die Open-Source-Version von OpenProject an, um Ihr Projektmanagement zu optimieren. OpenProject ist ein funktionsreiches, zuverl\u00e4ssiges Open-Source-Projektmanagement-Tool, das die Zusammenarbeit im Team f\u00f6rdert. Die wichtigsten Features und Funktionen von OpenProject Preis OpenProject ist Open-Source-Software, daher fallen keine Lizenzgeb\u00fchren an. Unser Service bietet folgende Pakete ab \u00a5XX [&hellip;]<\/p>\n","protected":false},"author":1,"featured_media":543,"parent":504,"menu_order":0,"comment_status":"closed","ping_status":"closed","template":"","meta":{"footnotes":""},"class_list":["post-542","page","type-page","status-publish","has-post-thumbnail","hentry"],"_links":{"self":[{"href":"https:\/\/good-loop.co.jp\/de\/wp-json\/wp\/v2\/pages\/542","targetHints":{"allow":["GET"]}}],"collection":[{"href":"https:\/\/good-loop.co.jp\/de\/wp-json\/wp\/v2\/pages"}],"about":[{"href":"https:\/\/good-loop.co.jp\/de\/wp-json\/wp\/v2\/types\/page"}],"author":[{"embeddable":true,"href":"https:\/\/good-loop.co.jp\/de\/wp-json\/wp\/v2\/users\/1"}],"replies":[{"embeddable":true,"href":"https:\/\/good-loop.co.jp\/de\/wp-json\/wp\/v2\/comments?post=542"}],"version-history":[{"count":1,"href":"https:\/\/good-loop.co.jp\/de\/wp-json\/wp\/v2\/pages\/542\/revisions"}],"predecessor-version":[{"id":848,"href":"https:\/\/good-loop.co.jp\/de\/wp-json\/wp\/v2\/pages\/542\/revisions\/848"}],"up":[{"embeddable":true,"href":"https:\/\/good-loop.co.jp\/de\/wp-json\/wp\/v2\/pages\/504"}],"wp:featuredmedia":[{"embeddable":true,"href":"https:\/\/good-loop.co.jp\/de\/wp-json\/wp\/v2\/media\/543"}],"wp:attachment":[{"href":"https:\/\/good-loop.co.jp\/de\/wp-json\/wp\/v2\/media?parent=542"}],"curies":[{"name":"wp","href":"https:\/\/api.w.org\/{rel}","templated":true}]}}