{"id":546,"date":"2024-09-29T20:00:00","date_gmt":"2024-09-29T11:00:00","guid":{"rendered":"https:\/\/good-loop.co.jp\/?page_id=546"},"modified":"2024-09-29T20:00:00","modified_gmt":"2024-09-29T11:00:00","slug":"nextcloud","status":"publish","type":"page","link":"https:\/\/good-loop.co.jp\/de\/software\/nextcloud\/","title":{"rendered":"NextCloud Implementierung, Betriebsunterst\u00fctzung und Beratung"},"content":{"rendered":"\n<h2 class=\"wp-block-heading\"><strong>Sichere und flexible Open-Source-Cloud-Speicherl\u00f6sung<\/h2>\n\n\n\n<hr class=\"wp-block-separator has-alpha-channel-opacity\" \/>\n\n\n\n<p>Wir bieten Installations- und Hosting-Services f\u00fcr die Open-Source-Version von <strong>Nextcloud<\/strong> und erm\u00f6glichen so sicheres Datenmanagement und Zusammenarbeit. Nextcloud ist eine Cloud-Speicherplattform, die Sie auf Ihren eigenen Servern betreiben k\u00f6nnen und so Datenschutz und Sicherheit gew\u00e4hrleistet. <\/p>\n\n\n\n<hr class=\"wp-block-separator has-alpha-channel-opacity\" \/>\n\n\n\n<h3 class=\"wp-block-heading\">Wichtige Features und Funktionen von Nextcloud<\/h3>\n\n\n\n<ul class=\"wp-block-list\">\n<li><strong>Dateifreigabe und -synchronisierung<\/strong>\n<ul class=\"wp-block-list\">\n<li>Nahtlose Dateisynchronisierung und -freigabe zwischen Ger\u00e4ten. <\/li>\n<\/ul>\n<\/li>\n\n\n\n<li><strong>Dokumenten-Zusammenarbeit<\/strong>\n<ul class=\"wp-block-list\">\n<li>Steigern Sie die Teamproduktivit\u00e4t durch Echtzeit-Zusammenarbeit. <\/li>\n<\/ul>\n<\/li>\n\n\n\n<li><strong>Kalender und Kontakte<\/strong>\n<ul class=\"wp-block-list\">\n<li>Verwalten Sie Ihren Terminkalender und Ihre Kontakte an einem Ort. <\/li>\n<\/ul>\n<\/li>\n\n\n\n<li><strong>Videokonferenzen und Chat<\/strong>\n<ul class=\"wp-block-list\">\n<li>Reibungslose Teamarbeit mit integrierten Kommunikationstools. <\/li>\n<\/ul>\n<\/li>\n\n\n\n<li><strong>App-Erweiterbarkeit<\/strong>\n<ul class=\"wp-block-list\">\n<li>Erweitern Sie Funktionen und passen Sie zahlreiche Apps an Ihre Bed\u00fcrfnisse an. <\/li>\n<\/ul>\n<\/li>\n<\/ul>\n\n\n\n<hr class=\"wp-block-separator has-alpha-channel-opacity\" \/>\n\n\n\n<h3 class=\"wp-block-heading\">Preis<\/h3>\n\n\n\n<p><strong>Nextcloud ist Open-Source-Software, daher fallen keine Lizenzgeb\u00fchren an<\/strong>. Unser Service bietet Pakete mit folgenden Leistungen. Wir erstellen das passende Paket f\u00fcr Ihre Bed\u00fcrfnisse und bieten Ihnen wettbewerbsf\u00e4hige Preise. <\/p>\n\n\n\n<ul class=\"wp-block-list\">\n<li>Systeminstallation und -konfiguration<\/li>\n\n\n\n<li>Bereitstellung einer sicheren Hosting-Umgebung<\/li>\n\n\n\n<li>Regelm\u00e4\u00dfige Updates und Sicherheitsma\u00dfnahmen<\/li>\n\n\n\n<li>Benutzersupport und technische Unterst\u00fctzung<\/li>\n<\/ul>\n\n\n\n<hr class=\"wp-block-separator has-alpha-channel-opacity\" \/>\n\n\n\n<h3 class=\"wp-block-heading\">Fallstudie<\/h3>\n\n\n\n<ul class=\"wp-block-list\">\n<li><strong>GHI Co., Ltd.<\/strong>\n<ul class=\"wp-block-list\">\n<li><strong>Herausforderung<\/strong>: Cloud-Speicherkosten und Sicherheitsrisiken. <\/li>\n\n\n\n<li><strong>Vorteil<\/strong>: Die Implementierung von Nextcloud reduzierte die Kosten und erh\u00f6hte die Datensicherheit. <\/li>\n<\/ul>\n<\/li>\n\n\n\n<li><strong>OPQ-L\u00f6sungen<\/strong>\n<ul class=\"wp-block-list\">\n<li><strong>Herausforderung<\/strong>: Effizienter Dateiaustausch bei Remote-Arbeit. <\/li>\n\n\n\n<li><strong>Effekt<\/strong>: Nextcloud erm\u00f6glicht eine reibungslose Zusammenarbeit zwischen Teams. <\/li>\n<\/ul>\n<\/li>\n<\/ul>\n\n\n\n<hr class=\"wp-block-separator has-alpha-channel-opacity\" \/>\n\n\n\n<h3 class=\"wp-block-heading\">Im Vergleich zu Dropbox, Google Drive und Box: Kostenvorteile<\/h3>\n\n\n\n<ul class=\"wp-block-list\">\n<li><strong>Reduzierte Lizenzkosten<\/strong>\n<ul class=\"wp-block-list\">\n<li>Deutlich reduzierte Betriebskosten im Vergleich zu kommerziellen Cloud-Diensten. <\/li>\n<\/ul>\n<\/li>\n\n\n\n<li><strong>Vollst\u00e4ndige Datenhoheit<\/strong>\n<ul class=\"wp-block-list\">\n<li>Verwalten Sie Ihre Daten intern und halten Sie Datenschutz- und Compliance-Standards ein. <\/li>\n<\/ul>\n<\/li>\n\n\n\n<li><strong>Anpassung und Integration<\/strong>\n<ul class=\"wp-block-list\">\n<li>Open Source erm\u00f6glicht individuelle Funktionen und Systemintegration. <\/li>\n<\/ul>\n<\/li>\n<\/ul>\n\n\n\n<hr class=\"wp-block-separator has-alpha-channel-opacity\" \/>\n\n\n\n<h3 class=\"wp-block-heading\"> Vielseitigkeit und Zuverl\u00e4ssigkeit durch langfristige Entwicklung<\/h3>\n\n\n\n<ul class=\"wp-block-list\">\n<li><strong> Zuverl\u00e4ssige Plattform<\/strong>\n<ul class=\"wp-block-list\">\n<li> Kontinuierliche Updates sorgen f\u00fcr die neuesten Funktionen und Sicherheit. <\/li>\n<\/ul>\n<\/li>\n\n\n\n<li><strong>Aktive Community<\/strong>\n<ul class=\"wp-block-list\">\n<li>Nutzer aus aller Welt teilen ihr umfangreiches Wissen und ihre Unterst\u00fctzung. <\/li>\n<\/ul>\n<\/li>\n<\/ul>\n\n\n\n<hr class=\"wp-block-separator has-alpha-channel-opacity\" \/>\n\n\n\n<h3 class=\"wp-block-heading\"> Vorteile von Open Source: Dateneigentum<\/h3>\n\n\n\n<ul class=\"wp-block-list\">\n<li><strong> Datenschutz<\/strong>\n<ul class=\"wp-block-list\">\n<li> Minimieren Sie das Risiko von Datenlecks. <\/li>\n<\/ul>\n<\/li>\n\n\n\n<li><strong> Einhaltung der gesetzlichen Bestimmungen<\/strong>\n<ul class=\"wp-block-list\">\n<li> Einhaltung der Datenschutzgesetze in jedem Land. <\/li>\n<\/ul>\n<\/li>\n\n\n\n<li><strong>An Gesch\u00e4ftsanforderungen anpassen<\/strong>\n<ul class=\"wp-block-list\">\n<li>Optimieren Sie das System f\u00fcr Ihre individuellen Anforderungen. <\/li>\n<\/ul>\n<\/li>\n<\/ul>\n\n\n\n<p><strong>Nextcloud erm\u00f6glicht sicheres und effizientes Datenmanagement und erweitert Ihre Gesch\u00e4ftsm\u00f6glichkeiten. Nutzen Sie es! <\/strong><\/p>\n\n\n\n<p class=\"has-x-large-font-size\" style=\"line-height:1.2\">Kontaktieren Sie uns hier<\/p>\n\n\n\n<div class=\"wp-block-buttons is-layout-flex wp-block-buttons-is-layout-flex\">\n<div class=\"wp-block-button has-custom-font-size has-small-font-size\"><a class=\"wp-block-button__link wp-element-button\" href=\"https:\/\/docs.google.com\/forms\/d\/1JATPpeGfRXaemIpjUO1PbKltxmmkNDiiO8owNQoPJU4\/\" target=\"_blank\" rel=\"noreferrer noopener\">\nKontaktieren Sie uns <\/a><\/div>\n<\/div>\n","protected":false},"excerpt":{"rendered":"<p>Sichere und flexible Open-Source-Cloud-Speicherl\u00f6sung Wir bieten Installations- und Hosting-Services f\u00fcr die Open-Source-Version von Nextcloud und erm\u00f6glichen so sicheres Datenmanagement und Zusammenarbeit. Nextcloud ist eine Cloud-Speicherplattform, die Sie auf Ihren eigenen Servern betreiben k\u00f6nnen und so Datenschutz und Sicherheit gew\u00e4hrleistet. Wichtige Features und Funktionen von Nextcloud Preis Nextcloud ist Open-Source-Software, daher fallen keine Lizenzgeb\u00fchren an. Unser [&hellip;]<\/p>\n","protected":false},"author":1,"featured_media":547,"parent":504,"menu_order":0,"comment_status":"closed","ping_status":"closed","template":"","meta":{"footnotes":""},"class_list":["post-546","page","type-page","status-publish","has-post-thumbnail","hentry"],"_links":{"self":[{"href":"https:\/\/good-loop.co.jp\/de\/wp-json\/wp\/v2\/pages\/546","targetHints":{"allow":["GET"]}}],"collection":[{"href":"https:\/\/good-loop.co.jp\/de\/wp-json\/wp\/v2\/pages"}],"about":[{"href":"https:\/\/good-loop.co.jp\/de\/wp-json\/wp\/v2\/types\/page"}],"author":[{"embeddable":true,"href":"https:\/\/good-loop.co.jp\/de\/wp-json\/wp\/v2\/users\/1"}],"replies":[{"embeddable":true,"href":"https:\/\/good-loop.co.jp\/de\/wp-json\/wp\/v2\/comments?post=546"}],"version-history":[{"count":0,"href":"https:\/\/good-loop.co.jp\/de\/wp-json\/wp\/v2\/pages\/546\/revisions"}],"up":[{"embeddable":true,"href":"https:\/\/good-loop.co.jp\/de\/wp-json\/wp\/v2\/pages\/504"}],"wp:featuredmedia":[{"embeddable":true,"href":"https:\/\/good-loop.co.jp\/de\/wp-json\/wp\/v2\/media\/547"}],"wp:attachment":[{"href":"https:\/\/good-loop.co.jp\/de\/wp-json\/wp\/v2\/media?parent=546"}],"curies":[{"name":"wp","href":"https:\/\/api.w.org\/{rel}","templated":true}]}}