{"id":573,"date":"2025-03-08T12:41:02","date_gmt":"2025-03-08T03:41:02","guid":{"rendered":"https:\/\/good-loop.co.jp\/?page_id=573"},"modified":"2025-03-08T12:41:02","modified_gmt":"2025-03-08T03:41:02","slug":"bauauktionskonsignation","status":"publish","type":"page","link":"https:\/\/good-loop.co.jp\/de\/auktionssendung\/bauauktionskonsignation\/","title":{"rendered":"Auktionsagent f\u00fcr Gebrauchtmaschinen"},"content":{"rendered":"\n<h2 class=\"wp-block-heading\">Sicherer und zuverl\u00e4ssiger Auktionsservice f\u00fcr gebrauchte Bau- und Schwermaschinen<\/h2>\n\n\n\n<p>Zus\u00e4tzlich zu unserem Auktionsservice f\u00fcr Gebrauchtwagen haben wir einen neuen Auktionsservice f\u00fcr gebrauchte Bau- und Schwermaschinen eingef\u00fchrt<\/strong>. <\/p>\n\n\n\n<h3 class=\"wp-block-heading\"><strong>Haben Sie diese Bedenken? <\/strong><\/h3>\n\n\n\n<ul class=\"wp-block-list\">\n<li>Ich m\u00f6chte meine Bau- und Schwermaschinen zu einem hohen Preis verkaufen, wei\u00df aber nicht, wo ich sie am besten verkaufen kann. <\/li>\n\n\n\n<li>Ich kenne keinen zuverl\u00e4ssigen Auktionsplatz. <\/li>\n\n\n\n<li>Die direkte Teilnahme an einer Auktion ist kompliziert und zeitaufw\u00e4ndig. <\/li>\n\n\n\n<li>Ich kenne den Marktpreis nicht und mache mir Sorgen, ob ich ein faires Angebot bekomme. <\/li>\n<\/ul>\n\n\n\n<p>Unser Proxy-Service l\u00f6st all diese Probleme! <\/p>\n\n\n\n<hr class=\"wp-block-separator has-alpha-channel-opacity\" \/>\n\n\n\n<h2 class=\"wp-block-heading\"><strong>Serviceleistungen<\/strong><\/h2>\n\n\n\n<h3 class=\"wp-block-heading\"><strong>1. Umfangreiches Auktionsnetzwerk<\/strong><\/h3>\n\n\n\n<p>Wir arbeiten mit den gr\u00f6\u00dften Auktionsplattformen f\u00fcr gebrauchte Bau- und Schwermaschinen in Japan zusammen (Arai Auction, SOGO Auction, THI AssetLine, JEN Auction usw.), um unseren Kunden den optimalen Auktionsort zu empfehlen. <\/p>\n\n\n\n<h3 class=\"wp-block-heading\"><strong>2. Vorschlag der optimalen Verkaufsstrategie<\/strong><\/h3>\n\n\n\n<p>Wir analysieren Markttrends bei herstellergebundenen Auktionen, unabh\u00e4ngigen Auktionen und Auslandsauktionen mit dem Ziel, den h\u00f6chstm\u00f6glichen Verkaufspreis zu erzielen<\/strong>. <\/p>\n\n\n\n<h3 class=\"wp-block-heading\"><strong>3. Komplette Betreuung vom Angebot bis zum Abschluss<\/strong><\/h3>\n\n\n\n<p><strong>Keine Auktionsmitgliedschaft erforderlich! <\/strong> Wir k\u00fcmmern uns um alle Abl\u00e4ufe \u2013 vom Angebot \u00fcber die Gebotsabgabe und die Abwicklung bis hin zum Versand. Wir unterst\u00fctzen reibungslose Transaktionen. <\/p>\n\n\n\n<h3 class=\"wp-block-heading\"><strong>4. Marktforschung &amp; Fair-Price-Transaktionen<\/strong><\/h3>\n\n\n\n<p>Wir nutzen Marktdaten, um den fairen Preis im Voraus zu ermitteln. Wir unterst\u00fctzen Sie bei der Entscheidung zum Verkaufszeitpunkt und der Abgabe des richtigen Gebots. <\/p>\n\n\n\n<h3 class=\"wp-block-heading\"><strong>5. Wir organisieren auch den Transport nach dem erfolgreichen Gebot. <\/strong><\/h3>\n\n\n\n<p>Wir organisieren auch den Transport f\u00fcr schweres Ger\u00e4t, das auf Auktionen gekauft oder verkauft wurde! Wir liefern sicher und zuverl\u00e4ssig \u00fcberall im Land. <\/p>\n\n\n\n<hr class=\"wp-block-separator has-alpha-channel-opacity\" \/>\n\n\n\n<h2 class=\"wp-block-heading\"><strong>Auktionslistung und Erfolgsprozess<\/strong><\/h2>\n\n\n\n<h3 class=\"wp-block-heading\"><strong>\u3010Kunden, die inserieren m\u00f6chten\u3011<\/strong><\/h3>\n\n\n\n<ol start=\"1\" class=\"wp-block-list\">\n<li><strong>Kontakt<\/strong><br>Bitte kontaktieren Sie uns \u00fcber das Anfrageformular<\/li>\n\n\n\n<li><strong> Bewertung und Auktionsauswahl<\/strong><br> Wir bewerten die Bau- und Schwermaschinen, die Sie verkaufen m\u00f6chten, und w\u00e4hlen die am besten geeignete Auktion aus.<\/li>\n\n\n\n<li><strong> Auktionslistung<\/strong><br> Wir listen die Maschinen in Ihrem Namen zur Auktion auf.<\/li>\n\n\n\n<li><strong> Erfolgreiches Gebot, Vertrag und Zahlung<\/strong><br> Nach erfolgreichem Gebot erfolgt die Zahlung nach Abschluss der Verfahren.<\/li>\n<\/ol>\n\n\n\n<h3 class=\"wp-block-heading\"><strong> [Kunden interessiert an Bieten]<\/strong><\/h3>\n\n\n\n<ol start=\"1\" class=\"wp-block-list\">\n<li><strong> Wir fragen Sie nach Ihrem Wunschmodell.<\/strong><br> Wir fragen Sie nach Ihrem Wunschmodell, Hersteller, Spezifikationen und Budget.<\/li>\n\n\n\n<li><strong> Wir w\u00e4hlen die optimale Auktion aus.<\/strong><br> Wir f\u00fchren Sie zu einer Auktion, die Ihren Anforderungen entspricht.<\/li>\n\n\n\n<li><strong> Bieten &amp; Gewinnvertretung <\/strong><br> Wir bieten in Ihrem Namen zum gew\u00fcnschten Preis und erhalten den Zuschlag zum besten Preis.<\/li>\n\n\n\n<li><strong> Transport &amp; Lieferung<\/strong><br> Wir k\u00fcmmern uns auch um den Versand nach der Auktion aus einer Hand<\/li>\n<\/ol>\n\n\n\n<hr class=\"wp-block-separator has-alpha-channel-opacity\" \/>\n\n\n\n<h2 class=\"wp-block-heading\"><strong> Beispiele f\u00fcr Bau- und Schwermaschinen<\/strong><\/h2>\n\n\n\n<p>&#x2705; Hydraulikbagger<br>&#x2705; Radlader<br>&#x2705; Planierraupen, Kr\u00e4ne, Gabelstapler, Muldenkipper, Asphaltfertiger, Sonstige Baumaschinen\n\n\n\n<p class=\"has-x-large-font-size\" style=\"line-height:1.2\">Kontaktieren Sie uns<\/p>\n\n\n\n<div class=\"wp-block-buttons is-layout-flex wp-block-buttons-is-layout-flex\">\n<div class=\"wp-block-button has-custom-font-size has-small-font-size\"><a class=\"wp-block-button__link wp-element-button\" href=\"https:\/\/docs.google.com\/forms\/d\/1JATPpeGfRXaemIpjUO1PbKltxmmkNDiiO8owNQoPJU4\/\" target=\"_blank\" rel=\"noreferrer noopener\">\nKontaktieren Sie uns<\/a><\/div>\n<\/div>\n","protected":false},"excerpt":{"rendered":"<p>Sicherer und zuverl\u00e4ssiger Auktionsservice f\u00fcr gebrauchte Bau- und Schwermaschinen Zus\u00e4tzlich zu unserem Auktionsservice f\u00fcr Gebrauchtwagen haben wir einen neuen Auktionsservice f\u00fcr gebrauchte Bau- und Schwermaschinen eingef\u00fchrt. Haben Sie diese Bedenken? Unser Proxy-Service l\u00f6st all diese Probleme! Serviceleistungen 1. Umfangreiches Auktionsnetzwerk Wir arbeiten mit den gr\u00f6\u00dften Auktionsplattformen f\u00fcr gebrauchte Bau- und Schwermaschinen in Japan zusammen (Arai [&hellip;]<\/p>\n","protected":false},"author":1,"featured_media":577,"parent":478,"menu_order":0,"comment_status":"closed","ping_status":"closed","template":"","meta":{"footnotes":""},"class_list":["post-573","page","type-page","status-publish","has-post-thumbnail","hentry"],"_links":{"self":[{"href":"https:\/\/good-loop.co.jp\/de\/wp-json\/wp\/v2\/pages\/573","targetHints":{"allow":["GET"]}}],"collection":[{"href":"https:\/\/good-loop.co.jp\/de\/wp-json\/wp\/v2\/pages"}],"about":[{"href":"https:\/\/good-loop.co.jp\/de\/wp-json\/wp\/v2\/types\/page"}],"author":[{"embeddable":true,"href":"https:\/\/good-loop.co.jp\/de\/wp-json\/wp\/v2\/users\/1"}],"replies":[{"embeddable":true,"href":"https:\/\/good-loop.co.jp\/de\/wp-json\/wp\/v2\/comments?post=573"}],"version-history":[{"count":0,"href":"https:\/\/good-loop.co.jp\/de\/wp-json\/wp\/v2\/pages\/573\/revisions"}],"up":[{"embeddable":true,"href":"https:\/\/good-loop.co.jp\/de\/wp-json\/wp\/v2\/pages\/478"}],"wp:featuredmedia":[{"embeddable":true,"href":"https:\/\/good-loop.co.jp\/de\/wp-json\/wp\/v2\/media\/577"}],"wp:attachment":[{"href":"https:\/\/good-loop.co.jp\/de\/wp-json\/wp\/v2\/media?parent=573"}],"curies":[{"name":"wp","href":"https:\/\/api.w.org\/{rel}","templated":true}]}}