{"id":575,"date":"2025-03-08T12:59:34","date_gmt":"2025-03-08T03:59:34","guid":{"rendered":"https:\/\/good-loop.co.jp\/?page_id=575"},"modified":"2025-03-08T12:59:34","modified_gmt":"2025-03-08T03:59:34","slug":"bauauktionsmarkt","status":"publish","type":"page","link":"https:\/\/good-loop.co.jp\/de\/auktionssendung\/bauauktionsmarkt\/","title":{"rendered":"Marktanalyse f\u00fcr Baumaschinen- und Schwermaschinenauktionen"},"content":{"rendered":"\n<h2 class=\"wp-block-heading\">Einleitung<\/h2>\n\n\n\n<p>Der Auktionsmarkt f\u00fcr gebrauchte Baumaschinen und Schwermaschinen in Japan ist in den letzten Jahren rasant gewachsen. Spezialisierte Auktionen f\u00fcr H\u00e4ndler stehen dabei im Vordergrund, an denen sich eine Vielzahl von herstellergebundenen und unabh\u00e4ngigen Akteuren beteiligt. Dieser Artikel bietet einen detaillierten \u00dcberblick \u00fcber die wichtigsten Auktionsanbieter, ihre Marktanteile und ihr Transaktionsvolumen. <\/p>\n\n\n\n<hr class=\"wp-block-separator has-alpha-channel-opacity\" \/>\n\n\n\n<h2 class=\"wp-block-heading\">1. Gro\u00dfe Auktionsh\u00e4user f\u00fcr gebrauchte Bau- und Schwermaschinen<\/h2>\n\n\n\n<h3 class=\"wp-block-heading\"><strong>Herstellerbezogene Auktionen<\/strong><\/h3>\n\n\n\n<p>Auktionen von Herstellern zum Vertrieb ihrer eigenen Produkte. <\/p>\n\n\n\n<ul class=\"wp-block-list\">\n<li><strong>Komatsu Quick<\/strong><\/li>\n\n\n\n<li><strong>Hitachi Baumaschinenauktion<\/strong><\/li>\n\n\n\n<li><strong>Kobelco Baumaschinenhandel (KIT)<\/strong><\/li>\n<\/ul>\n\n\n\n<h3 class=\"wp-block-heading\"><strong>Gebrauchtwagenauktionen (Baumaschinen Ausr\u00fcstung)<\/strong><\/h3>\n\n\n\n<p>Ein Unternehmen, das urspr\u00fcnglich Autoauktionen betrieb, hat sein Angebot auf Baumaschinenauktionen ausgeweitet. <\/p>\n\n\n\n<ul class=\"wp-block-list\">\n<li><strong>Arai-Auktion<\/strong><\/li>\n\n\n\n<li><strong>USS<\/strong><\/li>\n\n\n\n<li><strong>JU<\/strong><\/li>\n<\/ul>\n\n\n\n<h3 class=\"wp-block-heading\"><strong>Unabh\u00e4ngiger Baumaschinenauktionator<\/strong><\/h3>\n\n\n\n<p>Betreibt spezialisierte Auktionen f\u00fcr gebrauchte Baumaschinen und handelt mit K\u00e4ufern im In- und Ausland. <\/p>\n\n\n\n<ul class=\"wp-block-list\">\n<li><strong>SOGO-Auktion (<strong>Sogo Tsusho<\/strong>)<\/strong><\/li>\n\n\n\n<li><strong>THI (AssetLine-Auktion)<\/strong><\/li>\n\n\n\n<li><strong>JEN-Auktion (JEN)<\/strong><\/li>\n\n\n\n<li><strong>NORI-Auktion (Toku Shoji)<\/strong><\/li>\n\n\n\n<li><strong> Gr\u00fcne Auktion (Gr\u00fcne Gesellschaft)<\/strong><\/li>\n\n\n\n<li><strong> AKTIO (Aktio)<\/strong><\/li>\n\n\n\n<li><strong> GUIA-Auktion (NDT)<\/strong><\/li>\n\n\n\n<li><strong> TOZAI BID (Tozai Trading)<\/strong><\/li>\n\n\n\n<li><strong> ALLSTOCKER (Toyo Environmental Entwicklung)<\/strong><\/li>\n<\/ul>\n\n\n\n<hr class=\"wp-block-separator has-alpha-channel-opacity\" \/>\n\n\n\n<h2 class=\"wp-block-heading\">2. Marktanteil und Transaktionsvolumen<\/h2>\n\n\n\n<h3 class=\"wp-block-heading\"><strong> Zusammensetzung des Marktanteils insgesamt<\/strong><\/h3>\n\n\n\n<p>Der Auktionsmarkt f\u00fcr gebrauchte Baumaschinen in Japan wird haupts\u00e4chlich von unabh\u00e4ngigen Auktionen bestimmt. Insbesondere folgende Betreiber halten einen gro\u00dfen Anteil: <\/p>\n\n\n\n<figure class=\"wp-block-table\"><table class=\"has-fixed-layout\"><thead><tr><th> Auktionshaus<\/th><th> J\u00e4hrliche Anzahl der Auktionen<\/th><th> Wichtige Gesch\u00e4ftspartner<\/th><\/tr><\/thead><tbody><tr><td> Arai Auction<\/td><td> Ca. 50.000 Einheiten<\/td><td> Inl\u00e4ndische H\u00e4ndler und ausl\u00e4ndische Exporteure<\/td><\/tr><tr><td> JEN Auction<\/td><td> Ca. 8.000 Einheiten<\/td><td> Inl\u00e4ndisch und \u00dcbersee<\/td><\/tr><tr><td>T HI (AssetLine) <\/td><td> Ca. 5.000 Einheiten <\/td><td> K\u00e4ufer aus 72 L\u00e4ndern <\/td><\/tr><tr><td> SOGO (Social Organization) von globalen Organisationen) <\/td><td> Tausende von Einheiten <\/td><td> Inl\u00e4ndische und internationale Anbieter <\/td><\/tr><tr><td> GUIA-Auktion <\/td><td> Tausende von Einheiten <\/td><td> Haupts\u00e4chlich Vermietungsunternehmen <\/td><\/tr><\/tbody><\/table><\/figure>\n\n\n\n<p> Herstellergebundene Auktionen konzentrieren sich auf Transaktionen mit ihren eigenen Marken, und ihr Marktanteil ist relativ gering. <\/p>\n\n\n<!-- \/wp:post-content -->\n<hr class=\"wp-block-separator has-alpha-channel-opacity\" \/>\n<!-- \/wp:separator -->\n\n<!-- wp:heading -->\n<h2 class=\"wp-block-heading\">3. Merkmale und Trends von Auktionstransaktionen<\/h2>\n<!-- \/wp:heading -->\n\n<!-- wp:heading {\"level\": 3} -->\n<h3 class=\"wp-block-heading\"><strong>Aktuelle Trends<\/strong><\/h3>\n<!-- \/wp:heading -->\n\n<!-- wp:paragraph -->\n<p> <strong>Zunahme ausl\u00e4ndischer K\u00e4ufer<\/strong>: Die Nachfrage nach Exporten nach Asien, dem Nahen Osten und Afrika steigt<br> <strong>Beliebte Online-Auktionen<\/strong>: JEN Auctions und ALLSTOCKER beschleunigen unter anderem die Digitalisierung<br> <strong> <strong>Zunahme von Mietauktionen<\/strong>: GUIA-Auktionen laufen gut f\u00fcr Mietunternehmen<br>&#x2705;<strong>Preisanstieg<\/strong>: Die Preise f\u00fcr gebrauchte Baumaschinen steigen aufgrund von Halbleiterknappheit und Verz\u00f6gerungen bei der Auslieferung neuer Fahrzeuge<\/p>\n<!-- \/wp:paragraph -->\n\n<!-- wp:separator -->\n<hr class=\"wp-block-separator has-alpha-channel-opacity\" \/>\n<!-- \/wp:separator -->\n\n<!-- wp:heading -->\n<h2 class=\"wp-block-heading\">4. Zusammenfassung<\/h2>\n<!-- \/wp:heading -->\n\n<!-- wp:paragraph -->\n<p>Der japanische Markt f\u00fcr Auktionen f\u00fcr gebrauchte Baumaschinen w\u00e4chst weiterhin, vor allem bei unabh\u00e4ngigen H\u00e4ndlern. Der Ausbau von Online-Transaktionen und die steigende Nachfrage aus dem Ausland treiben den Markt an, und es wird auch in Zukunft mit weiteren Aktivit\u00e4ten gerechnet.<\/p>\n<!-- \/wp:paragraph -->\n\n<!-- wp:paragraph -->\n<p>Wenn Sie die Dienste eines Auktionsvermittlers in Betracht ziehen, kontaktieren Sie uns gerne! <\/p>\n<!-- \/wp:paragraph -->\n\n<!-- wp:paragraph {\"style\": {\"typography\": {\"lineHeight\": \"1.2\"}}, \"fontSize\": \"x-large\"} -->\n<p class=\"has-x-large-font-size\" style=\"line-height:1.2\">Kontaktieren Sie uns hier<\/p>\n<!-- \/wp:paragraph -->\n\n<!-- wp:buttons -->\n<div class=\"wp-block-buttons\"><!-- wp:button {\"fontSize\": \"small\"} -->\n<div class=\"wp-block-button has-custom-font-size has-small-font-size\"><a class=\"wp-block-button__link wp-element-button\" href=\"https:\/\/docs.google.com\/forms\/d\/1JATPpeGfRXaemIpjUO1PbKltxmmkNDiiO8owNQoPJU4\/\" target=\"_blank\" rel=\"noreferrer noopener\">\nKontaktieren Sie uns <\/a><\/div>\n<!-- \/wp:button --><\/div>\n<!-- \/wp:buttons -->","protected":false},"excerpt":{"rendered":"<p>Einleitung Der Auktionsmarkt f\u00fcr gebrauchte Baumaschinen und Schwermaschinen in Japan ist in den letzten Jahren rasant gewachsen. Spezialisierte Auktionen f\u00fcr H\u00e4ndler stehen dabei im Vordergrund, an denen sich eine Vielzahl von herstellergebundenen und unabh\u00e4ngigen Akteuren beteiligt. Dieser Artikel bietet einen detaillierten \u00dcberblick \u00fcber die wichtigsten Auktionsanbieter, ihre Marktanteile und ihr Transaktionsvolumen. 1. Gro\u00dfe Auktionsh\u00e4user f\u00fcr [&hellip;]<\/p>\n","protected":false},"author":1,"featured_media":577,"parent":478,"menu_order":0,"comment_status":"closed","ping_status":"closed","template":"","meta":{"footnotes":""},"class_list":["post-575","page","type-page","status-publish","has-post-thumbnail","hentry"],"_links":{"self":[{"href":"https:\/\/good-loop.co.jp\/de\/wp-json\/wp\/v2\/pages\/575","targetHints":{"allow":["GET"]}}],"collection":[{"href":"https:\/\/good-loop.co.jp\/de\/wp-json\/wp\/v2\/pages"}],"about":[{"href":"https:\/\/good-loop.co.jp\/de\/wp-json\/wp\/v2\/types\/page"}],"author":[{"embeddable":true,"href":"https:\/\/good-loop.co.jp\/de\/wp-json\/wp\/v2\/users\/1"}],"replies":[{"embeddable":true,"href":"https:\/\/good-loop.co.jp\/de\/wp-json\/wp\/v2\/comments?post=575"}],"version-history":[{"count":0,"href":"https:\/\/good-loop.co.jp\/de\/wp-json\/wp\/v2\/pages\/575\/revisions"}],"up":[{"embeddable":true,"href":"https:\/\/good-loop.co.jp\/de\/wp-json\/wp\/v2\/pages\/478"}],"wp:featuredmedia":[{"embeddable":true,"href":"https:\/\/good-loop.co.jp\/de\/wp-json\/wp\/v2\/media\/577"}],"wp:attachment":[{"href":"https:\/\/good-loop.co.jp\/de\/wp-json\/wp\/v2\/media?parent=575"}],"curies":[{"name":"wp","href":"https:\/\/api.w.org\/{rel}","templated":true}]}}