{"id":619,"date":"2025-04-17T22:32:10","date_gmt":"2025-04-17T13:32:10","guid":{"rendered":"https:\/\/good-loop.co.jp\/?page_id=619"},"modified":"2026-03-02T01:05:08","modified_gmt":"2026-03-01T16:05:08","slug":"heim","status":"publish","type":"page","link":"https:\/\/good-loop.co.jp\/de\/","title":{"rendered":"Jenseits des Meeres geht die Reise weiter"},"content":{"rendered":"\n<p>Kirschbl\u00fctenbl\u00e4tter streifen Ihr Visier an einem Fr\u00fchlingsmorgen. Der salzige Wind rauscht vorbei, w\u00e4hrend Sie im Sommer die K\u00fcste entlang nach S\u00fcden jagen. Sie kurven durch herbstliche Serpentinen, die in Farben leuchten, und halten an einem Bergpass-Teehaus f\u00fcr eine dampfende Schale Soba. Im Winter bei\u00dft die kalte Luft, w\u00e4hrend Sie auf ein Onsen zufahren, mit schneebedeckten Gipfeln in der Ferne.<\/p>\n\n\n\n<p>Japans Stra\u00dfen zeigen Ihnen jedes Mal ein anderes Gesicht, wenn Sie sie befahren.<\/p>\n\n\n\n<p>Derselbe Bergpass wird zu einer anderen Stra\u00dfe, wenn die Jahreszeiten wechseln. Die Szene, die Sie im Morgennebel erwartet, ist eine v\u00f6llig andere als die, die im Gegenlicht des Abends erstrahlt.<\/p>\n\n\n\n<p>Und am Ende der Fahrt wartet ein Onsen. Ein kleines Lokal, in dem Sie einen Geschmack entdecken, von dem Sie nicht wussten, dass er existiert. Eine Rastst\u00e4tte, an der Sie den Motor abstellen und sich in Ruhe \u00fcberlegen, wohin es als N\u00e4chstes gehen soll.<\/p>\n\n\n\n<p>Die Stra\u00dfen warten. \u00dcberlassen Sie den Rest uns.<\/p>\n\n\n\n<hr class=\"wp-block-separator has-alpha-channel-opacity\" \/>\n\n\n\n<p>Good Loop k\u00fcmmert sich um die Fahrzeuglogistik f\u00fcr internationale Fahrer, die Japan bereisen m\u00f6chten.<\/p>\n\n\n\n<p>Versandorganisation. Kaufverhandlungen. Papierkram. Sprachbarrieren. Alles au\u00dfer dem Fahren \u2014 darum k\u00fcmmern wir uns.<\/p>\n\n\n\n<p>Motorr\u00e4der und vierr\u00e4drige Fahrzeuge sind gleicherma\u00dfen willkommen.<\/p>\n\n\n\n<p>\u2192 <a href=\"https:\/\/good-loop.co.jp\/de\/de\/rider-support\/\" data-type=\"page\" data-id=\"906\">Details zum Fahrzeug-Concierge<\/a><\/p>\n\n\n\n<hr class=\"wp-block-separator has-alpha-channel-opacity\" \/>\n\n\n\n<h2 class=\"wp-block-heading\">Kommt Ihnen das bekannt vor?<\/h2>\n\n\n\n<p>Sie m\u00f6chten Hokkaido mit Ihrem eigenen Motorrad bereisen \u2014 haben aber keine Ahnung, wie Sie es aus dem Ausland nach Japan verschiffen k\u00f6nnen.<\/p>\n\n\n\n<p>Sie haben bei einer japanischen Auktion das Motorrad gefunden, nach dem Sie schon lange gesucht haben. Sie m\u00f6chten es kaufen und nach Hause bringen \u2014 aber die Sprache und der Papierkram erscheinen \u00fcberw\u00e4ltigend.<\/p>\n\n\n\n<p>Nach Ihrer Japan-Tour m\u00f6chten Sie das Motorrad direkt in Ihr n\u00e4chstes Reiseland schicken \u2014 aber Sie wissen nicht, wo Sie anfangen sollen.<\/p>\n\n\n\n<p>Sie sind sich nicht sicher, welche Dokumente Sie f\u00fcr eine vor\u00fcbergehende Einfuhr ben\u00f6tigen. Sie haben nicht einmal eine grobe Vorstellung davon, was der Versand kosten wird.<\/p>\n\n\n\n<p>In welchem Stadium Sie sich auch befinden \u2014 kontaktieren Sie uns einfach.<\/p>\n\n\n\n<hr class=\"wp-block-separator has-alpha-channel-opacity\" \/>\n\n\n\n<h2 class=\"wp-block-heading\">Leistungen<\/h2>\n\n\n\n<h3 class=\"wp-block-heading\">Internationaler Versand<\/h3>\n\n\n\n<p>Ausland \u2192 Japan, Japan \u2192 Ausland. Von der Wahl zwischen Luft- und Seefracht \u00fcber Verpackung und Dokumentation bis hin zum Zoll \u2014 wir koordinieren alles.<\/p>\n\n\n\n<p>\u2192 <a href=\"https:\/\/good-loop.co.jp\/de\/de\/rider-support\/shipping\/\" data-type=\"page\" data-id=\"911\">Details zum internationalen Versand<\/a><\/p>\n\n\n\n<h3 class=\"wp-block-heading\">Fahrzeugkauf<\/h3>\n\n\n\n<p>Von der Suche bis zur Abholung, f\u00fcr Fahrzeuge \u00fcberall in Japan. H\u00e4ndlerauktionen, Privatverk\u00e4ufe, Lagerbest\u00e4nde \u2014 wir beseitigen die Sprach- und Verhandlungsbarrieren.<\/p>\n\n\n\n<p>\u2192 <a href=\"https:\/\/good-loop.co.jp\/de\/de\/purchase\/\" data-type=\"page\" data-id=\"915\">Details zur Kaufunterst\u00fctzung<\/a><\/p>\n\n\n\n<hr class=\"wp-block-separator has-alpha-channel-opacity\" \/>\n\n\n\n<h2 class=\"wp-block-heading\">Ratgeber &amp; Artikel<\/h2>\n\n\n\n<p>Geschichten von Fahrern, die dort waren, und Informationen f\u00fcr alle, die eine Reise planen.<\/p>\n\n\n\n<ul class=\"wp-block-list\">\n<li><strong><a href=\"https:\/\/good-loop.co.jp\/de\/de\/export-import\/motorcycle-export-guide-from-japan-to-overseas\/\" data-type=\"page\" data-id=\"628\">Wie man ein Motorrad aus Japan exportiert<\/a><\/strong> \u2014 Ein praktischer Leitfaden zum gesamten Ablauf und den Verfahren<\/li>\n\n\n\n<li><strong><a href=\"https:\/\/good-loop.co.jp\/de\/de\/export-import\/vladivostok-to-japan-motorcycle\/\" data-type=\"page\" data-id=\"897\">[Ultimativer Leitfaden] Kein Carnet erforderlich: Von Wladiwostok nach Japan<\/a><\/strong> \u2014 Ein detaillierter Bericht \u00fcber die Route \u00fcber Russland nach Japan<\/li>\n\n\n\n<li><strong><a href=\"https:\/\/good-loop.co.jp\/de\/de\/columns\/travel-touring-alps\/\" data-type=\"page\" data-id=\"211\">Alpentour<\/a><\/strong> \u2014 Ein Bericht \u00fcber das Befahren der Bergstra\u00dfen Europas<\/li>\n<\/ul>\n\n\n\n<hr class=\"wp-block-separator has-alpha-channel-opacity\" \/>\n\n\n\n<h2 class=\"wp-block-heading\">Weitere Leistungen<\/h2>\n\n\n\n<ul class=\"wp-block-list\">\n<li><a href=\"https:\/\/good-loop.co.jp\/de\/de\/software\/\" data-type=\"page\" data-id=\"555\">Software-Implementierungsunterst\u00fctzung (OSS)<\/a><\/li>\n\n\n\n<li><a href=\"https:\/\/good-loop.co.jp\/de\/de\/auction_consignment\/\" data-type=\"page\" data-id=\"538\">Auktionsbeschaffung<\/a><\/li>\n<\/ul>\n\n\n\n<hr class=\"wp-block-separator has-alpha-channel-opacity\" \/>\n\n\n\n<p class=\"has-x-large-font-size\" style=\"line-height:1.2\">Kontaktieren Sie uns hier<\/p>\n\n\n\n<div class=\"wp-block-buttons is-layout-flex wp-block-buttons-is-layout-flex\">\n<div class=\"wp-block-button\"><a class=\"wp-block-button__link has-small-font-size has-custom-font-size wp-element-button\" href=\"https:\/\/docs.google.com\/forms\/d\/1JATPpeGfRXaemIpjUO1PbKltxmmkNDiiO8owNQoPJU4\/\" target=\"_blank\" rel=\"noreferrer noopener\">Kontakt<\/a><\/div>\n<\/div>\n\n\n\n<p><br><em>Das Titelbild stammt von einem Sch\u00fcler der <a href=\"https:\/\/www.cksg.si\/\" target=\"_blank\" rel=\"noreferrer noopener\">CKSG Portoro\u017e<\/a>, einer F\u00f6rderschule in Slowenien.<\/em><\/p>\n","protected":false},"excerpt":{"rendered":"<p>Kirschbl\u00fctenbl\u00e4tter streifen Ihr Visier an einem Fr\u00fchlingsmorgen. Der salzige Wind rauscht vorbei, w\u00e4hrend Sie im Sommer die K\u00fcste entlang nach S\u00fcden jagen. Sie kurven durch herbstliche Serpentinen, die in Farben leuchten, und halten an einem Bergpass-Teehaus f\u00fcr eine dampfende Schale Soba. Im Winter bei\u00dft die kalte Luft, w\u00e4hrend Sie auf ein Onsen zufahren, mit schneebedeckten [&hellip;]<\/p>\n","protected":false},"author":1,"featured_media":524,"parent":0,"menu_order":0,"comment_status":"closed","ping_status":"closed","template":"","meta":{"footnotes":""},"class_list":["post-619","page","type-page","status-publish","has-post-thumbnail","hentry"],"_links":{"self":[{"href":"https:\/\/good-loop.co.jp\/de\/wp-json\/wp\/v2\/pages\/619","targetHints":{"allow":["GET"]}}],"collection":[{"href":"https:\/\/good-loop.co.jp\/de\/wp-json\/wp\/v2\/pages"}],"about":[{"href":"https:\/\/good-loop.co.jp\/de\/wp-json\/wp\/v2\/types\/page"}],"author":[{"embeddable":true,"href":"https:\/\/good-loop.co.jp\/de\/wp-json\/wp\/v2\/users\/1"}],"replies":[{"embeddable":true,"href":"https:\/\/good-loop.co.jp\/de\/wp-json\/wp\/v2\/comments?post=619"}],"version-history":[{"count":2,"href":"https:\/\/good-loop.co.jp\/de\/wp-json\/wp\/v2\/pages\/619\/revisions"}],"predecessor-version":[{"id":906,"href":"https:\/\/good-loop.co.jp\/de\/wp-json\/wp\/v2\/pages\/619\/revisions\/906"}],"wp:featuredmedia":[{"embeddable":true,"href":"https:\/\/good-loop.co.jp\/de\/wp-json\/wp\/v2\/media\/524"}],"wp:attachment":[{"href":"https:\/\/good-loop.co.jp\/de\/wp-json\/wp\/v2\/media?parent=619"}],"curies":[{"name":"wp","href":"https:\/\/api.w.org\/{rel}","templated":true}]}}