{"id":674,"date":"2025-06-15T03:30:11","date_gmt":"2025-06-14T18:30:11","guid":{"rendered":"https:\/\/good-loop.co.jp\/?page_id=674"},"modified":"2025-06-15T03:30:11","modified_gmt":"2025-06-14T18:30:11","slug":"nissan_erbe","status":"publish","type":"page","link":"https:\/\/good-loop.co.jp\/de\/spalten\/nissan_erbe\/","title":{"rendered":"So informieren Sie sich \u00fcber freie Pl\u00e4tze in der Nissan Heritage Collection \u2013 mit der X-App"},"content":{"rendered":"\nDie Nissan Heritage Collection ist ein Muss f\u00fcr jeden Autoliebhaber, doch eine Reservierung kann sich als schwierig erweisen. Mit dem Benachrichtigungsdienst \u201eNissan Heritage Collection Reservation Notification by Good Loop\u201c k\u00f6nnen Sie sich jedoch eine Reservierung sichern. Dieser Artikel erl\u00e4utert den \u00dcberblick und die Attraktivit\u00e4t der Nissan Heritage Collection, das Reservierungssystem und das Startdatum und erkl\u00e4rt, warum es so schwierig ist, eine Reservierung zu erhalten. Wir zeigen Ihnen au\u00dferdem, wie Sie die Verf\u00fcgbarkeit in sozialen Medien (X (ehemals Twitter) pr\u00fcfen und wie die Nutzung des Benachrichtigungsdienstes die Reservierung erleichtern kann. Wenn Sie eine Reservierung in der Nissan Heritage Collection planen, lesen Sie unbedingt diesen Artikel. <\/p>\n\n\n\n<h2 class=\"wp-block-heading\"> \u00dcberblick \u00fcber die Nissan Heritage Collection und die Vorteile eines Besuchs<\/h2>\n\n\n\n<figure class=\"wp-block-image size-large\"><img decoding=\"async\" src=\"https:\/\/good-loop.co.jp\/de\/wp-content\/uploads\/2025\/06\/IMG_20241006_152536912-1024x461.jpg\" alt=\"\" class=\"wp-image-675\" \/><\/figure>\n\n\n\n<p> Die Nissan Heritage Collection ist eine Nissan-Gedenkwerkstatt in den Zama-Werken (ehemals Zama-Fabrik) in Zama, Pr\u00e4fektur Kanagawa. Sie beherbergt und stellt rund 500 Oldtimer aus den 1930er-Jahren, Rennwagen und Konzeptfahrzeuge aus. F\u00fchrungen bieten einen hautnahen Blick auf rund 280 Fahrzeuge, darunter klassische Skylines, Fairlady Zs und Le-Mans-Siegerautos. Der Anblick dieser aufgereihten Rarit\u00e4ten ist wirklich beeindruckend. Darunter sind Modelle, die zu ihrer Zeit technologische Innovationen einf\u00fchrten, sowie Maschinen, die im Motorsport antraten. Sie dienen als lebendige Artefakte, die die Geschichte von Nissans Geschichte der Herausforderung und Innovation erz\u00e4hlen. Anders als in typischen Museen ist das Lager f\u00fcr die \u00d6ffentlichkeit zug\u00e4nglich, sodass Fahrzeuge st\u00e4ndig ausgetauscht und verliehen werden k\u00f6nnen. So gibt es bei jedem Besuch etwas Neues zu entdecken, was diese faszinierende Anlage zu einem Ort macht, den Nissan- und Oldtimer-Enthusiasten immer wieder besuchen m\u00f6chten. Die F\u00fchrungen sind kostenlos, daher ist die Anmeldung einfach. Wie wir sp\u00e4ter noch besprechen werden, ist die F\u00fchrung jedoch sehr beliebt und die Buchungszahlen \u00e4u\u00dferst g\u00fcnstig. <\/p>\n\n\n\n<h2 class=\"wp-block-heading\">Tour-Reservierungssystem (Reservierungsmethode und Ver\u00f6ffentlichungszeitpunkt)<\/h2>\n\n\n\n<p>F\u00fcr F\u00fchrungen durch die Nissan Heritage Collection ist eine Reservierung erforderlich. Diese muss im Voraus \u00fcber die offizielle Website erfolgen. Online-Reservierungen werden nur nach dem Prinzip \u201eWer zuerst kommt, mahlt zuerst\u201c angenommen. Sobald die Kapazit\u00e4t erreicht ist, werden Reservierungen f\u00fcr das entsprechende Datum und die Uhrzeit geschlossen (es gibt keine Warteliste). Die Tourdaten werden in einem festgelegten Kalender ver\u00f6ffentlicht. Reservierungen erfolgen durch Auswahl des gew\u00fcnschten Datums auf der offiziellen Website. Die Tourdaten finden nicht t\u00e4glich statt, sondern sind unregelm\u00e4\u00dfig und variieren monatlich (in der Regel etwa 10 Tage pro Monat). Beispielsweise finden F\u00fchrungen sowohl an Wochentagen als auch an Wochenenden statt. Der Zeitplan variiert jedoch monatlich. \u00dcberpr\u00fcfen Sie daher zun\u00e4chst den Reservierungskalender der offiziellen Website, um die Daten zu erfahren. <\/p>\n\n\n\n<p>Achten Sie auch auf den Zeitpunkt der Aktualisierung des Reservierungskalenders. Reservierungen f\u00fcr den Folgemonat werden Anfang bis Mitte des Vormonats freigegeben, der Starttermin wird jedoch nicht bekannt gegeben und ist unregelm\u00e4\u00dfig. Beispiel: \u201eMai-Touren werden Anfang bis Mitte April aktualisiert\u201c, aber das genaue Datum und die Uhrzeit werden nicht bekannt gegeben. Daher sollten Nutzer die offizielle Website regelm\u00e4\u00dfig ab Anfang des Vormonats besuchen, um den Reservierungsbeginn nicht zu verpassen. <\/p>\n\n\n\n<p>Achten Sie auch auf die Tourzeiten und die Kapazit\u00e4t. F\u00fchrungen finden in der Regel zweimal t\u00e4glich statt (10:00\u201311:30 Uhr und 14:00\u201315:30 Uhr). Die Teilnehmerzahl betr\u00e4gt werktags 25 Personen, an Wochenenden und Feiertagen 30 Personen. Wie bereits erw\u00e4hnt, ist nicht nur die Teilnehmerzahl, sondern auch die Termine selbst begrenzt. Aufgrund dieser extrem begrenzten Verf\u00fcgbarkeit kommt es unmittelbar nach \u00d6ffnung der Reservierungen zu einem starken Anstieg der Anmeldungen. <\/p>\n\n\n\n<h2 class=\"wp-block-heading\">Gr\u00fcnde f\u00fcr Reservierungsschwierigkeiten (hoher Wettbewerb und begrenzte Reservierungen)<\/h2>\n\n\n\n<p>Die Reservierungen f\u00fcr die Nissan Heritage Collection sind bekannterma\u00dfen sehr umk\u00e4mpft. Dies liegt vor allem an der begrenzten Anzahl verf\u00fcgbarer Besichtigungstermine und der hohen Beliebtheit, wie bereits erw\u00e4hnt. Obwohl die Termine und die Kapazit\u00e4ten f\u00fcr die einzelnen Veranstaltungen begrenzt sind, ist die Nachfrage von Autoliebhabern bundesweit extrem hoch. Daher gehen die Anmeldungen sofort nach Buchungsbeginn ein und die Veranstaltung ist schnell ausgebucht. Einige berichteten sogar, dass sie im Buchungskalender \u201eVerf\u00fcgbare\u201c Termine sahen und beim Buchen feststellten, dass diese innerhalb eines halben Tages ausgebucht waren. Beliebte Wochenendtermine k\u00f6nnen innerhalb von Minuten, nicht erst Stunden, nach Buchungsbeginn ausgebucht sein. Insbesondere Wochenendtouren erfreuen sich seit ihrer Wiederaufnahme im August 2023 nach dreieinhalbj\u00e4hriger Pause gro\u00dfer Beliebtheit. Anfangs zog die Veranstaltung Berichten zufolge j\u00e4hrlich \u00fcber 20.000 Besucher an. Die Schwierigkeit, Reservierungen zu erhalten, liegt darin begr\u00fcndet, dass das Angebot nicht mit der hohen Nachfrage Schritt halten kann. <\/p>\n\n\n\n<p> Ein weiterer Faktor, der Reservierungen erschwert, ist die fehlende Vorank\u00fcndigung des Buchungsbeginns. Besucher m\u00fcssen warten und wissen nie, wann die Reservierungspl\u00e4tze aktualisiert werden. Verpassen Sie diese Gelegenheit, sind die Pl\u00e4tze schnell vergeben. Daher gibt es keine besonderen Tricks. Sie k\u00f6nnen lediglich regelm\u00e4\u00dfig auf der offiziellen Website vorbeischauen und sich anmelden, sobald neue Termine verf\u00fcgbar sind. Viele haben bereits mehrfach versucht, eine Reservierung zu bekommen, nur um dann endlich einen Platz zu finden und ihren Traum zu verwirklichen. Wie bereits erw\u00e4hnt, erschweren die begrenzten Reservierungspl\u00e4tze (Termin- und Kapazit\u00e4tsbeschr\u00e4nkungen), die Ungewissheit, wann Reservierungen m\u00f6glich sind, und die \u00fcberw\u00e4ltigende Beliebtheit die Buchung einer Tour durch die Nissan Heritage Collection enorm. <\/p>\n\n\n\n<h2 class=\"wp-block-heading\">Gibt es eine M\u00f6glichkeit, die Verf\u00fcgbarkeit von Reservierungen in den sozialen Medien zu pr\u00fcfen (X)? <\/h2>\n\n\n\n<p>F\u00fcr alle, die den Reservierungsstart verpassen und ausgebucht sind oder bei einer Stornierung reservieren m\u00f6chten, aber die st\u00e4ndige \u00dcberwachung der Website zu m\u00fchsam finden, gibt es M\u00f6glichkeiten, die Verf\u00fcgbarkeit \u00fcber soziale Medien zu pr\u00fcfen. Die Nissan Heritage Collection bietet zwar keine offiziellen Echtzeit-Updates zum Reservierungsstatus, wir m\u00f6chten Ihnen jedoch einen von uns entwickelten und betriebenen Benachrichtigungsdienst vorstellen. <\/p>\n\n\n\n<h3 class=\"wp-block-heading\"><strong><a href=\"https:\/\/x.com\/GoodLoop_Nissan\" data-type=\"link\" data-id=\"https:\/\/x.com\/GoodLoop_Nissan\" target=\"_blank\" rel=\"noreferrer noopener\"> Nissan Heritage Collection Reservierungsbenachrichtigung von Good Loop (@GoodLoop_Nissan) <\/a><\/strong><\/h3>\n\n\n\n<p> Dieser Account \u00fcberwacht die Verf\u00fcgbarkeit auf der offiziellen Reservierungsseite und twittert automatisch, sobald sich die Verf\u00fcgbarkeit \u00e4ndert. Beispielsweise werden Informationen wie \u201eVerf\u00fcgbar am XX.XX\u201c oder \u201eXX.XX ist ausgebucht\u201c in Echtzeit angezeigt. <\/p>\n\n\n\n<h3 class=\"wp-block-heading\">Warum das Verfolgen (und Aktivieren von Benachrichtigungen) effektiv ist<\/h3>\n\n\n\n<ol class=\"wp-block-list\">\n<li><strong>Unmittelbarkeit<\/strong> \u2013 Reservierungspl\u00e4tze sind oft innerhalb weniger Minuten oder sogar nur weniger Dutzend Minuten ausgebucht. Daher ist ein System, das Push-Benachrichtigungen erm\u00f6glicht, unerl\u00e4sslich. <\/li>\n\n\n\n<li><strong>Automatisierte 24-Stunden-\u00dcberwachung<\/strong> \u2013 Deckt Stornierungen ab, die sp\u00e4t abends oder fr\u00fch morgens erfolgen und manuell nur schwer zu bearbeiten w\u00e4ren. <\/li>\n\n\n\n<li><strong> Verk\u00fcrzte Nachbest\u00e4tigungszeiten<\/strong> \u2013 Auch ausgebuchte Reservierungen werden angezeigt, sodass Sie nicht st\u00e4ndig pr\u00fcfen m\u00fcssen, ob eine Reservierung noch verf\u00fcgbar ist. <\/li>\n<\/ol>\n\n\n\n<p> R\u00fcckblickend k\u00f6nnen wir Beispiele daf\u00fcr sehen, dass ein Reservierungsplatz um 4 Uhr morgens kurzzeitig frei wurde oder innerhalb von 10 Minuten nach der Kontoaktualisierung ausgebucht war. Dies beweist, dass das Konto f\u00fcr viele Nutzer eine wertvolle Ressource war. <\/p>\n\n\n\n<h2 class=\"wp-block-heading\">Warum der Benachrichtigungsdienst \u201eGoodLoop_Nissan\u201c Reservierungen vereinfacht<\/h2>\n\n\n\n<p>Die Nutzung des bereits erw\u00e4hnten Kontos \u201e<a href=\"https:\/\/x.com\/GoodLoop_Nissan\" target=\"_blank\" rel=\"noreferrer noopener\">Nissan Heritage Collection Reservierungsbenachrichtigung von Good Loop<\/a>\u201c erh\u00f6ht Ihre Chancen auf eine Reservierung erheblich. Der wichtigste Grund daf\u00fcr ist, dass Sie sofort \u00fcber \u00c4nderungen der Reservierungspl\u00e4tze informiert werden. Wie bereits erw\u00e4hnt, sind Pl\u00e4tze, die direkt nach Beginn der Reservierungen frei werden oder aufgrund von Stornierungen frei werden, sehr schnell ausgebucht. Daher kommt es darauf an, wie schnell Sie sich informieren und bewerben. Mit einem Benachrichtigungsdienst verpassen Sie die Chance weniger schnell, selbst wenn Sie die offizielle Website nicht st\u00e4ndig im Auge behalten. Richten Sie Echtzeitbenachrichtigungen f\u00fcr Beitr\u00e4ge von \u201e<a href=\"https:\/\/x.com\/GoodLoop_Nissan\" data-type=\"link\" data-id=\"https:\/\/x.com\/GoodLoop_Nissan\">Nissan Heritage Collection Reservierungsbenachrichtigung von Good Loop<\/a>\u201c ein, erhalten Sie eine Benachrichtigung auf Ihrem Smartphone oder einem anderen Ger\u00e4t, sobald ein neuer Reservierungsplatz verf\u00fcgbar ist, und k\u00f6nnen sofort mit dem Reservierungsprozess fortfahren. Das ist deutlich effizienter, als wenn Nutzer die Website h\u00e4ufig manuell neu laden, und verschafft Ihnen einen Vorteil im \u201eWer zuerst kommt, mahlt zuerst\u201c-Kampf. <\/p>\n\n\n\n<p>Nat\u00fcrlich schlie\u00dft das den Wettbewerb nicht aus, da jeder, der die Benachrichtigung erh\u00e4lt, versuchen wird, eine Reservierung vorzunehmen. Dennoch ist es ein wertvolles Tool, um das Risiko zu verringern, eine Gelegenheit zu verpassen, ohne zu wissen, was man tut. Wenn Sie sichergehen m\u00f6chten, eine Reservierung f\u00fcr die Nissan Heritage Collection zu erhalten, empfehlen wir Ihnen dringend, die \u201eNissan Heritage Collection Reservierungsbenachrichtigung von Good Loop\u201c zu nutzen. Viele Kunden haben berichtet, dass sie dank der Benachrichtigung tats\u00e4chlich eine Reservierung sichern konnten. Dies ist ein wertvoller Verb\u00fcndeter, insbesondere f\u00fcr diejenigen, die von weit her anreisen. <\/p>\n\n\n\n<h2 class=\"wp-block-heading\">Zusammenfassung: Wichtige Punkte f\u00fcr eine sichere Reservierung<\/h2>\n\n\n\n<p>Abschlie\u00dfend finden Sie hier einige wichtige Punkte f\u00fcr eine erfolgreiche Buchung einer Tour durch die Nissan Heritage Collection. <\/p>\n\n\n\n<ul class=\"wp-block-list\">\n<li><strong>Nutzen Sie Social-Media-Benachrichtigungen<\/strong>: Folgen Sie \u201eNissan Heritage Collection Reservation Notification by Good Loop<\/a>\u201c, um in Echtzeit \u00fcber verf\u00fcgbare Reservierungen informiert zu werden, und aktivieren Sie die Benachrichtigungen. So erfahren Sie als Erster von Aktualisierungen und Stornierungen. <\/li>\n\n\n\n<li><strong> Buchen Sie sofort nach Aktualisierungen<\/strong>: Reservierungen werden nach dem Prinzip \u201eWer zuerst kommt, mahlt zuerst\u201c vergeben. W\u00e4hlen Sie Ihr Wunschdatum, sobald Sie eine Aktualisierung bemerken, und melden Sie sich an. Es kommt nicht selten vor, dass die Veranstaltung bereits ausgebucht ist, w\u00e4hrend Sie z\u00f6gern. <\/li>\n\n\n\n<li><strong> Erw\u00e4gen Sie Termine an Wochentagen oder mehrere Termine<\/strong>: An Wochenenden und beliebten Veranstaltungstagen ist die Konkurrenz besonders gro\u00df. Veranstalten Sie Ihre Veranstaltung nach M\u00f6glichkeit an einem Wochentag oder vereinbaren Sie mehrere Termine, um flexibel zu bleiben und einen passenden Termin zu finden. <\/li>\n\n\n\n<li><strong> Reagieren Sie zeitnah auf Stornierungen<\/strong>: Reservierungen k\u00f6nnen aufgrund von Stornierungen nicht nur unmittelbar nach \u00d6ffnung der Reservierungen, sondern auch kurz vor dem Veranstaltungstermin frei werden. Selbst in diesen F\u00e4llen k\u00f6nnen Sie m\u00f6glicherweise \u00fcber Social-Media-Benachrichtigungen einen Platz finden. Stornierungen kommen h\u00e4ufig kurzfristig vor, schauen Sie also regelm\u00e4\u00dfig vorbei. <\/li>\n<\/ul>\n\n\n\n<p> Mit den oben genannten Vorkehrungen erh\u00f6hen Sie Ihre Chancen auf eine Reservierung f\u00fcr die Nissan Heritage Collection erheblich. Eine 90-min\u00fctige Tour inmitten von Nissan-Fahrzeugen aller Generationen ist f\u00fcr jeden Autoliebhaber ein unvergessliches Erlebnis. Bereiten Sie sich gut vor, nehmen Sie die Herausforderung an und genie\u00dfen Sie die Zeit mit diesen beliebten Klassikern. <\/p>\n\n\n\n<h2 class=\"wp-block-heading\">Besuchen Sie auch die AEON Mall Zama<\/h2>\n\n\n\n<p> Die AEON Mall Zama<\/a>, direkt neben der Nissan Heritage Collection gelegen, sollten Sie sich ebenfalls nicht entgehen lassen. Dieses Gel\u00e4nde geh\u00f6rte fr\u00fcher zum Nissan-Werk Zama, die AEON Mall Zama wurde jedoch erst 2018 er\u00f6ffnet. Das Nissan Zama Informationszentrum stellt monatlich eine Auswahl klassischer Nissan-Fahrzeuge aus, und mit etwas Gl\u00fcck gewinnen Sie ein Geschenk. Nissan-Fahrzeuge werden manchmal auch in der N\u00e4he des Hohlraums im dritten Stock ausgestellt. <\/p>\n\n\n\n<figure class=\"wp-block-image size-large\"><img loading=\"lazy\" decoding=\"async\" width=\"1024\" height=\"461\" src=\"https:\/\/good-loop.co.jp\/de\/wp-content\/uploads\/2025\/06\/IMG_20241006_153528528-1024x461.jpg\" alt=\"\" class=\"wp-image-676\" srcset=\"https:\/\/good-loop.co.jp\/de\/wp-content\/uploads\/sites\/8\/2025\/06\/IMG_20241006_153528528-1024x461.jpg 1024w, https:\/\/good-loop.co.jp\/de\/wp-content\/uploads\/sites\/8\/2025\/06\/IMG_20241006_153528528-300x135.jpg 300w, https:\/\/good-loop.co.jp\/de\/wp-content\/uploads\/sites\/8\/2025\/06\/IMG_20241006_153528528-768x345.jpg 768w, https:\/\/good-loop.co.jp\/de\/wp-content\/uploads\/sites\/8\/2025\/06\/IMG_20241006_153528528-1536x691.jpg 1536w, https:\/\/good-loop.co.jp\/de\/wp-content\/uploads\/sites\/8\/2025\/06\/IMG_20241006_153528528-2048x921.jpg 2048w\" sizes=\"auto, (max-width: 1024px) 100vw, 1024px\" \/><\/figure>\n\n\n\n<h2 class=\"wp-block-heading\">Informationen zu Proxy-Reservierungen<\/h2>\n\n\n\n<p>Wir akzeptieren Proxy-Reservierungen f\u00fcr internationale Reisende mit Japanischkenntnissen. Wenn Sie diesen Service nutzen m\u00f6chten, kontaktieren Sie uns bitte \u00fcber das Anfrageformular. <\/p>\n\n\n\n<div class=\"wp-block-buttons is-layout-flex wp-block-buttons-is-layout-flex\">\n<div class=\"wp-block-button\"><a class=\"wp-block-button__link has-small-font-size has-custom-font-size wp-element-button\" href=\"https:\/\/docs.google.com\/forms\/d\/1JATPpeGfRXaemIpjUO1PbKltxmmkNDiiO8owNQoPJU4\/\" target=\"_blank\" rel=\"noreferrer noopener\">\nKontakt <\/a><\/div>\n<\/div>\n","protected":false},"excerpt":{"rendered":"<p>Die Nissan Heritage Collection ist ein Muss f\u00fcr jeden Autoliebhaber, doch eine Reservierung kann sich als schwierig erweisen. Mit dem Benachrichtigungsdienst \u201eNissan Heritage Collection Reservation Notification by Good Loop\u201c k\u00f6nnen Sie sich jedoch eine Reservierung sichern. Dieser Artikel erl\u00e4utert den \u00dcberblick und die Attraktivit\u00e4t der Nissan Heritage Collection, das Reservierungssystem und das Startdatum und erkl\u00e4rt, [&hellip;]<\/p>\n","protected":false},"author":1,"featured_media":677,"parent":777,"menu_order":0,"comment_status":"closed","ping_status":"closed","template":"","meta":{"footnotes":""},"class_list":["post-674","page","type-page","status-publish","has-post-thumbnail","hentry"],"_links":{"self":[{"href":"https:\/\/good-loop.co.jp\/de\/wp-json\/wp\/v2\/pages\/674","targetHints":{"allow":["GET"]}}],"collection":[{"href":"https:\/\/good-loop.co.jp\/de\/wp-json\/wp\/v2\/pages"}],"about":[{"href":"https:\/\/good-loop.co.jp\/de\/wp-json\/wp\/v2\/types\/page"}],"author":[{"embeddable":true,"href":"https:\/\/good-loop.co.jp\/de\/wp-json\/wp\/v2\/users\/1"}],"replies":[{"embeddable":true,"href":"https:\/\/good-loop.co.jp\/de\/wp-json\/wp\/v2\/comments?post=674"}],"version-history":[{"count":0,"href":"https:\/\/good-loop.co.jp\/de\/wp-json\/wp\/v2\/pages\/674\/revisions"}],"up":[{"embeddable":true,"href":"https:\/\/good-loop.co.jp\/de\/wp-json\/wp\/v2\/pages\/777"}],"wp:featuredmedia":[{"embeddable":true,"href":"https:\/\/good-loop.co.jp\/de\/wp-json\/wp\/v2\/media\/677"}],"wp:attachment":[{"href":"https:\/\/good-loop.co.jp\/de\/wp-json\/wp\/v2\/media?parent=674"}],"curies":[{"name":"wp","href":"https:\/\/api.w.org\/{rel}","templated":true}]}}