{"id":797,"date":"2025-08-24T12:31:23","date_gmt":"2025-08-24T03:31:23","guid":{"rendered":"https:\/\/good-loop.co.jp\/?page_id=797"},"modified":"2025-08-24T12:31:23","modified_gmt":"2025-08-24T03:31:23","slug":"nissan-heritage-premium","status":"publish","type":"page","link":"https:\/\/good-loop.co.jp\/de\/software\/nissan-heritage-premium\/","title":{"rendered":"Nissan Heritage Collection Reservierungsbenachrichtigung Premium-Plan"},"content":{"rendered":"\n<h2 class=\"wp-block-heading\">Service\u00fcbersicht<\/h2>\n\n\n\n<p>Dieser Service \u00fcberwacht die Reservierungsseite f\u00fcr die Nissan Heritage Collection Tour und benachrichtigt Nutzer \u00fcber \u00c4nderungen der Zeitfenster. Bezahlte Mitglieder erhalten fr\u00fchzeitig eine E-Mail, gefolgt von einem Beitrag auf X (ehemals Twitter). Ziel ist es, den Nutzeraufwand f\u00fcr die Reservierungsseite zu reduzieren und eine erfolgreiche Reservierung sicherzustellen. <\/p>\n\n\n\n<p><a href=\"https:\/\/x.com\/GoodLoop_Nissan\" data-type=\"link\" data-id=\"https:\/\/x.com\/GoodLoop_Nissan\" target=\"_blank\" rel=\"noreferrer noopener\"> Nissan Heritage Collection Reservierungsbenachrichtigung von Good Loop<\/a><\/p>\n\n\n\n<hr class=\"wp-block-separator has-alpha-channel-opacity\" \/>\n\n\n\n<h2 class=\"wp-block-heading\">Hintergrund der Einf\u00fchrung kostenpflichtiger Tarife<\/h2>\n\n\n\n<p>Wir f\u00fchren kostenpflichtige Tarife ein, um den nachhaltigen Betrieb unseres Dienstes zu gew\u00e4hrleisten. Obwohl viele Nutzer unseren Dienst seit seiner Einf\u00fchrung im Herbst 2024 genutzt haben, waren wir bisher nur auf wenige Spender angewiesen. Durch eine breitere Verteilung der Betriebslasten entwickeln wir uns zu einem faireren und nachhaltigeren System. Die Diskrepanz zwischen Nutzen und Belastung ist bei vielen unbezahlten Diensten eine h\u00e4ufige Herausforderung. Indem wir weiterhin einen kostenlosen Plan anbieten, m\u00f6chten wir eine faire Beziehung aufbauen, die den Wert unserer Dienste widerspiegelt. <\/p>\n\n\n\n<hr class=\"wp-block-separator has-alpha-channel-opacity\" \/>\n\n\n\n<h2 class=\"wp-block-heading\">Pakete und Preise<\/h2>\n\n\n\n<figure class=\"wp-block-table\"><table class=\"has-fixed-layout\"><thead><tr><th class=\"has-text-align-center\" data-align=\"center\">Paket<\/th><th class=\"has-text-align-center\" data-align=\"center\">Preis (inkl. MwSt.)<\/th><th>Benachrichtigungszeitpunkt<\/th><\/tr><\/thead><tbody><tr><td class=\"has-text-align-center\" data-align=\"center\">Premium 60 Minuten im Voraus<\/td><td class=\"has-text-align-center\" data-align=\"center\">\u00a53.000\/Monat<\/td><td>Etwa 60 Minuten schneller als das kostenlose Paket (fast sofortige Benachrichtigung nach Update-Erkennung) *Hinweis<\/td><\/tr><tr><td class=\"has-text-align-center\" data-align=\"center\">Premium 30 Minuten Vorausbuchung<\/td><td class=\"has-text-align-center\" data-align=\"center\">1.000\u00a5\/Monat<\/td><td>Etwa 30 Minuten schneller als der kostenlose Tarif<br> (Benachrichtigung 30 Minuten nach Update-Erkennung)<\/td><\/tr><tr><td class=\"has-text-align-center\" data-align=\"center\">Kostenloser Tarif<\/td><td class=\"has-text-align-center\" data-align=\"center\">0\u00a5<\/td><td>Posts \u00fcber X ca. 60 Minuten nach Update-Erkennung<\/td><\/tr><\/tbody><\/table><\/figure>\n\n\n\n<p>Beispiel: Wird ein Reservierungsslot um 9:00 Uhr aktualisiert, werden Nutzer des Premium-Tarifs \u201e60 Minuten Vorausbuchung\u201c gegen 9:00 Uhr benachrichtigt, Nutzer des Premium-Tarifs \u201e30 Minuten Vorausbuchung\u201c gegen 9:30 Uhr und Nutzer des kostenlosen Tarifs gegen 10:00 Uhr \u00fcber X. F\u00fcr den kostenlosen Tarif ist keine Registrierung erforderlich. Klicken Sie einfach auf X. Der Wettbewerb ist jedoch hart, und Reservierungspl\u00e4tze sind in der Regel innerhalb von 30 Minuten ausgebucht. <br>\u203bBei Priorit\u00e4tsanfragen verz\u00f6gert sich die Benachrichtigung um einige Minuten, da sie erst nach der Bearbeitung der Priorit\u00e4tsanfrage bearbeitet wird.<\/p>\n\n\n\n<hr class=\"wp-block-separator has-alpha-channel-opacity\" \/>\n\n\n\n<h2 class=\"wp-block-heading\">Anmelden<\/h2>\n\n\n\n<p>Wenn Sie sich f\u00fcr den Premium-Tarif anmelden m\u00f6chten, bewerben Sie sich bitte unten. <\/p>\n\n\n\n<ul class=\"wp-block-list\">\n<li><a href=\"https:\/\/buy.stripe.com\/8x2aEW1T09Cv3KzdW94F204\" data-type=\"link\" data-id=\"https:\/\/buy.stripe.com\/fZueVc2X42a35SH3hv4F202\" target=\"_blank\" rel=\"noreferrer noopener\"><strong> Premium 60-Minuten-Vorschuss<\/strong> (3.000 \u00a5\/Monat)<\/a><\/li>\n\n\n\n<li><a href=\"https:\/\/buy.stripe.com\/dRmbJ0cxEdSLdl9bO14F205\" target=\"_blank\" rel=\"noreferrer noopener\"><strong> Premium 30-Minuten-Vorschuss<\/strong> (1.000 \u00a5\/Monat)<\/a><\/li>\n<\/ul>\n\n\n\n<p><strong> Zahlung<\/strong>:<br> Wir nutzen den sicheren Service <a href=\"https:\/\/stripe.com\/\" data-type=\"link\" data-id=\"https:\/\/stripe.com\/\" target=\"_blank\" rel=\"noreferrer noopener\">Stripe<\/a> f\u00fcr Kreditkartenzahlungen. <br> Bitte kontaktieren Sie uns, wenn Sie per Bank\u00fcberweisung bezahlen m\u00f6chten. <br><strong> Benachrichtigungs-E-Mail<\/strong>: <br> Benachrichtigungen werden an die bei Stripe registrierte E-Mail-Adresse gesendet. Bitte erlauben Sie die folgenden Dom\u00e4nen: <br><code>@stripe.com<\/code>, <code>@mg.good-loop.co.jp<\/code>. <\/p>\n\n\n\n<p> Spender, die unseren Service bisher unterst\u00fctzt haben, erhalten einen kostenlosen Premium-Tarif. <\/p>\n\n\n\n<h3 class=\"wp-block-heading\">Abrechnungszeitraum<\/h3>\n\n\n\n<ul class=\"wp-block-list\">\n<li><strong>G\u00fcltigkeitsdauer<\/strong>: Die G\u00fcltigkeitsdauer endet am Tag vor dem ersten Tag des Folgemonats ab Kaufdatum. Gibt es im Folgemonat kein entsprechendes Datum, endet der Plan am letzten Tag dieses Monats. <br>Beispiel: Kauf am 1. Januar: G\u00fcltigkeit bis 31. Januar. <br> Kauf am 31. Oktober: G\u00fcltigkeit bis 30. November. <\/li>\n\n\n\n<li><strong>Automatische Verl\u00e4ngerung<\/strong>: Nein (gilt monatlich ab dem Folgemonat)<\/li>\n\n\n\n<li><strong>Informationen zur K\u00fcndigung<\/strong>: Wenn Sie den Plan f\u00fcr den Folgemonat nicht erwerben, werden die Premium-Benachrichtigungen nach Ablauf der G\u00fcltigkeitsdauer eingestellt. Es sind keine besonderen K\u00fcndigungsverfahren erforderlich. <\/li>\n\n\n\n<li><strong>Zahlungsmethoden<\/strong>:<a href=\"https:\/\/stripe.com\/\" data-type=\"link\" data-id=\"https:\/\/stripe.com\/\" target=\"_blank\" rel=\"noreferrer noopener\">Stripe<\/a> (Kreditkarte\/Zahlung im Supermarkt), Bank\u00fcberweisung<\/li>\n\n\n\n<li><strong>Bez\u00fcglich der Servicegeb\u00fchren im Er\u00f6ffnungsmonat:<\/strong>Es gibt keinen Unterschied zwischen den Servicegeb\u00fchren im Er\u00f6ffnungsmonat und dem Rechnungsbetrag f\u00fcr die Folgemonate. Es fallen keine zus\u00e4tzlichen Geb\u00fchren wie z. B. Mitgliedsbeitr\u00e4ge an. <\/li>\n<\/ul>\n\n\n\n<h3 class=\"wp-block-heading\">R\u00fcckerstattungsrichtlinien<\/h3>\n\n\n\n<ul class=\"wp-block-list\">\n<li>Aufgrund der Art der Dienstleistung sind R\u00fcckerstattungen nicht m\u00f6glich. <\/li>\n\n\n\n<li>Bei Stornierungen oder vorzeitigen K\u00fcndigungen nach Zahlungseingang ist keine R\u00fcckerstattung m\u00f6glich. <\/li>\n\n\n\n<li>R\u00fcckerstattungen sind m\u00f6glich bei Problemen, die von unserem Unternehmen verursacht wurden, wie z. B. doppelten Zahlungen oder fehlerhaften Rechnungen, sowie bei Serviceausf\u00e4llen oder gr\u00f6\u00dferen St\u00f6rungen von einer Woche oder l\u00e4nger. <\/li>\n<\/ul>\n\n\n\n<h3 class=\"wp-block-heading\">\u00dcber die Erfolgsgarantie<\/h3>\n\n\n\n<ul class=\"wp-block-list\">\n<li>Dieser Service garantiert keine erfolgreiche Reservierung. Aufgrund des intensiven Wettbewerbs um Reservierungspl\u00e4tze kann es vorkommen, dass Sie selbst bei sofortiger Reaktion nach Erhalt einer Benachrichtigung keine Reservierung vornehmen k\u00f6nnen. <\/li>\n<\/ul>\n\n\n\n<h3 class=\"wp-block-heading\">Informationen zu Proxy-Reservierungen durch den Betreiber<\/h3>\n\n\n\n<ul class=\"wp-block-list\">\n<li>Wenn der Betreiber in Ihrem Namen eine Reservierung vornimmt, kann sich der Versand der Pr\u00e4mienbenachrichtigung um einige Minuten verz\u00f6gern<\/strong>. Auch in solchen F\u00e4llen bem\u00fchen wir uns, die Benachrichtigung so schnell wie m\u00f6glich zu versenden. <\/li>\n\n\n\n<li>Proxy-Reservierungen sind ein spezieller Service f\u00fcr internationale Reisende, die nicht flie\u00dfend Japanisch sprechen<strong>. Bitte kontaktieren Sie uns, wenn Sie diesen Service nutzen m\u00f6chten. <\/li>\n<\/ul>\n\n\n\n<hr class=\"wp-block-separator has-alpha-channel-opacity\" \/>\n\n\n\n<h2 class=\"wp-block-heading\">H\u00e4ufig gestellte Fragen (FAQ)<\/h2>\n\n\n\n<h3 class=\"wp-block-heading\">F. Ich habe eine Benachrichtigung erhalten, aber die Reservierung ist bereits ausgebucht. <\/h3>\n\n\n\n<p>A. Je nachdem, wie schnell andere Nutzer Reservierungen vornehmen oder die Einrichtung aktualisieren, kann die Reservierung zum Zeitpunkt der Benachrichtigung bereits ausgebucht sein. Eine fr\u00fchzeitige Benachrichtigung hat zwar Vorteile, garantiert aber keine Reservierung. <\/p>\n\n\n\n<h3 class=\"wp-block-heading\">F. Ich habe keine E-Mail erhalten. <\/h3>\n\n\n\n<p>A. Bitte \u00fcberpr\u00fcfen Sie Ihre Spam- und Werbe-Tabs und lassen Sie E-Mails von der Domain <code>@mg.good-loop.co.jp<\/code> zu. E-Mail-Filter k\u00f6nnen zu Verz\u00f6gerungen f\u00fchren. <\/p>\n\n\n\n<h3 class=\"wp-block-heading\">F. Sind auch andere Einrichtungen berechtigt? <\/h3>\n\n\n\n<p>A. Dieser Service ist derzeit exklusiv f\u00fcr die Nissan Heritage Collection verf\u00fcgbar. Bitte teilen Sie uns mit, ob Einrichtungen diesen Service nutzen m\u00f6chten. <\/p>\n\n\n\n<h3 class=\"wp-block-heading\">F: Lohnt sich die kostenlose Version? <\/h3>\n\n\n\n<p>A: Ja. Nutzer der kostenlosen Version erhalten 60 Minuten sp\u00e4ter Benachrichtigungen \u00fcber aktualisierte Reservierungspl\u00e4tze. <br> Allerdings ist der Wettbewerb hart, und Reservierungspl\u00e4tze sind oft innerhalb von 30 Minuten ausgebucht. <\/p>\n\n\n\n<h3 class=\"wp-block-heading\">F: Warum sind Sie von einem Spendenmodell auf ein kostenpflichtiges Modell umgestiegen? <\/h3>\n\n\n\n<p>A: Da Spenden auf Wohlwollen beruhen, gab es eine Voreingenommenheit gegen\u00fcber denjenigen, die uns unterst\u00fctzt haben. Durch die Einf\u00fchrung eines kostenpflichtigen Tarifs haben wir die Fairness erh\u00f6ht und ein System geschaffen, das einen stabilen und kontinuierlichen Service erm\u00f6glicht. <\/p>\n\n\n\n<h3 class=\"wp-block-heading\">F: Gibt es im Falle eines Serviceausfalls R\u00fcckerstattungen? <\/h3>\n\n\n\n<p>A: Ja. Wir bieten R\u00fcckerstattungen bei einem Serviceausfall von einer Woche oder l\u00e4nger oder bei einem gr\u00f6\u00dferen Ausfall an. Nutzen Sie den Service unbesorgt. <\/p>\n\n\n\n<h3 class=\"wp-block-heading\">F: Werden Benachrichtigungen verz\u00f6gert? <\/h3>\n\n\n\n<p>A: Ja. Bei Buchungen im Namen eines Gastes kann es im Gegensatz zur automatisierten Systemverarbeitung zu Verz\u00f6gerungen bei Premium-Benachrichtigungen von einigen Minuten kommen. Dar\u00fcber hinaus kann es bei der automatischen Systemverarbeitung zu Verz\u00f6gerungen durch unvorhergesehene Faktoren kommen. <\/p>\n\n\n\n<p>Sie erhalten auch mit dem kostenlosen Tarif Informationen. Folgen Sie X gerne. <\/p>\n\n\n\n<hr class=\"wp-block-separator has-alpha-channel-opacity\" \/>\n\n\n\n<h2 class=\"wp-block-heading\">Nutzungsbedingungen<\/h2>\n\n\n\n<ol class=\"wp-block-list\">\n<li><strong>Servicedetails<\/strong>: Dieser Service erkennt und benachrichtigt Sie \u00fcber \u00c4nderungen der Reservierungszeiten f\u00fcr die Nissan Heritage Collection Tour. Es handelt sich jedoch um einen Best-Effort-Service, der keine Zuverl\u00e4ssigkeit garantiert. <\/li>\n\n\n\n<li><strong>Preise und Abrechnung<\/strong>: Geb\u00fchren und Abrechnung erfolgen monatlich und verl\u00e4ngern sich nicht automatisch. <\/li>\n\n\n\n<li><strong>R\u00fcckerstattungsrichtlinie<\/strong>: R\u00fcckerstattungen sind grunds\u00e4tzlich nicht m\u00f6glich. R\u00fcckerstattungen sind nur bei Abrechnungsfehlern, Sperrungen von mindestens einer Woche oder schwerwiegenden, von unserem Unternehmen verursachten St\u00f6rungen m\u00f6glich. <\/li>\n\n\n\n<li><strong>Verbotene Aktivit\u00e4ten<\/strong>: Nutzern ist der Weiterverkauf oder die Weitergabe von Benachrichtigungsinformationen, der unbefugte Zugriff oder die St\u00f6rung des Betriebs untersagt. <\/li>\n\n\n\n<li><strong>Haftungsausschluss<\/strong>: Wir \u00fcbernehmen keine Verantwortung f\u00fcr versp\u00e4tete oder nicht zugestellte Benachrichtigungen, fehlgeschlagene Reservierungen usw. <\/li>\n\n\n\n<li><strong>Personenbezogene Daten<\/strong>: Personenbezogene Daten werden nur im erforderlichen Umfang f\u00fcr die Benachrichtigung und Zahlungsabwicklung verwendet und von Stripe verwaltet. <\/li>\n<\/ol>\n\n\n\n<hr class=\"wp-block-separator has-alpha-channel-opacity\" \/>\n\n\n\n<h2 class=\"wp-block-heading\">Kontaktieren Sie uns hier<\/h2>\n\n\n\n<div class=\"wp-block-buttons is-layout-flex wp-block-buttons-is-layout-flex\">\n<div class=\"wp-block-button\"><a class=\"wp-block-button__link has-small-font-size has-custom-font-size wp-element-button\" href=\"https:\/\/docs.google.com\/forms\/d\/1JATPpeGfRXaemIpjUO1PbKltxmmkNDiiO8owNQoPJU4\/\" target=\"_blank\" rel=\"noreferrer noopener\">\nKontaktieren Sie uns <\/a><\/div>\n<\/div>\n","protected":false},"excerpt":{"rendered":"<p>Service\u00fcbersicht Dieser Service \u00fcberwacht die Reservierungsseite f\u00fcr die Nissan Heritage Collection Tour und benachrichtigt Nutzer \u00fcber \u00c4nderungen der Zeitfenster. Bezahlte Mitglieder erhalten fr\u00fchzeitig eine E-Mail, gefolgt von einem Beitrag auf X (ehemals Twitter). Ziel ist es, den Nutzeraufwand f\u00fcr die Reservierungsseite zu reduzieren und eine erfolgreiche Reservierung sicherzustellen. Nissan Heritage Collection Reservierungsbenachrichtigung von Good Loop [&hellip;]<\/p>\n","protected":false},"author":1,"featured_media":677,"parent":504,"menu_order":0,"comment_status":"closed","ping_status":"closed","template":"","meta":{"footnotes":""},"class_list":["post-797","page","type-page","status-publish","has-post-thumbnail","hentry"],"_links":{"self":[{"href":"https:\/\/good-loop.co.jp\/de\/wp-json\/wp\/v2\/pages\/797","targetHints":{"allow":["GET"]}}],"collection":[{"href":"https:\/\/good-loop.co.jp\/de\/wp-json\/wp\/v2\/pages"}],"about":[{"href":"https:\/\/good-loop.co.jp\/de\/wp-json\/wp\/v2\/types\/page"}],"author":[{"embeddable":true,"href":"https:\/\/good-loop.co.jp\/de\/wp-json\/wp\/v2\/users\/1"}],"replies":[{"embeddable":true,"href":"https:\/\/good-loop.co.jp\/de\/wp-json\/wp\/v2\/comments?post=797"}],"version-history":[{"count":0,"href":"https:\/\/good-loop.co.jp\/de\/wp-json\/wp\/v2\/pages\/797\/revisions"}],"up":[{"embeddable":true,"href":"https:\/\/good-loop.co.jp\/de\/wp-json\/wp\/v2\/pages\/504"}],"wp:featuredmedia":[{"embeddable":true,"href":"https:\/\/good-loop.co.jp\/de\/wp-json\/wp\/v2\/media\/677"}],"wp:attachment":[{"href":"https:\/\/good-loop.co.jp\/de\/wp-json\/wp\/v2\/media?parent=797"}],"curies":[{"name":"wp","href":"https:\/\/api.w.org\/{rel}","templated":true}]}}