{"id":814,"date":"2023-01-11T21:00:18","date_gmt":"2023-01-11T12:00:18","guid":{"rendered":"http:\/\/good-loop.co.jp"},"modified":"2025-10-26T14:50:27","modified_gmt":"2025-10-26T05:50:27","slug":"unternehmen","status":"publish","type":"page","link":"https:\/\/good-loop.co.jp\/de\/unternehmen\/","title":{"rendered":"Unternehmensprofil"},"content":{"rendered":"\n<p>Die Reise geht weiter \u00fcber das Meer<\/p>\n\n\n\n<figure class=\"wp-block-table\"><table><tbody><tr><td><strong>Firmenname (Handelsname)<\/strong><\/td><td>Good Loop AG<br>(Japanisch) \u682a\u5f0f\u4f1a\u793e\u30b0\u30c3\u30c9\u30eb\u30fc\u30d7<\/td><\/tr><tr><td><strong>Hauptgesch\u00e4ftst\u00e4tigkeiten<\/strong><\/td><td>Export, Import und Verkauf von Automobilen<br>Entwicklung und Verkauf von Autoteilen<br>Entwicklung und Verkauf von Software<\/td><\/tr><tr><td><strong>Gegr\u00fcndet<\/strong><\/td><td>11. Januar 2023<\/td><\/tr><tr><td><strong>Vertreter<\/strong><\/td><td><iframe src=\"\/nocrawl\/ceo_de.html\" style=\"border:none\" scrolling=\"no\" height=\"56px\"><\/iframe><\/td><\/tr><tr><td><strong>Standort<\/strong><\/td><td>Yokohama, Pr\u00e4fektur Kanagawa<\/td><\/tr><\/tbody><\/table><\/figure>\n\n\n\n<h3 class=\"wp-block-heading\">Meldung gem\u00e4\u00df dem Gesetz \u00fcber Gebrauchtwarenh\u00e4ndler<\/h3>\n\n\n\n<p>Wer gebrauchte Waren, wie z. B. Gebrauchtwagen, kaufen oder verkaufen m\u00f6chte, ben\u00f6tigt die Genehmigung der Pr\u00e4fekturkommission f\u00fcr \u00f6ffentliche Sicherheit. Good Loop AG ist von der Pr\u00e4fekturkommission f\u00fcr \u00f6ffentliche Sicherheit lizenziert.<\/p>\n\n\n\n<figure class=\"wp-block-table\"><table><tbody><tr><td><strong>Name<\/strong><\/td><td>Good Loop AG<\/td><\/tr><tr><td><strong>Lizenziert durch die Kommission f\u00fcr \u00f6ffentliche Sicherheit<\/strong><\/td><td>Kommission f\u00fcr \u00f6ffentliche Sicherheit der Pr\u00e4fektur Kanagawa<\/td><\/tr><tr><td><strong>Lizenznummer<\/strong><\/td><td>Nr. 451920003680<\/td><\/tr><\/tbody><\/table><\/figure>\n\n\n\n<h3 class=\"wp-block-heading\">Hinweis gem\u00e4\u00df dem Auto-Recycling-Gesetz<\/h3>\n\n\n\n<p> Unternehmen, die Altfahrzeuge (Schrottfahrzeuge) entsorgen, m\u00fcssen sich bei den lokalen Beh\u00f6rden registrieren lassen. Good Loop AG ist beim B\u00fcrgermeister von Yokohama registriert. <\/p>\n\n\n\n<figure class=\"wp-block-table\"><table><tbody><tr><td><strong>Rechtsgrundlage<\/strong><\/td><td>Gesetz \u00fcber die Verwertung usw. von Altfahrzeugen, Artikel 42<\/td><\/tr><tr><td><strong>Registrierungsart<\/strong><\/td><td>Sammelunternehmen<\/td><\/tr><tr><td><strong>Registrierungsnummer<\/strong><\/td><td>20561001739<\/td><\/tr><tr><td><strong>Firmenname<\/strong><\/td><td>Good Loop AG<\/td><\/tr><tr><td><strong>Lagerung von Altfahrzeugen, usw.<\/strong><\/td><td>Keine<\/td><\/tr><\/tbody><\/table><\/figure>\n","protected":false},"excerpt":{"rendered":"<p>Die Reise geht weiter \u00fcber das Meer Firmenname (Handelsname) Good Loop AG(Japanisch) \u682a\u5f0f\u4f1a\u793e\u30b0\u30c3\u30c9\u30eb\u30fc\u30d7 Hauptgesch\u00e4ftst\u00e4tigkeiten Export, Import und Verkauf von AutomobilenEntwicklung und Verkauf von AutoteilenEntwicklung und Verkauf von Software Gegr\u00fcndet 11. Januar 2023 Vertreter Standort Yokohama, Pr\u00e4fektur Kanagawa Meldung gem\u00e4\u00df dem Gesetz \u00fcber Gebrauchtwarenh\u00e4ndler Wer gebrauchte Waren, wie z. B. Gebrauchtwagen, kaufen oder verkaufen m\u00f6chte, ben\u00f6tigt [&hellip;]<\/p>\n","protected":false},"author":1,"featured_media":0,"parent":0,"menu_order":0,"comment_status":"closed","ping_status":"closed","template":"","meta":{"footnotes":""},"class_list":["post-814","page","type-page","status-publish","hentry"],"_links":{"self":[{"href":"https:\/\/good-loop.co.jp\/de\/wp-json\/wp\/v2\/pages\/814","targetHints":{"allow":["GET"]}}],"collection":[{"href":"https:\/\/good-loop.co.jp\/de\/wp-json\/wp\/v2\/pages"}],"about":[{"href":"https:\/\/good-loop.co.jp\/de\/wp-json\/wp\/v2\/types\/page"}],"author":[{"embeddable":true,"href":"https:\/\/good-loop.co.jp\/de\/wp-json\/wp\/v2\/users\/1"}],"replies":[{"embeddable":true,"href":"https:\/\/good-loop.co.jp\/de\/wp-json\/wp\/v2\/comments?post=814"}],"version-history":[{"count":4,"href":"https:\/\/good-loop.co.jp\/de\/wp-json\/wp\/v2\/pages\/814\/revisions"}],"predecessor-version":[{"id":859,"href":"https:\/\/good-loop.co.jp\/de\/wp-json\/wp\/v2\/pages\/814\/revisions\/859"}],"wp:attachment":[{"href":"https:\/\/good-loop.co.jp\/de\/wp-json\/wp\/v2\/media?parent=814"}],"curies":[{"name":"wp","href":"https:\/\/api.w.org\/{rel}","templated":true}]}}