{"id":815,"date":"2023-01-19T22:41:38","date_gmt":"2023-01-19T13:41:38","guid":{"rendered":"http:\/\/good-loop.co.jp"},"modified":"2023-01-19T22:41:38","modified_gmt":"2023-01-19T13:41:38","slug":"datenschutzrichtlinie","status":"publish","type":"page","link":"https:\/\/good-loop.co.jp\/de\/datenschutzrichtlinie\/","title":{"rendered":"Datenschutzrichtlinie"},"content":{"rendered":"\n<h2 class=\"wp-block-heading\">\u00dcber uns<\/h2>\n\n\n\n<p>Unsere Website-Adresse lautet https:\/\/good-loop.co.jp\/de\/. <\/p>\n\n\n\n<h2 class=\"wp-block-heading\">Welche personenbezogenen Daten erhebt diese Website und warum?<\/h2>\n\n\n\n<h3 class=\"wp-block-heading\">Kommentare<\/h3>\n\n\n\n<p>Wenn Besucher Kommentare auf dieser Website hinterlassen, erfassen wir die im Kommentarformular angezeigten Daten sowie ihre IP-Adresse und den User-Agent-String ihres Browsers, um die Spam-Erkennung zu unterst\u00fctzen. <\/p>\n\n\n\n<p> Eine anonymisierte Zeichenfolge, die aus Ihrer E-Mail-Adresse erstellt wurde (auch Hash genannt), kann dem Gravatar-Dienst zur Verf\u00fcgung gestellt werden, um zu pr\u00fcfen, ob Sie ihn verwenden. Die Datenschutzrichtlinie des Gravatar-Dienstes finden Sie unter https:\/\/automattic.com\/privacy\/. Nach Freigabe Ihres Kommentars wird Ihr Profilbild \u00f6ffentlich im Kontext Ihres Kommentars angezeigt. <\/p>\n\n\n\n<h3 class=\"wp-block-heading\">Medien<\/h3>\n\n\n\n<p> Wenn Sie Bilder auf Ihre Website hochladen, sollten Sie keine Bilder mit Standortdaten (EXIF GPS) hochladen. Besucher Ihrer Website k\u00f6nnen Bilder von Ihrer Website herunterladen und Standortdaten daraus extrahieren. <\/p>\n\n\n\n<h3 class=\"wp-block-heading\">Kontaktformular<\/h3>\n\n\n\n<p>Wenn Besucher diese Website kontaktieren, erfassen wir die im Kontaktformular angezeigten Daten. Wir verwenden Google Formulare, ein Umfrage-Tool von Google. Bei der Kontaktaufnahme werden Sie m\u00f6glicherweise um die Angabe personenbezogener Daten gebeten. Diese Daten werden jedoch ausschlie\u00dflich f\u00fcr den angegebenen Zweck verwendet. Die von Kunden erhobenen personenbezogenen Daten verwenden wir, um mit uns Kontakt aufzunehmen, Informationen \u00fcber unser Unternehmen bereitzustellen und Ihre Fragen per E-Mail und in Form von Materialien zu beantworten. <\/p>\n\n\n\n<h3 class=\"wp-block-heading\">Cookies<\/h3>\n\n\n\n<p>Wenn Sie einen Kommentar auf unserer Website hinterlassen, k\u00f6nnen Sie Ihren Namen, Ihre E-Mail-Adresse und Ihre Website in Cookies speichern. Dies dient Ihrer Bequemlichkeit, damit Sie Ihre Daten bei einem weiteren Kommentar nicht erneut eingeben m\u00fcssen. Diese Cookies sind ein Jahr lang g\u00fcltig. <\/p>\n\n\n\n<p>Wenn Sie ein Konto haben und sich auf dieser Website anmelden, setzen wir ein tempor\u00e4res Cookie, um festzustellen, ob Ihr Browser Cookies akzeptiert. Dieses Cookie enth\u00e4lt keine personenbezogenen Daten und wird gel\u00f6scht, wenn Sie Ihren Browser schlie\u00dfen. <\/p>\n\n\n\n<p>Wenn Sie sich anmelden, setzen wir au\u00dferdem mehrere Cookies, um Ihre Anmeldedaten und Bildschirmanzeigeeinstellungen zu speichern. Anmelde-Cookies sind zwei Tage lang g\u00fcltig, Cookies f\u00fcr Bildschirmanzeigeoptionen ein Jahr. Wenn Sie \u201eAngemeldet bleiben\u201c w\u00e4hlen, bleiben Ihre Anmeldedaten zwei Wochen lang erhalten. Beim Abmelden werden die Anmelde-Cookies gel\u00f6scht. <\/p>\n\n\n\n<p>Wenn Sie einen Beitrag bearbeiten oder ver\u00f6ffentlichen, wird ein zus\u00e4tzliches Cookie in Ihrem Browser gespeichert. Dieses Cookie enth\u00e4lt keine personenbezogenen Daten, sondern lediglich die Beitrags-ID des gerade bearbeiteten Beitrags. Es verf\u00e4llt nach einem Tag. <\/p>\n\n\n\n<h3 class=\"wp-block-heading\">Eingebettete Inhalte von anderen Websites<\/h3>\n\n\n\n<p>Artikel auf dieser Website k\u00f6nnen eingebettete Inhalte enthalten (z. B. Videos, Bilder, Artikel usw.). Eingebettete Inhalte von anderen Websites verhalten sich genauso, als ob der Besucher die andere Website besucht h\u00e4tte. <\/p>\n\n\n\n<p>Diese Websites k\u00f6nnen Daten \u00fcber Sie sammeln, Cookies verwenden, zus\u00e4tzliche Tracking-Dienste von Drittanbietern einbetten und Ihre Interaktion mit diesen eingebetteten Inhalten \u00fcberwachen. Dies umfasst auch die Verfolgung Ihrer Interaktion mit den eingebetteten Inhalten, sofern Sie \u00fcber ein Konto verf\u00fcgen und auf dieser Website angemeldet sind. <\/p>\n\n\n\n<h3 class=\"wp-block-heading\">Analytics<\/h3>\n\n\n\n<p>Diese Website nutzt Google Analytics, ein Zugriffsanalysetool von Google. Google Analytics verwendet Cookies zur Erfassung von Nutzungsdaten. Diese Nutzungsdaten werden anonym erfasst und identifizieren keine Personen. Sie k\u00f6nnen die Datenerfassung durch diese Funktion verhindern, indem Sie Cookies deaktivieren. Bitte \u00fcberpr\u00fcfen Sie dazu Ihre Browsereinstellungen. Weitere Informationen zu diesen Nutzungsbedingungen finden Sie <a href=\"https:\/\/marketingplatform.google.com\/about\/analytics\/terms\/jp\/\">hier<\/a> oder <a href=\"https:\/\/policies.google.com\/technologies\/partner-sites?hl=ja\">hier<\/a>. <\/p>\n\n\n\n<h3 class=\"wp-block-heading\">Anzeigenauslieferung<\/h3>\n\n\n\n<p>Diese Website nutzt den Drittanbieter-Werbedienst \u201eGoogle AdSense\u201c. Drittanbieter, wie z. B. Google, k\u00f6nnen Cookies (einschlie\u00dflich Informationen \u00fcber Ihre Besuche auf dieser und anderen Websites) verwenden, um Ihnen auf Ihre Interessen zugeschnittene Werbung anzuzeigen. Besucher k\u00f6nnen personalisierte Werbung (nachfolgend \u201epersonalisierte Werbung\u201c genannt) in den <a rel=\"noopener noreferrer\" href=\"https:\/\/adssettings.google.com\/\" target=\"_blank\">Anzeigeneinstellungen<\/a> deaktivieren (oder Drittanbieter-Cookies f\u00fcr personalisierte Werbung unter <a rel=\"noopener noreferrer\" href=\"https:\/\/optout.aboutads.info\/\" target=\"_blank\">www.aboutads.info<\/a> deaktivieren). Wenn Sie die Anzeigenauslieferung durch Drittanbieter nicht deaktiviert haben, k\u00f6nnen auf Ihrer Website Anzeigen von Drittanbietern und Werbenetzwerken erscheinen. Weitere Informationen zu den von Google autorisierten Anzeigenauslieferungsunternehmen finden Sie <a rel=\"noopener noreferrer\" href=\"https:\/\/support.google.com\/admanager\/answer\/94149\" target=\"_blank\">hier<\/a>. <\/p>\n\n\n\n<h3 class=\"wp-block-heading\">Wie lange speichern wir Ihre Daten?<\/h3>\n\n\n\n<p>Wenn Sie einen Kommentar hinterlassen, werden dieser und seine Metadaten zeitlich unbegrenzt gespeichert. So k\u00f6nnen wir Folgekommentare automatisch erkennen und freigeben, anstatt sie in einer Moderationswarteschlange festzuhalten. <\/p>\n\n\n\n<p>Wenn Sie registrierter Nutzer dieser Website sind, speichern wir auch die von Ihnen in Ihrem Nutzerprofil angegebenen personenbezogenen Daten. Alle Nutzer k\u00f6nnen ihre personenbezogenen Daten einsehen, bearbeiten und l\u00f6schen (mit Ausnahme des Benutzernamens). Auch Website-Administratoren k\u00f6nnen diese Daten einsehen und bearbeiten. <\/p>\n\n\n\n<h2 class=\"wp-block-heading\">Ihre Rechte an Ihren Daten<\/h2>\n\n\n\n<p>Wenn Sie ein Konto auf dieser Website besitzen oder Kommentare hinterlassen haben, k\u00f6nnen Sie einen Export Ihrer bei uns gespeicherten personenbezogenen Daten anfordern, einschlie\u00dflich der Daten, die Sie uns zur Verf\u00fcgung gestellt haben. Sie k\u00f6nnen auch die L\u00f6schung aller \u00fcber Sie gespeicherten personenbezogenen Daten verlangen. Ausgenommen hiervon sind Daten, zu deren Aufbewahrung wir aus administrativen, rechtlichen oder sicherheitsrelevanten Gr\u00fcnden verpflichtet sind. <\/p>\n\n\n\n<h2 class=\"wp-block-heading\">Wohin wir Ihre Daten senden<\/h2>\n\n\n\n<p>Besucherkommentare k\u00f6nnen durch einen automatisierten Spam-Erkennungsdienst \u00fcberpr\u00fcft werden. <\/p>\n","protected":false},"excerpt":{"rendered":"<p>\u00dcber uns Unsere Website-Adresse lautet https:\/\/good-loop.co.jp\/de\/. Welche personenbezogenen Daten erhebt diese Website und warum? Kommentare Wenn Besucher Kommentare auf dieser Website hinterlassen, erfassen wir die im Kommentarformular angezeigten Daten sowie ihre IP-Adresse und den User-Agent-String ihres Browsers, um die Spam-Erkennung zu unterst\u00fctzen. Eine anonymisierte Zeichenfolge, die aus Ihrer E-Mail-Adresse erstellt wurde (auch Hash genannt), kann [&hellip;]<\/p>\n","protected":false},"author":1,"featured_media":0,"parent":0,"menu_order":0,"comment_status":"closed","ping_status":"open","template":"","meta":{"footnotes":""},"class_list":["post-815","page","type-page","status-publish","hentry"],"_links":{"self":[{"href":"https:\/\/good-loop.co.jp\/de\/wp-json\/wp\/v2\/pages\/815","targetHints":{"allow":["GET"]}}],"collection":[{"href":"https:\/\/good-loop.co.jp\/de\/wp-json\/wp\/v2\/pages"}],"about":[{"href":"https:\/\/good-loop.co.jp\/de\/wp-json\/wp\/v2\/types\/page"}],"author":[{"embeddable":true,"href":"https:\/\/good-loop.co.jp\/de\/wp-json\/wp\/v2\/users\/1"}],"replies":[{"embeddable":true,"href":"https:\/\/good-loop.co.jp\/de\/wp-json\/wp\/v2\/comments?post=815"}],"version-history":[{"count":0,"href":"https:\/\/good-loop.co.jp\/de\/wp-json\/wp\/v2\/pages\/815\/revisions"}],"wp:attachment":[{"href":"https:\/\/good-loop.co.jp\/de\/wp-json\/wp\/v2\/media?parent=815"}],"curies":[{"name":"wp","href":"https:\/\/api.w.org\/{rel}","templated":true}]}}