{"id":830,"date":"2025-08-20T22:49:17","date_gmt":"2025-08-20T13:49:17","guid":{"rendered":"https:\/\/good-loop.co.jp\/?page_id=830"},"modified":"2025-08-20T22:49:17","modified_gmt":"2025-08-20T13:49:17","slug":"uebersee-einreise-tc","status":"publish","type":"page","link":"https:\/\/good-loop.co.jp\/de\/uebersee-einreise-tc\/","title":{"rendered":"So nehmen Sie aus dem Ausland an Attack Tsukuba teil"},"content":{"rendered":"\nAttack Tsukuba, eines der f\u00fchrenden Zeitrennen Japans, hat in den letzten Jahren auch im Ausland gro\u00dfe Aufmerksamkeit erregt. Mit seinem starken internationalen Flair und den beeindruckenden Zeiten ausl\u00e4ndischer Fahrer tr\u00e4umen Fans aus aller Welt davon, auf diesem \u201eheiligen Boden\u201c von Tsukuba zu fahren. Die \u00dcberf\u00fchrung Ihres geliebten Autos nach Japan birgt jedoch zahlreiche H\u00fcrden, vom Fahrzeugtransport bis hin zur Vorbereitung und Betreuung vor Ort. Als professionelles internationales Unternehmen f\u00fcr Fahrzeugimport und -export bietet Good Loop umfassende Unterst\u00fctzung f\u00fcr diese Herausforderung. Im Folgenden stellen wir Ihnen die Dienstleistungen vor, die Sie f\u00fcr die Teilnahme an Attack Tsukuba (und anderen Rundstreckenrennen) aus dem Ausland ben\u00f6tigen. <\/p>\n\n\n\n<h2 class=\"wp-block-heading\">Fahrzeugversand nach Japan: Seefracht vs. Luftfracht<\/h2>\n\n\n\n<p>Es gibt zwei Hauptmethoden, um Fahrzeuge von \u00dcbersee nach Japan zu versenden: Seefracht und Luftfracht. Jede Methode hat unterschiedliche Reisezeiten und -kosten sowie Vor- und Nachteile. Wir finden die optimale Methode f\u00fcr Ihre Bed\u00fcrfnisse. <\/p>\n\n\n\n<ul class=\"wp-block-list\">\n<li><strong>Seefracht (Containerschiff\/RoRo-Schiff):<\/strong> Dies ist eine g\u00e4ngige und kosteng\u00fcnstige Methode. Die Reise von Europa nach Japan dauert in der Regel etwa 3\u20136 Wochen. Der gleichzeitige Transport mehrerer Fahrzeuge reduziert die Kosten pro Fahrzeug. Wenn Sie beispielsweise drei oder vier Personenkraftwagen in einen einzigen 40-Fu\u00df-Seecontainer laden, k\u00f6nnen diese sicher versiegelt und vor Diebstahl und Besch\u00e4digung gesch\u00fctzt werden. Der Transport nur eines Fahrzeugs in einem Container kann jedoch teuer sein. Erw\u00e4gen Sie daher, sich einen Container mit mehreren Fahrzeugen zu teilen oder ein selbstfahrendes RoRo-Schiff (RoRo) zu nutzen. <\/li>\n\n\n\n<li><strong>Luftfracht:<\/strong> Diese Transportmethode eignet sich ideal f\u00fcr Notf\u00e4lle oder den Transport von Luxusautos und ist extrem schnell und dauert nur wenige Tage bis zu einer Woche. Sie ist beispielsweise effektiv, wenn Sie ein Auto kurzfristig zu einem Rennen schicken m\u00fcssen oder wenn Sie es bis zum Renntermin vor Ort nutzen und anschlie\u00dfend nach Japan zur\u00fcckbringen m\u00f6chten. Allerdings ist sie sehr teuer: W\u00e4hrend Seefracht mehrere Hunderttausend Yen kostet, kostet Luftfracht oft weit \u00fcber eine Million Yen. Zudem gelten Gr\u00f6\u00dfen- und Gewichtsbeschr\u00e4nkungen. Kunden, die Luftfracht ben\u00f6tigen, erstellen wir vorab detaillierte Kostenvoranschl\u00e4ge und Informationen zu den Abl\u00e4ufen und bieten so die M\u00f6glichkeit, Zeit mit Geld zu gewinnen. <\/li>\n<\/ul>\n\n\n\n<p>Es gibt au\u00dferdem folgende M\u00f6glichkeiten, ein Fahrzeug vor\u00fcbergehend nach Japan einzuf\u00fchren: <\/p>\n\n\n\n<ul class=\"wp-block-list\">\n<li><strong>Carnet ATA (Admission Temporaire \u2013 Carnet f\u00fcr die vor\u00fcbergehende Zulassung)<\/strong><br>Dies ist ein Zolldokument f\u00fcr Ausstellungen, Gesch\u00e4ftsverhandlungen usw. und wird in Japan von der Japan Commercial Arbitration Association (JCAA) ausgestellt. Das Carnet ATA wird am h\u00e4ufigsten f\u00fcr die Einfuhr von Rennwagen zu Motorsportveranstaltungen und Shows wie Attack Tsukuba verwendet. Es ist f\u00fcr einen bestimmten Zeitraum (in der Regel innerhalb eines Jahres) steuer- und abgabenfrei g\u00fcltig und kann nach Ende der Veranstaltung wieder ausgef\u00fchrt werden. <\/li>\n\n\n\n<li><strong>CPD-Carnet (Carnet de Passage en Douane)<\/strong><br> ist ein System f\u00fcr die vor\u00fcbergehende Einfuhr eines Privatfahrzeugs ins Ausland. In Japan wird es vom Japanischen Automobilverband (JAF) ausgestellt. Es wird typischerweise f\u00fcr Besichtigungstouren oder Rundreisen verwendet, bei denen das Fahrzeug \u00fcber ein inl\u00e4ndisches Kennzeichen verf\u00fcgt und auf japanischen \u00f6ffentlichen Stra\u00dfen gefahren werden darf. <\/li>\n\n\n\n<li><strong>Antrag auf vor\u00fcbergehende Einfuhr beim regul\u00e4ren Zoll<\/strong><br>Alternativ zur Verwendung eines Carnets k\u00f6nnen Sie auch eine \u201evor\u00fcbergehende Einfuhrgenehmigung\u201c beim Zoll beantragen. In diesem Fall zahlen Sie Z\u00f6lle und Verbrauchssteuer bei der Einfuhr und erhalten bei der Wiederausfuhr eine R\u00fcckerstattung. Diese Methode ist eine realistische Option f\u00fcr Fahrzeuge aus L\u00e4ndern, in denen kein Carnet verf\u00fcgbar ist, oder f\u00fcr Fahrzeuge mit besonderen Anforderungen. <\/li>\n\n\n\n<li><strong>Vor\u00fcbergehende Einfuhr per internationaler F\u00e4hre<\/strong><br>Fahrzeuge, die vor\u00fcbergehend per F\u00e4hre zwischen Japan und anderen L\u00e4ndern eingef\u00fchrt werden, k\u00f6nnen zus\u00e4tzlich zum Carnet mit dem Formular f\u00fcr die vor\u00fcbergehende Einfuhr-\/Ausfuhrerkl\u00e4rung f\u00fcr Kraftfahrzeuge (C5014) zollfrei abgefertigt werden. <\/li>\n<\/ul>\n\n\n\n<p>Ob Sie sich f\u00fcr diese Methode entscheiden, wir arbeiten mit zuverl\u00e4ssigen Logistik- und Zollpartnern zusammen, um den Prozess zu unterst\u00fctzen. Wir bieten umfassende Unterst\u00fctzung, von der Erstellung der erforderlichen Dokumente (Rechnungen, Manifeste, Frachtbriefe usw.) bis hin zu Zollanmeldungen und Zeitmanagement. <\/p>\n\n\n\n<h2 class=\"wp-block-heading\"> Fahrzeuglagerung in Japan <\/h2>\n\n\n\n<p> Wenn Sie Ihr Fahrzeug nach der Veranstaltung f\u00fcr eine Weile in Japan lassen m\u00f6chten, um Sightseeing zu machen oder Auto zu fahren, ist ein sicherer Unterstellplatz wichtig. Wir lagern Ihr Fahrzeug in unseren Partnerwerkst\u00e4tten mit h\u00f6chster Sicherheit. Die Lagerung in geschlossenen R\u00e4umen sch\u00fctzt vor Diebstahl und Vandalismus. Wir bieten au\u00dferdem Batteriewartung, regelm\u00e4\u00dfige Motorstarts und Wartung der Fahrzeugabdeckung an, um den Zustand des Fahrzeugs zu erhalten. Auch eine Langzeitlagerung ist m\u00f6glich, sodass wir Kundenw\u00fcnsche erf\u00fcllen k\u00f6nnen, die ihr Fahrzeug nach der diesj\u00e4hrigen Attack Tsukuba-Veranstaltung in Japan behalten und an zuk\u00fcnftigen Veranstaltungen und Fahrertreffen teilnehmen m\u00f6chten. <\/p>\n\n\n\n<h2 class=\"wp-block-heading\">Unterst\u00fctzung bei Fahrzeugabstimmung und -wartung<\/h2>\n\n\n\n<p>Um auf japanischen Rennstrecken H\u00f6chstleistungen zu erzielen, ist eine Fahrzeugabstimmung vor Ort unerl\u00e4sslich. Wir arbeiten mit Reparatur- und Tuningwerkst\u00e4tten zusammen, um Sie vor und nach dem Rennen bei der Wartung und Abstimmung zu unterst\u00fctzen. Wir k\u00fcmmern uns um alles, vom \u00d6l- und K\u00fchlmittelwechsel \u00fcber Fahrwerkseinstellungen, Reifenwechsel und -beschaffung bis hin zu Ersatzbremsbel\u00e4gen. <\/p>\n\n\n\n<p>Der Tsukuba Circuit ist eine technisch anspruchsvolle Strecke mit einer L\u00e4nge von 2.045 Metern. Ortskenntnisse sind entscheidend, um beispielsweise Ihr Fahrzeug optimal auf den Kurvenausgang abzustimmen und sich an die Grip-Eigenschaften japanischer Stra\u00dfenoberfl\u00e4chen anzupassen. Wir verf\u00fcgen \u00fcber ein Netzwerk von Mechanikern und Ingenieuren mit langj\u00e4hriger Fahrerfahrung in Tsukuba und stellen Ihnen bei Bedarf am Tag der Fahrt lokales Support-Personal vor. <strong> <\/strong><\/p>\n\n\n\n<h2 class=\"wp-block-heading\"> Vereinbaren Sie Termine bei renommierten japanischen Tuning-Werkst\u00e4tten <\/h2>\n\n\n\n<p><strong> Wir vermitteln auch Tuning- und Wartungsanfragen bei Ihrer bevorzugten JDM-Tuning-Werkstatt <\/strong>. Wir k\u00f6nnen beispielsweise flexibel auf W\u00fcnsche eingehen wie: \u201eIch m\u00f6chte meine ECU-Einstellungen w\u00e4hrend meines Japan-Aufenthalts optimieren lassen\u201c oder \u201eIch m\u00f6chte meine Spureinstellung von einem Fachmann in einer renommierten Werkstatt einstellen lassen\u201c. Wir bieten auch Terminologie-Interpretation und Verhandlungsdienste an. Bitte beachten Sie jedoch, dass renommierte Werkst\u00e4tten oft im Voraus ausgebucht sind. <\/p>\n\n\n\n<h2 class=\"wp-block-heading\">Museumstour zu Automobilherstellern und Privatsammlungen<\/h2>\n\n\n\n<p>Japan hat eine reiche Automobilkultur, und im ganzen Land gibt es faszinierende Automobilmuseen. Zu den ber\u00fchmten, von Herstellern betriebenen Museen geh\u00f6ren das Toyota Automobilmuseum (Nagakute, Pr\u00e4fektur Aichi), die Nissan Heritage Collection (Zama, Pr\u00e4fektur Kanagawa, Reservierung erforderlich), das Suzuki History Museum (Pr\u00e4fektur Shizuoka, Reservierung erforderlich) und die Honda Collection Hall (Twin Ring Motegi, Pr\u00e4fektur Tochigi). Insbesondere die Honda Collection Hall zeigt eine gro\u00dfe Auswahl an Oldtimern und Rennmaschinen aus der Geschichte und ist damit ein Mekka nicht nur f\u00fcr Honda-Enthusiasten, sondern auch f\u00fcr Motorsportfans. Auch andere Hersteller verf\u00fcgen \u00fcber beeindruckende Museen, wie das Mazda Museum am Mazda-Hauptsitz in Hiroshima und die Yamaha Communication Plaza in Shizuoka.\n\nAndererseits sind Museen, die aus privaten Sammlungen entstanden sind, \u00fcber das ganze Land verstreut. So ist beispielsweise das Japanische Automobilmuseum in der Pr\u00e4fektur Ishikawa eines der gr\u00f6\u00dften Japans und beherbergt rund 500 seltene und ber\u00fchmte Autos, darunter den Toyota 2000GT und den Jaguar XK140. Weitere ber\u00fchmte Museen sind das Kawaguchiko Automobilmuseum (nur im August ge\u00f6ffnet und mit einem Cizeta V16T ausgestattet) und das GLION MUSEUM in Osaka. Weitere Beispiele sind die Iwashita Collection (Oita), die den weltweit einzigen L-4 Ducati Apollo ausstellt, und das Nasu Classic Car Museum (Tochigi).\n\n\n\n\n\n<figure class=\"wp-block-image size-large\"><img loading=\"lazy\" decoding=\"async\" width=\"1024\" height=\"576\" src=\"https:\/\/good-loop.co.jp\/de\/wp-content\/uploads\/2025\/08\/cizeta-1024x576.jpg\" alt=\"\" class=\"wp-image-838\" srcset=\"https:\/\/good-loop.co.jp\/de\/wp-content\/uploads\/sites\/8\/2025\/08\/cizeta-1024x576.jpg 1024w, https:\/\/good-loop.co.jp\/de\/wp-content\/uploads\/sites\/8\/2025\/08\/cizeta-300x169.jpg 300w, https:\/\/good-loop.co.jp\/de\/wp-content\/uploads\/sites\/8\/2025\/08\/cizeta-768x432.jpg 768w, https:\/\/good-loop.co.jp\/de\/wp-content\/uploads\/sites\/8\/2025\/08\/cizeta-1536x864.jpg 1536w, https:\/\/good-loop.co.jp\/de\/wp-content\/uploads\/sites\/8\/2025\/08\/cizeta-2048x1152.jpg 2048w\" sizes=\"auto, (max-width: 1024px) 100vw, 1024px\" \/><figcaption class=\"wp-element-caption\"> Cizeta V16T im Kawaguchiko Automobilmuseum\n\n\n\n\n\n<p> Wir planen auch Museumsf\u00fchrungen nach Ihren Interessen. Wenn Sie diese Museen w\u00e4hrend Ihres Japanaufenthalts besuchen m\u00f6chten, aber nicht sicher sind, wie Sie Zugang erhalten oder buchen k\u00f6nnen, sind Sie bei uns an der richtigen Adresse. F\u00fcr die Nissan Heritage Collection ist beispielsweise eine Reservierung erforderlich. Unser Unternehmen \u00fcbernimmt jedoch die Reservierung und bietet F\u00fchrungen auf Englisch an. F\u00fcr internationale Besucher wird der Besuch dieser Museen und das hautnahe Erleben der japanischen Automobilkultur zu einem unvergesslichen Erlebnis.\n\n\n\n\n\n<h2 class=\"wp-block-heading\"> Besichtigung von Stra\u00dfenrennen-Spots wie Daikoku PA und Hakone Turnpike\n\n\n\n\n\n<p> Pilgerfahrten zum Geburtsort des Stra\u00dfenrennens sind unverzichtbar, wenn man die japanische Autoszene kennenlernen m\u00f6chte. Ein Paradebeispiel daf\u00fcr ist der Daikoku Pier Parking Area (Daikoku PA). Dieser Parkplatz liegt an einer Ecke einer k\u00fcnstlichen Insel unterhalb der erh\u00f6hten Shuto Expressway Bayshore Line und ist einer der weltweit f\u00fchrenden Autotreffpunkte, der nachts unz\u00e4hlige getunte Autos und Supersportwagen anzieht. In Kombination mit seiner ungew\u00f6hnlichen Landschaft, umgeben von spiralf\u00f6rmigen Autobahnauffahrten, gilt Daikoku PA als Mikrokosmos der japanischen Autokultur. <\/p>\n\n\n\n<p> Auch Fahrkurse au\u00dferhalb der Hauptstadt sind beliebt. Insbesondere der Hakone Turnpike in der Pr\u00e4fektur Kanagawa (heute die Mautstra\u00dfe zur Mazda Sky Lounge) gilt als eine der kurvenreichsten Stra\u00dfen Japans. Mit seinen sanften Kurven und atemberaubenden Ausblicken auf den Fuji wird er auch als \u201eJapans Mini-N\u00fcrburgring\u201c bezeichnet. Warum nicht fr\u00fchmorgens von Tokio aus losfahren und zum Fu\u00dfe des Fuji fahren, vorbei an hei\u00dfen Quellen und Sehensw\u00fcrdigkeiten? <\/p>\n\n\n\n<p> Wir organisieren auch gerne Touren zu anderen Stra\u00dfenrennen in ganz Japan, ganz nach Ihren W\u00fcnschen. Genie\u00dfen Sie ein unvergessliches Erlebnis der Automobilkultur. <strong>\n\n\n\n<h2 class=\"wp-block-heading\">Reiseunterst\u00fctzung (Informationen) w\u00e4hrend Ihres Aufenthalts<\/h2>\n\n\n\n<p>Wir bieten kostenlose Informationen und Beratung<\/strong> zu nicht fahrzeugbezogenen Aspekten Ihres Aufenthalts, damit Sie Japan unbeschwert genie\u00dfen k\u00f6nnen. Wir unterst\u00fctzen Sie bei der reibungslosen Planung Ihrer Reise und stellen Ihnen vertrauensw\u00fcrdige externe Dienste und offizielle Buchungsseiten vor. <\/p>\n\n\n\n<ul class=\"wp-block-list\">\n<li><strong>Informationen zu Unterk\u00fcnften<\/strong><br>Wir bieten kostenlose Informationen zu Hotels in der N\u00e4he der Rennstrecke, Unterk\u00fcnften im Stadtzentrum und Thermalquellen-Gasth\u00e4usern. G\u00e4ste sind selbst f\u00fcr die Reservierung verantwortlich. <\/li>\n\n\n\n<li><strong> Informationen zu Mietwagen und Transport<\/strong><br> Wir stellen Ihnen Automodelle vor, die mit einem internationalen F\u00fchrerschein gefahren werden k\u00f6nnen, sowie Fahrzeugklassen, die bei den Teilnehmern der Rundreise beliebt sind. <\/li>\n\n\n\n<li><strong> Tipps zu Sehensw\u00fcrdigkeiten und Restaurants<\/strong><br> Wir stellen Ihnen Sehensw\u00fcrdigkeiten und Restaurants in der N\u00e4he von Tsukuba und im Gro\u00dfraum Tokio vor, die einen Besuch wert sind. Dies basiert auf den Erfahrungen und Bewertungen unserer Mitarbeiter. <\/li>\n\n\n\n<li><strong> Einf\u00fchrung in Dolmetscher und Unterst\u00fctzungsdienste<\/strong><br> Wenn Sie professionelle Dolmetscher oder Reisef\u00fchrer ben\u00f6tigen, stellen wir Ihnen vertrauensw\u00fcrdige externe Partner vor. <\/li>\n<\/ul>\n\n\n\n<p>Wir bieten zwar keine Reisedienstleistungen an, unterst\u00fctzen internationale G\u00e4ste jedoch umfassend mit Informationen, um ihnen einen angenehmen Aufenthalt in Japan zu erm\u00f6glichen. <\/p>\n\n\n\n<h2 class=\"wp-block-heading\">Warum Good Loop: Zuverl\u00e4ssige Partnerschaften und flexible Reaktionszeiten<\/h2>\n\n\n\n<ul class=\"wp-block-list\">\n<li><strong>Zusammenarbeit mit vertrauensw\u00fcrdigen Partnern:<\/strong> Wir arbeiten mit vertrauensw\u00fcrdigen Spezialisten aus verschiedenen Bereichen zusammen, darunter internationale Logistik, Instandhaltung und Tourismus, um ma\u00dfgeschneiderte Dienstleistungen f\u00fcr unsere Kunden anzubieten. Wir kooperieren mit erfahrenen Logistikunternehmen, um zuverl\u00e4ssige und sichere Unterst\u00fctzung bei Import-\/Exportverfahren und Transporten zu bieten. <\/li>\n\n\n\n<li><strong> Komplettservice &amp; ma\u00dfgeschneiderte L\u00f6sungen: <\/strong> Das einzigartige Angebot von Good Loop ist unser umfassender Service \u2013 von Transport und Lagerung bis hin zu Aufbau und Reiseunterst\u00fctzung. Da jeder Kunde individuell ist, bieten wir flexible Anpassungen an und erstellen so einen individuellen, ma\u00dfgeschneiderten Plan. <\/li>\n\n\n\n<li><strong> Transparenz und Kosten\u00fcberlegung: <\/strong> Wir erstellen klare, detaillierte Kostenvoranschl\u00e4ge und schlagen optimale Pl\u00e4ne vor, die unn\u00f6tige Kosten vermeiden. Wir bieten beispielsweise kostensparende L\u00f6sungen an, wie z. B. die gemeinsame Nutzung von Containern mit mehreren Kunden oder die Nutzung g\u00fcnstiger Routen au\u00dferhalb der Saison. <\/li>\n\n\n\n<li><strong> Leidenschaftlicher Support:<\/strong> Als Liebhaber der Autokultur und des Motorsports m\u00f6chte Good Loop seine Kunden bei ihren Bem\u00fchungen unterst\u00fctzen. Wir pr\u00fcfen jedes einzelne Projekt sorgf\u00e4ltig und bem\u00fchen uns, ein Erlebnis zu schaffen, das Sie belohnt. <\/li>\n<\/ul>\n\n\n\n<p> Grenz\u00fcberschreitende Reisen mit Ihrem Auto werden zu einer einmaligen Erinnerung. Good Loop wird sein M\u00f6glichstes tun, um diese zu verwirklichen. <strong> Wenn Sie an der Attack Tsukuba teilnehmen m\u00f6chten, kontaktieren Sie uns gerne. <\/strong> Lassen Sie uns gemeinsam die Bestzeit auf dem Kurs 2000 des Tsukuba Circuit anstreben! <\/p>\n\n\n\n<h2 class=\"wp-block-heading\">Kontakt<\/h2>\n\n\n\n<div class=\"wp-block-buttons is-layout-flex wp-block-buttons-is-layout-flex\">\n<div class=\"wp-block-button\"><a class=\"wp-block-button__link has-small-font-size has-custom-font-size wp-element-button\" href=\"https:\/\/docs.google.com\/forms\/d\/1JATPpeGfRXaemIpjUO1PbKltxmmkNDiiO8owNQoPJU4\/\" target=\"_blank\" rel=\"noreferrer noopener\">\nKontakt<\/a><\/div>\n<\/div>\n","protected":false},"excerpt":{"rendered":"<p>Attack Tsukuba, eines der f\u00fchrenden Zeitrennen Japans, hat in den letzten Jahren auch im Ausland gro\u00dfe Aufmerksamkeit erregt. Mit seinem starken internationalen Flair und den beeindruckenden Zeiten ausl\u00e4ndischer Fahrer tr\u00e4umen Fans aus aller Welt davon, auf diesem \u201eheiligen Boden\u201c von Tsukuba zu fahren. Die \u00dcberf\u00fchrung Ihres geliebten Autos nach Japan birgt jedoch zahlreiche H\u00fcrden, vom [&hellip;]<\/p>\n","protected":false},"author":1,"featured_media":831,"parent":0,"menu_order":0,"comment_status":"closed","ping_status":"closed","template":"","meta":{"footnotes":""},"class_list":["post-830","page","type-page","status-publish","has-post-thumbnail","hentry"],"_links":{"self":[{"href":"https:\/\/good-loop.co.jp\/de\/wp-json\/wp\/v2\/pages\/830","targetHints":{"allow":["GET"]}}],"collection":[{"href":"https:\/\/good-loop.co.jp\/de\/wp-json\/wp\/v2\/pages"}],"about":[{"href":"https:\/\/good-loop.co.jp\/de\/wp-json\/wp\/v2\/types\/page"}],"author":[{"embeddable":true,"href":"https:\/\/good-loop.co.jp\/de\/wp-json\/wp\/v2\/users\/1"}],"replies":[{"embeddable":true,"href":"https:\/\/good-loop.co.jp\/de\/wp-json\/wp\/v2\/comments?post=830"}],"version-history":[{"count":0,"href":"https:\/\/good-loop.co.jp\/de\/wp-json\/wp\/v2\/pages\/830\/revisions"}],"wp:featuredmedia":[{"embeddable":true,"href":"https:\/\/good-loop.co.jp\/de\/wp-json\/wp\/v2\/media\/831"}],"wp:attachment":[{"href":"https:\/\/good-loop.co.jp\/de\/wp-json\/wp\/v2\/media?parent=830"}],"curies":[{"name":"wp","href":"https:\/\/api.w.org\/{rel}","templated":true}]}}