{"id":1044,"date":"2026-02-18T22:38:55","date_gmt":"2026-02-18T13:38:55","guid":{"rendered":"https:\/\/good-loop.co.jp\/es\/rider-support\/faq\/"},"modified":"2026-02-18T22:38:55","modified_gmt":"2026-02-18T13:38:55","slug":"faq","status":"publish","type":"page","link":"https:\/\/good-loop.co.jp\/es\/rider-support\/faq\/","title":{"rendered":"Preguntas frecuentes (FAQ)"},"content":{"rendered":"\n<p><strong>Una recopilaci\u00f3n de las preguntas que recibimos con mayor frecuencia.<\/strong><\/p>\n\n\n\n<hr class=\"wp-block-separator has-alpha-channel-opacity\" \/>\n\n\n\n<h2 class=\"wp-block-heading\">Consultas y presupuestos<\/h2>\n\n\n\n<p><strong>P. \u00bfCu\u00e1ndo deber\u00eda contactarnos?<\/strong><\/p>\n\n\n\n<p>Cuanto antes, mejor \u2014 pero no necesita tener las fechas definidas. Algo como \u00abEstoy pensando en ir a Jap\u00f3n alrededor de [mes]\u00bb es suficiente para comenzar.<\/p>\n\n\n\n<p><strong>P. \u00bfLos presupuestos son gratuitos?<\/strong><\/p>\n\n\n\n<p>Las estimaciones aproximadas son gratuitas. Si necesitamos solicitar un presupuesto detallado a uno de nuestros socios, se aplica una tarifa de cotizaci\u00f3n \u2014 pero esta se reembolsa en su totalidad cuando usted realiza un pedido formal.<\/p>\n\n\n\n<p>Cifras aproximadas para env\u00edo internacional (1 motocicleta):<\/p>\n\n\n\n<ul class=\"wp-block-list\">\n<li>Norteam\u00e9rica \/ Europa: aprox. \u00a5500,000<\/li>\n\n\n\n<li>Sudam\u00e9rica \/ \u00c1frica: aprox. \u00a5800,000<\/li>\n<\/ul>\n\n\n\n<p>No dude en contactarnos aunque solo desee una idea aproximada.<\/p>\n\n\n\n<p><strong>P. \u00bfEn cu\u00e1nto tiempo responder\u00e1n?<\/strong><\/p>\n\n\n\n<p>Nuestro objetivo es responder en un plazo de 24 a 48 horas. Durante per\u00edodos de alta demanda puede tardar un poco m\u00e1s, pero siempre le responderemos.<\/p>\n\n\n\n<p><strong>P. \u00bfPuedo comunicarme en espa\u00f1ol?<\/strong><\/p>\n\n\n\n<p>Por supuesto. Japon\u00e9s, ingl\u00e9s, espa\u00f1ol o cualquier otro idioma \u2014 lo que le resulte m\u00e1s c\u00f3modo.<\/p>\n\n\n\n<hr class=\"wp-block-separator has-alpha-channel-opacity\" \/>\n\n\n\n<h2 class=\"wp-block-heading\">Almacenamiento y mantenimiento<\/h2>\n\n\n\n<p><strong>P. \u00bfPueden almacenar mi moto?<\/strong><\/p>\n\n\n\n<p>S\u00ed, podemos organizar el almacenamiento de motos que no est\u00e9n en uso.<\/p>\n\n\n\n<p><strong>P. \u00bfPueden organizar el mantenimiento o las reparaciones?<\/strong><\/p>\n\n\n\n<p>Podemos derivarle a nuestros talleres asociados y coordinar con ellos en su nombre.<\/p>\n\n\n\n<hr class=\"wp-block-separator has-alpha-channel-opacity\" \/>\n\n\n\n<h2 class=\"wp-block-heading\">Compra de veh\u00edculos<\/h2>\n\n\n\n<p><strong>P. \u00bfPueden ayudarme a encontrar y comprar un veh\u00edculo JDM o de calidad en Jap\u00f3n?<\/strong><\/p>\n\n\n\n<p>S\u00ed, dentro de nuestras posibilidades. Trabajaremos con sus requisitos \u2014 marca, modelo, a\u00f1o, presupuesto, estado, plazos \u2014 y coordinaremos el proceso a partir de ah\u00ed.<\/p>\n\n\n\n<p><strong>P. \u00bfPuedo exportar el veh\u00edculo al extranjero inmediatamente despu\u00e9s de comprarlo?<\/strong><\/p>\n\n\n\n<p>S\u00ed. Podemos gestionar toda la cadena \u2014 recogida, embalaje y env\u00edo internacional \u2014 en un proceso continuo.<\/p>\n\n\n\n<hr class=\"wp-block-separator has-alpha-channel-opacity\" \/>\n\n\n\n<h2 class=\"wp-block-heading\">Env\u00edo internacional (importaci\u00f3n y exportaci\u00f3n)<\/h2>\n\n\n\n<p><strong>P. \u00bfA qu\u00e9 pa\u00edses pueden enviar y desde cu\u00e1les?<\/strong><\/p>\n\n\n\n<p>Depende del caso, pero haremos todo lo posible por atender su solicitud. Para empezar, env\u00edenos su origen y destino, las fechas previstas y los detalles del veh\u00edculo. Consultaremos con nuestros socios y le responderemos con opciones realistas.<\/p>\n\n\n\n<p><strong>P. \u00bfCon cu\u00e1nta anticipaci\u00f3n deber\u00eda contactarnos para un env\u00edo internacional?<\/strong><\/p>\n\n\n\n<p>Lo antes posible. El transporte mar\u00edtimo en particular puede tardar m\u00e1s de lo esperado, por lo que siempre recomendamos contar con un margen de tiempo holgado.<\/p>\n\n\n\n<p>Detalles sobre qu\u00e9 informaci\u00f3n enviarnos primero: <em><a href=\"https:\/\/good-loop.co.jp\/es\/es\/rider-support\/shipping\/\" data-type=\"page\" data-id=\"911\">Env\u00edo internacional \u2014 Qu\u00e9 necesitamos para elaborar un presupuesto<\/a><\/em><\/p>\n\n\n\n<p><strong>P. \u00bfC\u00f3mo se manejan el combustible y las bater\u00edas?<\/strong><\/p>\n\n\n\n<p>Depende del m\u00e9todo de env\u00edo y de las regulaciones de nuestros socios. En general, el tanque de combustible debe estar vac\u00edo y los bornes de la bater\u00eda desconectados. En algunos casos, puede ser necesario drenar el aceite del motor, o la bater\u00eda puede no ser apta para el env\u00edo.<\/p>\n\n\n\n<p><strong>P. \u00bfPueden encargarse del despacho aduanero?<\/strong><\/p>\n\n\n\n<p>Nos encargamos de la recopilaci\u00f3n de informaci\u00f3n y la coordinaci\u00f3n log\u00edstica. El proceso de despacho aduanero en s\u00ed puede requerir la intervenci\u00f3n de un agente de aduanas especializado o del propio cliente, seg\u00fan la situaci\u00f3n. Desde el principio le dejaremos claro qui\u00e9n se encarga de qu\u00e9.<\/p>\n\n\n\n<hr class=\"wp-block-separator has-alpha-channel-opacity\" \/>\n\n\n\n<h2 class=\"wp-block-heading\">Documentaci\u00f3n y tr\u00e1mites<\/h2>\n\n\n\n<p><strong>P. \u00bfPueden asesorarme sobre Carnets y Permisos de Importaci\u00f3n Temporal (TIP)?<\/strong><\/p>\n\n\n\n<p>S\u00ed. Podemos proporcionarle informaci\u00f3n general y orientarle hacia las autoridades competentes. Incluso si se encuentra en la etapa de \u00abno tengo idea de lo que necesito\u00bb, no dude en preguntar.<\/p>\n\n\n\n<hr class=\"wp-block-separator has-alpha-channel-opacity\" \/>\n\n\n\n<h2 class=\"wp-block-heading\">Precios y pagos<\/h2>\n\n\n\n<p><strong>P. \u00bfC\u00f3mo se determinan las tarifas?<\/strong><\/p>\n\n\n\n<p>Nuestras tarifas consisten en una tarifa de servicio m\u00e1s los costos reales (pagos a nuestros socios). Consulte nuestra p\u00e1gina <em><a href=\"https:\/\/good-loop.co.jp\/es\/es\/rider-support\/pricing\/\" data-type=\"page\" data-id=\"923\">C\u00f3mo funcionan nuestros precios<\/a><\/em> para m\u00e1s detalles.<\/p>\n\n\n\n<p><strong>P. \u00bfQu\u00e9 m\u00e9todos de pago aceptan?<\/strong><\/p>\n\n\n\n<ul class=\"wp-block-list\">\n<li>Transferencia bancaria<\/li>\n\n\n\n<li>Tarjeta de cr\u00e9dito<\/li>\n\n\n\n<li>Wise, Revolut, PayPal<\/li>\n<\/ul>\n\n\n\n<p><strong>P. \u00bfPueden surgir cargos adicionales despu\u00e9s del presupuesto inicial?<\/strong><\/p>\n\n\n\n<p>Hacemos todo lo posible por identificar todo en la fase de presupuesto. Si algo pudiera cambiar, lo consultaremos con usted de antemano. La transparencia es algo que nos tomamos muy en serio.<\/p>\n\n\n\n<hr class=\"wp-block-separator has-alpha-channel-opacity\" \/>\n\n\n\n<h2 class=\"wp-block-heading\">Otros<\/h2>\n\n\n\n<p><strong>P. \u00bfQu\u00e9 \u00e1reas cubren?<\/strong><\/p>\n\n\n\n<p>Para env\u00edos internacionales, trabajamos con destinos en todo el mundo. Para gestiones en Jap\u00f3n (compras, recogidas, etc.), cubrimos todo el pa\u00eds \u2014 con redes de socios especialmente s\u00f3lidas en las regiones de Kanto, Kansai y Hokkaido.<\/p>\n\n\n\n<p><strong>P. \u00bfPueden gestionar m\u00faltiples veh\u00edculos?<\/strong><\/p>\n\n\n\n<p>S\u00ed. Los arreglos para grupos de turismo en moto son bienvenidos \u2014 simplemente cont\u00e1ctenos.<\/p>\n\n\n\n<p><strong>P. \u00bfTambi\u00e9n manejan veh\u00edculos de cuatro ruedas (autom\u00f3viles)?<\/strong><\/p>\n\n\n\n<p>S\u00ed. Ofrecemos los mismos servicios \u2014 asistencia en la compra, env\u00edo y m\u00e1s \u2014 para autom\u00f3viles al igual que para motocicletas.<\/p>\n\n\n\n<hr class=\"wp-block-separator has-alpha-channel-opacity\" \/>\n\n\n\n<h2 class=\"wp-block-heading\">\u00bfTiene alguna otra pregunta?<\/h2>\n\n\n\n<p>Si no est\u00e1 incluida aqu\u00ed, simplemente preg\u00fantenos.<\/p>\n\n\n\n<div class=\"wp-block-buttons is-layout-flex wp-block-buttons-is-layout-flex\">\n<div class=\"wp-block-button\"><a class=\"wp-block-button__link has-small-font-size has-custom-font-size wp-element-button\" href=\"https:\/\/docs.google.com\/forms\/d\/1JATPpeGfRXaemIpjUO1PbKltxmmkNDiiO8owNQoPJU4\/\" target=\"_blank\" rel=\"noreferrer noopener\">Cont\u00e1ctenos<\/a><\/div>\n<\/div>\n\n\n\n<hr class=\"wp-block-separator has-alpha-channel-opacity\" \/>\n\n\n\n<p><strong>P\u00e1ginas relacionadas<\/strong><\/p>\n\n\n\n<ul class=\"wp-block-list\">\n<li><a href=\"https:\/\/good-loop.co.jp\/es\/es\/rider-support\/\" data-type=\"page\" data-id=\"906\">Concierge de veh\u00edculos (Inicio)<\/a><\/li>\n\n\n\n<li><a href=\"https:\/\/good-loop.co.jp\/es\/es\/purchase\/\" data-type=\"page\" data-id=\"915\">B\u00fasqueda de veh\u00edculos JDM y de calidad (Jap\u00f3n)<\/a><\/li>\n\n\n\n<li><a href=\"https:\/\/good-loop.co.jp\/es\/es\/rider-support\/shipping\/\" data-type=\"page\" data-id=\"911\">Env\u00edo internacional (importaci\u00f3n y exportaci\u00f3n)<\/a><\/li>\n\n\n\n<li><a href=\"https:\/\/good-loop.co.jp\/es\/es\/rider-support\/pricing\/\" data-type=\"page\" data-id=\"923\">C\u00f3mo funcionan nuestros precios<\/a><\/li>\n\n\n\n<li><a href=\"https:\/\/good-loop.co.jp\/es\/es\/rider-support\/how-it-works\/\" data-type=\"page\" data-id=\"920\">C\u00f3mo funciona y contacto<\/a><\/li>\n<\/ul>\n","protected":false},"excerpt":{"rendered":"<p>Una recopilaci\u00f3n de las preguntas que recibimos con mayor frecuencia. Consultas y presupuestos P. \u00bfCu\u00e1ndo deber\u00eda contactarnos? Cuanto antes, mejor \u2014 pero no necesita tener las fechas definidas. Algo como \u00abEstoy pensando en ir a Jap\u00f3n alrededor de [mes]\u00bb es suficiente para comenzar. P. \u00bfLos presupuestos son gratuitos? Las estimaciones aproximadas son gratuitas. Si necesitamos [&hellip;]<\/p>\n","protected":false},"author":1,"featured_media":0,"parent":1040,"menu_order":0,"comment_status":"closed","ping_status":"closed","template":"","meta":{"footnotes":""},"class_list":["post-1044","page","type-page","status-publish","hentry"],"_links":{"self":[{"href":"https:\/\/good-loop.co.jp\/es\/wp-json\/wp\/v2\/pages\/1044","targetHints":{"allow":["GET"]}}],"collection":[{"href":"https:\/\/good-loop.co.jp\/es\/wp-json\/wp\/v2\/pages"}],"about":[{"href":"https:\/\/good-loop.co.jp\/es\/wp-json\/wp\/v2\/types\/page"}],"author":[{"embeddable":true,"href":"https:\/\/good-loop.co.jp\/es\/wp-json\/wp\/v2\/users\/1"}],"replies":[{"embeddable":true,"href":"https:\/\/good-loop.co.jp\/es\/wp-json\/wp\/v2\/comments?post=1044"}],"version-history":[{"count":0,"href":"https:\/\/good-loop.co.jp\/es\/wp-json\/wp\/v2\/pages\/1044\/revisions"}],"up":[{"embeddable":true,"href":"https:\/\/good-loop.co.jp\/es\/wp-json\/wp\/v2\/pages\/1040"}],"wp:attachment":[{"href":"https:\/\/good-loop.co.jp\/es\/wp-json\/wp\/v2\/media?parent=1044"}],"curies":[{"name":"wp","href":"https:\/\/api.w.org\/{rel}","templated":true}]}}