{"id":2,"date":"2023-01-11T21:00:18","date_gmt":"2023-01-11T12:00:18","guid":{"rendered":"http:\/\/good-loop.co.jp"},"modified":"2025-10-26T14:54:56","modified_gmt":"2025-10-26T05:54:56","slug":"compania","status":"publish","type":"page","link":"https:\/\/good-loop.co.jp\/es\/compania\/","title":{"rendered":"Qui\u00e9nes somos"},"content":{"rendered":"\n<p>A trav\u00e9s del mar, el viaje contin\u00faa<\/p>\n\n\n\n<figure class=\"wp-block-table\"><table><tbody><tr><td><strong>Nombre de la empresa<\/strong><\/td><td>Good Loop S.L.<br>(japon\u00e9s) \u682a\u5f0f\u4f1a\u793e\u30b0\u30c3\u30c9\u30eb\u30fc\u30d7<\/td><\/tr><tr><td><strong>Principales actividades comerciales<\/strong><\/td><td>Exportaci\u00f3n,  importaci\u00f3n e venta de autom\u00f3viles<br>Desarrollo y venta de autopartes<br>Desarrollo y venta de software<\/td><\/tr><tr><td><strong>Fecha de fundaci\u00f3n<\/strong><\/td><td>11 enero 2023<\/td><\/tr><tr><td><strong>Representante<\/strong><\/td><td><iframe src=\"\/nocrawl\/ceo_es.html\" style=\"border:none\" scrolling=\"no\" height=\"56px\"><\/iframe><\/td><\/tr><tr><td><strong>Ubicaci\u00f3n<\/strong><\/td><td>Ciudad de Yokohama, Prefectura de Kanagawa<\/td><\/tr><\/tbody><\/table><\/figure>\n\n\n\n<h3 class=\"wp-block-heading\">Exhibici\u00f3n basada en la Ley de Comercio de Bienes Usados<\/h3>\n\n\n\n<p>Cualquier persona que desee comprar o vender bienes usados, como autom\u00f3viles usados, debe obtener permiso de la comisi\u00f3n de seguridad p\u00fablica de la prefectura. Good Loop S.L. cuenta con la licencia de la Comisi\u00f3n de Seguridad P\u00fablica de la Prefectura de Kanagawa.<\/p>\n\n\n\n<figure class=\"wp-block-table\"><table><tbody><tr><td><strong>Nombre<\/strong><\/td><td>Good Loop S.L.<\/td><\/tr><tr><td><strong>Comisi\u00f3n de Seguridad P\u00fablica<\/strong><\/td><td>Comisi\u00f3n de Seguridad P\u00fablica de la Prefectura de Kanagawa<\/td><\/tr><tr><td><strong>N\u00famero de licencia<\/strong><\/td><td>N.\u00ba 451920003680<\/td><\/tr><\/tbody><\/table><\/figure>\n\n\n\n<h3 class=\"wp-block-heading\">Descripci\u00f3n basada en la Ley de Reciclaje de Autom\u00f3viles<\/h3>\n\n\n\n<p>Las empresas que gestionan veh\u00edculos usados (veh\u00edculos de desguace) deben registrarse ante el gobierno local. Good Loop S.L. est\u00e1 registrada ante el alcalde de Yokohama.<\/p>\n\n\n\n<figure class=\"wp-block-table\"><table><tbody><tr><td><strong>Base legal<\/strong><\/td><td>Ley de Reciclaje de Autom\u00f3viles Usados, Art\u00edculo 42<\/td><\/tr><tr><td><strong>Tipo de registro<\/strong><\/td><td>Empresa de Recogida<\/td><\/tr><tr><td><strong>N\u00famero de registro<\/strong><\/td><td>20561001739<\/td><\/tr><tr><td><strong>Raz\u00f3n social<\/strong><\/td><td>Good Loop S.L.<\/td><\/tr><tr><td><strong>Almacenamiento de autom\u00f3viles usados, etc.<\/strong><\/td><td>Ninguno<\/td><\/tr><\/tbody><\/table><\/figure>\n","protected":false},"excerpt":{"rendered":"<p>A trav\u00e9s del mar, el viaje contin\u00faa Nombre de la empresa Good Loop S.L.(japon\u00e9s) \u682a\u5f0f\u4f1a\u793e\u30b0\u30c3\u30c9\u30eb\u30fc\u30d7 Principales actividades comerciales Exportaci\u00f3n, importaci\u00f3n e venta de autom\u00f3vilesDesarrollo y venta de autopartesDesarrollo y venta de software Fecha de fundaci\u00f3n 11 enero 2023 Representante Ubicaci\u00f3n Ciudad de Yokohama, Prefectura de Kanagawa Exhibici\u00f3n basada en la Ley de Comercio de Bienes [&hellip;]<\/p>\n","protected":false},"author":1,"featured_media":0,"parent":0,"menu_order":0,"comment_status":"closed","ping_status":"closed","template":"","meta":{"footnotes":""},"class_list":["post-2","page","type-page","status-publish","hentry"],"_links":{"self":[{"href":"https:\/\/good-loop.co.jp\/es\/wp-json\/wp\/v2\/pages\/2","targetHints":{"allow":["GET"]}}],"collection":[{"href":"https:\/\/good-loop.co.jp\/es\/wp-json\/wp\/v2\/pages"}],"about":[{"href":"https:\/\/good-loop.co.jp\/es\/wp-json\/wp\/v2\/types\/page"}],"author":[{"embeddable":true,"href":"https:\/\/good-loop.co.jp\/es\/wp-json\/wp\/v2\/users\/1"}],"replies":[{"embeddable":true,"href":"https:\/\/good-loop.co.jp\/es\/wp-json\/wp\/v2\/comments?post=2"}],"version-history":[{"count":4,"href":"https:\/\/good-loop.co.jp\/es\/wp-json\/wp\/v2\/pages\/2\/revisions"}],"predecessor-version":[{"id":1016,"href":"https:\/\/good-loop.co.jp\/es\/wp-json\/wp\/v2\/pages\/2\/revisions\/1016"}],"wp:attachment":[{"href":"https:\/\/good-loop.co.jp\/es\/wp-json\/wp\/v2\/media?parent=2"}],"curies":[{"name":"wp","href":"https:\/\/api.w.org\/{rel}","templated":true}]}}