{"id":211,"date":"2023-08-15T23:26:49","date_gmt":"2023-08-15T14:26:49","guid":{"rendered":"https:\/\/good-loop.co.jp\/?page_id=211"},"modified":"2025-07-27T17:41:13","modified_gmt":"2025-07-27T08:41:13","slug":"alpes_turismo","status":"publish","type":"page","link":"https:\/\/good-loop.co.jp\/es\/columnas\/alpes_turismo\/","title":{"rendered":"Recorrer los Alpes europeos en moto"},"content":{"rendered":"\n<p>Good Loop se ha asociado con AllroundRent, una empresa con 30 a\u00f1os de experiencia en Alemania, para ofrecer alquiler de motos en Europa. AllroundRent puede ayudarte con tus viajes alquilando no solo motos, sino tambi\u00e9n cascos, ropa y otros equipos.<br><a href=\"https:\/\/allroundrent.de\/\" data-type=\"link\" data-id=\"https:\/\/allroundrent.de\/\" target=\"_blank\" rel=\"noreferrer noopener\">Motos y coches antiguos en M\u00fanich &#8211; AllroundRent<\/a><\/p>\n\n\n\n<p>The Good Loop tambi\u00e9n ofrece seguros de viaje al extranjero, as\u00ed que cons\u00faltenos. Nuestro representante tiene experiencia recorriendo Europa y est\u00e1 a su disposici\u00f3n para hablar de sus necesidades de viaje.<\/p>\n\n\n\n<h2 class=\"wp-block-heading\">Cr\u00f3nicas tur\u00edsticas de los Alpes<\/h2>\n\n\n\n<p>En oto\u00f1o de 2022, nuestro representante recorri\u00f3 los Alpes europeos en moto. Fue un viaje de una semana y m\u00e1s de 2.000 km con una BMW R1200GS, que result\u00f3 muy divertido.<\/p>\n\n\n\n<figure class=\"wp-block-image size-large is-style-default\"><img decoding=\"async\" src=\"https:\/\/good-loop.co.jp\/en\/wp-content\/uploads\/sites\/4\/2023\/08\/europe_map-1024x701.png\" alt=\"\" class=\"wp-image-212\"\/><\/figure>\n\n\n\n<p><\/p>\n\n\n\n<p>D\u00eda 1<br>Llegada al aeropuerto de Munich y tren a AllroundRent. Factur\u00e9 mi equipaje innecesario y sal\u00ed hacia el mediod\u00eda en la BMW R1200GS. Despu\u00e9s de comprar una vinette (pase) austriaca en ADAC, el equivalente a la JAF japonesa, salgo a la Autobahn. Como se prev\u00e9 nieve para ma\u00f1ana, hoy tengo que cruzar los Alpes, pero el tr\u00e1fico est\u00e1 atascado debido al transporte de generadores e\u00f3licos. Paro en Salzburgo y vislumbro el castillo de Hohensalzburg. Llego a la carretera de monta\u00f1a de Gro\u00dfglockner cuando las sombras se alargan.<\/p>\n\n\n\n<figure class=\"wp-block-image size-large\"><img decoding=\"async\" src=\"https:\/\/good-loop.co.jp\/en\/wp-content\/uploads\/sites\/4\/2023\/08\/DSC04101-1024x683.jpg\" alt=\"\" class=\"wp-image-213\"\/><\/figure>\n\n\n\n<p><\/p>\n\n\n\n<figure class=\"wp-block-image size-large\"><img decoding=\"async\" src=\"https:\/\/good-loop.co.jp\/en\/wp-content\/uploads\/sites\/4\/2023\/08\/IMG_20220913_180147398-1024x576.jpg\" alt=\"\" class=\"wp-image-214\"\/><\/figure>\n\n\n\n<p><br>Quer\u00eda recorrer m\u00e1s de la majestuosa carretera sinuosa de monta\u00f1a, pero ten\u00eda que encontrar alojamiento. Baj\u00e9 la monta\u00f1a hasta Lienz, pero no encontr\u00e9 ninguno, as\u00ed que volv\u00ed y me aloj\u00e9 en una peque\u00f1a pensi\u00f3n. Era tarde, as\u00ed que no hab\u00eda comida, s\u00f3lo cerveza.<\/p>\n\n\n\n<p>D\u00eda 2<br>Me despert\u00e9 tarde y me dirig\u00ed hacia el oeste, con la f\u00e1brica de barquillos Loacker al lado. En el paso de Jaufen (Passo Giovo), hay una lluvia helada y niebla espesa.<\/p>\n\n\n\n<figure class=\"wp-block-image size-large\"><img decoding=\"async\" src=\"https:\/\/good-loop.co.jp\/en\/wp-content\/uploads\/sites\/4\/2023\/08\/IMG_20220914_152252719-1024x576.jpg\" alt=\"\" class=\"wp-image-215\"\/><\/figure>\n\n\n\n<p><br>Cruzo el puerto de Timmelsjoch y visito el Museo de la Moto de Monta\u00f1a TOP en Hochgurgl. Se exponen m\u00e1s de 500 motocicletas, desde Brough Superior y M\u00fcnch hasta Elf Honda.<\/p>\n\n\n\n<figure class=\"wp-block-gallery has-nested-images columns-default is-cropped wp-block-gallery-1 is-layout-flex wp-block-gallery-is-layout-flex\">\n<figure class=\"wp-block-image size-large\"><img decoding=\"async\" data-id=\"216\" src=\"https:\/\/good-loop.co.jp\/en\/wp-content\/uploads\/sites\/4\/2023\/08\/IMG_20220914_152924458-1024x576.jpg\" alt=\"\" class=\"wp-image-216\"\/><\/figure>\n\n\n\n<figure class=\"wp-block-image size-large\"><img decoding=\"async\" data-id=\"217\" src=\"https:\/\/good-loop.co.jp\/en\/wp-content\/uploads\/sites\/4\/2023\/08\/IMG_20220914_162100489-1024x576.jpg\" alt=\"\" class=\"wp-image-217\"\/><\/figure>\n<\/figure>\n\n\n\n<p><br>Regreso a Moso in Passiria y alojamiento en Dorf Tirol.<\/p>\n\n\n\n<p>D\u00eda 3<br>Rain.<\/p>\n\n\n\n<figure class=\"wp-block-image size-large\"><img decoding=\"async\" src=\"https:\/\/good-loop.co.jp\/en\/wp-content\/uploads\/sites\/4\/2023\/08\/IMG_20220915_101830106-1024x576.jpg\" alt=\"\" class=\"wp-image-218\"\/><\/figure>\n\n\n\n<p><br>Atravieso Merano hasta el Paso Stelvio (Passo Stelvio).<\/p>\n\n\n\n<figure class=\"wp-block-image size-large\"><img decoding=\"async\" src=\"https:\/\/good-loop.co.jp\/en\/wp-content\/uploads\/sites\/4\/2023\/08\/DSC04185-1024x683.jpg\" alt=\"\" class=\"wp-image-222\"\/><\/figure>\n\n\n\n<p><br>Tras una sinuosa y apretada carretera, la cumbre se suspendi\u00f3 por la lluvia.<\/p>\n\n\n\n<figure class=\"wp-block-gallery has-nested-images columns-2 is-cropped wp-block-gallery-2 is-layout-flex wp-block-gallery-is-layout-flex\">\n<figure class=\"wp-block-image size-large\"><img decoding=\"async\" data-id=\"219\" src=\"https:\/\/good-loop.co.jp\/en\/wp-content\/uploads\/sites\/4\/2023\/08\/IMG_20220915_120111947-1024x576.jpg\" alt=\"\" class=\"wp-image-219\"\/><\/figure>\n\n\n\n<figure class=\"wp-block-image size-large\"><img decoding=\"async\" data-id=\"220\" src=\"https:\/\/good-loop.co.jp\/en\/wp-content\/uploads\/sites\/4\/2023\/08\/IMG_20220915_121819090-1024x576.jpg\" alt=\"\" class=\"wp-image-220\"\/><\/figure>\n\n\n\n<figure class=\"wp-block-image size-large\"><img decoding=\"async\" data-id=\"221\" src=\"https:\/\/good-loop.co.jp\/en\/wp-content\/uploads\/sites\/4\/2023\/08\/DSC04186-1024x683.jpg\" alt=\"\" class=\"wp-image-221\"\/><\/figure>\n\n\n\n<figure class=\"wp-block-image size-large\"><img decoding=\"async\" data-id=\"223\" src=\"https:\/\/good-loop.co.jp\/en\/wp-content\/uploads\/sites\/4\/2023\/08\/DSC04188-1024x683.jpg\" alt=\"\" class=\"wp-image-223\"\/><\/figure>\n<\/figure>\n\n\n\n<p><br>Pasar por Santa Caterina hasta el Paso de Gavia (Passo Gavia).<\/p>\n\n\n\n<figure class=\"wp-block-image size-large\"><img decoding=\"async\" src=\"https:\/\/good-loop.co.jp\/en\/wp-content\/uploads\/sites\/4\/2023\/08\/IMG_20220915_151800344-1024x576.jpg\" alt=\"\" class=\"wp-image-224\"\/><\/figure>\n\n\n\n<p><\/p>\n\n\n\n<figure class=\"wp-block-gallery has-nested-images columns-default is-cropped wp-block-gallery-3 is-layout-flex wp-block-gallery-is-layout-flex\">\n<figure class=\"wp-block-image size-large\"><img decoding=\"async\" data-id=\"225\" src=\"https:\/\/good-loop.co.jp\/en\/wp-content\/uploads\/sites\/4\/2023\/08\/IMG_20220915_152130485-1024x576.jpg\" alt=\"\" class=\"wp-image-225\"\/><\/figure>\n\n\n\n<figure class=\"wp-block-image size-large\"><img decoding=\"async\" data-id=\"226\" src=\"https:\/\/good-loop.co.jp\/en\/wp-content\/uploads\/sites\/4\/2023\/08\/IMG_20220915_143737193-1024x576.jpg\" alt=\"\" class=\"wp-image-226\"\/><\/figure>\n<\/figure>\n\n\n\n<p><br>Almuerzo en la fuente de Santa Apollonia y recorrido por la carretera empedrada hasta la posada de Rovere.<\/p>\n\n\n\n<p>D\u00eda 4<br>Buen tiempo y calor. Conduzco hasta Monza v\u00eda B\u00e9rgamo. El circuito no est\u00e1 abierto, as\u00ed que voy al Palacio Real.<\/p>\n\n\n\n<figure class=\"wp-block-image size-large\"><img decoding=\"async\" src=\"https:\/\/good-loop.co.jp\/en\/wp-content\/uploads\/sites\/4\/2023\/08\/IMG_20220916_131513680-a-1024x576.jpg\" alt=\"\" class=\"wp-image-227\"\/><\/figure>\n\n\n\n<p><\/p>\n\n\n\n<figure class=\"wp-block-gallery has-nested-images columns-2 is-cropped wp-block-gallery-4 is-layout-flex wp-block-gallery-is-layout-flex\">\n<figure class=\"wp-block-image size-large\"><img decoding=\"async\" data-id=\"228\" src=\"https:\/\/good-loop.co.jp\/en\/wp-content\/uploads\/sites\/4\/2023\/08\/IMG_20220916_145242479-1024x576.jpg\" alt=\"\" class=\"wp-image-228\"\/><\/figure>\n\n\n\n<figure class=\"wp-block-image size-large\"><img decoding=\"async\" data-id=\"229\" src=\"https:\/\/good-loop.co.jp\/en\/wp-content\/uploads\/sites\/4\/2023\/08\/IMG_20220916_201534082-1024x576.jpg\" alt=\"\" class=\"wp-image-229\"\/><\/figure>\n<\/figure>\n\n\n\n<p><br>En el puesto fronterizo de Breggia compro una vi\u00f1eta suiza y conduzco hasta Camorino. En Suiza, la Vodafone alemana no tiene roaming, as\u00ed que cambio a una SIM de Three. Regreso a Sigirino y pruebo el famoso Cordon bleu.<\/p>\n\n\n\n<p>D\u00eda 5<br>Viaje a Wassen por el t\u00fanel de San Gotardo. El objetivo era el paso de Susten, pero estaba cerrado debido a las nevadas. La temperatura en el t\u00fanel era de 35\u00b0C, pero s\u00f3lo 2\u00b0C. Congelado mientras descend\u00eda la monta\u00f1a, se despej\u00f3 y pude contemplar el Oberland bern\u00e9s.<\/p>\n\n\n\n<figure class=\"wp-block-gallery has-nested-images columns-2 is-cropped wp-block-gallery-5 is-layout-flex wp-block-gallery-is-layout-flex\">\n<figure class=\"wp-block-image size-large\"><img decoding=\"async\" data-id=\"230\" src=\"https:\/\/good-loop.co.jp\/en\/wp-content\/uploads\/sites\/4\/2023\/08\/IMG_20220917_112104493-1024x576.jpg\" alt=\"\" class=\"wp-image-230\"\/><\/figure>\n\n\n\n<figure class=\"wp-block-image size-large\"><img decoding=\"async\" data-id=\"231\" src=\"https:\/\/good-loop.co.jp\/en\/wp-content\/uploads\/sites\/4\/2023\/08\/IMG_20220917_130957591-1024x576.jpg\" alt=\"\" class=\"wp-image-231\"\/><\/figure>\n\n\n\n<figure class=\"wp-block-image size-large\"><img decoding=\"async\" data-id=\"232\" src=\"https:\/\/good-loop.co.jp\/en\/wp-content\/uploads\/sites\/4\/2023\/08\/IMG_20220917_134956584-1024x576.jpg\" alt=\"\" class=\"wp-image-232\"\/><\/figure>\n<\/figure>\n\n\n\n<p><br>Pasando por la costa del lago de Lucerna hacia Grindelwald. Vista de la cara norte del Eiger.<\/p>\n\n\n\n<figure class=\"wp-block-image size-large\"><img decoding=\"async\" src=\"https:\/\/good-loop.co.jp\/en\/wp-content\/uploads\/sites\/4\/2023\/08\/IMG_20220917_164247464-1024x576.jpg\" alt=\"\" class=\"wp-image-233\"\/><\/figure>\n\n\n\n<p><br>Contin\u00fao hacia Montreux v\u00eda Berna. Visita al Memorial de la Reina.<\/p>\n\n\n\n<figure class=\"wp-block-gallery has-nested-images columns-default is-cropped wp-block-gallery-6 is-layout-flex wp-block-gallery-is-layout-flex\">\n<figure class=\"wp-block-image size-large\"><img decoding=\"async\" data-id=\"235\" src=\"https:\/\/good-loop.co.jp\/en\/wp-content\/uploads\/sites\/4\/2023\/08\/IMG_20220917_205846562-1024x576.jpg\" alt=\"\" class=\"wp-image-235\"\/><\/figure>\n\n\n\n<figure class=\"wp-block-image size-large\"><img decoding=\"async\" data-id=\"234\" src=\"https:\/\/good-loop.co.jp\/en\/wp-content\/uploads\/sites\/4\/2023\/08\/IMG_20220917_211130430-1024x576.jpg\" alt=\"\" class=\"wp-image-234\"\/><\/figure>\n<\/figure>\n\n\n\n<p><br>D\u00eda 6<br>Salude a la estatua de Freddie Mercury a orillas del lago Lem\u00e1n (L\u00e9man) y conduzca hasta Gruy\u00e8re.<\/p>\n\n\n\n<figure class=\"wp-block-image size-large\"><img decoding=\"async\" src=\"https:\/\/good-loop.co.jp\/en\/wp-content\/uploads\/sites\/4\/2023\/08\/IMG_20220918_100505685-1024x576.jpg\" alt=\"\" class=\"wp-image-239\"\/><\/figure>\n\n\n\n<p><br>Visite el Museo HR Giger.<\/p>\n\n\n\n<figure class=\"wp-block-gallery has-nested-images columns-3 wp-block-gallery-7 is-layout-flex wp-block-gallery-is-layout-flex\">\n<figure class=\"wp-block-image size-large\"><img decoding=\"async\" data-id=\"237\" src=\"https:\/\/good-loop.co.jp\/en\/wp-content\/uploads\/sites\/4\/2023\/08\/IMG_20220918_111606807-576x1024.jpg\" alt=\"\" class=\"wp-image-237\"\/><\/figure>\n\n\n\n<figure class=\"wp-block-image size-large\"><img decoding=\"async\" data-id=\"238\" src=\"https:\/\/good-loop.co.jp\/en\/wp-content\/uploads\/sites\/4\/2023\/08\/IMG_20220918_121705736-576x1024.jpg\" alt=\"\" class=\"wp-image-238\"\/><\/figure>\n<\/figure>\n\n\n\n<div class=\"wp-block-columns is-layout-flex wp-container-core-columns-is-layout-28f84493 wp-block-columns-is-layout-flex\">\n<div class=\"wp-block-column is-layout-flow wp-block-column-is-layout-flow\">\n<iframe src=\"https:\/\/www.google.com\/maps\/embed?pb=!4v1692091088995!6m8!1m7!1sb6nvso_AX6mutUwcvjJtaw!2m2!1d46.87046239788245!2d7.235026026030371!3f261.1341526070551!4f-6.505790328727613!5f0.7820865974627469\" style=\"width:100%;aspect-ratio:16\/9;border:0\" loading=\"lazy\"><\/iframe>\n<\/div>\n<\/div>\n\n\n\n<p>Los radares fijos, que toman im\u00e1genes de la parte delantera y trasera, son habituales en Suiza.<\/p>\n\n\n\n<figure class=\"wp-block-image size-large\"><img decoding=\"async\" src=\"https:\/\/good-loop.co.jp\/en\/wp-content\/uploads\/sites\/4\/2023\/08\/IMG_20220918_164239597-1024x576.jpg\" alt=\"\" class=\"wp-image-242\"\/><\/figure>\n\n\n\n<p><br>Vista de los montes Kurf\u00fcrsten sobre el lago Valen. Visita al castillo de Faduz, en Liechtenstein.<\/p>\n\n\n\n<figure class=\"wp-block-gallery has-nested-images columns-default is-cropped wp-block-gallery-8 is-layout-flex wp-block-gallery-is-layout-flex\">\n<figure class=\"wp-block-image size-large\"><img decoding=\"async\" data-id=\"240\" src=\"https:\/\/good-loop.co.jp\/en\/wp-content\/uploads\/sites\/4\/2023\/08\/IMG_20220918_160129082-1024x576.jpg\" alt=\"\" class=\"wp-image-240\"\/><\/figure>\n\n\n\n<figure class=\"wp-block-image size-large\"><img decoding=\"async\" data-id=\"241\" src=\"https:\/\/good-loop.co.jp\/en\/wp-content\/uploads\/sites\/4\/2023\/08\/IMG_20220918_170249369-1024x576.jpg\" alt=\"\" class=\"wp-image-241\"\/><\/figure>\n<\/figure>\n\n\n\n<p><br>Pruebe el schnitzel en F\u00fcssen.<\/p>\n\n\n\n<p>Day 7<br>Lluvia. Visita al Castillo de Neuschwanstein.<\/p>\n\n\n\n<figure class=\"wp-block-gallery has-nested-images columns-default is-cropped wp-block-gallery-9 is-layout-flex wp-block-gallery-is-layout-flex\">\n<figure class=\"wp-block-image size-large\"><img decoding=\"async\" data-id=\"246\" src=\"https:\/\/good-loop.co.jp\/en\/wp-content\/uploads\/sites\/4\/2023\/08\/DSC04196-1024x683.jpg\" alt=\"\" class=\"wp-image-246\"\/><\/figure>\n\n\n\n<figure class=\"wp-block-image size-large\"><img decoding=\"async\" data-id=\"245\" src=\"https:\/\/good-loop.co.jp\/en\/wp-content\/uploads\/sites\/4\/2023\/08\/IMG_20220919_103134805-1024x576.jpg\" alt=\"\" class=\"wp-image-245\"\/><\/figure>\n<\/figure>\n\n\n\n<p><br>Iglesia de peregrinaci\u00f3n de Wies (Wieskirche).<\/p>\n\n\n\n<figure class=\"wp-block-image size-large\"><img decoding=\"async\" src=\"https:\/\/good-loop.co.jp\/en\/wp-content\/uploads\/sites\/4\/2023\/08\/IMG_20220919_114927467-1024x576.jpg\" alt=\"\" class=\"wp-image-248\"\/><\/figure>\n\n\n\n<p><\/p>\n\n\n\n<figure class=\"wp-block-image aligncenter size-large\"><img decoding=\"async\" src=\"https:\/\/good-loop.co.jp\/en\/wp-content\/uploads\/sites\/4\/2023\/08\/IMG_20220919_115517014-a-653x1024.jpg\" alt=\"\" class=\"wp-image-258\"\/><\/figure>\n\n\n\n<p><\/p>\n\n\n\n<figure class=\"wp-block-image size-large\"><img decoding=\"async\" src=\"https:\/\/good-loop.co.jp\/en\/wp-content\/uploads\/sites\/4\/2023\/08\/IMG_20220919_124340796-1024x576.jpg\" alt=\"\" class=\"wp-image-247\"\/><\/figure>\n\n\n\n<p><br>Volver a AllroundRent en M\u00fanich.<\/p>\n\n\n\n<figure class=\"wp-block-gallery has-nested-images columns-default is-cropped wp-block-gallery-10 is-layout-flex wp-block-gallery-is-layout-flex\">\n<figure class=\"wp-block-image size-large\"><img decoding=\"async\" data-id=\"251\" src=\"https:\/\/good-loop.co.jp\/en\/wp-content\/uploads\/sites\/4\/2023\/08\/IMG_20220919_145350384-1024x576.jpg\" alt=\"\" class=\"wp-image-251\"\/><\/figure>\n\n\n\n<figure class=\"wp-block-image size-large\"><img decoding=\"async\" data-id=\"250\" src=\"https:\/\/good-loop.co.jp\/en\/wp-content\/uploads\/sites\/4\/2023\/08\/IMG_20220921_122918298-461x1024.jpg\" alt=\"\" class=\"wp-image-250\"\/><\/figure>\n<\/figure>\n\n\n\n<p><\/p>\n\n\n\n<figure class=\"wp-block-image size-large\"><img decoding=\"async\" src=\"https:\/\/good-loop.co.jp\/en\/wp-content\/uploads\/sites\/4\/2023\/08\/IMG_20220919_205001360-1024x461.jpg\" alt=\"\" class=\"wp-image-252\"\/><\/figure>\n\n\n\n<p><br>En M\u00fanich, disfrut\u00e9 del Museo BMW y de la fiesta de la cerveza Oktoberfest, devolv\u00ed las motos a AllroundRent y el resto del viaje fue en tren.<br>Fue un viaje largo y no planificado, pero fue un buen recorrido. El hecho de que pudiera recorrer la misma distancia entre Sapporo y Nagasaki sin apenas fatiga se debi\u00f3 en gran parte a la excelencia de la ingenier\u00eda de la BMW R1200GS. Desde las autopistas de alt\u00edsima velocidad hasta las estrechas carreteras nevadas, pude sentir realmente el eslogan de BMW de \u00abEl placer de conducir\u00bb.<\/p>\n\n\n\n<figure class=\"wp-block-image size-large\"><img decoding=\"async\" src=\"https:\/\/good-loop.co.jp\/en\/wp-content\/uploads\/sites\/4\/2023\/08\/IMG_20220915_151355555-a-1024x576.jpg\" alt=\"\" class=\"wp-image-259\"\/><\/figure>\n\n\n\n<p class=\"has-text-align-center has-small-font-size\">Monumento a la Batalla de San Matteo<\/p>\n","protected":false},"excerpt":{"rendered":"<p>Good Loop se ha asociado con AllroundRent, una empresa con 30 a\u00f1os de experiencia en Alemania, para ofrecer alquiler de motos en Europa. AllroundRent puede ayudarte con tus viajes alquilando no solo motos, sino tambi\u00e9n cascos, ropa y otros equipos.Motos y coches antiguos en M\u00fanich &#8211; AllroundRent The Good Loop tambi\u00e9n ofrece seguros de viaje [&hellip;]<\/p>\n","protected":false},"author":1,"featured_media":857,"parent":777,"menu_order":0,"comment_status":"closed","ping_status":"closed","template":"","meta":{"footnotes":""},"class_list":["post-211","page","type-page","status-publish","has-post-thumbnail","hentry"],"_links":{"self":[{"href":"https:\/\/good-loop.co.jp\/es\/wp-json\/wp\/v2\/pages\/211","targetHints":{"allow":["GET"]}}],"collection":[{"href":"https:\/\/good-loop.co.jp\/es\/wp-json\/wp\/v2\/pages"}],"about":[{"href":"https:\/\/good-loop.co.jp\/es\/wp-json\/wp\/v2\/types\/page"}],"author":[{"embeddable":true,"href":"https:\/\/good-loop.co.jp\/es\/wp-json\/wp\/v2\/users\/1"}],"replies":[{"embeddable":true,"href":"https:\/\/good-loop.co.jp\/es\/wp-json\/wp\/v2\/comments?post=211"}],"version-history":[{"count":1,"href":"https:\/\/good-loop.co.jp\/es\/wp-json\/wp\/v2\/pages\/211\/revisions"}],"predecessor-version":[{"id":897,"href":"https:\/\/good-loop.co.jp\/es\/wp-json\/wp\/v2\/pages\/211\/revisions\/897"}],"up":[{"embeddable":true,"href":"https:\/\/good-loop.co.jp\/es\/wp-json\/wp\/v2\/pages\/777"}],"wp:featuredmedia":[{"embeddable":true,"href":"https:\/\/good-loop.co.jp\/es\/wp-json\/wp\/v2\/media\/857"}],"wp:attachment":[{"href":"https:\/\/good-loop.co.jp\/es\/wp-json\/wp\/v2\/media?parent=211"}],"curies":[{"name":"wp","href":"https:\/\/api.w.org\/{rel}","templated":true}]}}