{"id":478,"date":"2024-08-11T21:10:44","date_gmt":"2024-08-11T12:10:44","guid":{"rendered":"https:\/\/good-loop.co.jp\/?page_id=478"},"modified":"2025-07-27T19:29:34","modified_gmt":"2025-07-27T10:29:34","slug":"subasta_consignacion","status":"publish","type":"page","link":"https:\/\/good-loop.co.jp\/es\/subasta_consignacion\/","title":{"rendered":"Servicio de agencia de subastas de coches usados"},"content":{"rendered":"\n<h2 class=\"wp-block-heading\">\u00bfConseguir el auto de sus sue\u00f1os a un precio de ganga en una subasta de concesionario?<\/h2>\n\n\n<p>Good Loop participar\u00e1 en subastas de autos usados exclusivas para concesionarios, en las que el p\u00fablico general no puede participar directamente, y le ayudar\u00e1 a comprar y vender veh\u00edculos de forma segura.<\/p>\n\n\n<hr class=\"wp-block-separator has-alpha-channel-opacity\" \/>\n\n\n<h2 class=\"wp-block-heading\">Beneficios de las agencias de subastas<\/h2>\n\n\n<h3 class=\"wp-block-heading\">Reducci\u00f3n del margen de intermediarios<\/h3>\n\n\n<p>Al comprar directamente en subastas, sin pasar por concesionarios ni concesionarios de coches usados, se pueden reducir costes innecesarios.<\/p>\n\n\n<h3 class=\"wp-block-heading\">Amplia informaci\u00f3n sobre veh\u00edculos<\/h3>\n\n\n<p>Puede encontrar el veh\u00edculo que mejor se adapte a sus necesidades entre m\u00e1s de 8 millones de veh\u00edculos que se exhiben anualmente en aproximadamente 120 sedes en todo el pa\u00eds.<\/p>\n\n\n<h3 class=\"wp-block-heading\">Apoyo de nuestro equipo experto<\/h3>\n\n\n<p>Desde la puja hasta la adjudicaci\u00f3n, la transferencia de nombre y la entrega, nuestro equipo experto le brindar\u00e1 un apoyo personalizado.<\/p>\n\n\n<hr class=\"wp-block-separator has-alpha-channel-opacity\" \/>\n\n\n<h2 class=\"wp-block-heading\">Estructura de precios<\/h2>\n\n\n<h3 class=\"wp-block-heading\">Plan de agencia de licitaci\u00f3n (compra)<\/h3>\n\n\n<figure class=\"wp-block-table\"><table><tbody><tr><td>Agencia de licitaci\u00f3n tarifa<\/td><td class=\"has-text-align-right\" data-align=\"right\">Desde 29.800 yenes<\/td><td>Var\u00eda seg\u00fan el precio de la oferta ganadora. Consulte la tabla a continuaci\u00f3n<\/td><\/tr><tr><td>Comisi\u00f3n de puja<\/td><td class=\"has-text-align-right\" data-align=\"right\">A partir de 20 000 yenes<\/td><td>Var\u00eda seg\u00fan el lugar y el tipo de veh\u00edculo<\/td><\/tr><tr><td>Comisi\u00f3n de puja<\/td><td class=\"has-text-align-right\" data-align=\"right\">1000 yenes<\/td><td>Por subasta<\/td><\/tr><tr><td>Comisi\u00f3n de env\u00edo terrestre<\/td><td class=\"has-text-align-right\" data-align=\"right\">A partir de 8000 yenes<\/td><td>Var\u00eda seg\u00fan la distancia y el tipo de veh\u00edculo<\/td><\/tr><tr><td>Comisi\u00f3n de registro<\/td><td class=\"has-text-align-right\" data-align=\"right\">A partir de 13 000 yenes<\/td><td>Certificado de garaje 13.000 yenes<br>Transferencia de matr\u00edcula: 20.000 yenes<br>Nueva matr\u00edcula: 30.000 yenes<\/td><\/tr><tr><td>Inspecci\u00f3n del veh\u00edculo<\/td><td class=\"has-text-align-right\" data-align=\"right\">Desde 39.800 yenes<\/td><td>Var\u00eda seg\u00fan el modelo y el estado del veh\u00edculo<\/td><\/tr><\/tbody><\/table><figcaption class=\"wp-element-caption\">(sin IVA)<\/figcaption><\/figure>\n\n\n<figure class=\"wp-block-table\"><table><thead><tr><th class=\"has-text-align-right\" data-align=\"right\">Precio de puja del veh\u00edculo<\/th><th class=\"has-text-align-right\" data-align=\"right\">Comisi\u00f3n de la agencia de licitaci\u00f3n<\/th><\/tr><\/thead><tbody><tr><td class=\"has-text-align-right\" data-align=\"right\">~1 mill\u00f3n de yenes<\/td><td class=\"has-text-align-right\" data-align=\"right\">29.800 yenes<\/td><\/tr><tr><td class=\"has-text-align-right\" data-align=\"right\">1 mill\u00f3n de yenes ~1,5 millones de yenes<\/td><td class=\"has-text-align-right\" data-align=\"right\">34.800 yenes<\/td><\/tr><tr><td class=\"has-text-align-right\" data-align=\"right\">1,5 millones de yenes &#8211; 3 millones de yenes<\/td><td class=\"has-text-align-right\" data-align=\"right\">39.800 yenes<\/td><\/tr><tr><td class=\"has-text-align-right\" data-align=\"right\">De 3 a 5 millones de yenes<\/td><td class=\"has-text-align-right\" data-align=\"right\">44.800 yenes<\/td><\/tr><tr><td class=\"has-text-align-right\" data-align=\"right\">A partir de 5 millones de yenes<\/td><td class=\"has-text-align-right\" data-align=\"right\">0,9 % de la puja ganadora<\/td><\/tr><\/tbody><\/table><figcaption class=\"wp-element-caption\">(sin IVA)<\/figcaption><\/figure>\n\n\n<h3 class=\"wp-block-heading\">Plan de agencia de ventas (publicaci\u00f3n)<\/h3>\n\n\n<figure class=\"wp-block-table\"><table><tbody><tr><td>Comisi\u00f3n de la agencia de anuncios<\/td><td class=\"has-text-align-right\" data-align=\"right\">Desde 29.800 yenes<\/td><td>Var\u00eda seg\u00fan el precio de la puja ganadora. Ver tabla a continuaci\u00f3n<\/td><\/tr><tr><td>Costo de entrada<\/td><td class=\"has-text-align-right\" data-align=\"right\">Desde 10.000 yenes<\/td><td>Var\u00eda seg\u00fan el lugar y el tipo de veh\u00edculo<\/td><\/tr><tr><td>Costo del contrato<\/td><td class=\"has-text-align-right\" data-align=\"right\">Desde 10.000 yenes<\/td><td>Var\u00eda seg\u00fan el lugar y el tipo de veh\u00edculo<\/td><\/tr><tr><td>Env\u00edo terrestre<\/td><td class=\"has-text-align-right\" data-align=\"right\">Desde 8.000 yenes<\/td><td>Var\u00eda seg\u00fan la distancia y el tipo de veh\u00edculo<\/td><\/tr><\/tbody><\/table><figcaption class=\"wp-element-caption\">(sin IVA)<\/figcaption><\/figure>\n\n\n<figure class=\"wp-block-table\"><table><thead><tr><th class=\"has-text-align-right\" data-align=\"right\">Precio del contrato del veh\u00edculo<\/th><th class=\"has-text-align-right\" data-align=\"right\">Comisi\u00f3n de la agencia de anuncios<\/th><\/tr><\/thead><tbody><tr><td class=\"has-text-align-right\" data-align=\"right\">Hasta 1 mill\u00f3n de yenes<\/td><td class=\"has-text-align-right\" data-align=\"right\">19.800 yenes<\/td><\/tr><tr><td class=\"has-text-align-right\" data-align=\"right\">De 1 mill\u00f3n a 1,5 millones de yenes<\/td><td class=\"has-text-align-right\" data-align=\"right\">24.800 yenes<\/td><\/tr><tr><td class=\"has-text-align-right\" data-align=\"right\">De 1,5 millones a 3 millones de yenes<\/td><td class=\"has-text-align-right\" data-align=\"right\">29.800 yenes<\/td><\/tr><tr><td class=\"has-text-align-right\" data-align=\"right\">De 3 millones a 5 millones de yenes<\/td><td class=\"has-text-align-right\" data-align=\"right\">34.800 yenes<\/td><\/tr><tr><td class=\"has-text-align-right\" data-align=\"right\">5 millones de yenes y m\u00e1s<\/td><td class=\"has-text-align-right\" data-align=\"right\">0,7 % del precio del contrato<\/td><\/tr><\/tbody><\/table><figcaption class=\"wp-element-caption\">(excluyendo el impuesto al consumo)<\/figcaption><\/figure>\n\n\n<hr class=\"wp-block-separator has-alpha-channel-opacity\" \/>\n\n\n<h2 class=\"wp-block-heading\">Flujo de servicio<\/h2>\n\n\n<div style=\"max-width: 400px;margin: 0 auto;font-family: sans-serif\">\n<div style=\"border: 1px solid #ccc;border-radius: 8px;padding: 10px;text-align: center;margin-bottom: 10px\">\nCont\u00e1ctanos\n<\/div>\n<div style=\"text-align: center\">\u2193<\/div>\n<div style=\"border: 1px solid #ccc;border-radius: 8px;padding: 10px;text-align: center;margin-bottom: 10px\">\nEntrevista\/inspecci\u00f3n del veh\u00edculo\n<\/div>\n<div style=\"text-align: center\">\u2193<\/div>\n<div style=\"border: 1px solid #ccc;border-radius: 8px;padding: 10px;text-align: center;margin-bottom: 10px\">\nAcuerdos de publicaci\u00f3n\/licitaci\u00f3n\n<\/div>\n<div style=\"text-align: center\">\u2193<\/div>\n<div style=\"border: 1px solid #ccc;border-radius: 8px;padding: 10px;text-align: center;margin-bottom: 10px\">\nLicitaci\u00f3n exitosa\/cambio de nombre\n<\/div>\n<div style=\"text-align: center\">\u2193<\/div>\n<div style=\"border: 1px solid #ccc;border-radius: 8px;padding: 10px;text-align: center\">\nPago \/ Entrega\n<\/div>\n<\/div>\n\n\n<h2 class=\"wp-block-heading\">Casos de \u00e9xito<\/h2>\n\n\n<ul class=\"wp-block-list\">\n<li><strong>Toyota Alphard (3.\u00aa generaci\u00f3n)<\/strong>: Vendido por 1,5 millones de yenes<\/li>\n\n\n<li><strong>Daihatsu Tanto (2.\u00aa generaci\u00f3n, puerta corredera)<\/strong>: Vendido por 68.000 yenes<\/li>\n\n\n<li><strong>Honda S2000 (AP1)<\/strong>: Vendido por 2,5 millones de yenes<\/li>\n<\/ul>\n\n\n<p>Podemos satisfacer una amplia gama de necesidades, desde coches pr\u00e1cticos hasta coches exclusivos.<\/p>\n\n\n<hr class=\"wp-block-separator has-alpha-channel-opacity\" \/>\n\n\n<h2 class=\"wp-block-heading\">Preguntas frecuentes (FAQ)<\/h2>\n\n\n<h3 class=\"wp-block-heading\">P. Es la primera vez que uso un agente de subastas, \u00bfest\u00e1 bien?<\/h3>\n\n\n<p>R. S\u00ed, nuestro personal especializado le brindar\u00e1 un soporte atento, as\u00ed que no se preocupe.<\/p>\n\n\n<h3 class=\"wp-block-heading\">P. \u00bfPuedo comprobar el estado del veh\u00edculo?<\/h3>\n\n\n<p>R. S\u00ed, le proporcionaremos informaci\u00f3n detallada del veh\u00edculo antes de ponerlo a subasta.<\/p>\n\n\n<h3 class=\"wp-block-heading\">P. \u00bfTambi\u00e9n pueden cambiar la titularidad y entregar el veh\u00edculo?<\/h3>\n\n\n<p>R. S\u00ed, le brindaremos soporte completo, incluyendo la transferencia de nombre y la gesti\u00f3n de entrega.<\/p>\n\n\n<hr class=\"wp-block-separator has-alpha-channel-opacity\" \/>\n\n\n<p>Good Loop le brindar\u00e1 soporte completo para la vida \u00fatil de su veh\u00edculo. Si tiene alguna pregunta, cont\u00e1ctenos en cualquier momento.<\/p>\n\n\n<p class=\"has-x-large-font-size\" style=\"line-height:1.2\">Cont\u00e1ctanos aqu\u00ed<\/p>\n\n\n<div class=\"wp-block-buttons is-layout-flex wp-block-buttons-is-layout-flex\">\n<div class=\"wp-block-button\"><a class=\"wp-block-button__link has-small-font-size has-custom-font-size wp-element-button\" href=\"https:\/\/docs.google.com\/forms\/d\/1JATPpeGfRXaemIpjUO1PbKltxmmkNDiiO8owNQoPJU4\/\" target=\"_blank\" rel=\"noreferrer noopener\">Cont\u00e1ctanos<\/a><\/div>\n<\/div>\n","protected":false},"excerpt":{"rendered":"<p>\u00bfConseguir el auto de sus sue\u00f1os a un precio de ganga en una subasta de concesionario? Good Loop participar\u00e1 en subastas de autos usados exclusivas para concesionarios, en las que el p\u00fablico general no puede participar directamente, y le ayudar\u00e1 a comprar y vender veh\u00edculos de forma segura. Beneficios de las agencias de subastas Reducci\u00f3n [&hellip;]<\/p>\n","protected":false},"author":1,"featured_media":930,"parent":0,"menu_order":0,"comment_status":"closed","ping_status":"closed","template":"","meta":{"footnotes":""},"class_list":["post-478","page","type-page","status-publish","has-post-thumbnail","hentry"],"_links":{"self":[{"href":"https:\/\/good-loop.co.jp\/es\/wp-json\/wp\/v2\/pages\/478","targetHints":{"allow":["GET"]}}],"collection":[{"href":"https:\/\/good-loop.co.jp\/es\/wp-json\/wp\/v2\/pages"}],"about":[{"href":"https:\/\/good-loop.co.jp\/es\/wp-json\/wp\/v2\/types\/page"}],"author":[{"embeddable":true,"href":"https:\/\/good-loop.co.jp\/es\/wp-json\/wp\/v2\/users\/1"}],"replies":[{"embeddable":true,"href":"https:\/\/good-loop.co.jp\/es\/wp-json\/wp\/v2\/comments?post=478"}],"version-history":[{"count":1,"href":"https:\/\/good-loop.co.jp\/es\/wp-json\/wp\/v2\/pages\/478\/revisions"}],"predecessor-version":[{"id":931,"href":"https:\/\/good-loop.co.jp\/es\/wp-json\/wp\/v2\/pages\/478\/revisions\/931"}],"wp:featuredmedia":[{"embeddable":true,"href":"https:\/\/good-loop.co.jp\/es\/wp-json\/wp\/v2\/media\/930"}],"wp:attachment":[{"href":"https:\/\/good-loop.co.jp\/es\/wp-json\/wp\/v2\/media?parent=478"}],"curies":[{"name":"wp","href":"https:\/\/api.w.org\/{rel}","templated":true}]}}