{"id":504,"date":"2024-08-25T16:44:17","date_gmt":"2024-08-25T07:44:17","guid":{"rendered":"https:\/\/good-loop.co.jp\/?page_id=504"},"modified":"2025-07-27T19:37:47","modified_gmt":"2025-07-27T10:37:47","slug":"software","status":"publish","type":"page","link":"https:\/\/good-loop.co.jp\/es\/software\/","title":{"rendered":"Servicios de soporte para la implementaci\u00f3n y operaci\u00f3n de software de c\u00f3digo abierto"},"content":{"rendered":"\n<p>Good Loop desarrolla software para diversos campos, como la eficiencia del desarrollo de software y el soporte para la industria automotriz. Adem\u00e1s, ofrecemos servicios de introducci\u00f3n y soporte operativo para software de c\u00f3digo abierto (OSS), de gran prestigio internacional. <\/p>\n\n\n<h2 class=\"wp-block-heading\">Eliminando las preocupaciones sobre el software de c\u00f3digo abierto<\/h2>\n\n\n<p>Muchas personas pueden tener dudas sobre el software de c\u00f3digo abierto. Aqu\u00ed hay algunas preocupaciones comunes y sus soluciones:<\/p>\n\n\n<ol class=\"wp-block-list\">\n<li><strong>\u00bfPor qu\u00e9 el software es gratuito?<\/strong>\n<ul class=\"wp-block-list\">\n<li>El software de c\u00f3digo abierto es una iniciativa comunitaria con el apoyo de desarrolladores de todo el mundo. El prop\u00f3sito de ofrecerlo gratuitamente es desarrollar y compartir la tecnolog\u00eda, y muchas grandes empresas tambi\u00e9n contribuyen a su desarrollo. Su calidad y fiabilidad son comparables a las del software comercial. <\/li>\n<\/ul>\n<\/li>\n\n\n<li><strong>\u00abNo s\u00e9 montar un servidor o no s\u00e9 mucho de servidores\u00bb<\/strong>\n<ul class=\"wp-block-list\">\n<li>No se preocupe. Nuestros expertos le brindar\u00e1n soporte completo, desde la configuraci\u00f3n del servidor hasta su funcionamiento. Puede usar el sistema \u00f3ptimo incluso sin conocimientos t\u00e9cnicos. <\/li>\n<\/ul>\n<\/li>\n\n\n<li><strong>\u00ab\u00bfC\u00f3mo genera beneficios Good Loop?\u00bb<\/strong>\n<ul class=\"wp-block-list\">\n<li>El software de c\u00f3digo abierto es gratuito, pero ofrecemos servicios de valor a\u00f1adido, como soporte profesional de implementaci\u00f3n, personalizaci\u00f3n, mantenimiento y formaci\u00f3n, por un coste. Buscamos una relaci\u00f3n beneficiosa para todos, donde el \u00e9xito de nuestros clientes se traduce en nuestros beneficios. <\/li>\n<\/ul>\n<\/li>\n<\/ol>\n\n\n<h2 class=\"wp-block-heading\">Beneficios del software de c\u00f3digo abierto<\/h2>\n\n\n<ol class=\"wp-block-list\">\n<li><strong>Ahorro de costos<\/strong>: No se requieren licencias, lo que reduce significativamente la inversi\u00f3n inicial. <\/li>\n\n\n<li><strong>Libertad de personalizaci\u00f3n<\/strong>: Se pueden realizar ajustes para adaptarlos a las necesidades de su negocio. <\/li>\n\n\n<li><strong>Evite la dependencia de un proveedor<\/strong>:\n<ul class=\"wp-block-list\">\n<li>Puede mantener la flexibilidad sin depender de un proveedor espec\u00edfico. <\/li>\n\n\n<li>Puede cambiar o migrar software libremente si lo necesita. <\/li>\n\n\n<li>Los formatos de datos suelen estar estandarizados, lo que facilita la integraci\u00f3n y la migraci\u00f3n con otros sistemas. <\/li>\n<\/ul>\n<\/li>\n\n\n<li><strong>Total control y propiedad sobre tus datos<\/strong>:\n<ul class=\"wp-block-list\">\n<li>El c\u00f3digo es abierto, as\u00ed que sabes exactamente c\u00f3mo se almacenan tus datos. <\/li>\n\n\n<li>Puedes realizar copias de seguridad, exportar y migrar tus datos f\u00e1cilmente, y puedes eliminarlos en cualquier momento. <\/li>\n<\/ul>\n<\/li>\n\n\n<li><strong>Seguridad y transparencia<\/strong>:\n<ul class=\"wp-block-list\">\n<li>El c\u00f3digo es p\u00fablico, por lo que las vulnerabilidades se pueden detectar y corregir con prontitud. <\/li>\n\n\n<li>Se realizan auditor\u00edas continuas por parte de m\u00faltiples usuarios, tanto desarrolladores como usuarios, para garantizar una alta seguridad. <\/li>\n<\/ul>\n<\/li>\n\n\n<li><strong>Soporte de la comunidad<\/strong>: Esperamos mejoras continuas y la resoluci\u00f3n de problemas por parte de desarrolladores de todo el mundo. Tambi\u00e9n ofrecemos foros de soporte comunitario. <\/li>\n\n\n<li><strong>Adopte la tecnolog\u00eda m\u00e1s reciente<\/strong>: Una comunidad activa garantiza la r\u00e1pida adopci\u00f3n de la tecnolog\u00eda m\u00e1s reciente. <\/li>\n\n\n<li><strong>Estabilidad a largo plazo<\/strong>:\n<ul class=\"wp-block-list\">\n<li>Los proyectos de c\u00f3digo abierto son menos susceptibles a la situaci\u00f3n financiera de una empresa en particular y se puede esperar una continuidad a largo plazo. <\/li>\n\n\n<li>El apoyo continuo de la comunidad extiende la vida \u00fatil del software. <\/li>\n<\/ul>\n<\/li>\n<\/ol>\n\n\n<p>Estos beneficios significan que el software de c\u00f3digo abierto le brinda mayor libertad empresarial, ahorros de costos a largo plazo e innovaci\u00f3n. Ofrecemos soporte experto para ayudarle a aprovechar al m\u00e1ximo estos beneficios. <\/p>\n\n\n<h2 class=\"wp-block-heading\">Beneficios de solicitarnos la instalaci\u00f3n y operaci\u00f3n de su sistema<\/h2>\n\n\n<ol class=\"wp-block-list\">\n<li><strong>Experiencia y conocimientos<\/strong>: Nuestros expertos le ayudar\u00e1n con una implementaci\u00f3n y personalizaci\u00f3n \u00f3ptimas. <\/li>\n\n\n<li><strong>Ahorro de tiempo y recursos<\/strong>: Puede concentrar sus recursos internos en otras tareas importantes. <\/li>\n\n\n<li><strong>Integraci\u00f3n fluida<\/strong>: Le ayudamos a integrarse sin problemas con sus sistemas existentes para minimizar las interrupciones del negocio. <\/li>\n\n\n<li><strong>Capacitaci\u00f3n y soporte<\/strong>: Ofrecemos capacitaci\u00f3n a los usuarios y soporte t\u00e9cnico continuo. <\/li>\n\n\n<li><strong>Seguridad mejorada<\/strong>: Configuramos y operamos seg\u00fan las mejores pr\u00e1cticas de seguridad m\u00e1s recientes. <\/li>\n\n\n<li><strong>Optimizaci\u00f3n del rendimiento<\/strong>: Monitoreamos constantemente el rendimiento del sistema y lo optimizamos seg\u00fan sea necesario. <\/li>\n\n\n<li><strong>Actualizaciones y mantenimiento<\/strong>: Garantizamos actualizaciones a la \u00faltima versi\u00f3n y mantenimiento regular. <\/li>\n<\/ol>\n\n\n<h2 class=\"wp-block-heading\">Optimizaci\u00f3n de costos y flexibilidad de alojamiento<\/h2>\n\n\n<p>Nos esforzamos por brindar servicios que se adapten a las necesidades y la rentabilidad de nuestros clientes. <\/p>\n\n\n<ol class=\"wp-block-list\">\n<li><strong>Alojamiento econ\u00f3mico<\/strong>:\n<ul class=\"wp-block-list\">\n<li>Utilizamos no solo los principales servicios en la nube, como Amazon, sino tambi\u00e9n servicios de alta calidad y bajo costo, como Hetzner, lo que nos permite reducir significativamente los costos. <\/li>\n\n\n<li>Esto nos permite ofrecer servicios de alto rendimiento a bajo costo. <\/li>\n<\/ul>\n<\/li>\n\n\n<li><strong>Opciones de alojamiento flexibles<\/strong>:\n<ul class=\"wp-block-list\">\n<li>Dependiendo de sus necesidades y requisitos regulatorios, ofrecemos una variedad de opciones de alojamiento, incluyendo:\n<ul class=\"wp-block-list\">\n<li>Servicios de nube econ\u00f3micos en el extranjero<\/li>\n\n\n<li>Centros de datos en Jap\u00f3n<\/li>\n\n\n<li>Su entorno local<\/li>\n<\/ul>\n<\/li>\n<\/ul>\n<\/li>\n\n\n<li><strong>Soluciones personalizadas<\/strong>:\n<ul class=\"wp-block-list\">\n<li>Encontraremos la mejor estrategia de alojamiento para su situaci\u00f3n espec\u00edfica, incluyendo requisitos de seguridad, rendimiento y presupuesto. <\/li>\n<\/ul>\n<\/li>\n\n\n<li><strong>Precios transparentes<\/strong>:\n<ul class=\"wp-block-list\">\n<li>Le ofrecemos costos de alojamiento claros y transparentes, lo que le permite controlar su presupuesto. <\/li>\n<\/ul>\n<\/li>\n<\/ol>\n\n\n<p>Nuestro enfoque nos permite ofrecer soluciones de software de c\u00f3digo abierto de alta calidad que se adaptan a las necesidades de su negocio y a su presupuesto. <\/p>\n\n\n<h2 class=\"wp-block-heading\">Principales programas de c\u00f3digo abierto que nuestra empresa respalda<\/h2>\n\n\n<p>A continuaci\u00f3n, se detallan los principales programas de c\u00f3digo abierto que nuestra empresa respalda. Cada software es una excelente alternativa a los productos comerciales populares:<\/p>\n\n\n<h2 class=\"wp-block-heading\">Discourse<\/h2>\n\n\n<p>Plataforma de discusi\u00f3n moderna para la creaci\u00f3n de comunidades y el intercambio de conocimientos<\/p>\n\n\n<ul class=\"wp-block-list\">\n<li>Caracter\u00edsticas principales: b\u00fasqueda avanzada, gesti\u00f3n de categor\u00edas, sistema de niveles de usuario<\/li>\n\n\n<li>Alternativas: Microsoft SharePoint, Yammer, Salesforce Chatter, Jive, Lithium<\/li>\n<\/ul>\n\n\n<p><a href=\"https:\/\/good-loop.co.jp\/software\/discurso\/\" data-type=\"page\" data-id=\"497\">M\u00e1s detalles aqu\u00ed<\/a><\/p>\n\n\n<h2 class=\"wp-block-heading\">SuiteCRM<\/h2>\n\n\n<p>Soluci\u00f3n integral de gesti\u00f3n de relaciones con los clientes (CRM). Integra ventas, marketing y atenci\u00f3n al cliente.<\/p>\n\n\n<ul class=\"wp-block-list\">\n<li>Funciones clave: Gesti\u00f3n de leads, automatizaci\u00f3n de ventas, sistema de tickets de atenci\u00f3n al cliente.<\/li>\n\n\n<li>Alternativas: Salesforce, HubSpot CRM, Microsoft Dynamics 365.<\/li>\n<\/ul>\n\n\n<p><a href=\"https:\/\/good-loop.co.jp\/software\/suitecrm\/\" data-type=\"page\" data-id=\"531\">M\u00e1s informaci\u00f3n.<\/a><\/p>\n\n\n<h2 class=\"wp-block-heading\">Mattermost<\/h2>\n\n\n<p>Plataforma de chat segura de c\u00f3digo abierto<\/p>\n\n\n<ul class=\"wp-block-list\">\n<li>Caracter\u00edsticas principales: Comunicaci\u00f3n basada en canales, intercambio de archivos, extensibilidad de plugins, autoalojamiento<\/li>\n\n\n<li>Alternativas: Slack, Microsoft Teams, Discord, Chatwork, LINE WORKS<\/li>\n<\/ul>\n\n\n<p><a href=\"https:\/\/good-loop.co.jp\/software\/lo_mas_importante\/\" data-type=\"page\" data-id=\"497\">M\u00e1s informaci\u00f3n<\/a><\/p>\n\n\n<h2 class=\"wp-block-heading\">OpenProject<\/h2>\n\n\n<p>Software todo en uno para la gesti\u00f3n de proyectos y la colaboraci\u00f3n en equipo<\/p>\n\n\n<ul class=\"wp-block-list\">\n<li>Funciones principales: Diagrama de Gantt, tablero \u00e1gil, seguimiento del tiempo, gesti\u00f3n de documentos<\/li>\n\n\n<li>Productos alternativos: Jira, Trello, Asana, Microsoft Project, Backlog<\/li>\n<\/ul>\n\n\n<p><br><a href=\"https:\/\/good-loop.co.jp\/software\/proyecto_abierto\/\" data-type=\"page\" data-id=\"542\">M\u00e1s informaci\u00f3n<\/a><\/p>\n\n\n<h2 class=\"wp-block-heading\">NextCloud<\/h2>\n\n\n<p>Una plataforma segura y flexible para sincronizar, compartir y comunicar archivos<\/p>\n\n\n<ul class=\"wp-block-list\">\n<li>Funciones principales: sincronizaci\u00f3n de archivos, compartir calendario, videoconferencias, gesti\u00f3n de tareas<\/li>\n\n\n<li>Alternativas: Box, Dropbox, Google Drive, Microsoft OneDrive<\/li>\n<\/ul>\n\n\n<p><br><a href=\"https:\/\/good-loop.co.jp\/software\/nextcloud\/\" data-type=\"page\" data-id=\"546\">M\u00e1s informaci\u00f3n<\/a><\/p>\n\n\n<p><\/p>\n\n\n<p>No dude en contactarnos si tiene alguna pregunta sobre la introducci\u00f3n y el funcionamiento de cada software. Tambi\u00e9n aceptamos software que no est\u00e9 en la lista. <\/p>\n\n\n<p class=\"has-x-large-font-size\" style=\"line-height:1.2\">Cont\u00e1ctanos aqu\u00ed<\/p>\n\n\n<div class=\"wp-block-buttons is-layout-flex wp-block-buttons-is-layout-flex\">\n<div class=\"wp-block-button has-custom-font-size has-small-font-size\"><a class=\"wp-block-button__link wp-element-button\" href=\"https:\/\/docs.google.com\/forms\/d\/1JATPpeGfRXaemIpjUO1PbKltxmmkNDiiO8owNQoPJU4\/\" target=\"_blank\" rel=\"noreferrer noopener\">\nCont\u00e1ctanos <\/a><\/div>\n<\/div>\n\n\n<p><\/p>\n","protected":false},"excerpt":{"rendered":"<p>Good Loop desarrolla software para diversos campos, como la eficiencia del desarrollo de software y el soporte para la industria automotriz. Adem\u00e1s, ofrecemos servicios de introducci\u00f3n y soporte operativo para software de c\u00f3digo abierto (OSS), de gran prestigio internacional. Eliminando las preocupaciones sobre el software de c\u00f3digo abierto Muchas personas pueden tener dudas sobre el [&hellip;]<\/p>\n","protected":false},"author":1,"featured_media":850,"parent":0,"menu_order":0,"comment_status":"closed","ping_status":"closed","template":"","meta":{"footnotes":""},"class_list":["post-504","page","type-page","status-publish","has-post-thumbnail","hentry"],"_links":{"self":[{"href":"https:\/\/good-loop.co.jp\/es\/wp-json\/wp\/v2\/pages\/504","targetHints":{"allow":["GET"]}}],"collection":[{"href":"https:\/\/good-loop.co.jp\/es\/wp-json\/wp\/v2\/pages"}],"about":[{"href":"https:\/\/good-loop.co.jp\/es\/wp-json\/wp\/v2\/types\/page"}],"author":[{"embeddable":true,"href":"https:\/\/good-loop.co.jp\/es\/wp-json\/wp\/v2\/users\/1"}],"replies":[{"embeddable":true,"href":"https:\/\/good-loop.co.jp\/es\/wp-json\/wp\/v2\/comments?post=504"}],"version-history":[{"count":1,"href":"https:\/\/good-loop.co.jp\/es\/wp-json\/wp\/v2\/pages\/504\/revisions"}],"predecessor-version":[{"id":936,"href":"https:\/\/good-loop.co.jp\/es\/wp-json\/wp\/v2\/pages\/504\/revisions\/936"}],"wp:featuredmedia":[{"embeddable":true,"href":"https:\/\/good-loop.co.jp\/es\/wp-json\/wp\/v2\/media\/850"}],"wp:attachment":[{"href":"https:\/\/good-loop.co.jp\/es\/wp-json\/wp\/v2\/media?parent=504"}],"curies":[{"name":"wp","href":"https:\/\/api.w.org\/{rel}","templated":true}]}}