{"id":531,"date":"2024-09-25T17:38:31","date_gmt":"2024-09-25T08:38:31","guid":{"rendered":"https:\/\/good-loop.co.jp\/?page_id=531"},"modified":"2025-07-27T19:35:48","modified_gmt":"2025-07-27T10:35:48","slug":"suitecrm","status":"publish","type":"page","link":"https:\/\/good-loop.co.jp\/es\/software\/suitecrm\/","title":{"rendered":"Implementaci\u00f3n, soporte operativo y consultor\u00eda de SuiteCRM"},"content":{"rendered":"\n<hr class=\"wp-block-separator has-alpha-channel-opacity\" \/>\n\n\n\n<h2 class=\"wp-block-heading\">Soluci\u00f3n CRM de c\u00f3digo abierto con m\u00faltiples funciones, fiabilidad y rentabilidad<\/h2>\n\n\n\n<p>Ofrecemos servicios de instalaci\u00f3n y alojamiento para la versi\u00f3n de c\u00f3digo abierto de SuiteCRM, lo que proporciona un s\u00f3lido soporte para la gesti\u00f3n de relaciones con los clientes (CRM) corporativa. SuiteCRM es un software CRM de c\u00f3digo abierto de gran prestigio internacional, con una gran cantidad de funciones y una gran fiabilidad.<\/p>\n\n\n\n<hr class=\"wp-block-separator has-alpha-channel-opacity\" \/>\n\n\n\n<h3 class=\"wp-block-heading\">Principales caracter\u00edsticas de SuiteCRM<\/h3>\n\n\n\n<ul class=\"wp-block-list\">\n<li><strong>Amplio conjunto de funciones<\/strong>\n\n<ul class=\"wp-block-list\">\n<li><strong>Gesti\u00f3n de ventas<\/strong>: Gesti\u00f3n centralizada de los procesos de ventas, incluyendo clientes potenciales, oportunidades y gesti\u00f3n de contratos.<\/li>\n\n\n<li><strong>Automatizaci\u00f3n de Marketing<\/strong>: Facilita actividades de marketing eficaces, como campa\u00f1as de correo electr\u00f3nico y la creaci\u00f3n de listas de objetivos.<\/li>\n\n\n<li><strong>Atenci\u00f3n al Cliente<\/strong>: Optimiza la atenci\u00f3n al cliente con la gesti\u00f3n de casos, la base de conocimientos, etc.<\/li>\n\n\n<li><strong>Informes y An\u00e1lisis<\/strong>: Facilita la toma de decisiones empresariales mediante el an\u00e1lisis de datos en tiempo real.<\/li>\n<\/ul>\n<\/li>\n\n\n<li><strong>Altamente personalizable<\/strong>\n\n<ul class=\"wp-block-list\">\n<li>Aprovechando las ventajas del c\u00f3digo abierto, permite una personalizaci\u00f3n flexible para adaptarse a las necesidades del negocio.<\/li>\n<\/ul>\n<\/li>\n\n\n<li><strong>Interfaz intuitiva<\/strong>\n\n<ul class=\"wp-block-list\">\n<li>Su dise\u00f1o intuitivo permite a los usuarios familiarizarse con el funcionamiento r\u00e1pidamente.<\/li>\n<\/ul>\n<\/li>\n\n\n<li><strong>Compatible con dispositivos m\u00f3viles<\/strong>\n\n<ul class=\"wp-block-list\">\n<li>Accesible desde dispositivos m\u00f3viles, puedes consultar y actualizar la informaci\u00f3n dondequiera que est\u00e9s.<\/li>\n<\/ul>\n<\/li>\n<\/ul>\n\n\n\n<hr class=\"wp-block-separator has-alpha-channel-opacity\" \/>\n\n\n\n<h3 class=\"wp-block-heading\">Precio<\/h3>\n\n\n\n<p><strong>SuiteCRM es un software de c\u00f3digo abierto, por lo que no hay costo de licencia<\/strong>. Ofrecemos paquetes que incluyen lo siguiente desde <strong>18,000 yenes al mes<\/strong>.<\/p>\n\n\n\n<ul class=\"wp-block-list\">\n<li>Instalaci\u00f3n y configuraci\u00f3n inicial del software<\/li>\n\n\n<li>Proporcionando un entorno de alojamiento seguro<\/li>\n\n\n<li>Copias de seguridad peri\u00f3dicas y mantenimiento del sistema<\/li>\n\n\n<li>Atenci\u00f3n al cliente y asistencia t\u00e9cnica<\/li>\n<\/ul>\n\n\n\n<h3 class=\"wp-block-heading\">Precios (SuiteCRM de Good Loop)<\/h3>\n\n\n\n<figure class=\"wp-block-table\"><table class=\"has-fixed-layout\"><thead><tr><th class=\"has-text-align-left\" data-align=\"left\">Planes<\/th><th class=\"has-text-align-center\" data-align=\"center\">Plan Inicial<\/th><th class=\"has-text-align-center\" data-align=\"center\">Plan Empresarial<\/th><th class=\"has-text-align-center\" data-align=\"center\">Plan Premium<\/th><th class=\"has-text-align-center\" data-align=\"center\">Plan Extra<\/th><\/tr><\/thead><tbody><tr><td class=\"has-text-align-left\" data-align=\"left\">Precio mensual del plan<\/td><td class=\"has-text-align-center\" data-align=\"center\">18.000 yenes<\/td><td class=\"has-text-align-center\" data-align=\"center\">75.000 yenes<\/td><td class=\"has-text-align-center\" data-align=\"center\">98.000 yenes<\/td><td class=\"has-text-align-center\" data-align=\"center\">Cont\u00e1ctanos<\/td><\/tr><tr><td class=\"has-text-align-left\" data-align=\"left\">N\u00famero total de miembros<\/td><td class=\"has-text-align-center\" data-align=\"center\">Ilimitado<\/td><td class=\"has-text-align-center\" data-align=\"center\">Ilimitado<\/td><td class=\"has-text-align-center\" data-align=\"center\">Ilimitado<\/td><td class=\"has-text-align-center\" data-align=\"center\">Ilimitado<\/td><\/tr><tr><td class=\"has-text-align-left\" data-align=\"left\">N\u00famero estimado de miembros que se pueden usar c\u00f3modamente<\/td><td class=\"has-text-align-center\" data-align=\"center\">10 personas<\/td><td class=\"has-text-align-center\" data-align=\"center\">50 personas<\/td><td class=\"has-text-align-center\" data-align=\"center\">150 personas<\/td><td class=\"has-text-align-center\" data-align=\"center\">Ilimitado<\/td><\/tr><tr><td class=\"has-text-align-left\" data-align=\"left\">Almacenamiento<\/td><td class=\"has-text-align-center\" data-align=\"center\">50 GB<\/td><td class=\"has-text-align-center\" data-align=\"center\">120 GB<\/td><td class=\"has-text-align-center\" data-align=\"center\">200 GB<\/td><td class=\"has-text-align-center\" data-align=\"center\">Ilimitado<\/td><\/tr><tr><td class=\"has-text-align-left\" data-align=\"left\">Copia de seguridad instant\u00e1nea<\/td><td class=\"has-text-align-center\" data-align=\"center\">Semanal<\/td><td class=\"has-text-align-center\" data-align=\"center\">Diaria<\/td><td class=\"has-text-align-center\" data-align=\"center\">Diaria<\/td><td class=\"has-text-align-center\" data-align=\"center\">Diaria<\/td><\/tr><\/tbody><\/table><figcaption class=\"wp-element-caption\">(IVA no incluido)<\/figcaption><\/figure>\n\n\n\n<hr class=\"wp-block-separator has-alpha-channel-opacity\" \/>\n\n\n\n<h3 class=\"wp-block-heading\">Caso de implementaci\u00f3n<\/h3>\n\n\n\n<ul class=\"wp-block-list\">\n<li><strong>ABC Co., Ltd.<\/strong>\n\n<ul class=\"wp-block-list\">\n<li><strong>Desaf\u00edo<\/strong>: Proceso de ventas ineficiente y gesti\u00f3n descentralizada de la informaci\u00f3n del cliente.<\/li>\n\n\n<li><strong>Efecto<\/strong>: Al implementar SuiteCRM, las actividades de ventas se volvieron un 30% m\u00e1s eficientes y la satisfacci\u00f3n del cliente mejor\u00f3.<\/li>\n<\/ul>\n<\/li>\n\n\n<li><strong>Corporaci\u00f3n XYZ<\/strong>\n\n<ul class=\"wp-block-list\">\n<li><strong>Desaf\u00edo<\/strong>: Costos elevados de licencia de CRM y personalizaci\u00f3n limitada.<\/li>\n\n\n<li><strong>Efecto<\/strong>: Al migrar a SuiteCRM, los costos anuales se redujeron en un 50% y las funciones necesarias se pudieron personalizar libremente.<\/li>\n<\/ul>\n<\/li>\n<\/ul>\n\n\n\n<hr class=\"wp-block-separator has-alpha-channel-opacity\" \/>\n\n\n\n<h3 class=\"wp-block-heading\">Comparaci\u00f3n con Salesforce (SFDC): Relaci\u00f3n coste-beneficio<\/h3>\n\n\n\n<ul class=\"wp-block-list\">\n<li><strong>Reducci\u00f3n significativa del coste de las licencias<\/strong>\n\n<ul class=\"wp-block-list\">\n<li>Los CRM comerciales como Salesforce requieren costosas tarifas de licencia, pero SuiteCRM es gratuito.\n\n<ul class=\"wp-block-list\">\n<li>El plan m\u00e1s econ\u00f3mico de Salesforce cuesta 3000 yenes por usuario al mes, y tambi\u00e9n se cobran las funciones adicionales.<\/li>\n<\/ul>\n<\/li>\n<\/ul>\n<\/li>\n\n\n<li><strong>Costo total de propiedad (TCO) reducido<\/strong>\n\n<ul class=\"wp-block-list\">\n<li>No solo puede reducir los costos de licencia, sino tambi\u00e9n los costos operativos a largo plazo.<\/li>\n<\/ul>\n<\/li>\n\n\n<li><strong>Reduce los costos de personalizaci\u00f3n<\/strong>\n\n<ul class=\"wp-block-list\">\n<li>Al ser de c\u00f3digo abierto, se minimizan los costos de agregar funciones y personalizaci\u00f3n.<\/li>\n<\/ul>\n<\/li>\n<\/ul>\n\n\n\n<hr class=\"wp-block-separator has-alpha-channel-opacity\" \/>\n\n\n\n<h3 class=\"wp-block-heading\">Versatilidad y fiabilidad gracias al desarrollo a largo plazo<\/h3>\n\n\n\n<ul class=\"wp-block-list\">\n<li><strong>Software maduro<\/strong>\n\n<ul class=\"wp-block-list\">\n<li>A\u00f1os de desarrollo y contribuciones de la comunidad lo han convertido en una herramienta completa y confiable.<\/li>\n<\/ul>\n<\/li>\n\n\n<li><strong>Actualizaciones peri\u00f3dicas<\/strong>\n\n<ul class=\"wp-block-list\">\n<li>Se proporcionan actualizaciones para mantenerse al d\u00eda con las \u00faltimas tendencias y tecnolog\u00edas empresariales.<\/li>\n<\/ul>\n<\/li>\n\n\n<li><strong>Amplia comunidad de usuarios<\/strong>\n\n<ul class=\"wp-block-list\">\n<li>Con el apoyo de una comunidad global de usuarios y desarrolladores.<\/li>\n<\/ul>\n<\/li>\n<\/ul>\n\n\n\n<hr class=\"wp-block-separator has-alpha-channel-opacity\" \/>\n\n\n\n<h3 class=\"wp-block-heading\">Los beneficios del c\u00f3digo abierto: propiedad de los datos<\/h3>\n\n\n\n<ul class=\"wp-block-list\">\n<li><strong>Control total de tus datos<\/strong>\n\n<ul class=\"wp-block-list\">\n<li>Los datos se almacenan en nuestros propios servidores y no dependen de terceros.<\/li>\n<\/ul>\n<\/li>\n\n\n<li><strong>Seguridad y privacidad garantizadas<\/strong>\n\n<ul class=\"wp-block-list\">\n<li>Un control total sobre el manejo de los datos reduce el riesgo de fugas de informaci\u00f3n.<\/li>\n<\/ul>\n<\/li>\n\n\n<li><strong>Personal\u00edzalo libremente para adaptarlo a tu negocio<\/strong>\n\n<ul class=\"wp-block-list\">\n<li>El acceso al c\u00f3digo fuente facilita la incorporaci\u00f3n de tus propias funciones y la integraci\u00f3n con otros sistemas.<\/li>\n<\/ul>\n<\/li>\n<\/ul>\n\n\n\n<hr class=\"wp-block-separator has-alpha-channel-opacity\" \/>\n\n\n\n<p><strong>SuiteCRM es multifuncional, confiable y rentable, y le ayudar\u00e1 a expandir su negocio. Considere esta oportunidad.<\/strong><\/p>\n\n\n\n<p class=\"has-x-large-font-size\" style=\"line-height:1.2\">Cont\u00e1ctanos aqu\u00ed<\/p>\n\n\n\n<div class=\"wp-block-buttons is-layout-flex wp-block-buttons-is-layout-flex\">\n<div class=\"wp-block-button has-custom-font-size has-small-font-size\"><a class=\"wp-block-button__link wp-element-button\" href=\"https:\/\/docs.google.com\/forms\/d\/1JATPpeGfRXaemIpjUO1PbKltxmmkNDiiO8owNQoPJU4\/\" target=\"_blank\" rel=\"noreferrer noopener\">Cont\u00e1ctanos<\/a><\/div>\n<\/div>\n","protected":false},"excerpt":{"rendered":"<p>Soluci\u00f3n CRM de c\u00f3digo abierto con m\u00faltiples funciones, fiabilidad y rentabilidad Ofrecemos servicios de instalaci\u00f3n y alojamiento para la versi\u00f3n de c\u00f3digo abierto de SuiteCRM, lo que proporciona un s\u00f3lido soporte para la gesti\u00f3n de relaciones con los clientes (CRM) corporativa. SuiteCRM es un software CRM de c\u00f3digo abierto de gran prestigio internacional, con una [&hellip;]<\/p>\n","protected":false},"author":1,"featured_media":847,"parent":504,"menu_order":0,"comment_status":"closed","ping_status":"closed","template":"","meta":{"footnotes":""},"class_list":["post-531","page","type-page","status-publish","has-post-thumbnail","hentry"],"_links":{"self":[{"href":"https:\/\/good-loop.co.jp\/es\/wp-json\/wp\/v2\/pages\/531","targetHints":{"allow":["GET"]}}],"collection":[{"href":"https:\/\/good-loop.co.jp\/es\/wp-json\/wp\/v2\/pages"}],"about":[{"href":"https:\/\/good-loop.co.jp\/es\/wp-json\/wp\/v2\/types\/page"}],"author":[{"embeddable":true,"href":"https:\/\/good-loop.co.jp\/es\/wp-json\/wp\/v2\/users\/1"}],"replies":[{"embeddable":true,"href":"https:\/\/good-loop.co.jp\/es\/wp-json\/wp\/v2\/comments?post=531"}],"version-history":[{"count":1,"href":"https:\/\/good-loop.co.jp\/es\/wp-json\/wp\/v2\/pages\/531\/revisions"}],"predecessor-version":[{"id":934,"href":"https:\/\/good-loop.co.jp\/es\/wp-json\/wp\/v2\/pages\/531\/revisions\/934"}],"up":[{"embeddable":true,"href":"https:\/\/good-loop.co.jp\/es\/wp-json\/wp\/v2\/pages\/504"}],"wp:featuredmedia":[{"embeddable":true,"href":"https:\/\/good-loop.co.jp\/es\/wp-json\/wp\/v2\/media\/847"}],"wp:attachment":[{"href":"https:\/\/good-loop.co.jp\/es\/wp-json\/wp\/v2\/media?parent=531"}],"curies":[{"name":"wp","href":"https:\/\/api.w.org\/{rel}","templated":true}]}}