{"id":539,"date":"2024-09-29T19:12:26","date_gmt":"2024-09-29T10:12:26","guid":{"rendered":"https:\/\/good-loop.co.jp\/?page_id=539"},"modified":"2025-07-27T19:36:13","modified_gmt":"2025-07-27T10:36:13","slug":"mattermost","status":"publish","type":"page","link":"https:\/\/good-loop.co.jp\/es\/software\/mattermost\/","title":{"rendered":"Implementaci\u00f3n, soporte operativo y consultor\u00eda de Mattermost"},"content":{"rendered":"<h2 class=\"wp-block-heading\">Una herramienta de comunicaci\u00f3n en equipo segura, personalizable y de c\u00f3digo abierto<\/h2><p> Ofrecemos <strong>servicios de instalaci\u00f3n y alojamiento para la edici\u00f3n de c\u00f3digo abierto de Mattermost<\/strong> para optimizar la comunicaci\u00f3n y la colaboraci\u00f3n en su organizaci\u00f3n. Mattermost es una plataforma de chat de c\u00f3digo abierto con seguridad y flexibilidad de nivel empresarial para ayudar a su equipo a ser m\u00e1s productivo. <\/p><hr class=\"wp-block-separator has-alpha-channel-opacity\" \/><h3 class=\"wp-block-heading\"> Funciones y caracter\u00edsticas principales de Mattermost<\/h3><ul class=\"wp-block-list\"><li> <strong>Mensajer\u00eda segura<\/strong><ul class=\"wp-block-list\"><li> Comparta informaci\u00f3n confidencial de forma segura con cifrado de extremo a extremo. <\/li><\/ul><\/li><li> <strong>Autohospedaje<\/strong><ul class=\"wp-block-list\"><li> Aprovechando los beneficios del c\u00f3digo abierto, gestionamos completamente los datos en nuestros propios servidores. <\/li><\/ul><\/li><li> <strong>Altamente personalizable<\/strong><ul class=\"wp-block-list\"><li> La funcionalidad se puede ampliar para satisfacer las necesidades comerciales a trav\u00e9s de complementos y API. <\/li><\/ul><\/li><li> <strong>Integraci\u00f3n diversa<\/strong><ul class=\"wp-block-list\"><li> Integraci\u00f3n perfecta con otras herramientas como Jira, GitLab, Jenkins y m\u00e1s. <\/li><\/ul><\/li><li> <strong>Soporte multiplataforma<\/strong><ul class=\"wp-block-list\"><li> Accesible desde computadoras de escritorio, dispositivos m\u00f3viles y web. <\/li><\/ul><\/li><\/ul><hr class=\"wp-block-separator has-alpha-channel-opacity\" \/><h3 class=\"wp-block-heading\"> precio<\/h3><p> <strong>Mattermost es software de c\u00f3digo abierto, por lo que no hay costos de licencia<\/strong> . Nuestro servicio ofrece un paquete que incluye lo siguiente: <\/p><hr class=\"wp-block-separator has-alpha-channel-opacity\" \/><ul class=\"wp-block-list\"><li> Instalaci\u00f3n y configuraci\u00f3n del software<\/li><li> Proporcionar un entorno de alojamiento seguro<\/li><li> Copias de seguridad y actualizaciones peri\u00f3dicas<\/li><li> Soporte t\u00e9cnico y capacitaci\u00f3n <\/li><\/ul><h3 class=\"wp-block-heading\"> Tarifa de uso (Mattermost de Good Loop) <\/h3><figure class=\"wp-block-table\"><table class=\"has-fixed-layout\"><thead><tr><th> Plan<\/th><th> motor de arranque<\/th><th> profesional<\/th><th> Extras<\/th><\/tr><\/thead><tbody><tr><td> Cuota mensual<\/td><td> 1.000 yenes<\/td><td> 98.000 yenes<\/td><td> Cont\u00e1ctenos<\/td><\/tr><tr><td> Costo inicial<\/td><td> 10.000 yenes<\/td><td> 20.000 yenes<\/td><td> Cont\u00e1ctenos<\/td><\/tr><tr><td> N\u00famero total de miembros<\/td><td> Ilimitado<\/td><td> Ilimitado<\/td><td> Ilimitado<\/td><\/tr><tr><td> N\u00famero estimado de miembros que se pueden utilizar c\u00f3modamente<\/td><td> 50 personas<\/td><td> 500 personas<\/td><td> Ilimitado<\/td><\/tr><tr><td> Estimaci\u00f3n de almacenamiento<\/td><td> 5 GB<\/td><td> 120 GB<\/td><td> Ilimitado<\/td><\/tr><tr><td> Copia de seguridad de instant\u00e1neas<\/td><td> ninguno<\/td><td> cada d\u00eda<\/td><td> cada d\u00eda<\/td><\/tr><\/tbody><\/table><figcaption class=\"wp-element-caption\"> (excluyendo impuesto al consumo)<\/figcaption><\/figure><h3 class=\"wp-block-heading\">Estudios de caso<\/h3><ul class=\"wp-block-list\"><li> <strong>Compa\u00f1\u00eda ABC, Ltd.<\/strong><ul class=\"wp-block-list\"><li> <strong>Desaf\u00edo<\/strong> : La comunicaci\u00f3n interna est\u00e1 fragmentada, lo que reduce la productividad.<\/li><li> <strong>Efecto<\/strong> : La introducci\u00f3n de Mattermost centraliz\u00f3 el intercambio de informaci\u00f3n y mejor\u00f3 el trabajo en equipo. <\/li><\/ul><\/li><li> <strong>Corporaci\u00f3n XYZ<\/strong><ul class=\"wp-block-list\"><li> <strong>Desaf\u00edos<\/strong> : costos elevados de licencias de Slack y personalizaci\u00f3n limitada.<\/li><li> <strong>Efecto<\/strong> : al migrar a Mattermost, redujimos los costos anuales en un 90% y pudimos personalizar las funciones que necesit\u00e1bamos. <\/li><\/ul><\/li><\/ul><hr class=\"wp-block-separator has-alpha-channel-opacity\" \/><h3 class=\"wp-block-heading\"> Comparaci\u00f3n con Slack, etc.: ventajas en costes<\/h3><ul class=\"wp-block-list\"><li> <strong>Costos de licencia reducidos<\/strong><ul class=\"wp-block-list\"><li> En comparaci\u00f3n con las herramientas de chat comerciales, no hay tarifas de licencia, lo que reduce significativamente los costos. <\/li><\/ul><\/li><li> <strong>Propiedad total de sus datos<\/strong><ul class=\"wp-block-list\"><li> Controle sus datos para garantizar la privacidad y la seguridad. <\/li><\/ul><\/li><li> <strong>Personalizaci\u00f3n flexible<\/strong><ul class=\"wp-block-list\"><li> Puede cambiar libremente funciones e interfaces para adaptarlas a sus procesos de negocio. <\/li><\/ul><\/li><\/ul><hr class=\"wp-block-separator has-alpha-channel-opacity\" \/><h3 class=\"wp-block-heading\"> Versatilidad y fiabilidad gracias al desarrollo a largo plazo<\/h3><ul class=\"wp-block-list\"><li> <strong>Plataforma madura<\/strong><ul class=\"wp-block-list\"><li> El desarrollo continuo y el apoyo de la comunidad garantizan una alta confiabilidad. <\/li><\/ul><\/li><li> <strong>Actualizaciones peri\u00f3dicas<\/strong><ul class=\"wp-block-list\"><li> Continuamente se incorporan nuevas funciones y mejoras de seguridad. <\/li><\/ul><\/li><li> <strong>COMUNIDAD ACTIVA<\/strong><ul class=\"wp-block-list\"><li> Los usuarios y desarrolladores de todo el mundo comparten informaci\u00f3n y se ayudan entre s\u00ed. <\/li><\/ul><\/li><\/ul><hr class=\"wp-block-separator has-alpha-channel-opacity\" \/><h3 class=\"wp-block-heading\"> Los beneficios del c\u00f3digo abierto: la propiedad de los datos<\/h3><ul class=\"wp-block-list\"><li> <strong>Controlando sus datos<\/strong><ul class=\"wp-block-list\"><li> Almacene datos en sus propios servidores, eliminando la dependencia de terceros. <\/li><\/ul><\/li><li> <strong>Seguridad y cumplimiento<\/strong><ul class=\"wp-block-list\"><li> Puede operarse de acuerdo con las pol\u00edticas de seguridad de su empresa. <\/li><\/ul><\/li><li> <strong>Escalable e integrador<\/strong><ul class=\"wp-block-list\"><li> El acceso al c\u00f3digo fuente facilita agregar sus propias funciones e integrarlo con otros sistemas. <\/li><\/ul><\/li><\/ul><hr class=\"wp-block-separator has-alpha-channel-opacity\" \/><p> <strong>Mattermost es el socio perfecto para una comunicaci\u00f3n de equipo segura y eficiente.<\/strong> <\/p><p class=\"has-x-large-font-size\" style=\"line-height:1.2\"> Por favor cont\u00e1ctenos aqu\u00ed <\/p><div class=\"wp-block-buttons is-layout-flex wp-block-buttons-is-layout-flex\"><div class=\"wp-block-button has-custom-font-size has-small-font-size\"> <a class=\"wp-block-button__link wp-element-button\" href=\"https:\/\/docs.google.com\/forms\/d\/1JATPpeGfRXaemIpjUO1PbKltxmmkNDiiO8owNQoPJU4\/\" target=\"_blank\" rel=\"noreferrer noopener\">consulta<\/a><\/div><\/div>","protected":false},"excerpt":{"rendered":"<p>Una herramienta de comunicaci\u00f3n en equipo segura, personalizable y de c\u00f3digo abierto Ofrecemos servicios de instalaci\u00f3n y alojamiento para la edici\u00f3n de c\u00f3digo abierto de Mattermost para optimizar la comunicaci\u00f3n y la colaboraci\u00f3n en su organizaci\u00f3n. Mattermost es una plataforma de chat de c\u00f3digo abierto con seguridad y flexibilidad de nivel empresarial para ayudar a [&hellip;]<\/p>\n","protected":false},"author":1,"featured_media":861,"parent":504,"menu_order":0,"comment_status":"closed","ping_status":"closed","template":"","meta":{"footnotes":""},"class_list":["post-539","page","type-page","status-publish","has-post-thumbnail","hentry"],"_links":{"self":[{"href":"https:\/\/good-loop.co.jp\/es\/wp-json\/wp\/v2\/pages\/539","targetHints":{"allow":["GET"]}}],"collection":[{"href":"https:\/\/good-loop.co.jp\/es\/wp-json\/wp\/v2\/pages"}],"about":[{"href":"https:\/\/good-loop.co.jp\/es\/wp-json\/wp\/v2\/types\/page"}],"author":[{"embeddable":true,"href":"https:\/\/good-loop.co.jp\/es\/wp-json\/wp\/v2\/users\/1"}],"replies":[{"embeddable":true,"href":"https:\/\/good-loop.co.jp\/es\/wp-json\/wp\/v2\/comments?post=539"}],"version-history":[{"count":1,"href":"https:\/\/good-loop.co.jp\/es\/wp-json\/wp\/v2\/pages\/539\/revisions"}],"predecessor-version":[{"id":912,"href":"https:\/\/good-loop.co.jp\/es\/wp-json\/wp\/v2\/pages\/539\/revisions\/912"}],"up":[{"embeddable":true,"href":"https:\/\/good-loop.co.jp\/es\/wp-json\/wp\/v2\/pages\/504"}],"wp:featuredmedia":[{"embeddable":true,"href":"https:\/\/good-loop.co.jp\/es\/wp-json\/wp\/v2\/media\/861"}],"wp:attachment":[{"href":"https:\/\/good-loop.co.jp\/es\/wp-json\/wp\/v2\/media?parent=539"}],"curies":[{"name":"wp","href":"https:\/\/api.w.org\/{rel}","templated":true}]}}