{"id":542,"date":"2024-09-29T19:32:19","date_gmt":"2024-09-29T10:32:19","guid":{"rendered":"https:\/\/good-loop.co.jp\/?page_id=542"},"modified":"2025-07-27T19:36:56","modified_gmt":"2025-07-27T10:36:56","slug":"openproject","status":"publish","type":"page","link":"https:\/\/good-loop.co.jp\/es\/software\/openproject\/","title":{"rendered":"Implementaci\u00f3n, soporte operativo y consultor\u00eda de OpenProject"},"content":{"rendered":"<h2 class=\"wp-block-heading\"><strong>Soluciones de c\u00f3digo abierto que revolucionan la gesti\u00f3n de proyectos<\/strong> <\/h2><hr class=\"wp-block-separator has-alpha-channel-opacity\" \/><p> Ofrecemos <strong>servicios de instalaci\u00f3n y alojamiento para la versi\u00f3n de c\u00f3digo abierto de OpenProject<\/strong> para ayudarle a optimizar la gesti\u00f3n de sus proyectos. OpenProject es una herramienta de gesti\u00f3n de proyectos de c\u00f3digo abierto fiable y con numerosas funciones que fomenta la colaboraci\u00f3n en equipo. <\/p><hr class=\"wp-block-separator has-alpha-channel-opacity\" \/><h3 class=\"wp-block-heading\"> Principales funciones y caracter\u00edsticas de OpenProject<\/h3><ul class=\"wp-block-list\"><li> <strong>Gesti\u00f3n de tareas y diagrama de Gantt<\/strong><ul class=\"wp-block-list\"><li> Visualice el progreso del proyecto y facilite la gesti\u00f3n del cronograma. <\/li><\/ul><\/li><li> <strong>Soporte Agile y Scrum<\/strong><ul class=\"wp-block-list\"><li> Apoya el desarrollo \u00e1gil con tableros Kanban y gesti\u00f3n de backlog. <\/li><\/ul><\/li><li> <strong>Seguimiento del tiempo<\/strong><ul class=\"wp-block-list\"><li> Registre con precisi\u00f3n las horas de trabajo y optimice la asignaci\u00f3n de recursos. <\/li><\/ul><\/li><li> <strong>Gesti\u00f3n de documentos<\/strong><ul class=\"wp-block-list\"><li> Gestione de forma centralizada los materiales relacionados con el proyecto y comp\u00e1rtalos dentro de su equipo. <\/li><\/ul><\/li><li> <strong>Informes personalizados<\/strong><ul class=\"wp-block-list\"><li> Analizar los resultados del proyecto y apoyar la toma de decisiones. <\/li><\/ul><\/li><\/ul><hr class=\"wp-block-separator has-alpha-channel-opacity\" \/><h3 class=\"wp-block-heading\"> precio<\/h3><p> <strong>Dado que OpenProject es un software de c\u00f3digo abierto, no hay costos de licencia<\/strong> . Nuestro servicio ofrece paquetes que incluyen el siguiente contenido desde <strong>XX yenes al mes<\/strong> .<\/p><ul class=\"wp-block-list\"><li> Configuraci\u00f3n y optimizaci\u00f3n del software<\/li><li> Proporcionar un entorno de alojamiento seguro<\/li><li> Mantenimiento y actualizaciones peri\u00f3dicas<\/li><li> Capacitaci\u00f3n y soporte para la incorporaci\u00f3n <\/li><\/ul><h3 class=\"wp-block-heading\"> Tarifa de uso (OpenProject de Good Loop) <\/h3><figure class=\"wp-block-table\"><table class=\"has-fixed-layout\"><thead><tr><th class=\"has-text-align-left\" data-align=\"left\"> Plan<\/th><th class=\"has-text-align-center\" data-align=\"center\"> b\u00e1sico<\/th><th class=\"has-text-align-center\" data-align=\"center\"> profesional<\/th><th class=\"has-text-align-center\" data-align=\"center\"> Extras<\/th><\/tr><\/thead><tbody><tr><td class=\"has-text-align-left\" data-align=\"left\"> Cuota mensual<br> (1 usuario)<\/td><td class=\"has-text-align-center\" data-align=\"center\"> 1.000 yenes<\/td><td class=\"has-text-align-center\" data-align=\"center\"> 1.500 yenes<\/td><td class=\"has-text-align-center\" data-align=\"center\"> Cont\u00e1ctenos<\/td><\/tr><tr><td class=\"has-text-align-left\" data-align=\"left\"> Estimaci\u00f3n de almacenamiento<\/td><td class=\"has-text-align-center\" data-align=\"center\"> 5 GB<\/td><td class=\"has-text-align-center\" data-align=\"center\"> 40 GB<\/td><td class=\"has-text-align-center\" data-align=\"center\"> Ilimitado<\/td><\/tr><tr><td class=\"has-text-align-left\" data-align=\"left\"> Copia de seguridad de instant\u00e1neas<\/td><td class=\"has-text-align-center\" data-align=\"center\"> Cada semana<\/td><td class=\"has-text-align-center\" data-align=\"center\"> cada d\u00eda<\/td><td class=\"has-text-align-center\" data-align=\"center\"> cada d\u00eda<\/td><\/tr><tr><td class=\"has-text-align-left\" data-align=\"left\"> A\u00f1adir<\/td><td class=\"has-text-align-center\" data-align=\"center\"> ninguno<\/td><td class=\"has-text-align-center\" data-align=\"center\"> Cont\u00e1ctenos<\/td><td class=\"has-text-align-center\" data-align=\"center\"> Cont\u00e1ctenos<\/td><\/tr><\/tbody><\/table><figcaption class=\"wp-element-caption\"> (excluyendo impuesto al consumo) <\/figcaption><\/figure><hr class=\"wp-block-separator has-alpha-channel-opacity\" \/><h3 class=\"wp-block-heading\"> Estudios de caso<\/h3><ul class=\"wp-block-list\"><li> <strong>Corporaci\u00f3n DEF<\/strong><ul class=\"wp-block-list\"><li> <strong>Desaf\u00edo<\/strong> : La informaci\u00f3n del proyecto est\u00e1 dispersa y es dif\u00edcil de gestionar.<\/li><li> <strong>Efecto<\/strong> : OpenProject centraliza la informaci\u00f3n, mejorando las tasas de \u00e9xito del proyecto. <\/li><\/ul><\/li><li> <strong>LMN Enterprise<\/strong><ul class=\"wp-block-list\"><li> <strong>Desaf\u00edo<\/strong> : Reducir el coste de herramientas costosas de gesti\u00f3n de proyectos.<\/li><li> <strong>Efecto<\/strong> : La migraci\u00f3n a c\u00f3digo abierto redujo los costos en un 80% y optimiz\u00f3 la funcionalidad. <\/li><\/ul><\/li><\/ul><hr class=\"wp-block-separator has-alpha-channel-opacity\" \/><h3 class=\"wp-block-heading\"> Comparaci\u00f3n con Microsoft Project, etc.: ventajas en costes<\/h3><ul class=\"wp-block-list\"><li> <strong>Costos de licencia reducidos<\/strong><ul class=\"wp-block-list\"><li> En comparaci\u00f3n con las herramientas comerciales, no se requieren tarifas de licencia, lo que reduce los costos operativos.<ul class=\"wp-block-list\"><li> Microsoft Project, Atlassian Jira, Asana, etc. tienen costos de licencia\/suscripci\u00f3n elevados. <\/li><\/ul><\/li><\/ul><\/li><li> <strong>Personalizaci\u00f3n<\/strong><ul class=\"wp-block-list\"><li> Como es de c\u00f3digo abierto, se puede personalizar para adaptarse a procesos comerciales espec\u00edficos. <\/li><\/ul><\/li><li> <strong>Propiedad de los datos<\/strong><ul class=\"wp-block-list\"><li> Administre los datos de su proyecto internamente para una mayor seguridad. <\/li><\/ul><\/li><\/ul><hr class=\"wp-block-separator has-alpha-channel-opacity\" \/><h3 class=\"wp-block-heading\"> Versatilidad y fiabilidad gracias al desarrollo a largo plazo<\/h3><ul class=\"wp-block-list\"><li> <strong>Plataforma estable<\/strong><ul class=\"wp-block-list\"><li> El desarrollo continuo nos mantiene al d\u00eda con las \u00faltimas metodolog\u00edas de gesti\u00f3n de proyectos. <\/li><\/ul><\/li><li> <strong>Apoyo comunitario<\/strong><ul class=\"wp-block-list\"><li> Hay una comunidad de usuarios activa donde puedes intercambiar informaci\u00f3n y resolver problemas. <\/li><\/ul><\/li><\/ul><hr class=\"wp-block-separator has-alpha-channel-opacity\" \/><h3 class=\"wp-block-heading\"> Los beneficios del c\u00f3digo abierto: la propiedad de los datos<\/h3><ul class=\"wp-block-list\"><li> <strong>Control completo de datos<\/strong><ul class=\"wp-block-list\"><li> Usted controla d\u00f3nde se almacenan sus datos y qui\u00e9n tiene acceso a ellos. <\/li><\/ul><\/li><li> <strong>Seguridad y privacidad<\/strong><ul class=\"wp-block-list\"><li> La gesti\u00f3n de datos es posible de acuerdo con las normas y leyes internas. <\/li><\/ul><\/li><li> <strong>Integraci\u00f3n y expansi\u00f3n<\/strong><ul class=\"wp-block-list\"><li> F\u00e1cil integraci\u00f3n con otros sistemas y herramientas. <\/li><\/ul><\/li><\/ul><hr class=\"wp-block-separator has-alpha-channel-opacity\" \/><p> <strong>Fortalezca la gesti\u00f3n de sus proyectos con OpenProject y apunte al \u00e9xito empresarial.<\/strong> <\/p><p class=\"has-x-large-font-size\" style=\"line-height:1.2\"> Por favor cont\u00e1ctenos aqu\u00ed <\/p><div class=\"wp-block-buttons is-layout-flex wp-block-buttons-is-layout-flex\"><div class=\"wp-block-button has-custom-font-size has-small-font-size\"> <a class=\"wp-block-button__link wp-element-button\" href=\"https:\/\/docs.google.com\/forms\/d\/1JATPpeGfRXaemIpjUO1PbKltxmmkNDiiO8owNQoPJU4\/\" target=\"_blank\" rel=\"noreferrer noopener\">consulta<\/a><\/div><\/div>","protected":false},"excerpt":{"rendered":"<p>Soluciones de c\u00f3digo abierto que revolucionan la gesti\u00f3n de proyectos Ofrecemos servicios de instalaci\u00f3n y alojamiento para la versi\u00f3n de c\u00f3digo abierto de OpenProject para ayudarle a optimizar la gesti\u00f3n de sus proyectos. OpenProject es una herramienta de gesti\u00f3n de proyectos de c\u00f3digo abierto fiable y con numerosas funciones que fomenta la colaboraci\u00f3n en equipo. [&hellip;]<\/p>\n","protected":false},"author":1,"featured_media":866,"parent":504,"menu_order":0,"comment_status":"closed","ping_status":"closed","template":"","meta":{"footnotes":""},"class_list":["post-542","page","type-page","status-publish","has-post-thumbnail","hentry"],"_links":{"self":[{"href":"https:\/\/good-loop.co.jp\/es\/wp-json\/wp\/v2\/pages\/542","targetHints":{"allow":["GET"]}}],"collection":[{"href":"https:\/\/good-loop.co.jp\/es\/wp-json\/wp\/v2\/pages"}],"about":[{"href":"https:\/\/good-loop.co.jp\/es\/wp-json\/wp\/v2\/types\/page"}],"author":[{"embeddable":true,"href":"https:\/\/good-loop.co.jp\/es\/wp-json\/wp\/v2\/users\/1"}],"replies":[{"embeddable":true,"href":"https:\/\/good-loop.co.jp\/es\/wp-json\/wp\/v2\/comments?post=542"}],"version-history":[{"count":1,"href":"https:\/\/good-loop.co.jp\/es\/wp-json\/wp\/v2\/pages\/542\/revisions"}],"predecessor-version":[{"id":914,"href":"https:\/\/good-loop.co.jp\/es\/wp-json\/wp\/v2\/pages\/542\/revisions\/914"}],"up":[{"embeddable":true,"href":"https:\/\/good-loop.co.jp\/es\/wp-json\/wp\/v2\/pages\/504"}],"wp:featuredmedia":[{"embeddable":true,"href":"https:\/\/good-loop.co.jp\/es\/wp-json\/wp\/v2\/media\/866"}],"wp:attachment":[{"href":"https:\/\/good-loop.co.jp\/es\/wp-json\/wp\/v2\/media?parent=542"}],"curies":[{"name":"wp","href":"https:\/\/api.w.org\/{rel}","templated":true}]}}