{"id":546,"date":"2024-09-29T20:00:00","date_gmt":"2024-09-29T11:00:00","guid":{"rendered":"https:\/\/good-loop.co.jp\/?page_id=546"},"modified":"2025-07-27T19:36:35","modified_gmt":"2025-07-27T10:36:35","slug":"nextcloud","status":"publish","type":"page","link":"https:\/\/good-loop.co.jp\/es\/software\/nextcloud\/","title":{"rendered":"Implementaci\u00f3n, soporte operativo y consultor\u00eda de NextCloud"},"content":{"rendered":"<h2 class=\"wp-block-heading\"><strong>Una soluci\u00f3n de almacenamiento en la nube segura, flexible y de c\u00f3digo abierto<\/strong> <\/h2><hr class=\"wp-block-separator has-alpha-channel-opacity\" \/><p> Ofrecemos <strong>servicios de instalaci\u00f3n y alojamiento para la versi\u00f3n de c\u00f3digo abierto de Nextcloud,<\/strong> lo que garantiza la gesti\u00f3n segura de datos y la colaboraci\u00f3n. Nextcloud es una plataforma de almacenamiento en la nube que puede ejecutar en sus propios servidores, garantizando as\u00ed la privacidad y la seguridad. <\/p><hr class=\"wp-block-separator has-alpha-channel-opacity\" \/><h3 class=\"wp-block-heading\"> Funciones y caracter\u00edsticas principales de Nextcloud<\/h3><ul class=\"wp-block-list\"><li> <strong>Intercambio y sincronizaci\u00f3n de archivos<\/strong><ul class=\"wp-block-list\"><li> Sincronizaci\u00f3n y uso compartido de archivos sin inconvenientes entre dispositivos. <\/li><\/ul><\/li><li> <strong>Edici\u00f3n colaborativa de documentos<\/strong><ul class=\"wp-block-list\"><li> Aumente la productividad del equipo con colaboraci\u00f3n en tiempo real. <\/li><\/ul><\/li><li> <strong>Calendario y contactos<\/strong><ul class=\"wp-block-list\"><li> Gesti\u00f3n de agenda y contactos en un solo lugar. <\/li><\/ul><\/li><li> <strong>Videoconferencia y chat<\/strong><ul class=\"wp-block-list\"><li> Facilite el trabajo en equipo con herramientas de comunicaci\u00f3n integradas. <\/li><\/ul><\/li><li> <strong>Extensibilidad de la aplicaci\u00f3n<\/strong><ul class=\"wp-block-list\"><li> Docenas de aplicaciones te permiten agregar funcionalidad y personalizarla seg\u00fan tus necesidades. <\/li><\/ul><\/li><\/ul><hr class=\"wp-block-separator has-alpha-channel-opacity\" \/><h3 class=\"wp-block-heading\"> precio<\/h3><p> <strong>Nextcloud es un software de c\u00f3digo abierto, por lo que no hay costos de licencia<\/strong> . Nuestros servicios ofrecen paquetes que incluyen lo siguiente: Crearemos el mejor plan seg\u00fan sus necesidades, a un precio competitivo en comparaci\u00f3n con la competencia.<\/p><ul class=\"wp-block-list\"><li> Instalaci\u00f3n y configuraci\u00f3n del sistema<\/li><li> Proporcionar un entorno de alojamiento seguro<\/li><li> Actualizaciones peri\u00f3dicas y medidas de seguridad<\/li><li> Soporte al usuario y asistencia t\u00e9cnica <\/li><\/ul><hr class=\"wp-block-separator has-alpha-channel-opacity\" \/><h3 class=\"wp-block-heading\"> Estudios de caso<\/h3><ul class=\"wp-block-list\"><li> <strong>Corporaci\u00f3n GHI<\/strong><ul class=\"wp-block-list\"><li> <strong>Desaf\u00edos<\/strong> : Costos del almacenamiento en la nube y riesgos de seguridad.<\/li><li> <strong>Efecto<\/strong> : La introducci\u00f3n de Nextcloud redujo los costos y mejor\u00f3 la seguridad de los datos. <\/li><\/ul><\/li><li> <strong>Soluciones OPQ<\/strong><ul class=\"wp-block-list\"><li> <strong>Desaf\u00edo<\/strong> : compartir archivos de manera eficiente mientras se trabaja de forma remota.<\/li><li> <strong>Efecto<\/strong> : Nextcloud facilita la colaboraci\u00f3n fluida entre equipos. <\/li><\/ul><\/li><\/ul><hr class=\"wp-block-separator has-alpha-channel-opacity\" \/><h3 class=\"wp-block-heading\"> Comparaci\u00f3n con Dropbox, Google Drive y Box: Costo-beneficio<\/h3><ul class=\"wp-block-list\"><li> <strong>Costos de licencia reducidos<\/strong><ul class=\"wp-block-list\"><li> Reduce significativamente los costos operativos en comparaci\u00f3n con los servicios de nube comerciales. <\/li><\/ul><\/li><li> <strong>Propiedad total de sus datos<\/strong><ul class=\"wp-block-list\"><li> Mantenga el control sobre sus datos y garantice la privacidad y el cumplimiento. <\/li><\/ul><\/li><li> <strong>Personalizaci\u00f3n e integraci\u00f3n<\/strong><ul class=\"wp-block-list\"><li> Como es de c\u00f3digo abierto, es posible agregar funciones \u00fanicas e integrarlo con sistemas. <\/li><\/ul><\/li><\/ul><hr class=\"wp-block-separator has-alpha-channel-opacity\" \/><h3 class=\"wp-block-heading\"> Versatilidad y fiabilidad gracias al desarrollo a largo plazo<\/h3><ul class=\"wp-block-list\"><li> <strong>Una plataforma confiable<\/strong><ul class=\"wp-block-list\"><li> Las actualizaciones continuas proporcionan las \u00faltimas funciones y seguridad. <\/li><\/ul><\/li><li> <strong>COMUNIDAD ACTIVA<\/strong><ul class=\"wp-block-list\"><li> Usuarios de todo el mundo participan y comparten una gran cantidad de conocimientos y apoyo. <\/li><\/ul><\/li><\/ul><hr class=\"wp-block-separator has-alpha-channel-opacity\" \/><h3 class=\"wp-block-heading\"> Los beneficios del c\u00f3digo abierto: la propiedad de los datos<\/h3><ul class=\"wp-block-list\"><li> <strong>Protecci\u00f3n de la privacidad<\/strong><ul class=\"wp-block-list\"><li> Minimizar el riesgo de fuga de datos al exterior. <\/li><\/ul><\/li><li> <strong>Cumplimiento legal<\/strong><ul class=\"wp-block-list\"><li> Las operaciones pueden realizarse cumpliendo las leyes de protecci\u00f3n de datos de cada pa\u00eds. <\/li><\/ul><\/li><li> <strong>Adaptarse a las necesidades de su negocio<\/strong><ul class=\"wp-block-list\"><li> Optimice su sistema para satisfacer los requisitos \u00fanicos de su empresa. <\/li><\/ul><\/li><\/ul><p> <strong>Nextcloud le ayudar\u00e1 a lograr una gesti\u00f3n de datos segura y eficiente y a ampliar las posibilidades de su negocio.<\/strong> <\/p><p class=\"has-x-large-font-size\" style=\"line-height:1.2\"> Por favor cont\u00e1ctenos aqu\u00ed <\/p><div class=\"wp-block-buttons is-layout-flex wp-block-buttons-is-layout-flex\"><div class=\"wp-block-button has-custom-font-size has-small-font-size\"> <a class=\"wp-block-button__link wp-element-button\" href=\"https:\/\/docs.google.com\/forms\/d\/1JATPpeGfRXaemIpjUO1PbKltxmmkNDiiO8owNQoPJU4\/\" target=\"_blank\" rel=\"noreferrer noopener\">consulta<\/a><\/div><\/div>","protected":false},"excerpt":{"rendered":"<p>Una soluci\u00f3n de almacenamiento en la nube segura, flexible y de c\u00f3digo abierto Ofrecemos servicios de instalaci\u00f3n y alojamiento para la versi\u00f3n de c\u00f3digo abierto de Nextcloud, lo que garantiza la gesti\u00f3n segura de datos y la colaboraci\u00f3n. Nextcloud es una plataforma de almacenamiento en la nube que puede ejecutar en sus propios servidores, garantizando [&hellip;]<\/p>\n","protected":false},"author":1,"featured_media":864,"parent":504,"menu_order":0,"comment_status":"closed","ping_status":"closed","template":"","meta":{"footnotes":""},"class_list":["post-546","page","type-page","status-publish","has-post-thumbnail","hentry"],"_links":{"self":[{"href":"https:\/\/good-loop.co.jp\/es\/wp-json\/wp\/v2\/pages\/546","targetHints":{"allow":["GET"]}}],"collection":[{"href":"https:\/\/good-loop.co.jp\/es\/wp-json\/wp\/v2\/pages"}],"about":[{"href":"https:\/\/good-loop.co.jp\/es\/wp-json\/wp\/v2\/types\/page"}],"author":[{"embeddable":true,"href":"https:\/\/good-loop.co.jp\/es\/wp-json\/wp\/v2\/users\/1"}],"replies":[{"embeddable":true,"href":"https:\/\/good-loop.co.jp\/es\/wp-json\/wp\/v2\/comments?post=546"}],"version-history":[{"count":1,"href":"https:\/\/good-loop.co.jp\/es\/wp-json\/wp\/v2\/pages\/546\/revisions"}],"predecessor-version":[{"id":935,"href":"https:\/\/good-loop.co.jp\/es\/wp-json\/wp\/v2\/pages\/546\/revisions\/935"}],"up":[{"embeddable":true,"href":"https:\/\/good-loop.co.jp\/es\/wp-json\/wp\/v2\/pages\/504"}],"wp:featuredmedia":[{"embeddable":true,"href":"https:\/\/good-loop.co.jp\/es\/wp-json\/wp\/v2\/media\/864"}],"wp:attachment":[{"href":"https:\/\/good-loop.co.jp\/es\/wp-json\/wp\/v2\/media?parent=546"}],"curies":[{"name":"wp","href":"https:\/\/api.w.org\/{rel}","templated":true}]}}