{"id":573,"date":"2025-03-08T12:41:02","date_gmt":"2025-03-08T03:41:02","guid":{"rendered":"https:\/\/good-loop.co.jp\/?page_id=573"},"modified":"2025-07-27T19:39:39","modified_gmt":"2025-07-27T10:39:39","slug":"subasta_de_construccion_consignacion","status":"publish","type":"page","link":"https:\/\/good-loop.co.jp\/es\/subasta_consignacion\/subasta_de_construccion_consignacion\/","title":{"rendered":"Agente de subastas de maquinaria usada"},"content":{"rendered":"\n<h2 class=\"wp-block-heading\">Servicio de subasta seguro y confiable para maquinaria pesada y de construcci\u00f3n usada<\/h2>\n\n\n<p>Adem\u00e1s de los servicios de subasta para autos usados, recientemente hemos lanzado un servicio de subasta para maquinaria pesada y de construcci\u00f3n usada.<\/p>\n\n\n<h3 class=\"wp-block-heading\"><strong>\u00bfTiene alguna de estas inquietudes?<\/strong><\/h3>\n\n\n<ul class=\"wp-block-list\">\n<li>Quiero vender mi maquinaria pesada y de construcci\u00f3n a un precio alto, pero no s\u00e9 cu\u00e1l es el mejor lugar para hacerlo. V\u00e9ndelo. <\/li>\n\n\n<li>No conoces un lugar de subasta confiable. <\/li>\n\n\n<li>El procedimiento para participar directamente en una subasta es complicado y problem\u00e1tico. <\/li>\n\n\n<li>Desconoces el precio de mercado y te preocupa si puedes hacer una transacci\u00f3n justa. <\/li>\n<\/ul>\n\n\n<p>\u00a1Nuestro servicio de agencia puede resolver todos estos problemas! <\/p>\n\n\n<hr class=\"wp-block-separator has-alpha-channel-opacity\" \/>\n\n\n<h2 class=\"wp-block-heading\"><strong>Caracter\u00edsticas del Servicio<\/strong><\/h2>\n\n\n<h3 class=\"wp-block-heading\"><strong>1. Amplia red de subastas<\/strong><\/h3>\n\n\n<p>Nos asociamos con las principales subastas de maquinaria pesada y de construcci\u00f3n usada de Jap\u00f3n (Arai Auction, SOGO Auction, THI AssetLine, JEN Auction, etc.) para sugerir el mejor lugar de subasta para nuestros clientes. <\/p>\n\n\n<h3 class=\"wp-block-heading\"><strong>2. Propuesta de la estrategia de venta \u00f3ptima<\/strong><\/h3>\n\n\n<p>Analizamos las tendencias de cada mercado, como subastas de fabricantes, subastas independientes y subastas internacionales, y buscamos el <strong>m\u00e1ximo precio de venta<\/strong>. <\/p>\n\n\n<h3 class=\"wp-block-heading\"><strong>3. Asistencia integral desde la publicaci\u00f3n hasta el cierre<\/strong><\/h3>\n\n\n<p><strong>\u00a1No es necesario registrarse como miembro de la subasta!<\/strong> Nos encargamos de todos los tr\u00e1mites, desde la publicaci\u00f3n, la puja, los tr\u00e1mites y el transporte. Facilitamos las transacciones. <\/p>\n\n\n<h3 class=\"wp-block-heading\"><strong>4. Investigaci\u00f3n de mercado y negociaci\u00f3n a un precio justo<\/strong><\/h3>\n\n\n<p>Estimamos el precio justo con antelaci\u00f3n bas\u00e1ndonos en datos de mercado. Le ayudamos a decidir cu\u00e1ndo vender y a fijar el precio de oferta adecuado. <\/p>\n\n\n<h3 class=\"wp-block-heading\"><strong>5. Tambi\u00e9n podemos organizar el transporte una vez finalizada la subasta<\/strong><\/h3>\n\n\n<p>\u00a1Tambi\u00e9n podemos organizar el transporte de equipo pesado comprado o vendido en subasta! Realizamos entregas seguras y confiables a cualquier parte del pa\u00eds. <\/p>\n\n\n<hr class=\"wp-block-separator has-alpha-channel-opacity\" \/>\n\n\n<h2 class=\"wp-block-heading\"><strong>Proceso de publicaci\u00f3n y adjudicaci\u00f3n de subastas<\/strong><\/h2>\n\n\n<h3 class=\"wp-block-heading\"><strong>\u3010Clientes que desean publicar\u3011<\/strong><\/h3>\n\n\n<ol start=\"1\" class=\"wp-block-list\">\n<li><strong>Cont\u00e1ctenos<\/strong><br>Primero, cont\u00e1ctenos mediante el formulario de consulta.<\/li>\n\n\n<li><strong>Tasaci\u00f3n y selecci\u00f3n de subasta<\/strong><br>Evaluaremos la maquinaria de construcci\u00f3n y pesada que planea vender y seleccionaremos la subasta m\u00e1s adecuada.<\/li>\n\n\n<li><strong>Publicado en subasta<\/strong><br>Incluiremos su art\u00edculo en la subasta en su nombre.<\/li>\n\n\n<li><strong>Puja ganadora, contrato y pago<\/strong><br>Tras la puja ganadora, pagar\u00e1 el precio de venta una vez finalizado el proceso.<\/li>\n<\/ol>\n\n\n<h3 class=\"wp-block-heading\"><strong>\u3010Clientes que desean ganar una subasta\u3011<\/strong><\/h3>\n\n\n<ol start=\"1\" class=\"wp-block-list\">\n<li><strong>Pregunta por el modelo que deseas<\/strong><br>Te preguntaremos sobre el modelo, el fabricante, las especificaciones y el presupuesto que necesitas<\/li>\n\n\n<li><strong>Selecciona la mejor subasta<\/strong><br>Te guiaremos hacia la subasta que mejor se adapte a tus necesidades<\/li>\n\n\n<li><strong>Agente de pujas y Oferta ganadora<\/strong><br>Ofertaremos en su nombre al precio que desee y ganaremos la licitaci\u00f3n al mejor precio.<\/li>\n\n\n<li><strong>Transporte y entrega<\/strong><br>Nos encargamos de todos los tr\u00e1mites de transporte tras la adjudicaci\u00f3n, en un solo lugar.<\/li>\n<\/ol>\n\n\n<hr class=\"wp-block-separator has-alpha-channel-opacity\" \/>\n\n\n<h2 class=\"wp-block-heading\"><strong>Ejemplos de maquinaria de construcci\u00f3n y pesada que gestionamos<\/strong><\/h2>\n\n\n<p>&#x2705; Excavadora hidr\u00e1ulica (Yumbo)<br>&#x2705; Cargadora de ruedas<br>&#x2705; Bulldozer<br>&#x2705; Gr\u00faa<br>&#x2705; Montacargas<br>&#x2705; Cami\u00f3n volquete<br>&#x2705; Acabadora de asfalto<br>&#x2705; Otra maquinaria de construcci\u00f3n general<\/p>\n\n\n<p class=\"has-x-large-font-size\" style=\"line-height:1.2\">Cont\u00e1ctanos aqu\u00ed<\/p>\n\n\n<div class=\"wp-block-buttons is-layout-flex wp-block-buttons-is-layout-flex\">\n<div class=\"wp-block-button has-custom-font-size has-small-font-size\"><a class=\"wp-block-button__link wp-element-button\" href=\"https:\/\/docs.google.com\/forms\/d\/1JATPpeGfRXaemIpjUO1PbKltxmmkNDiiO8owNQoPJU4\/\" target=\"_blank\" rel=\"noreferrer noopener\">\nCont\u00e1ctanos <\/a><\/div>\n<\/div>\n","protected":false},"excerpt":{"rendered":"<p>Servicio de subasta seguro y confiable para maquinaria pesada y de construcci\u00f3n usada Adem\u00e1s de los servicios de subasta para autos usados, recientemente hemos lanzado un servicio de subasta para maquinaria pesada y de construcci\u00f3n usada. \u00bfTiene alguna de estas inquietudes? \u00a1Nuestro servicio de agencia puede resolver todos estos problemas! Caracter\u00edsticas del Servicio 1. Amplia [&hellip;]<\/p>\n","protected":false},"author":1,"featured_media":853,"parent":478,"menu_order":0,"comment_status":"closed","ping_status":"closed","template":"","meta":{"footnotes":""},"class_list":["post-573","page","type-page","status-publish","has-post-thumbnail","hentry"],"_links":{"self":[{"href":"https:\/\/good-loop.co.jp\/es\/wp-json\/wp\/v2\/pages\/573","targetHints":{"allow":["GET"]}}],"collection":[{"href":"https:\/\/good-loop.co.jp\/es\/wp-json\/wp\/v2\/pages"}],"about":[{"href":"https:\/\/good-loop.co.jp\/es\/wp-json\/wp\/v2\/types\/page"}],"author":[{"embeddable":true,"href":"https:\/\/good-loop.co.jp\/es\/wp-json\/wp\/v2\/users\/1"}],"replies":[{"embeddable":true,"href":"https:\/\/good-loop.co.jp\/es\/wp-json\/wp\/v2\/comments?post=573"}],"version-history":[{"count":1,"href":"https:\/\/good-loop.co.jp\/es\/wp-json\/wp\/v2\/pages\/573\/revisions"}],"predecessor-version":[{"id":938,"href":"https:\/\/good-loop.co.jp\/es\/wp-json\/wp\/v2\/pages\/573\/revisions\/938"}],"up":[{"embeddable":true,"href":"https:\/\/good-loop.co.jp\/es\/wp-json\/wp\/v2\/pages\/478"}],"wp:featuredmedia":[{"embeddable":true,"href":"https:\/\/good-loop.co.jp\/es\/wp-json\/wp\/v2\/media\/853"}],"wp:attachment":[{"href":"https:\/\/good-loop.co.jp\/es\/wp-json\/wp\/v2\/media?parent=573"}],"curies":[{"name":"wp","href":"https:\/\/api.w.org\/{rel}","templated":true}]}}