{"id":575,"date":"2025-03-08T12:59:34","date_gmt":"2025-03-08T03:59:34","guid":{"rendered":"https:\/\/good-loop.co.jp\/?page_id=575"},"modified":"2025-07-27T18:56:29","modified_gmt":"2025-07-27T09:56:29","slug":"mercado_de_subastas_de_construccion","status":"publish","type":"page","link":"https:\/\/good-loop.co.jp\/es\/subasta_consignacion\/mercado_de_subastas_de_construccion\/","title":{"rendered":"An\u00e1lisis del mercado de subastas de maquinaria de construcci\u00f3n y equipo pesado"},"content":{"rendered":"\n<h2 class=\"wp-block-heading\">Introducci\u00f3n<\/h2>\n\n\n<p>El mercado de subastas de maquinaria de construcci\u00f3n y maquinaria pesada usada en Jap\u00f3n se ha expandido en los \u00faltimos a\u00f1os. Las subastas especializadas para comerciantes son el centro de atenci\u00f3n, y diversos actores, tanto afiliados a fabricantes como independientes, han entrado en el mercado. Este art\u00edculo ofrece una explicaci\u00f3n detallada de los principales comerciantes de subastas, su cuota de mercado y el tama\u00f1o de las transacciones.<\/p>\n\n\n<hr class=\"wp-block-separator has-alpha-channel-opacity\" \/>\n\n\n<h2 class=\"wp-block-heading\">1. Principales distribuidores de subastas de maquinaria pesada y de construcci\u00f3n usada<\/h2>\n\n\n<h3 class=\"wp-block-heading\"><strong>Subastas relacionadas con fabricantes<\/strong><\/h3>\n\n\n<p>Subastas organizadas por fabricantes para distribuir sus propios productos.<\/p>\n\n\n<ul class=\"wp-block-list\">\n<li><strong>Komatsu Quick<\/strong><\/li>\n\n\n<li><strong>Subasta de maquinaria de construcci\u00f3n Hitachi<\/strong><\/li>\n\n\n<li><strong>Comercio de maquinaria de construcci\u00f3n Kobelco (KIT)<\/strong><\/li>\n<\/ul>\n\n\n<h3 class=\"wp-block-heading\"><strong>Coche usado Subastas (manejo de maquinaria de construcci\u00f3n)<\/strong><\/h3>\n\n\n<p>Una empresa que originalmente realizaba subastas de autom\u00f3viles se ha expandido a subastas de maquinaria de construcci\u00f3n.<\/p>\n\n\n<ul class=\"wp-block-list\">\n<li><strong>Subasta Ally<\/strong><\/li>\n\n\n<li><strong>USS<\/strong><\/li>\n\n\n<li><strong>JU<\/strong><\/li>\n<\/ul>\n\n\n<h3 class=\"wp-block-heading\"><strong>Subastador independiente de equipos de construcci\u00f3n<\/strong><\/h3>\n\n\n<p>Opera una subasta especializada de equipos de construcci\u00f3n usados y atiende a compradores tanto nacionales como internacionales.<\/p>\n\n\n<ul class=\"wp-block-list\">\n<li><strong>Subasta SOGO (Comercio mutuo)<\/strong><\/li>\n\n\n<li><strong>THI (Subasta de l\u00ednea de activos)<\/strong><\/li>\n\n\n<li><strong>Subasta JEN (JEN)<\/strong><\/li>\n\n\n<li><strong>Subasta NORI (Toku Shoji)<\/strong><\/li>\n\n\n<li><strong>Subasta Verde (Corporaci\u00f3n Verde)<\/strong><\/li>\n\n\n<li><strong>AKTIO (Aktio)<\/strong><\/li>\n\n\n<li><strong>Subasta GUIA (NDT)<\/strong><\/li>\n\n\n<li><strong>OFERTA DE TOZAI (Comercio con Tozai)<\/strong><\/li>\n\n\n<li><strong>ALLSTOCKER (Medio Ambiente Toyo Desarrollo)<\/strong><\/li>\n<\/ul>\n\n\n<hr class=\"wp-block-separator has-alpha-channel-opacity\" \/>\n\n\n<h2 class=\"wp-block-heading\">2. Cuota de mercado y tama\u00f1o de las transacciones<\/h2>\n\n\n<h3 class=\"wp-block-heading\"><strong>Composici\u00f3n de la cuota de mercado<\/strong><\/h3>\n\n\n<p>El mercado de subastas de equipos de construcci\u00f3n usados en Jap\u00f3n se basa principalmente en subastas independientes. En particular, las siguientes empresas tienen una cuota de mercado importante.<\/p>\n\n\n<figure class=\"wp-block-table\"><table class=\"has-fixed-layout\"><thead><tr><th>Empresa de subastas<\/th><th>N\u00famero de veh\u00edculos exhibidos al a\u00f1o<\/th><th>Principales clientes<\/th><\/tr><\/thead><tbody><tr><td>Subasta ARAI<\/td><td>Aprox. 50.000 unidades<\/td><td>Vendedores nacionales\/exportaci\u00f3n internacional<\/td><\/tr><tr><td>Subasta JEN<\/td><td>Aprox. 8000 unidades<\/td><td>Nacionales\/extranjeros<\/td><\/tr><tr><td>THI (AssetLine)<\/td><td>Aproximadamente 5000 unidades<\/td><td>Compradores de 72 pa\u00edses<\/td><\/tr><tr><td>Organizaci\u00f3n Social de Organizaciones Globales<\/td><td>Varios miles de unidades<\/td><td>Empresas nacionales e internacionales<\/td><\/tr><tr><td>Subasta GUIA<\/td><td>Varios miles de unidades<\/td><td>Principalmente empresas de alquiler<\/td><\/tr><\/tbody><\/table><\/figure>\n\n\n<p>Las subastas relacionadas con fabricantes se centran en transacciones para sus propias marcas y su cuota de mercado es relativamente limitada.<\/p>\n\n\n<hr class=\"wp-block-separator has-alpha-channel-opacity\" \/>\n\n\n<h2 class=\"wp-block-heading\">3. Caracter\u00edsticas y tendencias de las transacciones de subasta<\/h2>\n\n\n<h3 class=\"wp-block-heading\"><strong>Tendencias recientes<\/strong><\/h3>\n\n\n<p>\u2705 <strong>Aumento de compradores extranjeros<\/strong>: La demanda de exportaciones a Asia, Oriente Medio y \u00c1frica est\u00e1 aumentando<br>\u2705 <strong>La proliferaci\u00f3n de subastas en l\u00ednea<\/strong>: JEN Auctions y ALLSTOCKER aceleran la digitalizaci\u00f3n<br>\u2705 <strong>Aumento del alquiler de equipos<\/strong>: GUIA Auctions obtiene buenos resultados para las empresas de alquiler<br>\u2705 <strong>Precios en alza<\/strong>: Los precios de los equipos de construcci\u00f3n usados est\u00e1n en alza debido a la escasez de semiconductores y los retrasos en la entrega de veh\u00edculos nuevos<\/p>\n\n\n<hr class=\"wp-block-separator has-alpha-channel-opacity\" \/>\n\n\n<h2 class=\"wp-block-heading\">4. Resumen<\/h2>\n\n\n<p>El mercado japon\u00e9s de subastas de equipos de construcci\u00f3n usados contin\u00faa creciendo, principalmente gracias a los operadores independientes. La expansi\u00f3n de las transacciones en l\u00ednea y la creciente demanda internacional impulsan el mercado, y se espera una mayor revitalizaci\u00f3n en el futuro.<\/p>\n\n\n<p>Si est\u00e1 considerando los servicios de una agencia de subastas, \u00a1no dude en contactarnos!<\/p>\n\n\n<p class=\"has-x-large-font-size\" style=\"line-height:1.2\">Cont\u00e1ctanos aqu\u00ed<\/p>\n\n\n<div class=\"wp-block-buttons is-layout-flex wp-block-buttons-is-layout-flex\">\n<div class=\"wp-block-button has-custom-font-size has-small-font-size\"><a class=\"wp-block-button__link wp-element-button\" href=\"https:\/\/docs.google.com\/forms\/d\/1JATPpeGfRXaemIpjUO1PbKltxmmkNDiiO8owNQoPJU4\/\" target=\"_blank\" rel=\"noreferrer noopener\">Cont\u00e1ctanos<\/a><\/div>\n<\/div>\n","protected":false},"excerpt":{"rendered":"<p>Introducci\u00f3n El mercado de subastas de maquinaria de construcci\u00f3n y maquinaria pesada usada en Jap\u00f3n se ha expandido en los \u00faltimos a\u00f1os. Las subastas especializadas para comerciantes son el centro de atenci\u00f3n, y diversos actores, tanto afiliados a fabricantes como independientes, han entrado en el mercado. Este art\u00edculo ofrece una explicaci\u00f3n detallada de los principales [&hellip;]<\/p>\n","protected":false},"author":1,"featured_media":853,"parent":478,"menu_order":0,"comment_status":"closed","ping_status":"closed","template":"","meta":{"footnotes":""},"class_list":["post-575","page","type-page","status-publish","has-post-thumbnail","hentry"],"_links":{"self":[{"href":"https:\/\/good-loop.co.jp\/es\/wp-json\/wp\/v2\/pages\/575","targetHints":{"allow":["GET"]}}],"collection":[{"href":"https:\/\/good-loop.co.jp\/es\/wp-json\/wp\/v2\/pages"}],"about":[{"href":"https:\/\/good-loop.co.jp\/es\/wp-json\/wp\/v2\/types\/page"}],"author":[{"embeddable":true,"href":"https:\/\/good-loop.co.jp\/es\/wp-json\/wp\/v2\/users\/1"}],"replies":[{"embeddable":true,"href":"https:\/\/good-loop.co.jp\/es\/wp-json\/wp\/v2\/comments?post=575"}],"version-history":[{"count":1,"href":"https:\/\/good-loop.co.jp\/es\/wp-json\/wp\/v2\/pages\/575\/revisions"}],"predecessor-version":[{"id":921,"href":"https:\/\/good-loop.co.jp\/es\/wp-json\/wp\/v2\/pages\/575\/revisions\/921"}],"up":[{"embeddable":true,"href":"https:\/\/good-loop.co.jp\/es\/wp-json\/wp\/v2\/pages\/478"}],"wp:featuredmedia":[{"embeddable":true,"href":"https:\/\/good-loop.co.jp\/es\/wp-json\/wp\/v2\/media\/853"}],"wp:attachment":[{"href":"https:\/\/good-loop.co.jp\/es\/wp-json\/wp\/v2\/media?parent=575"}],"curies":[{"name":"wp","href":"https:\/\/api.w.org\/{rel}","templated":true}]}}