{"id":595,"date":"2025-03-24T01:25:58","date_gmt":"2025-03-23T16:25:58","guid":{"rendered":"https:\/\/good-loop.co.jp\/?page_id=595"},"modified":"2025-03-24T01:25:58","modified_gmt":"2025-03-23T16:25:58","slug":"crucero_terrestre_300","status":"publish","type":"page","link":"https:\/\/good-loop.co.jp\/es\/subasta_consignacion\/crucero_terrestre_300\/","title":{"rendered":"Tendencias del mercado del Land Cruiser 300 usado y comparaci\u00f3n con otros modelos"},"content":{"rendered":"El Land Cruiser 300 (serie 300), completamente remodelado en 2021, es el SUV insignia de Toyota, reconocido mundialmente. Inmediatamente despu\u00e9s de su lanzamiento, gan\u00f3 popularidad mundial y la demanda fue tan alta que se implement\u00f3 una venta de loter\u00eda y una prohibici\u00f3n de reventa de un a\u00f1o en Jap\u00f3n. Como resultado, el valor de reventa en el mercado de segunda mano tambi\u00e9n ha atra\u00eddo mucha atenci\u00f3n. En este art\u00edculo, explicaremos la predicci\u00f3n del valor residual a 10 a\u00f1os del Land Cruiser 300, las tendencias de precios en el mercado de autos usados y las principales diferencias con sus modelos hermanos, el Land Cruiser 250 y el Land Cruiser 70. Adem\u00e1s, exploraremos el atractivo del Land Cruiser 300 desde la perspectiva de un concesionario de autos usados, y tambi\u00e9n hablaremos del Lexus LX600, un modelo de lujo de alta gama. <\/p>\n<!-- \/wp:post-content -->\n<!-- wp:heading {\"className\":\"\"} -->\n<h2 class=\"wp-block-heading\">Valor residual previsto a los 10 a\u00f1os (valor de reventa)<\/h2>\n<!-- \/wp:heading -->\n<!-- wp:paragraph {\"className\":\"\"} -->\n<p>Se dice que el Land Cruiser 300 es un modelo de autom\u00f3vil que \u00abse deprecia muy lentamente con el tiempo\u00bb. De hecho, bas\u00e1ndose en el rendimiento de modelos anteriores, se prev\u00e9 que el valor residual se mantendr\u00e1 en torno al 50 % incluso despu\u00e9s de 10 a\u00f1os. Este nivel supera con creces el valor residual de un autom\u00f3vil nacional t\u00edpico despu\u00e9s de 10 a\u00f1os (alrededor del 10-20 %). La serie anterior del Land Cruiser 200 mostr\u00f3 un valor residual promedio de aproximadamente el 48,4 % a los 10 a\u00f1os, y en algunos casos alcanz\u00f3 el 64,8 % seg\u00fan la versi\u00f3n. Se espera que la serie 300 alcance un nivel similar, y algunos expertos predicen una tasa de valor residual a 5 a\u00f1os superior al 80 %. De hecho, en el ranking de pron\u00f3sticos de valor de reventa de veh\u00edculos Toyota para 2025, se espera que el Land Cruiser 250 tenga una tasa de valor residual a 5 a\u00f1os del 82,7 % (empatado en el segundo puesto entre todos los veh\u00edculos Toyota), similar al del SUV de tama\u00f1o completo Land Cruiser 300. Como suele ocurrir con la serie Land Cruiser, estos veh\u00edculos tienden a mantener valores de reventa sorprendentemente altos incluso muchos a\u00f1os despu\u00e9s de su lanzamiento. <\/p>\n<!-- \/wp:paragraph -->\n<!-- wp:heading {\"className\":\"\"} -->\n<h2 class=\"wp-block-heading\">Tendencias de precios en el mercado de autos usados<\/h2>\n<!-- \/wp:heading -->\n<!-- wp:paragraph {\"className\":\"\"} -->\n<p>Inmediatamente despu\u00e9s de su lanzamiento, el Land Cruiser 300 se convirti\u00f3 en un tema de moda debido a su rareza, lo que provoc\u00f3 un precio elevado en el mercado de autos usados que superaba el precio de un auto nuevo. Por ejemplo, el ZX (de gasolina) de gama alta ten\u00eda un precio nuevo de aproximadamente 7,3 millones de yenes, pero el precio de mercado de un auto usado de uno o dos a\u00f1os era de aproximadamente 9,85 millones de yenes, registrando una asombrosa tasa de valor residual del 134,9%. De igual manera, el Land Cruiser 250, lanzado en 2024, ha registrado numerosos casos en los que su precio de reventa de segunda mano super\u00f3 los 12 millones de yenes, a pesar de que el precio del coche nuevo rondaba los 8 a 10 millones de yenes (incluyendo acabados y opciones). Estas primas suelen alcanzar su punto m\u00e1ximo inmediatamente despu\u00e9s del lanzamiento de un coche nuevo, y el Land Cruiser 300 tambi\u00e9n mostr\u00f3 un aumento del 130 al 140 % en comparaci\u00f3n con los coches nuevos en los primeros 1 o 2 a\u00f1os tras su lanzamiento. <\/p>\n<!-- \/wp:paragraph -->\n<!-- wp:paragraph {\"className\":\"\"} -->\n<p>Sin embargo, el precio de mercado de segunda mano del Land Cruiser 300 est\u00e1 entrando gradualmente en una fase de correcci\u00f3n. Gracias al sistema de producci\u00f3n mejorado de Toyota y a los plazos de entrega m\u00e1s cortos, la oferta se ha estabilizado y se espera que el precio de los sobreprecios extremos se modere y que la tasa de valor residual converja a un nivel alto normal a medio y largo plazo (entre el 80 % y el 90 % de los veh\u00edculos nuevos con varios a\u00f1os de antig\u00fcedad, y alrededor del 50 % para los de 10 a\u00f1os). De hecho, el precio de segunda mano del Prado anterior (serie 150) fluctu\u00f3 considerablemente en torno al anuncio de la nueva serie 250, pero a largo plazo se ha estabilizado en un nivel alto. Se espera que el Land Cruiser 300 siga un patr\u00f3n similar en el futuro, con fluctuaciones a corto plazo debido a la brecha entre la oferta y la demanda, pero una ligera ca\u00edda del valor a largo plazo. <\/p>\n<!-- \/wp:paragraph -->\n<!-- wp:paragraph {\"className\":\"\"} -->\n<p>El contexto es la <strong>popularidad y fiabilidad global<\/strong> de la serie Land Cruiser. En un contexto donde la oferta es limitada en comparaci\u00f3n con la demanda, existe una fuerte demanda en mercados extranjeros como Oriente Medio y \u00c1frica, por lo que los precios de los veh\u00edculos usados tienden a subir. Adem\u00e1s, su robustez y fiabilidad, que se dice que son \u00abcapaces de ir a cualquier parte y volver con vida\u00bb, son factores que hacen que los usuarios se resistan a desprenderse de ellos y son la raz\u00f3n por la que los coches usados se venden a precios elevados. Se puede decir que este valor de marca sustenta el valor del Land Cruiser 300. <\/p>\n<!-- \/wp:paragraph -->\n<!-- wp:heading {\"className\":\"\"} -->\n<h2 class=\"wp-block-heading\">Principales diferencias con el Land Cruiser 250 y la serie 70<\/h2>\n<!-- \/wp:heading -->\n<!-- wp:paragraph {\"className\":\"\"} -->\n<p>El Land Cruiser 250 es el sucesor del Prado, lanzado en 2024, y se posiciona como el modelo ligero de la serie Land Cruiser. Por otro lado, el Land Cruiser 70 (serie 70) es un modelo tradicional de alta resistencia que hizo su esperado regreso a Jap\u00f3n en 2023. Al comparar el Land Cruiser 300 con las series 250 y 70, se observan diferencias en varios aspectos, como el rango de precio, las especificaciones, el dise\u00f1o y los usos previstos. Organicemos las principales diferencias entre cada uno por categor\u00eda. <\/p>\n<!-- \/wp:paragraph -->\n<!-- wp:list -->\n<ul class=\"wp-block-list\"><!-- wp:list-item -->\n<li><strong>Rango de precios:<\/strong> El precio del Land Cruiser 300 nuevo se sit\u00faa entre 5,1 y 8 millones de yenes, pr\u00e1cticamente el mismo rango que el del Land Cruiser 250 (entre 5,2 y 7,35 millones de yenes). La serie 300, que se posiciona como el modelo tope de gama, y su sucesora, la serie Prado 250, ahora se encuentran en el mismo rango de precios, eliminando la jerarqu\u00eda tradicional de \u00abLand Cruiser = caro, Prado = asequible\u00bb. Por otro lado, el Land Cruiser 70 fue originalmente un veh\u00edculo pr\u00e1ctico y razonable, y cuando se relanz\u00f3 en Jap\u00f3n en 2014, su precio rondaba los 3,5 a 3,6 millones de yenes, significativamente m\u00e1s econ\u00f3mico que las series 300\/250. Sin embargo, la serie 70, relanzada en los \u00faltimos a\u00f1os, est\u00e1 en alza debido a la di\u00e9selizaci\u00f3n y la incorporaci\u00f3n de equipos de seguridad. Aun as\u00ed, su rango de precios es inferior al de las series 250\/300, que est\u00e1n bien equipadas, as\u00ed que si busca una opci\u00f3n econ\u00f3mica, la serie 70 es la opci\u00f3n ideal. <\/li>\n<!-- \/wp:list-item -->\n<!-- wp:list-item -->\n<li><strong>Especificaciones:<\/strong> Tambi\u00e9n existen claras diferencias en el sistema de propulsi\u00f3n. El Land Cruiser 300 est\u00e1 equipado con un motor V6 (3,5 L biturbo gasolina o 3,3 L turbodi\u00e9sel) con una potencia m\u00e1xima de unos 415 CV para veh\u00edculos de gasolina. En cambio, el Land Cruiser 250 utiliza un motor de 4 cilindros en l\u00ednea (2,7 L gasolina o 2,8 L turbodi\u00e9sel) similar al Prado anterior, con una potencia de unos 163 CV para gasolina y 204 CV para di\u00e9sel. El nuevo Land Cruiser 70 (modelo 2023) tambi\u00e9n est\u00e1 equipado con un motor turbodi\u00e9sel de 4 cilindros en l\u00ednea de 2.8L (tipo 1GD). Si bien la potencia es similar a la del di\u00e9sel de la serie 250, la transmisi\u00f3n es una simple autom\u00e1tica de 6 velocidades o una manual de 5 velocidades, lo que aumenta su durabilidad en terrenos dif\u00edciles. La serie 300 es la \u00fanica con un chasis renovado, que adopta la \u00faltima plataforma GA-F, manteniendo la estructura del chasis. En cuanto a especificaciones, la serie 300 es la m\u00e1s avanzada y potente. <\/li>\n<!-- \/wp:list-item -->\n<!-- wp:list-item -->\n<li><strong>Dise\u00f1o interior y exterior:<\/strong> El Land Cruiser 300 luce un dise\u00f1o imponente y elegante, propio de su clase, con una carrocer\u00eda ancha equipada con una gran parrilla abatible y faros LED avanzados. El interior tambi\u00e9n es de alta calidad, con tres filas de asientos para siete personas y un completo equipamiento de seguridad y confort de \u00faltima generaci\u00f3n, que le confiere la sensaci\u00f3n de un SUV de lujo. Por otro lado, el Land Cruiser 250 se caracteriza por un dise\u00f1o que combina tradici\u00f3n y modernidad. El exterior presenta una carrocer\u00eda cuadrada con faros redondos (primera edici\u00f3n, limitada al primer modelo), que recuerda al Land Cruiser 70 de la d\u00e9cada de 1980. El interior cuenta con un salpicadero horizontal que garantiza la visibilidad y el rendimiento todoterreno, a la vez que proporciona una sensaci\u00f3n de alta calidad y lo hace apto para el uso diario. El renovado Land Cruiser 70 hereda el dise\u00f1o robusto y resistente, y el ic\u00f3nico frontal con dos faros redondos se ha actualizado con la \u00faltima tecnolog\u00eda LED Bi-Beam para una mayor funcionalidad. El interior es un espacio sencillo, completamente negro, y los controles tienen un marcado toque anal\u00f3gico, evocando el \u00abantiguo Land Cruiser\u00bb. En resumen, las diferencias de personalidad son evidentes: Serie 300 = SUV de lujo sofisticado, ideal tambi\u00e9n para la ciudad; Serie 250 = SUV pr\u00e1ctico con un toque cl\u00e1sico; Serie 70 = todoterreno robusto y tradicional. <\/li>\n<!-- \/wp:list-item -->\n<!-- wp:list-item -->\n<li><strong>Diferencias de uso:<\/strong> Debido a las diferencias mencionadas, los principales usos previstos y los grupos de usuarios tambi\u00e9n son diferentes. El Land Cruiser 300 ofrece una conducci\u00f3n c\u00f3moda gracias a la mec\u00e1nica m\u00e1s moderna y a un motor de gran cilindrada, lo que lo convierte en un modelo ideal para quienes recorren largas distancias a alta velocidad o conducen frecuentemente por carretera. Por otro lado, el Land Cruiser 70 tiene una estructura sencilla y de f\u00e1cil mantenimiento, por lo que puede considerarse adecuado para quienes conducen frecuentemente fuera de carretera. El Land Cruiser 250 combina un motor ligero de 2.7-2.8L con un chasis y una suspensi\u00f3n de \u00faltima generaci\u00f3n, lo que lo convierte en un SUV equilibrado, perfecto para quienes pasan su d\u00eda a d\u00eda conduciendo por la ciudad, pero tambi\u00e9n desean disfrutar de actividades al aire libre y de la conducci\u00f3n por carreteras dif\u00edciles de vez en cuando. En resumen, existen la serie 70 para trabajo pesado, la serie 250 para trabajo ligero y la emblem\u00e1tica serie 300, cada una con su propia personalidad seg\u00fan el uso que le d\u00e9 su propietario. <\/li>\n<!-- \/wp:list-item -->\n<!-- wp:list-item -->\n<li><strong>Valor de reventa:<\/strong> En t\u00e9rminos de valor de activo, se puede esperar que todos los modelos tengan un alto valor de reventa, como sugiere el nombre Land Cruiser. Entre ellos, el Land Cruiser serie 70, modelos de reproducci\u00f3n especial con producci\u00f3n limitada, tiende a alcanzar un valor premium en el mercado de segunda mano; de hecho, la reproducci\u00f3n de la serie 70 de 2014 registr\u00f3 una asombrosa tasa de valor residual de aproximadamente el 95% despu\u00e9s de cinco a\u00f1os. Como se mencion\u00f3 anteriormente, se espera que los Land Cruiser 250 y 300 tengan un alto valor residual, de alrededor del 50 % a largo plazo y superior al 80 % a corto plazo, en comparaci\u00f3n con los autos nuevos. En particular, inmediatamente despu\u00e9s de su lanzamiento, se dieron casos en los que tanto la serie 250 como la 300 tuvieron una prima que super\u00f3 el precio del auto nuevo debido a la demanda excesiva. Sin embargo, incluso si el propietario lo vendiera, existe una alta probabilidad de que se valore mejor que otros autos. En general, es una gran tranquilidad saber que \u00absin importar el modelo que elijas, puedes venderlo a un precio alto si es un Land Cruiser\u00bb, pero en cuanto a rareza, destacan la serie 70 y las versiones limitadas, que se produjeron en peque\u00f1as cantidades. <\/li>\n<!-- \/wp:list-item --><\/ul>\n<!-- \/wp:list -->\n<!-- wp:heading {\"className\":\"\"} -->\n<h2 class=\"wp-block-heading\">Modelo estrella: Lexus LX600<\/h2>\n<!-- \/wp:heading -->\n<!-- wp:paragraph {\"className\":\"\"} -->\n<p>El Land Cruiser 300 tiene un coche hermano de la marca Lexus, el LX600. Este modelo lleva el lujo interior y exterior al l\u00edmite, compartiendo la plataforma b\u00e1sica con el Land Cruiser. Busca la alta calidad hasta en el m\u00e1s m\u00ednimo detalle, como el majestuoso exterior con una gran parrilla en forma de huso y el interior, que utiliza con lujosa madera veteada y cuero genuino. En particular, el modelo Executive de cuatro plazas est\u00e1 equipado con asientos reclinables, un monitor dedicado e incluso funci\u00f3n de masaje en el asiento trasero, lo que proporciona una experiencia de viaje de primera clase. Debido a estas diferencias, el rango de precios tambi\u00e9n var\u00eda significativamente: el precio del Land Cruiser 300 nuevo ronda entre 5,1 y 8 millones de yenes, mientras que el del LX600 se sit\u00faa entre 12,5 y 18 millones de yenes, m\u00e1s del doble. Este modelo puede considerarse compatible con versiones anteriores del Land Cruiser 300, pero en cuanto a funcionalidad, la capacidad todoterreno y el sistema de propulsi\u00f3n son pr\u00e1cticamente id\u00e9nticos, por lo que es una opci\u00f3n ideal para quienes buscan m\u00e1s lujo y la satisfacci\u00f3n de ser propietario. El LX600, de producci\u00f3n limitada, suele mantenerse estable a un precio elevado en el mercado de segunda mano, y su valor de reventa tambi\u00e9n es muy alto (su popularidad lleg\u00f3 a suspender los pedidos de veh\u00edculos nuevos). Sin embargo, debido a la reducida cantidad de unidades vendidas, la cantidad de autos tambi\u00e9n es escasa, y las tendencias del mercado pueden ser m\u00e1s fluidas que el propio Land Cruiser. <\/p>\n<!-- \/wp:paragraph -->\n<!-- wp:heading {\"className\":\"\"} -->\n<h2 class=\"wp-block-heading\">Resumen<\/h2>\n<!-- \/wp:heading -->\n<!-- wp:paragraph {\"className\":\"\"} -->\n<p>El Land Cruiser 300 es un auto que goza de una gran popularidad y un gran valor, ya sea nuevo o usado, gracias a su excelente rendimiento y al poder de la marca. Los modelos derivados, la serie 250 y la serie 70, tienen caracter\u00edsticas propias, pero ambos ofrecen un alto valor de reventa que hace honor a la marca Land Cruiser. Si elige seg\u00fan su prop\u00f3sito, puede decir que \u00abelija el que elija, no se equivocar\u00e1\u00bb. Adem\u00e1s, la serie Land Cruiser, incluyendo el LX600 de gama alta, tiene una presencia destacada en el mercado de autos usados. Estos modelos, que no pierden valor incluso con un uso prolongado, son una opci\u00f3n atractiva para quienes valoran no solo la afici\u00f3n y la practicidad, sino tambi\u00e9n el valor de su propiedad. <\/p>\n<!-- \/wp:paragraph -->\n<!-- wp:paragraph {\"className\":\"\"} -->\n<p>No dude en contactarnos para obtener las especificaciones detalladas y los precios actualizados de los modelos Land Cruiser 300\/250\/70. Le sugeriremos un auto que se ajuste a su presupuesto y prop\u00f3sito. Al elegir un auto usado, tenga en cuenta su alto valor de reventa. La abrumadora popularidad y fiabilidad del Land Cruiser sin duda le dejar\u00e1n satisfecho incluso despu\u00e9s de comprar un coche usado. <\/p>\n<!-- \/wp:paragraph -->","protected":false},"excerpt":{"rendered":"<p>El Land Cruiser 300 (serie 300), completamente remodelado en 2021, es el SUV insignia de Toyota, reconocido mundialmente. Inmediatamente despu\u00e9s de su lanzamiento, gan\u00f3 popularidad mundial y la demanda fue tan alta que se implement\u00f3 una venta de loter\u00eda y una prohibici\u00f3n de reventa de un a\u00f1o en Jap\u00f3n. Como resultado, el valor de reventa [&hellip;]<\/p>\n","protected":false},"author":1,"featured_media":596,"parent":478,"menu_order":0,"comment_status":"closed","ping_status":"closed","template":"","meta":{"footnotes":""},"class_list":["post-595","page","type-page","status-publish","has-post-thumbnail","hentry"],"_links":{"self":[{"href":"https:\/\/good-loop.co.jp\/es\/wp-json\/wp\/v2\/pages\/595","targetHints":{"allow":["GET"]}}],"collection":[{"href":"https:\/\/good-loop.co.jp\/es\/wp-json\/wp\/v2\/pages"}],"about":[{"href":"https:\/\/good-loop.co.jp\/es\/wp-json\/wp\/v2\/types\/page"}],"author":[{"embeddable":true,"href":"https:\/\/good-loop.co.jp\/es\/wp-json\/wp\/v2\/users\/1"}],"replies":[{"embeddable":true,"href":"https:\/\/good-loop.co.jp\/es\/wp-json\/wp\/v2\/comments?post=595"}],"version-history":[{"count":0,"href":"https:\/\/good-loop.co.jp\/es\/wp-json\/wp\/v2\/pages\/595\/revisions"}],"up":[{"embeddable":true,"href":"https:\/\/good-loop.co.jp\/es\/wp-json\/wp\/v2\/pages\/478"}],"wp:featuredmedia":[{"embeddable":true,"href":"https:\/\/good-loop.co.jp\/es\/wp-json\/"}],"wp:attachment":[{"href":"https:\/\/good-loop.co.jp\/es\/wp-json\/wp\/v2\/media?parent=595"}],"curies":[{"name":"wp","href":"https:\/\/api.w.org\/{rel}","templated":true}]}}