{"id":619,"date":"2025-04-17T22:32:10","date_gmt":"2025-04-17T13:32:10","guid":{"rendered":"https:\/\/good-loop.co.jp\/?page_id=619"},"modified":"2026-03-01T23:33:53","modified_gmt":"2026-03-01T14:33:53","slug":"hogar","status":"publish","type":"page","link":"https:\/\/good-loop.co.jp\/es\/","title":{"rendered":"Al otro lado del mar, el viaje contin\u00faa"},"content":{"rendered":"\n<p>Los p\u00e9talos de cerezo rozan su visor en una ma\u00f1ana de primavera. El viento salado sopla a su paso mientras recorre la costa hacia el sur en verano. Serpentea por las carreteras sinuosas del oto\u00f1o, encendidas de color, y se detiene en una casa de t\u00e9 en un paso de monta\u00f1a para disfrutar de un humeante cuenco de soba. En invierno, el aire muerde con fuerza mientras conduce hacia un onsen con picos nevados observando desde la distancia.<\/p>\n\n\n\n<p>Las carreteras de Jap\u00f3n le muestran una cara diferente cada vez que las recorre.<\/p>\n\n\n\n<p>El mismo paso de monta\u00f1a se convierte en una carretera diferente cuando cambian las estaciones. El paisaje que le espera en la bruma matutina no se parece en nada al que se ba\u00f1a en la luz del atardecer.<\/p>\n\n\n\n<p>Y al final del camino, le espera un onsen. Un restaurante local donde descubre un sabor que nunca supo que exist\u00eda. Un \u00e1rea de descanso donde apaga el motor y se toma su tiempo para decidir ad\u00f3nde ir despu\u00e9s.<\/p>\n\n\n\n<p>Las carreteras le est\u00e1n esperando. D\u00e9jenos el resto a nosotros.<\/p>\n\n\n\n<hr class=\"wp-block-separator has-alpha-channel-opacity\" \/>\n\n\n\n<p>Good Loop se encarga de la log\u00edstica de veh\u00edculos para motociclistas internacionales que vienen a recorrer Jap\u00f3n.<\/p>\n\n\n\n<p>Gesti\u00f3n de env\u00edos. Negociaci\u00f3n de compras. Tr\u00e1mites. Barreras idiom\u00e1ticas. Todo excepto conducir \u2014 nosotros nos encargamos.<\/p>\n\n\n\n<p>Motocicletas y veh\u00edculos de cuatro ruedas, ambos bienvenidos.<\/p>\n\n\n\n<p>\u2192 <a href=\"https:\/\/good-loop.co.jp\/es\/es\/rider-support\/\" data-type=\"page\" data-id=\"906\">Detalles del servicio de concierge de veh\u00edculos<\/a><\/p>\n\n\n\n<hr class=\"wp-block-separator has-alpha-channel-opacity\" \/>\n\n\n\n<h2 class=\"wp-block-heading\">\u00bfLe resulta familiar?<\/h2>\n\n\n\n<p>Quiere recorrer Hokkaido en su propia moto, pero no tiene idea de c\u00f3mo enviarla a Jap\u00f3n desde el extranjero.<\/p>\n\n\n\n<p>Encontr\u00f3 la moto que estaba buscando en una subasta japonesa. Quiere comprarla y llevarla a casa, pero el idioma y los tr\u00e1mites le resultan abrumadores.<\/p>\n\n\n\n<p>Despu\u00e9s de su recorrido por Jap\u00f3n, quiere enviar la moto directamente a su pr\u00f3ximo pa\u00eds de destino, pero no sabe por d\u00f3nde empezar.<\/p>\n\n\n\n<p>No est\u00e1 seguro de qu\u00e9 documentos necesita para la importaci\u00f3n temporal. Ni siquiera tiene una idea aproximada de cu\u00e1nto costar\u00e1 el env\u00edo.<\/p>\n\n\n\n<p>Sea cual sea la etapa en la que se encuentre, simplemente cont\u00e1ctenos.<\/p>\n\n\n\n<hr class=\"wp-block-separator has-alpha-channel-opacity\" \/>\n\n\n\n<h2 class=\"wp-block-heading\">Servicios<\/h2>\n\n\n\n<h3 class=\"wp-block-heading\">Env\u00edo internacional<\/h3>\n\n\n\n<p>Extranjero \u2192 Jap\u00f3n, Jap\u00f3n \u2192 extranjero. Desde la elecci\u00f3n entre flete a\u00e9reo y mar\u00edtimo, hasta el embalaje, la documentaci\u00f3n y los tr\u00e1mites aduaneros \u2014 coordinamos todo el proceso.<\/p>\n\n\n\n<p>\u2192 <a href=\"https:\/\/good-loop.co.jp\/es\/es\/rider-support\/shipping\/\" data-type=\"page\" data-id=\"911\">Detalles del env\u00edo internacional<\/a><\/p>\n\n\n\n<h3 class=\"wp-block-heading\">Compra de veh\u00edculos<\/h3>\n\n\n\n<p>Desde la b\u00fasqueda hasta la recogida, para veh\u00edculos en cualquier parte de Jap\u00f3n. Subastas de concesionarios, ventas privadas, inventario de tiendas \u2014 eliminamos las barreras idiom\u00e1ticas y de negociaci\u00f3n.<\/p>\n\n\n\n<p>\u2192 <a href=\"https:\/\/good-loop.co.jp\/es\/es\/purchase\/\" data-type=\"page\" data-id=\"915\">Detalles del servicio de compra<\/a><\/p>\n\n\n\n<hr class=\"wp-block-separator has-alpha-channel-opacity\" \/>\n\n\n\n<h2 class=\"wp-block-heading\">Gu\u00edas y art\u00edculos<\/h2>\n\n\n\n<p>Historias de motociclistas que ya estuvieron all\u00ed, e informaci\u00f3n para quienes est\u00e1n planeando ir.<\/p>\n\n\n\n<ul class=\"wp-block-list\">\n<li><strong><a href=\"https:\/\/good-loop.co.jp\/es\/es\/export-import\/motorcycle-export-guide-from-japan-to-overseas\/\" data-type=\"page\" data-id=\"628\">C\u00f3mo exportar una motocicleta desde Jap\u00f3n<\/a><\/strong> \u2014 Una gu\u00eda pr\u00e1ctica que cubre el proceso y los procedimientos completos<\/li>\n\n\n\n<li><strong><a href=\"https:\/\/good-loop.co.jp\/es\/es\/export-import\/vladivostok-to-japan-motorcycle\/\" data-type=\"page\" data-id=\"897\">[Gu\u00eda definitiva] Sin Carnet necesario: de Vladivostok a Jap\u00f3n<\/a><\/strong> \u2014 Un relato detallado de la ruta desde Rusia hacia Jap\u00f3n<\/li>\n\n\n\n<li><strong><a href=\"https:\/\/good-loop.co.jp\/es\/es\/columns\/travel-touring-alps\/\" data-type=\"page\" data-id=\"211\">Recorriendo los Alpes<\/a><\/strong> \u2014 Un registro de la traves\u00eda por las carreteras de monta\u00f1a de Europa<\/li>\n<\/ul>\n\n\n\n<hr class=\"wp-block-separator has-alpha-channel-opacity\" \/>\n\n\n\n<h2 class=\"wp-block-heading\">Otros servicios<\/h2>\n\n\n\n<ul class=\"wp-block-list\">\n<li><a href=\"https:\/\/good-loop.co.jp\/es\/es\/software\/\" data-type=\"page\" data-id=\"555\">Soporte de implementaci\u00f3n de software (OSS)<\/a><\/li>\n\n\n\n<li><a href=\"https:\/\/good-loop.co.jp\/es\/es\/auction_consignment\/\" data-type=\"page\" data-id=\"538\">B\u00fasqueda en subastas<\/a><\/li>\n<\/ul>\n\n\n\n<hr class=\"wp-block-separator has-alpha-channel-opacity\" \/>\n\n\n\n<p class=\"has-x-large-font-size\" style=\"line-height:1.2\">Cont\u00e1ctenos aqu\u00ed<\/p>\n\n\n\n<div class=\"wp-block-buttons is-layout-flex wp-block-buttons-is-layout-flex\">\n<div class=\"wp-block-button\"><a class=\"wp-block-button__link has-small-font-size has-custom-font-size wp-element-button\" href=\"https:\/\/docs.google.com\/forms\/d\/1JATPpeGfRXaemIpjUO1PbKltxmmkNDiiO8owNQoPJU4\/\" target=\"_blank\" rel=\"noreferrer noopener\">Cont\u00e1ctenos<\/a><\/div>\n<\/div>\n\n\n\n<p><br><em>La imagen destacada es obra de un estudiante de <a href=\"https:\/\/www.cksg.si\/\" target=\"_blank\" rel=\"noreferrer noopener\">CKSG Portoro\u017e<\/a>, una escuela de necesidades especiales en Eslovenia.<\/em><\/p>\n","protected":false},"excerpt":{"rendered":"<p>Los p\u00e9talos de cerezo rozan su visor en una ma\u00f1ana de primavera. El viento salado sopla a su paso mientras recorre la costa hacia el sur en verano. Serpentea por las carreteras sinuosas del oto\u00f1o, encendidas de color, y se detiene en una casa de t\u00e9 en un paso de monta\u00f1a para disfrutar de un [&hellip;]<\/p>\n","protected":false},"author":1,"featured_media":850,"parent":0,"menu_order":0,"comment_status":"closed","ping_status":"closed","template":"","meta":{"footnotes":""},"class_list":["post-619","page","type-page","status-publish","has-post-thumbnail","hentry"],"_links":{"self":[{"href":"https:\/\/good-loop.co.jp\/es\/wp-json\/wp\/v2\/pages\/619","targetHints":{"allow":["GET"]}}],"collection":[{"href":"https:\/\/good-loop.co.jp\/es\/wp-json\/wp\/v2\/pages"}],"about":[{"href":"https:\/\/good-loop.co.jp\/es\/wp-json\/wp\/v2\/types\/page"}],"author":[{"embeddable":true,"href":"https:\/\/good-loop.co.jp\/es\/wp-json\/wp\/v2\/users\/1"}],"replies":[{"embeddable":true,"href":"https:\/\/good-loop.co.jp\/es\/wp-json\/wp\/v2\/comments?post=619"}],"version-history":[{"count":4,"href":"https:\/\/good-loop.co.jp\/es\/wp-json\/wp\/v2\/pages\/619\/revisions"}],"predecessor-version":[{"id":1046,"href":"https:\/\/good-loop.co.jp\/es\/wp-json\/wp\/v2\/pages\/619\/revisions\/1046"}],"wp:featuredmedia":[{"embeddable":true,"href":"https:\/\/good-loop.co.jp\/es\/wp-json\/wp\/v2\/media\/850"}],"wp:attachment":[{"href":"https:\/\/good-loop.co.jp\/es\/wp-json\/wp\/v2\/media?parent=619"}],"curies":[{"name":"wp","href":"https:\/\/api.w.org\/{rel}","templated":true}]}}