{"id":674,"date":"2025-06-15T03:30:11","date_gmt":"2025-06-14T18:30:11","guid":{"rendered":"https:\/\/good-loop.co.jp\/?page_id=674"},"modified":"2025-08-18T11:21:58","modified_gmt":"2025-08-18T02:21:58","slug":"patrimonio_de_nissan","status":"publish","type":"page","link":"https:\/\/good-loop.co.jp\/es\/columnas\/patrimonio_de_nissan\/","title":{"rendered":"C\u00f3mo conocer los asientos disponibles en la Colecci\u00f3n Nissan Heritage &#8211; Uso de X-App"},"content":{"rendered":"\n<p>Para los amantes de los coches, la <a href=\"https:\/\/www2.nissan.co.jp\/HERITAGE\/\" data-type=\"link\" data-id=\"https:\/\/www2.nissan.co.jp\/HERITAGE\/\" target=\"_blank\" rel=\"noreferrer noopener\">Colecci\u00f3n Nissan Heritage<\/a> es una visita obligada, pero reservar no es f\u00e1cil. Sin embargo, con el servicio de notificaciones \u00ab<a href=\"https:\/\/x.com\/GoodLoop_Nissan\" data-type=\"link\" data-id=\"https:\/\/x.com\/GoodLoop_Nissan\" target=\"_blank\" rel=\"noreferrer noopener\">Nissan Heritage Collection Reservation Notification by Good Loop<\/a>\u00ab, puede reservar con tranquilidad. En este art\u00edculo, explicaremos la descripci\u00f3n general y el atractivo de la Colecci\u00f3n Nissan Heritage, el sistema de reservas y la fecha de inicio, y por qu\u00e9 es dif\u00edcil reservar. Tambi\u00e9n explicaremos c\u00f3mo consultar la disponibilidad en redes sociales (X (anteriormente Twitter)) y c\u00f3mo facilitar la reserva mediante el servicio de notificaciones. Si est\u00e1 considerando reservar para la Colecci\u00f3n Nissan Heritage, consulte este art\u00edculo.<\/p>\n\n\n\n<h2 class=\"wp-block-heading\">Resumen de la Colecci\u00f3n Nissan Heritage y atracciones para visitar<\/h2>\n\n\n\n<figure class=\"wp-block-image size-large\"><img decoding=\"async\" src=\"https:\/\/good-loop.co.jp\/wp-content\/uploads\/2025\/06\/IMG_20241006_152536912-1024x461.jpg\" alt=\"\" class=\"wp-image-675\"\/><\/figure>\n\n\n\n<p>La Colecci\u00f3n Patrimonial Nissan es un garaje conmemorativo de Nissan Motor Company ubicado en Zama Works (antigua f\u00e1brica de Zama) en la ciudad de Zama, prefectura de Kanagawa. All\u00ed se almacenan y exhiben aproximadamente 500 autom\u00f3viles, incluyendo famosos de la d\u00e9cada de 1930, autos de carreras y prototipos. Durante los recorridos, se pueden ver de cerca aproximadamente 280 autom\u00f3viles en todo momento, y la vista de los valiosos veh\u00edculos alineados, como el Skyline, el Fairlady Z y los ganadores de Le Mans, es un espect\u00e1culo espectacular. Estos autom\u00f3viles incluyen modelos que aportaron innovaci\u00f3n tecnol\u00f3gica a su \u00e9poca y m\u00e1quinas que estuvieron activas en el automovilismo, y pueden considerarse documentos vivos que cuentan la historia de los desaf\u00edos e innovaciones de Nissan. A diferencia de los museos tradicionales, el almac\u00e9n est\u00e1 abierto al p\u00fablico, por lo que los veh\u00edculos se reponen y se prestan en cualquier momento. Como resultado, hay nuevos descubrimientos en cada visita, lo que lo convierte en un atractivo lugar de observaci\u00f3n que los fan\u00e1ticos de Nissan y los aficionados a los autos cl\u00e1sicos querr\u00e1n visitar una y otra vez. Adem\u00e1s, los tours son gratuitos, as\u00ed que puedes inscribirte sin dudarlo. Sin embargo, como se describir\u00e1 m\u00e1s adelante, es un tour popular con una alta competencia por reservar.<\/p>\n\n\n\n<h2 class=\"wp-block-heading\">C\u00f3mo reservar un tour (c\u00f3mo reservar y cu\u00e1ndo est\u00e1 disponible)<\/h2>\n\n\n\n<p>Para visitar la Colecci\u00f3n Nissan Heritage es necesario reservar con antelaci\u00f3n en el sitio web oficial. Las reservas se aceptan en l\u00ednea \u00fanicamente por orden de llegada, y las reservas para esa fecha y hora se cerrar\u00e1n una vez que se alcance el aforo (no hay lista de espera). Las fechas y horas de los tours se publican en un calendario predeterminado, y puedes reservar seleccionando la fecha deseada en el sitio web oficial. Las fechas de los tours no son diarias, sino irregulares y var\u00edan de mes a mes (suelen celebrarse unos 10 d\u00edas al mes). Por ejemplo, los tours se realizan no solo los fines de semana, sino tambi\u00e9n entre semana, pero el horario var\u00eda de mes a mes, por lo que primero debe consultar las fechas en el calendario de reservas del sitio web oficial.<\/p>\n\n\n\n<p>Tambi\u00e9n debe prestar atenci\u00f3n al momento en que se actualiza el calendario de reservas. Las plazas de reserva para el mes siguiente se publican a principios o mediados del mes anterior al tour, pero la fecha de inicio no se anuncia y es irregular. Por ejemplo, \u00abPara el tour de mayo, el calendario de reservas se actualiza a principios o mediados de abril\u00bb, y la fecha y hora exactas no se publican. Por lo tanto, se recomienda a los usuarios consultar el sitio web oficial con frecuencia desde principios del mes anterior para no perderse el momento en que se aceptan reservas.<\/p>\n\n\n\n<p>Tambi\u00e9n debe tener en cuenta los horarios y la capacidad de los tours. Los tours se realizan b\u00e1sicamente dos veces al d\u00eda (de 10:00 a 11:30 por la ma\u00f1ana y de 14:00 a 15:30 por la tarde), y el aforo de cada tour es de 25 personas entre semana y 30 personas los fines de semana y festivos. El n\u00famero de personas reclutadas es limitado, al igual que las fechas del evento, como se mencion\u00f3 anteriormente. Debido a la escasez de plazas disponibles, las solicitudes suelen concentrarse inmediatamente despu\u00e9s de que se abren las reservas.<\/p>\n\n\n\n<h2 class=\"wp-block-heading\">Razones por las que es dif\u00edcil reservar (alta competencia y pocos cupos)<\/h2>\n\n\n\n<p>Las reservas para la Colecci\u00f3n Nissan Heritage son conocidas por ser muy competitivas. Las principales razones son el n\u00famero limitado de cupos y la alta popularidad, como se mencion\u00f3 anteriormente. Si bien las fechas son limitadas y el aforo para cada sesi\u00f3n es muy reducido, existe una demanda extremadamente alta por parte de los entusiastas de los autos de todo el pa\u00eds, por lo que las solicitudes llegan en masa en cuanto se abren las reservas y el evento se llena r\u00e1pidamente. De hecho, algunas personas han comentado: \u00abCuando vi que se hab\u00eda a\u00f1adido una fecha con \u00abasientos disponibles\u00bb al calendario de reservas e intent\u00e9 solicitar plaza, se llen\u00f3 en medio d\u00eda\u00bb. En algunos casos, las franjas horarias populares de fin de semana se agotan en cuesti\u00f3n de minutos, no de horas, tras el inicio de las reservas. En particular, los tours de fin de semana se reanudaron en agosto de 2023 despu\u00e9s de aproximadamente tres a\u00f1os y medio, por lo que han atra\u00eddo mucha atenci\u00f3n. Cuando se reanudaron por primera vez, se report\u00f3 que hab\u00eda m\u00e1s de 20.000 visitantes al a\u00f1o. El hecho de que la oferta no pueda satisfacer esta alta demanda es la causa principal de la dificultad para conseguir reservas.<\/p>\n\n\n\n<p>Otro factor que dificulta reservar es que la fecha y hora de inicio no se anuncian con antelaci\u00f3n. Los usuarios tienen que esperar sin saber cu\u00e1ndo se actualizar\u00e1n las franjas horarias, y si se les pasa el horario, la capacidad se agota en un instante. Por esta raz\u00f3n, la realidad es que \u00abno hay ning\u00fan truco especial; solo hay que consultar la p\u00e1gina web oficial con frecuencia y solicitar la reserva en cuanto se a\u00f1ada una fecha\u00bb. De hecho, hay muchas historias de personas que lo intentaron varias veces pero no lograron reservar, y finalmente vieron cumplido su deseo al encontrar una plaza libre. Como se mencion\u00f3 anteriormente, el reducido n\u00famero de plazas disponibles (restricciones de fecha y capacidad), la incertidumbre sobre cu\u00e1ndo se abrir\u00e1n las reservas y la abrumadora popularidad del sitio web hacen que sea extremadamente dif\u00edcil reservar para visitar la Colecci\u00f3n Nissan Heritage.<\/p>\n\n\n\n<h2 class=\"wp-block-heading\">\u00bfHay alguna forma de consultar la disponibilidad de reservas en redes sociales (X)?<\/h2>\n\n\n\n<p>Para quienes dicen: \u00abNo vi que se abr\u00edan las reservas de inmediato y ya estaban completas\u00bb o \u00abQuiero reservar cuando hay cancelaciones, pero es un rollo estar pendiente del sitio web\u00bb, existe una forma de consultar la disponibilidad a trav\u00e9s de redes sociales. En el caso de la Colecci\u00f3n Nissan Heritage, no existe un sistema que notifique oficialmente el estado de la reserva en tiempo real, pero nos gustar\u00eda presentar un servicio de notificaciones que hemos desarrollado y gestionado.<\/p>\n\n\n\n<h3 class=\"wp-block-heading\"><strong><a href=\"https:\/\/x.com\/GoodLoop_Nissan\" data-type=\"link\" data-id=\"https:\/\/x.com\/GoodLoop_Nissan\" target=\"_blank\" rel=\"noreferrer noopener\">Notificaci\u00f3n de reserva de la Colecci\u00f3n Nissan Heritage por GoodLoop (@GoodLoop_Nissan)<\/a><\/strong><\/h3>\n\n\n\n<p>Esta cuenta supervisa la disponibilidad en la p\u00e1gina oficial de reservas y tuitea autom\u00e1ticamente cuando hay un cambio en las plazas. Por ejemplo, publica informaci\u00f3n como \u00abDisponible el XX\/XX\u00bb o \u00abXX\/XX completo\u00bb en tiempo real.<\/p>\n\n\n\n<h3 class=\"wp-block-heading\">Por qu\u00e9 es efectivo seguir (y activar las notificaciones)<\/h3>\n\n\n\n<ol class=\"wp-block-list\">\n<li><strong>Inmediatez<\/strong>: Las reservas suelen completarse en cuesti\u00f3n de minutos, por lo que es fundamental contar con un sistema que permita recibir notificaciones push.<\/li>\n\n\n\n<li><strong>Monitoreo autom\u00e1tico las 24 horas<\/strong>: Cubre las cancelaciones que ocurren a altas horas de la noche o temprano en la ma\u00f1ana, que son dif\u00edciles de realizar manualmente.<\/li>\n\n\n\n<li><strong>Reduce la molestia de la segunda confirmaci\u00f3n<\/strong>: Tambi\u00e9n distribuye informaci\u00f3n sobre la ocupaci\u00f3n completa, para que puedas reducir el estr\u00e9s de tener que comprobar cada vez si hay un espacio disponible.<\/li>\n<\/ol>\n\n\n\n<p>En retrospectiva, podemos ver ejemplos de franjas horarias que se liberan brevemente a las 4 de la ma\u00f1ana y de franjas horarias que se llenan a los 10 minutos de actualizarse, lo que demuestra que esta cuenta est\u00e1 ayudando a muchos usuarios.<\/p>\n\n\n\n<h2 class=\"wp-block-heading\">Por qu\u00e9 el servicio de notificaciones \u00abGoodLoop_Nissan\u00bb facilita la reserva<\/h2>\n\n\n\n<p>Al usar la cuenta \u00ab<a href=\"https:\/\/x.com\/GoodLoop_Nissan\" data-type=\"link\" data-id=\"https:\/\/x.com\/GoodLoop_Nissan\" target=\"_blank\" rel=\"noreferrer noopener\">Notificaci\u00f3n de Reservas de la Colecci\u00f3n Nissan Heritage de Good Loop<\/a>\u00bb mencionada anteriormente, la posibilidad de obtener una reserva aumentar\u00e1 dr\u00e1sticamente. La principal raz\u00f3n es que podr\u00e1 saber al instante cu\u00e1ndo cambian las franjas horarias de reserva. Como se mencion\u00f3 anteriormente, las reservas se agotan r\u00e1pidamente en cuanto se inician o las plazas vacantes por cancelaciones. Por lo tanto, la clave est\u00e1 en la rapidez con la que te das cuenta y solicitas una plaza. Si utilizas un servicio de notificaciones, ser\u00e1 menos probable que te pierdas la oportunidad, incluso si no est\u00e1s revisando constantemente el sitio web oficial. De hecho, si configuras la publicaci\u00f3n \u00ab<a href=\"https:\/\/x.com\/GoodLoop_Nissan\" data-type=\"link\" data-id=\"https:\/\/x.com\/GoodLoop_Nissan\" target=\"_blank\" rel=\"noreferrer noopener\">Notificaci\u00f3n de reserva de la Colecci\u00f3n Nissan Heritage de Good Loop<\/a>\u00bb con notificaciones en tiempo real, recibir\u00e1s una alerta en tu smartphone en cuanto haya una nueva plaza disponible y podr\u00e1s proceder con el proceso de reserva de inmediato. Esto es mucho m\u00e1s eficiente que tener que recargar la p\u00e1gina manualmente con frecuencia y, como resultado, podr\u00e1s competir con ventaja en la batalla del \u00abprimero en llegar, primero en ser atendido\u00bb.<\/p>\n\n\n\n<p>Por supuesto, la competencia no desaparecer\u00e1, ya que todos los que reciban la notificaci\u00f3n intentar\u00e1n reservar. Aun as\u00ed, es importante porque reduce el riesgo de perder una oportunidad sin saber nada. Si quiere asegurarse de reservar para ver la Colecci\u00f3n Nissan Heritage, le recomendamos encarecidamente que utilice la <a href=\"https:\/\/x.com\/GoodLoop_Nissan\" data-type=\"link\" data-id=\"https:\/\/x.com\/GoodLoop_Nissan\" target=\"_blank\" rel=\"noreferrer noopener\">Notificaci\u00f3n de Reserva de la Colecci\u00f3n Nissan Heritage de Good Loop<\/a> con prudencia. De hecho, muchas personas han comentado que pudieron reservar gracias a la notificaci\u00f3n, lo cual ser\u00e1 de gran ayuda, especialmente para quienes planean venir desde lejos.<\/p>\n\n\n\n<h2 class=\"wp-block-heading\">Resumen: Puntos clave para una reserva fiable<\/h2>\n\n\n\n<p>Finalmente, resumiremos los puntos clave para reservar con \u00e9xito una visita a la Colecci\u00f3n Nissan Heritage.<\/p>\n\n\n\n<ul class=\"wp-block-list\">\n<li><strong>Utilice las notificaciones de redes sociales<\/strong>: Siga las notificaciones de reservas de Nissan Heritage Collection de Good Loop, que le ofrecen informaci\u00f3n sobre la disponibilidad de reservas en tiempo real, y active las notificaciones. Esto le permitir\u00e1 estar al tanto de las actualizaciones y cancelaciones en cuanto se produzcan.<\/li>\n\n\n\n<li><strong>Haga una reserva inmediatamente despu\u00e9s de una actualizaci\u00f3n<\/strong>: Las reservas se completan por orden de llegada. En cuanto vea una actualizaci\u00f3n, elija la fecha deseada y solicite la reserva. Es frecuente que la reserva est\u00e9 completa mientras usted est\u00e1 dudando.<\/li>\n\n\n\n<li><strong>Considera espacios entre semana y varias opciones de fecha<\/strong>: La competencia suele ser especialmente alta los fines de semana y d\u00edas con eventos especiales populares. Si es posible, realiza el evento entre semana o establece varias fechas posibles, y s\u00e9 flexible para intentar conseguir un espacio.<\/li>\n\n\n\n<li><strong>Responde inmediatamente a las cancelaciones<\/strong>: No solo inmediatamente despu\u00e9s de que comiencen las reservas, sino a medida que se acerca la fecha del evento, las cancelaciones pueden liberar espacios. En ese caso, a\u00fan puedes aprovechar las notificaciones de redes sociales para encontrar una peque\u00f1a vacante. Las cancelaciones suelen ocurrir especialmente poco antes del evento, as\u00ed que no te rindas y sigue consultando.<\/li>\n<\/ul>\n\n\n\n<p>Si toma las precauciones anteriores, sus posibilidades de conseguir una reserva para visitar la Colecci\u00f3n Nissan Heritage aumentar\u00e1n considerablemente. Un recorrido de 90 minutos rodeado de autos Nissan de generaciones pasadas ser\u00e1 una experiencia irremplazable para los entusiastas de los autos. Aseg\u00farese de prepararse bien antes de aceptar el desaf\u00edo y disfrute del tiempo con los autos famosos que admira.<\/p>\n\n\n\n<h2 class=\"wp-block-heading\">Atenci\u00f3n: Aeon Mall Zama<\/h2>\n\n\n\n<p>No se pierda <a href=\"https:\/\/zama-aeonmall.com\/\" data-type=\"link\" data-id=\"https:\/\/zama-aeonmall.com\/\" target=\"_blank\" rel=\"noreferrer noopener\">Aeon Mall Zama<\/a>, ubicado justo al lado de la Colecci\u00f3n Nissan Heritage. Este terreno formaba parte de la f\u00e1brica Nissan Zama Works, pero Aeon Mall Zama abri\u00f3 sus puertas en 2018. El Centro de Informaci\u00f3n Nissan Zama exhibe mensualmente los famosos autos Nissan, e incluso podr\u00edas recibir un regalo. A veces, los autos Nissan tambi\u00e9n se exhiben cerca del vac\u00edo del tercer piso.<\/p>\n\n\n\n<figure class=\"wp-block-image size-large\"><img decoding=\"async\" src=\"https:\/\/good-loop.co.jp\/wp-content\/uploads\/2025\/06\/IMG_20241006_153528528-1024x461.jpg\" alt=\"\" class=\"wp-image-676\"\/><\/figure>\n\n\n\n<h2 class=\"wp-block-heading\">Reserva proxy<\/h2>\n\n\n\n<p>Podemos hacer reservas en nombre de viajeros procedentes del extranjero que tengan dificultades para hablar japon\u00e9s. Si desea utilizar este servicio, p\u00f3ngase en contacto con nosotros a trav\u00e9s del formulario de consulta.<\/p>\n\n\n\n<div class=\"wp-block-buttons is-layout-flex wp-block-buttons-is-layout-flex\">\n<div class=\"wp-block-button\"><a class=\"wp-block-button__link has-small-font-size has-custom-font-size wp-element-button\" href=\"https:\/\/docs.google.com\/forms\/d\/1JATPpeGfRXaemIpjUO1PbKltxmmkNDiiO8owNQoPJU4\/\" target=\"_blank\" rel=\"noreferrer noopener\">Contacte con nosotros<\/a><\/div>\n<\/div>\n","protected":false},"excerpt":{"rendered":"<p>Para los amantes de los coches, la Colecci\u00f3n Nissan Heritage es una visita obligada, pero reservar no es f\u00e1cil. Sin embargo, con el servicio de notificaciones \u00abNissan Heritage Collection Reservation Notification by Good Loop\u00ab, puede reservar con tranquilidad. En este art\u00edculo, explicaremos la descripci\u00f3n general y el atractivo de la Colecci\u00f3n Nissan Heritage, el sistema [&hellip;]<\/p>\n","protected":false},"author":1,"featured_media":865,"parent":777,"menu_order":0,"comment_status":"closed","ping_status":"closed","template":"","meta":{"footnotes":""},"class_list":["post-674","page","type-page","status-publish","has-post-thumbnail","hentry"],"_links":{"self":[{"href":"https:\/\/good-loop.co.jp\/es\/wp-json\/wp\/v2\/pages\/674","targetHints":{"allow":["GET"]}}],"collection":[{"href":"https:\/\/good-loop.co.jp\/es\/wp-json\/wp\/v2\/pages"}],"about":[{"href":"https:\/\/good-loop.co.jp\/es\/wp-json\/wp\/v2\/types\/page"}],"author":[{"embeddable":true,"href":"https:\/\/good-loop.co.jp\/es\/wp-json\/wp\/v2\/users\/1"}],"replies":[{"embeddable":true,"href":"https:\/\/good-loop.co.jp\/es\/wp-json\/wp\/v2\/comments?post=674"}],"version-history":[{"count":4,"href":"https:\/\/good-loop.co.jp\/es\/wp-json\/wp\/v2\/pages\/674\/revisions"}],"predecessor-version":[{"id":954,"href":"https:\/\/good-loop.co.jp\/es\/wp-json\/wp\/v2\/pages\/674\/revisions\/954"}],"up":[{"embeddable":true,"href":"https:\/\/good-loop.co.jp\/es\/wp-json\/wp\/v2\/pages\/777"}],"wp:featuredmedia":[{"embeddable":true,"href":"https:\/\/good-loop.co.jp\/es\/wp-json\/wp\/v2\/media\/865"}],"wp:attachment":[{"href":"https:\/\/good-loop.co.jp\/es\/wp-json\/wp\/v2\/media?parent=674"}],"curies":[{"name":"wp","href":"https:\/\/api.w.org\/{rel}","templated":true}]}}