{"id":755,"date":"2025-07-21T21:56:00","date_gmt":"2025-07-21T12:56:00","guid":{"rendered":"https:\/\/good-loop.co.jp\/?page_id=755"},"modified":"2025-07-27T21:34:30","modified_gmt":"2025-07-27T12:34:30","slug":"dr200","status":"publish","type":"page","link":"https:\/\/good-loop.co.jp\/es\/coche_de_la_empresa\/dr200\/","title":{"rendered":"Suzuki DR200 y GN125: El viaje de estas dos peque\u00f1as compa\u00f1eras alrededor del mundo"},"content":{"rendered":"\n<h2 class=\"wp-block-heading\">El nacimiento y la evoluci\u00f3n de la GN125: La historia del desarrollo de la \u00abescabel del plebeyo\u00bb<\/h2>\n\n\n\n<p>La Suzuki GN125 es una motocicleta de 125 cc lanzada en Jap\u00f3n en abril de 1982. Fue lanzada como uno de los modelos de la serie GN (50-400 cc) en aquel entonces, y adopt\u00f3 un estilo cruiser bajo y largo con un dep\u00f3sito en forma de l\u00e1grima. Con un motor monocil\u00edndrico refrigerado por aire y llantas de fundici\u00f3n, era una motocicleta polivalente que priorizaba la practicidad y tambi\u00e9n estaba orientada al uso profesional. El motor monocil\u00edndrico de 125 cc, OHC y 2 v\u00e1lvulas ten\u00eda una potencia m\u00e1xima de 11,5 CV, pero su simplicidad, econom\u00eda y facilidad de uso lo hicieron popular entre algunos conductores como un veh\u00edculo pr\u00e1ctico y s\u00f3lido, y se convirti\u00f3 en una moto muy vendida en Jap\u00f3n hasta 1999. Incluso se utiliz\u00f3 como veh\u00edculo de autoescuela, y fue un modelo modesto pero duradero en Jap\u00f3n.<\/p>\n\n\n\n<p><strong>Historial de mejoras:<\/strong> Incluso despu\u00e9s del fin de la producci\u00f3n nacional, la GN125 continu\u00f3 existiendo en el extranjero. Desde la d\u00e9cada de 1990, se ha producido bajo licencia por el Grupo Haojun de China, y la sede central de Suzuki ha suministrado la GN125 bajo la marca \u00abSuzuki\u00bb sin participar directamente en la producci\u00f3n. Desde mediados de la d\u00e9cada de 2000, volvi\u00f3 a atraer la atenci\u00f3n en Jap\u00f3n como importaci\u00f3n paralela, y su precio sorprendentemente bajo, de 150.000 a 180.000 yenes para un coche nuevo en aquel momento, tambi\u00e9n fue un tema candente. Al ser un veh\u00edculo fabricado por un fabricante de equipos originales (OEM) extranjero, hubo casos en los que los concesionarios Suzuki nacionales se negaron a realizarle mantenimiento, pero como el dise\u00f1o b\u00e1sico es el mismo que el del modelo japon\u00e9s y entre el 80% y el 90% de las piezas son compatibles, parece que en muchos casos fue posible realizarle mantenimiento sin problemas en los talleres locales de motocicletas. Posteriormente se realizaron mejoras, y la GN125H en 2005 vio un aumento de potencia de 11,5 CV a 12,5 CV mediante mejoras en el motor y cambios en el carburador, mientras que la GN125F en 2006 vio mejoras importantes en 22 \u00e1reas. El hecho de que el modelo japon\u00e9s fuera mejorado gradualmente por fabricantes chinos y continuara vendi\u00e9ndose en varios pa\u00edses tambi\u00e9n es una caracter\u00edstica \u00fanica de la historia de la GN125.<\/p>\n\n\n\n<h2 class=\"wp-block-heading\">Tradici\u00f3n de doble prop\u00f3sito: historia del desarrollo de la DR200 (Djebel 200)<\/h2>\n\n\n\n<p>Mientras tanto, el linaje de la Suzuki DR200 comenz\u00f3 a mediados de la d\u00e9cada de 1980. El modelo que se convirti\u00f3 en la base de la serie fue la SX200R, que debut\u00f3 en 1985, una modesta motocicleta todoterreno que priorizaba la facilidad de manejo. En aquel entonces, en Jap\u00f3n, el auge del todoterreno hab\u00eda puesto en el punto de mira a las motocicletas de alto rendimiento, y la SX200R permanec\u00eda en la sombra. Sin embargo, con su dep\u00f3sito de gran capacidad, su excelente consumo de combustible y una posici\u00f3n de conducci\u00f3n menos cansada, contaba con el apoyo secreto de los motociclistas de turismo. La Djebel 200, lanzada en 1993, fue un modelo renovado basado en la SX200R, con una mejor adaptaci\u00f3n para el turismo. La Djebel 200, que apareci\u00f3 como miembro de la serie Djebel, ofrec\u00eda mayor comodidad en cuanto a equipamiento el\u00e9ctrico, como la incorporaci\u00f3n de un motor de arranque. Adem\u00e1s, en 1997 se lanz\u00f3 un modelo robusto llamado DF200E. El DF200E destacaba por su robustez con un amplio portaequipajes trasero, un portaequipajes delantero con protecci\u00f3n integrada para el faro, guardabarros delanteros y traseros extendidos y un dise\u00f1o de camuflaje. Este DF200E de 1997 tiene pr\u00e1cticamente las mismas especificaciones que el modelo \u00abDR200SE\u00bb, que posteriormente se lanz\u00f3 para los mercados internacionales, y puede considerarse la versi\u00f3n final de la DR200. El Djebel 200\/DF200E en Jap\u00f3n se retir\u00f3 del cat\u00e1logo alrededor de 2002-2003, y su funci\u00f3n se complet\u00f3. Sin embargo, el desarrollo se traslad\u00f3 a los mercados internacionales, y el motor monocil\u00edndrico de 199 cc refrigerado por aire y la estructura b\u00e1sica de la carrocer\u00eda se han mantenido pr\u00e1cticamente sin cambios desde 1985, y se ha seguido produciendo y vendiendo en todo el mundo. Su dise\u00f1o, que se puede decir que tiene 40 a\u00f1os, es extremadamente fiable y ha sobrevivido hasta nuestros d\u00edas como una motocicleta multiusos, dif\u00edcil de averiar, pero f\u00e1cil de reparar si se aver\u00eda.<\/p>\n\n\n\n<figure class=\"wp-block-image size-large\"><img decoding=\"async\" src=\"https:\/\/good-loop.co.jp\/wp-content\/uploads\/2025\/07\/90869202-1024x576.jpg\" alt=\"\" class=\"wp-image-758\"\/><\/figure>\n\n\n\n<h2 class=\"wp-block-heading\">Comparaci\u00f3n de especificaciones principales de la DR200 y la GN125<\/h2>\n\n\n\n<figure class=\"wp-block-table\"><table class=\"has-fixed-layout\"><thead><tr><th>Elementos <strong>(Especificaci\u00f3n)<\/strong><\/th><th><strong>Suzuki GN125<\/strong><\/th><th><strong>Suzuki DR200<\/strong>(Djebel 200)<\/th><\/tr><\/thead><tbody><tr><td>A\u00f1o de primera aparici\u00f3n<\/td><td>1982<\/td><td>1985 (SX200R)<br>\u203b1993 Djebel 200<\/td><\/tr><tr><td>Tipo de motor<\/td><td>Monocil\u00edndrico de 4 tiempos, refrigerado por aire, OHC, 125 cc, 2 v\u00e1lvulas<\/td><td>Monocil\u00edndrico de 4 tiempos, refrigerado por aire, OHC, 199 cc, 2 v\u00e1lvulas<\/td><\/tr><tr><td>M\u00e1ximo Potencia<\/td><td>Aprox. 12,5 CV \/ 9000 rpm<\/td><td>Aprox. 20 CV \/ 8500 rpm<\/td><\/tr><tr><td>Par m\u00e1ximo<\/td><td>Aprox. 9,2 Nm \/ 7000 rpm<\/td><td>Aprox. 18,6 Nm \/ 7000 rpm<\/td><\/tr><tr><td>Transmisi\u00f3n\/Tracci\u00f3n<\/td><td>Transmisi\u00f3n por cadena de retorno de 5 velocidades<\/td><td>Transmisi\u00f3n por cadena de retorno de 5 velocidades<\/td><\/tr><tr><td>Frenos (delanteros\/traseros)<\/td><td>Disco\/Tambor (seg\u00fan el pa\u00eds)<\/td><td>Disco\/Tambor<\/td><\/tr><tr><td>Peso del veh\u00edculo<\/td><td>Aprox. 117 kg<\/td><td>Aprox. 132 kg<\/td><\/tr><tr><td>Altura del asiento<\/td><td>738 mm<\/td><td>850 mm<\/td><\/tr><tr><td>Capacidad del dep\u00f3sito de combustible<\/td><td>10,3 litros<\/td><td>13 litros<\/td><\/tr><tr><td>M\u00e9todo de arranque<\/td><td>Arranque (parcialmente equipado con pedal)<\/td><td>Arranque (parcialmente equipado con pedal)<\/td><\/tr><\/tbody><\/table><\/figure>\n\n\n\n<p>\u203bLa GN125 utiliza un sistema de suministro de combustible con carburador (no se ha implementado la inyecci\u00f3n). La DR200 tambi\u00e9n sigue la especificaci\u00f3n del carburador, y el equipo se ha reforzado seg\u00fan sea necesario (se ha a\u00f1adido un enfriador de aceite, etc.).<\/p>\n\n\n\n<h2 class=\"wp-block-heading\">Actividades en Am\u00e9rica del Sur y Central: Desde los pies de la gente com\u00fan hasta las bicicletas de la polic\u00eda<\/h2>\n\n\n\n<figure class=\"wp-block-image size-large\"><img decoding=\"async\" src=\"https:\/\/good-loop.co.jp\/wp-content\/uploads\/2025\/07\/DSC00794-1024x683.jpg\" alt=\"\" class=\"wp-image-759\"\/><figcaption class=\"wp-element-caption\">La Habana, Cuba<\/figcaption><\/figure>\n\n\n\n<p>En los pa\u00edses en desarrollo, tanto la GN125 como la DR200 han ganado un gran apoyo como \u00abla motocicleta preferida del pueblo\u00bb. La GN125 es particularmente popular en Sudam\u00e9rica, y en Colombia, por ejemplo, es un modelo l\u00edder en ventas en la categor\u00eda de 125 cc. De hecho, seg\u00fan las estad\u00edsticas de ventas nacionales de motocicletas en Colombia para diciembre de 2024, la Suzuki GN125 vendi\u00f3 2155 unidades al mes, una ligera disminuci\u00f3n con respecto al mismo mes del a\u00f1o anterior, pero un crecimiento del 47 % en los \u00faltimos a\u00f1os, lo que la convierte en un modelo l\u00edder en ventas junto a sus rivales. Con su excelente precio y eficiencia de combustible, esta motocicleta es ideal para los conductores locales como medio de transporte diario, y algunos se\u00f1alan que se ha convertido en una alternativa a la Honda Cub como una minimoto econ\u00f3mica, duradera y f\u00e1cil de usar. Mientras tanto, la DR200 tambi\u00e9n est\u00e1 demostrando su propio \u00e9xito en Sudam\u00e9rica. Por ejemplo, la Polic\u00eda Nacional de Colombia ha adoptado la DR200 (probablemente llamada DR200SE localmente) como motocicleta de patrullaje debido a su rendimiento todoterreno y confiabilidad. Se utiliza para patrullaje y transporte de mercanc\u00edas en zonas con muchos caminos sin pavimentar, lo que la convierte en una excelente motocicleta de trabajo. En otros pa\u00edses de Latinoam\u00e9rica, la DR200 tambi\u00e9n se utiliza en zonas rurales para patrullar fincas y remolcar carga, y mientras que la GN125 se utiliza para el transporte urbano, la DR200 se utiliza para el transporte rural, apoyando la vida de las personas en cada campo.<\/p>\n\n\n\n<p>Una an\u00e9cdota interesante es que un motociclista colombiano hizo realidad su sue\u00f1o de recorrer 13 000 km con una Suzuki GN125 en cinco pa\u00edses sudamericanos. El hombre de 45 a\u00f1os carg\u00f3 solo el equipaje m\u00ednimo indispensable en su querida GN125 (apodada \u00abBendici\u00f3n\u00bb) y cruz\u00f3 con \u00e9xito el continente en cuatro meses, desde Venezuela hasta Chile, pasando por Colombia, Ecuador y Per\u00fa. Los medios locales han expresado su asombro ante la potencia de la GN125, capaz de realizar viajes de larga distancia, normalmente realizados en una moto de aventura de gran cilindrada, con tan solo una \u00abpeque\u00f1a compa\u00f1era\u00bb de 125 cc. Esta an\u00e9cdota, en la que una \u00abmoto com\u00fan\u00bb logr\u00f3 llevar los sue\u00f1os de sus pilotos hasta el final, dice mucho de la fiabilidad y la solidez de la GN125.<\/p>\n\n\n\n<figure class=\"wp-block-gallery has-nested-images columns-default is-cropped wp-block-gallery-1 is-layout-flex wp-block-gallery-is-layout-flex\">\n<figure class=\"wp-block-image size-large\"><img decoding=\"async\" data-id=\"760\" src=\"https:\/\/good-loop.co.jp\/wp-content\/uploads\/2025\/07\/DSC01001-683x1024.jpg\" alt=\"\" class=\"wp-image-760\"\/><figcaption class=\"wp-element-caption\">La Habana, Cuba<\/figcaption><\/figure>\n\n\n\n<figure class=\"wp-block-image size-large\"><img decoding=\"async\" data-id=\"761\" src=\"https:\/\/good-loop.co.jp\/wp-content\/uploads\/2025\/07\/DSC01634-1024x683.jpg\" alt=\"\" class=\"wp-image-761\"\/><figcaption class=\"wp-element-caption\">Bogot\u00e1, Colombia<\/figcaption><\/figure>\n\n\n\n<figure class=\"wp-block-image size-large\"><img decoding=\"async\" data-id=\"763\" src=\"https:\/\/good-loop.co.jp\/wp-content\/uploads\/2025\/07\/DSC01951-1024x1024.jpg\" alt=\"\" class=\"wp-image-763\"\/><figcaption class=\"wp-element-caption\">Cartagena, Colombia<\/figcaption><\/figure>\n\n\n\n<figure class=\"wp-block-image size-large\"><img decoding=\"async\" data-id=\"762\" src=\"https:\/\/good-loop.co.jp\/wp-content\/uploads\/2025\/07\/DSC01820-1024x768.jpg\" alt=\"\" class=\"wp-image-762\"\/><figcaption class=\"wp-element-caption\">Bogot\u00e1, Colombia<\/figcaption><\/figure>\n<\/figure>\n\n\n\n<h2 class=\"wp-block-heading\">Evaluaci\u00f3n en \u00c1frica: Resistencia en entornos hostiles<\/h2>\n\n\n\n<p><strong>La GN125<\/strong> y la DR200 tambi\u00e9n gozan de gran aceptaci\u00f3n en pa\u00edses africanos gracias a su robustez. En zonas urbanas, la GN125, econ\u00f3mica y de f\u00e1cil mantenimiento, se utiliza como motocicleta en lugar de taxi o para repartos de lotes peque\u00f1os, lo que facilita el desplazamiento de personas. Mientras tanto, en zonas rurales y sabanas extensas, el robusto rendimiento todoterreno de la DR200 destaca por encima de todo. La DR200 se vende en muchos pa\u00edses, incluida la Rep\u00fablica Democr\u00e1tica del Congo en \u00c1frica Central, y en algunas regiones se la conoce como Trojan 200. Como su nombre, Trojan (caballo balanc\u00edn), indica, es una motocicleta utilizada en la agricultura y la ganader\u00eda, y se utiliza para patrullar grandes granjas y plantaciones. Se requiere que sea f\u00e1cil de usar, tenga una estructura sencilla que permita reparaciones locales en caso de aver\u00eda y sea econ\u00f3mica. La DR200 sin duda cumple con estas condiciones, y gracias a su motor refrigerado por aire y su estructura cl\u00e1sica, id\u00e9ntica a la de los veh\u00edculos todoterreno de la d\u00e9cada de 1980, incluso se dice que \u00abaunque se detenga, se puede abrir el motor y repararlo en el acto\u00bb. Adem\u00e1s, incluye de serie robustos portaequipajes delanteros y traseros, luces con protectores de tubos para que pueda transportar grandes cargas, y los guardabarros se han ampliado considerablemente, lo que la hace segura para circular por las carreteras africanas embarradas. Como una robusta compa\u00f1era que puede ir a cualquier parte siempre que haya gasolina en el tanque, la DR200 es utilizada por agricultores, guardabosques y, en ocasiones, por agencias de la ONU como motos de ayuda en \u00c1frica, y se ha ganado la confianza de la gente. La GN125 tambi\u00e9n tiene una estructura sencilla y es poco propensa a aver\u00edas, por lo que es bien recibida por los mec\u00e1nicos locales como una \u00abmoto f\u00e1cil de reparar\u00bb y es muy valorada como medio de transporte para empresas de transporte de larga distancia y guardias de seguridad locales. Se dice que \u00abtu mejor amiga en \u00c1frica es una camioneta Toyota y una moto de baja cilindrada\u00bb, y se ha convertido en uno de los veh\u00edculos m\u00e1s confiables en tierras hostiles.<\/p>\n\n\n\n<h2 class=\"wp-block-heading\">Popular en Asia: desde China y el Sudeste Asi\u00e1tico hasta Jap\u00f3n<\/h2>\n\n\n\n<figure class=\"wp-block-image size-large\"><img decoding=\"async\" src=\"https:\/\/good-loop.co.jp\/wp-content\/uploads\/2025\/07\/IMG_20241219_115015925-1024x576.jpg\" alt=\"\" class=\"wp-image-765\"\/><figcaption class=\"wp-element-caption\">Katmand\u00fa, Nepal<\/figcaption><\/figure>\n\n\n\n<p><strong>La presencia de estos dos modelos tampoco puede ignorarse en Asia<\/strong>. En primer lugar, la GN125 es un ejemplo notable de la exitosa producci\u00f3n bajo licencia en China. Como se mencion\u00f3 anteriormente, Grand River Group (Haojun) obtuvo los derechos de producci\u00f3n de Suzuki y los produjo en masa y los suministr\u00f3 desde la d\u00e9cada del 2000, lo que impuls\u00f3 su popularidad en China y los pa\u00edses del Sudeste Asi\u00e1tico. En el Sudeste Asi\u00e1tico, debido al aumento de precio de las Honda Super Cubs, se dice que la econ\u00f3mica y pr\u00e1ctica GN125 est\u00e1 aumentando su n\u00famero como medio de transporte para el p\u00fablico en general. Por ejemplo, en ciudades regionales de Filipinas, Tailandia y Malasia, la GN125 se considera cada vez m\u00e1s una motocicleta para el reparto de correo o de reparto. A pesar de pertenecer a la categor\u00eda de 125 cc, tiene suficiente potencia para dos personas y un dise\u00f1o de asiento bajo que facilita la carga y descarga de equipaje en parado, lo que la hace ideal para peque\u00f1os comerciantes y repartidores. Adem\u00e1s, la GN125, fabricada en China, se ha popularizado en el mercado de reparaci\u00f3n de motocicletas de los pa\u00edses asi\u00e1ticos gracias a su bajo coste y f\u00e1cil acceso online. Si bien en algunos aspectos la calidad de las piezas chapadas es inferior a la de las motos de fabricaci\u00f3n nacional, no se han presentado problemas graves gracias al proceso de fabricaci\u00f3n bajo la supervisi\u00f3n t\u00e9cnica de Suzuki, y la moto ha sido reconocida generalmente como una \u00abmoto econ\u00f3mica y de buena calidad\u00bb. En cuanto a la DR200, existe cierta demanda en Asia, principalmente como \u00abmoto p\u00fablica apta para circular por carreteras de monta\u00f1a\u00bb. Por ejemplo, en pa\u00edses con muchas carreteras de monta\u00f1a, como Nepal e Indonesia, existe una demanda de motos todoterreno robustas para la polic\u00eda y los guardias fronterizos, y en algunos casos se han implementado modelos equivalentes a la Suzuki DR200 (junto con modelos similares de otras marcas). Cabe destacar el \u00e9xito en Australia, donde la motocicleta agr\u00edcola basada en la DR200, vendida aqu\u00ed bajo el nombre de \u00abTrojan 200\u00bb, se considera la motocicleta agr\u00edcola m\u00e1s popular de Australia en 2023. Dise\u00f1ada para su uso en grandes ranchos, la Trojan 200 est\u00e1 equipada con caballetes a ambos lados, amplios protectores de manos, un faro hal\u00f3geno brillante, un gran dep\u00f3sito de 13 litros y un enfriador de aceite. Geogr\u00e1ficamente, Australia se encuentra en la regi\u00f3n Asia-Pac\u00edfico, por lo que es un poco diferente, pero es un buen ejemplo de c\u00f3mo la serie DR200 ha sido apreciada, con su nombre y equipamiento adaptados a las necesidades locales. En cuanto a la producci\u00f3n, se dice que la filial local de Suzuki en Tailandia ensambl\u00f3 los modelos de la serie DR200, lo que sugiere que era una base de suministro para el mercado asi\u00e1tico. Para los motociclistas de pa\u00edses asi\u00e1ticos, tanto la GN125 como la DR200 se consideran com\u00fanmente \u00abmotos con un rendimiento suficiente, robustas y que se pueden usar durante mucho tiempo\u00bb, y es un orgullo que estos modelos japoneses de baja cilindrada se hayan consolidado como superventas a nivel local.<\/p>\n\n\n\n<h2 class=\"wp-block-heading\">Mantenimiento, confiabilidad y durabilidad: Razones para seguir am\u00e1ndolas<\/h2>\n\n\n\n<p>La raz\u00f3n por la que la GN125 y la DR200 son tan populares en todo el mundo es su <strong>excelente mantenimiento y confiabilidad<\/strong>. La GN125 tiene un motor cl\u00e1sico refrigerado por aire con carburador, pero tiene un excelente consumo de combustible, y sin importar lo dif\u00edcil que sea la conducci\u00f3n, rara vez baja de los 40 km\/l. Su estructura es simple y el n\u00famero de piezas es peque\u00f1o, por lo que tiene pocas aver\u00edas, e incluso si surge un problema, es f\u00e1cil para un aficionado mantenerla con solo una herramienta. Esta es probablemente la principal raz\u00f3n por la que es tan popular en los pa\u00edses en desarrollo. La GN125 es una excelente compa\u00f1era para el mantenimiento casero, y los entusiastas de las motocicletas la consideran un excelente material did\u00e1ctico para aprender a experimentar. La DR200 tampoco es inferior en cuanto a fiabilidad y robustez. Desde la DR125S de la d\u00e9cada de 1980, que fue el modelo base, el dise\u00f1o b\u00e1sico se ha mantenido pr\u00e1cticamente igual durante m\u00e1s de un cuarto de siglo, alcanzando as\u00ed un nivel de perfecci\u00f3n impecable. Los motores monocil\u00edndricos refrigerados por aire son m\u00e1s f\u00e1ciles de mantener que los refrigerados por agua, y el equipo el\u00e9ctrico es m\u00ednimo, por lo que es f\u00e1cil identificar la aver\u00eda. En la Djebel 200 de 1999 y posteriores (DF a partir de 1998) y la DR200SE para el extranjero, adem\u00e1s del motor de arranque el\u00e9ctrico, se incluye un pedal de repuesto, lo que garantiza un arranque fiable en entornos hostiles. Se trata de una simplicidad impensable para las motos de aventura de gran cilindrada actuales, pero ese es el verdadero valor de la DR200. Por ejemplo, los agricultores australianos conf\u00edan en esta moto cuando la recorren por el inmenso interior del pa\u00eds porque \u00abno tiene controles electr\u00f3nicos innecesarios, as\u00ed que incluso si se rompe, se puede arreglar y no se estropea\u00bb. Tambi\u00e9n hay casos en los que las motos utilizadas por la polic\u00eda en Centroam\u00e9rica y Sudam\u00e9rica siguen en uso tras decenas de miles de kil\u00f3metros, y las motos antiguas son muy populares en el mercado de segunda mano (porque siguen funcionando si se reparan). El concepto de dise\u00f1o de \u00abuna moto resistente y f\u00e1cil de usar que cualquiera puede conducir en cualquier momento\u00bb se materializa a la perfecci\u00f3n en la DR200.<\/p>\n\n\n\n<p>En general, las Suzuki DR200 y GN125 pueden ser motos de baja cilindrada que no destacan en cuanto a especificaciones. Sin embargo, su <strong>rendimiento pr\u00e1ctico, alta fiabilidad y facilidad de mantenimiento<\/strong> han sido probados en todo el mundo, y poseen un encanto que los \u00faltimos modelos de lujo no poseen. Ambas motos tienen en com\u00fan la sensaci\u00f3n de ser una \u00abcompa\u00f1era de viaje a largo plazo\u00bb. Incluso sin depender de los controles electr\u00f3nicos m\u00e1s modernos, siguen funcionando con potencia, impulsando la vida y los sue\u00f1os de las personas. \u00bfAcaso son realmente seres que han pasado de ser secundarios a ser protagonistas? La DR200 y la GN125, creadas por Suzuki, seguir\u00e1n funcionando con potencia en las carreteras de todo el mundo y, sin duda, seguir\u00e1n siendo apreciadas por muchos motociclistas.<\/p>\n\n\n\n<h2 class=\"wp-block-heading\">Transformando un burro en un caballo veloz \u2500 Puesta a punto pr\u00e1ctica<\/h2>\n\n\n\n<p>La DR200 es una bicicleta robusta y f\u00e1cil de manejar, pero muchos piden un modelo que ofrezca un poco m\u00e1s de espacio y seguridad al conducir. En Good Loop, hemos implementado mejoras centr\u00e1ndonos en mejorar la practicidad y la fiabilidad, en lugar de la presentaci\u00f3n excesiva o la ostentaci\u00f3n.<\/p>\n\n\n\n<h3 class=\"wp-block-heading\">1. Enfriador de aceite a\u00f1adido para el DF200E<\/h3>\n\n\n\n<p>Se ha instalado un enfriador de aceite adaptado de la serie DF. No solo mejora la eficiencia de refrigeraci\u00f3n, sino que tambi\u00e9n aumenta la capacidad de aceite de 1100 ml a 1200 ml, lo que lo convierte en una medida eficaz contra el goteo de calor durante los viajes largos. Esto marca la diferencia, especialmente en verano y en carreteras de monta\u00f1a.<\/p>\n\n\n\n<h3 class=\"wp-block-heading\">2. Refuerzo del freno delantero (adoptado de la serie DR350)<\/h3>\n\n\n\n<p>Hab\u00eda dudas sobre la potencia de frenado del freno original de un solo pist\u00f3n, por lo que se instal\u00f3 un disco de mayor di\u00e1metro y una pinza de dos pistones de la DR350. El soporte se fabric\u00f3 a medida. Como resultado, se redujo la distancia de frenado y se mejor\u00f3 la estabilidad, incluso en descensos o al llevar equipaje.<\/p>\n\n\n\n<figure class=\"wp-block-image size-full\"><img decoding=\"async\" src=\"https:\/\/good-loop.co.jp\/wp-content\/uploads\/2025\/07\/DR_Brake_Mod.jpg\" alt=\"\" class=\"wp-image-766\"\/><\/figure>\n\n\n\n<h3 class=\"wp-block-heading\">3. Reemplazo del carburador por un TM28SS<\/h3>\n\n\n\n<p>Se reemplaz\u00f3 por un carburador de apertura y cierre forzado (Mikuni TM28SS) con bomba de aceleraci\u00f3n, como el usado en la DR250R. Se ha mejorado la respuesta lenta del carburador CV de serie, eliminando el retraso en la aceleraci\u00f3n al abrir el acelerador. La sensaci\u00f3n de par motor aumenta sin comprometer la facilidad de uso.<\/p>\n\n\n\n<figure class=\"wp-block-image size-full\"><img decoding=\"async\" src=\"https:\/\/good-loop.co.jp\/wp-content\/uploads\/2025\/07\/TM28SS.jpg\" alt=\"\" class=\"wp-image-767\"\/><\/figure>\n\n\n\n<h3 class=\"wp-block-heading\">4. Pulido de los puertos de admisi\u00f3n y escape<\/h3>\n\n\n\n<p>Los puertos de admisi\u00f3n y escape se pulen para mejorar la velocidad del flujo y la eficiencia de llenado. Esto mejora la potencia, especialmente a altas RPM. No es un cambio llamativo, pero suaviza la respuesta general del acelerador.<\/p>\n\n\n\n<figure class=\"wp-block-image size-large\"><img decoding=\"async\" src=\"https:\/\/good-loop.co.jp\/wp-content\/uploads\/2025\/07\/DR_Port-1024x1024.jpg\" alt=\"\" class=\"wp-image-768\"\/><\/figure>\n\n\n\n<h3 class=\"wp-block-heading\">5. Reemplazo con cilindro revestido SCEM<\/h3>\n\n\n\n<p>Se cambi\u00f3 a un cilindro revestido de modelo posterior (modelo 2003 o posterior) que ofrece una excelente disipaci\u00f3n del calor y resistencia al desgaste. Se reduce el riesgo de fugas de aceite y se espera un funcionamiento estable durante un largo periodo. El consumo de aceite tambi\u00e9n se reduce, lo que la hace especialmente eficaz para viajes.<\/p>\n\n\n\n<p>Todas estas mejoras tienen como objetivo \u00abmejorar la comodidad y el rendimiento, aprovechando al m\u00e1ximo la fiabilidad del material de la DR200\u00bb. Si bien priorizamos el medio ambiente local y la facilidad de mantenimiento, la hemos convertido en una \u00abespecificaci\u00f3n de viaje\u00bb que puede utilizar durante mucho tiempo con tranquilidad. Un veh\u00edculo que funciona como un burro, pero corre como un caballo de primera. Esa es la DR200 de Good Loop.<\/p>\n\n\n\n<hr class=\"wp-block-separator has-alpha-channel-opacity\"\/>\n\n\n\n<p>Tenemos un Djebel 200 (DR200SE) como veh\u00edculo de investigaci\u00f3n y desarrollo, y podemos asesorarle sobre la puesta a punto de cada modelo. No dude en contactarnos para obtener la informaci\u00f3n m\u00e1s reciente sobre precios de segunda mano. Le sugeriremos un coche que se ajuste a sus gustos y presupuesto.<\/p>\n","protected":false},"excerpt":{"rendered":"<p>El nacimiento y la evoluci\u00f3n de la GN125: La historia del desarrollo de la \u00abescabel del plebeyo\u00bb La Suzuki GN125 es una motocicleta de 125 cc lanzada en Jap\u00f3n en abril de 1982. Fue lanzada como uno de los modelos de la serie GN (50-400 cc) en aquel entonces, y adopt\u00f3 un estilo cruiser bajo [&hellip;]<\/p>\n","protected":false},"author":1,"featured_media":867,"parent":663,"menu_order":0,"comment_status":"closed","ping_status":"closed","template":"","meta":{"footnotes":""},"class_list":["post-755","page","type-page","status-publish","has-post-thumbnail","hentry"],"_links":{"self":[{"href":"https:\/\/good-loop.co.jp\/es\/wp-json\/wp\/v2\/pages\/755","targetHints":{"allow":["GET"]}}],"collection":[{"href":"https:\/\/good-loop.co.jp\/es\/wp-json\/wp\/v2\/pages"}],"about":[{"href":"https:\/\/good-loop.co.jp\/es\/wp-json\/wp\/v2\/types\/page"}],"author":[{"embeddable":true,"href":"https:\/\/good-loop.co.jp\/es\/wp-json\/wp\/v2\/users\/1"}],"replies":[{"embeddable":true,"href":"https:\/\/good-loop.co.jp\/es\/wp-json\/wp\/v2\/comments?post=755"}],"version-history":[{"count":2,"href":"https:\/\/good-loop.co.jp\/es\/wp-json\/wp\/v2\/pages\/755\/revisions"}],"predecessor-version":[{"id":946,"href":"https:\/\/good-loop.co.jp\/es\/wp-json\/wp\/v2\/pages\/755\/revisions\/946"}],"up":[{"embeddable":true,"href":"https:\/\/good-loop.co.jp\/es\/wp-json\/wp\/v2\/pages\/663"}],"wp:featuredmedia":[{"embeddable":true,"href":"https:\/\/good-loop.co.jp\/es\/wp-json\/wp\/v2\/media\/867"}],"wp:attachment":[{"href":"https:\/\/good-loop.co.jp\/es\/wp-json\/wp\/v2\/media?parent=755"}],"curies":[{"name":"wp","href":"https:\/\/api.w.org\/{rel}","templated":true}]}}