{"id":837,"date":"2023-01-19T22:41:38","date_gmt":"2023-01-19T13:41:38","guid":{"rendered":"http:\/\/good-loop.co.jp"},"modified":"2025-07-27T19:21:11","modified_gmt":"2025-07-27T10:21:11","slug":"politica_de_privacidad","status":"publish","type":"page","link":"https:\/\/good-loop.co.jp\/es\/politica_de_privacidad\/","title":{"rendered":"Pol\u00edtica de privacidad"},"content":{"rendered":"\n<h2 class=\"wp-block-heading\">Sobre nosotros<\/h2>\n\n\n\n<p>La direcci\u00f3n de nuestro sitio web es https:\/\/good-loop.co.jp.<\/p>\n\n\n\n<h2 class=\"wp-block-heading\">\u00bfQu\u00e9 datos personales recopila este sitio y por qu\u00e9?<\/h2>\n\n\n\n<h3 class=\"wp-block-heading\">Comentarios<\/h3>\n\n\n\n<p>Cuando los visitantes dejan comentarios en este sitio, recopilamos los datos que se muestran en el formulario de comentarios, as\u00ed como su direcci\u00f3n IP y la cadena de agente de usuario del navegador para ayudar a detectar spam. <\/p>\n\n\n\n<p>Es posible que se proporcione al servicio Gravatar una cadena an\u00f3nima creada a partir de tu direcci\u00f3n de correo electr\u00f3nico (tambi\u00e9n llamada hash) para verificar si la est\u00e1s usando. La pol\u00edtica de privacidad del servicio Gravatar est\u00e1 disponible aqu\u00ed: https:\/\/automattic.com\/privacy\/. Una vez aprobado tu comentario, tu foto de perfil se mostrar\u00e1 p\u00fablicamente en el contexto del mismo. <\/p>\n\n\n\n<h3 class=\"wp-block-heading\">Multimedia<\/h3>\n\n\n\n<p>Si subes im\u00e1genes a tu sitio web, no deber\u00edas subir im\u00e1genes que contengan datos de ubicaci\u00f3n (GPS EXIF). Los visitantes de tu sitio web pueden descargar im\u00e1genes y extraer datos de ubicaci\u00f3n. <\/p>\n\n\n\n<h3 class=\"wp-block-heading\">Formulario de contacto<\/h3>\n\n\n\n<p>Cuando un visitante realiza una consulta en este sitio, se recopilan los datos que aparecen en el formulario. Utilizamos Formularios de Google, una herramienta de gesti\u00f3n de encuestas de Google. Es posible que se le solicite que registre informaci\u00f3n personal al realizar una consulta, pero esta informaci\u00f3n personal no se utilizar\u00e1 para fines distintos a los que se proporcionaron. La informaci\u00f3n personal que nos conf\u00edan nuestros clientes se utilizar\u00e1 para contactarnos, proporcionar informaci\u00f3n sobre nuestra empresa y enviar correos electr\u00f3nicos y materiales para responder a sus preguntas. <\/p>\n\n\n\n<h3 class=\"wp-block-heading\">Cookies<\/h3>\n\n\n\n<p>Si dejas un comentario en nuestro sitio, puedes configurar las cookies para que guardes tu nombre, direcci\u00f3n de correo electr\u00f3nico y sitio web. Esto es para tu comodidad, para que no tengas que volver a introducir tus datos cuando dejes otro comentario. Estas cookies tienen una duraci\u00f3n de un a\u00f1o. <\/p>\n\n\n\n<p>Si tienes una cuenta e inicias sesi\u00f3n en este sitio, instalaremos una cookie temporal para determinar si tu navegador acepta cookies. Esta cookie no contiene datos personales y se elimina al cerrar el navegador. <\/p>\n\n\n\n<p>Al iniciar sesi\u00f3n, tambi\u00e9n instalamos varias cookies para recordar tu informaci\u00f3n de inicio de sesi\u00f3n y las opciones de visualizaci\u00f3n de pantalla. Las cookies de inicio de sesi\u00f3n duran dos d\u00edas y las de opciones de pantalla, un a\u00f1o. Si seleccionas \u00abRecordarme\u00bb, tu inicio de sesi\u00f3n se conservar\u00e1 durante dos semanas. Si cierras sesi\u00f3n, las cookies de inicio de sesi\u00f3n se eliminar\u00e1n. <\/p>\n\n\n\n<p>Si editas o publicas una entrada, se guardar\u00e1 una cookie adicional en tu navegador. Esta cookie no contiene datos personales; simplemente indica el ID de la entrada que acabas de editar. Caduca al d\u00eda siguiente. <\/p>\n\n\n\n<h3 class=\"wp-block-heading\">Contenido incrustado de otros sitios web<\/h3>\n\n\n\n<p>Los art\u00edculos de este sitio pueden incluir contenido incrustado (por ejemplo, v\u00eddeos, im\u00e1genes, publicaciones, etc.). El contenido incrustado de otros sitios web se comporta exactamente igual que si el visitante hubiera visitado el otro sitio web. <\/p>\n\n\n\n<p>Estos sitios pueden recopilar datos sobre usted, utilizar cookies, integrar seguimiento adicional de terceros y supervisar su interacci\u00f3n con dicho contenido incrustado, incluido el seguimiento de su interacci\u00f3n con dicho contenido si tiene una cuenta y ha iniciado sesi\u00f3n en ese sitio web. <\/p>\n\n\n\n<h3 class=\"wp-block-heading\">Analytics<\/h3>\n\n\n\n<p>Este sitio utiliza Google Analytics, una herramienta de an\u00e1lisis de acceso proporcionada por Google. Google Analytics utiliza cookies para recopilar datos de tr\u00e1fico. Estos datos se recopilan de forma an\u00f3nima y no identifican a las personas. Esta funci\u00f3n le permite rechazar la recopilaci\u00f3n desactivando las cookies; por lo tanto, revise la configuraci\u00f3n de su navegador. Para obtener m\u00e1s informaci\u00f3n sobre estos t\u00e9rminos, haga clic <a href=\"https:\/\/marketingplatform.google.com\/about\/analytics\/terms\/jp\/\">aqu\u00ed<\/a> o <a href=\"https:\/\/policies.google.com\/technologies\/partner-sites?hl=ja\">aqu\u00ed<\/a>. <\/p>\n\n\n\n<h3 class=\"wp-block-heading\">Distribuci\u00f3n de anuncios<\/h3>\n\n\n\n<p>Este sitio utiliza el servicio de publicidad de terceros \u00abGoogle Adsense\u00bb. Las empresas de distribuci\u00f3n de anuncios de terceros, como Google, pueden utilizar cookies (informaci\u00f3n, como cu\u00e1ndo los visitantes de este sitio acceden a este u otros sitios) para mostrar anuncios que coincidan con los intereses del visitante. Los visitantes pueden desactivar los anuncios personalizados (en adelante, \u00abanuncios personalizados\u00bb) en <a rel=\"noopener noreferrer\" href=\"https:\/\/adssettings.google.com\/\" target=\"_blank\">Configuraci\u00f3n de anuncios<\/a> (o visitar <a rel=\"noopener noreferrer\" href=\"https:\/\/optout.aboutads.info\/\" target=\"_blank\">www.aboutads.info<\/a> para desactivar las cookies de distribuidores externos utilizadas para anuncios personalizados). Si no ha desactivado los anuncios de terceros, es posible que se muestren en su sitio web anuncios de distribuidores y redes publicitarias externos. Para obtener m\u00e1s informaci\u00f3n sobre los distribuidores de anuncios aprobados por Google para la distribuci\u00f3n de anuncios de terceros, haga clic aqu\u00ed. <\/p>\n\n\n\n<h3 class=\"wp-block-heading\">\u00bfDurante cu\u00e1nto tiempo conservamos tus datos?<\/h3>\n\n\n\n<p>Si dejas un comentario, este y sus metadatos se conservan indefinidamente. Esto nos permite reconocer y aprobar autom\u00e1ticamente cualquier comentario posterior, en lugar de mantenerlos en una cola de moderaci\u00f3n. <\/p>\n\n\n\n<p>Si eres un usuario registrado de este sitio, almacenaremos la informaci\u00f3n personal que proporciones en tu perfil. Todos los usuarios pueden ver, editar o eliminar su informaci\u00f3n personal (excepto que no pueden cambiar su nombre de usuario). Los administradores del sitio tambi\u00e9n pueden ver y editar dicha informaci\u00f3n. <\/p>\n\n\n\n<h2 class=\"wp-block-heading\">Sus derechos sobre sus datos<\/h2>\n\n\n\n<p>Si tiene una cuenta en este sitio o ha dejado comentarios, puede solicitar recibir un archivo exportado de los datos personales que tenemos sobre usted, incluyendo cualquier dato que nos haya proporcionado. Tambi\u00e9n puede solicitar que eliminemos cualquier dato personal que tengamos sobre usted. Esto no incluye los datos que estemos obligados a conservar con fines administrativos, legales o de seguridad. <\/p>\n\n\n\n<h2 class=\"wp-block-heading\">Ad\u00f3nde enviamos sus datos<\/h2>\n\n\n\n<p>Los comentarios de los visitantes pueden revisarse a trav\u00e9s de un servicio autom\u00e1tico de detecci\u00f3n de spam. <\/p>\n","protected":false},"excerpt":{"rendered":"<p>Sobre nosotros La direcci\u00f3n de nuestro sitio web es https:\/\/good-loop.co.jp. \u00bfQu\u00e9 datos personales recopila este sitio y por qu\u00e9? Comentarios Cuando los visitantes dejan comentarios en este sitio, recopilamos los datos que se muestran en el formulario de comentarios, as\u00ed como su direcci\u00f3n IP y la cadena de agente de usuario del navegador para ayudar [&hellip;]<\/p>\n","protected":false},"author":1,"featured_media":0,"parent":0,"menu_order":0,"comment_status":"closed","ping_status":"open","template":"","meta":{"footnotes":""},"class_list":["post-837","page","type-page","status-publish","hentry"],"_links":{"self":[{"href":"https:\/\/good-loop.co.jp\/es\/wp-json\/wp\/v2\/pages\/837","targetHints":{"allow":["GET"]}}],"collection":[{"href":"https:\/\/good-loop.co.jp\/es\/wp-json\/wp\/v2\/pages"}],"about":[{"href":"https:\/\/good-loop.co.jp\/es\/wp-json\/wp\/v2\/types\/page"}],"author":[{"embeddable":true,"href":"https:\/\/good-loop.co.jp\/es\/wp-json\/wp\/v2\/users\/1"}],"replies":[{"embeddable":true,"href":"https:\/\/good-loop.co.jp\/es\/wp-json\/wp\/v2\/comments?post=837"}],"version-history":[{"count":3,"href":"https:\/\/good-loop.co.jp\/es\/wp-json\/wp\/v2\/pages\/837\/revisions"}],"predecessor-version":[{"id":928,"href":"https:\/\/good-loop.co.jp\/es\/wp-json\/wp\/v2\/pages\/837\/revisions\/928"}],"wp:attachment":[{"href":"https:\/\/good-loop.co.jp\/es\/wp-json\/wp\/v2\/media?parent=837"}],"curies":[{"name":"wp","href":"https:\/\/api.w.org\/{rel}","templated":true}]}}