{"id":842,"date":"2024-08-14T18:05:13","date_gmt":"2024-08-14T09:05:13","guid":{"rendered":"https:\/\/good-loop.co.jp\/?page_id=489"},"modified":"2025-07-27T19:31:03","modified_gmt":"2025-07-27T10:31:03","slug":"subasta_de_bicicletas_en_consignacion","status":"publish","type":"page","link":"https:\/\/good-loop.co.jp\/es\/subasta_consignacion\/subasta_de_bicicletas_en_consignacion\/","title":{"rendered":"Servicio de agencia de subastas de motocicletas usadas"},"content":{"rendered":"\n<h2 class=\"wp-block-heading\">Compra y venta de motocicletas usadas con mayor tranquilidad y rentabilidad<\/h2>\n\n\n\n<p>\u00bfQuieres vender tu motocicleta favorita al mejor precio? \u00bfQuieres conseguir la motocicleta que deseas a bajo precio? Te ofrecemos el mejor servicio de subasta de motocicletas usadas por proxy.<\/p>\n\n\n\n<p>&#x1f449; <strong>Participaremos en subastas de concesionarios en tu nombre, \u00a1en las que no pueden participar particulares!<\/strong><\/p>\n\n\n\n<hr class=\"wp-block-separator has-alpha-channel-opacity\" \/>\n\n\n\n<h2 class=\"wp-block-heading\">\ud83d\udd25 Tres beneficios de un agente de subastas<\/h2>\n\n\n\n<h3 class=\"wp-block-heading\">\u2705 \u00a1Elimina al intermediario!<\/h3>\n\n\n\n<p>Como se trata de una subasta entre distribuidores, puedes vender caro y comprar barato sin comisiones innecesarias.<\/p>\n\n\n\n<h3 class=\"wp-block-heading\">&#x2705; Gran cantidad de art\u00edculos en oferta<\/h3>\n\n\n\n<p>Muchos veh\u00edculos se venden en subastas de concesionarios, por lo que es m\u00e1s probable que encuentres la moto que buscas y tus posibilidades de venta aumentar\u00e1n.<\/p>\n\n\n\n<h3 class=\"wp-block-heading\">&#x2705; Asistencia profesional<\/h3>\n\n\n\n<p>Nos encargaremos de todos los tr\u00e1mites que requieren mucho tiempo, como pujar, adjudicar la subasta, transferir el nombre y el transporte.<\/p>\n\n\n\n<hr class=\"wp-block-separator has-alpha-channel-opacity\" \/>\n\n\n\n<h2 class=\"wp-block-heading\">\ud83d\udcdd Estructura de tarifas<\/h2>\n\n\n\n<h3 class=\"wp-block-heading\">&#x1f3cd;&#xfe0f; Plan de agencia de pujas (compra)<\/h3>\n\n\n\n<ul class=\"wp-block-list\">\n\n<li>Comisi\u00f3n de agencia de pujas: 19.800 yenes o m\u00e1s (10% del precio de la puja ganadora + 19.800 yenes)<\/li>\n\n\n<li>Comisi\u00f3n de pujas: 5.000 yenes o m\u00e1s (var\u00eda seg\u00fan el lugar y el tipo de veh\u00edculo)<\/li>\n\n\n<li>Comisi\u00f3n de pujas: 1.000 yenes (por subasta)<\/li>\n\n\n<li>Tarifa de env\u00edo terrestre: 8000 yenes o m\u00e1s (var\u00eda seg\u00fan la distancia y el tipo de veh\u00edculo)<\/li>\n\n<\/ul>\n\n\n\n<h3 class=\"wp-block-heading\">&#x1f6f5; Plan de agencia de ventas (publicaci\u00f3n)<\/h3>\n\n\n\n<ul class=\"wp-block-list\">\n\n<li>Comisi\u00f3n de la agencia de publicaci\u00f3n: desde 19.800 yenes (10% del precio del contrato + 19.800 yenes)<\/li>\n\n\n<li>Comisi\u00f3n de publicaci\u00f3n: desde 3.000 yenes (var\u00eda seg\u00fan el lugar y el tipo de veh\u00edculo)<\/li>\n\n\n<li>Comisi\u00f3n del contrato: desde 5.000 yenes (var\u00eda seg\u00fan el lugar y el tipo de veh\u00edculo)<\/li>\n\n\n<li>Env\u00edo terrestre: 8000 yenes o m\u00e1s (var\u00eda seg\u00fan la distancia y el tipo de veh\u00edculo)<\/li>\n\n<\/ul>\n\n\n\n<p>(Todos los precios no incluyen el impuesto al consumo)<\/p>\n\n\n\n<hr class=\"wp-block-separator has-alpha-channel-opacity\" \/>\n\n\n\n<h2 class=\"wp-block-heading\">&#x1f680; Flujo de servicio<\/h2>\n\n\n\n<div style=\"max-width: 400px;margin: 0 auto;font-family: sans-serif\">\n<div style=\"border: 1px solid #ccc;border-radius: 8px;padding: 10px;text-align: center;margin-bottom: 10px\">\nCont\u00e1ctanos\n<\/div>\n<div style=\"text-align: center\">\u2193<\/div>\n<div style=\"border: 1px solid #ccc;border-radius: 8px;padding: 10px;text-align: center;margin-bottom: 10px\">\nEntrevista e inspecci\u00f3n del veh\u00edculo\n<\/div>\n<div style=\"text-align: center\">\u2193<\/div>\n<div style=\"border: 1px solid #ccc;border-radius: 8px;padding: 10px;text-align: center;margin-bottom: 10px\">\nAcuerdos de publicaci\u00f3n\/puja\n<\/div>\n<div style=\"text-align: center\">\u2193<\/div>\n<div style=\"border: 1px solid #ccc;border-radius: 8px;padding: 10px;text-align: center;margin-bottom: 10px\">\nPuja ganadora\/cambio de nombre\n<\/div>\n<div style=\"text-align: center\">\u2193<\/div>\n<div style=\"border: 1px solid #ccc;border-radius: 8px;padding: 10px;text-align: center\">\nPago\/Entrega\n<\/div>\n<\/div>\n\n\n\n<hr class=\"wp-block-separator has-alpha-channel-opacity\" \/>\n\n\n\n<h2 class=\"wp-block-heading\">&#x1f3c6; Historias de \u00e9xito<\/h2>\n\n\n\n<figure class=\"wp-block-table\">\n<table class=\"has-fixed-layout\">\n<thead>\n<tr>\n<th>Modelo<\/th>\n<th>Resultados<\/th>\n<th>Comentarios<\/th>\n<\/tr>\n<\/thead>\n<tbody>\n<tr>\n<td>Honda CBR250RR<\/td>\n<td>Puja ganada por 480.000 yenes<\/td>\n<td>Vendida por 100.000 yenes m\u00e1s que el precio de compra del concesionario<\/td>\n<\/tr>\n<tr>\n<td>Yamaha MT-09<\/td>\n<td>Puja ganada por 590.000 yenes<\/td>\n<td>\u00a1Decisi\u00f3n inmediata a un precio satisfactorio!<\/td>\n<\/tr>\n<tr>\n<td>Kawasaki Ninja 400<\/td>\n<td>Comprada por 450.000 yenes<\/td>\n<td>70.000 yenes menos que en otros sitios web<\/td>\n<\/tr>\n<\/tbody>\n<\/table>\n<\/figure>\n\n\n\n<hr class=\"wp-block-separator has-alpha-channel-opacity\" \/>\n\n\n\n<h2 class=\"wp-block-heading\">Preguntas frecuentes (FAQ)<\/h2>\n\n\n\n<h3 class=\"wp-block-heading\">P. \u00bfEs posible que principiantes utilicen subastas?<\/h3>\n\n\n\n<p>R. Nuestro personal especializado se encargar\u00e1 de todo para que pueda utilizar nuestros servicios con tranquilidad.<\/p>\n\n\n\n<h3 class=\"wp-block-heading\">P. \u00bfPuedo obtener una tasaci\u00f3n antes de vender?<\/h3>\n\n\n\n<p>R. Le proporcionaremos una tasaci\u00f3n gratuita basada en fotos e informaci\u00f3n sencilla. No dude en contactarnos.<\/p>\n\n\n\n<h3 class=\"wp-block-heading\">P. \u00bfPuedo exportar mi bicicleta?<\/h3>\n\n\n\n<p>R. S\u00ed, tambi\u00e9n podemos hablar sobre la venta y exportaci\u00f3n a mercados extranjeros.<\/p>\n\n\n\n<hr class=\"wp-block-separator has-alpha-channel-opacity\" \/>\n\n\n\n<h2 class=\"wp-block-heading\">\ud83d\udc64 Presentaci\u00f3n del personal a cargo<\/h2>\n\n\n\n<ul class=\"wp-block-list\">\n\n<li>M\u00e1s de 20 a\u00f1os de experiencia en motocicletas<\/li>\n\n\n<li>Conocedores de agencias de exportaci\u00f3n y subastas<\/li>\n\n\n<li>\u00a1Respondemos con el lema de \u00absinceridad y rapidez\u00bb!<\/li>\n\n<\/ul>\n\n\n\n<hr class=\"wp-block-separator has-alpha-channel-opacity\" \/>\n\n\n\n<h2 class=\"wp-block-heading\">&#x1f4e9; Consultas gratuitas<\/h2>\n\n\n\n<p>\u00a1No dude en contactarnos si tiene alguna pregunta!<\/p>\n\n\n\n<p>&#x1f449; <a href=\"https:\/\/docs.google.com\/forms\/d\/1JATPpeGfRXaemIpjUO1PbKltxmmkNDiiO8owNQoPJU4\/\" target=\"_blank\" rel=\"noreferrer noopener\"><strong>Cont\u00e1ctanos mediante este formulario<\/strong><\/a><\/p>\n\n\n\n<hr class=\"wp-block-separator has-alpha-channel-opacity\" \/>\n\n\n\n<h3 class=\"wp-block-heading\">&#x1f69a; Para quienes est\u00e9n pensando en exportar motocicletas<\/h3>\n\n\n\n<p>Tambi\u00e9n podemos asesorarlo sobre exportaciones y destinos internacionales.<\/p>\n\n\n\n<hr class=\"wp-block-separator has-alpha-channel-opacity\" \/>\n\n\n\n<p>Good Loop apoya a los amantes de las motocicletas ofreci\u00e9ndoles la mejor manera de comprar y vender. Haga que su vida en motocicleta sea m\u00e1s libre e inteligente.<\/p>\n\n\n\n<p class=\"has-x-large-font-size\" style=\"line-height:1.2\">Cont\u00e1ctanos aqu\u00ed<\/p>\n\n\n\n<div class=\"wp-block-buttons is-layout-flex wp-block-buttons-is-layout-flex\">\n\n<div class=\"wp-block-button has-custom-font-size has-small-font-size\">\n<a class=\"wp-block-button__link wp-element-button\" href=\"https:\/\/docs.google.com\/forms\/d\/1JATPpeGfRXaemIpjUO1PbKltxmmkNDiiO8owNQoPJU4\/\" target=\"_blank\" rel=\"noreferrer noopener\">Cont\u00e1ctanos<\/a>\n<\/div>\n\n<\/div>\n","protected":false},"excerpt":{"rendered":"<p>Compra y venta de motocicletas usadas con mayor tranquilidad y rentabilidad \u00bfQuieres vender tu motocicleta favorita al mejor precio? \u00bfQuieres conseguir la motocicleta que deseas a bajo precio? Te ofrecemos el mejor servicio de subasta de motocicletas usadas por proxy. &#x1f449; Participaremos en subastas de concesionarios en tu nombre, \u00a1en las que no pueden participar [&hellip;]<\/p>\n","protected":false},"author":1,"featured_media":932,"parent":478,"menu_order":0,"comment_status":"closed","ping_status":"closed","template":"","meta":{"footnotes":""},"class_list":["post-842","page","type-page","status-publish","has-post-thumbnail","hentry"],"_links":{"self":[{"href":"https:\/\/good-loop.co.jp\/es\/wp-json\/wp\/v2\/pages\/842","targetHints":{"allow":["GET"]}}],"collection":[{"href":"https:\/\/good-loop.co.jp\/es\/wp-json\/wp\/v2\/pages"}],"about":[{"href":"https:\/\/good-loop.co.jp\/es\/wp-json\/wp\/v2\/types\/page"}],"author":[{"embeddable":true,"href":"https:\/\/good-loop.co.jp\/es\/wp-json\/wp\/v2\/users\/1"}],"replies":[{"embeddable":true,"href":"https:\/\/good-loop.co.jp\/es\/wp-json\/wp\/v2\/comments?post=842"}],"version-history":[{"count":1,"href":"https:\/\/good-loop.co.jp\/es\/wp-json\/wp\/v2\/pages\/842\/revisions"}],"predecessor-version":[{"id":920,"href":"https:\/\/good-loop.co.jp\/es\/wp-json\/wp\/v2\/pages\/842\/revisions\/920"}],"up":[{"embeddable":true,"href":"https:\/\/good-loop.co.jp\/es\/wp-json\/wp\/v2\/pages\/478"}],"wp:featuredmedia":[{"embeddable":true,"href":"https:\/\/good-loop.co.jp\/es\/wp-json\/wp\/v2\/media\/932"}],"wp:attachment":[{"href":"https:\/\/good-loop.co.jp\/es\/wp-json\/wp\/v2\/media?parent=842"}],"curies":[{"name":"wp","href":"https:\/\/api.w.org\/{rel}","templated":true}]}}