{"id":962,"date":"2025-08-20T22:49:17","date_gmt":"2025-08-20T13:49:17","guid":{"rendered":"https:\/\/good-loop.co.jp\/es\/overseas_entry_tc\/"},"modified":"2025-08-25T09:36:26","modified_gmt":"2025-08-25T00:36:26","slug":"participacion_extranjera_tc","status":"publish","type":"page","link":"https:\/\/good-loop.co.jp\/es\/participacion_extranjera_tc\/","title":{"rendered":"Participar en Attack Tsukuba desde el Extranjero"},"content":{"rendered":"\n<p><a href=\"https:\/\/www.timeattack.co.jp\/\" data-type=\"link\" data-id=\"https:\/\/www.timeattack.co.jp\/\" target=\"_blank\" rel=\"noreferrer noopener\">Attack Tsukuba<\/a>, uno de los eventos de time attack m\u00e1s prestigiosos de Jap\u00f3n, ha estado ganando atenci\u00f3n internacional en los \u00faltimos a\u00f1os. Con pilotos extranjeros estableciendo tiempos impresionantes, el evento se ha vuelto cada vez m\u00e1s internacional, y entusiastas de todo el mundo sue\u00f1an con conducir en la \u00abtierra sagrada\u00bb de Tsukuba. Sin embargo, traer tu propio veh\u00edculo a Jap\u00f3n para carreras implica numerosos desaf\u00edos, desde el transporte del veh\u00edculo hasta la preparaci\u00f3n local y el apoyo. Como empresa profesional en importaci\u00f3n\/exportaci\u00f3n internacional de veh\u00edculos, Good Loop proporciona apoyo integral para este desaf\u00edo. A continuaci\u00f3n, presentamos los servicios necesarios para participar en Attack Tsukuba (y otros eventos de conducci\u00f3n en circuito) desde el extranjero.<\/p>\n\n\n\n<h2 class=\"wp-block-heading\">Transporte de Veh\u00edculos a Jap\u00f3n: Transporte Mar\u00edtimo vs. Transporte A\u00e9reo<\/h2>\n\n\n\n<p>Existen dos m\u00e9todos principales para transportar veh\u00edculos desde el extranjero a Jap\u00f3n: transporte mar\u00edtimo (por barco) y transporte a\u00e9reo. Cada m\u00e9todo difiere en tiempo requerido y costos, con sus propias ventajas y desventajas. Organizamos el m\u00e9todo \u00f3ptimo seg\u00fan las necesidades de nuestros clientes.<\/p>\n\n\n\n<p><strong>Transporte Mar\u00edtimo (Barcos Contenedores y Barcos RORO)<\/strong>: Este es el m\u00e9todo m\u00e1s com\u00fan y econ\u00f3mico. El viaje desde Europa a Jap\u00f3n t\u00edpicamente toma de 3 a 6 semanas, y los costos por veh\u00edculo pueden reducirse enviando m\u00faltiples veh\u00edculos juntos. Por ejemplo, se pueden cargar 3-4 autom\u00f3viles de pasajeros en un contenedor mar\u00edtimo de 40 pies, permitiendo transporte seguro mientras est\u00e1n sellados y protegidos del robo y da\u00f1os. Sin embargo, cuando se env\u00eda solo un veh\u00edculo por contenedor, los costos se vuelven caros, por lo que tambi\u00e9n consideramos compartir contenedores con m\u00faltiples veh\u00edculos o usar barcos transportadores de autom\u00f3viles (barcos RORO) donde los veh\u00edculos pueden conducirse a bordo.<\/p>\n\n\n\n<p><strong>Transporte A\u00e9reo<\/strong>: Este m\u00e9todo es adecuado para situaciones de emergencia o transporte de autom\u00f3viles de lujo, caracterizado por tiempos de entrega dram\u00e1ticamente m\u00e1s r\u00e1pidos de varios d\u00edas a una semana. Es efectivo cuando necesitas enviar un auto de carreras en el \u00faltimo minuto o quieres usar tu veh\u00edculo localmente hasta justo antes de traerlo a Jap\u00f3n para un evento. Sin embargo, los costos son extremadamente altos &#8211; mientras que el transporte mar\u00edtimo cuesta decenas de miles de d\u00f3lares, el flete a\u00e9reo a menudo excede los $100,000, y hay restricciones de tama\u00f1o y peso. Para clientes que requieren flete a\u00e9reo, proporcionamos cotizaciones detalladas y procedimientos por adelantado, ofreciendo esto como una opci\u00f3n para \u00abcomprar tiempo con dinero.\u00bb<\/p>\n\n\n\n<p>Para importar temporalmente veh\u00edculos a Jap\u00f3n, est\u00e1n disponibles los siguientes m\u00e9todos:<\/p>\n\n\n\n<p><strong>Carnet ATA (Admission Temporaire &#8211; Temporary Admission Carnet)<\/strong> Esta es documentaci\u00f3n aduanera utilizada para exhibiciones y reuniones de negocios, emitida en Jap\u00f3n por la Asociaci\u00f3n de Arbitraje Comercial de Jap\u00f3n (JCAA). Para importar autos de carreras para eventos de automovilismo como Attack Tsukuba o espect\u00e1culos, el Carnet ATA es el m\u00e9todo m\u00e1s com\u00fan. Permite uso temporal sin impuestos o aranceles aduaneros por un cierto per\u00edodo (usualmente dentro de un a\u00f1o), con la condici\u00f3n de que el veh\u00edculo sea re-exportado despu\u00e9s del evento.<\/p>\n\n\n\n<p><strong>Carnet CPD (Carnet de Passage en Douane)<\/strong> Este sistema es para importar temporalmente veh\u00edculos personales a pa\u00edses extranjeros, emitido en Jap\u00f3n por JAF (Federaci\u00f3n Automovil\u00edstica de Jap\u00f3n). Se usa com\u00fanmente cuando los turistas quieren conducir en carreteras p\u00fablicas japonesas con las placas de su pa\u00eds de origen.<\/p>\n\n\n\n<p><strong>Solicitud Regular de Importaci\u00f3n Temporal de Aduanas<\/strong> Como alternativa al uso de carnets, es posible solicitar \u00abpermiso de importaci\u00f3n temporal\u00bb con aduanas. En este caso, los aranceles aduaneros e impuesto al consumo se pagan al importar y se reembolsan al re-exportar. Este m\u00e9todo se convierte en una opci\u00f3n pr\u00e1ctica para veh\u00edculos de pa\u00edses donde los carnets no est\u00e1n disponibles o bajo circunstancias especiales.<\/p>\n\n\n\n<p><strong>Importaci\u00f3n Temporal v\u00eda Ferry Internacional<\/strong> Los veh\u00edculos importados temporalmente en ferries entre Jap\u00f3n y pa\u00edses extranjeros pueden pasar por procedimientos aduaneros libres de impuestos usando el Formulario de Declaraci\u00f3n de Importaci\u00f3n\/Exportaci\u00f3n Temporal de Autom\u00f3viles (C5014), separado de los carnets.<\/p>\n\n\n\n<p>Independientemente del m\u00e9todo que elijas, apoyamos los procedimientos en asociaci\u00f3n con socios log\u00edsticos y aduaneros confiables. Proporcionamos orientaci\u00f3n integral desde la preparaci\u00f3n de documentos necesarios (facturas, manifiestos de carga, conocimientos de embarque, etc.) hasta declaraciones aduaneras y gesti\u00f3n de per\u00edodos.<\/p>\n\n\n\n<h2 class=\"wp-block-heading\">Servicios de Almacenamiento de Veh\u00edculos en Jap\u00f3n<\/h2>\n\n\n\n<p>Despu\u00e9s de la llegada a Jap\u00f3n, asegurar el almacenamiento del veh\u00edculo es importante durante el per\u00edodo hasta el d\u00eda del evento, o si quieres dejar tu veh\u00edculo en Jap\u00f3n por un tiempo despu\u00e9s del evento para disfrutar turismo y conducci\u00f3n. Proporcionamos almacenamiento de veh\u00edculos en garajes asociados con excelente seguridad. El almacenamiento interior previene robo y vandalismo, y tambi\u00e9n proporcionamos medidas de mantenimiento de condici\u00f3n como mantenimiento de bater\u00eda, arranque peri\u00f3dico del motor y cobertura seg\u00fan sea necesario. Podemos acomodar almacenamiento a largo plazo, cumpliendo solicitudes como \u00abQuiero dejar mi auto en Jap\u00f3n despu\u00e9s de la participaci\u00f3n en Attack Tsukuba de este a\u00f1o para unirme a eventos y sesiones de conducci\u00f3n nuevamente el pr\u00f3ximo a\u00f1o y m\u00e1s adelante.\u00bb<\/p>\n\n\n\n<h2 class=\"wp-block-heading\">Configuraci\u00f3n de Veh\u00edculos y Apoyo de Mantenimiento<\/h2>\n\n\n\n<p>Para rendir al m\u00e1ximo en circuitos japoneses, la configuraci\u00f3n del veh\u00edculo en el sitio es esencial. Nos asociamos con instalaciones de mantenimiento y talleres de tuning para apoyar mantenimiento y ajustes de configuraci\u00f3n antes y despu\u00e9s de conducir. Podemos manejar todo desde servicios b\u00e1sicos como cambios de aceite y refrigerante hasta modificaciones de configuraci\u00f3n de suspensi\u00f3n, reemplazo y adquisici\u00f3n de neum\u00e1ticos, e inventario de repuestos de pastillas de freno.<\/p>\n\n\n\n<p>El Circuito Tsukuba es un curso t\u00e9cnico de 2,045 metros, y aspectos como configuraciones enfocadas en salida de curva y adaptaci\u00f3n a caracter\u00edsticas de agarre de superficie de carretera japonesa requieren conocimiento local. Tenemos redes con mec\u00e1nicos e ingenieros con amplia experiencia de conducci\u00f3n en Tsukuba y podemos presentar personal de apoyo en el sitio para el d\u00eda de carrera cuando sea necesario.<\/p>\n\n\n\n<h2 class=\"wp-block-heading\">Organizando Visitas a Famosos Talleres de Tuning Japoneses<\/h2>\n\n\n\n<p>Tambi\u00e9n mediamos solicitudes de tuning y mantenimiento en codiciados talleres JDM. Por ejemplo, respondemos flexiblemente a solicitudes como \u00abQuiero ajustar finamente las configuraciones de ECU durante mi estancia en Jap\u00f3n\u00bb o \u00abQuiero que un artesano de un taller famoso realice ajustes de alineaci\u00f3n.\u00bb Deja la interpretaci\u00f3n de terminolog\u00eda especializada y negociaciones a nosotros. Sin embargo, ten en cuenta que los talleres famosos a menudo est\u00e1n reservados con mucha anticipaci\u00f3n.<\/p>\n\n\n\n<h2 class=\"wp-block-heading\">Tours de Museos de Fabricantes Automotrices y Colecciones Privadas<\/h2>\n\n\n\n<p>Jap\u00f3n tiene una rica cultura automotriz con atractivos museos automotrices en todo el pa\u00eds. Los museos famosos operados por fabricantes incluyen el <a href=\"https:\/\/toyota-automobile-museum.jp\/\" data-type=\"link\" data-id=\"https:\/\/toyota-automobile-museum.jp\/\" target=\"_blank\" rel=\"noreferrer noopener\">Museo del Autom\u00f3vil Toyota<\/a> (Ciudad Nagakute, Aichi), <a href=\"https:\/\/www2.nissan.co.jp\/HERITAGE\/\" data-type=\"link\" data-id=\"https:\/\/www2.nissan.co.jp\/HERITAGE\/\" target=\"_blank\" rel=\"noreferrer noopener\">Colecci\u00f3n Heritage Nissan<\/a> (con cita previa, Ciudad Zama, Kanagawa), <a href=\"https:\/\/suzuki-rekishikan.jp\/\" data-type=\"link\" data-id=\"https:\/\/suzuki-rekishikan.jp\/\" target=\"_blank\" rel=\"noreferrer noopener\">Museo de Historia Suzuki<\/a> (con cita previa, Shizuoka), y <a href=\"https:\/\/www.mr-motegi.jp\/collection-hall\/\" data-type=\"link\" data-id=\"https:\/\/www.mr-motegi.jp\/collection-hall\/\" target=\"_blank\" rel=\"noreferrer noopener\">Sal\u00f3n de la Colecci\u00f3n Honda<\/a> (dentro de Twin Ring Motegi, Tochigi). El Sal\u00f3n de la Colecci\u00f3n Honda en particular exhibe numerosos autos legendarios y m\u00e1quinas de carreras, convirti\u00e9ndolo en un sitio sagrado no solo para fan\u00e1ticos de Honda sino para todos los entusiastas del automovilismo. Otras instalaciones incluyen el <a href=\"https:\/\/www.mazda.com\/ja\/experience\/museum\/\" target=\"_blank\" rel=\"noreferrer noopener\">Museo Mazda<\/a> en la sede de Mazda (con cita previa, Hiroshima) y la <a href=\"https:\/\/global.yamaha-motor.com\/jp\/showroom\/cp\/\" data-type=\"link\" data-id=\"https:\/\/global.yamaha-motor.com\/jp\/showroom\/cp\/\" target=\"_blank\" rel=\"noreferrer noopener\">Plaza de Comunicaci\u00f3n<\/a> Yamaha Motor (Shizuoka), cada una ofreciendo exhibiciones impresionantes espec\u00edficas del fabricante.<\/p>\n\n\n\n<p>Mientras tanto, museos abiertos por coleccionistas privados apasionados est\u00e1n esparcidos por todo el pa\u00eds. Por ejemplo, el <a href=\"https:\/\/www.motorcar-museum.jp\/\" data-type=\"link\" data-id=\"https:\/\/www.motorcar-museum.jp\/\" target=\"_blank\" rel=\"noreferrer noopener\">Museo del Autom\u00f3vil de Jap\u00f3n<\/a> en la Prefectura de Ishikawa es el m\u00e1s grande en Jap\u00f3n, albergando aproximadamente 500 autos cl\u00e1sicos preciosos incluyendo el Toyota 2000GT y Jaguar XK140. Entre otros lugares famosos se encuentra el <a href=\"https:\/\/www.car-airmuseum.com\/\" data-type=\"link\" data-id=\"https:\/\/www.car-airmuseum.com\/\" target=\"_blank\" rel=\"noreferrer noopener\">Museo de Autom\u00f3viles de Kawaguchiko<\/a> (Colecci\u00f3n Harada, que abre \u00fanicamente en agosto y exhibe el Cizeta V16T), <a href=\"https:\/\/glion-museum.jp\/\" data-type=\"link\" data-id=\"https:\/\/glion-museum.jp\/\" target=\"_blank\" rel=\"noreferrer noopener\">GLION MUSEUM<\/a> en Osaka, <a href=\"https:\/\/iwashitacollection.jp\/\" data-type=\"link\" data-id=\"https:\/\/iwashitacollection.jp\/\" target=\"_blank\" rel=\"noreferrer noopener\">Colecci\u00f3n Iwashita<\/a> en Oita (exhibiendo el \u00fanico Ducati Apollo de 4 cilindros tipo L del mundo), y el <a href=\"https:\/\/www.nccm.co.jp\/\" data-type=\"link\" data-id=\"https:\/\/www.nccm.co.jp\/\" target=\"_blank\" rel=\"noreferrer noopener\">Museo de Autos Cl\u00e1sicos Nasu<\/a> en Tochigi.<\/p>\n\n\n\n<figure class=\"wp-block-image size-large\"><img loading=\"lazy\" decoding=\"async\" width=\"1024\" height=\"576\" src=\"https:\/\/good-loop.co.jp\/es\/wp-content\/uploads\/sites\/5\/2025\/08\/cizeta-1024x576.jpg\" alt=\"\" class=\"wp-image-970\" srcset=\"https:\/\/good-loop.co.jp\/es\/wp-content\/uploads\/sites\/5\/2025\/08\/cizeta-1024x576.jpg 1024w, https:\/\/good-loop.co.jp\/es\/wp-content\/uploads\/sites\/5\/2025\/08\/cizeta-300x169.jpg 300w, https:\/\/good-loop.co.jp\/es\/wp-content\/uploads\/sites\/5\/2025\/08\/cizeta-768x432.jpg 768w, https:\/\/good-loop.co.jp\/es\/wp-content\/uploads\/sites\/5\/2025\/08\/cizeta-1536x864.jpg 1536w, https:\/\/good-loop.co.jp\/es\/wp-content\/uploads\/sites\/5\/2025\/08\/cizeta-2048x1152.jpg 2048w\" sizes=\"auto, (max-width: 1024px) 100vw, 1024px\" \/><figcaption class=\"wp-element-caption\">Cizeta V16T @ <a href=\"https:\/\/www.car-airmuseum.com\/\" data-type=\"link\" data-id=\"https:\/\/www.car-airmuseum.com\/\" target=\"_blank\" rel=\"noreferrer noopener\">Museo de Autom\u00f3viles de Kawaguchiko<\/a><\/figcaption><\/figure>\n\n\n\n<p>Tambi\u00e9n planificamos itinerarios de tours de museos seg\u00fan los intereses de nuestros clientes. Si te preguntas \u00abDefinitivamente quiero visitar estos museos durante mi estancia en Jap\u00f3n, pero no s\u00e9 sobre m\u00e9todos de acceso o reservas,\u00bb no te preocupes. Por ejemplo, la Colecci\u00f3n Heritage Nissan requiere reservas completas por adelantado, pero <a href=\"https:\/\/good-loop.co.jp\/es\/columnas\/patrimonio_de_nissan\/\" data-type=\"page\" data-id=\"674\">manejamos procedimientos de reserva<\/a> y organizamos orientaci\u00f3n de tour en ingl\u00e9s. Para clientes que vienen del extranjero, visitar estos museos para experimentar directamente la cultura automotriz japonesa ser\u00e1 una experiencia inolvidable.<\/p>\n\n\n\n<h2 class=\"wp-block-heading\">Tours de Lugares de \u00abCarreras Callejeras\u00bb: Daikoku PA, Hakone Turnpike y M\u00e1s<\/h2>\n\n\n\n<p>Una parte esencial de la cultura de la escena automotriz japonesa es la peregrinaci\u00f3n a sitios sagrados de origen callejero. La ubicaci\u00f3n representativa es el \u00c1rea de Estacionamiento Daikoku Futo (Daikoku PA). Ubicada en una isla artificial bajo la Autopista Elevada Shuto Expressway Bayshore Route, esta PA se convierte en uno de los principales lugares de encuentro de autos del mundo por la noche, con innumerables autos modificados y superautos reuni\u00e9ndose. Combinado con el paisaje \u00fanico rodeado de rampas espirales de autopista, Daikoku PA es considerado un microcosmos de la cultura automotriz japonesa.<\/p>\n\n\n\n<p>Los cursos de conducci\u00f3n suburbanos populares fuera del \u00e1rea metropolitana tambi\u00e9n son populares. Particularmente famoso es Hakone Turnpike en la Prefectura de Kanagawa (actualmente la carretera de peaje a MAZDA Sky Lounge), reconocido como una de las carreteras serpenteantes principales de Jap\u00f3n. La sucesi\u00f3n de curvas suaves de alta velocidad con vistas del Monte Fuji es excepcional, a veces llamado \u00abel mini-N\u00fcrburgring de Jap\u00f3n.\u00bb \u00bfQu\u00e9 tal salir temprano en la ma\u00f1ana de Tokio para un viaje a las estribaciones del Monte Fuji, incorporando aguas termales y turismo en el camino?<\/p>\n\n\n\n<p>Organizamos tours de lugares de carreras callejeras en todo Jap\u00f3n seg\u00fan tus preferencias. Disfruta experiencias memorables de cultura automotriz.<\/p>\n\n\n\n<h2 class=\"wp-block-heading\">Apoyo de Viaje Durante tu Estancia (Provisi\u00f3n de Informaci\u00f3n)<\/h2>\n\n\n\n<p>M\u00e1s all\u00e1 de servicios relacionados con veh\u00edculos, proporcionamos informaci\u00f3n gratuita y consejos para ayudar a los clientes a disfrutar Jap\u00f3n con tranquilidad durante su estancia. Al presentar servicios externos confiables y sitios de reserva oficiales, ayudamos a hacer tu viaje fluido.<\/p>\n\n\n\n<p><strong>Orientaci\u00f3n de Alojamiento<\/strong> Presentamos hoteles cerca de circuitos, alojamientos urbanos, posadas de aguas termales, etc., sin costo. Las reservas reales son hechas por los propios clientes.<\/p>\n\n\n\n<p><strong>Informaci\u00f3n de Auto de Alquiler y Transporte<\/strong> Presentamos tipos de veh\u00edculos disponibles con licencias internacionales y clases de veh\u00edculos populares entre participantes de circuito.<\/p>\n\n\n\n<p><strong>Consejos de Lugares Tur\u00edsticos y Gastron\u00f3micos<\/strong> Presentamos destinos tur\u00edsticos y restaurantes valiosos en el \u00e1rea de Tsukuba y regi\u00f3n metropolitana basados en experiencia del personal y rese\u00f1as.<\/p>\n\n\n\n<p><strong>Presentaciones de Servicios de Int\u00e9rprete y Apoyo<\/strong> Cuando se necesita interpretaci\u00f3n especializada o gu\u00edas, presentamos socios externos confiables.<\/p>\n\n\n\n<p>Aunque no podemos proporcionar servicios de viaje directamente, proporcionamos apoyo extensivo en forma de \u00abprovisi\u00f3n de informaci\u00f3n\u00bb para ayudar a clientes del extranjero a disfrutar su estancia en Jap\u00f3n m\u00e1s c\u00f3modamente.<\/p>\n\n\n\n<h2 class=\"wp-block-heading\">Por Qu\u00e9 Good Loop es Elegido: Asociaciones Confiables y Respuesta Flexible<\/h2>\n\n\n\n<p><strong>Asociaci\u00f3n con Socios Confiables<\/strong>: Nos asociamos con especialistas de confianza en log\u00edstica internacional, mantenimiento, turismo y otros campos para proporcionar servicios adaptados a las necesidades del cliente. Para procedimientos de importaci\u00f3n\/exportaci\u00f3n y transporte, nos unimos con empresas log\u00edsticas experimentadas para establecer sistemas de apoyo confiables y seguros.<\/p>\n\n\n\n<p><strong>Soluciones Integrales y Personalizadas<\/strong>: La capacidad de proporcionar orientaci\u00f3n integrada desde transporte y almacenamiento hasta configuraci\u00f3n y apoyo tur\u00edstico es una caracter\u00edstica \u00fanica de Good Loop. Ya que la situaci\u00f3n de cada cliente difiere, personalizamos flexiblemente para realizar \u00abtu propio plan especial.\u00bb<\/p>\n\n\n\n<p><strong>Transparencia y Consideraci\u00f3n de Costos<\/strong>: Proporcionamos estimaciones claras itemizadas y proponemos planes \u00f3ptimos que eliminan costos innecesarios. Por ejemplo, ahorros de costos son posibles a trav\u00e9s de compartir contenedores con m\u00faltiples veh\u00edculos o aprovechando rutas de descuento fuera de temporada.<\/p>\n\n\n\n<p><strong>Apoyo Apasionado<\/strong>: Good Loop nos consideramos compa\u00f1eros entusiastas automotrices y de automovilismo que queremos apoyar los desaf\u00edos de nuestros clientes. Atendemos cuidadosamente cada caso, esforz\u00e1ndonos por crear experiencias que te hagan pensar \u00abMe alegro de haber venido.\u00bb<\/p>\n\n\n\n<p>La experiencia de viajar a trav\u00e9s de fronteras con tu auto se convertir\u00e1 en un recuerdo de una vez en la vida. Good Loop proporcionar\u00e1 apoyo completo hacia realizar este sue\u00f1o. Para todos los que consideran participar en Attack Tsukuba, por favor si\u00e9ntanse libres de contactarnos. \u00a1Apuntemos juntos al mejor tiempo grabado en el Curso 2000 en el Circuito Tsukuba!<\/p>\n\n\n\n<h2 class=\"wp-block-heading\">Cont\u00e1ctanos<\/h2>\n\n\n\n<div class=\"wp-block-buttons is-layout-flex wp-block-buttons-is-layout-flex\">\n<div class=\"wp-block-button\"><a class=\"wp-block-button__link has-small-font-size has-custom-font-size wp-element-button\" href=\"https:\/\/docs.google.com\/forms\/d\/1JATPpeGfRXaemIpjUO1PbKltxmmkNDiiO8owNQoPJU4\/\" target=\"_blank\" rel=\"noreferrer noopener\">Cont\u00e1ctanos aqu\u00ed <\/a><\/div>\n<\/div>\n","protected":false},"excerpt":{"rendered":"<p>Attack Tsukuba, uno de los eventos de time attack m\u00e1s prestigiosos de Jap\u00f3n, ha estado ganando atenci\u00f3n internacional en los \u00faltimos a\u00f1os. Con pilotos extranjeros estableciendo tiempos impresionantes, el evento se ha vuelto cada vez m\u00e1s internacional, y entusiastas de todo el mundo sue\u00f1an con conducir en la \u00abtierra sagrada\u00bb de Tsukuba. Sin embargo, traer [&hellip;]<\/p>\n","protected":false},"author":1,"featured_media":963,"parent":0,"menu_order":0,"comment_status":"closed","ping_status":"closed","template":"","meta":{"footnotes":""},"class_list":["post-962","page","type-page","status-publish","has-post-thumbnail","hentry"],"_links":{"self":[{"href":"https:\/\/good-loop.co.jp\/es\/wp-json\/wp\/v2\/pages\/962","targetHints":{"allow":["GET"]}}],"collection":[{"href":"https:\/\/good-loop.co.jp\/es\/wp-json\/wp\/v2\/pages"}],"about":[{"href":"https:\/\/good-loop.co.jp\/es\/wp-json\/wp\/v2\/types\/page"}],"author":[{"embeddable":true,"href":"https:\/\/good-loop.co.jp\/es\/wp-json\/wp\/v2\/users\/1"}],"replies":[{"embeddable":true,"href":"https:\/\/good-loop.co.jp\/es\/wp-json\/wp\/v2\/comments?post=962"}],"version-history":[{"count":7,"href":"https:\/\/good-loop.co.jp\/es\/wp-json\/wp\/v2\/pages\/962\/revisions"}],"predecessor-version":[{"id":977,"href":"https:\/\/good-loop.co.jp\/es\/wp-json\/wp\/v2\/pages\/962\/revisions\/977"}],"wp:featuredmedia":[{"embeddable":true,"href":"https:\/\/good-loop.co.jp\/es\/wp-json\/wp\/v2\/media\/963"}],"wp:attachment":[{"href":"https:\/\/good-loop.co.jp\/es\/wp-json\/wp\/v2\/media?parent=962"}],"curies":[{"name":"wp","href":"https:\/\/api.w.org\/{rel}","templated":true}]}}