{"id":980,"date":"2025-08-24T12:31:23","date_gmt":"2025-08-24T03:31:23","guid":{"rendered":"https:\/\/good-loop.co.jp\/es\/nissan_heritage_premium\/"},"modified":"2025-09-12T19:32:39","modified_gmt":"2025-09-12T10:32:39","slug":"nissan_heritage_premium","status":"publish","type":"page","link":"https:\/\/good-loop.co.jp\/es\/nissan_heritage_premium\/","title":{"rendered":"Servicio de Monitoreo de Reservas Nissan Heritage Collection &#8211; Plan Premium"},"content":{"rendered":"\n<h1 class=\"wp-block-heading\">Descripci\u00f3n del Servicio<\/h1>\n\n\n\n<p>Este servicio monitorea el sitio web de reservas de tours de la Colecci\u00f3n Patrimonio Nissan y notifica a los usuarios cuando hay cambios en las plazas disponibles. Enviamos notificaciones tempranas por correo electr\u00f3nico a los miembros premium, seguidas de publicaciones en X (anteriormente Twitter). Nuestro objetivo es reducir la molestia de que los usuarios tengan que revisar el sitio de reservas por s\u00ed mismos y ayudarles a conseguir realizar sus reservas exitosamente.<\/p>\n\n\n\n<p><a href=\"https:\/\/x.com\/GoodLoop_Nissan\" data-type=\"link\" data-id=\"https:\/\/x.com\/GoodLoop_Nissan\" target=\"_blank\" rel=\"noreferrer noopener\"><a href=\"https:\/\/x.com\/GoodLoop_Nissan\" data-type=\"link\" data-id=\"https:\/\/x.com\/GoodLoop_Nissan\" target=\"_blank\" rel=\"noreferrer noopener\">Nissan Heritage Collection Reservation Notification by Good Loop<\/a><\/a><\/p>\n\n\n\n<h2 class=\"wp-block-heading\">Antecedentes de la Introducci\u00f3n del Plan Premium<\/h2>\n\n\n\n<p>Estamos introduciendo planes premium para asegurar el funcionamiento sostenible de nuestro servicio. Desde que el servicio se lanz\u00f3 en oto\u00f1o de 2024, muchas personas lo han estado utilizando, pero solo un peque\u00f1o n\u00famero de donantes han estado apoyando su operaci\u00f3n. Al distribuir la carga operativa de manera m\u00e1s amplia, estamos haciendo la transici\u00f3n a un sistema justo y sostenible. La disparidad entre beneficios y costos es un desaf\u00edo com\u00fan que enfrentan muchos servicios gratuitos. Al continuar ofreciendo un plan gratuito junto con opciones premium, buscamos construir una relaci\u00f3n justa que coincida con el valor de nuestro servicio.<\/p>\n\n\n\n<h2 class=\"wp-block-heading\">Planes y Precios<\/h2>\n\n\n\n<figure class=\"wp-block-table\"><table class=\"has-fixed-layout\"><thead><tr><th>Plan<\/th><th>Precio (impuestos incluidos)<\/th><th>Momento de Notificaci\u00f3n<\/th><\/tr><\/thead><tbody><tr><td>Premium Prioridad 60 minutos<\/td><td>\u00a53,000\/mes<\/td><td>Aproximadamente 60 minutos antes que el plan gratuito (notificaci\u00f3n casi inmediata al detectar actualizaci\u00f3n) *Nota<\/td><\/tr><tr><td>Premium Prioridad 30 minutos<\/td><td>\u00a51,000\/mes<\/td><td>Aproximadamente 30 minutos antes que el plan gratuito (notificaci\u00f3n 30 minutos despu\u00e9s de detectar actualizaci\u00f3n)<\/td><\/tr><tr><td>Plan Gratuito<\/td><td>\u00a50<\/td><td>Publicaci\u00f3n en X aproximadamente 60 minutos despu\u00e9s de detectar actualizaci\u00f3n<\/td><\/tr><\/tbody><\/table><\/figure>\n\n\n\n<p>Por ejemplo, si las plazas de reserva se actualizan a las 9:00 AM, los usuarios de \u00abPremium Prioridad 60 minutos\u00bb ser\u00e1n notificados alrededor de las 9:00 AM, los usuarios de \u00abPremium Prioridad 30 minutos\u00bb alrededor de las 9:30 AM, y los usuarios del \u00abPlan Gratuito\u00bb ver\u00e1n la publicaci\u00f3n en X alrededor de las 10:00 AM. Sin embargo, la competencia es feroz y es habitual que todas las plazas disponibles se reserven en menos de 30 minutos.<br>*Nota: Si hay solicitudes prioritarias que procesar, las notificaciones se enviar\u00e1n despu\u00e9s de procesarlas, lo que podr\u00eda causar unos minutos de retraso.<\/p>\n\n\n\n<h2 class=\"wp-block-heading\">Registro<\/h2>\n\n\n\n<p>Si desea un plan Premium, por favor solic\u00edtelo a trav\u00e9s de los enlaces a continuaci\u00f3n:<\/p>\n\n\n\n<ul class=\"wp-block-list\">\n<li><a href=\"https:\/\/buy.stripe.com\/8x2aEW1T09Cv3KzdW94F204\" data-type=\"link\" data-id=\"https:\/\/buy.stripe.com\/8x2aEW1T09Cv3KzdW94F204\" target=\"_blank\" rel=\"noreferrer noopener\"><strong>Premium Prioridad 60 minutos<\/strong> (\u00a53,000\/mes)<\/a><\/li>\n\n\n\n<li><a href=\"https:\/\/buy.stripe.com\/dRmbJ0cxEdSLdl9bO14F205\" data-type=\"link\" data-id=\"https:\/\/buy.stripe.com\/dRmbJ0cxEdSLdl9bO14F205\" target=\"_blank\" rel=\"noreferrer noopener\"><strong>Premium Prioridad 30 minutos<\/strong> (\u00a51,000\/mes)<\/a><\/li>\n<\/ul>\n\n\n\n<p><strong>Pago<\/strong>: Procesado a trav\u00e9s de las p\u00e1ginas de pago seguras de <a href=\"https:\/\/stripe.com\/\" data-type=\"link\" data-id=\"https:\/\/stripe.com\/\" target=\"_blank\" rel=\"noreferrer noopener\">Stripe<\/a>.<br><strong>Email de Notificaci\u00f3n<\/strong>: Las notificaciones se enviar\u00e1n a su direcci\u00f3n de correo electr\u00f3nico registrada. Por favor permita correos de los dominios <code>@stripe.com<\/code> y <code>@mg.good-loop.co.jp<\/code>.<\/p>\n\n\n\n<p>Proporcionaremos planes premium gratuitos a los donantes que han apoyado nuestro servicio hasta ahora.<\/p>\n\n\n\n<h2 class=\"wp-block-heading\">Ciclo de Facturaci\u00f3n<\/h2>\n\n\n\n<ul class=\"wp-block-list\">\n<li><strong>Periodo de validez:<\/strong> El periodo de validez expirar\u00e1 la v\u00edspera del d\u00eda que corresponda al primer d\u00eda del mes siguiente a partir de la fecha de compra. Sin embargo, si no hay ning\u00fan d\u00eda correspondiente en el mes siguiente, expirar\u00e1 el \u00faltimo d\u00eda de ese mes.<br>Ejemplo: Si se compra el 1 de enero, es v\u00e1lido hasta el 31 de enero.<br>Si se compra el 31 de octubre, es v\u00e1lida hasta el 30 de noviembre.<\/li>\n\n\n\n<li><strong>Renovaci\u00f3n autom\u00e1tica:<\/strong> No (solic\u00edtela cada vez despu\u00e9s del mes siguiente).<\/li>\n\n\n\n<li><strong>Suspensi\u00f3n de continuaci\u00f3n:<\/strong> Si no adquiere la suscripci\u00f3n del mes siguiente, su notificaci\u00f3n Premium se suspender\u00e1 al expirar el periodo de validez. No se requiere ning\u00fan procedimiento especial de cancelaci\u00f3n.<\/li>\n\n\n\n<li><strong>Medios de pago:<\/strong> Stripe (tarjeta de cr\u00e9dito, konbini), transferencia bancaria.<\/li>\n\n\n\n<li><strong>En cuanto a la cuota de uso para el primer mes de servicio:<\/strong> No hay diferencia entre la cuota de uso del primer mes de servicio y el importe facturado por los meses siguientes y sucesivos. No hay cuotas adicionales, como las cuotas de inscripci\u00f3n.<\/li>\n<\/ul>\n\n\n\n<h2 class=\"wp-block-heading\">Pol\u00edtica de Reembolso<\/h2>\n\n\n\n<ul class=\"wp-block-list\">\n<li>Debido a la naturaleza de nuestro servicio, generalmente no est\u00e1n disponibles los reembolsos.<\/li>\n\n\n\n<li>Se proporcionar\u00e1n reembolsos en casos de facturaci\u00f3n doble, errores de facturaci\u00f3n causados por nuestra empresa, o interrupciones del servicio que duren m\u00e1s de una semana o fallas importantes del sistema.<\/li>\n<\/ul>\n\n\n\n<h2 class=\"wp-block-heading\">Garant\u00eda de \u00c9xito<\/h2>\n\n\n\n<ul class=\"wp-block-list\">\n<li>Este servicio no garantiza reservas exitosas. Debido a la alta competencia por las plazas de reserva, es posible que no pueda asegurar una reserva incluso si responde inmediatamente a las notificaciones.<\/li>\n<\/ul>\n\n\n\n<h2 class=\"wp-block-heading\">Reservas por Poder de la Administraci\u00f3n<\/h2>\n\n\n\n<ul class=\"wp-block-list\">\n<li>Cuando la administraci\u00f3n hace reservas por poder, <strong>las notificaciones premium pueden retrasarse unos minutos<\/strong>. A\u00fan as\u00ed nos esforzamos por la entrega m\u00e1s r\u00e1pida posible.<\/li>\n\n\n\n<li>Las reservas por poder son <strong>acomodaciones especiales destinadas principalmente para viajeros del extranjero<\/strong> que pueden tener dificultades con el japon\u00e9s. Por favor cont\u00e1ctenos si desea usar este servicio.<\/li>\n<\/ul>\n\n\n\n<h2 class=\"wp-block-heading\">Preguntas Frecuentes (FAQ)<\/h2>\n\n\n\n<p><strong>P. Recib\u00ed una notificaci\u00f3n pero las plazas ya estaban llenas.<\/strong> R. Debido a la velocidad de reserva de otros usuarios y actualizaciones del lado de las instalaciones, las plazas pueden estar llenas al momento de la notificaci\u00f3n. Aunque las notificaciones prioritarias proporcionan una ventaja, no garantizan reservas exitosas.<\/p>\n\n\n\n<p><strong>P. No estoy recibiendo correos electr\u00f3nicos.<\/strong> R. Por favor revise su correo no deseado\/basura y la pesta\u00f1a de promociones, y configure el filtrado de correo para permitir el dominio <code>@mg.good-loop.co.jp<\/code>. Los filtros de correo pueden causar retrasos en la entrega.<\/p>\n\n\n\n<p><strong>P. \u00bfSe cubrir\u00e1n otras instalaciones?<\/strong> R. Actualmente, este es un servicio dedicado solo a la Colecci\u00f3n Patrimonio Nissan. Por favor d\u00e9jenos saber si hay otras instalaciones que le gustar\u00eda que apoy\u00e1ramos.<\/p>\n\n\n\n<p><strong>P. \u00bfSigue siendo valioso el plan gratuito?<\/strong> R. S\u00ed. Los usuarios gratuitos a\u00fan pueden recibir informaci\u00f3n de actualizaci\u00f3n de plazas de reserva a trav\u00e9s de X 60 minutos despu\u00e9s. Sin embargo, la competencia es feroz y es habitual que todas las plazas disponibles se reserven en menos de 30 minutos.<\/p>\n\n\n\n<p><strong>P. \u00bfPor qu\u00e9 cambiaron de un modelo de donaciones a planes de pago?<\/strong> R. Las donaciones dependen de la buena voluntad, lo que cre\u00f3 un desequilibrio entre los partidarios. Al introducir planes de pago, hemos mejorado la equidad y creado un sistema que puede sostener el servicio de manera estable.<\/p>\n\n\n\n<p><strong>P. \u00bfHay reembolsos por interrupciones del sistema?<\/strong> R. S\u00ed. Se proporcionar\u00e1n reembolsos en casos de interrupciones del servicio que duren m\u00e1s de una semana o fallas importantes del sistema. Por favor use nuestro servicio con confianza.<\/p>\n\n\n\n<p><strong>P. \u00bfPueden retrasarse las notificaciones?<\/strong> R. S\u00ed. Cuando la administraci\u00f3n hace reservas por poder, las notificaciones premium pueden retrasarse unos minutos comparado con el procesamiento autom\u00e1tico del sistema. Adem\u00e1s, el procesamiento autom\u00e1tico del sistema puede experimentar retrasos debido a factores inesperados.<\/p>\n\n\n\n<p>Si\u00e9ntase libre de comenzar con nuestro plan gratuito para recibir informaci\u00f3n sigui\u00e9ndonos en X.<\/p>\n\n\n\n<h2 class=\"wp-block-heading\">T\u00e9rminos del Servicio<\/h2>\n\n\n\n<ol class=\"wp-block-list\">\n<li><strong>Contenido del Servicio<\/strong>: Este servicio proporciona detecci\u00f3n y notificaci\u00f3n de cambios en las plazas de reserva de tours de la Colecci\u00f3n Patrimonio Nissan en base al mejor esfuerzo y no garantiza confiabilidad.<\/li>\n\n\n\n<li><strong>Precios y Facturaci\u00f3n<\/strong>: Los precios y facturaci\u00f3n son mensuales del 1 al final de cada mes, sin renovaci\u00f3n autom\u00e1tica.<\/li>\n\n\n\n<li><strong>Pol\u00edtica de Reembolso<\/strong>: Los reembolsos generalmente no est\u00e1n disponibles, excepto por errores de facturaci\u00f3n causados por nuestra empresa o interrupciones del servicio\/fallas importantes que duren m\u00e1s de una semana.<\/li>\n\n\n\n<li><strong>Actividades Prohibidas<\/strong>: Los usuarios no deben revender o redistribuir informaci\u00f3n de notificaciones, participar en acceso no autorizado, o interferir con las operaciones del servicio.<\/li>\n\n\n\n<li><strong>Exenci\u00f3n de Responsabilidad<\/strong>: No somos responsables por retrasos en notificaciones, no entrega, fallas de reserva, etc.<\/li>\n\n\n\n<li><strong>Informaci\u00f3n Personal<\/strong>: La informaci\u00f3n personal se usa solo para prop\u00f3sitos de notificaci\u00f3n y procesamiento de pagos y es administrada por Stripe.<\/li>\n<\/ol>\n\n\n\n<h2 class=\"wp-block-heading\">Cont\u00e1ctanos<\/h2>\n\n\n\n<div class=\"wp-block-buttons is-layout-flex wp-block-buttons-is-layout-flex\">\n<div class=\"wp-block-button\"><a class=\"wp-block-button__link has-small-font-size has-custom-font-size wp-element-button\" href=\"https:\/\/docs.google.com\/forms\/d\/1JATPpeGfRXaemIpjUO1PbKltxmmkNDiiO8owNQoPJU4\/\" target=\"_blank\" rel=\"noreferrer noopener\">Cont\u00e1ctanos aqu\u00ed <\/a><\/div>\n<\/div>\n","protected":false},"excerpt":{"rendered":"<p>Descripci\u00f3n del Servicio Este servicio monitorea el sitio web de reservas de tours de la Colecci\u00f3n Patrimonio Nissan y notifica a los usuarios cuando hay cambios en las plazas disponibles. Enviamos notificaciones tempranas por correo electr\u00f3nico a los miembros premium, seguidas de publicaciones en X (anteriormente Twitter). Nuestro objetivo es reducir la molestia de que [&hellip;]<\/p>\n","protected":false},"author":1,"featured_media":865,"parent":0,"menu_order":0,"comment_status":"closed","ping_status":"closed","template":"","meta":{"footnotes":""},"class_list":["post-980","page","type-page","status-publish","has-post-thumbnail","hentry"],"_links":{"self":[{"href":"https:\/\/good-loop.co.jp\/es\/wp-json\/wp\/v2\/pages\/980","targetHints":{"allow":["GET"]}}],"collection":[{"href":"https:\/\/good-loop.co.jp\/es\/wp-json\/wp\/v2\/pages"}],"about":[{"href":"https:\/\/good-loop.co.jp\/es\/wp-json\/wp\/v2\/types\/page"}],"author":[{"embeddable":true,"href":"https:\/\/good-loop.co.jp\/es\/wp-json\/wp\/v2\/users\/1"}],"replies":[{"embeddable":true,"href":"https:\/\/good-loop.co.jp\/es\/wp-json\/wp\/v2\/comments?post=980"}],"version-history":[{"count":10,"href":"https:\/\/good-loop.co.jp\/es\/wp-json\/wp\/v2\/pages\/980\/revisions"}],"predecessor-version":[{"id":1003,"href":"https:\/\/good-loop.co.jp\/es\/wp-json\/wp\/v2\/pages\/980\/revisions\/1003"}],"wp:featuredmedia":[{"embeddable":true,"href":"https:\/\/good-loop.co.jp\/es\/wp-json\/wp\/v2\/media\/865"}],"wp:attachment":[{"href":"https:\/\/good-loop.co.jp\/es\/wp-json\/wp\/v2\/media?parent=980"}],"curies":[{"name":"wp","href":"https:\/\/api.w.org\/{rel}","templated":true}]}}