{"id":211,"date":"2023-08-15T23:26:49","date_gmt":"2023-08-15T14:26:49","guid":{"rendered":"https:\/\/good-loop.co.jp\/?page_id=211"},"modified":"2025-10-26T16:12:53","modified_gmt":"2025-10-26T07:12:53","slug":"voyage-tourisme-alpes","status":"publish","type":"page","link":"https:\/\/good-loop.co.jp\/fr\/colonnes\/voyage-tourisme-alpes\/","title":{"rendered":"Tour des Alpes europ\u00e9ennes en moto"},"content":{"rendered":"\n<p>Good Loop s&rsquo;est associ\u00e9 \u00e0 AllroundRent, une entreprise allemande forte de 30 ans d&rsquo;exp\u00e9rience, pour faciliter la location de motos en Europe. Situ\u00e9e au c\u0153ur de la ville historique de Munich, AllroundRent peut \u00e9galement organiser la prise en charge \u00e0 l&rsquo;a\u00e9roport et \u00e0 l&rsquo;h\u00f4tel. Des options de restitution sont disponibles dans toute l&rsquo;Europe, pour une planification flexible. AllroundRent loue non seulement des motos, mais aussi des casques, des v\u00eatements et d&rsquo;autres \u00e9quipements pour vos aventures itin\u00e9rantes. <br><a href=\"https:\/\/allroundrent.de\/\" target=\"_blank\" rel=\"noreferrer noopener\">Motos et voitures de collection \u00e0 Munich &#8211; AllroundRent<\/a><\/p>\n\n\n\n<p>Good Loop propose \u00e9galement une assurance voyage internationale. N&rsquo;h\u00e9sitez pas \u00e0 nous contacter pour plus d&rsquo;informations. Le repr\u00e9sentant Good Loop poss\u00e8de une vaste exp\u00e9rience des voyages itin\u00e9rants en Europe et pourra vous conseiller sur vos besoins de voyage.<\/p>\n\n\n\n<h2 class=\"wp-block-heading\">Journal de voyage dans les Alpes<\/h2>\n\n\n\n<p>Le PDG a d\u00e9cid\u00e9 de parcourir les Alpes europ\u00e9ennes \u00e0 moto \u00e0 l&rsquo;automne 2022. L&rsquo;id\u00e9e est venue juste avant que la neige ne tombe sur les Alpes, il n&rsquo;a donc pas eu le temps de planifier. Ce voyage d&rsquo;une semaine et de plus de 2&nbsp;000 kilom\u00e8tres sur une BMW R1200GS a \u00e9t\u00e9 un v\u00e9ritable enchantement. <\/p>\n\n\n\n<figure class=\"wp-block-image size-large is-style-default\"><img loading=\"lazy\" decoding=\"async\" width=\"1024\" height=\"701\" src=\"https:\/\/good-loop.co.jp\/fr\/wp-content\/uploads\/2023\/08\/europe_map-1024x701.png\" alt=\"\" class=\"wp-image-212\" srcset=\"https:\/\/good-loop.co.jp\/fr\/wp-content\/uploads\/sites\/9\/2023\/08\/europe_map-1024x701.png 1024w, https:\/\/good-loop.co.jp\/fr\/wp-content\/uploads\/sites\/9\/2023\/08\/europe_map-300x205.png 300w, https:\/\/good-loop.co.jp\/fr\/wp-content\/uploads\/sites\/9\/2023\/08\/europe_map-768x526.png 768w, https:\/\/good-loop.co.jp\/fr\/wp-content\/uploads\/sites\/9\/2023\/08\/europe_map-1536x1051.png 1536w, https:\/\/good-loop.co.jp\/fr\/wp-content\/uploads\/sites\/9\/2023\/08\/europe_map-2048x1401.png 2048w\" sizes=\"auto, (max-width: 1024px) 100vw, 1024px\" \/><\/figure>\n\n\n\n<p><\/p>\n\n\n\n<p>Jour 1<br> Arriv\u00e9e \u00e0 l&rsquo;a\u00e9roport de Munich, j&rsquo;ai pris le train pour AllroundRent. Apr\u00e8s avoir enregistr\u00e9 mes bagages inutiles, je suis parti vers midi au volant de ma BMW R1200GS. J&rsquo;ai achet\u00e9 une vignette autrichienne (permis) aupr\u00e8s de l&rsquo;ADAC, l&rsquo;\u00e9quivalent du JAF japonais, et j&rsquo;ai pris l&rsquo;autoroute. De la neige est pr\u00e9vue pour demain, je dois donc traverser les Alpes aujourd&rsquo;hui, mais je suis coinc\u00e9 dans un embouteillage \u00e0 cause du transport d&rsquo;une \u00e9olienne. Nous nous sommes arr\u00eat\u00e9s \u00e0 Salzbourg pour apercevoir la forteresse de Hohensalzburg et sommes arriv\u00e9s sur la route alpine du Grossglockner juste au moment o\u00f9 les ombres commen\u00e7aient \u00e0 s&rsquo;allonger. <\/p>\n\n\n\n<figure class=\"wp-block-image size-large\"><img decoding=\"async\" src=\"https:\/\/good-loop.co.jp\/fr\/wp-content\/uploads\/2023\/08\/DSC04101-1024x683.jpg\" alt=\"\" class=\"wp-image-213\"\/><\/figure>\n\n\n\n<p><\/p>\n\n\n\n<figure class=\"wp-block-image size-large\"><img decoding=\"async\" src=\"https:\/\/good-loop.co.jp\/wp-content\/uploads\/2023\/08\/IMG_20220913_180147398-1024x576.jpg\" alt=\"\" class=\"wp-image-214\"\/><\/figure>\n\n\n\n<p><br>J&rsquo;aurais aim\u00e9 rouler davantage sur les majestueuses routes de montagne sinueuses, mais il me fallait trouver un endroit o\u00f9 dormir. Je suis descendu jusqu&rsquo;\u00e0 Lienz, mais je n&rsquo;en ai pas trouv\u00e9. Je suis donc retourn\u00e9 dormir dans une petite pension. Il \u00e9tait tard, donc je n&rsquo;ai rien mang\u00e9, juste de la bi\u00e8re. <\/p>\n\n\n\n<p>Jour 2<br> Je me suis r\u00e9veill\u00e9 tard et j&rsquo;ai pris la direction de l&rsquo;ouest, passant par l&rsquo;usine de gaufrettes de Roakar. Une pluie vergla\u00e7ante et un \u00e9pais brouillard se sont abattus sur le col de Jofen. <\/p>\n\n\n\n<figure class=\"wp-block-image size-large\"><img decoding=\"async\" src=\"https:\/\/good-loop.co.jp\/wp-content\/uploads\/2023\/08\/IMG_20220914_152252719-1024x576.jpg\" alt=\"\" class=\"wp-image-215\"\/><\/figure>\n\n\n\n<p><br> J&rsquo;ai travers\u00e9 le col de Timmelsjoch et me suis dirig\u00e9 vers le mus\u00e9e de la moto de montagne TOP \u00e0 Hochgurgl. Plus de 500 motos sont expos\u00e9es, allant des Bluff Superior et M\u00fcnch \u00e0 l&rsquo;Elf Honda. <\/p>\n\n\n\n<figure class=\"wp-block-gallery has-nested-images columns-default is-cropped wp-block-gallery-1 is-layout-flex wp-block-gallery-is-layout-flex\">\n<figure class=\"wp-block-image size-large\"><img decoding=\"async\" data-id=\"216\" src=\"https:\/\/good-loop.co.jp\/wp-content\/uploads\/2023\/08\/IMG_20220914_152924458-1024x576.jpg\" alt=\"\" class=\"wp-image-216\"\/><\/figure>\n\n\n\n<figure class=\"wp-block-image size-large\"><img decoding=\"async\" data-id=\"217\" src=\"https:\/\/good-loop.co.jp\/wp-content\/uploads\/2023\/08\/IMG_20220914_162100489-1024x576.jpg\" alt=\"\" class=\"wp-image-217\"\/><\/figure>\n<\/figure>\n\n\n\n<p><br> Retournez \u00e0 Moso en Passiria et dirigez-vous vers l&rsquo;auberge de Dolph Tirole. <\/p>\n\n\n\n<p>Jour 3&nbsp;: Pluie.<\/p>\n\n\n\n<figure class=\"wp-block-image size-large\"><img decoding=\"async\" src=\"https:\/\/good-loop.co.jp\/wp-content\/uploads\/2023\/08\/IMG_20220915_101830106-1024x576.jpg\" alt=\"\" class=\"wp-image-218\"\/><\/figure>\n\n\n\n<p>Passage par Merano en direction du col du Stelvio.<\/p>\n\n\n\n<figure class=\"wp-block-image size-large\"><img decoding=\"async\" src=\"https:\/\/good-loop.co.jp\/wp-content\/uploads\/2023\/08\/DSC04185-1024x683.jpg\" alt=\"\" class=\"wp-image-222\"\/><\/figure>\n\n\n\n<p><br>Apr\u00e8s avoir d\u00e9pass\u00e9 Kuzuori, il pleuvait au sommet. <\/p>\n\n\n\n<figure class=\"wp-block-gallery has-nested-images columns-2 is-cropped wp-block-gallery-2 is-layout-flex wp-block-gallery-is-layout-flex\">\n<figure class=\"wp-block-image size-large\"><img decoding=\"async\" data-id=\"219\" src=\"https:\/\/good-loop.co.jp\/wp-content\/uploads\/2023\/08\/IMG_20220915_120111947-1024x576.jpg\" alt=\"\" class=\"wp-image-219\"\/><\/figure>\n\n\n\n<figure class=\"wp-block-image size-large\"><img decoding=\"async\" data-id=\"220\" src=\"https:\/\/good-loop.co.jp\/wp-content\/uploads\/2023\/08\/IMG_20220915_121819090-1024x576.jpg\" alt=\"\" class=\"wp-image-220\"\/><\/figure>\n\n\n\n<figure class=\"wp-block-image size-large\"><img decoding=\"async\" data-id=\"221\" src=\"https:\/\/good-loop.co.jp\/wp-content\/uploads\/2023\/08\/DSC04186-1024x683.jpg\" alt=\"\" class=\"wp-image-221\"\/><\/figure>\n\n\n\n<figure class=\"wp-block-image size-large\"><img decoding=\"async\" data-id=\"223\" src=\"https:\/\/good-loop.co.jp\/wp-content\/uploads\/2023\/08\/DSC04188-1024x683.jpg\" alt=\"\" class=\"wp-image-223\"\/><\/figure>\n<\/figure>\n\n\n\n<p><br> Passage de Santa Caterina en direction du col de Gavia. <\/p>\n\n\n\n<figure class=\"wp-block-image size-large\"><img decoding=\"async\" src=\"https:\/\/good-loop.co.jp\/wp-content\/uploads\/2023\/08\/IMG_20220915_151800344-1024x576.jpg\" alt=\"\" class=\"wp-image-224\"\/><\/figure>\n\n\n\n<p><\/p>\n\n\n\n<figure class=\"wp-block-gallery has-nested-images columns-default is-cropped wp-block-gallery-3 is-layout-flex wp-block-gallery-is-layout-flex\">\n<figure class=\"wp-block-image size-large\"><img decoding=\"async\" data-id=\"225\" src=\"https:\/\/good-loop.co.jp\/wp-content\/uploads\/2023\/08\/IMG_20220915_152130485-1024x576.jpg\" alt=\"\" class=\"wp-image-225\"\/><\/figure>\n\n\n\n<figure class=\"wp-block-image size-large\"><img decoding=\"async\" data-id=\"226\" src=\"https:\/\/good-loop.co.jp\/wp-content\/uploads\/2023\/08\/IMG_20220915_143737193-1024x576.jpg\" alt=\"\" class=\"wp-image-226\"\/><\/figure>\n<\/figure>\n\n\n\n<p><br>Nous avons d\u00e9jeun\u00e9 \u00e0 la fontaine Santa Apollonia et avons emprunt\u00e9 les rues pav\u00e9es jusqu&rsquo;\u00e0 notre h\u00e9bergement \u00e0 Rovere. <\/p>\n\n\n\n<p>Jour 4<br>Il faisait beau et chaud. Nous avons d\u00e9pass\u00e9 Bergame et pris la direction de Monza. Le circuit \u00e9tant ferm\u00e9, nous sommes all\u00e9s au Palais Royal. <\/p>\n\n\n\n<figure class=\"wp-block-image size-large\"><img decoding=\"async\" src=\"https:\/\/good-loop.co.jp\/wp-content\/uploads\/2023\/08\/IMG_20220916_131513680-a-1024x576.jpg\" alt=\"\" class=\"wp-image-227\"\/><\/figure>\n\n\n\n<p><\/p>\n\n\n\n<figure class=\"wp-block-gallery has-nested-images columns-2 is-cropped wp-block-gallery-4 is-layout-flex wp-block-gallery-is-layout-flex\">\n<figure class=\"wp-block-image size-large\"><img decoding=\"async\" data-id=\"228\" src=\"https:\/\/good-loop.co.jp\/wp-content\/uploads\/2023\/08\/IMG_20220916_145242479-1024x576.jpg\" alt=\"\" class=\"wp-image-228\"\/><\/figure>\n\n\n\n<figure class=\"wp-block-image size-large\"><img decoding=\"async\" data-id=\"229\" src=\"https:\/\/good-loop.co.jp\/wp-content\/uploads\/2023\/08\/IMG_20220916_201534082-1024x576.jpg\" alt=\"\" class=\"wp-image-229\"\/><\/figure>\n<\/figure>\n\n\n\n<p><br> Nous avons achet\u00e9 une vignette suisse (passeport) au poste fronti\u00e8re de Breggia et sommes partis pour Camolino. Comme Vodafone (op\u00e9rateur allemand) ne propose pas de roaming en Suisse, nous avons opt\u00e9 pour une carte Three SIM. De retour \u00e0 Sigirino, nous avons d\u00e9gust\u00e9 la sp\u00e9cialit\u00e9 locale, le cordon bleu. <\/p>\n\n\n\n<p>Jour 5<br> Nous avons pris la direction de Wassen par le tunnel du Saint-Gothard. Nous avions pour objectif le col du Susten, mais la route \u00e9tait ferm\u00e9e \u00e0 cause des chutes de neige. Il faisait 35 \u00b0C \u00e0 l&rsquo;int\u00e9rieur du tunnel, mais il ne faisait que 2 \u00b0C. Apr\u00e8s avoir gel\u00e9 en descendant la montagne, le ciel s&rsquo;est d\u00e9gag\u00e9 et nous avons pu apercevoir le Triangle de l&rsquo;Oberland. <\/p>\n\n\n\n<figure class=\"wp-block-gallery has-nested-images columns-2 is-cropped wp-block-gallery-5 is-layout-flex wp-block-gallery-is-layout-flex\">\n<figure class=\"wp-block-image size-large\"><img decoding=\"async\" data-id=\"230\" src=\"https:\/\/good-loop.co.jp\/wp-content\/uploads\/2023\/08\/IMG_20220917_112104493-1024x576.jpg\" alt=\"\" class=\"wp-image-230\"\/><\/figure>\n\n\n\n<figure class=\"wp-block-image size-large\"><img decoding=\"async\" data-id=\"231\" src=\"https:\/\/good-loop.co.jp\/wp-content\/uploads\/2023\/08\/IMG_20220917_130957591-1024x576.jpg\" alt=\"\" class=\"wp-image-231\"\/><\/figure>\n\n\n\n<figure class=\"wp-block-image size-large\"><img decoding=\"async\" data-id=\"232\" src=\"https:\/\/good-loop.co.jp\/wp-content\/uploads\/2023\/08\/IMG_20220917_134956584-1024x576.jpg\" alt=\"\" class=\"wp-image-232\"\/><\/figure>\n<\/figure>\n\n\n\n<p><br> En longeant la c\u00f4te du lac des Quatre-Cantons jusqu&rsquo;\u00e0 Grindelwald. Admiration de la face nord de l&rsquo;Eiger. <\/p>\n\n\n\n<figure class=\"wp-block-image size-large\"><img decoding=\"async\" src=\"https:\/\/good-loop.co.jp\/wp-content\/uploads\/2023\/08\/IMG_20220917_164247464-1024x576.jpg\" alt=\"\" class=\"wp-image-233\"\/><\/figure>\n\n\n\n<p><br> En passant par Berne, direction Montreux. Admiration du M\u00e9morial de la Reine. <\/p>\n\n\n\n<figure class=\"wp-block-gallery has-nested-images columns-default is-cropped wp-block-gallery-6 is-layout-flex wp-block-gallery-is-layout-flex\">\n<figure class=\"wp-block-image size-large\"><img decoding=\"async\" data-id=\"235\" src=\"https:\/\/good-loop.co.jp\/wp-content\/uploads\/2023\/08\/IMG_20220917_205846562-1024x576.jpg\" alt=\"\" class=\"wp-image-235\"\/><\/figure>\n\n\n\n<figure class=\"wp-block-image size-large\"><img decoding=\"async\" data-id=\"234\" src=\"https:\/\/good-loop.co.jp\/wp-content\/uploads\/2023\/08\/IMG_20220917_211130430-1024x576.jpg\" alt=\"\" class=\"wp-image-234\"\/><\/figure>\n<\/figure>\n\n\n\n<p><br>Jour 6<br>D\u00e9couvrez la statue de Freddie Mercury sur les rives du lac L\u00e9man et dirigez-vous vers Gruy\u00e8res. <\/p>\n\n\n\n<figure class=\"wp-block-image size-large\"><img decoding=\"async\" src=\"https:\/\/good-loop.co.jp\/wp-content\/uploads\/2023\/08\/IMG_20220918_100505685-1024x576.jpg\" alt=\"\" class=\"wp-image-239\"\/><\/figure>\n\n\n\n<p><br>Visitez le mus\u00e9e H.R. Giger. <\/p>\n\n\n\n<figure class=\"wp-block-gallery has-nested-images columns-3 wp-block-gallery-7 is-layout-flex wp-block-gallery-is-layout-flex\">\n<figure class=\"wp-block-image size-large\"><img decoding=\"async\" data-id=\"237\" src=\"https:\/\/good-loop.co.jp\/wp-content\/uploads\/2023\/08\/IMG_20220918_111606807-576x1024.jpg\" alt=\"\" class=\"wp-image-237\"\/><\/figure>\n\n\n\n<figure class=\"wp-block-image size-large\"><img decoding=\"async\" data-id=\"238\" src=\"https:\/\/good-loop.co.jp\/wp-content\/uploads\/2023\/08\/IMG_20220918_121705736-576x1024.jpg\" alt=\"\" class=\"wp-image-238\"\/><\/figure>\n<\/figure>\n\n\n\n<div class=\"wp-block-columns is-layout-flex wp-container-core-columns-is-layout-28f84493 wp-block-columns-is-layout-flex\">\n<div class=\"wp-block-column is-layout-flow wp-block-column-is-layout-flow\">\n<iframe src=\"https:\/\/www.google.com\/maps\/embed?pb=!4v1692091088995!6m8!1m7!1sb6nvso_AX6mutUwcvjJtaw!2m2!1d46.87046239788245!2d7.235026026030371!3f261.1341526070551!4f-6.505790328727613!5f0.7820865974627469\" style=\"width:100%;aspect-ratio:16\/9;border:0\" loading=\"lazy\"><\/iframe>\n<\/div>\n<\/div>\n\n\n\n<p>La Suisse est \u00e9quip\u00e9e de radars automatiques qui prennent des photos de face et de dos. <\/p>\n\n\n\n<figure class=\"wp-block-image size-large\"><img decoding=\"async\" src=\"https:\/\/good-loop.co.jp\/wp-content\/uploads\/2023\/08\/IMG_20220918_164239597-1024x576.jpg\" alt=\"\" class=\"wp-image-242\"\/><\/figure>\n\n\n\n<p><br>Vue des monts Kurfilsten sur le lac de Walenstadt. Ch\u00e2teau de Vaduz au Liechtenstein. <\/p>\n\n\n\n<figure class=\"wp-block-gallery has-nested-images columns-default is-cropped wp-block-gallery-8 is-layout-flex wp-block-gallery-is-layout-flex\">\n<figure class=\"wp-block-image size-large\"><img decoding=\"async\" data-id=\"240\" src=\"https:\/\/good-loop.co.jp\/wp-content\/uploads\/2023\/08\/IMG_20220918_160129082-1024x576.jpg\" alt=\"\" class=\"wp-image-240\"\/><\/figure>\n\n\n\n<figure class=\"wp-block-image size-large\"><img decoding=\"async\" data-id=\"241\" src=\"https:\/\/good-loop.co.jp\/wp-content\/uploads\/2023\/08\/IMG_20220918_170249369-1024x576.jpg\" alt=\"\" class=\"wp-image-241\"\/><\/figure>\n<\/figure>\n\n\n\n<p><br>Savourez une escalope pan\u00e9e \u00e0 F\u00fcssen. <\/p>\n\n\n\n<p>Jour 7<br>Pluie. Visite du ch\u00e2teau de Neuschwanstein. <\/p>\n\n\n\n<figure class=\"wp-block-gallery has-nested-images columns-default is-cropped wp-block-gallery-9 is-layout-flex wp-block-gallery-is-layout-flex\">\n<figure class=\"wp-block-image size-large\"><img decoding=\"async\" data-id=\"246\" src=\"https:\/\/good-loop.co.jp\/wp-content\/uploads\/2023\/08\/DSC04196-1024x683.jpg\" alt=\"\" class=\"wp-image-246\"\/><\/figure>\n\n\n\n<figure class=\"wp-block-image size-large\"><img decoding=\"async\" data-id=\"245\" src=\"https:\/\/good-loop.co.jp\/wp-content\/uploads\/2023\/08\/IMG_20220919_103134805-1024x576.jpg\" alt=\"\" class=\"wp-image-245\"\/><\/figure>\n<\/figure>\n\n\n\n<p><br>\u00c9glise de p\u00e8lerinage de Wies. <\/p>\n\n\n\n<figure class=\"wp-block-gallery has-nested-images columns-1 is-cropped wp-block-gallery-10 is-layout-flex wp-block-gallery-is-layout-flex\">\n<figure class=\"wp-block-image size-large\"><img decoding=\"async\" data-id=\"248\" src=\"https:\/\/good-loop.co.jp\/wp-content\/uploads\/2023\/08\/IMG_20220919_114927467-1024x576.jpg\" alt=\"\" class=\"wp-image-248\"\/><\/figure>\n<\/figure>\n\n\n\n<p><\/p>\n\n\n\n<figure class=\"wp-block-image aligncenter size-large\"><img decoding=\"async\" src=\"https:\/\/good-loop.co.jp\/wp-content\/uploads\/2023\/08\/IMG_20220919_115517014-a-653x1024.jpg\" alt=\"\" class=\"wp-image-258\"\/><\/figure>\n\n\n\n<p><\/p>\n\n\n\n<figure class=\"wp-block-image size-large\"><img decoding=\"async\" src=\"https:\/\/good-loop.co.jp\/wp-content\/uploads\/2023\/08\/IMG_20220919_124340796-1024x576.jpg\" alt=\"\" class=\"wp-image-247\"\/><\/figure>\n\n\n\n<p><br>Retour \u00e0 AllroundRent \u00e0 Munich. <\/p>\n\n\n\n<figure class=\"wp-block-gallery has-nested-images columns-default is-cropped wp-block-gallery-11 is-layout-flex wp-block-gallery-is-layout-flex\">\n<figure class=\"wp-block-image size-large\"><img decoding=\"async\" data-id=\"251\" src=\"https:\/\/good-loop.co.jp\/wp-content\/uploads\/2023\/08\/IMG_20220919_145350384-1024x576.jpg\" alt=\"\" class=\"wp-image-251\"\/><\/figure>\n\n\n\n<figure class=\"wp-block-image size-large\"><img decoding=\"async\" data-id=\"250\" src=\"https:\/\/good-loop.co.jp\/wp-content\/uploads\/2023\/08\/IMG_20220921_122918298-461x1024.jpg\" alt=\"\" class=\"wp-image-250\"\/><\/figure>\n<\/figure>\n\n\n\n<p><\/p>\n\n\n\n<figure class=\"wp-block-image size-large\"><img decoding=\"async\" src=\"https:\/\/good-loop.co.jp\/wp-content\/uploads\/2023\/08\/IMG_20220919_205001360-1024x461.jpg\" alt=\"\" class=\"wp-image-252\"\/><\/figure>\n\n\n\n<p><br>\u00c0 Munich, j&rsquo;ai profit\u00e9 du mus\u00e9e BMW et de l&rsquo;Oktoberfest. Apr\u00e8s avoir rendu ma moto \u00e0 AllroundRent, j&rsquo;ai pris le train. <\/p>\n\n\n\n<p>Malgr\u00e9 la longueur du trajet et le manque de pr\u00e9paration, ce fut un voyage formidable. Si j&rsquo;ai pu parcourir sans fatigue une distance \u00e9quivalente \u00e0 celle entre Sapporo et Nagasaki, c&rsquo;est en grande partie gr\u00e2ce \u00e0 l&rsquo;excellente ing\u00e9nierie de la BMW R1200GS. Des autoroutes \u00e0 tr\u00e8s grande vitesse aux routes \u00e9troites et enneig\u00e9es, j&rsquo;ai v\u00e9ritablement v\u00e9cu le slogan de BMW&nbsp;: \u00ab&nbsp;Le plaisir de conduire&nbsp;\u00bb. <\/p>\n\n\n\n<figure class=\"wp-block-image size-large\"><img decoding=\"async\" src=\"https:\/\/good-loop.co.jp\/wp-content\/uploads\/2023\/08\/IMG_20220915_151355555-a-1024x576.jpg\" alt=\"\" class=\"wp-image-259\"\/><\/figure>\n\n\n\n<p class=\"has-text-align-center has-small-font-size\">Monument de la bataille de San Matteo<\/p>\n","protected":false},"excerpt":{"rendered":"<p>Good Loop s&rsquo;est associ\u00e9 \u00e0 AllroundRent, une entreprise allemande forte de 30 ans d&rsquo;exp\u00e9rience, pour faciliter la location de motos en Europe. Situ\u00e9e au c\u0153ur de la ville historique de Munich, AllroundRent peut \u00e9galement organiser la prise en charge \u00e0 l&rsquo;a\u00e9roport et \u00e0 l&rsquo;h\u00f4tel. Des options de restitution sont disponibles dans toute l&rsquo;Europe, pour une [&hellip;]<\/p>\n","protected":false},"author":1,"featured_media":224,"parent":777,"menu_order":0,"comment_status":"closed","ping_status":"closed","template":"","meta":{"footnotes":""},"class_list":["post-211","page","type-page","status-publish","has-post-thumbnail","hentry"],"_links":{"self":[{"href":"https:\/\/good-loop.co.jp\/fr\/wp-json\/wp\/v2\/pages\/211","targetHints":{"allow":["GET"]}}],"collection":[{"href":"https:\/\/good-loop.co.jp\/fr\/wp-json\/wp\/v2\/pages"}],"about":[{"href":"https:\/\/good-loop.co.jp\/fr\/wp-json\/wp\/v2\/types\/page"}],"author":[{"embeddable":true,"href":"https:\/\/good-loop.co.jp\/fr\/wp-json\/wp\/v2\/users\/1"}],"replies":[{"embeddable":true,"href":"https:\/\/good-loop.co.jp\/fr\/wp-json\/wp\/v2\/comments?post=211"}],"version-history":[{"count":2,"href":"https:\/\/good-loop.co.jp\/fr\/wp-json\/wp\/v2\/pages\/211\/revisions"}],"predecessor-version":[{"id":865,"href":"https:\/\/good-loop.co.jp\/fr\/wp-json\/wp\/v2\/pages\/211\/revisions\/865"}],"up":[{"embeddable":true,"href":"https:\/\/good-loop.co.jp\/fr\/wp-json\/wp\/v2\/pages\/777"}],"wp:featuredmedia":[{"embeddable":true,"href":"https:\/\/good-loop.co.jp\/fr\/wp-json\/wp\/v2\/media\/224"}],"wp:attachment":[{"href":"https:\/\/good-loop.co.jp\/fr\/wp-json\/wp\/v2\/media?parent=211"}],"curies":[{"name":"wp","href":"https:\/\/api.w.org\/{rel}","templated":true}]}}