{"id":478,"date":"2024-08-11T21:10:44","date_gmt":"2024-08-11T12:10:44","guid":{"rendered":"https:\/\/good-loop.co.jp\/?page_id=478"},"modified":"2024-08-11T21:10:44","modified_gmt":"2024-08-11T12:10:44","slug":"vente-aux-encheres-consignation","status":"publish","type":"page","link":"https:\/\/good-loop.co.jp\/fr\/vente-aux-encheres-consignation\/","title":{"rendered":"Service d&rsquo;agence de vente aux ench\u00e8res de voitures d&rsquo;occasion"},"content":{"rendered":"\n<h2 class=\"wp-block-heading\">Pourquoi ne pas acheter la voiture de vos r\u00eaves \u00e0 prix cass\u00e9 lors d&rsquo;une vente aux ench\u00e8res chez un concessionnaire\u00a0? <\/h2>\n\n\n\n<p>Good Loop favorise la s\u00e9curit\u00e9 et la fiabilit\u00e9 des achats et ventes de v\u00e9hicules en participant \u00e0 des ventes aux ench\u00e8res de voitures d&rsquo;occasion r\u00e9serv\u00e9es aux concessionnaires et ferm\u00e9es au grand public. <\/p>\n\n\n\n<hr class=\"wp-block-separator has-alpha-channel-opacity\" \/>\n\n\n\n<h2 class=\"wp-block-heading\">Avantages des services d&rsquo;agent d&rsquo;ench\u00e8res<\/h2>\n\n\n\n<h3 class=\"wp-block-heading\">Marge interm\u00e9diaire r\u00e9duite<\/h3>\n\n\n\n<p>R\u00e9duisez les co\u00fbts inutiles en achetant directement aux ench\u00e8res sans passer par des concessionnaires ou des concessionnaires de v\u00e9hicules d&rsquo;occasion. <\/p>\n\n\n\n<h3 class=\"wp-block-heading\">Informations d\u00e9taill\u00e9es sur les v\u00e9hicules<\/h3>\n\n\n\n<p>Avec plus de 8 millions de v\u00e9hicules r\u00e9pertori\u00e9s chaque ann\u00e9e sur environ 120 sites \u00e0 travers le pays, vous trouverez le v\u00e9hicule id\u00e9al pour vous. <\/p>\n\n\n\n\n<h3 class=\"wp-block-heading\">Assistance d&rsquo;experts<\/h3>\n\n\n\n<p>De l&rsquo;ench\u00e8re \u00e0 l&rsquo;adjudication, en passant par le transfert de propri\u00e9t\u00e9 et la livraison, notre \u00e9quipe exp\u00e9riment\u00e9e vous offre un accompagnement complet. <\/p>\n\n\n\n<hr class=\"wp-block-separator has-alpha-channel-opacity\" \/>\n\n\n\n<h2 class=\"wp-block-heading\">Structure tarifaire<\/h2>\n\n\n\n<h3 class=\"wp-block-heading\">Offre de proxy d&rsquo;ench\u00e8res (achat)<\/h3>\n\n\n\n<figure class=\"wp-block-table\"><table><tbody><tr><td>Frais de proxy d&rsquo;ench\u00e8res<\/td><td class=\"has-text-align-right\" data-align=\"right\">\u00c0 partir de 29\u00a0800 \u00a5<\/td><td>Varie en fonction du prix de l&rsquo;ench\u00e8re gagnante. Voir le tableau ci-dessous. Frais d&rsquo;ench\u00e8re gagnante : \u00c0 partir de 20\u00a0000 yens Varie selon le lieu et le type de v\u00e9hicule Frais d&rsquo;ench\u00e8re : 1\u00a0000 yens Par ench\u00e8re Frais d&rsquo;exp\u00e9dition terrestre : \u00c0 partir de 8\u00a0000 yens Varie selon la distance et le type de v\u00e9hicule Frais d&rsquo;immatriculation : \u00c0 partir de 13\u00a0000 yens Certificat de garage : 13\u00a0000 yens Transfert d&rsquo;immatriculation : 20\u00a0000 yens Nouvelle immatriculation 30\u00a0000 yens Inspection du v\u00e9hicule Obligatoire<\/td><td class=\"has-text-align-right\" data-align=\"right\">\u00c0 partir de 39\u00a0800 \u00a5<\/td><td>Variable selon le mod\u00e8le et l&rsquo;\u00e9tat du v\u00e9hicule<\/td><\/tr><\/tbody><\/table><figcaption class=\"wp-element-caption\"> (hors TVA)<\/figcaption><\/figure>\n\n\n\n\n<figure class=\"wp-block-table\"><table><thead><tr><th class=\"has-text-align-right\" data-align=\"right\"> Prix de l&rsquo;ench\u00e8re retenue\n<\/th><th class=\"has-text-align-right\" data-align=\"right\"> Frais d&rsquo;agence\n<\/th><\/tr><\/thead><tbody><tr><td class=\"has-text-align-right\" data-align=\"right\"> Jusqu&rsquo;\u00e0 1 million de yens\n<\/td><td class=\"has-text-align-right\" data-align=\"right\"> 29\u00a0800 yens\n<\/td><\/tr><tr><td class=\"has-text-align-right\" data-align=\"right\"> 1 million \u00e0 1,5 million de yens\n<\/td><td class=\"has-text-align-right\" data-align=\"right\"> 34\u00a0800 yens\n<\/td><\/tr><tr><td class=\"has-text-align-right\" data-align=\"right\"> 1,5 million \u00e0 3 millions de yens\n<\/td><td class=\"has-text-align-right\" data-align=\"right\"> 39\u00a0800 yens\n<\/td><\/tr><tr><td class=\"has-text-align-right\" data-align=\"right\"> 3 \u00e0 5 millions de yens\n<\/td><td class=\"has-text-align-right\" data-align=\"right\"> 44\u00a0800 yens\n<\/td><\/tr><tr><td class=\"has-text-align-right\" data-align=\"right\"> 5 millions de yens et plus\n<\/td><td class=\"has-text-align-right\" data-align=\"right\"> 0,9 % du prix de l&rsquo;ench\u00e8re retenue\n<\/td><\/tr><\/tbody><\/table><figcaption class=\"wp-element-caption\"> (hors TVA)\n\n\n\n\n<h3 class=\"wp-block-heading\"> Forfait agence de vente (annonces)<\/h3>\n\n\n\n<figure class=\"wp-block-table\"><table><tbody><tr><td> Frais d&rsquo;agence de vente<\/td><td class=\"has-text-align-right\" data-align=\"right\">\u00c0 partir de 29\u00a0800 \u00a5<\/td><td>Varie en fonction du prix de l&rsquo;ench\u00e8re retenue. Voir le tableau ci-dessous. <\/td><\/tr><tr><td> Frais d&rsquo;inscription <\/td><td class=\"has-text-align-right\" data-align=\"right\"> \u00c0 partir de 10\u00a0000 \u00a5 <\/td><td> Varie selon le lieu et le type de v\u00e9hicule <\/td><\/tr><tr><td> Frais de cl\u00f4ture <\/td><td class=\"has-text-align-right\" data-align=\"right\"> \u00c0 partir de 10\u00a0000 \u00a5 <\/td><td> Varie selon le lieu et le type de v\u00e9hicule <\/td><\/tr><tr><td> Exp\u00e9dition terrestre <\/td><td class=\"has-text-align-right\" data-align=\"right\"> \u00c0 partir de 8\u00a0000 \u00a5 <\/td><td> Varie selon la distance et le type de v\u00e9hicule <\/td><\/tr><\/tbody><\/table><figcaption class=\"wp-element-caption\"> (hors taxe \u00e0 la consommation) <\/figcaption><\/figure>\n\n\n\n<figure class=\"wp-block-table\"><table><thead><tr><th class=\"has-text-align-right\" data-align=\"right\"> Prix de vente du v\u00e9hicule<\/th><th class=\"has-text-align-right\" data-align=\"right\"> Agence de r\u00e9f\u00e9rencement Frais<\/th><\/tr><\/thead><tbody><tr><td class=\"has-text-align-right\" data-align=\"right\"> Jusqu&rsquo;\u00e0 1 million de yens<\/td><td class=\"has-text-align-right\" data-align=\"right\"> 19\u00a0800 yens<\/td><\/tr><tr><td class=\"has-text-align-right\" data-align=\"right\"> 1 million de yens \u00e0 1,5 million de yens<\/td><td class=\"has-text-align-right\" data-align=\"right\"> 24\u00a0800 yens<\/td><\/tr><tr><td class=\"has-text-align-right\" data-align=\"right\"> 1,5 million de yens \u00e0 3 millions de yens<\/td><td class=\"has-text-align-right\" data-align=\"right\"> 29\u00a0800 yens<\/td><\/tr><tr><td class=\"has-text-align-right\" data-align=\"right\"> 3 millions de yens \u00e0 5 millions de yens<\/td><td class=\"has-text-align-right\" data-align=\"right\"> 34\u00a0800 yens<\/td><\/tr><tr><td class=\"has-text-align-right\" data-align=\"right\"> 5 millions de yens et plus<\/td><td class=\"has-text-align-right\" data-align=\"right\"> 0,7 % du prix de vente<\/td><\/tr><\/tbody><\/table><figcaption class=\"wp-element-caption\"> (hors taxe \u00e0 la consommation)<\/figcaption><\/figure>\n\n\n\n<hr class=\"wp-block-separator has-alpha-channel-opacity\" \/>\n\n\n\n<h2 class=\"wp-block-heading\">Flux de service<\/h2>\n\n\n\n<div style=\"max-width: 400px;margin: 0 auto;font-family: sans-serif\">\n<div style=\"border: 1px solid #ccc;border-radius: 8px;padding: 10px;text-align: center;margin-bottom: 10px\">\nNous contacter\n<\/div>\n<div style=\"text-align: center\">\u2193<\/div>\n<div style=\"border: 1px solid #ccc;border-radius: 8px;padding: 10px;text-align: center;margin-bottom: 10px\">\nConsultation\/Inspection du v\u00e9hicule\n<\/div>\n<div style=\"text-align: center\">\u2193<\/div>\n<div style=\"border: 1px solid #ccc;border-radius: 8px;padding: 10px;text-align: center;margin-bottom: 10px\">\nModalit\u00e9s de r\u00e9f\u00e9rencement\/d&rsquo;ench\u00e8res\n<\/div>\n<div style=\"text-align: center\">\u2193<\/div>\n<div style=\"border: 1px solid #ccc;border-radius: 8px;padding: 10px;text-align: center;margin-bottom: 10px\">\nEnch\u00e8re r\u00e9ussie\/Transfert de nom\n<\/div>\n<div style=\"text-align: center\">\u2193<\/div>\n<div style=\"border: 1px solid #ccc;border-radius: 8px;padding: 10px;text-align: center\">\nPaiement\/Livraison\n<\/div>\n<\/div>\n\n\n\n<h2 class=\"wp-block-heading\">R\u00e9ussites<\/h2>\n\n\n\n<ul class=\"wp-block-list\">\n<li><strong>Toyota Alphard (3e g\u00e9n\u00e9ration)<\/strong>\u00a0: Vendue pour 1,5 million de yens<\/li>\n\n\n\n<li><strong>Daihatsu Tanto (2e g\u00e9n\u00e9ration, portes coulissantes)<\/strong>\u00a0: Vendue pour 68\u00a0000\u00a0\u00a5<\/li>\n\n\n\n<li><strong>Honda S2000 (AP1)<\/strong>\u00a0: Vendue pour 2,5 millions de yens<\/li>\n<\/ul>\n\n\n\n<p>Nous r\u00e9pondons \u00e0 un large \u00e9ventail de besoins, des voitures pratiques aux v\u00e9hicules rares. \u200b<\/p>\n\n\n\n<hr class=\"wp-block-separator has-alpha-channel-opacity\" \/>\n\n\n\n<h2 class=\"wp-block-heading\">Foire aux questions (FAQ)<\/h2>\n\n\n\n<h3 class=\"wp-block-heading\">Q. C&rsquo;est la premi\u00e8re fois que j&rsquo;utilise les services d&rsquo;une agence de ventes aux ench\u00e8res. Puis-je y acc\u00e9der\u00a0? <\/h3>\n\n\n\n<p>R. Oui, notre \u00e9quipe d&rsquo;experts vous apportera une assistance compl\u00e8te, alors ne vous inqui\u00e9tez pas. <\/p>\n\n\n\n<h3 class=\"wp-block-heading\">Q. Puis-je v\u00e9rifier l&rsquo;\u00e9tat du v\u00e9hicule\u00a0? <\/h3>\n\n\n\n<p>R. Oui, nous vous fournirons des informations d\u00e9taill\u00e9es sur le v\u00e9hicule avant de le mettre aux ench\u00e8res. <\/p>\n\n\n\n<h3 class=\"wp-block-heading\">Q. Pouvez-vous \u00e9galement g\u00e9rer le transfert de propri\u00e9t\u00e9 et la livraison\u00a0? <\/h3>\n\n\n\n<p>R. Oui, nous offrons une assistance compl\u00e8te, y compris les modalit\u00e9s de transfert de propri\u00e9t\u00e9 et de livraison. <\/p>\n\n\n\n<hr class=\"wp-block-separator has-alpha-channel-opacity\" \/>\n\n\n\n<p>Good Loop s&rsquo;engage \u00e0 vous fournir une assistance compl\u00e8te tout au long de votre vie automobile. N&rsquo;h\u00e9sitez pas \u00e0 nous contacter pour toute question. <\/p>\n\n\n\n<p class=\"has-x-large-font-size\" style=\"line-height:1.2\">Contactez-nous ici<\/p>\n\n\n\n<div class=\"wp-block-buttons is-layout-flex wp-block-buttons-is-layout-flex\">\n<div class=\"wp-block-button\"><a class=\"wp-block-button__link has-small-font-size has-custom-font-size wp-element-button\" href=\"https:\/\/docs.google.com\/forms\/d\/1JATPpeGfRXaemIpjUO1PbKltxmmkNDiiO8owNQoPJU4\/\" target=\"_blank\" rel=\"noreferrer noopener\">\nContactez-nous <\/a><\/div>\n<\/div>\n","protected":false},"excerpt":{"rendered":"<p>Pourquoi ne pas acheter la voiture de vos r\u00eaves \u00e0 prix cass\u00e9 lors d&rsquo;une vente aux ench\u00e8res chez un concessionnaire\u00a0? Good Loop favorise la s\u00e9curit\u00e9 et la fiabilit\u00e9 des achats et ventes de v\u00e9hicules en participant \u00e0 des ventes aux ench\u00e8res de voitures d&rsquo;occasion r\u00e9serv\u00e9es aux concessionnaires et ferm\u00e9es au grand public. Avantages des services [&hellip;]<\/p>\n","protected":false},"author":1,"featured_media":616,"parent":0,"menu_order":0,"comment_status":"closed","ping_status":"closed","template":"","meta":{"footnotes":""},"class_list":["post-478","page","type-page","status-publish","has-post-thumbnail","hentry"],"_links":{"self":[{"href":"https:\/\/good-loop.co.jp\/fr\/wp-json\/wp\/v2\/pages\/478","targetHints":{"allow":["GET"]}}],"collection":[{"href":"https:\/\/good-loop.co.jp\/fr\/wp-json\/wp\/v2\/pages"}],"about":[{"href":"https:\/\/good-loop.co.jp\/fr\/wp-json\/wp\/v2\/types\/page"}],"author":[{"embeddable":true,"href":"https:\/\/good-loop.co.jp\/fr\/wp-json\/wp\/v2\/users\/1"}],"replies":[{"embeddable":true,"href":"https:\/\/good-loop.co.jp\/fr\/wp-json\/wp\/v2\/comments?post=478"}],"version-history":[{"count":0,"href":"https:\/\/good-loop.co.jp\/fr\/wp-json\/wp\/v2\/pages\/478\/revisions"}],"wp:featuredmedia":[{"embeddable":true,"href":"https:\/\/good-loop.co.jp\/fr\/wp-json\/wp\/v2\/media\/616"}],"wp:attachment":[{"href":"https:\/\/good-loop.co.jp\/fr\/wp-json\/wp\/v2\/media?parent=478"}],"curies":[{"name":"wp","href":"https:\/\/api.w.org\/{rel}","templated":true}]}}