{"id":504,"date":"2024-08-25T16:44:17","date_gmt":"2024-08-25T07:44:17","guid":{"rendered":"https:\/\/good-loop.co.jp\/?page_id=504"},"modified":"2025-10-26T14:28:30","modified_gmt":"2025-10-26T05:28:30","slug":"logiciel","status":"publish","type":"page","link":"https:\/\/good-loop.co.jp\/fr\/logiciel\/","title":{"rendered":"Services de soutien \u00e0 la mise en \u0153uvre et \u00e0 l&rsquo;exploitation de logiciels open source"},"content":{"rendered":"\n<p>Good Loop d\u00e9veloppe des logiciels pour divers domaines, notamment pour l&rsquo;efficacit\u00e9 du d\u00e9veloppement logiciel et le support pour le secteur automobile. Nous fournissons \u00e9galement des services d&rsquo;assistance \u00e0 l&rsquo;impl\u00e9mentation et \u00e0 l&rsquo;exploitation de logiciels libres (OSS), reconnus \u00e0 l&rsquo;international.<\/p>\n\n\n\n<h2 class=\"wp-block-heading\">Apaiser les inqui\u00e9tudes concernant les logiciels libres\u00a0:\n\n\n\n<p>De nombreuses personnes peuvent avoir des inqui\u00e9tudes concernant les logiciels libres. Voici quelques questions courantes et leurs solutions&nbsp;: <\/p>\n\n\n\n<ol class=\"wp-block-list\">\n<li><strong> \u00ab&nbsp;Pourquoi les logiciels sont-ils fournis gratuitement&nbsp;?&nbsp;\u00bb <\/strong>\n<ul class=\"wp-block-list\">\n<li> Les logiciels open source sont un projet communautaire soutenu par des d\u00e9veloppeurs du monde entier. Leur gratuit\u00e9 a pour objectif de faire progresser et de partager la technologie, et de nombreuses grandes entreprises contribuent \u00e9galement \u00e0 leur d\u00e9veloppement. Leur qualit\u00e9 et leur fiabilit\u00e9 sont comparables \u00e0 celles des logiciels commerciaux. <\/li>\n<\/ul>\n<\/li>\n\n\n\n<li><strong>\u00ab&nbsp;Je n&rsquo;arrive pas \u00e0 configurer un serveur ou je n&rsquo;y connais pas grand-chose.&nbsp;\u00bb<\/strong>\n<ul class=\"wp-block-list\">\n<li>Ne vous inqui\u00e9tez pas. Nos experts vous offrent une assistance compl\u00e8te, de la configuration du serveur \u00e0 son exploitation. M\u00eame sans connaissances techniques, vous pouvez utiliser le syst\u00e8me optimal. <\/li>\n<\/ul>\n<\/li>\n\n\n\n<li><strong>\u00ab\u00a0Comment Good Loop g\u00e9n\u00e8re-t-il des b\u00e9n\u00e9fices\u00a0?\u00a0\u00bb<\/strong>\n<ul class=\"wp-block-list\">\n<li>Bien que le logiciel open source soit gratuit, nous proposons des services \u00e0 valeur ajout\u00e9e payants, tels qu&rsquo;une assistance professionnelle \u00e0 la mise en \u0153uvre, la personnalisation, la maintenance et la formation. Nous visons une relation gagnant-gagnant o\u00f9 la r\u00e9ussite de nos clients est le moteur de nos profits. <\/li>\n<\/ul>\n<\/li>\n<\/ol>\n\n\n\n<h2 class=\"wp-block-heading\">Avantages des logiciels libres<\/h2>\n\n\n\n<ol class=\"wp-block-list\">\n<li><strong>\u00c9conomies<\/strong>&nbsp;: Aucun frais de licence requis, ce qui r\u00e9duit consid\u00e9rablement l&rsquo;investissement initial. <\/li>\n\n\n\n<li><strong>Libert\u00e9 de personnalisation<\/strong>&nbsp;: Adaptez-vous aux besoins de votre entreprise. <\/li>\n\n\n\n<li><strong>\u00c9viter la d\u00e9pendance vis-\u00e0-vis d&rsquo;un fournisseur<\/strong>&nbsp;:\n<ul class=\"wp-block-list\">\n\n<li>Pr\u00e9server la flexibilit\u00e9 en ne d\u00e9pendant pas d&rsquo;un fournisseur sp\u00e9cifique. <\/li>\n\n\n<li>Laisser libre cours \u00e0 la modification ou \u00e0 la migration des logiciels si n\u00e9cessaire. <\/li>\n\n\n<li>Les formats de donn\u00e9es sont souvent standardis\u00e9s, ce qui facilite l&rsquo;int\u00e9gration et la migration avec d&rsquo;autres syst\u00e8mes. <\/li>\n\n<\/ul>\n<\/li>\n\n\n\n<li><strong> Propri\u00e9t\u00e9 et contr\u00f4le complets de vos donn\u00e9es<\/strong>&nbsp;:\n<ul class=\"wp-block-list\">\n<li> Notre code est public, vous pouvez donc voir pr\u00e9cis\u00e9ment comment vos donn\u00e9es sont stock\u00e9es. <\/li>\n\n\n\n<li> Sauvegardez, exportez et migrez facilement vos donn\u00e9es, pour les r\u00e9cup\u00e9rer \u00e0 tout moment. <\/li>\n<\/ul>\n<\/li>\n\n\n\n<li><strong>S\u00e9curit\u00e9 et transparence<\/strong>:\n<ul class=\"wp-block-list\">\n<li>Le code est accessible au public, ce qui permet une d\u00e9tection et une correction pr\u00e9coces des vuln\u00e9rabilit\u00e9s. <\/li>\n\n\n\n<li>Des audits continus, men\u00e9s par de nombreux experts, d\u00e9veloppeurs et utilisateurs, garantissent un niveau de s\u00e9curit\u00e9 \u00e9lev\u00e9. <\/li>\n<\/ul>\n<\/li>\n\n\n\n<li><strong>Support communautaire<\/strong>&nbsp;: B\u00e9n\u00e9ficiez d&rsquo;am\u00e9liorations et de solutions continues de la part de d\u00e9veloppeurs du monde entier. Nous proposons \u00e9galement des forums de support communautaire. <\/li>\n\n\n\n<li><strong>Adoption des derni\u00e8res technologies<\/strong>&nbsp;: Notre communaut\u00e9 active garantit une adoption rapide des derni\u00e8res technologies. <\/li>\n\n\n\n<li><strong>Stabilit\u00e9 \u00e0 long terme<\/strong>&nbsp;:\n<ul class=\"wp-block-list\">\n<li>Les projets open source d\u00e9pendent moins de la situation financi\u00e8re d&rsquo;une entreprise et peuvent donc s&rsquo;attendre \u00e0 une continuit\u00e9 \u00e0 long terme. <\/li>\n\n\n\n<li>Le soutien continu de la communaut\u00e9 prolonge la dur\u00e9e de vie des logiciels. <\/li>\n<\/ul>\n<\/li>\n<\/ol>\n\n\n\n<p>Gr\u00e2ce \u00e0 ces avantages, les logiciels open source augmentent la libert\u00e9 des entreprises, permettent des \u00e9conomies \u00e0 long terme et favorisent l&rsquo;innovation technologique. Nous vous offrons un accompagnement expert pour vous aider \u00e0 optimiser ces avantages. <\/p>\n\n\n\n<h2 class=\"wp-block-heading\">Avantages de l&rsquo;externalisation de l&rsquo;installation et de l&rsquo;exploitation<\/h2>\n\n\n\n<ol class=\"wp-block-list\">\n<li><strong>Expertise et savoir-faire<\/strong>&nbsp;: Des experts exp\u00e9riment\u00e9s garantissent une mise en \u0153uvre et une personnalisation optimales. <\/li>\n\n\n\n<li><strong>Gain de temps et de ressources<\/strong>&nbsp;: Lib\u00e9rez vos ressources internes pour vous concentrer sur d\u2019autres t\u00e2ches importantes. <\/li>\n\n\n\n<li><strong>Int\u00e9gration fluide<\/strong>&nbsp;: Nous vous aidons \u00e0 int\u00e9grer vos syst\u00e8mes existants en toute fluidit\u00e9, minimisant ainsi les interruptions d\u2019activit\u00e9. <\/li>\n\n\n\n<li><strong>Formation et assistance<\/strong>&nbsp;: Nous proposons des formations aux utilisateurs et une assistance technique continue. <\/li>\n\n\n\n<li><strong>S\u00e9curit\u00e9 renforc\u00e9e<\/strong>&nbsp;: Nous configurons et exploitons notre solution selon les meilleures pratiques de s\u00e9curit\u00e9 les plus r\u00e9centes. <\/li>\n\n\n\n<li><strong>Optimisation des performances<\/strong>&nbsp;: Nous surveillons constamment les performances du syst\u00e8me et les optimisons si n\u00e9cessaire. <\/li>\n\n\n\n<li><strong>Mises \u00e0 jour et maintenance<\/strong>&nbsp;: Nous assurons les mises \u00e0 jour vers les derni\u00e8res versions et une maintenance r\u00e9guli\u00e8re. <\/li>\n<\/ol>\n\n\n\n<h2 class=\"wp-block-heading\">Optimisation des co\u00fbts et flexibilit\u00e9 de l&rsquo;h\u00e9bergement<\/h2>\n\n\n\n<p>Nous nous effor\u00e7ons de fournir des services qui optimisent la rentabilit\u00e9 et r\u00e9pondent \u00e0 vos besoins. <\/p>\n\n\n\n<ol class=\"wp-block-list\">\n<li><strong>H\u00e9bergement \u00e9conomique<\/strong>:\n<ul class=\"wp-block-list\">\n<li>Nous r\u00e9alisons des \u00e9conomies significatives en utilisant non seulement les principaux services cloud comme Amazon, mais aussi des services de haute qualit\u00e9 et abordables comme Hetzner. <\/li>\n\n\n\n<li>Cela nous permet de fournir des services performants \u00e0 moindre co\u00fbt. <\/li>\n<\/ul>\n<\/li>\n\n\n\n<li><strong>Options d&rsquo;h\u00e9bergement flexibles<\/strong>&nbsp;:\n<ul class=\"wp-block-list\">\n<li>Nous proposons diverses options d&rsquo;h\u00e9bergement pour r\u00e9pondre \u00e0 vos besoins et aux exigences r\u00e9glementaires, notamment&nbsp;:\n<ul class=\"wp-block-list\">\n<li>Services cloud \u00e0 l&rsquo;\u00e9tranger abordables<\/li>\n\n\n\n<li>Centres de donn\u00e9es au Japon<\/li>\n\n\n\n<li>Votre Environnement sur site<\/li>\n<\/ul>\n<\/li>\n<\/ul>\n<\/li>\n\n\n\n<li><strong>Solutions personnalis\u00e9es<\/strong>:\n<ul class=\"wp-block-list\">\n<li>Nous \u00e9laborerons la strat\u00e9gie d&rsquo;h\u00e9bergement optimale adapt\u00e9e \u00e0 votre situation, en tenant compte de vos exigences de s\u00e9curit\u00e9, de vos besoins en termes de performances et de votre budget. <\/li>\n<\/ul>\n<\/li>\n\n\n\n<li><strong>Tarification transparente<\/strong>&nbsp;:\n<ul class=\"wp-block-list\">\n<li>Nous communiquons clairement les co\u00fbts d&rsquo;h\u00e9bergement et vous permettons de ma\u00eetriser votre budget. <\/li>\n<\/ul>\n<\/li>\n<\/ol>\n\n\n\n<p>Notre approche nous permet de fournir des solutions logicielles open source de haute qualit\u00e9, avec la flexibilit\u00e9 n\u00e9cessaire pour s&rsquo;adapter \u00e0 vos besoins et \u00e0 votre budget. <\/p>\n\n\n\n<h2 class=\"wp-block-heading\">Principaux logiciels open source pris en charge par notre entreprise<\/h2>\n\n\n\n<p>Voici les principaux logiciels open source pris en charge par notre entreprise. Chaque logiciel constitue une excellente alternative aux produits commerciaux populaires&nbsp;: <\/p>\n\n\n\n<h2 class=\"wp-block-heading\">Discourse<\/h2>\n\n\n\n<p>Une plateforme de discussion moderne pour la cr\u00e9ation de communaut\u00e9s et le partage de connaissances<\/p>\n\n\n\n<ul class=\"wp-block-list\">\n<li>Fonctionnalit\u00e9s cl\u00e9s&nbsp;: recherche avanc\u00e9e, gestion des cat\u00e9gories, syst\u00e8me de niveaux d&rsquo;utilisateurs<\/li>\n\n\n\n<li>Alternatives&nbsp;: Microsoft SharePoint, Yammer, Salesforce Chatter, Jive, Lithium<\/li>\n<\/ul>\n\n\n\n<p><a href=\"https:\/\/good-loop.co.jp\/software\/discourse\/\" data-type=\"page\" data-id=\"497\">En savoir plus<\/a><\/p>\n\n\n\n<h2 class=\"wp-block-heading\">SuiteCRM<\/h2>\n\n\n\n<p>Solution compl\u00e8te de gestion de la relation client (CRM). Int\u00e9gration des ventes, du marketing et du support client<\/p>\n\n\n\n<ul class=\"wp-block-list\">\n<li>Fonctionnalit\u00e9s cl\u00e9s&nbsp;: Gestion des leads, automatisation des ventes, syst\u00e8me de tickets pour le support client<\/li>\n\n\n\n<li>Alternatives&nbsp;: Salesforce, HubSpot CRM, Microsoft Dynamics 365<\/li>\n<\/ul>\n\n\n\n<p><a href=\"https:\/\/good-loop.co.jp\/software\/suitecrm\/\" data-type=\"page\" data-id=\"531\">En savoir plus<\/a><\/p>\n\n\n\n<h2 class=\"wp-block-heading\">Mattermost<\/h2>\n\n\n\n<p>Secure Open Plateforme de chat Source<\/p>\n\n\n\n<ul class=\"wp-block-list\">\n<li>Fonctionnalit\u00e9s principales&nbsp;: Communication par canaux, partage de fichiers, extensibilit\u00e9 des plugins, auto-h\u00e9bergement<\/li>\n\n\n\n<li>Alternatives&nbsp;: Slack, Microsoft Teams, Discord, Chatwork, LINE WORKS<\/li>\n<\/ul>\n\n\n\n<p><a href=\"https:\/\/good-loop.co.jp\/software\/mattermost\/\" data-type=\"page\" data-id=\"497\">En savoir plus<\/a><\/p>\n\n\n\n<h2 class=\"wp-block-heading\">OpenProject<\/h2>\n\n\n\n<p>Logiciel tout-en-un pour la gestion de projet et la collaboration en \u00e9quipe<\/p>\n\n\n\n<ul class=\"wp-block-list\">\n<li>Fonctionnalit\u00e9s cl\u00e9s&nbsp;: diagrammes de Gantt, tableaux agiles, suivi du temps, gestion de documents<\/li>\n\n\n\n<li>Alternatives&nbsp;: Jira, Trello, Asana, Microsoft Project, Backlog<\/li>\n<\/ul>\n\n\n\n<p><br><a href=\"https:\/\/good-loop.co.jp\/software\/openproject\/\" data-type=\"page\" data-id=\"542\">En savoir plus<\/a><\/p>\n\n\n\n<h2 class=\"wp-block-heading\">NextCloud<\/h2>\n\n\n\n<p>Plateforme de synchronisation, de partage et de communication de fichiers s\u00e9curis\u00e9e et flexible<\/p>\n\n\n\n<ul class=\"wp-block-list\">\n<li>Fonctionnalit\u00e9s cl\u00e9s&nbsp;: Synchronisation de fichiers, partage de calendrier, visioconf\u00e9rence, gestion des t\u00e2ches<\/li>\n\n\n\n<li>Alternatives&nbsp;: Box, Dropbox, Google Drive, Microsoft OneDrive<\/li>\n<\/ul>\n\n\n\n<p><br><a href=\"https:\/\/good-loop.co.jp\/software\/nextcloud\/\" data-type=\"page\" data-id=\"546\">En savoir plus<\/a><\/p>\n\n\n\n<p><\/p>\n\n\n\n<p>N&rsquo;h\u00e9sitez pas \u00e0 nous contacter pour toute question concernant la mise en \u0153uvre et l&rsquo;exploitation de nos logiciels. Nous prenons \u00e9galement en charge les logiciels non r\u00e9pertori\u00e9s ici. <\/p>\n\n\n\n<p class=\"has-x-large-font-size\" style=\"line-height:1.2\">Contactez-nous ici<\/p>\n\n\n\n<div class=\"wp-block-buttons is-layout-flex wp-block-buttons-is-layout-flex\">\n<div class=\"wp-block-button\"><a class=\"wp-block-button__link has-small-font-size has-custom-font-size wp-element-button\" href=\"https:\/\/docs.google.com\/forms\/d\/1JATPpeGfRXaemIpjUO1PbKltxmmkNDiiO8owNQoPJU4\/\" target=\"_blank\" rel=\"noreferrer noopener\">\nContactez-nous<\/a><\/div>\n<\/div>\n\n\n\n<p><\/p>\n","protected":false},"excerpt":{"rendered":"<p>Good Loop d\u00e9veloppe des logiciels pour divers domaines, notamment pour l&rsquo;efficacit\u00e9 du d\u00e9veloppement logiciel et le support pour le secteur automobile. Nous fournissons \u00e9galement des services d&rsquo;assistance \u00e0 l&rsquo;impl\u00e9mentation et \u00e0 l&rsquo;exploitation de logiciels libres (OSS), reconnus \u00e0 l&rsquo;international. Apaiser les inqui\u00e9tudes concernant les logiciels libres\u00a0: De nombreuses personnes peuvent avoir des inqui\u00e9tudes concernant les [&hellip;]<\/p>\n","protected":false},"author":1,"featured_media":524,"parent":0,"menu_order":0,"comment_status":"closed","ping_status":"closed","template":"","meta":{"footnotes":""},"class_list":["post-504","page","type-page","status-publish","has-post-thumbnail","hentry"],"_links":{"self":[{"href":"https:\/\/good-loop.co.jp\/fr\/wp-json\/wp\/v2\/pages\/504","targetHints":{"allow":["GET"]}}],"collection":[{"href":"https:\/\/good-loop.co.jp\/fr\/wp-json\/wp\/v2\/pages"}],"about":[{"href":"https:\/\/good-loop.co.jp\/fr\/wp-json\/wp\/v2\/types\/page"}],"author":[{"embeddable":true,"href":"https:\/\/good-loop.co.jp\/fr\/wp-json\/wp\/v2\/users\/1"}],"replies":[{"embeddable":true,"href":"https:\/\/good-loop.co.jp\/fr\/wp-json\/wp\/v2\/comments?post=504"}],"version-history":[{"count":1,"href":"https:\/\/good-loop.co.jp\/fr\/wp-json\/wp\/v2\/pages\/504\/revisions"}],"predecessor-version":[{"id":861,"href":"https:\/\/good-loop.co.jp\/fr\/wp-json\/wp\/v2\/pages\/504\/revisions\/861"}],"wp:featuredmedia":[{"embeddable":true,"href":"https:\/\/good-loop.co.jp\/fr\/wp-json\/wp\/v2\/media\/524"}],"wp:attachment":[{"href":"https:\/\/good-loop.co.jp\/fr\/wp-json\/wp\/v2\/media?parent=504"}],"curies":[{"name":"wp","href":"https:\/\/api.w.org\/{rel}","templated":true}]}}