{"id":528,"date":"2024-09-25T10:43:16","date_gmt":"2024-09-25T01:43:16","guid":{"rendered":"https:\/\/good-loop.co.jp\/?page_id=528"},"modified":"2024-09-25T10:43:16","modified_gmt":"2024-09-25T01:43:16","slug":"loi","status":"publish","type":"page","link":"https:\/\/good-loop.co.jp\/fr\/loi\/","title":{"rendered":"Description bas\u00e9e sur la loi sur les transactions commerciales sp\u00e9cifi\u00e9es"},"content":{"rendered":"\n<figure class=\"wp-block-table\"><table class=\"has-fixed-layout\"><tr><td>Nom du vendeur\u00a0: Good Loop Co. Ltd. <\/td><\/tr><tr><td>Adresse\u00a0: <\/td><td rowspan=\"3\">Nous communiquerons ces informations dans les meilleurs d\u00e9lais sur demande. <\/td><\/tr><tr><td>Num\u00e9ro de t\u00e9l\u00e9phone\u00a0: <\/td><\/tr><tr><td>Adresse e-mail\u00a0: <\/td><\/tr><tr><td>Personne \u00e0 contacter\u00a0: <\/td><td>Chihiro Nishina <\/td><\/tr><tr><td>Frais suppl\u00e9mentaires, etc. <\/td><td>Frais de communication <\/td><\/tr><tr><td>\u00c9changes et retours (Politique de remboursement) <\/td><td>Les remboursements sont possibles pour les produits d\u00e9fectueux ou si la transaction n&rsquo;a pas abouti pour des raisons ind\u00e9pendantes de notre volont\u00e9. <br>Cependant, les remboursements ne sont pas possibles pour les produits num\u00e9riques tels que les logiciels et les services. D\u00e9lai de livraison\u00a0: Les services sont fournis dans un d\u00e9lai d\u2019une semaine apr\u00e8s la conclusion du contrat, sauf commande sp\u00e9ciale. Modes de paiement accept\u00e9s\u00a0: Virement bancaire, carte de cr\u00e9dit, paiement en magasin. D\u00e9lai de paiement\u00a0: Les paiements par carte de cr\u00e9dit sont trait\u00e9s imm\u00e9diatement. Les virements bancaires et les paiements en magasin doivent \u00eatre effectu\u00e9s dans les trois jours suivant la commande. Prix de vente\u00a0: Le prix indiqu\u00e9 sur la page de chaque produit.\n","protected":false},"excerpt":{"rendered":"<p>Nom du vendeur\u00a0: Good Loop Co. Ltd. Adresse\u00a0: Nous communiquerons ces informations dans les meilleurs d\u00e9lais sur demande. Num\u00e9ro de t\u00e9l\u00e9phone\u00a0: Adresse e-mail\u00a0: Personne \u00e0 contacter\u00a0: Chihiro Nishina Frais suppl\u00e9mentaires, etc. Frais de communication \u00c9changes et retours (Politique de remboursement) Les remboursements sont possibles pour les produits d\u00e9fectueux ou si la transaction n&rsquo;a pas abouti [&hellip;]<\/p>\n","protected":false},"author":1,"featured_media":0,"parent":0,"menu_order":0,"comment_status":"closed","ping_status":"closed","template":"","meta":{"footnotes":""},"class_list":["post-528","page","type-page","status-publish","hentry"],"_links":{"self":[{"href":"https:\/\/good-loop.co.jp\/fr\/wp-json\/wp\/v2\/pages\/528","targetHints":{"allow":["GET"]}}],"collection":[{"href":"https:\/\/good-loop.co.jp\/fr\/wp-json\/wp\/v2\/pages"}],"about":[{"href":"https:\/\/good-loop.co.jp\/fr\/wp-json\/wp\/v2\/types\/page"}],"author":[{"embeddable":true,"href":"https:\/\/good-loop.co.jp\/fr\/wp-json\/wp\/v2\/users\/1"}],"replies":[{"embeddable":true,"href":"https:\/\/good-loop.co.jp\/fr\/wp-json\/wp\/v2\/comments?post=528"}],"version-history":[{"count":0,"href":"https:\/\/good-loop.co.jp\/fr\/wp-json\/wp\/v2\/pages\/528\/revisions"}],"wp:attachment":[{"href":"https:\/\/good-loop.co.jp\/fr\/wp-json\/wp\/v2\/media?parent=528"}],"curies":[{"name":"wp","href":"https:\/\/api.w.org\/{rel}","templated":true}]}}