{"id":531,"date":"2024-09-25T17:38:31","date_gmt":"2024-09-25T08:38:31","guid":{"rendered":"https:\/\/good-loop.co.jp\/?page_id=531"},"modified":"2024-09-25T17:38:31","modified_gmt":"2024-09-25T08:38:31","slug":"suitecrm","status":"publish","type":"page","link":"https:\/\/good-loop.co.jp\/fr\/logiciel\/suitecrm\/","title":{"rendered":"Mise en \u0153uvre, support op\u00e9rationnel et conseil de SuiteCRM"},"content":{"rendered":"\n<hr class=\"wp-block-separator has-alpha-channel-opacity\" \/>\n\n\n\n<h2 class=\"wp-block-heading\"> Une solution CRM open source offrant de nombreuses fonctionnalit\u00e9s, une fiabilit\u00e9 et des avantages \u00e9conomiques<\/h2>\n\n\n\n<p>Nous proposons des services d&rsquo;installation et d&rsquo;h\u00e9bergement pour la version open source de SuiteCRM<\/strong>, offrant un support performant pour la gestion de la relation client (CRM) des entreprises. SuiteCRM est un logiciel CRM open source mondialement reconnu, dot\u00e9 d&rsquo;un ensemble complet de fonctionnalit\u00e9s et d&rsquo;une excellente fiabilit\u00e9. <\/p>\n\n\n\n<hr class=\"wp-block-separator has-alpha-channel-opacity\" \/>\n\n\n\n<h3 class=\"wp-block-heading\">Fonctionnalit\u00e9s cl\u00e9s de SuiteCRM<\/h3>\n\n\n\n<ul class=\"wp-block-list\">\n<li><strong>Ensemble de fonctionnalit\u00e9s enrichi<\/strong>\n<ul class=\"wp-block-list\">\n<li><strong>Gestion des ventes<\/strong>\u00a0: G\u00e9rez vos processus de vente de mani\u00e8re centralis\u00e9e, y compris la gestion des prospects, des opportunit\u00e9s et des contrats. <\/li>\n\n\n\n<li><strong>Automatisation du marketing<\/strong>\u00a0: Favorise l&rsquo;efficacit\u00e9 des activit\u00e9s marketing, notamment les campagnes par e-mail et la cr\u00e9ation de listes de cibles. <\/li>\n\n\n\n<li><strong>Support client<\/strong>\u00a0: Simplifie le support client gr\u00e2ce \u00e0 la gestion des dossiers, \u00e0 une base de connaissances et bien plus encore. <\/li>\n\n\n\n<li><strong>Rapports et analyses<\/strong>\u00a0: Facilite la prise de d\u00e9cision gr\u00e2ce \u00e0 l&rsquo;analyse des donn\u00e9es en temps r\u00e9el. <\/li>\n<\/ul>\n<\/li>\n\n\n\n<li><strong>Hautement personnalisable<\/strong>\n<ul class=\"wp-block-list\">\n<li>Tirant parti des avantages de l&rsquo;open source, il permet une personnalisation flexible pour r\u00e9pondre aux besoins de votre entreprise. <\/li>\n<\/ul>\n<\/li>\n\n\n\n<li><strong>Interface conviviale<\/strong>\n<ul class=\"wp-block-list\">\n<li>L&rsquo;ergonomie intuitive permet aux utilisateurs de se familiariser rapidement avec les commandes. <\/li>\n<\/ul>\n<\/li>\n\n\n\n<li><strong>Adapt\u00e9 aux appareils mobiles<\/strong>\n<ul class=\"wp-block-list\">\n<li>Accessible depuis les appareils mobiles, vous pouvez consulter et mettre \u00e0 jour les informations o\u00f9 que vous soyez. <\/li>\n<\/ul>\n<\/li>\n<\/ul>\n\n\n\n<hr class=\"wp-block-separator has-alpha-channel-opacity\" \/>\n\n\n\n<h3 class=\"wp-block-heading\">Prix<\/h3>\n\n\n\n<p><strong> SuiteCRM est un logiciel open source, il n&rsquo;y a donc pas de frais de licence<\/strong>. Nous proposons des forfaits incluant les \u00e9l\u00e9ments suivants, \u00e0 partir de 18\u00a0000 \u00a5 par mois<\/strong>. <\/p>\n\n\n\n<ul class=\"wp-block-list\">\n<li>Installation et configuration initiale du logiciel<\/li>\n\n\n\n<li>Fourniture d&rsquo;un environnement d&rsquo;h\u00e9bergement s\u00e9curis\u00e9<\/li>\n\n\n\n<li>Sauvegardes r\u00e9guli\u00e8res et maintenance du syst\u00e8me<\/li>\n\n\n\n<li>Support client et assistance technique<\/li>\n<\/ul>\n\n\n\n<h3 class=\"wp-block-heading\">Frais d&rsquo;abonnement (SuiteCRM par Good) Boucle)<\/h3>\n\n\n\n<figure class=\"wp-block-table\"><table class=\"has-fixed-layout\"><thead><tr><th class=\"has-text-align-left\" data-align=\"left\">Formule<\/th><th class=\"has-text-align-center\" data-align=\"center\">Starter<\/th><th class=\"has-text-align-center\" data-align=\"center\">Business<\/th><th class=\"has-text-align-center\" data-align=\"center\">Premium<\/th><th class=\"has-text-align-center\" data-align=\"center\">Extra<\/th><\/tr><\/thead><tbody><tr><td class=\"has-text-align-left\" data-align=\"left\">Cotisation mensuelle<\/td><td class=\"has-text-align-center\" data-align=\"center\">18\u00a0000\u00a0\u00a5<\/td><td class=\"has-text-align-center\" data-align=\"center\">75\u00a0000\u00a0\u00a5<\/td><td class=\"has-text-align-center\" data-align=\"center\">98\u00a0000\u00a0\u00a5<td class=\"has-text-align-center\" data-align=\"center\">Demandes de renseignements<\/td><\/tr><tr><td class=\"has-text-align-left\" data-align=\"left\">Nombre total de membres<\/td><td class=\"has-text-align-center\" data-align=\"center\">Illimit\u00e9<\/td><td class=\"has-text-align-center\" data-align=\"center\">Illimit\u00e9<\/td><td class=\"has-text-align-center\" data-align=\"center\">Illimit\u00e9<\/td><td class=\"has-text-align-center\" data-align=\"center\">Illimit\u00e9<\/td><\/tr><tr><td class=\"has-text-align-left\" data-align=\"left\">Nombre de membres recommand\u00e9 pour une utilisation confortable Utilisation<\/td><td class=\"has-text-align-center\" data-align=\"center\">10<\/td><td class=\"has-text-align-center\" data-align=\"center\">50<\/td><td class=\"has-text-align-center\" data-align=\"center\">150 personnes<\/td><td class=\"has-text-align-center\" data-align=\"center\">Illimit\u00e9<\/td><\/tr><tr><td class=\"has-text-align-left\" data-align=\"left\">Stockage estim\u00e9<\/td><td class=\"has-text-align-center\" data-align=\"center\">5 Go<\/td><td class=\"has-text-align-center\" data-align=\"center\">40 Go<\/td><td class=\"has-text-align-center\" data-align=\"center\">120 Go<\/td><td class=\"has-text-align-center\" data-align=\"center\">Illimit\u00e9<\/td><\/tr><tr><td class=\"has-text-align-left\" data-align=\"left\">Sauvegarde instantan\u00e9e<\/td><td class=\"has-text-align-center\" data-align=\"center\">Hebdomadaire<\/td><td class=\"has-text-align-center\" data-align=\"center\">Quotidienne<\/td><td class=\"has-text-align-center\" data-align=\"center\">Quotidienne<\/td><td class=\"has-text-align-center\" data-align=\"center\">Quotidienne<\/td><\/tr><\/tbody><\/table><figcaption class=\"wp-element-caption\"> (hors TVA)<\/figcaption><\/figure>\n\n\n\n<hr class=\"wp-block-separator has-alpha-channel-opacity\" \/>\n\n\n\n<h3 class=\"wp-block-heading\">\u00c9tudes de cas<\/h3>\n\n\n\n<ul class=\"wp-block-list\">\n<li><strong>ABC Co., Ltd.<\/strong>\n<ul class=\"wp-block-list\">\n<li><strong>D\u00e9fi<\/strong>\u00a0: Processus de vente inefficace et gestion d\u00e9centralis\u00e9e des informations clients. <\/li>\n\n\n\n<li><strong>Effet<\/strong>\u00a0: La mise en \u0153uvre de SuiteCRM a am\u00e9lior\u00e9 l&rsquo;efficacit\u00e9 des ventes de 30\u00a0% et la satisfaction client. <\/li>\n<\/ul>\n<\/li>\n\n\n\n<li><strong>XYZ Corporation<\/strong>\n<ul class=\"wp-block-list\">\n<li><strong>D\u00e9fi<\/strong>\u00a0: Co\u00fbts de licence CRM \u00e9lev\u00e9s et personnalisation limit\u00e9e. <\/li>\n\n\n\n<li><strong>R\u00e9sultat<\/strong>\u00a0: En migrant vers SuiteCRM, nous avons r\u00e9duit nos co\u00fbts annuels de 50\u00a0% et avons pu personnaliser librement les fonctionnalit\u00e9s dont nous avions besoin. <\/li>\n<\/ul>\n<\/li>\n<\/ul>\n\n\n\n<hr class=\"wp-block-separator has-alpha-channel-opacity\" \/>\n\n\n\n<h3 class=\"wp-block-heading\">Comparaison avec Salesforce (SFDC)\u00a0: Avantages financiers<\/h3>\n\n\n\n<ul class=\"wp-block-list\">\n<li><strong>Co\u00fbts de licence consid\u00e9rablement r\u00e9duits<\/strong>\n<ul class=\"wp-block-list\">\n<li>Les CRM commerciaux comme Salesforce entra\u00eenent des frais de licence \u00e9lev\u00e9s, mais SuiteCRM est disponible gratuitement. \n<ul class=\"wp-block-list\">\n<li>Le forfait le plus bas de Salesforce est de 3\u00a0000 \u00a5 par utilisateur et par mois, avec des fonctionnalit\u00e9s suppl\u00e9mentaires payantes.<\/li>\n<\/ul>\n<\/li>\n<\/ul>\n<\/li>\n\n\n\n<li><strong> Co\u00fbt total de possession (TCO) r\u00e9duit<\/strong>\n<ul class=\"wp-block-list\">\n<li> Vous pouvez non seulement r\u00e9duire vos co\u00fbts de licence, mais \u00e9galement vos co\u00fbts op\u00e9rationnels \u00e0 long terme. <\/li>\n<\/ul>\n<\/li>\n\n\n\n<li><strong>R\u00e9duction des co\u00fbts de personnalisation<\/strong>\n<ul class=\"wp-block-list\">\n<li>Gr\u00e2ce \u00e0 son open source, le co\u00fbt d&rsquo;ajout de fonctionnalit\u00e9s et de personnalisations est minimis\u00e9. <\/li>\n<\/ul>\n<\/li>\n<\/ul>\n\n\n\n<hr class=\"wp-block-separator has-alpha-channel-opacity\" \/>\n\n\n\n<h3 class=\"wp-block-heading\">Polyvalence et fiabilit\u00e9 gr\u00e2ce \u00e0 un d\u00e9veloppement \u00e0 long terme<\/h3>\n\n\n\n<ul class=\"wp-block-list\">\n<li><strong>Logiciel mature<\/strong>\n<ul class=\"wp-block-list\">\n<li>Des ann\u00e9es de d\u00e9veloppement et de contributions de la communaut\u00e9 ont permis de cr\u00e9er un ensemble de fonctionnalit\u00e9s riche et fiable. <\/li>\n<\/ul>\n<\/li>\n\n\n\n<li><strong>Mises \u00e0 jour r\u00e9guli\u00e8res<\/strong>\n<ul class=\"wp-block-list\">\n<li>Mise \u00e0 jour pour suivre les derni\u00e8res tendances et technologies commerciales. <\/li>\n<\/ul>\n<\/li>\n\n\n\n<li><strong>Vaste communaut\u00e9 d&rsquo;utilisateurs<\/strong>\n<ul class=\"wp-block-list\">\n<li>Soutenu par une communaut\u00e9 mondiale d&rsquo;utilisateurs et de d\u00e9veloppeurs. <\/li>\n<\/ul>\n<\/li>\n<\/ul>\n\n\n\n<hr class=\"wp-block-separator has-alpha-channel-opacity\" \/>\n\n\n\n<h3 class=\"wp-block-heading\"> Les avantages de l&rsquo;open source\u00a0: propri\u00e9t\u00e9 des donn\u00e9es<\/h3>\n\n\n\n<ul class=\"wp-block-list\">\n<li><strong> Contr\u00f4le total de vos donn\u00e9es<\/strong>\n<ul class=\"wp-block-list\">\n<li> Les donn\u00e9es sont stock\u00e9es sur nos propres serveurs et nous ne d\u00e9pendons pas de tiers. <\/li>\n<\/ul>\n<\/li>\n\n\n\n<li><strong>Garantie de s\u00e9curit\u00e9 et de confidentialit\u00e9<\/strong>\n<ul class=\"wp-block-list\">\n<li>Un contr\u00f4le total sur le traitement des donn\u00e9es r\u00e9duit le risque de fuite d&rsquo;informations. <\/li>\n<\/ul>\n<\/li>\n\n\n\n<li><strong> Personnalisez librement votre solution pour l&rsquo;adapter \u00e0 votre activit\u00e9<\/strong>\n<ul class=\"wp-block-list\">\n<li> L&rsquo;acc\u00e8s au code source facilite l&rsquo;ajout de fonctionnalit\u00e9s personnalis\u00e9es et l&rsquo;int\u00e9gration \u00e0 d&rsquo;autres syst\u00e8mes. <\/li>\n<\/ul>\n<\/li>\n<\/ul>\n\n\n\n<hr class=\"wp-block-separator has-alpha-channel-opacity\" \/>\n\n\n\n<p><strong> SuiteCRM, gr\u00e2ce \u00e0 sa polyvalence, sa fiabilit\u00e9 et sa rentabilit\u00e9, vous aidera \u00e0 d\u00e9velopper votre activit\u00e9. Ne manquez pas cette opportunit\u00e9\u00a0! <\/strong><\/p>\n\n\n\n<p class=\"has-x-large-font-size\" style=\"line-height:1.2\">Contactez-nous ici<\/p>\n\n\n\n<div class=\"wp-block-buttons is-layout-flex wp-block-buttons-is-layout-flex\">\n<div class=\"wp-block-button has-custom-font-size has-small-font-size\"><a class=\"wp-block-button__link wp-element-button\" href=\"https:\/\/docs.google.com\/forms\/d\/1JATPpeGfRXaemIpjUO1PbKltxmmkNDiiO8owNQoPJU4\/\" target=\"_blank\" rel=\"noreferrer noopener\">\nContactez-nous <\/a><\/div>\n<\/div>\n","protected":false},"excerpt":{"rendered":"<p>Une solution CRM open source offrant de nombreuses fonctionnalit\u00e9s, une fiabilit\u00e9 et des avantages \u00e9conomiques Nous proposons des services d&rsquo;installation et d&rsquo;h\u00e9bergement pour la version open source de SuiteCRM, offrant un support performant pour la gestion de la relation client (CRM) des entreprises. SuiteCRM est un logiciel CRM open source mondialement reconnu, dot\u00e9 d&rsquo;un ensemble [&hellip;]<\/p>\n","protected":false},"author":1,"featured_media":532,"parent":504,"menu_order":0,"comment_status":"closed","ping_status":"closed","template":"","meta":{"footnotes":""},"class_list":["post-531","page","type-page","status-publish","has-post-thumbnail","hentry"],"_links":{"self":[{"href":"https:\/\/good-loop.co.jp\/fr\/wp-json\/wp\/v2\/pages\/531","targetHints":{"allow":["GET"]}}],"collection":[{"href":"https:\/\/good-loop.co.jp\/fr\/wp-json\/wp\/v2\/pages"}],"about":[{"href":"https:\/\/good-loop.co.jp\/fr\/wp-json\/wp\/v2\/types\/page"}],"author":[{"embeddable":true,"href":"https:\/\/good-loop.co.jp\/fr\/wp-json\/wp\/v2\/users\/1"}],"replies":[{"embeddable":true,"href":"https:\/\/good-loop.co.jp\/fr\/wp-json\/wp\/v2\/comments?post=531"}],"version-history":[{"count":0,"href":"https:\/\/good-loop.co.jp\/fr\/wp-json\/wp\/v2\/pages\/531\/revisions"}],"up":[{"embeddable":true,"href":"https:\/\/good-loop.co.jp\/fr\/wp-json\/wp\/v2\/pages\/504"}],"wp:featuredmedia":[{"embeddable":true,"href":"https:\/\/good-loop.co.jp\/fr\/wp-json\/wp\/v2\/media\/532"}],"wp:attachment":[{"href":"https:\/\/good-loop.co.jp\/fr\/wp-json\/wp\/v2\/media?parent=531"}],"curies":[{"name":"wp","href":"https:\/\/api.w.org\/{rel}","templated":true}]}}