{"id":539,"date":"2024-09-29T19:12:26","date_gmt":"2024-09-29T10:12:26","guid":{"rendered":"https:\/\/good-loop.co.jp\/?page_id=539"},"modified":"2025-10-26T13:18:46","modified_gmt":"2025-10-26T04:18:46","slug":"mattermost","status":"publish","type":"page","link":"https:\/\/good-loop.co.jp\/fr\/logiciel\/mattermost\/","title":{"rendered":"Mise en \u0153uvre, support op\u00e9rationnel et conseil Mattermost"},"content":{"rendered":"\n<h2 class=\"wp-block-heading\">Un outil de communication d&rsquo;\u00e9quipe open source, s\u00e9curis\u00e9 et personnalisable<\/h2>\n\n\n\n<p>Nous proposons des services d&rsquo;installation et d&rsquo;h\u00e9bergement pour la version open source de Mattermost<\/strong> afin d&rsquo;am\u00e9liorer la communication et la collaboration au sein de votre organisation. Mattermost est une plateforme de chat open source offrant une s\u00e9curit\u00e9 et une flexibilit\u00e9 de niveau entreprise, aidant les \u00e9quipes \u00e0 am\u00e9liorer leur productivit\u00e9. <\/p>\n\n\n\n<hr class=\"wp-block-separator has-alpha-channel-opacity\" \/>\n\n\n\n<h3 class=\"wp-block-heading\">Fonctionnalit\u00e9s cl\u00e9s de Mattermost<\/h3>\n\n\n\n<ul class=\"wp-block-list\">\n<li><strong>Messagerie s\u00e9curis\u00e9e<\/strong>\n<ul class=\"wp-block-list\">\n<li>Partagez vos informations sensibles en toute s\u00e9curit\u00e9 gr\u00e2ce au chiffrement de bout en bout. <\/li>\n<\/ul>\n<\/li>\n\n\n\n<li><strong>Auto-h\u00e9bergement<\/strong>\n<ul class=\"wp-block-list\">\n<li>Exploitez les avantages de l&rsquo;open source et g\u00e9rez enti\u00e8rement vos donn\u00e9es sur vos propres serveurs. <\/li>\n<\/ul>\n<\/li>\n\n\n\n<li><strong>Hautement personnalisable<\/strong>\n<ul class=\"wp-block-list\">\n<li>\u00c9tendez les fonctionnalit\u00e9s pour r\u00e9pondre aux besoins de votre entreprise gr\u00e2ce \u00e0 des plugins et des API. <\/li>\n<\/ul>\n<\/li>\n\n\n\n<li><strong>Diverses int\u00e9grations<\/strong>\n<ul class=\"wp-block-list\">\n<li>Int\u00e9gration transparente avec d&rsquo;autres outils, notamment Jira, GitLab et Jenkins. <\/li>\n<\/ul>\n<\/li>\n\n\n\n<li><strong>Support multiplateforme<\/strong>\n<ul class=\"wp-block-list\">\n<li>Accessible sur ordinateur, mobile et web. <\/li>\n<\/ul>\n<\/li>\n<\/ul>\n\n\n\n<hr class=\"wp-block-separator has-alpha-channel-opacity\" \/>\n\n\n\n<h3 class=\"wp-block-heading\">Prix<\/h3>\n\n\n\n<p><strong>Mattermost est un logiciel open source, il n&rsquo;y a donc pas de frais de licence<\/strong>. Nos services proposent des forfaits incluant les \u00e9l\u00e9ments suivants\u00a0: <\/p>\n\n\n\n<hr class=\"wp-block-separator has-alpha-channel-opacity\" \/>\n\n\n\n<ul class=\"wp-block-list\">\n<li>Installation et configuration du logiciel<\/li>\n\n\n\n<li>Fourniture d&rsquo;un environnement d&rsquo;h\u00e9bergement s\u00e9curis\u00e9<\/li>\n\n\n\n<li>Sauvegardes et mises \u00e0 jour r\u00e9guli\u00e8res<\/li>\n\n\n\n<li>Support technique et formation<\/li>\n<\/ul>\n\n\n\n<h3 class=\"wp-block-heading\">Frais d&rsquo;utilisation (Mattermost par Good Loop)<\/h3>\n\n\n\n<figure class=\"wp-block-table\"><table class=\"has-fixed-layout\"><thead><tr><th>Formule<\/th><th>Starter<\/th><th>Pro<\/th><th>Extra<\/th><\/tr><\/thead><tbody><tr><td>Frais mensuels<\/td><td>1\u00a0000\u00a0\u00a5<\/td><td>98\u00a0000\u00a0\u00a5<\/td><td>Demandes de renseignements<\/td><\/tr><tr><td>Frais initiaux<\/td><td>10\u00a0000\u00a0\u00a5<\/td><td>20\u00a0000\u00a0\u00a5<\/td><td>Demandes de renseignements<\/td><\/tr><tr><td>Nombre total de Membres<\/td><td>Illimit\u00e9<\/td><td>Illimit\u00e9<\/td><td>Illimit\u00e9<\/td><\/tr><tr><td>Nombre estim\u00e9 de membres pour le confort<\/td><td>50<\/td><td>500<\/td><td>Illimit\u00e9<\/td><\/tr><tr><td>Stockage estim\u00e9<\/td><td>5 Go<\/td><td>120 Go<\/td><td>Illimit\u00e9<\/td><\/tr><tr><td>Sauvegarde instantan\u00e9e<\/td><td>Aucune<\/td><td>Quotidien<\/td><td>Quotidien<\/td><\/tr><\/tbody><\/table><figcaption class=\"wp-element-caption\">(hors TVA)<\/figcaption><\/figure>\n\n\n\n<h3 class=\"wp-block-heading\">\u00c9tude de cas<\/h3>\n\n\n\n<ul class=\"wp-block-list\">\n<li><strong>ABC Co., Ltd.<\/strong>\n<ul class=\"wp-block-list\">\n<li><strong>D\u00e9fi<\/strong>\u00a0: La communication interne est fragment\u00e9e, ce qui entra\u00eene une baisse de productivit\u00e9. <\/li>\n\n\n\n<li><strong>Effet<\/strong>\u00a0: Mise en \u0153uvre du partage centralis\u00e9 d\u2019informations Mattermost et am\u00e9lioration du travail d\u2019\u00e9quipe. <\/li>\n<\/ul>\n<\/li>\n\n\n\n<li><strong>XYZ Corporation<\/strong>\n<ul class=\"wp-block-list\">\n<li><strong>D\u00e9fi<\/strong>\u00a0: Frais de licence Slack \u00e9lev\u00e9s et personnalisation limit\u00e9e. <\/li>\n\n\n\n<li><strong>Avantages<\/strong>\u00a0: En migrant vers Mattermost, nous avons r\u00e9duit nos co\u00fbts annuels de 90\u00a0% et avons pu personnaliser les fonctionnalit\u00e9s dont nous avions besoin. <\/li>\n<\/ul>\n<\/li>\n<\/ul>\n\n\n\n<hr class=\"wp-block-separator has-alpha-channel-opacity\" \/>\n\n\n\n<h3 class=\"wp-block-heading\">Compar\u00e9 \u00e0 Slack et \u00e0 d&rsquo;autres services\u00a0: Avantages financiers<\/h3>\n\n\n\n<ul class=\"wp-block-list\">\n<li><strong>Co\u00fbts de licence r\u00e9duits<\/strong>\n<ul class=\"wp-block-list\">\n<li>Compar\u00e9 aux outils de chat commerciaux, aucun frais de licence n&rsquo;est requis, ce qui r\u00e9duit consid\u00e9rablement les co\u00fbts. <\/li>\n<\/ul>\n<\/li>\n\n\n\n<li><strong>Propri\u00e9t\u00e9 totale des donn\u00e9es<\/strong>\n<ul class=\"wp-block-list\">\n<li>G\u00e9rez vos donn\u00e9es en interne pour garantir leur confidentialit\u00e9 et leur s\u00e9curit\u00e9. <\/li>\n<\/ul>\n<\/li>\n\n\n\n<li><strong>Personnalisation flexible<\/strong>\n<ul class=\"wp-block-list\">\n<li>Personnalisez librement les fonctionnalit\u00e9s et l&rsquo;interface pour les adapter \u00e0 vos processus m\u00e9tier. <\/li>\n<\/ul>\n<\/li>\n<\/ul>\n\n\n\n<hr class=\"wp-block-separator has-alpha-channel-opacity\" \/>\n\n\n\n<h3 class=\"wp-block-heading\">Polyvalence et fiabilit\u00e9 gr\u00e2ce \u00e0 un d\u00e9veloppement durable<\/h3>\n\n\n\n<ul class=\"wp-block-list\">\n<li><strong>Plateforme mature<\/strong>\n<ul class=\"wp-block-list\">\n<li>Haute fiabilit\u00e9 gr\u00e2ce \u00e0 un d\u00e9veloppement continu et au soutien de la communaut\u00e9. <\/li>\n<\/ul>\n<\/li>\n\n\n\n<li><strong>Mises \u00e0 jour r\u00e9guli\u00e8res<\/strong>\n<ul class=\"wp-block-list\">\n<li>De nouvelles fonctionnalit\u00e9s et des am\u00e9liorations de s\u00e9curit\u00e9 sont ajout\u00e9es en permanence. <\/li>\n<\/ul>\n<\/li>\n\n\n\n<li><strong>Communaut\u00e9 active<\/strong>\n<ul class=\"wp-block-list\">\n<li>Utilisateurs et d\u00e9veloppeurs du monde entier partagent des informations et s&rsquo;entraident. <\/li>\n<\/ul>\n<\/li>\n<\/ul>\n\n\n\n<hr class=\"wp-block-separator has-alpha-channel-opacity\" \/>\n\n\n\n<h3 class=\"wp-block-heading\"> Avantages de l&rsquo;Open Source\u00a0: Propri\u00e9t\u00e9 des donn\u00e9es<\/h3>\n\n\n\n<ul class=\"wp-block-list\">\n<li><strong> Contr\u00f4le des donn\u00e9es<\/strong>\n<ul class=\"wp-block-list\">\n<li> Stockez vos donn\u00e9es sur vos propres serveurs, \u00e9liminant ainsi la d\u00e9pendance \u00e0 des tiers. <\/li>\n<\/ul>\n<\/li>\n\n\n\n<li><strong>S\u00e9curit\u00e9 et conformit\u00e9<\/strong>\n<ul class=\"wp-block-list\">\n<li>Le fonctionnement peut \u00eatre adapt\u00e9 aux politiques de s\u00e9curit\u00e9 de votre entreprise. <\/li>\n<\/ul>\n<\/li>\n\n\n\n<li><strong>Extensibilit\u00e9 et int\u00e9gration<\/strong>\n<ul class=\"wp-block-list\">\n<li>L&rsquo;acc\u00e8s au code source facilite l&rsquo;ajout de fonctionnalit\u00e9s personnalis\u00e9es et l&rsquo;int\u00e9gration \u00e0 d&rsquo;autres syst\u00e8mes. <\/li>\n<\/ul>\n<\/li>\n<\/ul>\n\n\n\n<hr class=\"wp-block-separator has-alpha-channel-opacity\" \/>\n\n\n\n<p><strong>Mattermost permet une communication d&rsquo;\u00e9quipe s\u00e9curis\u00e9e et efficace. N&rsquo;h\u00e9sitez pas \u00e0 y r\u00e9fl\u00e9chir. <\/strong><\/p>\n\n\n\n<p class=\"has-x-large-font-size\" style=\"line-height:1.2\">Contactez-nous ici<\/p>\n\n\n\n<div class=\"wp-block-buttons is-layout-flex wp-block-buttons-is-layout-flex\">\n<div class=\"wp-block-button has-custom-font-size has-small-font-size\"><a class=\"wp-block-button__link wp-element-button\" href=\"https:\/\/docs.google.com\/forms\/d\/1JATPpeGfRXaemIpjUO1PbKltxmmkNDiiO8owNQoPJU4\/\" target=\"_blank\" rel=\"noreferrer noopener\">\nContactez-nous <\/a><\/div>\n<\/div>\n","protected":false},"excerpt":{"rendered":"<p>Un outil de communication d&rsquo;\u00e9quipe open source, s\u00e9curis\u00e9 et personnalisable Nous proposons des services d&rsquo;installation et d&rsquo;h\u00e9bergement pour la version open source de Mattermost afin d&rsquo;am\u00e9liorer la communication et la collaboration au sein de votre organisation. Mattermost est une plateforme de chat open source offrant une s\u00e9curit\u00e9 et une flexibilit\u00e9 de niveau entreprise, aidant les [&hellip;]<\/p>\n","protected":false},"author":1,"featured_media":540,"parent":504,"menu_order":0,"comment_status":"closed","ping_status":"closed","template":"","meta":{"footnotes":""},"class_list":["post-539","page","type-page","status-publish","has-post-thumbnail","hentry"],"_links":{"self":[{"href":"https:\/\/good-loop.co.jp\/fr\/wp-json\/wp\/v2\/pages\/539","targetHints":{"allow":["GET"]}}],"collection":[{"href":"https:\/\/good-loop.co.jp\/fr\/wp-json\/wp\/v2\/pages"}],"about":[{"href":"https:\/\/good-loop.co.jp\/fr\/wp-json\/wp\/v2\/types\/page"}],"author":[{"embeddable":true,"href":"https:\/\/good-loop.co.jp\/fr\/wp-json\/wp\/v2\/users\/1"}],"replies":[{"embeddable":true,"href":"https:\/\/good-loop.co.jp\/fr\/wp-json\/wp\/v2\/comments?post=539"}],"version-history":[{"count":1,"href":"https:\/\/good-loop.co.jp\/fr\/wp-json\/wp\/v2\/pages\/539\/revisions"}],"predecessor-version":[{"id":845,"href":"https:\/\/good-loop.co.jp\/fr\/wp-json\/wp\/v2\/pages\/539\/revisions\/845"}],"up":[{"embeddable":true,"href":"https:\/\/good-loop.co.jp\/fr\/wp-json\/wp\/v2\/pages\/504"}],"wp:featuredmedia":[{"embeddable":true,"href":"https:\/\/good-loop.co.jp\/fr\/wp-json\/wp\/v2\/media\/540"}],"wp:attachment":[{"href":"https:\/\/good-loop.co.jp\/fr\/wp-json\/wp\/v2\/media?parent=539"}],"curies":[{"name":"wp","href":"https:\/\/api.w.org\/{rel}","templated":true}]}}