{"id":542,"date":"2024-09-29T19:32:19","date_gmt":"2024-09-29T10:32:19","guid":{"rendered":"https:\/\/good-loop.co.jp\/?page_id=542"},"modified":"2025-10-26T13:18:35","modified_gmt":"2025-10-26T04:18:35","slug":"openproject","status":"publish","type":"page","link":"https:\/\/good-loop.co.jp\/fr\/logiciel\/openproject\/","title":{"rendered":"Mise en \u0153uvre, support op\u00e9rationnel et conseil d&rsquo;OpenProject"},"content":{"rendered":"\n<h2 class=\"wp-block-heading\"><strong>Solutions Open Source\u00a0: R\u00e9volutionnez la Gestion de Projet <\/h2>\n\n\n\n<hr class=\"wp-block-separator has-alpha-channel-opacity\" \/>\n\n\n\n<p>Nous proposons des services d&rsquo;installation et d&rsquo;h\u00e9bergement pour la version open source d&rsquo;OpenProject afin de simplifier la gestion de vos projets. OpenProject est un outil de gestion de projet open source fiable et riche en fonctionnalit\u00e9s qui favorise la collaboration en \u00e9quipe. <\/p>\n\n\n\n<hr class=\"wp-block-separator has-alpha-channel-opacity\" \/>\n\n\n\n<h3 class=\"wp-block-heading\">Principales fonctionnalit\u00e9s d&rsquo;OpenProject<\/h3>\n\n\n\n<ul class=\"wp-block-list\">\n<li><strong>Gestion des t\u00e2ches et diagramme de Gantt<\/strong>\n<ul class=\"wp-block-list\">\n<li>Visualisez l&rsquo;avancement du projet et simplifiez la gestion du planning. <\/li>\n<\/ul>\n<\/li>\n\n\n\n<li><strong>Support Agile et Scrum<\/strong>\n<ul class=\"wp-block-list\">\n<li>Supportez le d\u00e9veloppement agile avec des tableaux Kanban et la gestion du backlog. <\/li>\n<\/ul>\n<\/li>\n\n\n\n<li><strong>Suivi du temps<\/strong>\n<ul class=\"wp-block-list\">\n<li>Enregistrez pr\u00e9cis\u00e9ment le temps de travail et optimisez l&rsquo;allocation des ressources. <\/li>\n<\/ul>\n<\/li>\n\n\n\n<li><strong>Gestion des documents<\/strong>\n<ul class=\"wp-block-list\">\n<li> Centralisez les documents li\u00e9s \u00e0 vos projets et partagez-les avec votre \u00e9quipe. <\/li>\n<\/ul>\n<\/li>\n\n\n\n<li><strong>Rapports personnalis\u00e9s<\/strong>\n<ul class=\"wp-block-list\">\n<li>Analysez les r\u00e9sultats de vos projets et accompagnez votre prise de d\u00e9cision. <\/li>\n<\/ul>\n<\/li>\n<\/ul>\n\n\n\n<hr class=\"wp-block-separator has-alpha-channel-opacity\" \/>\n\n\n\n<h3 class=\"wp-block-heading\">Prix<\/h3>\n\n\n\n<p><strong>OpenProject est un logiciel open source, il n&rsquo;y a donc pas de frais de licence<\/strong>. Notre service propose des forfaits incluant les \u00e9l\u00e9ments suivants, \u00e0 partir de XX <strong>\u00a5 par mois<\/strong>. <\/p>\n\n\n\n<ul class=\"wp-block-list\">\n<li> Configuration et optimisation du logiciel<\/li>\n\n\n\n<li> H\u00e9bergement s\u00e9curis\u00e9<\/li>\n\n\n\n<li> Maintenance et mises \u00e0 jour r\u00e9guli\u00e8res<\/li>\n\n\n\n<li> Formation et assistance \u00e0 l&rsquo;int\u00e9gration<\/li>\n<\/ul>\n\n\n\n<h3 class=\"wp-block-heading\"> Frais d&rsquo;utilisation (OpenProject par Good) Loop)<\/h3>\n\n\n\n<figure class=\"wp-block-table\"><table class=\"has-fixed-layout\"><thead><tr><th class=\"has-text-align-left\" data-align=\"left\">Forfait<\/th><th class=\"has-text-align-center\" data-align=\"center\">Basic<\/th><th class=\"has-text-align-center\" data-align=\"center\">Pro<\/th><th class=\"has-text-align-center\" data-align=\"center\">Extra<\/th><\/tr><\/thead><tbody><tr><td class=\"has-text-align-left\" data-align=\"left\">Frais mensuels<br>(1 utilisateur)<\/td><td class=\"has-text-align-center\" data-align=\"center\">1\u00a0000\u00a0\u00a5<\/td><td class=\"has-text-align-center\" data-align=\"center\">1\u00a0500\u00a0\u00a5<\/td><td class=\"has-text-align-center\" data-align=\"center\">Nous contacter<\/td><\/tr><tr><td class=\"has-text-align-left\" data-align=\"left\">Estimation de stockage<\/td><td class=\"has-text-align-center\" data-align=\"center\">5\u00a0Go<\/td><td class=\"has-text-align-center\" data-align=\"center\">40\u00a0Go<\/td><td class=\"has-text-align-center\" data-align=\"center\">Illimit\u00e9<\/td><\/tr><tr><td class=\"has-text-align-left\" data-align=\"left\">Instantan\u00e9s Sauvegarde<\/td><td class=\"has-text-align-center\" data-align=\"center\">Hebdomadaire<\/td><td class=\"has-text-align-center\" data-align=\"center\">Quotidienne<\/td><td class=\"has-text-align-center\" data-align=\"center\">Quotidienne<\/td><\/tr><tr><td class=\"has-text-align-left\" data-align=\"left\">Module compl\u00e9mentaire<\/td><td class=\"has-text-align-center\" data-align=\"center\">Aucune<\/td><td class=\"has-text-align-center\" data-align=\"center\">Nous contacter<\/td><td class=\"has-text-align-center\" data-align=\"center\">Nous contacter<\/td><\/tr><\/tbody><\/table><figcaption class=\"wp-element-caption\"> (hors TVA)<\/figcaption><\/figure>\n\n\n\n<hr class=\"wp-block-separator has-alpha-channel-opacity\" \/>\n\n\n\n<h3 class=\"wp-block-heading\">\u00c9tudes de cas<\/h3>\n\n\n\n<ul class=\"wp-block-list\">\n<li><strong>DEF Inc.<\/strong>\n<ul class=\"wp-block-list\">\n<li><strong>D\u00e9fi<\/strong>\u00a0: Les informations du projet sont dispers\u00e9es et difficiles \u00e0 g\u00e9rer. <\/li>\n\n\n\n<li><strong>Effet<\/strong>\u00a0: OpenProject centralise les informations et am\u00e9liore les taux de r\u00e9ussite des projets. <\/li>\n<\/ul>\n<\/li>\n\n\n\n<li><strong>LMN Enterprise<\/strong>\n<ul class=\"wp-block-list\">\n<li><strong>D\u00e9fi<\/strong>\u00a0: R\u00e9duire le co\u00fbt des outils de gestion de projet co\u00fbteux. <\/li>\n\n\n\n<li><strong>Effet<\/strong>\u00a0: La migration vers l\u2019open source a permis de r\u00e9duire les co\u00fbts de 80\u00a0% et d\u2019optimiser les fonctionnalit\u00e9s. <\/li>\n<\/ul>\n<\/li>\n<\/ul>\n\n\n\n<hr class=\"wp-block-separator has-alpha-channel-opacity\" \/>\n\n\n\n<h3 class=\"wp-block-heading\">Compar\u00e9 \u00e0 Microsoft Project et \u00e0 d&rsquo;autres outils\u00a0: Avantages en termes de co\u00fbt<\/h3>\n\n\n\n<ul class=\"wp-block-list\">\n<li><strong>Co\u00fbts de licence r\u00e9duits<\/strong>\n<ul class=\"wp-block-list\">\n<li>Compar\u00e9 aux outils commerciaux, aucun frais de licence n&rsquo;est requis, ce qui r\u00e9duit les co\u00fbts op\u00e9rationnels. \n<ul class=\"wp-block-list\">\n<li>Microsoft Project, Atlassian Jira, Asana, etc., ont des frais de licence et d&rsquo;abonnement \u00e9lev\u00e9s.<\/li>\n<\/ul>\n<\/li>\n<\/ul>\n<\/li>\n\n\n\n<li><strong>Personnalisation<\/strong>\n<ul class=\"wp-block-list\">\n<li>Gr\u00e2ce \u00e0 son open source, il peut \u00eatre personnalis\u00e9 pour s&rsquo;adapter \u00e0 des processus m\u00e9tier sp\u00e9cifiques. <\/li>\n<\/ul>\n<\/li>\n\n\n\n<li><strong>Propri\u00e9t\u00e9 des donn\u00e9es<\/strong>\n<ul class=\"wp-block-list\">\n<li>G\u00e9rez les donn\u00e9es de votre projet en interne pour une s\u00e9curit\u00e9 renforc\u00e9e. <\/li>\n<\/ul>\n<\/li>\n<\/ul>\n\n\n\n<hr class=\"wp-block-separator has-alpha-channel-opacity\" \/>\n\n\n\n<h3 class=\"wp-block-heading\">Polyvalence et fiabilit\u00e9 gr\u00e2ce \u00e0 un d\u00e9veloppement \u00e0 long terme<\/h3>\n\n\n\n<ul class=\"wp-block-list\">\n<li><strong>Plateforme stable<\/strong>\n<ul class=\"wp-block-list\">\n<li>Le d\u00e9veloppement continu s&rsquo;adapte aux derni\u00e8res m\u00e9thodes de gestion de projet. <\/li>\n<\/ul>\n<\/li>\n\n\n\n<li><strong>Support communautaire<\/strong>\n<ul class=\"wp-block-list\">\n<li>Une communaut\u00e9 d&rsquo;utilisateurs active pour partager des informations et r\u00e9soudre des probl\u00e8mes. <\/li>\n<\/ul>\n<\/li>\n<\/ul>\n\n\n\n<hr class=\"wp-block-separator has-alpha-channel-opacity\" \/>\n\n\n\n<h3 class=\"wp-block-heading\"> Les avantages de l&rsquo;open source\u00a0: propri\u00e9t\u00e9 des donn\u00e9es<\/h3>\n\n\n\n<ul class=\"wp-block-list\">\n<li><strong> Contr\u00f4le total des donn\u00e9es<\/strong>\n<ul class=\"wp-block-list\">\n<li> Vous contr\u00f4lez l&#8217;emplacement de stockage de vos donn\u00e9es et les personnes qui y ont acc\u00e8s. <\/li>\n<\/ul>\n<\/li>\n\n\n\n<li><strong>S\u00e9curit\u00e9 et confidentialit\u00e9<\/strong>\n<ul class=\"wp-block-list\">\n<li>Gestion des donn\u00e9es conform\u00e9ment au r\u00e8glement int\u00e9rieur. <\/li>\n<\/ul>\n<\/li>\n\n\n\n<li><strong>Int\u00e9gration et extensibilit\u00e9<\/strong>\n<ul class=\"wp-block-list\">\n<li>Int\u00e9gration facile avec d&rsquo;autres syst\u00e8mes et outils. <\/li>\n<\/ul>\n<\/li>\n<\/ul>\n\n\n\n<hr class=\"wp-block-separator has-alpha-channel-opacity\" \/>\n\n\n\n<p><strong>Renforcez votre gestion de projet et favorisez la r\u00e9ussite de votre entreprise avec OpenProject. N&rsquo;h\u00e9sitez pas \u00e0 y r\u00e9fl\u00e9chir. <\/strong><\/p>\n\n\n\n<p class=\"has-x-large-font-size\" style=\"line-height:1.2\">Contactez-nous ici<\/p>\n\n\n\n<div class=\"wp-block-buttons is-layout-flex wp-block-buttons-is-layout-flex\">\n<div class=\"wp-block-button has-custom-font-size has-small-font-size\"><a class=\"wp-block-button__link wp-element-button\" href=\"https:\/\/docs.google.com\/forms\/d\/1JATPpeGfRXaemIpjUO1PbKltxmmkNDiiO8owNQoPJU4\/\" target=\"_blank\" rel=\"noreferrer noopener\">\nContactez-nous <\/a><\/div>\n<\/div>\n","protected":false},"excerpt":{"rendered":"<p>Solutions Open Source\u00a0: R\u00e9volutionnez la Gestion de Projet Nous proposons des services d&rsquo;installation et d&rsquo;h\u00e9bergement pour la version open source d&rsquo;OpenProject afin de simplifier la gestion de vos projets. OpenProject est un outil de gestion de projet open source fiable et riche en fonctionnalit\u00e9s qui favorise la collaboration en \u00e9quipe. Principales fonctionnalit\u00e9s d&rsquo;OpenProject Prix OpenProject [&hellip;]<\/p>\n","protected":false},"author":1,"featured_media":543,"parent":504,"menu_order":0,"comment_status":"closed","ping_status":"closed","template":"","meta":{"footnotes":""},"class_list":["post-542","page","type-page","status-publish","has-post-thumbnail","hentry"],"_links":{"self":[{"href":"https:\/\/good-loop.co.jp\/fr\/wp-json\/wp\/v2\/pages\/542","targetHints":{"allow":["GET"]}}],"collection":[{"href":"https:\/\/good-loop.co.jp\/fr\/wp-json\/wp\/v2\/pages"}],"about":[{"href":"https:\/\/good-loop.co.jp\/fr\/wp-json\/wp\/v2\/types\/page"}],"author":[{"embeddable":true,"href":"https:\/\/good-loop.co.jp\/fr\/wp-json\/wp\/v2\/users\/1"}],"replies":[{"embeddable":true,"href":"https:\/\/good-loop.co.jp\/fr\/wp-json\/wp\/v2\/comments?post=542"}],"version-history":[{"count":1,"href":"https:\/\/good-loop.co.jp\/fr\/wp-json\/wp\/v2\/pages\/542\/revisions"}],"predecessor-version":[{"id":844,"href":"https:\/\/good-loop.co.jp\/fr\/wp-json\/wp\/v2\/pages\/542\/revisions\/844"}],"up":[{"embeddable":true,"href":"https:\/\/good-loop.co.jp\/fr\/wp-json\/wp\/v2\/pages\/504"}],"wp:featuredmedia":[{"embeddable":true,"href":"https:\/\/good-loop.co.jp\/fr\/wp-json\/wp\/v2\/media\/543"}],"wp:attachment":[{"href":"https:\/\/good-loop.co.jp\/fr\/wp-json\/wp\/v2\/media?parent=542"}],"curies":[{"name":"wp","href":"https:\/\/api.w.org\/{rel}","templated":true}]}}