{"id":546,"date":"2024-09-29T20:00:00","date_gmt":"2024-09-29T11:00:00","guid":{"rendered":"https:\/\/good-loop.co.jp\/?page_id=546"},"modified":"2025-10-26T13:18:56","modified_gmt":"2025-10-26T04:18:56","slug":"nextcloud","status":"publish","type":"page","link":"https:\/\/good-loop.co.jp\/fr\/logiciel\/nextcloud\/","title":{"rendered":"Mise en \u0153uvre, support op\u00e9rationnel et conseil NextCloud"},"content":{"rendered":"\n<h2 class=\"wp-block-heading\"><strong>Solution de stockage cloud open source, s\u00e9curis\u00e9e et flexible<\/h2>\n\n\n\n<hr class=\"wp-block-separator has-alpha-channel-opacity\" \/>\n\n\n\n<p>Nous proposons des services d&rsquo;installation et d&rsquo;h\u00e9bergement pour la version open source de <strong>Nextcloud<\/strong>, permettant une gestion s\u00e9curis\u00e9e des donn\u00e9es et une collaboration collaborative. Nextcloud est une plateforme de stockage cloud que vous pouvez ex\u00e9cuter sur vos propres serveurs, garantissant ainsi confidentialit\u00e9 et s\u00e9curit\u00e9. <\/p>\n\n\n\n<hr class=\"wp-block-separator has-alpha-channel-opacity\" \/>\n\n\n\n<h3 class=\"wp-block-heading\">Fonctionnalit\u00e9s cl\u00e9s de Nextcloud<\/h3>\n\n\n\n<ul class=\"wp-block-list\">\n<li><strong>Partage et synchronisation de fichiers<\/strong>\n<ul class=\"wp-block-list\">\n<li>Synchronisation et partage de fichiers fluides sur tous les appareils. <\/li>\n<\/ul>\n<\/li>\n\n\n\n<li><strong>Collaboration documentaire<\/strong>\n<ul class=\"wp-block-list\">\n<li>Am\u00e9liorez la productivit\u00e9 de votre \u00e9quipe gr\u00e2ce \u00e0 la collaboration en temps r\u00e9el. <\/li>\n<\/ul>\n<\/li>\n\n\n\n<li><strong>Calendrier et contacts<\/strong>\n<ul class=\"wp-block-list\">\n<li>G\u00e9rez votre agenda et vos contacts depuis un seul et m\u00eame endroit. <\/li>\n<\/ul>\n<\/li>\n\n\n\n<li><strong>Vid\u00e9oconf\u00e9rence et chat<\/strong>\n<ul class=\"wp-block-list\">\n<li>Un travail d&rsquo;\u00e9quipe fluide gr\u00e2ce aux outils de communication int\u00e9gr\u00e9s. <\/li>\n<\/ul>\n<\/li>\n\n\n\n<li><strong>Extensibilit\u00e9 des applications<\/strong>\n<ul class=\"wp-block-list\">\n<li>Ajoutez des fonctionnalit\u00e9s et personnalisez de nombreuses applications selon vos besoins. <\/li>\n<\/ul>\n<\/li>\n<\/ul>\n\n\n\n<hr class=\"wp-block-separator has-alpha-channel-opacity\" \/>\n\n\n\n<h3 class=\"wp-block-heading\">Prix<\/h3>\n\n\n\n<p><strong>Nextcloud est un logiciel open source, il n&rsquo;y a donc aucun frais de licence<\/strong>. Nos services proposent des forfaits incluant les \u00e9l\u00e9ments suivants. Nous personnalisons l&rsquo;offre la mieux adapt\u00e9e \u00e0 vos besoins, tout en vous proposant des tarifs comp\u00e9titifs. <\/p>\n\n\n\n<ul class=\"wp-block-list\">\n<li>Installation et configuration du syst\u00e8me<\/li>\n\n\n\n<li>Fournir un environnement d&rsquo;h\u00e9bergement s\u00e9curis\u00e9<\/li>\n\n\n\n<li>Mises \u00e0 jour r\u00e9guli\u00e8res et mesures de s\u00e9curit\u00e9<\/li>\n\n\n\n<li>Support utilisateur et assistance technique<\/li>\n<\/ul>\n\n\n\n<hr class=\"wp-block-separator has-alpha-channel-opacity\" \/>\n\n\n\n<h3 class=\"wp-block-heading\">\u00c9tude de cas<\/h3>\n\n\n\n<ul class=\"wp-block-list\">\n<li><strong>GHI Co., Ltd.<\/strong>\n<ul class=\"wp-block-list\">\n<li><strong>D\u00e9fi<\/strong>\u00a0: Co\u00fbts du stockage cloud et risques de s\u00e9curit\u00e9. <\/li>\n\n\n\n<li><strong>Avantage<\/strong>\u00a0: La mise en \u0153uvre de Nextcloud a permis de r\u00e9duire les co\u00fbts et de renforcer la s\u00e9curit\u00e9 des donn\u00e9es. <\/li>\n<\/ul>\n<\/li>\n\n\n\n<li><strong>Solutions OPQ<\/strong>\n<ul class=\"wp-block-list\">\n<li><strong>D\u00e9fi<\/strong>\u00a0: Partage efficace de fichiers en t\u00e9l\u00e9travail. <\/li>\n\n\n\n<li><strong>Effet<\/strong>\u00a0: Nextcloud facilite la collaboration entre les \u00e9quipes. <\/li>\n<\/ul>\n<\/li>\n<\/ul>\n\n\n\n<hr class=\"wp-block-separator has-alpha-channel-opacity\" \/>\n\n\n\n<h3 class=\"wp-block-heading\">Compar\u00e9 \u00e0 Dropbox, Google Drive et Box\u00a0: Avantages financiers<\/h3>\n\n\n\n<ul class=\"wp-block-list\">\n<li><strong>Co\u00fbts de licence r\u00e9duits<\/strong>\n<ul class=\"wp-block-list\">\n<li>Co\u00fbts d&rsquo;exploitation consid\u00e9rablement r\u00e9duits par rapport aux services cloud commerciaux. <\/li>\n<\/ul>\n<\/li>\n\n\n\n<li><strong>Propri\u00e9t\u00e9 totale des donn\u00e9es<\/strong>\n<ul class=\"wp-block-list\">\n<li>G\u00e9rez vos donn\u00e9es en interne et respectez les normes de confidentialit\u00e9 et de conformit\u00e9. <\/li>\n<\/ul>\n<\/li>\n\n\n\n<li><strong>Personnalisation et int\u00e9gration<\/strong>\n<ul class=\"wp-block-list\">\n<li>L&rsquo;open source permet des fonctionnalit\u00e9s personnalis\u00e9es et l&rsquo;int\u00e9gration syst\u00e8me. <\/li>\n<\/ul>\n<\/li>\n<\/ul>\n\n\n\n<hr class=\"wp-block-separator has-alpha-channel-opacity\" \/>\n\n\n\n<h3 class=\"wp-block-heading\"> Polyvalence et fiabilit\u00e9 gr\u00e2ce \u00e0 un d\u00e9veloppement durable<\/h3>\n\n\n\n<ul class=\"wp-block-list\">\n<li><strong> Plateforme fiable<\/strong>\n<ul class=\"wp-block-list\">\n<li> Des mises \u00e0 jour continues pour b\u00e9n\u00e9ficier des derni\u00e8res fonctionnalit\u00e9s et d&rsquo;une s\u00e9curit\u00e9 optimale. <\/li>\n<\/ul>\n<\/li>\n\n\n\n<li><strong>Communaut\u00e9 active<\/strong>\n<ul class=\"wp-block-list\">\n<li>Des utilisateurs du monde entier partagent une mine de connaissances et de soutien. <\/li>\n<\/ul>\n<\/li>\n<\/ul>\n\n\n\n<hr class=\"wp-block-separator has-alpha-channel-opacity\" \/>\n\n\n\n<h3 class=\"wp-block-heading\"> Avantages de l&rsquo;Open Source\u00a0: Propri\u00e9t\u00e9 des donn\u00e9es<\/h3>\n\n\n\n<ul class=\"wp-block-list\">\n<li><strong> Protection de la confidentialit\u00e9<\/strong>\n<ul class=\"wp-block-list\">\n<li> Minimiser le risque de fuite de donn\u00e9es. <\/li>\n<\/ul>\n<\/li>\n\n\n\n<li><strong>Conformit\u00e9 l\u00e9gale<\/strong>\n<ul class=\"wp-block-list\">\n<li>Conformit\u00e9 aux lois sur la protection des donn\u00e9es de chaque pays. <\/li>\n<\/ul>\n<\/li>\n\n\n\n<li><strong>Adaptation aux besoins m\u00e9tier<\/strong>\n<ul class=\"wp-block-list\">\n<li>Optimisez le syst\u00e8me pour r\u00e9pondre \u00e0 vos besoins sp\u00e9cifiques. <\/li>\n<\/ul>\n<\/li>\n<\/ul>\n\n\n\n<p><strong>Nextcloud permet une gestion s\u00e9curis\u00e9e et efficace des donn\u00e9es et \u00e9largit les perspectives commerciales. N&rsquo;h\u00e9sitez pas \u00e0 l&rsquo;envisager. <\/strong><\/p>\n\n\n\n<p class=\"has-x-large-font-size\" style=\"line-height:1.2\">Contactez-nous ici<\/p>\n\n\n\n<div class=\"wp-block-buttons is-layout-flex wp-block-buttons-is-layout-flex\">\n<div class=\"wp-block-button has-custom-font-size has-small-font-size\"><a class=\"wp-block-button__link wp-element-button\" href=\"https:\/\/docs.google.com\/forms\/d\/1JATPpeGfRXaemIpjUO1PbKltxmmkNDiiO8owNQoPJU4\/\" target=\"_blank\" rel=\"noreferrer noopener\">\nContactez-nous <\/a><\/div>\n<\/div>\n","protected":false},"excerpt":{"rendered":"<p>Solution de stockage cloud open source, s\u00e9curis\u00e9e et flexible Nous proposons des services d&rsquo;installation et d&rsquo;h\u00e9bergement pour la version open source de Nextcloud, permettant une gestion s\u00e9curis\u00e9e des donn\u00e9es et une collaboration collaborative. Nextcloud est une plateforme de stockage cloud que vous pouvez ex\u00e9cuter sur vos propres serveurs, garantissant ainsi confidentialit\u00e9 et s\u00e9curit\u00e9. Fonctionnalit\u00e9s cl\u00e9s [&hellip;]<\/p>\n","protected":false},"author":1,"featured_media":547,"parent":504,"menu_order":0,"comment_status":"closed","ping_status":"closed","template":"","meta":{"footnotes":""},"class_list":["post-546","page","type-page","status-publish","has-post-thumbnail","hentry"],"_links":{"self":[{"href":"https:\/\/good-loop.co.jp\/fr\/wp-json\/wp\/v2\/pages\/546","targetHints":{"allow":["GET"]}}],"collection":[{"href":"https:\/\/good-loop.co.jp\/fr\/wp-json\/wp\/v2\/pages"}],"about":[{"href":"https:\/\/good-loop.co.jp\/fr\/wp-json\/wp\/v2\/types\/page"}],"author":[{"embeddable":true,"href":"https:\/\/good-loop.co.jp\/fr\/wp-json\/wp\/v2\/users\/1"}],"replies":[{"embeddable":true,"href":"https:\/\/good-loop.co.jp\/fr\/wp-json\/wp\/v2\/comments?post=546"}],"version-history":[{"count":1,"href":"https:\/\/good-loop.co.jp\/fr\/wp-json\/wp\/v2\/pages\/546\/revisions"}],"predecessor-version":[{"id":846,"href":"https:\/\/good-loop.co.jp\/fr\/wp-json\/wp\/v2\/pages\/546\/revisions\/846"}],"up":[{"embeddable":true,"href":"https:\/\/good-loop.co.jp\/fr\/wp-json\/wp\/v2\/pages\/504"}],"wp:featuredmedia":[{"embeddable":true,"href":"https:\/\/good-loop.co.jp\/fr\/wp-json\/wp\/v2\/media\/547"}],"wp:attachment":[{"href":"https:\/\/good-loop.co.jp\/fr\/wp-json\/wp\/v2\/media?parent=546"}],"curies":[{"name":"wp","href":"https:\/\/api.w.org\/{rel}","templated":true}]}}