{"id":573,"date":"2025-03-08T12:41:02","date_gmt":"2025-03-08T03:41:02","guid":{"rendered":"https:\/\/good-loop.co.jp\/?page_id=573"},"modified":"2025-03-08T12:41:02","modified_gmt":"2025-03-08T03:41:02","slug":"construction-encheres-consignation","status":"publish","type":"page","link":"https:\/\/good-loop.co.jp\/fr\/vente-aux-encheres-consignation\/construction-encheres-consignation\/","title":{"rendered":"Agent de vente aux ench\u00e8res de machines d&rsquo;occasion"},"content":{"rendered":"\n<h2 class=\"wp-block-heading\">Service de vente aux ench\u00e8res d&rsquo;\u00e9quipements lourds et de construction d&rsquo;occasion s\u00fbr et fiable<\/h2>\n\n\n\n<p>En plus de notre service de vente aux ench\u00e8res de voitures d&rsquo;occasion, nous avons lanc\u00e9 un nouveau service de vente aux ench\u00e8res d&rsquo;\u00e9quipements lourds et de construction d&rsquo;occasion<\/strong>. <\/p>\n\n\n\n<h3 class=\"wp-block-heading\"><strong>Avez-vous ces pr\u00e9occupations\u00a0? <\/strong><\/h3>\n\n\n\n<ul class=\"wp-block-list\">\n<li>Je souhaite vendre mes \u00e9quipements lourds et de construction \u00e0 un prix \u00e9lev\u00e9, mais je ne sais pas o\u00f9 les vendre au meilleur prix. <\/li>\n\n\n\n<li>Je ne connais pas de plateforme d&rsquo;ench\u00e8res fiable. <\/li>\n\n\n\n<li>Participer directement \u00e0 une ench\u00e8re est compliqu\u00e9 et fastidieux. <\/li>\n\n\n\n<li>Je ne connais pas le prix du march\u00e9 et je crains de ne pas obtenir un prix \u00e9quitable. <\/li>\n<\/ul>\n\n\n\n<p>Notre service proxy peut r\u00e9soudre tous ces probl\u00e8mes\u00a0! <\/p>\n\n\n\n<hr class=\"wp-block-separator has-alpha-channel-opacity\" \/>\n\n\n\n<h2 class=\"wp-block-heading\"><strong>Fonctionnalit\u00e9s du service<\/strong><\/h2>\n\n\n\n<h3 class=\"wp-block-heading\"><strong>1. Vaste r\u00e9seau d&rsquo;ench\u00e8res<\/strong><\/h3>\n\n\n\n<p>Nous collaborons avec les principaux sites d&rsquo;ench\u00e8res d&rsquo;occasion pour la construction et les \u00e9quipements lourds au Japon (Arai Auction, SOGO Auction, THI AssetLine, JEN Auction, etc.) afin de recommander le lieu d&rsquo;ench\u00e8res optimal \u00e0 nos clients. <\/p>\n\n\n\n<h3 class=\"wp-block-heading\"><strong>2. Proposer la strat\u00e9gie de vente optimale<\/strong><\/h3>\n\n\n\n<p>Nous analysons les tendances du march\u00e9 des ventes aux ench\u00e8res affili\u00e9es \u00e0 des fabricants, des ventes aux ench\u00e8res ind\u00e9pendantes et des ventes aux ench\u00e8res internationales, afin d&rsquo;obtenir le prix de vente le plus \u00e9lev\u00e9 possible<\/strong>. <\/p>\n\n\n\n<h3 class=\"wp-block-heading\"><strong>3. Assistance centralis\u00e9e, de la mise en vente \u00e0 la cl\u00f4ture<\/strong><\/h3>\n\n\n\n<p><strong>Aucune inscription requise pour les ventes aux ench\u00e8res\u00a0! <\/strong> Nous prenons en charge toutes les proc\u00e9dures\u00a0: mise en vente, ench\u00e8res, traitement et exp\u00e9dition. Nous assurons des transactions fluides. <\/p>\n\n\n\n<h3 class=\"wp-block-heading\"><strong>4. \u00c9tudes de march\u00e9 et transactions au juste prix\n\n\n\n\nNous utilisons les donn\u00e9es du march\u00e9 pour estimer le juste prix \u00e0 l&rsquo;avance. Nous vous aidons \u00e0 d\u00e9cider quand vendre et \u00e0 fixer la bonne ench\u00e8re.\n\n\n\n\n\n5. Nous pouvons \u00e9galement organiser le transport apr\u00e8s l&rsquo;adjudication.\n\n\n\n\n\nNous pouvons \u00e9galement organiser le transport de votre \u00e9quipement lourd achet\u00e9 ou vendu aux ench\u00e8res\u00a0! Nous livrons en toute s\u00e9curit\u00e9 et fiabilit\u00e9 partout au pays. <\/p>\n\n\n\n<hr class=\"wp-block-separator has-alpha-channel-opacity\" \/>\n\n\n\n<h2 class=\"wp-block-heading\"><strong>Processus d&rsquo;ench\u00e8res et de r\u00e9ussite<\/strong><\/h2>\n\n\n\n<h3 class=\"wp-block-heading\"><strong>\u3010Clients souhaitant inscrire\u3011<\/strong><\/h3>\n\n\n\n<ol start=\"1\" class=\"wp-block-list\">\n<li><strong>Nous contacter<\/strong><br>Veuillez nous contacter via le formulaire de demande de renseignements<\/li>\n\n\n\n<li><strong> \u00c9valuation et s\u00e9lection des ench\u00e8res<\/strong><br> Nous \u00e9valuons les \u00e9quipements de construction et les \u00e9quipements lourds que vous souhaitez vendre et s\u00e9lectionnons l&rsquo;ench\u00e8re la plus adapt\u00e9e<\/li>\n\n\n\n<li><strong> Liste des ench\u00e8res<\/strong><br> Nous mettrons l&rsquo;\u00e9quipement aux ench\u00e8res en votre nom<\/li>\n\n\n\n<li><strong> Ench\u00e8re, contrat et paiement<\/strong><br> Une fois l&rsquo;ench\u00e8re r\u00e9ussie, le paiement sera effectu\u00e9 une fois la proc\u00e9dure termin\u00e9e<\/li>\n<\/ol>\n\n\n\n<h3 class=\"wp-block-heading\"><strong> [Clients int\u00e9ress\u00e9s par une ench\u00e8re]<\/strong><\/h3>\n\n\n\n<ol start=\"1\" class=\"wp-block-list\">\n<li><strong> Nous vous interrogerons sur le mod\u00e8le souhait\u00e9.<\/strong><br> Nous vous interrogerons sur le mod\u00e8le, le fabricant, les sp\u00e9cifications et le budget souhait\u00e9s.<\/li>\n\n\n\n<li><strong> Nous s\u00e9lectionnerons l&rsquo;ench\u00e8re optimale.<\/strong><br> Nous vous guiderons vers une ench\u00e8re adapt\u00e9e \u00e0 vos besoins.<\/li>\n\n\n\n<li><strong> Ench\u00e8res et Proxy Gagnant <\/strong><br> Nous ench\u00e9rissons en votre nom au prix souhait\u00e9 et remportons l&rsquo;ench\u00e8re au meilleur prix.<\/li>\n\n\n\n<li><strong> Organisation du transport et livraison<\/strong><br> Nous g\u00e9rons \u00e9galement les proc\u00e9dures d&rsquo;exp\u00e9dition post-ench\u00e8res en un seul endroit<\/li>\n<\/ol>\n\n\n\n<hr class=\"wp-block-separator has-alpha-channel-opacity\" \/>\n\n\n\n<h2 class=\"wp-block-heading\"><strong> Exemples d&rsquo;\u00e9quipements de construction et d&rsquo;\u00e9quipements lourds<\/strong><\/h2>\n\n\n\n<p>&#x2705; Pelles hydrauliques<br>&#x2705; Chargeuses sur pneus<br>&#x2705; Bulldozers<br>&#x2705; Grues<br>&#x2705; Chariots \u00e9l\u00e9vateurs<br>&#x2705; Camions-bennes\u00a0; Finisseurs d&rsquo;asphalte\u00a0; Autres engins de chantier\u00a0;\n\n\n\n<p class=\"has-x-large-font-size\" style=\"line-height:1.2\">Nous contacter<\/p>\n\n\n\n<div class=\"wp-block-buttons is-layout-flex wp-block-buttons-is-layout-flex\">\n<div class=\"wp-block-button has-custom-font-size has-small-font-size\"><a class=\"wp-block-button__link wp-element-button\" href=\"https:\/\/docs.google.com\/forms\/d\/1JATPpeGfRXaemIpjUO1PbKltxmmkNDiiO8owNQoPJU4\/\" target=\"_blank\" rel=\"noreferrer noopener\">\nNous contacter<\/a><\/div>\n<\/div>\n","protected":false},"excerpt":{"rendered":"<p>Service de vente aux ench\u00e8res d&rsquo;\u00e9quipements lourds et de construction d&rsquo;occasion s\u00fbr et fiable En plus de notre service de vente aux ench\u00e8res de voitures d&rsquo;occasion, nous avons lanc\u00e9 un nouveau service de vente aux ench\u00e8res d&rsquo;\u00e9quipements lourds et de construction d&rsquo;occasion. Avez-vous ces pr\u00e9occupations\u00a0? Notre service proxy peut r\u00e9soudre tous ces probl\u00e8mes\u00a0! Fonctionnalit\u00e9s du [&hellip;]<\/p>\n","protected":false},"author":1,"featured_media":577,"parent":478,"menu_order":0,"comment_status":"closed","ping_status":"closed","template":"","meta":{"footnotes":""},"class_list":["post-573","page","type-page","status-publish","has-post-thumbnail","hentry"],"_links":{"self":[{"href":"https:\/\/good-loop.co.jp\/fr\/wp-json\/wp\/v2\/pages\/573","targetHints":{"allow":["GET"]}}],"collection":[{"href":"https:\/\/good-loop.co.jp\/fr\/wp-json\/wp\/v2\/pages"}],"about":[{"href":"https:\/\/good-loop.co.jp\/fr\/wp-json\/wp\/v2\/types\/page"}],"author":[{"embeddable":true,"href":"https:\/\/good-loop.co.jp\/fr\/wp-json\/wp\/v2\/users\/1"}],"replies":[{"embeddable":true,"href":"https:\/\/good-loop.co.jp\/fr\/wp-json\/wp\/v2\/comments?post=573"}],"version-history":[{"count":0,"href":"https:\/\/good-loop.co.jp\/fr\/wp-json\/wp\/v2\/pages\/573\/revisions"}],"up":[{"embeddable":true,"href":"https:\/\/good-loop.co.jp\/fr\/wp-json\/wp\/v2\/pages\/478"}],"wp:featuredmedia":[{"embeddable":true,"href":"https:\/\/good-loop.co.jp\/fr\/wp-json\/wp\/v2\/media\/577"}],"wp:attachment":[{"href":"https:\/\/good-loop.co.jp\/fr\/wp-json\/wp\/v2\/media?parent=573"}],"curies":[{"name":"wp","href":"https:\/\/api.w.org\/{rel}","templated":true}]}}