{"id":575,"date":"2025-03-08T12:59:34","date_gmt":"2025-03-08T03:59:34","guid":{"rendered":"https:\/\/good-loop.co.jp\/?page_id=575"},"modified":"2025-03-08T12:59:34","modified_gmt":"2025-03-08T03:59:34","slug":"marche-aux-encheres-de-la-construction","status":"publish","type":"page","link":"https:\/\/good-loop.co.jp\/fr\/vente-aux-encheres-consignation\/marche-aux-encheres-de-la-construction\/","title":{"rendered":"Analyse du march\u00e9 des ench\u00e8res de machines de construction et d&rsquo;\u00e9quipements lourds"},"content":{"rendered":"\n<h2 class=\"wp-block-heading\">Introduction<\/h2>\n\n\n\n<p>Le march\u00e9 des ench\u00e8res d&rsquo;engins de chantier et d&rsquo;\u00e9quipements lourds d&rsquo;occasion au Japon a connu une expansion rapide ces derni\u00e8res ann\u00e9es. Les ench\u00e8res sp\u00e9cialis\u00e9es pour concessionnaires occupent une place de choix, avec la participation de divers acteurs, affili\u00e9s \u00e0 des fabricants ou ind\u00e9pendants. Cet article pr\u00e9sente en d\u00e9tail les principaux op\u00e9rateurs d&rsquo;ench\u00e8res, leur part de march\u00e9 et le volume de transactions. <\/p>\n\n\n\n<hr class=\"wp-block-separator has-alpha-channel-opacity\" \/>\n\n\n\n<h2 class=\"wp-block-heading\">1. Principales soci\u00e9t\u00e9s de vente aux ench\u00e8res d&rsquo;\u00e9quipements lourds et de construction d&rsquo;occasion<\/h2>\n\n\n\n<h3 class=\"wp-block-heading\"><strong>Ench\u00e8res li\u00e9es aux fabricants<\/strong><\/h3>\n\n\n\n<p>Ench\u00e8res organis\u00e9es par les fabricants pour la distribution de leurs propres produits. <\/p>\n\n\n\n<ul class=\"wp-block-list\">\n<li><strong>Komatsu Quick<\/strong><\/li>\n\n\n\n<li><strong>Ench\u00e8res de machines de construction Hitachi<\/strong><\/li>\n\n\n\n<li><strong>Commerce de machines de construction Kobelco (KIT)<\/strong><\/li>\n<\/ul>\n\n\n\n<h3 class=\"wp-block-heading\"><strong>Ench\u00e8res de voitures d&rsquo;occasion (mat\u00e9riel de construction)<\/strong><\/h3>\n\n\n\n<p>Une entreprise qui g\u00e9rait initialement des ventes aux ench\u00e8res d&rsquo;automobiles s&rsquo;est diversifi\u00e9e dans les ventes aux ench\u00e8res d&rsquo;\u00e9quipements de construction. <\/p>\n\n\n\n<ul class=\"wp-block-list\">\n<li><strong>Arai Auction<\/strong><\/li>\n\n\n\n<li><strong>USS<\/strong><\/li>\n\n\n\n<li><strong>JU<\/strong><\/li>\n<\/ul>\n\n\n\n<h3 class=\"wp-block-heading\"><strong>Commissaire-priseur ind\u00e9pendant de mat\u00e9riel de construction<\/strong><\/h3>\n\n\n\n<p>Exploite des magasins sp\u00e9cialis\u00e9s ventes aux ench\u00e8res d&rsquo;\u00e9quipements de construction d&rsquo;occasion, n\u00e9gociant avec des acheteurs nationaux et internationaux. <\/p>\n\n\n\n<ul class=\"wp-block-list\">\n<li><strong>Ench\u00e8res SOGO (<strong>Sogo Tsusho<\/strong>)<\/strong><\/li>\n\n\n\n<li><strong>THI (Ench\u00e8res AssetLine)<\/strong><\/li>\n\n\n\n<li><strong>Ench\u00e8res JEN (JEN)<\/strong><\/li>\n\n\n\n<li><strong>Ench\u00e8res NORI (Toku Shoji)<\/strong><\/li>\n\n\n\n<li><strong> Ench\u00e8res vertes (Green Corporation)<\/strong><\/li>\n\n\n\n<li><strong> AKTIO (Aktio)<\/strong><\/li>\n\n\n\n<li><strong> Ench\u00e8res GUIA (NDT)<\/strong><\/li>\n\n\n\n<li><strong> TOZAI BID (Tozai Trading)<\/strong><\/li>\n\n\n\n<li><strong> ALLSTOCKER (Toyo Environmental Development)<\/strong><\/li>\n<\/ul>\n\n\n\n<hr class=\"wp-block-separator has-alpha-channel-opacity\" \/>\n\n\n\n<h2 class=\"wp-block-heading\">2. Part de march\u00e9 et volume de transactions<\/h2>\n\n\n\n<h3 class=\"wp-block-heading\"><strong> Composition globale des parts de march\u00e9<\/strong><\/h3>\n\n\n\n<p>Le march\u00e9 des ench\u00e8res de mat\u00e9riel de construction d&rsquo;occasion au Japon est principalement port\u00e9 par des ench\u00e8res ind\u00e9pendantes. Les op\u00e9rateurs suivants d\u00e9tiennent notamment une part importante : <\/p>\n\n\n\n<figure class=\"wp-block-table\"><table class=\"has-fixed-layout\"><thead><tr><th> Soci\u00e9t\u00e9 de vente aux ench\u00e8res<\/th><th> Nombre annuel de ventes aux ench\u00e8res<\/th><th> Principaux partenaires commerciaux<\/th><\/tr><\/thead><tbody><tr><td> Arai Auction<\/td><td> Environ 50\u00a0000 unit\u00e9s<\/td><td> N\u00e9gociants nationaux et exportateurs \u00e9trangers<\/td><\/tr><tr><td> JEN Auction<\/td><td> Environ 8\u00a0000 unit\u00e9s<\/td><td> Nationaux et \u00e9trangers<\/td><\/tr><tr><td>T HI (AssetLine) <\/td><td> Environ 5\u00a0000 unit\u00e9s <\/td><td> Acheteurs de 72 pays <\/td><\/tr><tr><td> SOGO (Organisation sociale des Organisations mondiales) <\/td><td> Milliers d&rsquo;unit\u00e9s <\/td><td> Fournisseurs nationaux et internationaux <\/td><\/tr><tr><td> Ench\u00e8res GUIA <\/td><td> Milliers d&rsquo;unit\u00e9s <\/td><td> Principalement des soci\u00e9t\u00e9s de location <\/td><\/tr><\/tbody><\/table><\/figure>\n\n\n\n<p> Les ench\u00e8res affili\u00e9es \u00e0 des fabricants se concentrent sur les transactions impliquant leurs propres marques, et leur part de march\u00e9 est relativement limit\u00e9e. <\/p>\n\n\n<!-- \/wp:post-content -->\n<hr class=\"wp-block-separator has-alpha-channel-opacity\" \/>\n<!-- \/wp:separator -->\n\n<!-- wp:heading -->\n<h2 class=\"wp-block-heading\">3. Caract\u00e9ristiques et tendances des transactions aux ench\u00e8res<\/h2>\n<!-- \/wp:heading -->\n\n<!-- wp:heading {\"level\": 3} -->\n<h3 class=\"wp-block-heading\"><strong>Tendances r\u00e9centes<\/strong><\/h3>\n<!-- \/wp:heading -->\n\n<!-- wp:paragraph -->\n<p>&#x2705; <strong>Augmentation des acheteurs \u00e9trangers<\/strong>\u00a0: La demande d&rsquo;exportations vers l&rsquo;Asie, le Moyen-Orient et l&rsquo;Afrique est en hausse<br>&#x2705; <strong>Ench\u00e8res en ligne populaires<\/strong>\u00a0: JEN Auctions et ALLSTOCKER, entre autres, acc\u00e9l\u00e8rent la num\u00e9risation<br>&#x2705; <strong>Augmentation des ventes aux ench\u00e8res de location<\/strong>\u00a0: Les ventes aux ench\u00e8res GUIA sont florissantes pour les soci\u00e9t\u00e9s de location<br>&#x2705;<strong>Hausse des prix<\/strong>\u00a0: Les prix des \u00e9quipements de construction d&rsquo;occasion sont en hausse en raison de la p\u00e9nurie de semi-conducteurs et des retards de livraison de v\u00e9hicules neufs<\/p>\n<!-- \/wp:paragraph -->\n\n<!-- wp:separator -->\n<hr class=\"wp-block-separator has-alpha-channel-opacity\" \/>\n<!-- \/wp:separator -->\n\n<!-- wp:heading -->\n<h2 class=\"wp-block-heading\">4. R\u00e9sum\u00e9<\/h2>\n<!-- \/wp:heading -->\n\n<!-- wp:paragraph -->\n<p>Le march\u00e9 japonais des ventes aux ench\u00e8res d&rsquo;\u00e9quipements de construction d&rsquo;occasion continue de cro\u00eetre, principalement aupr\u00e8s des concessionnaires ind\u00e9pendants. L&rsquo;expansion des transactions en ligne et la demande internationale croissante stimulent le march\u00e9, et une activit\u00e9 accrue est attendue \u00e0 l&rsquo;avenir.<\/p>\n<!-- \/wp:paragraph -->\n\n<!-- wp:paragraph -->\n<p>Si vous envisagez de faire appel \u00e0 une agence de ventes aux ench\u00e8res, n&rsquo;h\u00e9sitez pas \u00e0 nous contacter\u00a0! <\/p>\n<!-- \/wp:paragraph -->\n\n<!-- wp:paragraph {\"style\": {\"typography\": {\"lineHeight\": \"1.2\"}}, \"fontSize\": \"x-large\"} -->\n<p class=\"has-x-large-font-size\" style=\"line-height:1.2\">Contactez-nous ici<\/p>\n<!-- \/wp:paragraph -->\n\n<!-- wp:buttons -->\n<div class=\"wp-block-buttons\"><!-- wp:button {\"fontSize\": \"small\"} -->\n<div class=\"wp-block-button has-custom-font-size has-small-font-size\"><a class=\"wp-block-button__link wp-element-button\" href=\"https:\/\/docs.google.com\/forms\/d\/1JATPpeGfRXaemIpjUO1PbKltxmmkNDiiO8owNQoPJU4\/\" target=\"_blank\" rel=\"noreferrer noopener\">\nContactez-nous <\/a><\/div>\n<!-- \/wp:button --><\/div>\n<!-- \/wp:buttons -->","protected":false},"excerpt":{"rendered":"<p>Introduction Le march\u00e9 des ench\u00e8res d&rsquo;engins de chantier et d&rsquo;\u00e9quipements lourds d&rsquo;occasion au Japon a connu une expansion rapide ces derni\u00e8res ann\u00e9es. Les ench\u00e8res sp\u00e9cialis\u00e9es pour concessionnaires occupent une place de choix, avec la participation de divers acteurs, affili\u00e9s \u00e0 des fabricants ou ind\u00e9pendants. Cet article pr\u00e9sente en d\u00e9tail les principaux op\u00e9rateurs d&rsquo;ench\u00e8res, leur part [&hellip;]<\/p>\n","protected":false},"author":1,"featured_media":577,"parent":478,"menu_order":0,"comment_status":"closed","ping_status":"closed","template":"","meta":{"footnotes":""},"class_list":["post-575","page","type-page","status-publish","has-post-thumbnail","hentry"],"_links":{"self":[{"href":"https:\/\/good-loop.co.jp\/fr\/wp-json\/wp\/v2\/pages\/575","targetHints":{"allow":["GET"]}}],"collection":[{"href":"https:\/\/good-loop.co.jp\/fr\/wp-json\/wp\/v2\/pages"}],"about":[{"href":"https:\/\/good-loop.co.jp\/fr\/wp-json\/wp\/v2\/types\/page"}],"author":[{"embeddable":true,"href":"https:\/\/good-loop.co.jp\/fr\/wp-json\/wp\/v2\/users\/1"}],"replies":[{"embeddable":true,"href":"https:\/\/good-loop.co.jp\/fr\/wp-json\/wp\/v2\/comments?post=575"}],"version-history":[{"count":0,"href":"https:\/\/good-loop.co.jp\/fr\/wp-json\/wp\/v2\/pages\/575\/revisions"}],"up":[{"embeddable":true,"href":"https:\/\/good-loop.co.jp\/fr\/wp-json\/wp\/v2\/pages\/478"}],"wp:featuredmedia":[{"embeddable":true,"href":"https:\/\/good-loop.co.jp\/fr\/wp-json\/wp\/v2\/media\/577"}],"wp:attachment":[{"href":"https:\/\/good-loop.co.jp\/fr\/wp-json\/wp\/v2\/media?parent=575"}],"curies":[{"name":"wp","href":"https:\/\/api.w.org\/{rel}","templated":true}]}}