{"id":586,"date":"2025-03-22T14:12:33","date_gmt":"2025-03-22T05:12:33","guid":{"rendered":"https:\/\/good-loop.co.jp\/?page_id=586"},"modified":"2025-03-22T14:12:33","modified_gmt":"2025-03-22T05:12:33","slug":"land-cruiser-250","status":"publish","type":"page","link":"https:\/\/good-loop.co.jp\/fr\/vente-aux-encheres-consignation\/land-cruiser-250\/","title":{"rendered":"Tendances du march\u00e9 du Land Cruiser 250 d&rsquo;occasion et comparaison avec d&rsquo;autres mod\u00e8les"},"content":{"rendered":"\n<p><em>Le nouveau Land Cruiser 250, sorti en 2023, suscite un vif int\u00e9r\u00eat pour sa valeur de revente, soutenue par sa grande durabilit\u00e9 et sa popularit\u00e9 mondiale. Nous vous proposons ci-dessous une explication d\u00e9taill\u00e9e de la valeur r\u00e9siduelle pr\u00e9vue sur 10 ans, des tendances du march\u00e9 de l&rsquo;occasion et des comparaisons avec d&rsquo;autres mod\u00e8les. <\/p>\n\n\n\n<h2 class=\"wp-block-heading\">Valeur r\u00e9siduelle pr\u00e9vue (valeur de revente) dans 10 ans<\/h2>\n\n\n\n<p>Depuis son lancement, la valeur de revente du Land Cruiser 250 est estim\u00e9e \u00e0 une valeur \u00e9lev\u00e9e, et beaucoup pr\u00e9disent qu&rsquo;elle se maintiendra autour de 50 % m\u00eame dans 10 ans. Ce taux d\u00e9passe largement la valeur r\u00e9siduelle des voitures japonaises classiques de 10 ans (environ 10 \u00e0 20 %). En effet, le mod\u00e8le pr\u00e9c\u00e9dent, le Prado s\u00e9rie 150, conservait une valeur de revente \u00e9lev\u00e9e, comparable \u00e0 celle d&rsquo;une voiture classique de 3 ans, m\u00eame \u00e0 10 ans. Cette tendance est observable sur toute la gamme Land Cruiser. Par exemple, le Land Cruiser s\u00e9rie 200 (VUS grand format) affichait une valeur r\u00e9siduelle moyenne d&rsquo;environ 48,4 % \u00e0 10 ans, certaines versions atteignant le chiffre impressionnant de 64,8 %. Par ailleurs, m\u00eame la version la plus basse conservait une valeur r\u00e9siduelle d&rsquo;environ 37 %, ce qui fait du Land Cruiser un v\u00e9hicule qui pr\u00e9sente g\u00e9n\u00e9ralement une d\u00e9pr\u00e9ciation extr\u00eamement progressive au fil du temps.\n\n\n\n\nCompar\u00e9 \u00e0 d&rsquo;autres mod\u00e8les, le Land Cruiser 300 (s\u00e9rie 300) devrait \u00e9galement conserver une valeur d&rsquo;actif \u00e9lev\u00e9e. Bien qu&rsquo;il existe actuellement peu de donn\u00e9es r\u00e9elles disponibles sur la s\u00e9rie 300 relativement r\u00e9cente, certaines estimations pr\u00e9voient une valeur r\u00e9siduelle sur cinq ans d&rsquo;environ 80 %, voire plus. De nombreux experts pr\u00e9voient une valeur r\u00e9siduelle sur 10 ans d&rsquo;environ 50 %, similaire \u00e0 celle du Land Cruiser pr\u00e9c\u00e9dent, et probablement peu diff\u00e9rente de celle du Land Cruiser 250. De plus, la pr\u00e9c\u00e9dente g\u00e9n\u00e9ration de Land Cruiser Prado (s\u00e9rie 150) b\u00e9n\u00e9ficiait de valeurs de revente extr\u00eamement avantageuses, m\u00eame en fin de vie. Selon une \u00e9tude men\u00e9e par une cha\u00eene de vente de voitures d&rsquo;occasion, le Prado s\u00e9rie 150 affiche une valeur r\u00e9siduelle de 99 %, presque comme une voiture neuve, \u00e0 un an, et de pr\u00e8s de 50 % m\u00eame \u00e0 10 ans. Ainsi, les Land Cruiser 250, 300 et Prado s\u00e9rie 150 devraient tous conserver environ la moiti\u00e9 de leur valeur initiale \u00e0 10 ans, ce qui en fait l&rsquo;un des v\u00e9hicules les plus pris\u00e9s du march\u00e9 des SUV. <\/p>\n\n\n\n<p><strong>\u25bc Projections de prix et de valeur r\u00e9siduelle sur 10 ans pour chaque mod\u00e8le (exemple)<\/strong><\/p>\n\n\n\n<figure class=\"wp-block-table\"><table class=\"has-fixed-layout\"><thead><tr><th><strong> Mod\u00e8le <\/strong><\/th><th><strong> Prix du v\u00e9hicule neuf (approximatif) <\/strong><\/th><th><strong> Prix estim\u00e9 dans 10 ans <\/strong><\/th><th><strong> Taux de valeur r\u00e9siduelle (pr\u00e9vision) <\/strong><\/th><\/tr><\/thead><tbody><tr><td> Land Cruiser 250 (mod\u00e8le 2024) <\/td><td> Environ 5,2 millions de yens (s\u00e9rie VX) <\/td><td> Environ 2,6 millions de yens <\/td><td> Environ 50 % <\/td><\/tr><tr><td> Land Cruiser Land Cruiser 300 (mod\u00e8le 2021) <\/td><td> Environ 7,3 millions de yens (s\u00e9rie ZX) <\/td><td> Environ 3,5 millions de yens <\/td><td> Environ 48 % <\/td><\/tr><tr><td> Land Cruiser Prado 150 (mod\u00e8le 2013) <\/td><td> Environ 4,5 millions de yens (s\u00e9rie TZ-G) <\/td><td> Environ 2,25 millions de yens <\/td><td> Environ 50 % <\/td><\/tr><\/tbody><\/table><\/figure>\n\n\n\n<blockquote class=\"wp-block-quote is-layout-flow wp-block-quote-is-layout-flow\">\n<p>Remarque\u00a0: Les chiffres ci-dessus sont des estimations prenant en compte la cat\u00e9gorie et les conditions du march\u00e9. Les valeurs r\u00e9siduelles ont tendance \u00e0 \u00eatre encore plus \u00e9lev\u00e9es pour les mod\u00e8les populaires, comme les v\u00e9hicules diesel. <\/p>\n<\/blockquote>\n\n\n\n<h2 class=\"wp-block-heading\">\u00c9volution des prix sur le march\u00e9 des voitures d&rsquo;occasion<\/h2>\n\n\n\n<p>Les Land Cruiser des s\u00e9ries 250 et 300 ont connu une \u00e9volution inhabituelle, atteignant des prix sup\u00e9rieurs \u00e0 ceux des voitures neuves sur le march\u00e9 de l&rsquo;occasion imm\u00e9diatement apr\u00e8s leur sortie. En raison d&rsquo;une p\u00e9nurie d&rsquo;approvisionnement due \u00e0 des d\u00e9lais de livraison prolong\u00e9s, de nombreux Land Cruiser 250 d&rsquo;occasion ont \u00e9t\u00e9 revendus \u00e0 plus de 12 millions de yens, alors que les v\u00e9hicules neufs co\u00fbtent entre 8 et 10 millions de yens*.\n\n(Il s&rsquo;agit d&rsquo;une fourchette de prix estim\u00e9e, incluant la finition et les options.) Cette tendance atteint g\u00e9n\u00e9ralement son pic imm\u00e9diatement apr\u00e8s la sortie d&rsquo;un nouveau mod\u00e8le, et m\u00eame pour le Land Cruiser 300, le prix de march\u00e9 des Land Cruiser 300 d&rsquo;occasion, un \u00e0 deux ans apr\u00e8s sa sortie, a atteint 130 \u00e0 140 % du prix d&rsquo;une voiture neuve. Par exemple, le Land Cruiser 300 ZX neuf (essence) \u00e9tait vendu \u00e0 environ 7,3 millions de yens, tandis que la valeur de revente d&rsquo;un v\u00e9hicule de deux ans \u00e9tait d&rsquo;environ 9,85 millions de yens (valeur r\u00e9siduelle de 134,9 %). <\/p>\n\n\n\n<p>Cependant, le \u00ab\u00a0march\u00e9 des voitures d&rsquo;occasion\u00a0\u00bb devrait entrer en phase de correction. Les prix des voitures haut de gamme devraient se stabiliser progressivement gr\u00e2ce aux am\u00e9liorations du syst\u00e8me de production de Toyota et \u00e0 la r\u00e9duction des d\u00e9lais de livraison. \u00c0 moyen et long terme, ils devraient converger vers des valeurs de revente \u00e9lev\u00e9es et normales (c&rsquo;est-\u00e0-dire des voitures de plusieurs ann\u00e9es \u00e0 80-90\u00a0% du prix d&rsquo;une voiture neuve, ou des voitures de 10\u00a0ans \u00e0 environ 50\u00a0% du prix d&rsquo;une voiture neuve). De fait, le prix du Prado s\u00e9rie\u00a0150 sur le march\u00e9 d&rsquo;occasion a \u00e9galement connu des fluctuations notables autour de l&rsquo;annonce du nouveau mod\u00e8le (s\u00e9rie\u00a0250). <strong>Les prix d&rsquo;achat des Prado, qui avaient temporairement baiss\u00e9 \u00e0 l&rsquo;automne\u00a02023, ont commenc\u00e9 \u00e0 augmenter entre f\u00e9vrier et juin\u00a02024, avec une hausse particuli\u00e8rement marqu\u00e9e \u00e0 partir d&rsquo;avril. On pense que cela est d\u00fb aux retards de livraison et de production de voitures neuves dus \u00e0 la conjoncture mondiale, poussant les personnes impatientes d&rsquo;acqu\u00e9rir une voiture neuve \u00e0 se tourner vers les v\u00e9hicules d&rsquo;occasion. De ce fait, les prix des Land Cruiser d&rsquo;occasion sont fortement influenc\u00e9s par l&rsquo;offre de v\u00e9hicules neufs\u00a0: ils fluctuent fortement \u00e0 court terme, mais restent stables et ne connaissent que peu de baisses \u00e0 long terme. <\/p>\n\n\n\n<h2 class=\"wp-block-heading\">L&rsquo;impact de la raret\u00e9 et de la popularit\u00e9 d&rsquo;un mod\u00e8le sur la valeur des actifs<\/h2>\n\n\n\n<p>La popularit\u00e9 et la raret\u00e9 mondiales de la s\u00e9rie Land Cruiser sont des facteurs majeurs de la hausse de la valeur de ses actifs. Lorsque l&rsquo;offre est limit\u00e9e par rapport \u00e0 la demande, les prix des v\u00e9hicules d&rsquo;occasion ont tendance \u00e0 flamber sous l&rsquo;effet des forces du march\u00e9. La forte demande de Land Cruiser, si forte que Toyota a mis en place un tirage au sort et interdit la revente, s&rsquo;explique par la forte demande sur les march\u00e9s \u00e9trangers, notamment au Moyen-Orient et en Afrique. Le Land Cruiser, en particulier, est une marque de confiance, cultiv\u00e9e depuis plus de 70 ans comme une \u00ab\u00a0voiture qui peut aller n&rsquo;importe o\u00f9 et en revenir vivante\u00a0\u00bb. Sa valeur de marque et son empreinte unique en font un v\u00e9hicule tr\u00e8s pris\u00e9, m\u00eame d&rsquo;occasion.\n\n\n\n\n\nDe plus, les mod\u00e8les sp\u00e9ciaux produits en nombre limit\u00e9 ont une valeur patrimoniale encore plus \u00e9lev\u00e9e en raison de leur raret\u00e9. Un exemple parfait est le mod\u00e8le de revente (\u00e9dition limit\u00e9e) du Land Cruiser s\u00e9rie 70, qui, gr\u00e2ce \u00e0 ses ventes limit\u00e9es, a enregistr\u00e9 une valeur r\u00e9siduelle \u00e9tonnante d&rsquo;environ 95\u00a0% cinq ans plus tard. Le Land Cruiser 250 a \u00e9galement connu une \u00e9dition sp\u00e9ciale \u00ab\u00a0First Edition\u00a0\u00bb d\u00e8s sa premi\u00e8re ann\u00e9e, renfor\u00e7ant ainsi son c\u00f4t\u00e9 \u00e9dition limit\u00e9e. Ces mod\u00e8les pourraient devenir des pi\u00e8ces de collection \u00e0 l&rsquo;avenir et se vendre \u00e0 un prix plus \u00e9lev\u00e9 sur le march\u00e9 de l&rsquo;occasion, sup\u00e9rieur m\u00eame \u00e0 celui de leurs homologues neufs. En effet, le Land Cruiser 250 figurait d\u00e9j\u00e0 parmi les meilleurs prix de revente de Toyota lors de sa sortie, avec une valeur r\u00e9siduelle estim\u00e9e sur cinq ans de 82,7 % (\u00e0 \u00e9galit\u00e9 au deuxi\u00e8me rang parmi tous les v\u00e9hicules Toyota). Ce taux est identique \u00e0 celui du Land Cruiser s\u00e9rie 300, ce qui d\u00e9montre que popularit\u00e9 et raret\u00e9 sont directement li\u00e9es \u00e0 la valeur des actifs.\n\n\n\n\n\nSi l&rsquo;introduction d&rsquo;un nouveau mod\u00e8le entra\u00eene g\u00e9n\u00e9ralement une baisse des prix d&rsquo;occasion des anciens mod\u00e8les, la baisse du Land Cruiser est limit\u00e9e. Certains utilisateurs ont soulign\u00e9 que \u00ab\u00a0m\u00eame avec le nouveau Prado sur le march\u00e9, l&rsquo;ancien mod\u00e8le reste tr\u00e8s demand\u00e9, les prix ne baisseront donc pas significativement\u00a0\u00bb. De fait, le Prado s\u00e9rie 150 a maintenu un prix \u00e9lev\u00e9 et stable malgr\u00e9 son long cycle de vie. Ces facteurs sugg\u00e8rent que la valeur du Land Cruiser 250 r\u00e9siste aux changements de mod\u00e8les et au passage du temps. <\/p>\n\n\n\n<h2 class=\"wp-block-heading\">Relation entre co\u00fbts d&rsquo;entretien, durabilit\u00e9, fiabilit\u00e9 et valeur du v\u00e9hicule<\/h2>\n\n\n\n<p> La valeur du Land Cruiser est \u00e9troitement li\u00e9e \u00e0 sa durabilit\u00e9 et \u00e0 sa fiabilit\u00e9. Le Land Cruiser 250 est reconnu, tant au niveau national qu&rsquo;international, pour sa durabilit\u00e9 et sa fiabilit\u00e9. Sa robustesse et sa capacit\u00e9 \u00e0 maintenir ses performances m\u00eame apr\u00e8s des ann\u00e9es d&rsquo;utilisation en font un choix populaire, m\u00eame d&rsquo;occasion. Gr\u00e2ce \u00e0 sa r\u00e9putation de tout-terrain et \u00e0 sa carrosserie robuste, la demande reste forte, m\u00eame pour les v\u00e9hicules de 10 ans avec plus de 100\u00a0000 km au compteur, et ils atteignent des prix \u00e9lev\u00e9s aux ench\u00e8res de voitures d&rsquo;occasion. La construction fiable et le syst\u00e8me d&rsquo;approvisionnement robuste de Toyota contribuent \u00e9galement \u00e0 la satisfaction des propri\u00e9taires et \u00e0 une valeur de revente \u00e9lev\u00e9e. <\/p>\n\n\n\n<p>En revanche, les Land Cruiser pr\u00e9sentent \u00e9galement des co\u00fbts d&rsquo;entretien \u00e9lev\u00e9s. En raison de leur poids \u00e9lev\u00e9 et de leur cylindr\u00e9e importante, la consommation de carburant et les taxes automobiles sont plus \u00e9lev\u00e9es que celles des voitures compactes. Certains propri\u00e9taires ont exprim\u00e9 des inqui\u00e9tudes\u00a0: \u00ab\u00a0Le Prado a une bonne valeur de revente apr\u00e8s 10\u00a0ans, mais les co\u00fbts d&rsquo;entretien annuels \u00e9lev\u00e9s rendent l&rsquo;achat difficile.\u00a0\u00bb Les v\u00e9hicules \u00e0 essence, en particulier, affichent une consommation moyenne d&rsquo;environ 7 \u00e0 8\u00a0km par litre, ce qui repr\u00e9sente un fardeau important. De plus, les consommables comme les pneus sont co\u00fbteux en raison de leur grande taille. Cependant, ces co\u00fbts d&rsquo;entretien \u00e9lev\u00e9s peuvent entra\u00eener une \u00ab\u00a0s\u00e9lection d&rsquo;acheteurs\u00a0\u00bb, ce qui contribue \u00e0 la stabilit\u00e9 du march\u00e9 de la revente, car les Land Cruiser d&rsquo;occasion sont de plus en plus accessibles \u00e0 ceux qui en ont r\u00e9ellement besoin (amateurs et professionnels). Les mod\u00e8les diesel sont populaires \u00e0 l&rsquo;\u00e9tranger en raison de leur consommation de carburant et de leur couple sup\u00e9rieurs \u00e0 ceux des mod\u00e8les essence. Par cons\u00e9quent, leur valeur de revente est encore plus \u00e9lev\u00e9e que celle des mod\u00e8les essence. Par exemple, un Prado TZ-G diesel de 2015 a atteint une valeur de reprise \u00e9lev\u00e9e d&rsquo;environ 3,04 millions de yens (taux de valeur r\u00e9siduelle de 63,9 %), contre environ 4,75 millions de yens \u00e0 l&rsquo;\u00e9tat neuf. Ce chiffre repr\u00e9sente une diff\u00e9rence significative par rapport \u00e0 la valeur de reprise de 36 % d&rsquo;un v\u00e9hicule essence (cat\u00e9gorie G) de la m\u00eame ann\u00e9e. Si des facteurs tels que le choix du groupe motopropulseur et l&rsquo;\u00e9tat d&rsquo;entretien peuvent influencer la valeur d&rsquo;un bien, les Land Cruiser b\u00e9n\u00e9ficient g\u00e9n\u00e9ralement de la durabilit\u00e9 et de la qualit\u00e9 n\u00e9cessaires pour conserver une valeur stable au fil du temps. \n\n\n\nPr\u00e9dictions et avis des experts et experts en voitures d&rsquo;occasion\n\n\n\n\nL&rsquo;industrie automobile et la presse sp\u00e9cialis\u00e9e se montrent tr\u00e8s optimistes quant \u00e0 la valeur du Land Cruiser 250. Car Seven, un important site d&rsquo;information sur les voitures d&rsquo;occasion, rapporte que \u00ab\u00a0les Land Cruiser Prado conservent une valeur r\u00e9siduelle d&rsquo;environ 50\u00a0% m\u00eame \u00e0 10\u00a0ans\u00a0\u00bb et pr\u00e9dit que la nouvelle s\u00e9rie 250 devrait afficher une valeur de revente tout aussi \u00e9lev\u00e9e. De plus, dans le classement Ucarpack des valeurs de revente 2025, le Land Cruiser 250 se classe ex \u00e6quo \u00e0 la deuxi\u00e8me place parmi les v\u00e9hicules Toyota (la premi\u00e8re place \u00e9tant occup\u00e9e par l&rsquo;\u00e9dition limit\u00e9e du Land Cruiser 70), affichant une valeur r\u00e9siduelle exceptionnelle sur cinq ans de 82,71\u00a0%. Ce chiffre est comparable \u00e0 celui du Land Cruiser 300 grand format, ce qui indique que sa valeur d&rsquo;actif \u00e9lev\u00e9e \u00e9tait d\u00e9j\u00e0 int\u00e9gr\u00e9e aux prix du march\u00e9 d\u00e8s sa sortie.\n\n\n\n\n\nDe nombreux critiques automobiles ont affirm\u00e9 que l&rsquo;excellente valeur de revente du Land Cruiser est l\u00e9gendaire. Fumihiro Hagiwara, du c\u00e9l\u00e8bre magazine automobile Best Car, a d&rsquo;ailleurs pr\u00e9sent\u00e9 le Prado comme \u00ab\u00a0une voiture qui conserve sa valeur m\u00eame apr\u00e8s 10 ans et affiche un prix de reprise \u00e9lev\u00e9\u00a0\u00bb, qualifiant sa valeur r\u00e9siduelle d&rsquo;\u00ab\u00a0\u00e9tonnante\u00a0\u00bb. Un autre site web sp\u00e9cialis\u00e9 a analys\u00e9\u00a0: \u00ab\u00a0Si les sp\u00e9cifications r\u00e9pondent \u00e0 la demande mondiale, les nouveaux mod\u00e8les afficheront \u00e9galement de bonnes valeurs de revente. Ce n&rsquo;est pas forc\u00e9ment parce qu&rsquo;il est neuf qu&rsquo;il est un bon mod\u00e8le\u00a0; cela d\u00e9pend de l&rsquo;\u00e9quilibre entre l&rsquo;offre et la demande.\u00a0\u00bb Compte tenu de ses sp\u00e9cifications et de la puissance de sa marque, le Land Cruiser 250 devrait conserver une valeur d&rsquo;actif \u00e9lev\u00e9e tant que la demande mondiale se maintiendra. Cependant, certains experts soulignent que le prix \u00e9lev\u00e9 actuel \u00ab\u00a0pourrait se stabiliser une fois l&rsquo;offre stabilis\u00e9e\u00a0\u00bb. Si cette hausse \u00e0 court terme ne durera pas, il existe un consensus sur le fait que le Prado conservera une valeur r\u00e9siduelle tr\u00e8s \u00e9lev\u00e9e \u00e0 long terme par rapport aux autres mod\u00e8les. <\/p>\n\n\n\n<p> Globalement, \u00ab\u00a0le Toyota Land Cruiser 250 devrait conserver une valeur future stable et extr\u00eamement \u00e9lev\u00e9e\u00a0\u00bb. Sa valeur de revente devrait \u00eatre comparable \u00e0 celle des autres Land Cruiser de la s\u00e9rie 300 et du pr\u00e9c\u00e9dent Prado de la s\u00e9rie 150, et il devrait rester un SUV de premier plan sur le march\u00e9, m\u00eame dans 10\u00a0ans. Le Land Cruiser est r\u00e9put\u00e9 pour sa valeur d&rsquo;investissement \u00e9lev\u00e9e, ce qui rend \u00ab\u00a0difficile de perdre de l&rsquo;argent \u00e0 l&rsquo;achat\u00a0\u00bb, et la s\u00e9rie 250 ne fait pas exception. Cependant, il est important de tenir compte de votre style de vie et de votre budget, en tenant compte des co\u00fbts d&rsquo;entretien et du co\u00fbt d&rsquo;achat initial. N\u00e9anmoins, le Land Cruiser 250 est sans doute l&rsquo;une des voitures les plus \u00ab\u00a0\u00e0 la valeur durable\u00a0\u00bb et de nombreux experts lui ont attribu\u00e9 la meilleure cote de revente.\n\n\n\n\n<p><strong>R\u00e9f\u00e9rences et sources<\/strong>:<\/p>\n\n\n\n<ul class=\"wp-block-list\">\n<li>Analyse de la tendance \u00e0 la hausse des valeurs r\u00e9siduelles des Land Cruiser Prado d&rsquo;occasion <a href=\"https:\/\/bestcarweb.jp\/usedcar\/186449#:~:text=10%E5%B9%B4%E8%90%BD%E3%81%A1%E3%83%A2%E3%83%87%E3%83%AB%E3%81%AE%E6%AE%8B%E4%BE%A1%E7%8E%87%E3%81%AF%E9%A9%9A%E7%95%B0%E3%81%AE30\" target=\"_blank\" rel=\"noreferrer noopener\">bestcarweb.jp<\/a>\u200b<\/li>\n\n\n\n<li>Donn\u00e9es du secteur sur la valeur de revente (Enqu\u00eate Ucarpac, etc.) <a href=\"https:\/\/ucarpac.com\/resalevalue\/m001#:~:text=1\" target=\"_blank\" rel=\"noreferrer noopener\">ucarpac.com<\/a> <\/li>\n\n\n\n<li>Tendances du march\u00e9 de la revente du Land Cruiser 250 neuf <a href=\"https:\/\/premium-cars-life.com\/lancru250-resale\/#:~:text=%E9%A8%B0%E3%81%97%E3%81%A6%E3%81%84%E3%81%BE%E3%81%99%E3%80%82%E6%96%B0%E8%BB%8A%E4%BE%A1%E6%A0%BC%E3%81%8C%E7%B4%84800%E4%B8%87%E5%86%86%E3%81%8B%E3%82%891000%E4%B8%87%E5%86%86%E3%81%A7%E3%81%82%E3%82%8B%E3%81%AB%E3%82%82%E3%81%8B%E3%81%8B%E3%82%8F%E3%82%89%E3%81%9A%E3%80%81%E8%BB%A2%E5%A3%B2%E4%BE%A1%E6%A0%BC%E3%81%AF1200%E4%B8%87%E5%86%86%E4%BB%A5%E4%B8%8A%E3%81%AB%E9%81%94%E3%81%99%E3%82%8B%E3%81%93%E3%81%A8%E3%81%8C%E5%A4%9A%E3%81%8F%E3%80%81%E4%BE%9B%E7%B5%A6%E3%81%8C%E5%AE%89%E5%AE%9A%E3%81%99%E3%82%8B%E3%81%BE%E3%81%A7%E3%81%93%E3%81%AE%E5%82%BE%E5%90%91%E3%81%8C%E7%B6%9A%E3%81%8F%E3%81%A8%E4%BA%88%E6%83%B3%E3%81%95%20%E3%82%8C%E3%81%BE%E3%81%99%E3%80%82\" target=\"_blank\" rel=\"noreferrer noopener\">premium-cars-life.com<\/a><\/li>\n\n\n\n<li>Rapport Goo-net sur le march\u00e9 des voitures d&rsquo;occasion (Land Cruiser Prado) <a href=\"https:\/\/www.goo-net.com\/kaitori\/maker_guide\/show\/1010\/10102017\/#:~:text=%E3%83%A9%E3%83%B3%E3%83%89%E3%82%AF%E3%83%AB%E3%83%BC%E3%82%B6%E3%83%BC%E3%83%97%E3%83%A9%E3%83%89%E3%81%AB%E3%81%8A%E3%81%91%E3%82%8B%E8%B2%B7%E5%8F%96%E4%BE%A1%E6%A0%BC%E3%81%AE%E7%9B%B8%E5%A0%B4%E6%8E%A8%E7%A7%BB%E3%81%A8%E3%81%97%E3%81%A6%E3%81%AF%E3%80%813%E5%B9%B4%E8%90%BD%E3%81%A1%E3%81%AE%E3%82%82%E3%81%AE%E3%81%A7%E3%81%AF%E3%80%812023%E5%B9%B49%E6%9C%88%E3%81%AB%E8%B2%B7%E5%8F%96%E4%BE%A1%E6%A0%BC%E3%81%8C%E4%B8%80%E6%99%82%E4%B8%8A%E6%98%87%E3%81%97%E3%81%9F%E3%82%82%E3%81%AE%E3%81%AE%E3%80%81%E3%81%9D%E3%82%8C%E3%81%8B%E3%82%89%E3%81%AF2024%E5%B9%B41%E6%9C%88%E3%81%AB%E3%81%8B%E3%81%91%E3%81%A6%E7%B7%A9%E3%82%84%20%E3%81%8B%E3%81%AB%E4%B8%8B%E9%99%8D%E5%82%BE%E5%90%91%E3%81%AB%E3%81%82%E3%82%8A%E3%81%BE%E3%81%97%E3%81%9F%E3%80%822024%E5%B9%B42%E6%9C%88%E3%81%8B%E3%82%896%E6%9C%88%E3%81%AB%E3%81%8B%E3%81%91%E3%81%A6%E3%81%AF%E4%B8%80%E8%BB%A2%E4%B8%8A%E6%98%87%E5%82%BE%E5%90%91%E3%81%8C%E7%B6%9A%E3%81%84%E3%81%A6%E3%81%8A%E3%82%8A%E3%80%812024%E5%B9%B44%E6%9C%88%E3%81%8B%E3%82%89%E3%81%AF%E6%80%A5%E6%BF%80%E3%81%AA%E4%B8%8A%E6%98%87%E3%82%92%E5%82%BE%E5%90%91%E3%82%92%E8%A6%8B%E3%81%9B%E3%81%A6%E3%81%84%E3%81%BE%E3%81%99%E3%80%825%E5%B9%B4%E8%90%BD%E3%81%A1%E3%81%AE%E3%82%82%E3%81%AE%E3%81%8A%E3%82%88%E3%81%B37%E5%B9%B4%20%E8%90%BD%E3%81%A1%E3%81%AE%E3%82%82%E3%81%AE%E3%81%AB%E3%81%A4%E3%81%84%E3%81%A6%E3%82%82%E5%90%8C%E3%81%98%E3%82%88%E3%81%86%E3%81%AA%E5%82%BE%E5%90%91%E3%81%A7%E3%81%99%E3%80%82\" target=\"_blank\" rel=\"noreferrer noopener\">goo-net.com<\/a><\/li>\n<\/ul>\n","protected":false},"excerpt":{"rendered":"<p>Le nouveau Land Cruiser 250, sorti en 2023, suscite un vif int\u00e9r\u00eat pour sa valeur de revente, soutenue par sa grande durabilit\u00e9 et sa popularit\u00e9 mondiale. Nous vous proposons ci-dessous une explication d\u00e9taill\u00e9e de la valeur r\u00e9siduelle pr\u00e9vue sur 10 ans, des tendances du march\u00e9 de l&rsquo;occasion et des comparaisons avec d&rsquo;autres mod\u00e8les. Valeur r\u00e9siduelle [&hellip;]<\/p>\n","protected":false},"author":1,"featured_media":587,"parent":478,"menu_order":0,"comment_status":"closed","ping_status":"closed","template":"","meta":{"footnotes":""},"class_list":["post-586","page","type-page","status-publish","has-post-thumbnail","hentry"],"_links":{"self":[{"href":"https:\/\/good-loop.co.jp\/fr\/wp-json\/wp\/v2\/pages\/586","targetHints":{"allow":["GET"]}}],"collection":[{"href":"https:\/\/good-loop.co.jp\/fr\/wp-json\/wp\/v2\/pages"}],"about":[{"href":"https:\/\/good-loop.co.jp\/fr\/wp-json\/wp\/v2\/types\/page"}],"author":[{"embeddable":true,"href":"https:\/\/good-loop.co.jp\/fr\/wp-json\/wp\/v2\/users\/1"}],"replies":[{"embeddable":true,"href":"https:\/\/good-loop.co.jp\/fr\/wp-json\/wp\/v2\/comments?post=586"}],"version-history":[{"count":0,"href":"https:\/\/good-loop.co.jp\/fr\/wp-json\/wp\/v2\/pages\/586\/revisions"}],"up":[{"embeddable":true,"href":"https:\/\/good-loop.co.jp\/fr\/wp-json\/wp\/v2\/pages\/478"}],"wp:featuredmedia":[{"embeddable":true,"href":"https:\/\/good-loop.co.jp\/fr\/wp-json\/wp\/v2\/media\/587"}],"wp:attachment":[{"href":"https:\/\/good-loop.co.jp\/fr\/wp-json\/wp\/v2\/media?parent=586"}],"curies":[{"name":"wp","href":"https:\/\/api.w.org\/{rel}","templated":true}]}}