{"id":619,"date":"2025-04-17T22:32:10","date_gmt":"2025-04-17T13:32:10","guid":{"rendered":"https:\/\/good-loop.co.jp\/?page_id=619"},"modified":"2026-03-02T00:19:34","modified_gmt":"2026-03-01T15:19:34","slug":"maison","status":"publish","type":"page","link":"https:\/\/good-loop.co.jp\/fr\/","title":{"rendered":"Au-del\u00e0 des mers, le voyage continue"},"content":{"rendered":"\n<p>Les p\u00e9tales de cerisier effleurent votre visi\u00e8re par un matin de printemps. Le vent sal\u00e9 vous fouette tandis que vous longez la c\u00f4te vers le sud en \u00e9t\u00e9. Vous tracez votre route \u00e0 travers les lacets d\u2019automne emflam\u00e9s de couleurs, puis vous vous arr\u00eatez dans une maison de th\u00e9 de col de montagne pour d\u00e9guster un bol de soba fumant. En hiver, l\u2019air mord tandis que vous roulez vers un onsen, les sommets enneig\u00e9s vous observant au loin.<\/p>\n\n\n\n<p>Les routes du Japon vous montrent un visage diff\u00e9rent \u00e0 chaque fois que vous les parcourez.<\/p>\n\n\n\n<p>Le m\u00eame col de montagne devient une route diff\u00e9rente lorsque les saisons changent. Le paysage qui vous attend dans la brume matinale n\u2019a rien \u00e0 voir avec celui baign\u00e9 par la lumi\u00e8re du soir.<\/p>\n\n\n\n<p>Et \u00e0 la fin de la route, il y a un onsen. Un petit restaurant local o\u00f9 vous d\u00e9couvrez une saveur dont vous ignoriez l\u2019existence. Une aire de repos o\u00f9 vous coupez le moteur et prenez le temps de d\u00e9cider o\u00f9 aller ensuite.<\/p>\n\n\n\n<p>Les routes vous attendent. Laissez-nous le reste.<\/p>\n\n\n\n<hr class=\"wp-block-separator has-alpha-channel-opacity\" \/>\n\n\n\n<p>Good Loop g\u00e8re la logistique v\u00e9hicule pour les motards internationaux venant rouler au Japon.<\/p>\n\n\n\n<p>Organisation du transport. N\u00e9gociations d\u2019achat. Formalit\u00e9s administratives. Barri\u00e8re de la langue. Tout sauf la conduite \u2014 nous nous en occupons.<\/p>\n\n\n\n<p>Motos et v\u00e9hicules \u00e0 quatre roues sont les bienvenus.<\/p>\n\n\n\n<p>\u2192 <a href=\"https:\/\/good-loop.co.jp\/fr\/fr\/rider-support\/\" data-type=\"page\" data-id=\"906\">D\u00e9tails du service Conciergerie V\u00e9hicule<\/a><\/p>\n\n\n\n<hr class=\"wp-block-separator has-alpha-channel-opacity\" \/>\n\n\n\n<h2 class=\"wp-block-heading\">\u00c7a vous parle ?<\/h2>\n\n\n\n<p>Vous voulez parcourir Hokkaido sur votre propre moto \u2014 mais vous ne savez pas comment l\u2019exp\u00e9dier au Japon depuis l\u2019\u00e9tranger.<\/p>\n\n\n\n<p>Vous avez trouv\u00e9 la moto que vous cherchiez depuis longtemps dans une vente aux ench\u00e8res japonaise. Vous voulez l\u2019acheter et la ramener chez vous \u2014 mais la langue et les formalit\u00e9s vous semblent insurmontables.<\/p>\n\n\n\n<p>Apr\u00e8s votre tour du Japon, vous voulez envoyer la moto directement vers votre prochaine destination \u2014 mais vous ne savez pas par o\u00f9 commencer.<\/p>\n\n\n\n<p>Vous ne savez pas quels documents sont n\u00e9cessaires pour une importation temporaire. Vous n\u2019avez m\u00eame pas une id\u00e9e approximative du co\u00fbt du transport.<\/p>\n\n\n\n<p>Quel que soit le stade o\u00f9 vous en \u00eates \u2014 contactez-nous.<\/p>\n\n\n\n<hr class=\"wp-block-separator has-alpha-channel-opacity\" \/>\n\n\n\n<h2 class=\"wp-block-heading\">Services<\/h2>\n\n\n\n<h3 class=\"wp-block-heading\">Transport international<\/h3>\n\n\n\n<p>\u00c9tranger \u2192 Japon, Japon \u2192 \u00e9tranger. Du choix entre fret a\u00e9rien et maritime, \u00e0 l\u2019emballage, la documentation et le d\u00e9douanement \u2014 nous coordonnons l\u2019ensemble.<\/p>\n\n\n\n<p>\u2192 <a href=\"https:\/\/good-loop.co.jp\/fr\/fr\/rider-support\/shipping\/\" data-type=\"page\" data-id=\"911\">D\u00e9tails du transport international<\/a><\/p>\n\n\n\n<h3 class=\"wp-block-heading\">Achat de v\u00e9hicule<\/h3>\n\n\n\n<p>De la recherche \u00e0 la r\u00e9cup\u00e9ration, pour les v\u00e9hicules partout au Japon. Ventes aux ench\u00e8res professionnelles, ventes entre particuliers, stocks des concessionnaires \u2014 nous \u00e9liminons les barri\u00e8res linguistiques et de n\u00e9gociation.<\/p>\n\n\n\n<p>\u2192 <a href=\"https:\/\/good-loop.co.jp\/fr\/fr\/purchase\/\" data-type=\"page\" data-id=\"915\">D\u00e9tails de l\u2019aide \u00e0 l\u2019achat<\/a><\/p>\n\n\n\n<hr class=\"wp-block-separator has-alpha-channel-opacity\" \/>\n\n\n\n<h2 class=\"wp-block-heading\">Guides &amp; Articles<\/h2>\n\n\n\n<p>R\u00e9cits de motards qui sont pass\u00e9s par l\u00e0, et informations pour ceux qui pr\u00e9parent leur voyage.<\/p>\n\n\n\n<ul class=\"wp-block-list\">\n<li><strong><a href=\"https:\/\/good-loop.co.jp\/fr\/fr\/export-import\/motorcycle-export-guide-from-japan-to-overseas\/\" data-type=\"page\" data-id=\"628\">Comment exporter une moto depuis le Japon<\/a><\/strong> \u2014 Un guide pratique couvrant l\u2019ensemble du processus et des proc\u00e9dures<\/li>\n\n\n\n<li><strong><a href=\"https:\/\/good-loop.co.jp\/fr\/fr\/export-import\/vladivostok-to-japan-motorcycle\/\" data-type=\"page\" data-id=\"897\">[Guide d\u00e9finitif] Sans Carnet : de Vladivostok au Japon<\/a><\/strong> \u2014 Un r\u00e9cit d\u00e9taill\u00e9 de l\u2019itin\u00e9raire via la Russie vers le Japon<\/li>\n\n\n\n<li><strong><a href=\"https:\/\/good-loop.co.jp\/fr\/fr\/columns\/travel-touring-alps\/\" data-type=\"page\" data-id=\"211\">Randonn\u00e9e dans les Alpes<\/a><\/strong> \u2014 Un r\u00e9cit de parcours sur les routes de montagne d\u2019Europe<\/li>\n<\/ul>\n\n\n\n<hr class=\"wp-block-separator has-alpha-channel-opacity\" \/>\n\n\n\n<h2 class=\"wp-block-heading\">Autres services<\/h2>\n\n\n\n<ul class=\"wp-block-list\">\n<li><a href=\"https:\/\/good-loop.co.jp\/fr\/fr\/software\/\" data-type=\"page\" data-id=\"555\">Accompagnement \u00e0 l\u2019impl\u00e9mentation de logiciels (OSS)<\/a><\/li>\n\n\n\n<li><a href=\"https:\/\/good-loop.co.jp\/fr\/fr\/auction_consignment\/\" data-type=\"page\" data-id=\"538\">Recherche aux ench\u00e8res<\/a><\/li>\n<\/ul>\n\n\n\n<hr class=\"wp-block-separator has-alpha-channel-opacity\" \/>\n\n\n\n<p class=\"has-x-large-font-size\" style=\"line-height:1.2\">Contactez-nous ici<\/p>\n\n\n\n<div class=\"wp-block-buttons is-layout-flex wp-block-buttons-is-layout-flex\">\n<div class=\"wp-block-button\"><a class=\"wp-block-button__link has-small-font-size has-custom-font-size wp-element-button\" href=\"https:\/\/docs.google.com\/forms\/d\/1JATPpeGfRXaemIpjUO1PbKltxmmkNDiiO8owNQoPJU4\/\" target=\"_blank\" rel=\"noreferrer noopener\">Nous contacter<\/a><\/div>\n<\/div>\n\n\n\n<p><br><em>L\u2019image mise en avant est l\u2019\u0153uvre d\u2019un \u00e9l\u00e8ve de <a href=\"https:\/\/www.cksg.si\/\" target=\"_blank\" rel=\"noreferrer noopener\">CKSG Portoro\u017e<\/a>, une \u00e9cole sp\u00e9cialis\u00e9e en Slov\u00e9nie.<\/em><\/p>\n","protected":false},"excerpt":{"rendered":"<p>Les p\u00e9tales de cerisier effleurent votre visi\u00e8re par un matin de printemps. Le vent sal\u00e9 vous fouette tandis que vous longez la c\u00f4te vers le sud en \u00e9t\u00e9. Vous tracez votre route \u00e0 travers les lacets d\u2019automne emflam\u00e9s de couleurs, puis vous vous arr\u00eatez dans une maison de th\u00e9 de col de montagne pour d\u00e9guster [&hellip;]<\/p>\n","protected":false},"author":1,"featured_media":524,"parent":0,"menu_order":0,"comment_status":"closed","ping_status":"closed","template":"","meta":{"footnotes":""},"class_list":["post-619","page","type-page","status-publish","has-post-thumbnail","hentry"],"_links":{"self":[{"href":"https:\/\/good-loop.co.jp\/fr\/wp-json\/wp\/v2\/pages\/619","targetHints":{"allow":["GET"]}}],"collection":[{"href":"https:\/\/good-loop.co.jp\/fr\/wp-json\/wp\/v2\/pages"}],"about":[{"href":"https:\/\/good-loop.co.jp\/fr\/wp-json\/wp\/v2\/types\/page"}],"author":[{"embeddable":true,"href":"https:\/\/good-loop.co.jp\/fr\/wp-json\/wp\/v2\/users\/1"}],"replies":[{"embeddable":true,"href":"https:\/\/good-loop.co.jp\/fr\/wp-json\/wp\/v2\/comments?post=619"}],"version-history":[{"count":2,"href":"https:\/\/good-loop.co.jp\/fr\/wp-json\/wp\/v2\/pages\/619\/revisions"}],"predecessor-version":[{"id":896,"href":"https:\/\/good-loop.co.jp\/fr\/wp-json\/wp\/v2\/pages\/619\/revisions\/896"}],"wp:featuredmedia":[{"embeddable":true,"href":"https:\/\/good-loop.co.jp\/fr\/wp-json\/wp\/v2\/media\/524"}],"wp:attachment":[{"href":"https:\/\/good-loop.co.jp\/fr\/wp-json\/wp\/v2\/media?parent=619"}],"curies":[{"name":"wp","href":"https:\/\/api.w.org\/{rel}","templated":true}]}}