{"id":674,"date":"2025-06-15T03:30:11","date_gmt":"2025-06-14T18:30:11","guid":{"rendered":"https:\/\/good-loop.co.jp\/?page_id=674"},"modified":"2025-10-26T14:28:57","modified_gmt":"2025-10-26T05:28:57","slug":"nissan-heritage","status":"publish","type":"page","link":"https:\/\/good-loop.co.jp\/fr\/colonnes\/nissan-heritage\/","title":{"rendered":"Comment conna\u00eetre les si\u00e8ges disponibles dans la collection Nissan Heritage\u00a0\u2013\u00a0Utilisation de l&rsquo;application X-App"},"content":{"rendered":"\nLa Nissan Heritage Collection est un incontournable pour tout passionn\u00e9 d&rsquo;automobile, mais r\u00e9server peut s&rsquo;av\u00e9rer complexe. Gr\u00e2ce au service de notifications \u00ab\u00a0Notification de r\u00e9servation Nissan Heritage Collection par Good Loop\u00a0\u00bb, vous pouvez r\u00e9server. Cet article explique la pr\u00e9sentation et l&rsquo;attrait de la Nissan Heritage Collection, le syst\u00e8me de r\u00e9servation, la date de d\u00e9but et les raisons pour lesquelles il est si difficile d&rsquo;obtenir une r\u00e9servation. Nous vous expliquerons \u00e9galement comment v\u00e9rifier les disponibilit\u00e9s sur les r\u00e9seaux sociaux (X (anciennement Twitter)) et comment l&rsquo;utilisation du service de notifications peut simplifier la r\u00e9servation. Si vous envisagez de r\u00e9server \u00e0 la Nissan Heritage Collection, consultez cet article. <\/p>\n\n\n\n<h2 class=\"wp-block-heading\"> Pr\u00e9sentation de la Nissan Heritage Collection et avantages de la visiter<\/h2>\n\n\n\n<figure class=\"wp-block-image size-large\"><img decoding=\"async\" src=\"https:\/\/good-loop.co.jp\/fr\/wp-content\/uploads\/2025\/06\/IMG_20241006_152536912-1024x461.jpg\" alt=\"\" class=\"wp-image-675\"\/><\/figure>\n\n\n\n<p> La Nissan Heritage Collection est un garage comm\u00e9moratif Nissan situ\u00e9 au sein de l&rsquo;usine Zama (anciennement l&rsquo;usine Zama) \u00e0 Zama, dans la pr\u00e9fecture de Kanagawa. Il abrite et expose environ 500 voitures de collection datant des ann\u00e9es 1930, des voitures de course et des concept-cars. Les visites permettent d&rsquo;admirer de pr\u00e8s environ 280 v\u00e9hicules, dont des Skyline classiques, des Fairlady Z et des voitures victorieuses au Mans. Le spectacle de ces v\u00e9hicules rares align\u00e9s est vraiment impressionnant. Ces v\u00e9hicules comprennent des mod\u00e8les qui ont marqu\u00e9 l&rsquo;histoire des innovations technologiques de leur \u00e9poque, ainsi que des machines ayant particip\u00e9 \u00e0 des comp\u00e9titions automobiles. V\u00e9ritables artefacts vivants, ils t\u00e9moignent de l&rsquo;histoire de Nissan, faite de d\u00e9fis et d&rsquo;innovation. Contrairement aux mus\u00e9es classiques, le d\u00e9p\u00f4t est ouvert au public, ce qui permet une rotation et un pr\u00eat constants de v\u00e9hicules. Il y a donc toujours quelque chose de nouveau \u00e0 d\u00e9couvrir \u00e0 chaque visite, ce qui en fait un lieu fascinant o\u00f9 les passionn\u00e9s de Nissan et de voitures classiques auront envie de revenir encore et encore. Les visites sont gratuites, l&rsquo;inscription est donc facile, mais comme nous le verrons plus loin, il s&rsquo;agit d&rsquo;une visite tr\u00e8s populaire, avec des tarifs tr\u00e8s comp\u00e9titifs. <\/p>\n\n\n\n<p><h2 class=\"wp-block-heading\">Syst\u00e8me de r\u00e9servation des visites (m\u00e9thode de r\u00e9servation et d\u00e9lai de mise en ligne)<\/h2><\/p>\n\n\n\n<p>Les visites de la collection Nissan Heritage sont soumises \u00e0 r\u00e9servation et doivent \u00eatre effectu\u00e9es \u00e0 l&rsquo;avance sur le site web officiel. Les r\u00e9servations sont accept\u00e9es en ligne uniquement, selon le principe du premier arriv\u00e9, premier servi. Une fois la capacit\u00e9 atteinte, les r\u00e9servations pour la date et l&rsquo;heure concern\u00e9es sont closes (il n&rsquo;y a pas de liste d&rsquo;attente). Les dates des visites sont publi\u00e9es selon un calendrier pr\u00e9d\u00e9fini, et les r\u00e9servations se font en s\u00e9lectionnant la date souhait\u00e9e sur le site web officiel. Les visites ne sont pas organis\u00e9es quotidiennement, mais sont irr\u00e9guli\u00e8res et varient d&rsquo;un mois \u00e0 l&rsquo;autre (g\u00e9n\u00e9ralement une dizaine de jours par mois). Par exemple, les visites ont lieu en semaine et le week-end, mais le calendrier varie d&rsquo;un mois \u00e0 l&rsquo;autre. Veuillez donc d&rsquo;abord consulter le calendrier des r\u00e9servations du site web officiel pour conna\u00eetre les dates. <\/p>\n\n\n\n<p>Il est \u00e9galement important de pr\u00eater attention au calendrier des r\u00e9servations. Les r\u00e9servations pour le mois suivant sont publi\u00e9es entre le d\u00e9but et le milieu du mois pr\u00e9c\u00e9dant la visite, mais la date de d\u00e9but n&rsquo;est pas annonc\u00e9e et est irr\u00e9guli\u00e8re. Par exemple, \u00ab&nbsp;Les visites de mai sont mises \u00e0 jour dans le calendrier de d\u00e9but \u00e0 mi-avril&nbsp;\u00bb, mais la date et l&rsquo;heure exactes ne sont pas divulgu\u00e9es. Il est donc conseill\u00e9 aux utilisateurs de consulter r\u00e9guli\u00e8rement le site web officiel d\u00e8s le d\u00e9but du mois pr\u00e9c\u00e9dent afin de ne pas manquer l&rsquo;ouverture des r\u00e9servations. <\/p>\n\n\n\n<p>Il est \u00e9galement important de se renseigner sur les horaires et la capacit\u00e9 des visites. Les visites ont g\u00e9n\u00e9ralement lieu deux fois par jour (de 10h00 \u00e0 11h30 et de 14h00 \u00e0 15h30), avec une capacit\u00e9 de 25 personnes par visite en semaine et de 30 personnes le week-end et les jours f\u00e9ri\u00e9s. Comme indiqu\u00e9 pr\u00e9c\u00e9demment, le nombre de participants et les dates sont limit\u00e9s. En raison de cette disponibilit\u00e9 extr\u00eamement limit\u00e9e, les demandes ont tendance \u00e0 affluer imm\u00e9diatement apr\u00e8s l&rsquo;ouverture des r\u00e9servations. <\/p>\n\n\n\n<h2 class=\"wp-block-heading\">Raisons des difficult\u00e9s de r\u00e9servation (forte concurrence et r\u00e9servations limit\u00e9es)<\/h2>\n\n\n\n<p>Les r\u00e9servations pour la Nissan Heritage Collection sont r\u00e9put\u00e9es pour \u00eatre tr\u00e8s comp\u00e9titives. Cela s&rsquo;explique principalement par le nombre limit\u00e9 de cr\u00e9neaux horaires disponibles et par la forte popularit\u00e9, comme mentionn\u00e9 pr\u00e9c\u00e9demment. Bien que les dates et le nombre de places soient limit\u00e9s, la demande des passionn\u00e9s d&rsquo;automobile \u00e0 travers le pays est extr\u00eamement forte. Les demandes affluent donc d\u00e8s l&rsquo;ouverture des r\u00e9servations, et l&rsquo;\u00e9v\u00e9nement affiche rapidement complet. D&rsquo;ailleurs, certains participants ont signal\u00e9 avoir vu la mention \u00ab&nbsp;Disponible&nbsp;\u00bb ajout\u00e9e au calendrier des r\u00e9servations, alors qu&rsquo;ils essayaient de r\u00e9server, pour finalement constater qu&rsquo;elles \u00e9taient compl\u00e8tes en une demi-journ\u00e9e. Les cr\u00e9neaux populaires du week-end peuvent se remplir en quelques minutes, et non en quelques heures, apr\u00e8s l&rsquo;ouverture des r\u00e9servations. Les visites guid\u00e9es du week-end, en particulier, suscitent l&rsquo;int\u00e9r\u00eat depuis leur reprise en ao\u00fbt 2023, apr\u00e8s trois ans et demi d&rsquo;interruption. Initialement, le site aurait attir\u00e9 plus de 20&nbsp;000 visiteurs par an. La difficult\u00e9 d&rsquo;obtenir des r\u00e9servations est due \u00e0 l&rsquo;offre insuffisante pour r\u00e9pondre \u00e0 la forte demande. <\/p>\n\n\n\n<p> Un autre facteur qui complique les r\u00e9servations est le manque de pr\u00e9avis concernant la date et l&rsquo;heure d&rsquo;ouverture des r\u00e9servations. Les visiteurs doivent patienter, sans savoir quand les cr\u00e9neaux seront mis \u00e0 jour. S&rsquo;ils ratent cette occasion, les cr\u00e9neaux se fermeront rapidement. En r\u00e9alit\u00e9, il n&rsquo;existe pas de solution miracle&nbsp;; il suffit de consulter r\u00e9guli\u00e8rement le site web officiel et de s&rsquo;inscrire d\u00e8s que de nouvelles dates sont disponibles. En fait, de nombreuses personnes ont tent\u00e9 \u00e0 plusieurs reprises d&rsquo;obtenir une r\u00e9servation, pour finalement avoir la chance de trouver une place et de r\u00e9aliser leur r\u00eave. Comme mentionn\u00e9 pr\u00e9c\u00e9demment, le nombre limit\u00e9 de places de r\u00e9servation (restrictions de dates et de capacit\u00e9), l&rsquo;incertitude quant \u00e0 l&rsquo;ouverture des r\u00e9servations et l&rsquo;immense popularit\u00e9 de la Nissan Heritage Collection rendent la r\u00e9servation d&rsquo;une visite de la Nissan Heritage Collection extr\u00eamement difficile. <\/p>\n\n\n\n<h2 class=\"wp-block-heading\">Existe-t-il un moyen de v\u00e9rifier les disponibilit\u00e9s sur les r\u00e9seaux sociaux (X)&nbsp;? <\/h2>\n\n\n\n<p>Pour ceux qui ratent l&rsquo;ouverture des r\u00e9servations et se retrouvent complets, ou qui souhaitent r\u00e9server en cas d&rsquo;annulation mais trouvent fastidieux de consulter constamment le site web, il existe des moyens de v\u00e9rifier les disponibilit\u00e9s sur les r\u00e9seaux sociaux. Bien que la Nissan Heritage Collection ne fournisse pas officiellement de mises \u00e0 jour en temps r\u00e9el sur l&rsquo;\u00e9tat des r\u00e9servations, nous souhaitons vous pr\u00e9senter un service de notification que nous avons d\u00e9velopp\u00e9 et exploitons. <\/p>\n\n\n\n<h3 class=\"wp-block-heading\"><strong><a href=\"https:\/\/x.com\/GoodLoop_Nissan\" data-type=\"link\" data-id=\"https:\/\/x.com\/GoodLoop_Nissan\" target=\"_blank\" rel=\"noreferrer noopener\"> Notification de r\u00e9servation pour la collection Nissan Heritage par Good Loop (@GoodLoop_Nissan) <\/a><\/strong><\/h3>\n\n\n\n<p> Ce compte surveille les disponibilit\u00e9s sur la page de r\u00e9servation officielle et tweete automatiquement d\u00e8s qu&rsquo;un changement de disponibilit\u00e9 survient. Par exemple, il publie des informations en temps r\u00e9el telles que \u00ab&nbsp;Disponible le XX\/XX&nbsp;\u00bb ou \u00ab&nbsp;Le XX\/XX est complet&nbsp;\u00bb. <\/p>\n\n\n\n<h3 class=\"wp-block-heading\">Pourquoi le suivi (et l&rsquo;activation des notifications) sont efficaces<\/h3>\n\n\n\n<ol class=\"wp-block-list\">\n<li><strong>Imm\u00e9diatet\u00e9<\/strong> \u2013 Les cr\u00e9neaux de r\u00e9servation se remplissent souvent en quelques minutes, voire quelques dizaines de minutes. Un syst\u00e8me permettant de recevoir des notifications push est donc essentiel. <\/li>\n\n\n\n<li><strong>Suivi automatis\u00e9 24h\/24<\/strong> \u2013 Couvre les annulations qui surviennent tard le soir ou t\u00f4t le matin, ce qui serait difficile \u00e0 g\u00e9rer manuellement. <\/li>\n\n\n\n<li><strong> R\u00e9duction des d\u00e9lais de confirmation secondaire<\/strong> \u2013 Les r\u00e9servations compl\u00e8tes sont \u00e9galement affich\u00e9es, ce qui r\u00e9duit le stress de v\u00e9rifier constamment si une r\u00e9servation est toujours disponible. <\/li>\n<\/ol>\n\n\n\n<p> R\u00e9trospectivement, nous pouvons constater des exemples de r\u00e9servations qui se lib\u00e8rent bri\u00e8vement \u00e0 4 h du matin ou qui se remplissent dans les 10 minutes suivant la mise \u00e0 jour du compte, ce qui prouve que le compte a \u00e9t\u00e9 une ressource pr\u00e9cieuse pour de nombreux utilisateurs. <\/p>\n\n\n\n<h2 class=\"wp-block-heading\">Pourquoi le service de notifications \u00ab&nbsp;GoodLoop_Nissan&nbsp;\u00bb simplifie les r\u00e9servations&nbsp;?<\/h2>\n\n\n\n<p>Utiliser le compte \u00ab&nbsp;Notification de r\u00e9servation Nissan Heritage Collection par Good Loop&nbsp;\u00bb mentionn\u00e9 pr\u00e9c\u00e9demment augmente consid\u00e9rablement vos chances d&rsquo;obtenir une r\u00e9servation. La principale raison est que vous \u00eates imm\u00e9diatement inform\u00e9 des changements de cr\u00e9neaux de r\u00e9servation. Comme indiqu\u00e9 pr\u00e9c\u00e9demment, les cr\u00e9neaux qui se lib\u00e8rent d\u00e8s le d\u00e9but des r\u00e9servations ou qui deviennent disponibles suite \u00e0 des annulations se remplissent tr\u00e8s vite. L&rsquo;essentiel est donc de savoir rapidement vous en rendre compte et de postuler. Utiliser un service de notifications vous permet de r\u00e9duire les risques de manquer une opportunit\u00e9, m\u00eame si vous ne consultez pas r\u00e9guli\u00e8rement le site web officiel. En effet, si vous configurez des notifications en temps r\u00e9el pour les publications de \u00ab&nbsp;Notification de r\u00e9servation Nissan Heritage Collection par Good Loop&nbsp;\u00bb, vous recevrez une alerte sur votre smartphone ou autre appareil d\u00e8s qu&rsquo;un nouveau cr\u00e9neau se lib\u00e8re, vous permettant ainsi de proc\u00e9der imm\u00e9diatement \u00e0 la r\u00e9servation. C&rsquo;est bien plus efficace que de demander aux utilisateurs de recharger le site manuellement et fr\u00e9quemment, ce qui vous donne un avantage dans la course au \u00ab&nbsp;premier arriv\u00e9, premier servi&nbsp;\u00bb. <\/p>\n\n\n\n<p>Bien s\u00fbr, cela n&rsquo;\u00e9limine pas la concurrence, car tous ceux qui re\u00e7oivent la notification tenteront de r\u00e9server. N\u00e9anmoins, c&rsquo;est un outil pr\u00e9cieux pour r\u00e9duire le risque de manquer une opportunit\u00e9 sans savoir ce que vous faites. Pour \u00eatre s\u00fbr d&rsquo;obtenir une r\u00e9servation pour visiter la Nissan Heritage Collection, nous vous recommandons vivement d&rsquo;utiliser intelligemment \u00ab&nbsp;Notification de r\u00e9servation Nissan Heritage Collection par Good Loop&nbsp;\u00bb. De nombreuses personnes ont indiqu\u00e9 avoir pu r\u00e9server gr\u00e2ce aux notifications, un atout pr\u00e9cieux, notamment pour les personnes qui pr\u00e9voient de visiter la r\u00e9gion. <\/p>\n\n\n\n<h2 class=\"wp-block-heading\">R\u00e9sum\u00e9&nbsp;: Points cl\u00e9s pour une r\u00e9servation s\u00e9curis\u00e9e<\/h2>\n\n\n\n<p>Enfin, voici quelques points cl\u00e9s pour r\u00e9server avec succ\u00e8s une visite de la Nissan Heritage Collection. <\/p>\n\n\n\n<ul class=\"wp-block-list\">\n<li><strong>Utilisez les services de notifications sur les r\u00e9seaux sociaux<\/strong>&nbsp;: suivez \u00ab&nbsp;Notification de r\u00e9servation Nissan Heritage Collection par Good Loop&nbsp;\u00bb, qui fournit des informations en temps r\u00e9el sur les r\u00e9servations disponibles, et activez les notifications. Vous serez ainsi le premier inform\u00e9 des mises \u00e0 jour et des annulations. <\/li>\n\n\n\n<li><strong> R\u00e9servez imm\u00e9diatement apr\u00e8s les mises \u00e0 jour<\/strong>&nbsp;: Les r\u00e9servations sont attribu\u00e9es selon le principe du premier arriv\u00e9, premier servi. D\u00e8s que vous constatez une mise \u00e0 jour, choisissez la date de votre choix et inscrivez-vous. Il n&rsquo;est pas rare que l&rsquo;\u00e9v\u00e9nement affiche complet pendant que vous h\u00e9sitez. <\/li>\n\n\n\n<li><strong> Envisagez des cr\u00e9neaux horaires en semaine ou plusieurs dates<\/strong>&nbsp;: La concurrence est particuli\u00e8rement forte les week-ends et les jours d&rsquo;\u00e9v\u00e9nements sp\u00e9ciaux tr\u00e8s pris\u00e9s. Si possible, organisez votre \u00e9v\u00e9nement en semaine ou proposez plusieurs dates possibles afin de b\u00e9n\u00e9ficier d&rsquo;une certaine flexibilit\u00e9 et de viser un cr\u00e9neau disponible. <\/li>\n\n\n\n<li><strong> R\u00e9pondez rapidement aux annulations<\/strong>&nbsp;: Des r\u00e9servations peuvent se lib\u00e9rer suite \u00e0 des annulations, non seulement imm\u00e9diatement apr\u00e8s l&rsquo;ouverture des r\u00e9servations, mais aussi \u00e0 l&rsquo;approche de la date de l&rsquo;\u00e9v\u00e9nement. M\u00eame dans ce cas, vous pourriez trouver une place gr\u00e2ce aux notifications sur les r\u00e9seaux sociaux. Les annulations ont tendance \u00e0 se produire surtout \u00e0 la derni\u00e8re minute&nbsp;; assurez-vous donc de consulter r\u00e9guli\u00e8rement la page. <\/li>\n<\/ul>\n\n\n\n<p> En prenant les pr\u00e9cautions ci-dessus, vous augmenterez consid\u00e9rablement vos chances d&rsquo;obtenir une r\u00e9servation pour visiter la Nissan Heritage Collection. Une visite de 90&nbsp;minutes au milieu de v\u00e9hicules Nissan de toutes g\u00e9n\u00e9rations sera une exp\u00e9rience inoubliable pour tout passionn\u00e9 d&rsquo;automobile. Pr\u00e9parez-vous au mieux, relevez le d\u00e9fi et profitez pleinement de ces classiques ador\u00e9s. <\/p>\n\n\n\n<h2 class=\"wp-block-heading\">D\u00e9couvrez \u00e9galement AEON Mall Zama<\/h2>\n\n\n\n<p> AEON Mall Zama<\/a>, situ\u00e9 juste \u00e0 c\u00f4t\u00e9 de la Nissan Heritage Collection, est \u00e9galement un incontournable. Ce terrain faisait autrefois partie de l&rsquo;usine Zama de Nissan Motor, mais AEON Mall Zama a ouvert ses portes en 2018. Le centre d&rsquo;information Nissan Zama pr\u00e9sente chaque mois une vari\u00e9t\u00e9 de voitures Nissan classiques, et vous pourriez m\u00eame gagner un cadeau. Des voitures Nissan sont \u00e9galement parfois expos\u00e9es pr\u00e8s du vide au troisi\u00e8me \u00e9tage. <\/p>\n\n\n\n<figure class=\"wp-block-image size-large\"><img loading=\"lazy\" decoding=\"async\" width=\"1024\" height=\"461\" src=\"https:\/\/good-loop.co.jp\/fr\/wp-content\/uploads\/sites\/9\/2025\/06\/IMG_20241006_153528528-1024x461.jpg\" alt=\"\" class=\"wp-image-676\" srcset=\"https:\/\/good-loop.co.jp\/fr\/wp-content\/uploads\/sites\/9\/2025\/06\/IMG_20241006_153528528-1024x461.jpg 1024w, https:\/\/good-loop.co.jp\/fr\/wp-content\/uploads\/sites\/9\/2025\/06\/IMG_20241006_153528528-300x135.jpg 300w, https:\/\/good-loop.co.jp\/fr\/wp-content\/uploads\/sites\/9\/2025\/06\/IMG_20241006_153528528-768x345.jpg 768w, https:\/\/good-loop.co.jp\/fr\/wp-content\/uploads\/sites\/9\/2025\/06\/IMG_20241006_153528528-1536x691.jpg 1536w, https:\/\/good-loop.co.jp\/fr\/wp-content\/uploads\/sites\/9\/2025\/06\/IMG_20241006_153528528-2048x921.jpg 2048w\" sizes=\"auto, (max-width: 1024px) 100vw, 1024px\" \/><\/figure>\n\n\n\n<h2 class=\"wp-block-heading\">\u00c0 propos des r\u00e9servations par procuration<\/h2>\n\n\n\n<p>Nous acceptons les r\u00e9servations par procuration pour les voyageurs internationaux ayant des difficult\u00e9s \u00e0 parler japonais. Si vous souhaitez utiliser ce service, veuillez nous contacter via le formulaire de demande. <\/p>\n\n\n\n<div class=\"wp-block-buttons is-layout-flex wp-block-buttons-is-layout-flex\">\n<div class=\"wp-block-button\"><a class=\"wp-block-button__link has-small-font-size has-custom-font-size wp-element-button\" href=\"https:\/\/docs.google.com\/forms\/d\/1JATPpeGfRXaemIpjUO1PbKltxmmkNDiiO8owNQoPJU4\/\" target=\"_blank\" rel=\"noreferrer noopener\">\nContactez-nous <\/a><\/div>\n<\/div>\n","protected":false},"excerpt":{"rendered":"<p>La Nissan Heritage Collection est un incontournable pour tout passionn\u00e9 d&rsquo;automobile, mais r\u00e9server peut s&rsquo;av\u00e9rer complexe. Gr\u00e2ce au service de notifications \u00ab\u00a0Notification de r\u00e9servation Nissan Heritage Collection par Good Loop\u00a0\u00bb, vous pouvez r\u00e9server. Cet article explique la pr\u00e9sentation et l&rsquo;attrait de la Nissan Heritage Collection, le syst\u00e8me de r\u00e9servation, la date de d\u00e9but et les [&hellip;]<\/p>\n","protected":false},"author":1,"featured_media":677,"parent":777,"menu_order":0,"comment_status":"closed","ping_status":"closed","template":"","meta":{"footnotes":""},"class_list":["post-674","page","type-page","status-publish","has-post-thumbnail","hentry"],"_links":{"self":[{"href":"https:\/\/good-loop.co.jp\/fr\/wp-json\/wp\/v2\/pages\/674","targetHints":{"allow":["GET"]}}],"collection":[{"href":"https:\/\/good-loop.co.jp\/fr\/wp-json\/wp\/v2\/pages"}],"about":[{"href":"https:\/\/good-loop.co.jp\/fr\/wp-json\/wp\/v2\/types\/page"}],"author":[{"embeddable":true,"href":"https:\/\/good-loop.co.jp\/fr\/wp-json\/wp\/v2\/users\/1"}],"replies":[{"embeddable":true,"href":"https:\/\/good-loop.co.jp\/fr\/wp-json\/wp\/v2\/comments?post=674"}],"version-history":[{"count":1,"href":"https:\/\/good-loop.co.jp\/fr\/wp-json\/wp\/v2\/pages\/674\/revisions"}],"predecessor-version":[{"id":862,"href":"https:\/\/good-loop.co.jp\/fr\/wp-json\/wp\/v2\/pages\/674\/revisions\/862"}],"up":[{"embeddable":true,"href":"https:\/\/good-loop.co.jp\/fr\/wp-json\/wp\/v2\/pages\/777"}],"wp:featuredmedia":[{"embeddable":true,"href":"https:\/\/good-loop.co.jp\/fr\/wp-json\/wp\/v2\/media\/677"}],"wp:attachment":[{"href":"https:\/\/good-loop.co.jp\/fr\/wp-json\/wp\/v2\/media?parent=674"}],"curies":[{"name":"wp","href":"https:\/\/api.w.org\/{rel}","templated":true}]}}