{"id":784,"date":"2025-07-25T20:38:57","date_gmt":"2025-07-25T11:38:57","guid":{"rendered":"https:\/\/good-loop.co.jp\/?page_id=784"},"modified":"2025-07-25T20:38:57","modified_gmt":"2025-07-25T11:38:57","slug":"re-himalayen-autour-du-monde","status":"publish","type":"page","link":"https:\/\/good-loop.co.jp\/fr\/colonnes\/re-himalayen-autour-du-monde\/","title":{"rendered":"Voyager \u00e0 travers le monde avec la Royal Enfield Himalayan : l&rsquo;exp\u00e9rience v\u00e9cue d&rsquo;un pilote passionn\u00e9 par le Grand Voyage"},"content":{"rendered":"\n\nR\u00e9cemment, Good Loop a re\u00e7u une consultation. Il s&rsquo;agissait d&rsquo;un motard qui avait voyag\u00e9 d&rsquo;Europe au Japon sur une Royal Enfield, l&rsquo;Himalayan, et qui souhaitait exporter sa moto ador\u00e9e dans sa ville natale. En voyant de mes propres yeux la moto qui avait accompli le Grand Voyage (un long p\u00e9riple transcontinental), j&rsquo;ai \u00e9t\u00e9 sinc\u00e8rement stup\u00e9fait, me demandant : \u00ab Comment a-t-il pu y arriver sur une moto aussi d\u00e9mod\u00e9e ? \u00bb Ayant habituellement pilot\u00e9 des machines l\u00e9g\u00e8res et puissantes comme la KTM 690, j&rsquo;avais l&rsquo;impression que l&rsquo;Himalayan \u00e9tait r\u00e9tro et sous-motoris\u00e9e. Cependant, apr\u00e8s l&rsquo;avoir essay\u00e9e, j&rsquo;ai r\u00e9alis\u00e9 qu&rsquo;elle poss\u00e9dait un charme unique qui d\u00e9passait mon imagination. Ci-dessous, je vais pr\u00e9senter objectivement et avec passion l&rsquo;attrait de l&rsquo;Himalayan aux motards qui aspirent \u00e0 se lancer dans le Grand Voyage. <\/p>\n\n\n\n<p>La Royal Enfield Himalayan est un mod\u00e8le polyvalent \u00e0 part enti\u00e8re \u00e9quip\u00e9 d&rsquo;un moteur monocylindre, lanc\u00e9 en 2016. Cette moto marquait une rupture totale avec le style classique de ce constructeur indien \u00e9tabli de longue date, avec un style simple et robuste contrastant fortement avec les lourdes motos d&rsquo;aventure, largement tributaires des commandes \u00e9lectroniques. Elle a d&rsquo;abord attir\u00e9 l&rsquo;attention gr\u00e2ce \u00e0 son prix abordable et ses faibles co\u00fbts d&rsquo;entretien, sa gamme compl\u00e8te d&rsquo;accessoires d&rsquo;origine et son syst\u00e8me de bagages bien pens\u00e9 pour un rangement s\u00e9curis\u00e9. Une fois l&rsquo;enthousiasme initial retomb\u00e9, les motards ont commenc\u00e9 \u00e0 l&rsquo;acheter et \u00e0 se lancer dans de longs voyages, et leurs exp\u00e9riences sont \u00e9loquentes. Dans cet article, nous explorons ce que l&rsquo;Himalayan repr\u00e9sente pour les motards qui aspirent \u00e0 entreprendre le Grand Voyage \u2013 c&rsquo;est-\u00e0-dire les voyages terrestres \u00e0 travers le monde \u2013 et nous nous penchons sur son attrait et ses caract\u00e9ristiques pratiques, en partageant les exp\u00e9riences de ceux qui l&rsquo;ont r\u00e9ellement emmen\u00e9e pour un voyage transcontinental. <\/p>\n\n\n\n<h2 class=\"wp-block-heading\">Pourquoi elle est appr\u00e9ci\u00e9e en Inde et suscite l&rsquo;int\u00e9r\u00eat du monde entier<\/h2>\n\n\n\n<p>Lorsqu&rsquo;on parle de l&rsquo;Himalayan, il est essentiel de mentionner son immense popularit\u00e9 en Inde, son pays d&rsquo;origine. Actuellement implant\u00e9e en Inde, Royal Enfield d\u00e9tient l&rsquo;une des plus grandes parts de march\u00e9 mondiales pour les motos classiques de moyenne cylindr\u00e9e. L&rsquo;Himalayan, en particulier, s&rsquo;est impos\u00e9e comme un \u00ab\u00a0v\u00e9hicule de tourisme aventure grand public\u00a0\u00bb en Inde et a \u00e9t\u00e9 accueillie avec enthousiasme par les motards indiens d\u00e8s son lancement. Lors de mon voyage en Inde, j&rsquo;ai \u00e9t\u00e9 impressionn\u00e9 par la pr\u00e9sence de Royal Enfield partout, des rues des villes aux contreforts de l&rsquo;Himalaya. L&rsquo;Himalayan a d&rsquo;ailleurs rencontr\u00e9 un immense succ\u00e8s sur le march\u00e9 indien, devenant l&rsquo;une des motos les plus embl\u00e9matiques du pays, et ces derni\u00e8res ann\u00e9es, sa r\u00e9putation s&rsquo;est \u00e9galement \u00e9tendue \u00e0 l&rsquo;\u00e9tranger. <\/p>\n\n\n\n<figure class=\"wp-block-image size-large\"><img loading=\"lazy\" decoding=\"async\" width=\"1024\" height=\"576\" src=\"https:\/\/good-loop.co.jp\/fr\/wp-content\/uploads\/2025\/07\/IMG_20241214_205520869-1024x576.jpg\" alt=\"\" class=\"wp-image-788\" srcset=\"https:\/\/good-loop.co.jp\/fr\/wp-content\/uploads\/sites\/9\/2025\/07\/IMG_20241214_205520869-1024x576.jpg 1024w, https:\/\/good-loop.co.jp\/fr\/wp-content\/uploads\/sites\/9\/2025\/07\/IMG_20241214_205520869-300x169.jpg 300w, https:\/\/good-loop.co.jp\/fr\/wp-content\/uploads\/sites\/9\/2025\/07\/IMG_20241214_205520869-768x432.jpg 768w, https:\/\/good-loop.co.jp\/fr\/wp-content\/uploads\/sites\/9\/2025\/07\/IMG_20241214_205520869-1536x864.jpg 1536w, https:\/\/good-loop.co.jp\/fr\/wp-content\/uploads\/sites\/9\/2025\/07\/IMG_20241214_205520869.jpg 2000w\" sizes=\"auto, (max-width: 1024px) 100vw, 1024px\" \/><figcaption class=\"wp-element-caption\">Royal Enfield Bullitt 350 \u00e0 Delhi, Inde<\/figcaption><\/figure>\n\n\n\n<p>Si l&rsquo;Himalayan est si appr\u00e9ci\u00e9e, c&rsquo;est parce que, comme mentionn\u00e9 pr\u00e9c\u00e9demment, c&rsquo;est une moto d&rsquo;aventure grandeur nature, \u00e0 la fois suffisamment confortable pour \u00e9viter la fatigue m\u00eame sur de longues distances et suffisamment puissante pour affronter les terrains accident\u00e9s, tout en restant abordable. Son c\u00f4t\u00e9 simple et maniable s&rsquo;adapte parfaitement aux conditions routi\u00e8res indiennes, donnant \u00e0 de nombreux motards un sentiment de familiarit\u00e9 qui les pousse \u00e0 se dire\u00a0: \u00ab\u00a0Je pourrais faire \u00e7a aussi.\u00a0\u00bb En effet, les \u00e9v\u00e9nements de tourisme himalayen organis\u00e9s par Royal Enfield (comme l&rsquo;Himalayan Odyssey) attirent de nombreux participants japonais et \u00e9trangers, t\u00e9moignant de la r\u00e9putation de l&rsquo;Himalayan comme une moto douce et inspirante \u00e0 l&rsquo;aventure.\n\n\n\n\n\n<h2 class=\"wp-block-heading\">De l&rsquo;Inde \u00e0 l&rsquo;Europe\u00a0: L&rsquo;aventure de 36\u00a0000\u00a0km d&rsquo;Itchy Boots<\/h2>\n\n\n\n<p>La motarde n\u00e9erlandaise Noralie Schoonmaeker (surnomm\u00e9e Itchy Boots) a achet\u00e9 une Himalayan en Inde et s&rsquo;est lanc\u00e9e dans un p\u00e9riple qui l&rsquo;a men\u00e9e du nord de l&rsquo;Inde aux Pays-Bas en passant par l&rsquo;Asie du Sud-Est. Elle a parcouru 36\u00a0000\u00a0km dans 25\u00a0pays en huit mois et demi, ce qui lui a valu le surnom d&rsquo;\u00ab\u00a0Itchy Boots\u00a0\u00bb parmi les motards aventuriers. Noralie affirme lui-m\u00eame n&rsquo;avoir eu aucune panne majeure pendant le voyage, mais cela ne signifie pas qu&rsquo;il n&rsquo;y a pas eu de petits soucis. Par exemple, il a br\u00fbl\u00e9 un disque d&#8217;embrayage sur une route de montagne en Iran apr\u00e8s avoir parcouru plus de 17\u00a0000 km. Il se souvient cependant avec fiert\u00e9 d&rsquo;avoir eu la chance d&rsquo;en avoir un de rechange et d&rsquo;avoir pu le remplacer facilement lui-m\u00eame. Il semble \u00e9galement que certaines pi\u00e8ces d&rsquo;origine pr\u00e9sentent des faiblesses. Le roulement de direction a \u00e9t\u00e9 remplac\u00e9 une fois \u00e0 8\u00a0000 km, puis une autre fois environ 9\u00a0000 km plus tard, lorsqu&rsquo;il a commenc\u00e9 \u00e0 vibrer. Il \u00e9tait au Kazakhstan lors du deuxi\u00e8me remplacement, mais il a trouv\u00e9 un roulement compatible sur le march\u00e9 local et a ainsi pu \u00e9viter tout probl\u00e8me. Il a \u00e9galement estim\u00e9 que les pneus indiens d&rsquo;origine (fabriqu\u00e9s par CEAT) manquaient d&rsquo;adh\u00e9rence et \u00e9taient inutilisables\u00a0; il les a donc remplac\u00e9s par des neufs \u00e0 1\u00a0100 km. D\u00e8s lors, il a poursuivi son voyage avec ses chers Pirelli MT60 (les MT60 sont de s\u00e9rie sur les Himalayens destin\u00e9s aux march\u00e9s occidentaux). Elle a \u00e9galement \u00e9voqu\u00e9 d&rsquo;autres d\u00e9fauts, comme la selle trop molle, le pare-brise trop bas et la b\u00e9quille centrale qui encombre la garde au sol, mais a d\u00e9clar\u00e9\u00a0: \u00ab\u00a0Ce ne sont que des probl\u00e8mes mineurs, pas de probl\u00e8me majeur.\u00a0\u00bb <\/p>\n\n\n\n<figure class=\"wp-block-image size-large\"><img decoding=\"async\" src=\"https:\/\/www.itchyboots.com\/files\/blogs\/on-the-odo-20.000-km-when-the-world-stopped-spinning\/on-the-odo-20.000-km-when-the-world-stopped-spinning-1.jpg\" alt=\"Un pilote s'attaque aux \u00e9tendues d\u00e9sertiques de Bolivie, en Am\u00e9rique du Sud, \u00e0 pr\u00e8s de 5\u00a0000 m d'altitude, sur un Himalayen. Bien que l'altitude extr\u00eamement \u00e9lev\u00e9e pose des probl\u00e8mes, comme une panne de moteur, cette machine pers\u00e9v\u00e8re sur ce terrain difficile.\" \/><\/figure>\n\n\n\n<p>Norally accordait \u00e9galement une attention particuli\u00e8re \u00e0 l&rsquo;entretien, parcourant environ 40\u00a0000\u00a0km de routes accident\u00e9es sans aucune panne grave. Son entretien rigoureux, notamment le \u00ab\u00a0remplacement pr\u00e9coce des pi\u00e8ces avant qu&rsquo;elles ne cassent\u00a0\u00bb et la \u00ab\u00a0vidange de l&rsquo;huile moteur tous les 3\u00a0000\u00a0km, m\u00eame dans les r\u00e9gions recul\u00e9es o\u00f9 l&rsquo;on ne trouve que de l&rsquo;huile de mauvaise qualit\u00e9\u00a0\u00bb, semble \u00e9galement avoir contribu\u00e9 aux performances robustes de la machine. La raison pour laquelle elle a choisi l&rsquo;Himalayan est claire\u00a0: avant tout, son prix abordable. Elle affirme que cette moto lui permet de voyager de la m\u00eame mani\u00e8re sans d\u00e9penser une fortune pour un gros v\u00e9hicule d&rsquo;aventure co\u00fbteux, et que les \u00e9conomies r\u00e9alis\u00e9es lui permettront d&rsquo;explorer davantage. Un autre facteur important \u00e9tait sa \u00ab robustesse et sa maniabilit\u00e9 \u00bb. Malgr\u00e9 plusieurs tonneaux, elle n&rsquo;\u00e9tait pas si lourde qu&rsquo;elle ne puisse la redresser elle-m\u00eame, et elle a estim\u00e9 qu&rsquo;elle r\u00e9sisterait m\u00eame aux terrains les plus recul\u00e9s et qu&rsquo;elle \u00e9tait facile \u00e0 entretenir. Sa conception simple \u2013 sans commandes \u00e9lectroniques \u2013 \u00ab signifie que m\u00eame un m\u00e9canicien de quartier n&rsquo;h\u00e9sitera pas \u00e0 ouvrir le moteur \u00bb, dit-elle, ce qui lui assure une grande tranquillit\u00e9 d&rsquo;esprit pendant son voyage \u00e0 travers le pays. En revanche, elle n&rsquo;est pas id\u00e9ale pour les d\u00e9placements \u00e0 grande vitesse, et elle l&rsquo;avoue franchement : \u00ab Je recherche absolument plus de puissance. Si je roule principalement sur autoroute, je serai d\u00e9\u00e7ue. \u00bb Pourtant, dit-elle, \u00ab\u00a0Si je roule sur des routes secondaires, la puissance actuelle est parfaite pour en profiter pleinement\u00a0\u00bb, et c&rsquo;est effectivement sur ce v\u00e9lo qu&rsquo;elle a termin\u00e9 son p\u00e9riple, parcourant d&rsquo;interminables routes locales, de l&rsquo;Himalaya au Moyen-Orient et \u00e0 l&rsquo;Europe. <\/p>\n\n\n\n<h2 class=\"wp-block-heading\">Un jeune cycliste britannique fait le tour du monde en Himalayen<\/h2>\n\n\n\n<figure class=\"wp-block-image size-large\"><img decoding=\"async\" src=\"https:\/\/roaddirt.tv\/wp-content\/uploads\/2022\/03\/Jack-Groves-world-trek-1024x640.jpeg\" alt=\"Un jeune motard britannique se tient sur un col de haute montagne sur son Royal Enfield Himalayan construit sur mesure, l'utilisant pour tenter de devenir la plus jeune personne \u00e0 faire le tour du monde \u00e0 moto.\" \/><\/figure>\n\n\n\n<p>Ce cycliste britannique, pr\u00e9nomm\u00e9 Jack, est parti de Londres en juillet 2019 \u00e0 l&rsquo;\u00e2ge de 21 ans. Il a travers\u00e9 l&rsquo;Europe, les Balkans et la Turquie, avant de poursuivre sa route vers l&rsquo;Asie centrale. Il a travers\u00e9 la mer Caspienne en ferry, voyag\u00e9 du Turkm\u00e9nistan au Tadjikistan et au Kirghizistan, et m\u00eame s&rsquo;est attaqu\u00e9 \u00e0 la l\u00e9gendaire route du Pamir. Malgr\u00e9 les formalit\u00e9s administratives complexes lors de sa travers\u00e9e de la Chine, il a r\u00e9ussi \u00e0 atteindre l&rsquo;Asie du Sud-Est, notamment le Laos, la Tha\u00eflande et la Malaisie. La seconde moiti\u00e9 de son p\u00e9riple l&rsquo;a \u00e9galement conduit \u00e0 travers le continent australien. Au milieu de l&rsquo;\u00e9t\u00e9, l&rsquo;Australie a \u00e9t\u00e9 frapp\u00e9e par les pires feux de brousse depuis des d\u00e9cennies, et il a travers\u00e9 la chaleur torride des plaines de Nullborough jusqu&rsquo;\u00e0 Sydney. Malgr\u00e9 les conditions difficiles \u2013 le motard a m\u00eame d\u00fb s&rsquo;arroser sous un soleil de plomb \u2013 l&rsquo;Himalayen a continu\u00e9 \u00e0 le suivre. Il a ensuite voyag\u00e9 jusqu&rsquo;en Am\u00e9rique du Sud, o\u00f9 il a pass\u00e9 un mois \u00e0 traverser la Patagonie, puis a voyag\u00e9 vers le nord, de l&rsquo;Argentine \u00e0 la Bolivie, par la c\u00e9l\u00e8bre Route 40 le long des Andes. En mars 2020, \u00e0 son arriv\u00e9e \u00e0 La Paz, en Bolivie, \u00e0 3\u00a0400 m\u00e8tres d&rsquo;altitude, la pand\u00e9mie mondiale a frapp\u00e9 et des rumeurs de fermeture des fronti\u00e8res ont commenc\u00e9 \u00e0 circuler. Il s&rsquo;est rapidement rendu au P\u00e9rou et a atteint Cuzco, l&rsquo;ancienne capitale de l&rsquo;Empire inca, mais un confinement national a \u00e9t\u00e9 d\u00e9cr\u00e9t\u00e9 peu apr\u00e8s, le contraignant \u00e0 rester sur place. Il a endur\u00e9 l&rsquo;\u00e9preuve de l&rsquo;attente \u00e0 Cuzco pendant environ neuf mois, mais il a refus\u00e9 d&rsquo;abandonner et a repris son voyage fin 2020. Avec l&rsquo;aide de l&rsquo;ambassade britannique, il a travers\u00e9 le P\u00e9rou, l&rsquo;\u00c9quateur et la Colombie, traversant l&rsquo;Am\u00e9rique centrale avant de se diriger vers le nord, jusqu&rsquo;au Mexique. En raison des circonstances, il a \u00e9vit\u00e9 l&rsquo;Am\u00e9rique du Nord (les \u00c9tats-Unis) et est d&rsquo;abord retourn\u00e9 en Europe. En 2021, il a retrouv\u00e9 son p\u00e8re et a achev\u00e9 la derni\u00e8re \u00e9tape du voyage, rentrant sain et sauf \u00e0 Londres, achevant ainsi son tour du monde. Ce voyage, en coordonn\u00e9es globales, fait v\u00e9ritablement le tour de la Terre, et l&rsquo;Himalaya l&rsquo;a soutenu tout au long de son d\u00e9fi de deux ans. Heureusement, Jack n&rsquo;a rencontr\u00e9 aucun probl\u00e8me m\u00e9canique grave avec son Himalayan durant son p\u00e9riple \u00e9pique. L&rsquo;Himalayan qu&rsquo;il avait achet\u00e9 d&rsquo;occasion avant de partir \u00e9tait m\u00e9ticuleusement \u00e9quip\u00e9 et bien entretenu pour le long voyage. Avant de partir, il a eu un accident \u00e9trange\u00a0: il a \u00e9t\u00e9 projet\u00e9 en avant alors qu&rsquo;il tenait encore la roue (la roue avant s&rsquo;est soulev\u00e9e du sol et il s&rsquo;est retourn\u00e9 \u00e0 Douvres, en Angleterre, juste avant le d\u00e9part). Cependant, il s&rsquo;en est sorti avec seulement des blessures l\u00e9g\u00e8res, a redress\u00e9 la moto et a poursuivi son voyage. Bien que la distance totale parcourue n&rsquo;ait pas \u00e9t\u00e9 rendue publique, le parcours a travers\u00e9 les six continents, \u00e0 l&rsquo;exception de l&rsquo;Afrique et de l&rsquo;Am\u00e9rique du Nord, prouvant que l&rsquo;Himalayan est \u00e0 la hauteur d&rsquo;une course d&rsquo;endurance autour du monde. <\/p>\n\n\n\n<h2 class=\"wp-block-heading\">Des aventuriers vietnamiens parlent de l&rsquo;attrait de l&rsquo;Himalayan<\/h2>\n\n\n\n<figure class=\"wp-block-image size-large\"><img decoding=\"async\" src=\"https:\/\/onyabikeadventures.com\/wp-content\/uploads\/2019\/10\/motorcycle-tour-team-riders-winding-road-sunny-day-vietnam-scaled.jpg.webp\" alt=\"Un groupe de motards sillonnant les routes montagneuses du Vietnam au guidon de Royal Enfield Himalaya. M\u00eame les pilotes exp\u00e9riment\u00e9s qui travaillent comme guides touristiques l\u00e0-bas vantent le confort et les capacit\u00e9s tout-terrain de la moto.\" \/><\/figure>\n\n\n\n<p>L&rsquo;Himalayan est \u00e9galement populaire en Asie du Sud-Est, le consid\u00e9rant comme le \u00ab\u00a0compagnon id\u00e9al\u00a0\u00bb. Stewart, qui dirige une agence de voyages \u00e0 Phong Nha, au centre du Vietnam, a vu l&rsquo;Himalayan apr\u00e8s sa sortie et en a imm\u00e9diatement achet\u00e9 un, affirmant qu&rsquo;il \u00e9tait \u00ab\u00a0parfait pour mes besoins\u00a0\u00bb. Il a parcouru plus de 4\u00a0000\u00a0km \u00e0 bord de l&rsquo;Himalayan \u00e0 ce jour et affirme qu&rsquo;il \u00ab\u00a0se faufile sur toutes les routes sans probl\u00e8me\u00a0\u00bb, y compris les chemins forestiers non goudronn\u00e9s et les pistes de terre de la jungle. Il a entendu dire que la selle \u00e9tait \u00ab trop molle \u00bb, mais il explique que, vu sa maigreur et le manque d&rsquo;amorti, il trouve cette souplesse \u00ab parfaite \u00bb. Alors qu&rsquo;il a souvent du mal avec les selles dures comme du contreplaqu\u00e9 sur d&rsquo;autres v\u00e9los \u00e0 usage mixte, l&rsquo;Himalayan est si confortable qu&rsquo;il \u00ab pourrait rouler toute la journ\u00e9e \u00bb, le qualifiant en plaisantant de \u00ab sauveur pour mes fesses \u00bb. Il fait \u00e9galement confiance \u00e0 la maniabilit\u00e9 neutre de l&rsquo;Himalayan, affirmant qu&rsquo;il suit sa trajectoire avec pr\u00e9cision sur les chemins goudronn\u00e9s comme sur les chemins de terre, et qu&rsquo;il tourne avec stabilit\u00e9, collant au sol. \u00ab Il n&rsquo;est pas trop lourd et le v\u00e9lo se d\u00e9place exactement comme je le souhaite. Je n&rsquo;ai aucun souci en tout-terrain non plus \u00bb, dit-il, trouvant l&rsquo;Himalayan le partenaire id\u00e9al pour profiter des routes panoramiques du Vietnam (comme la piste H\u00f4-Chi-Minh). <\/p>\n\n\n\n<p>Donovan (surnomm\u00e9 Hawkmoon), guide touristique et instructeur au Vietnam, a \u00e9galement choisi l&rsquo;Himalayan parmi de nombreux autres v\u00e9los. \u00ab J&rsquo;ai saut\u00e9 le pas et achet\u00e9 l&rsquo;Himalayan il y a quatre mois, et je ne l&rsquo;ai jamais regrett\u00e9. C&rsquo;est le v\u00e9lo parfait pour rouler au Vietnam \u00bb, d\u00e9clare-t-il. Il explique avoir trouv\u00e9 ce v\u00e9lo car il cherchait un v\u00e9lo performant dans toutes les r\u00e9gions du pays. Si les conditions routi\u00e8res changent rapidement, m\u00eame sur de courts trajets au Vietnam, il approuve l&rsquo;Himalayan\u00a0: \u00ab\u00a0Il est confortable pour les longues randonn\u00e9es et les sections tout-terrain, et il s&rsquo;adapte parfaitement \u00e0 tous les types de rev\u00eatements.\u00a0\u00bb Il est \u00e9galement impressionn\u00e9 par sa praticit\u00e9 en tant que v\u00e9lo de randonn\u00e9e. Il est \u00e9quip\u00e9 d&rsquo;un cadre cargo standard qui s\u00e9curise les bagages \u00e0 l&rsquo;avant et \u00e0 l&rsquo;arri\u00e8re, et il a m\u00eame install\u00e9 des porte-bagages lat\u00e9raux suppl\u00e9mentaires et des sacoches \u00e9tanches. Il lui a suffi de remplacer les phares par des lampes au x\u00e9non, trop faibles. Aucune autre modification n&rsquo;a \u00e9t\u00e9 n\u00e9cessaire et il est ravi du v\u00e9lo\u00a0: \u00ab\u00a0J&rsquo;adore son look et son son.\u00a0\u00bb <\/p>\n\n\n\n<h2 class=\"wp-block-heading\"> Valeurs d\u00e9couvertes par un v\u00e9t\u00e9ran en Australie \ud83c\udc5e\n\n\n\n<p> David, un v\u00e9t\u00e9ran australien, pratiquait le v\u00e9lo de route depuis de nombreuses ann\u00e9es, mais lorsque les voyages d&rsquo;aventure sont devenus populaires aupr\u00e8s de ses amis, il a eu envie d&rsquo;un v\u00e9lo d&rsquo;aventure. Cependant, les grands mod\u00e8les grand public ont g\u00e9n\u00e9ralement une hauteur de selle \u00e9lev\u00e9e et sont lourds, ce qui a contrari\u00e9 son inconfort de longue date. \u00c0 cette \u00e9poque, il eut l&rsquo;occasion de piloter plusieurs Royal Enfield, et son exp\u00e9rience de voyage au Rajasthan (Inde) sur une Bullet 500 cm\u00b3 \u00e9veilla son int\u00e9r\u00eat pour le nouveau mod\u00e8le de la marque, l&rsquo;Himalayan. Apr\u00e8s des recherches approfondies, il apprit qu&rsquo;un magazine moto australien local effectuait un essai longue dur\u00e9e de l&rsquo;Himalayan et d\u00e9cida d&rsquo;en acheter une apr\u00e8s l&rsquo;essai. Malgr\u00e9 son faible kilom\u00e9trage, l&rsquo;Himalayan d&rsquo;occasion qu&rsquo;il acquit avait \u00e9t\u00e9 enti\u00e8rement personnalis\u00e9e pour un usage pratique. Elle comportait de nombreuses modifications pratiques, notamment des pneus tout-terrain de haute qualit\u00e9, des prot\u00e8ge-mains, une prise DIN suppl\u00e9mentaire, une sacoche de r\u00e9servoir, des sacoches lat\u00e9rales et des clignotants \u00e0 LED. Les seules modifications suppl\u00e9mentaires qu&rsquo;il apporta apr\u00e8s l&rsquo;achat furent une housse de selle en laine, la remise en place de la b\u00e9quille lat\u00e9rale, qui s&rsquo;\u00e9tait d\u00e9tach\u00e9e et mena\u00e7ait de tomber pendant la conduite, et le remplacement de la bobine du stator (alternateur), qui avait grill\u00e9 et ne produisait plus d&rsquo;\u00e9lectricit\u00e9. Apparemment, ce grillage de la bobine du stator \u00e9tait un probl\u00e8me occasionnel sur les premiers mod\u00e8les Himalayan. Cependant, un remplacement correct des pi\u00e8ces a permis d&rsquo;\u00e9viter tout probl\u00e8me grave, et il n&rsquo;y a eu aucun autre souci majeur avec le moteur ou l&#8217;embrayage.\n\nDavid affirme que beaucoup de ses amis conduisent des mod\u00e8les d&rsquo;aventure hautes performances comme des BMW et des Triumph. Cependant, il est bien conscient de la puissance modeste de l&rsquo;Himalayan et s&rsquo;amuse\u00a0: \u00ab\u00a0Sur l&rsquo;autoroute, je laisse passer mes amis.\u00a0\u00bb L&rsquo;Himalayan est plus \u00e0 l&rsquo;aise \u00e0 une vitesse de croisi\u00e8re d&rsquo;environ 80-90\u00a0km\/h, et n&rsquo;est pas tr\u00e8s performant \u00e0 vitesse sup\u00e9rieure. Cela signifie qu&rsquo;il se retrouve in\u00e9vitablement derri\u00e8re les v\u00e9hicules plus gros sur les longues lignes droites. Cependant, il affirme avec assurance\u00a0: \u00ab\u00a0Si je pr\u00e9f\u00e8re la terre, c&rsquo;est moi qui rirai le dernier.\u00a0\u00bb Alors que les poids lourds peinent sur les terrains accident\u00e9s, il peut les rattraper avec son agilit\u00e9. Concernant son exp\u00e9rience avec l&rsquo;Himalayan, il confie avec satisfaction\u00a0: \u00ab\u00a0La vie sur une moto d&rsquo;aventure de 411\u00a0cm\u00b3 est merveilleuse.\u00a0\u00bb Sa petite cylindr\u00e9e lui permet de rouler partout avec de l&rsquo;essence ordinaire, et sa capacit\u00e9 de charge est g\u00e9n\u00e9reuse. De plus, sa facilit\u00e9 d&rsquo;utilisation, m\u00eame sur les routes les plus accident\u00e9es, procure une sensation de libert\u00e9 suppl\u00e9mentaire lors des voyages. Il partage son r\u00eave de faire un jour le tour de l&rsquo;Australie en Himalayen\u00a0: \u00ab\u00a0Je veux prouver que ce v\u00e9lo est aussi possible.\u00a0\u00bb\n\n\n\n\n\nConclusion\u00a0: Un compagnon id\u00e9al pour ceux qui souhaitent vivre un grand voyage.\n\n\n\n\n\nLes t\u00e9moignages de cyclistes ayant parcouru le monde en Himalayen t\u00e9moignent de la \u00ab\u00a0fiabilit\u00e9 et de la familiarit\u00e9 \u00e0 toute \u00e9preuve\u00a0\u00bb de ce v\u00e9lo. Bien qu&rsquo;il ne soit pas con\u00e7u pour les longues distances \u00e0 grande vitesse, sa structure simple et robuste et ses m\u00e9canismes faciles \u00e0 r\u00e9parer, m\u00eame en cas de probl\u00e8me, offrent une grande tranquillit\u00e9 d&rsquo;esprit aux voyageurs solitaires explorant des territoires inexplor\u00e9s. Noralie a parcouru pr\u00e8s de 40\u00a0000 km sans probl\u00e8me majeur, m\u00eame sur les terrains les plus accident\u00e9s, et a assur\u00e9 l&rsquo;entretien n\u00e9cessaire, soit seule, soit en faisant appel \u00e0 des r\u00e9parateurs locaux. De nombreux motards soulignent \u00e9galement sa maniabilit\u00e9 et son confort, essentiels \u00e0 un voyage r\u00e9ussi. La selle, qui r\u00e9duit la fatigue m\u00eame sur les longues distances, le couple moteur \u00e0 moyen et bas r\u00e9gime, et son poids l\u00e9ger d&rsquo;environ 191 kg par rapport aux motos d&rsquo;aventure plus imposantes, offrent au pilote une tranquillit\u00e9 d&rsquo;esprit sur route comme sur terrain. Si l&rsquo;Himalayan n&rsquo;est pas particuli\u00e8rement puissant, sa puissance brute permet de rouler \u00e0 un rythme tranquille, ce qui laisse plus de temps pour profiter du paysage et des rencontres. Surtout, comme le symbolisent les mots de Noralie\u00a0: \u00ab\u00a0Ce v\u00e9lo est suffisant, et c&rsquo;est lui qui me donne envie de partir en voyage\u00a0\u00bb, l&rsquo;Himalayan est un v\u00e9lo qui transmet le plaisir de parcourir le monde d&rsquo;une mani\u00e8re diff\u00e9rente des machines on\u00e9reuses et modernes. Pour les cavaliers qui aspirent \u00e0 de grands voyages, l\u2019attrait sinc\u00e8re de l\u2019Himalaya est aussi riche et profond que le voyage lui-m\u00eame. <\/p>\n\n\n\n<p><strong>R\u00e9f\u00e9rences\u00a0: <\/strong> Histoires de motards himalayens \u00e0 travers le monde<\/p>\n\n\n\n<ul class=\"wp-block-list\">\n<li><a href=\"https:\/\/onyabikeadventures.com\/four-adventure-bikers-share-their-experience-of-life-with-a-royal-enfield-himalayan#:~:text=%E2%80%98Over%20the%20course%20of%20my,to%20replace%2C%E2%80%99%20she%20says%20proudly\" target=\"_blank\" rel=\"noreferrer noopener\">Quatre motards aventuriers partagent leur exp\u00e9rience de la vie avec une Royal Enfield Himalayan<\/a><\/li>\n\n\n\n<li><a href=\"https:\/\/www.itchyboots.com\/blog\/motorcycle-stories-blog\/on-the-odo-20000-km-welcome-to-the-jungle\" target=\"_blank\" rel=\"noreferrer noopener\">\u00c0 propos de l&rsquo;ODO\u00a0: 20\u00a0000\u00a0km &#8211; Quand la Terre s&rsquo;est arr\u00eat\u00e9e de tourner<\/a><\/li>\n\n\n\n<li><a href=\"https:\/\/roaddirt.tv\/circling-the-globe-on-a-royal-enfield-himalayan\">Le tour du monde en Royal Enfield Himalayan<\/a><\/li>\n<\/ul>\n\n\n\nBas\u00e9 sur<p>et informations connexes<\/p>\n","protected":false},"excerpt":{"rendered":"<p>R\u00e9cemment, Good Loop a re\u00e7u une consultation. Il s&rsquo;agissait d&rsquo;un motard qui avait voyag\u00e9 d&rsquo;Europe au Japon sur une Royal Enfield, l&rsquo;Himalayan, et qui souhaitait exporter sa moto ador\u00e9e dans sa ville natale. En voyant de mes propres yeux la moto qui avait accompli le Grand Voyage (un long p\u00e9riple transcontinental), j&rsquo;ai \u00e9t\u00e9 sinc\u00e8rement stup\u00e9fait, [&hellip;]<\/p>\n","protected":false},"author":1,"featured_media":787,"parent":777,"menu_order":0,"comment_status":"closed","ping_status":"closed","template":"","meta":{"footnotes":""},"class_list":["post-784","page","type-page","status-publish","has-post-thumbnail","hentry"],"_links":{"self":[{"href":"https:\/\/good-loop.co.jp\/fr\/wp-json\/wp\/v2\/pages\/784","targetHints":{"allow":["GET"]}}],"collection":[{"href":"https:\/\/good-loop.co.jp\/fr\/wp-json\/wp\/v2\/pages"}],"about":[{"href":"https:\/\/good-loop.co.jp\/fr\/wp-json\/wp\/v2\/types\/page"}],"author":[{"embeddable":true,"href":"https:\/\/good-loop.co.jp\/fr\/wp-json\/wp\/v2\/users\/1"}],"replies":[{"embeddable":true,"href":"https:\/\/good-loop.co.jp\/fr\/wp-json\/wp\/v2\/comments?post=784"}],"version-history":[{"count":0,"href":"https:\/\/good-loop.co.jp\/fr\/wp-json\/wp\/v2\/pages\/784\/revisions"}],"up":[{"embeddable":true,"href":"https:\/\/good-loop.co.jp\/fr\/wp-json\/wp\/v2\/pages\/777"}],"wp:featuredmedia":[{"embeddable":true,"href":"https:\/\/good-loop.co.jp\/fr\/wp-json\/wp\/v2\/media\/787"}],"wp:attachment":[{"href":"https:\/\/good-loop.co.jp\/fr\/wp-json\/wp\/v2\/media?parent=784"}],"curies":[{"name":"wp","href":"https:\/\/api.w.org\/{rel}","templated":true}]}}