{"id":797,"date":"2025-08-24T12:31:23","date_gmt":"2025-08-24T03:31:23","guid":{"rendered":"https:\/\/good-loop.co.jp\/?page_id=797"},"modified":"2025-08-24T12:31:23","modified_gmt":"2025-08-24T03:31:23","slug":"nissan-heritage-premium","status":"publish","type":"page","link":"https:\/\/good-loop.co.jp\/fr\/logiciel\/nissan-heritage-premium\/","title":{"rendered":"Avis de r\u00e9servation pour la collection Nissan Heritage Plan Premium"},"content":{"rendered":"\n<h2 class=\"wp-block-heading\">Aper\u00e7u du service<\/h2>\n\n\n\n<p>Ce service surveille le site de r\u00e9servation pour la visite de la Nissan Heritage Collection et informe les utilisateurs de toute modification des cr\u00e9neaux horaires. Les membres payants recevront un e-mail en avance, suivi d&rsquo;une publication sur X (anciennement Twitter). L&rsquo;objectif est de r\u00e9duire le temps de consultation du site et de garantir une r\u00e9servation r\u00e9ussie. <\/p>\n\n\n\n<p><a href=\"https:\/\/x.com\/GoodLoop_Nissan\" data-type=\"link\" data-id=\"https:\/\/x.com\/GoodLoop_Nissan\" target=\"_blank\" rel=\"noreferrer noopener\"> Notification de r\u00e9servation pour la Collection Nissan Heritage par Good Loop<\/a><\/p>\n\n\n\n<hr class=\"wp-block-separator has-alpha-channel-opacity\" \/>\n\n\n\n<h2 class=\"wp-block-heading\">Contexte du lancement des forfaits payants<\/h2>\n\n\n\n<p>Nous lan\u00e7ons des forfaits payants afin d&rsquo;assurer la p\u00e9rennit\u00e9 de notre service. Bien que de nombreux utilisateurs aient utilis\u00e9 notre service depuis son lancement \u00e0 l&rsquo;automne 2024, nous n&rsquo;avons continu\u00e9 \u00e0 d\u00e9pendre que d&rsquo;un petit nombre de donateurs pour soutenir nos op\u00e9rations. En r\u00e9partissant plus largement la charge op\u00e9rationnelle, nous progresserons vers un syst\u00e8me plus \u00e9quitable et plus durable. L&rsquo;\u00e9cart entre les avantages et les charges est un probl\u00e8me courant pour de nombreux services non r\u00e9mun\u00e9r\u00e9s. En continuant \u00e0 offrir un plan gratuit, nous visons \u00e0 construire une relation \u00e9quitable qui refl\u00e8te la valeur de nos services. <\/p>\n\n\n\n<hr class=\"wp-block-separator has-alpha-channel-opacity\" \/>\n\n\n\n<h2 class=\"wp-block-heading\">Offres et tarifs<\/h2>\n\n\n\n<figure class=\"wp-block-table\"><table class=\"has-fixed-layout\"><thead><tr><th class=\"has-text-align-center\" data-align=\"center\">Offre<\/th><th class=\"has-text-align-center\" data-align=\"center\">Prix (taxes incluses)<\/th><th>D\u00e9lai de notification<\/th><\/tr><\/thead><tbody><tr><td class=\"has-text-align-center\" data-align=\"center\">Premium 60 minutes \u00e0 l&rsquo;avance<\/td><td class=\"has-text-align-center\" data-align=\"center\">3\u00a0000 \u00a5\/mois<\/td><td>Environ 60 minutes plus rapide que l&rsquo;offre gratuite (notification quasi instantan\u00e9e apr\u00e8s d\u00e9tection d&rsquo;une mise \u00e0 jour) *Remarque<\/td><\/tr><tr><td class=\"has-text-align-center\" data-align=\"center\">Premium 30 minutes Avance <\/td><td class=\"has-text-align-center\" data-align=\"center\">1\u00a0000\u00a0\u00a5\/mois<\/td><td>Environ 30 minutes plus rapide que l&rsquo;offre gratuite<br> (notification 30 minutes apr\u00e8s la d\u00e9tection de la mise \u00e0 jour)<\/td><\/tr><tr><td class=\"has-text-align-center\" data-align=\"center\">Offre gratuite<\/td><td class=\"has-text-align-center\" data-align=\"center\">\u00a50<\/td><td>Publications via X environ 60 minutes apr\u00e8s la d\u00e9tection de la mise \u00e0 jour<\/td><\/tr><\/tbody><\/table><\/figure>\n\n\n\n<p>Par exemple, si un cr\u00e9neau de r\u00e9servation est mis \u00e0 jour \u00e0 9 h, les abonn\u00e9s ayant souscrit \u00e0 l&rsquo;offre \u00ab\u00a0Premium 60 minutes d&rsquo;avance\u00a0\u00bb seront notifi\u00e9s vers 9 h, ceux ayant souscrit \u00e0 l&rsquo;offre \u00ab\u00a0Premium 30 minutes d&rsquo;avance\u00a0\u00bb vers 9 h 30, et ceux ayant souscrit \u00e0 l&rsquo;offre \u00ab\u00a0Offre gratuite\u00a0\u00bb recevront une notification via X vers 10 h. Aucune inscription n&rsquo;est requise pour l&rsquo;offre gratuite\u00a0; Il suffit de suivre d&rsquo;un X. Cependant, la concurrence est rude et les cr\u00e9neaux de r\u00e9servation sont g\u00e9n\u00e9ralement complets en 30 minutes. <br>\u203bEn cas de demandes prioritaires, les notifications seront retard\u00e9es de quelques minutes, car elles seront trait\u00e9es apr\u00e8s leur traitement.<\/p>\n\n\n\n<hr class=\"wp-block-separator has-alpha-channel-opacity\" \/>\n\n\n\n<h2 class=\"wp-block-heading\">Postuler<\/h2>\n\n\n\n<p>Si vous souhaitez souscrire \u00e0 l&rsquo;offre Premium, veuillez postuler ci-dessous. <\/p>\n\n\n\n<ul class=\"wp-block-list\">\n<li><a href=\"https:\/\/buy.stripe.com\/8x2aEW1T09Cv3KzdW94F204\" data-type=\"link\" data-id=\"https:\/\/buy.stripe.com\/fZueVc2X42a35SH3hv4F202\" target=\"_blank\" rel=\"noreferrer noopener\"><strong> Avance Premium 60 minutes<\/strong> (3\u00a0000 \u00a5\/mois)<\/a><\/li>\n\n\n\n<li><a href=\"https:\/\/buy.stripe.com\/dRmbJ0cxEdSLdl9bO14F205\" target=\"_blank\" rel=\"noreferrer noopener\"><strong> Avance Premium 30 minutes<\/strong> (1\u00a0000 \u00a5\/mois)<\/a><\/li>\n<\/ul>\n\n\n\n<p><strong> Paiement<\/strong>\u00a0: Nous utilisons le service s\u00e9curis\u00e9 <a href=\"https:\/\/stripe.com\/\" data-type=\"link\" data-id=\"https:\/\/stripe.com\/\" target=\"_blank\" rel=\"noreferrer noopener\">Stripe<\/a> pour les paiements par carte bancaire. <br> Veuillez nous contacter si vous souhaitez payer par virement bancaire. <br><strong>E-mail de notification<\/strong>\u00a0: <br> Les notifications seront envoy\u00e9es \u00e0 l&rsquo;adresse e-mail enregistr\u00e9e aupr\u00e8s de Stripe. Veuillez autoriser les domaines suivants\u00a0: <br><code>@stripe.com<\/code>, <code>@mg.good-loop.co.jp<\/code>. <\/p>\n\n\n\n<p> Les donateurs ayant soutenu notre service jusqu&rsquo;\u00e0 pr\u00e9sent b\u00e9n\u00e9ficieront d&rsquo;un abonnement premium gratuit. <\/p>\n\n\n\n<h3 class=\"wp-block-heading\">Cycle de facturation<\/h3>\n\n\n\n<ul class=\"wp-block-list\">\n<li><strong>P\u00e9riode de validit\u00e9<\/strong>\u00a0: La p\u00e9riode de validit\u00e9 expire la veille du premier jour du mois suivant la date d&rsquo;achat. Cependant, en l&rsquo;absence de date correspondante le mois suivant, l&rsquo;abonnement expirera le dernier jour de ce mois. Exemple\u00a0: Souscrit le 1er\u00a0janvier, il sera valable jusqu&rsquo;au 31\u00a0janvier. Souscrit le 31\u00a0octobre, il sera valable jusqu&rsquo;au 30\u00a0novembre.\n\nRenouvellement automatique\u00a0: Non (appliqu\u00e9 chaque mois \u00e0 partir du mois suivant).\n\nR\u00e9siliation\u00a0: Si vous ne souscrivez pas l&rsquo;abonnement du mois suivant, les notifications premium cesseront \u00e0 l&rsquo;expiration de la p\u00e9riode de validit\u00e9. Aucune proc\u00e9dure de r\u00e9siliation particuli\u00e8re n&rsquo;est requise. <\/li>\n\n\n\n<li><strong>Modes de paiement<\/strong>\u00a0: Stripe<\/a> (carte bancaire\/paiement en magasin), virement bancaire<\/li>\n\n\n\n<li><strong>Concernant les frais de service du mois d&rsquo;ouverture\u00a0: <\/strong>Il n&rsquo;y aura aucune diff\u00e9rence entre les frais de service du mois d&rsquo;ouverture et le montant factur\u00e9 pour les mois suivants. Aucun frais suppl\u00e9mentaire, tel que des frais d&rsquo;adh\u00e9sion, ne sera appliqu\u00e9. <\/li>\n<\/ul>\n\n\n\n<h3 class=\"wp-block-heading\">Politique de remboursement<\/h3>\n\n\n\n<ul class=\"wp-block-list\">\n<li>En raison de la nature du service, aucun remboursement n&rsquo;est accept\u00e9. <\/li>\n\n\n\n<li>Aucun remboursement n&rsquo;est possible en cas d&rsquo;annulation ou de r\u00e9siliation \u00e0 mi-parcours apr\u00e8s paiement. <\/li>\n\n\n\n<li>Les remboursements sont possibles en cas de probl\u00e8mes caus\u00e9s par notre entreprise, tels que des paiements en double ou des factures incorrectes, ou en cas de pannes de service ou de perturbations majeures d&rsquo;une semaine ou plus. <\/li>\n<\/ul>\n\n\n\n<h3 class=\"wp-block-heading\">\u00c0 propos de la Garantie de R\u00e9ussite<\/h3>\n\n\n\n<ul class=\"wp-block-list\">\n<li>Ce service ne garantit pas une r\u00e9servation r\u00e9ussie. En raison de la forte concurrence pour les cr\u00e9neaux de r\u00e9servation, m\u00eame si vous r\u00e9pondez imm\u00e9diatement apr\u00e8s avoir re\u00e7u une notification, vous pourriez ne pas pouvoir effectuer de r\u00e9servation. <\/li>\n<\/ul>\n\n\n\n<h3 class=\"wp-block-heading\">\u00c0 propos des r\u00e9servations par proxy effectu\u00e9es par l&rsquo;op\u00e9rateur<\/h3>\n\n\n\n<ul class=\"wp-block-list\">\n<li>Lorsque l&rsquo;op\u00e9rateur effectue une r\u00e9servation en votre nom, l&rsquo;envoi de la notification premium peut \u00eatre retard\u00e9 de quelques minutes<\/strong>. M\u00eame dans ce cas, nous nous efforcerons de l&rsquo;envoyer le plus rapidement possible. <\/li>\n\n\n\n<li>Les r\u00e9servations par proxy sont un service sp\u00e9cialement con\u00e7u pour les voyageurs internationaux ne parlant pas couramment le japonais<strong>. Veuillez nous contacter si vous souhaitez utiliser ce service. <\/li>\n<\/ul>\n\n\n\n<hr class=\"wp-block-separator has-alpha-channel-opacity\" \/>\n\n\n\n<h2 class=\"wp-block-heading\">Foire aux questions (FAQ)<\/h2>\n\n\n\n<h3 class=\"wp-block-heading\">Q. J&rsquo;ai re\u00e7u une notification, mais la r\u00e9servation est d\u00e9j\u00e0 compl\u00e8te. <\/h3>\n\n\n\n<p>R. Selon la rapidit\u00e9 avec laquelle les autres utilisateurs effectuent des r\u00e9servations ou des mises \u00e0 jour depuis l&rsquo;\u00e9tablissement, la r\u00e9servation peut d\u00e9j\u00e0 \u00eatre compl\u00e8te au moment de la notification. Une notification pr\u00e9coce pr\u00e9sente des avantages, mais ne garantit pas une r\u00e9servation. <\/p>\n\n\n\n<h3 class=\"wp-block-heading\">Q. Je n&rsquo;ai pas re\u00e7u d&rsquo;e-mail. <\/h3>\n\n\n\n<p>A. Veuillez v\u00e9rifier vos spams et vos promotions et autoriser les e-mails provenant du domaine <code>@mg.good-loop.co.jp<\/code>. Les filtres de messagerie peuvent entra\u00eener des retards. <\/p>\n\n\n\n<h3 class=\"wp-block-heading\">Q. D&rsquo;autres \u00e9tablissements sont-ils \u00e9ligibles\u00a0? <\/h3>\n\n\n\n<p>A. Ce service est actuellement r\u00e9serv\u00e9 \u00e0 la collection Nissan Heritage. N&rsquo;h\u00e9sitez pas \u00e0 nous contacter si des \u00e9tablissements souhaitent en b\u00e9n\u00e9ficier. <\/p>\n\n\n\n<h3 class=\"wp-block-heading\">Q. L&rsquo;offre gratuite vaut-elle le coup\u00a0? <\/h3>\n\n\n\n<p>R. Oui. Les utilisateurs de la version gratuite peuvent recevoir des notifications de mise \u00e0 jour des cr\u00e9neaux de r\u00e9servation 60\u00a0minutes plus tard. <br>Cependant, la concurrence est rude et les cr\u00e9neaux sont souvent remplis en 30\u00a0minutes. <\/p>\n\n\n\n<h3 class=\"wp-block-heading\">Q. Pourquoi \u00eates-vous pass\u00e9 d&rsquo;un mod\u00e8le de don \u00e0 un mod\u00e8le payant\u00a0? <\/h3>\n\n\n\n<p>R. Les dons \u00e9tant bas\u00e9s sur la bonne volont\u00e9, il y avait un biais en faveur de ceux qui nous soutenaient. En introduisant un forfait payant, nous avons renforc\u00e9 l&rsquo;\u00e9quit\u00e9 et adopt\u00e9 un syst\u00e8me permettant un service stable et continu. <\/p>\n\n\n\n<h3 class=\"wp-block-heading\">Q. Des remboursements sont-ils possibles en cas de panne de service\u00a0? <\/h3>\n\n\n\n<p>R. Oui. Nous proposons des remboursements en cas de panne de service d&rsquo;une semaine ou plus, ou de panne majeure. Utilisez le service en toute s\u00e9r\u00e9nit\u00e9. <\/p>\n\n\n\n<h3 class=\"wp-block-heading\">Q. Les notifications sont-elles retard\u00e9es\u00a0? <\/h3>\n\n\n\n<p>R. Oui. Lorsque vous r\u00e9servez pour le compte d&rsquo;un voyageur, les notifications premium peuvent \u00eatre retard\u00e9es de quelques minutes, contrairement au traitement automatis\u00e9 du syst\u00e8me. De plus, le traitement automatique du syst\u00e8me peut \u00eatre retard\u00e9 en raison de facteurs impr\u00e9vus. <\/p>\n\n\n\n<p>Vous pouvez obtenir des informations m\u00eame avec l&rsquo;offre gratuite\u00a0; n&rsquo;h\u00e9sitez donc pas \u00e0 suivre X. <\/p>\n\n\n\n<hr class=\"wp-block-separator has-alpha-channel-opacity\" \/>\n\n\n\n<h2 class=\"wp-block-heading\">Conditions d&rsquo;utilisation<\/h2>\n\n\n\n<ol class=\"wp-block-list\">\n<li><strong>D\u00e9tails du service<\/strong>\u00a0: Ce service d\u00e9tecte et vous informe des modifications de cr\u00e9neaux de r\u00e9servation pour la visite de la Nissan Heritage Collection. Cependant, il s&rsquo;agit d&rsquo;un service de premier ordre dont la fiabilit\u00e9 n&rsquo;est pas garantie. <\/li>\n\n\n\n<li><strong>Tarifs et facturation<\/strong>\u00a0: Les frais et la facturation sont mensuels et ne sont pas renouvelables automatiquement. <\/li>\n\n\n\n<li><strong>Politique de remboursement<\/strong>\u00a0: Les remboursements ne sont g\u00e9n\u00e9ralement pas possibles. Ils ne sont accord\u00e9s qu&rsquo;en cas d&rsquo;erreur de facturation, de suspension d&rsquo;une semaine ou plus, ou de dysfonctionnement grave caus\u00e9 par notre entreprise. <\/li>\n\n\n\n<li><strong>Activit\u00e9s interdites<\/strong>\u00a0: Il est interdit aux utilisateurs de revendre ou de redistribuer les informations de notification, d&rsquo;y acc\u00e9der sans autorisation ou de perturber le fonctionnement. <\/li>\n\n\n\n<li><strong>Avertissement<\/strong>\u00a0: Nous ne sommes pas responsables des notifications retard\u00e9es ou non d\u00e9livr\u00e9es, des r\u00e9servations \u00e9chou\u00e9es, etc. <\/li>\n\n\n\n<li><strong>Informations personnelles<\/strong>\u00a0: Vos informations personnelles seront utilis\u00e9es uniquement dans la mesure n\u00e9cessaire au traitement des notifications et des paiements et seront g\u00e9r\u00e9es par Stripe. <\/li>\n<\/ol>\n\n\n\n<hr class=\"wp-block-separator has-alpha-channel-opacity\" \/>\n\n\n\n<h2 class=\"wp-block-heading\">Contactez-nous ici<\/h2>\n\n\n\n<div class=\"wp-block-buttons is-layout-flex wp-block-buttons-is-layout-flex\">\n<div class=\"wp-block-button\"><a class=\"wp-block-button__link has-small-font-size has-custom-font-size wp-element-button\" href=\"https:\/\/docs.google.com\/forms\/d\/1JATPpeGfRXaemIpjUO1PbKltxmmkNDiiO8owNQoPJU4\/\" target=\"_blank\" rel=\"noreferrer noopener\">\nContactez-nous <\/a><\/div>\n<\/div>\n","protected":false},"excerpt":{"rendered":"<p>Aper\u00e7u du service Ce service surveille le site de r\u00e9servation pour la visite de la Nissan Heritage Collection et informe les utilisateurs de toute modification des cr\u00e9neaux horaires. Les membres payants recevront un e-mail en avance, suivi d&rsquo;une publication sur X (anciennement Twitter). L&rsquo;objectif est de r\u00e9duire le temps de consultation du site et de [&hellip;]<\/p>\n","protected":false},"author":1,"featured_media":677,"parent":504,"menu_order":0,"comment_status":"closed","ping_status":"closed","template":"","meta":{"footnotes":""},"class_list":["post-797","page","type-page","status-publish","has-post-thumbnail","hentry"],"_links":{"self":[{"href":"https:\/\/good-loop.co.jp\/fr\/wp-json\/wp\/v2\/pages\/797","targetHints":{"allow":["GET"]}}],"collection":[{"href":"https:\/\/good-loop.co.jp\/fr\/wp-json\/wp\/v2\/pages"}],"about":[{"href":"https:\/\/good-loop.co.jp\/fr\/wp-json\/wp\/v2\/types\/page"}],"author":[{"embeddable":true,"href":"https:\/\/good-loop.co.jp\/fr\/wp-json\/wp\/v2\/users\/1"}],"replies":[{"embeddable":true,"href":"https:\/\/good-loop.co.jp\/fr\/wp-json\/wp\/v2\/comments?post=797"}],"version-history":[{"count":0,"href":"https:\/\/good-loop.co.jp\/fr\/wp-json\/wp\/v2\/pages\/797\/revisions"}],"up":[{"embeddable":true,"href":"https:\/\/good-loop.co.jp\/fr\/wp-json\/wp\/v2\/pages\/504"}],"wp:featuredmedia":[{"embeddable":true,"href":"https:\/\/good-loop.co.jp\/fr\/wp-json\/wp\/v2\/media\/677"}],"wp:attachment":[{"href":"https:\/\/good-loop.co.jp\/fr\/wp-json\/wp\/v2\/media?parent=797"}],"curies":[{"name":"wp","href":"https:\/\/api.w.org\/{rel}","templated":true}]}}